{"id":11175,"date":"2022-01-19T12:54:19","date_gmt":"2022-01-19T11:54:19","guid":{"rendered":"https:\/\/new.tiketi.com\/parcel-delivery-ghana-express-courier-shipping-services\/"},"modified":"2022-02-18T22:56:16","modified_gmt":"2022-02-18T21:56:16","slug":"express-courier-parcel-delivery-ghana","status":"publish","type":"page","link":"https:\/\/tiketi.com\/fr-fr\/express-courier-parcel-delivery-ghana\/","title":{"rendered":"Services de messagerie au Ghana - Services d&#039;exp\u00e9dition de colis express"},"content":{"rendered":"<h2>Services de livraison de colis bon march\u00e9 au Ghana R\u00e9servation en ligne - Services de livraison express, de messagerie et d&#039;exp\u00e9dition<\/h2>\n<h3>Comparez et r\u00e9servez les services de messagerie les moins chers au Ghana\u00a0<a href=\"https:\/\/tiketi.com\/fr-fr\/contact-us\/\" target=\"_blank\" rel=\"noopener\">&gt;&gt;<\/a><\/h3>\n<p>Services de messagerie bon march\u00e9 au Ghana, r\u00e9servation en ligne simplifi\u00e9e. Maintenant, quelle que soit la taille d&#039;une entreprise, il est g\u00e9n\u00e9ralement n\u00e9cessaire de livrer un produit, une facture ou une lettre. Parfois, le client ou une autre entreprise peut vouloir envoyer quelque chose \u00e0 votre entreprise au Ghana. Il est toujours pratique pour le chef d&#039;entreprise ou un travailleur de livrer des produits ou des colis. Comparez et r\u00e9servez vos services de livraison de colis au Ghana - services de livraison express, de messagerie et d&#039;exp\u00e9dition en ligne et gagnez du temps et de l&#039;argent.<\/p>\n<p>S&#039;il n&#039;y a qu&#039;une seule personne qui travaille, faire des auto-livraisons peut \u00eatre difficile ou presque impossible. Payer de temps en temps une livraison de colis la moins ch\u00e8re au Ghana pour chaque article peut \u00eatre co\u00fbteux.<\/p>\n<p>Pour les entreprises qui traitent continuellement des livraisons, un choix consiste \u00e0 utiliser un service de livraison de colis au Ghana. Voici les meilleurs avantages de l&#039;utilisation des services de messagerie pour garder de l&#039;argent\u00a0:<\/p>\n<h2>FAQ sur les services de messagerie au Ghana<\/h2>\n<h3>Temps<\/h3>\n<p>L&#039;un des plus grands avantages de la livraison le jour m\u00eame de la livraison de colis au Ghana est le temps. Lorsque vous exp\u00e9diez un colis par l&#039;un de ces coursiers, vous pouvez \u00eatre assur\u00e9 que votre colis arrivera dans un d\u00e9lai d&#039;un jour ouvrable. La raison pour laquelle cela est possible est que les services de livraison des services ghan\u00e9ens utilisent le type de transport le plus fiable qui livrerait les colis et les lettres \u00e0 temps.<\/p>\n<h3>Preuve de livraison<\/h3>\n<p>La livraison express Ghana vous fournit, l&#039;exp\u00e9diteur, une preuve de livraison. Cela signifie que lorsque l&#039;envoi est livr\u00e9, le destinataire doit signer une preuve indiquant qu&#039;il a re\u00e7u le colis. La preuve vous est livr\u00e9e en quelques jours pour votre satisfaction. C&#039;est en fait la raison pour laquelle les services de messagerie de colis du Ghana sont assez r\u00e9guli\u00e8rement utilis\u00e9s de nos jours. Rester en contact avec l&#039;une de ces entreprises de messagerie a un bon effet sur l&#039;image de votre entreprise.<\/p>\n<h3>La commodit\u00e9 est la cl\u00e9<\/h3>\n<p>Une autre caract\u00e9ristique cl\u00e9 de la livraison le jour m\u00eame au Ghana est qu&#039;ils sont simples \u00e0 utiliser. Vous n&#039;avez pas \u00e0 remplir diff\u00e9rents formulaires ou \u00e0 r\u00e9pondre \u00e0 des questions \u00e0 chaque fois. Tout ce que vous faites est de parler au gestionnaire et d&#039;\u00e9tablir un contrat. Lorsque vous avez un colis, il vous suffit d&#039;appeler l&#039;entreprise et il est r\u00e9cup\u00e9r\u00e9. Vous n&#039;avez pas \u00e0 h\u00e9siter sur les horaires de ramassage et l&#039;application d&#039;\u00e9tiquettes fantaisistes sur les colis. Ils s&#039;occupent de tout. De cette fa\u00e7on, vous gardez le temps et pouvez vous concentrer sur votre travail.<\/p>\n<h3>Fiabilit\u00e9<\/h3>\n<p>Une autre caract\u00e9ristique \u00e9tonnante des services de livraison au Ghana est qu&#039;ils sont fiables. L&#039;entreprise conna\u00eet l&#039;importance de la livraison et traitera votre colis comme le sien. De plus, les services de messagerie utilisent un programme de suivi afin que le moment o\u00f9 le colis est r\u00e9cup\u00e9r\u00e9, vous puissiez le suivre via Internet. Lorsqu&#039;il est livr\u00e9, vous serez averti rapidement.<\/p>\n<h3>Vous \u00eates assur\u00e9<\/h3>\n<p>Les services de messagerie sont g\u00e9n\u00e9ralement enti\u00e8rement assur\u00e9s. M\u00eame si vous avez un colis pr\u00e9cieux, vous n&#039;avez pas \u00e0 h\u00e9siter \u00e0 ce qu&#039;il soit cass\u00e9 ou perdu. Les soci\u00e9t\u00e9s de livraison de colis au Ghana traitent g\u00e9n\u00e9ralement toutes les r\u00e9clamations que vous faites si quelque chose arrive \u00e0 vos livraisons.<\/p>\n<h2>Services de livraison de colis au Ghana Conseils<\/h2>\n<p>Il existe des services de messagerie dans presque toutes les villes du Ghana. Avant de signer un contrat, parlez au responsable, obtenez des r\u00e9f\u00e9rences et faites une recherche sur Internet sur le statut de l&#039;entreprise. Assurez-vous d&#039;obtenir des devis de nombreuses entreprises afin de pouvoir faire correspondre les tarifs. \u00c9tant donn\u00e9 que la concurrence est rude, vous pouvez parfois obtenir des services suppl\u00e9mentaires dans votre colis qui peuvent vous simplifier la vie et rendre le processus de livraison beaucoup plus efficace. Trouvez le service de livraison de motos le moins cher et le meilleur au Ghana en ligne maintenant.<\/p>","protected":false},"excerpt":{"rendered":"<p>Cheap Parcel Delivery Services in Ghana Online Booking &#8211; Express Delivery, Courier &amp; Shipping Services Compare and book the cheapest courier services in Ghana\u00a0&gt;&gt; Cheap courier services in Ghana online booking made easy. Now issue how small or big a business is, there is generally a need to deliver a product, an invoice or letter. [&hellip;]<\/p>\n","protected":false},"author":1,"featured_media":18898,"parent":0,"menu_order":0,"comment_status":"open","ping_status":"closed","template":"template-home-modern.php","meta":{"footnotes":""},"class_list":["post-11175","page","type-page","status-publish","has-post-thumbnail","hentry"],"yoast_head":"<!-- This site is optimized with the Yoast SEO plugin v27.3 - https:\/\/yoast.com\/product\/yoast-seo-wordpress\/ -->\n<title>Parcel Delivery Ghana - Express Courier &amp; Shipping Services<\/title>\n<meta name=\"description\" content=\"Looking for parcel delivery services in Ghana - express delivery, courier &amp; shipping services? Compare and book the cheapest courier services in Ghana online now\" \/>\n<meta name=\"robots\" content=\"index, follow, max-snippet:-1, max-image-preview:large, max-video-preview:-1\" \/>\n<link rel=\"canonical\" href=\"https:\/\/tiketi.com\/fr-fr\/express-courier-parcel-delivery-ghana\/\" \/>\n<meta property=\"og:locale\" content=\"fr_FR\" \/>\n<meta property=\"og:type\" content=\"article\" \/>\n<meta property=\"og:title\" content=\"Parcel Delivery Ghana - Express Courier &amp; Shipping Services\" \/>\n<meta property=\"og:description\" content=\"Looking for parcel delivery services in Ghana - express delivery, courier &amp; shipping services? Compare and book the cheapest courier services in Ghana online now\" \/>\n<meta property=\"og:url\" content=\"https:\/\/tiketi.com\/fr-fr\/express-courier-parcel-delivery-ghana\/\" \/>\n<meta property=\"og:site_name\" content=\"Tiketi.com\" \/>\n<meta property=\"article:publisher\" content=\"https:\/\/www.facebook.com\/TiketiCom\/\" \/>\n<meta property=\"article:modified_time\" content=\"2022-02-18T21:56:16+00:00\" \/>\n<meta property=\"og:image\" content=\"https:\/\/tiketi.com\/wp-content\/uploads\/2022\/02\/courier-delivery-service-ho-1.jpg\" \/>\n\t<meta property=\"og:image:width\" content=\"1200\" \/>\n\t<meta property=\"og:image:height\" content=\"202\" \/>\n\t<meta property=\"og:image:type\" content=\"image\/jpeg\" \/>\n<meta name=\"twitter:card\" content=\"summary_large_image\" \/>\n<meta name=\"twitter:label1\" content=\"Dur\u00e9e de lecture estim\u00e9e\" \/>\n\t<meta name=\"twitter:data1\" content=\"3 minutes\" \/>\n<script type=\"application\/ld+json\" class=\"yoast-schema-graph\">{\"@context\":\"https:\\\/\\\/schema.org\",\"@graph\":[{\"@type\":\"WebPage\",\"@id\":\"https:\\\/\\\/tiketi.com\\\/en-gb\\\/express-courier-parcel-delivery-ghana\\\/\",\"url\":\"https:\\\/\\\/tiketi.com\\\/en-gb\\\/express-courier-parcel-delivery-ghana\\\/\",\"name\":\"Parcel Delivery Ghana - Express Courier & Shipping Services\",\"isPartOf\":{\"@id\":\"https:\\\/\\\/tiketi.com\\\/#website\"},\"primaryImageOfPage\":{\"@id\":\"https:\\\/\\\/tiketi.com\\\/en-gb\\\/express-courier-parcel-delivery-ghana\\\/#primaryimage\"},\"image\":{\"@id\":\"https:\\\/\\\/tiketi.com\\\/en-gb\\\/express-courier-parcel-delivery-ghana\\\/#primaryimage\"},\"thumbnailUrl\":\"https:\\\/\\\/tiketi.com\\\/wp-content\\\/uploads\\\/2022\\\/02\\\/courier-delivery-service-ho-1.jpg\",\"datePublished\":\"2022-01-19T11:54:19+00:00\",\"dateModified\":\"2022-02-18T21:56:16+00:00\",\"description\":\"Looking for parcel delivery services in Ghana - express delivery, courier & shipping services? Compare and book the cheapest courier services in Ghana online now\",\"breadcrumb\":{\"@id\":\"https:\\\/\\\/tiketi.com\\\/en-gb\\\/express-courier-parcel-delivery-ghana\\\/#breadcrumb\"},\"inLanguage\":\"fr-FR\",\"potentialAction\":[{\"@type\":\"ReadAction\",\"target\":[\"https:\\\/\\\/tiketi.com\\\/en-gb\\\/express-courier-parcel-delivery-ghana\\\/\"]}]},{\"@type\":\"ImageObject\",\"inLanguage\":\"fr-FR\",\"@id\":\"https:\\\/\\\/tiketi.com\\\/en-gb\\\/express-courier-parcel-delivery-ghana\\\/#primaryimage\",\"url\":\"https:\\\/\\\/tiketi.com\\\/wp-content\\\/uploads\\\/2022\\\/02\\\/courier-delivery-service-ho-1.jpg\",\"contentUrl\":\"https:\\\/\\\/tiketi.com\\\/wp-content\\\/uploads\\\/2022\\\/02\\\/courier-delivery-service-ho-1.jpg\",\"width\":1200,\"height\":202,\"caption\":\"Courier Delivery Service\"},{\"@type\":\"BreadcrumbList\",\"@id\":\"https:\\\/\\\/tiketi.com\\\/en-gb\\\/express-courier-parcel-delivery-ghana\\\/#breadcrumb\",\"itemListElement\":[{\"@type\":\"ListItem\",\"position\":1,\"name\":\"Home\",\"item\":\"https:\\\/\\\/tiketi.com\\\/\"},{\"@type\":\"ListItem\",\"position\":2,\"name\":\"Courier Services in Ghana &#8211; Express Parcel Shipping Services\"}]},{\"@type\":\"WebSite\",\"@id\":\"https:\\\/\\\/tiketi.com\\\/#website\",\"url\":\"https:\\\/\\\/tiketi.com\\\/\",\"name\":\"Flight & Bus Tickets, Tour Packages & Activitites - Tiketi.com\",\"description\":\"Flight &amp; Bus Tickets, Tours, Activitites\",\"publisher\":{\"@id\":\"https:\\\/\\\/tiketi.com\\\/#organization\"},\"potentialAction\":[{\"@type\":\"SearchAction\",\"target\":{\"@type\":\"EntryPoint\",\"urlTemplate\":\"https:\\\/\\\/tiketi.com\\\/?s={search_term_string}\"},\"query-input\":{\"@type\":\"PropertyValueSpecification\",\"valueRequired\":true,\"valueName\":\"search_term_string\"}}],\"inLanguage\":\"fr-FR\"},{\"@type\":\"Organization\",\"@id\":\"https:\\\/\\\/tiketi.com\\\/#organization\",\"name\":\"Tiketi.com\",\"alternateName\":\"Tiketi\",\"url\":\"https:\\\/\\\/tiketi.com\\\/\",\"logo\":{\"@type\":\"ImageObject\",\"inLanguage\":\"fr-FR\",\"@id\":\"https:\\\/\\\/tiketi.com\\\/#\\\/schema\\\/logo\\\/image\\\/\",\"url\":\"https:\\\/\\\/tiketi.com\\\/wp-content\\\/uploads\\\/2019\\\/05\\\/tiketi-logo-696.png\",\"contentUrl\":\"https:\\\/\\\/tiketi.com\\\/wp-content\\\/uploads\\\/2019\\\/05\\\/tiketi-logo-696.png\",\"width\":696,\"height\":696,\"caption\":\"Tiketi.com\"},\"image\":{\"@id\":\"https:\\\/\\\/tiketi.com\\\/#\\\/schema\\\/logo\\\/image\\\/\"},\"sameAs\":[\"https:\\\/\\\/www.facebook.com\\\/TiketiCom\\\/\"]}]}<\/script>\n<!-- \/ Yoast SEO plugin. -->","yoast_head_json":{"title":"Livraison de colis Ghana - Services de messagerie express et d&#039;exp\u00e9dition","description":"Vous recherchez des services de livraison de colis au Ghana - services de livraison express, de messagerie et d&#039;exp\u00e9dition\u00a0? Comparez et r\u00e9servez en ligne d\u00e8s maintenant les services de messagerie les moins chers au Ghana","robots":{"index":"index","follow":"follow","max-snippet":"max-snippet:-1","max-image-preview":"max-image-preview:large","max-video-preview":"max-video-preview:-1"},"canonical":"https:\/\/tiketi.com\/fr-fr\/express-courier-parcel-delivery-ghana\/","og_locale":"fr_FR","og_type":"article","og_title":"Parcel Delivery Ghana - Express Courier & Shipping Services","og_description":"Looking for parcel delivery services in Ghana - express delivery, courier & shipping services? Compare and book the cheapest courier services in Ghana online now","og_url":"https:\/\/tiketi.com\/fr-fr\/express-courier-parcel-delivery-ghana\/","og_site_name":"Tiketi.com","article_publisher":"https:\/\/www.facebook.com\/TiketiCom\/","article_modified_time":"2022-02-18T21:56:16+00:00","og_image":[{"width":1200,"height":202,"url":"https:\/\/tiketi.com\/wp-content\/uploads\/2022\/02\/courier-delivery-service-ho-1.jpg","type":"image\/jpeg"}],"twitter_card":"summary_large_image","twitter_misc":{"Dur\u00e9e de lecture estim\u00e9e":"3 minutes"},"schema":{"@context":"https:\/\/schema.org","@graph":[{"@type":"WebPage","@id":"https:\/\/tiketi.com\/en-gb\/express-courier-parcel-delivery-ghana\/","url":"https:\/\/tiketi.com\/en-gb\/express-courier-parcel-delivery-ghana\/","name":"Livraison de colis Ghana - Services de messagerie express et d&#039;exp\u00e9dition","isPartOf":{"@id":"https:\/\/tiketi.com\/#website"},"primaryImageOfPage":{"@id":"https:\/\/tiketi.com\/en-gb\/express-courier-parcel-delivery-ghana\/#primaryimage"},"image":{"@id":"https:\/\/tiketi.com\/en-gb\/express-courier-parcel-delivery-ghana\/#primaryimage"},"thumbnailUrl":"https:\/\/tiketi.com\/wp-content\/uploads\/2022\/02\/courier-delivery-service-ho-1.jpg","datePublished":"2022-01-19T11:54:19+00:00","dateModified":"2022-02-18T21:56:16+00:00","description":"Vous recherchez des services de livraison de colis au Ghana - services de livraison express, de messagerie et d&#039;exp\u00e9dition\u00a0? Comparez et r\u00e9servez en ligne d\u00e8s maintenant les services de messagerie les moins chers au Ghana","breadcrumb":{"@id":"https:\/\/tiketi.com\/en-gb\/express-courier-parcel-delivery-ghana\/#breadcrumb"},"inLanguage":"fr-FR","potentialAction":[{"@type":"ReadAction","target":["https:\/\/tiketi.com\/en-gb\/express-courier-parcel-delivery-ghana\/"]}]},{"@type":"ImageObject","inLanguage":"fr-FR","@id":"https:\/\/tiketi.com\/en-gb\/express-courier-parcel-delivery-ghana\/#primaryimage","url":"https:\/\/tiketi.com\/wp-content\/uploads\/2022\/02\/courier-delivery-service-ho-1.jpg","contentUrl":"https:\/\/tiketi.com\/wp-content\/uploads\/2022\/02\/courier-delivery-service-ho-1.jpg","width":1200,"height":202,"caption":"Courier Delivery Service"},{"@type":"BreadcrumbList","@id":"https:\/\/tiketi.com\/en-gb\/express-courier-parcel-delivery-ghana\/#breadcrumb","itemListElement":[{"@type":"ListItem","position":1,"name":"Home","item":"https:\/\/tiketi.com\/"},{"@type":"ListItem","position":2,"name":"Courier Services in Ghana &#8211; Express Parcel Shipping Services"}]},{"@type":"WebSite","@id":"https:\/\/tiketi.com\/#website","url":"https:\/\/tiketi.com\/","name":"Billets d&#039;avion et de bus, forfaits touristiques et activit\u00e9s - Tiketi.com","description":"Billets d&#039;avion et de bus, Tours, Activit\u00e9s","publisher":{"@id":"https:\/\/tiketi.com\/#organization"},"potentialAction":[{"@type":"SearchAction","target":{"@type":"EntryPoint","urlTemplate":"https:\/\/tiketi.com\/?s={search_term_string}"},"query-input":{"@type":"PropertyValueSpecification","valueRequired":true,"valueName":"search_term_string"}}],"inLanguage":"fr-FR"},{"@type":"Organization","@id":"https:\/\/tiketi.com\/#organization","name":"Tiketi.com","alternateName":"Tiketi","url":"https:\/\/tiketi.com\/","logo":{"@type":"ImageObject","inLanguage":"fr-FR","@id":"https:\/\/tiketi.com\/#\/schema\/logo\/image\/","url":"https:\/\/tiketi.com\/wp-content\/uploads\/2019\/05\/tiketi-logo-696.png","contentUrl":"https:\/\/tiketi.com\/wp-content\/uploads\/2019\/05\/tiketi-logo-696.png","width":696,"height":696,"caption":"Tiketi.com"},"image":{"@id":"https:\/\/tiketi.com\/#\/schema\/logo\/image\/"},"sameAs":["https:\/\/www.facebook.com\/TiketiCom\/"]}]}},"_links":{"self":[{"href":"https:\/\/tiketi.com\/fr-fr\/wp-json\/wp\/v2\/pages\/11175","targetHints":{"allow":["GET"]}}],"collection":[{"href":"https:\/\/tiketi.com\/fr-fr\/wp-json\/wp\/v2\/pages"}],"about":[{"href":"https:\/\/tiketi.com\/fr-fr\/wp-json\/wp\/v2\/types\/page"}],"author":[{"embeddable":true,"href":"https:\/\/tiketi.com\/fr-fr\/wp-json\/wp\/v2\/users\/1"}],"replies":[{"embeddable":true,"href":"https:\/\/tiketi.com\/fr-fr\/wp-json\/wp\/v2\/comments?post=11175"}],"version-history":[{"count":0,"href":"https:\/\/tiketi.com\/fr-fr\/wp-json\/wp\/v2\/pages\/11175\/revisions"}],"wp:featuredmedia":[{"embeddable":true,"href":"https:\/\/tiketi.com\/fr-fr\/wp-json\/wp\/v2\/media\/18898"}],"wp:attachment":[{"href":"https:\/\/tiketi.com\/fr-fr\/wp-json\/wp\/v2\/media?parent=11175"}],"curies":[{"name":"wp","href":"https:\/\/api.w.org\/{rel}","templated":true}]}}