{"id":11176,"date":"2022-01-19T12:54:19","date_gmt":"2022-01-19T11:54:19","guid":{"rendered":"https:\/\/new.tiketi.com\/package-delivery-rwanda-express-courier-shipping-services\/"},"modified":"2022-02-18T23:14:23","modified_gmt":"2022-02-18T22:14:23","slug":"express-courier-parcel-delivery-rwanda","status":"publish","type":"page","link":"https:\/\/tiketi.com\/fr-fr\/express-courier-parcel-delivery-rwanda\/","title":{"rendered":"Livraison de colis Rwanda - Services de messagerie express et d&#039;exp\u00e9dition"},"content":{"rendered":"<h2>Services de messagerie bon march\u00e9 au Rwanda R\u00e9servation en ligne - Services de livraison express, de messagerie et d&#039;exp\u00e9dition<\/h2>\n<h3>Comparez et r\u00e9servez les applis de livraison les moins ch\u00e8res au Rwanda\u00a0<a href=\"https:\/\/tiketi.com\/fr-fr\/contact-us\/\" target=\"_blank\" rel=\"noopener\">&gt;&gt;<\/a><\/h3>\n<p>Livraison de colis Rwanda La r\u00e9servation en ligne simplifi\u00e9e. Si vous souhaitez envoyer un colis au Rwanda dans une ville ou des villes locales. Il existe de nombreuses soci\u00e9t\u00e9s de livraison de colis et applications de livraison au Rwanda qui vous aideront \u00e0 faire ce travail. Les co\u00fbts li\u00e9s \u00e0 l&#039;exp\u00e9dition de colis au Rwanda changent \u00e0 jamais en fonction du poids et de la taille du colis, du lieu et du niveau de services de livraison au Rwanda dont vous avez besoin. Comparez et r\u00e9servez vos services de coursier au Rwanda - services de livraison express, de colis et d&#039;exp\u00e9dition en ligne et gagnez du temps et de l&#039;argent.<\/p>\n<h2>FAQ sur la livraison de colis au Rwanda<\/h2>\n<h3>Qu&#039;est-ce que les services de messagerie le jour m\u00eame ou le lendemain au Rwanda\u00a0?<\/h3>\n<p>Les services de messagerie le jour m\u00eame ou le lendemain au Rwanda dans le commerce \u00e9lectronique n&#039;ont pas besoin de lettre de motivation. C&#039;est ce qu&#039;on appelle la livraison d&#039;articles en moins de vingt-quatre heures, de pr\u00e9f\u00e9rence dans la m\u00eame journ\u00e9e, m\u00eame si ce n&#039;est pas toujours possible.<\/p>\n<p>Par exemple, si le client traite l&#039;achat d&#039;un produit avec des applications de livraison le jour m\u00eame ou le lendemain au Rwanda dans l&#039;apr\u00e8s-midi, vous l&#039;obtiendrez le matin du lendemain. Cet envoi serait consid\u00e9r\u00e9 comme une livraison par courrier le lendemain au Rwanda, bien que la livraison n&#039;ait pas lieu le m\u00eame jour.<\/p>\n<p>Quoi qu&#039;il en soit, la livraison le jour m\u00eame ou le lendemain n&#039;est pas un service g\u00e9n\u00e9ralis\u00e9. eBay, Amazon et d&#039;autres march\u00e9s c\u00e9l\u00e8bres le proposent, mais la plupart des entreprises de commerce \u00e9lectronique doivent le mettre en \u0153uvre.<\/p>\n<h3>Avantages des services de livraison le jour m\u00eame ou le lendemain au Rwanda<\/h3>\n<p>En effet, les avantages sont nombreux, de l&#039;am\u00e9lioration de l&#039;exp\u00e9rience client \u00e0 la diminution du co\u00fbt des services logistiques. Vous ne pouvez pas les manquer !<\/p>\n<h3>Moins de friction dans la d\u00e9cision d&#039;achat<\/h3>\n<p>L&#039;attente \u00e0 la r\u00e9ception des produits est le handicap remarquable du e-commerce. Quoi qu&#039;il en soit, la livraison express Rwanda permet de diminuer l&#039;impact de cet inconv\u00e9nient.<\/p>\n<p>Et c&#039;est que l&#039;imm\u00e9diatet\u00e9 \u00e0 l&#039;entr\u00e9e s&#039;est av\u00e9r\u00e9e meilleure pour la d\u00e9cision d&#039;achat des consommateurs en ligne. Ainsi, l&#039;application des applications de livraison le jour m\u00eame ou le lendemain au Rwanda peut aider \u00e0 r\u00e9duire les taux d&#039;abandon de panier.<\/p>\n<h3>Augmentation des \u00e9conomies d&#039;exp\u00e9dition<\/h3>\n<p>Les services de livraison le jour m\u00eame ou le lendemain au Rwanda sont possibles gr\u00e2ce \u00e0 l&#039;utilisation des services de messagerie locaux. Contrairement aux grandes entreprises de logistique, ces services sont moins co\u00fbteux, ce qui signifie que le cycle de vente a un co\u00fbt moindre pour les entreprises.<\/p>\n<p>Cet argent conserv\u00e9 avec les applications de livraison le jour m\u00eame ou le lendemain au Rwanda peut \u00eatre investi dans la promotion ou restitu\u00e9 aux clients sous forme de services premium et de bonus, ce qui peut favoriser leur fid\u00e9lit\u00e9.<\/p>\n<h3>Avantage concurrentiel<\/h3>\n<p><strong>Livraison de colis Rwanda<\/strong> est pr\u00e9sent sur les meilleures places de march\u00e9 du march\u00e9, mais pas sur toutes.<\/p>\n<p>Si vos concurrents ne fournissent pas ce service, c&#039;est une meilleure chance d&#039;obtenir un avantage concurrentiel. Il est possible que votre concurrent commercial suive votre exemple, mais vous aurez une meilleure marge de profit.<\/p>\n<p>Lorsqu&#039;ils commencent \u00e0 mettre en \u0153uvre la livraison le jour m\u00eame au Rwanda, il est facile pour votre entreprise de faire de m\u00eame avec une livraison en deux heures - vous devez avoir une longueur d&#039;avance sur la concurrence.<\/p>\n<h3>Les services de livraison au Rwanda sont une grande confiance<\/h3>\n<p>Un autre avantage des services de livraison le jour m\u00eame ou le lendemain au Rwanda est son impact sur l&#039;estime de soi des clients.<\/p>\n<p>AliExpress et d&#039;autres march\u00e9s d&#039;origine orientale ont un s\u00e9rieux probl\u00e8me avec la rapidit\u00e9 de livraison de leur produit puisque la plupart de leurs fournisseurs sont plac\u00e9s en Chine. Quelles sont les cons\u00e9quences? Vos clients re\u00e7oivent leurs envois en deux \u00e0 trois semaines.<\/p>\n<p>Les retards de livraison conduisent \u00e0 la m\u00e9fiance des clients. Ils trouvent un produit et paient son prix sur place, mais l&#039;entreprise ne devrait pas mettre plus de 2-3 jours pour le leur envoyer.<\/p>\n<p>Lorsque le commerce \u00e9lectronique fournit des services de livraison au Rwanda le jour m\u00eame, vos clients sentent qu&#039;ils se soucient d&#039;eux. Et cela affecte leur confiance dans l&#039;entreprise.<\/p>","protected":false},"excerpt":{"rendered":"<p>Cheap Courier services in Rwanda Online Booking &#8211; Express Delivery, Courier &amp; Shipping Services Compare and book the cheapest delivery apps in Rwanda\u00a0&gt;&gt; Package delivery Rwanda online booking made easy.\u00a0If you want to send parcel delivery Rwanda in local town or cities. There are lots of parcel delivery companies and delivery apps in Rwanda that [&hellip;]<\/p>\n","protected":false},"author":1,"featured_media":18898,"parent":0,"menu_order":0,"comment_status":"open","ping_status":"closed","template":"template-home-modern.php","meta":{"footnotes":""},"class_list":["post-11176","page","type-page","status-publish","has-post-thumbnail","hentry"],"yoast_head":"<!-- This site is optimized with the Yoast SEO plugin v27.2 - https:\/\/yoast.com\/product\/yoast-seo-wordpress\/ -->\n<title>Package Delivery Rwanda - Express Courier &amp; Shipping Services<\/title>\n<meta name=\"description\" content=\"Looking for package delivery Rwanda - express parcel delivery apps in Rwanda &amp; shipping services? Compare and book the cheapest courier services in Rwanda online\" \/>\n<meta name=\"robots\" content=\"index, follow, max-snippet:-1, max-image-preview:large, max-video-preview:-1\" \/>\n<link rel=\"canonical\" href=\"https:\/\/tiketi.com\/fr-fr\/express-courier-parcel-delivery-rwanda\/\" \/>\n<meta property=\"og:locale\" content=\"fr_FR\" \/>\n<meta property=\"og:type\" content=\"article\" \/>\n<meta property=\"og:title\" content=\"Package Delivery Rwanda - Express Courier &amp; Shipping Services\" \/>\n<meta property=\"og:description\" content=\"Looking for package delivery Rwanda - express parcel delivery apps in Rwanda &amp; shipping services? Compare and book the cheapest courier services in Rwanda online\" \/>\n<meta property=\"og:url\" content=\"https:\/\/tiketi.com\/fr-fr\/express-courier-parcel-delivery-rwanda\/\" \/>\n<meta property=\"og:site_name\" content=\"Tiketi.com\" \/>\n<meta property=\"article:publisher\" content=\"https:\/\/www.facebook.com\/TiketiCom\/\" \/>\n<meta property=\"article:modified_time\" content=\"2022-02-18T22:14:23+00:00\" \/>\n<meta property=\"og:image\" content=\"https:\/\/tiketi.com\/wp-content\/uploads\/2022\/02\/courier-delivery-service-ho-1.jpg\" \/>\n\t<meta property=\"og:image:width\" content=\"1200\" \/>\n\t<meta property=\"og:image:height\" content=\"202\" \/>\n\t<meta property=\"og:image:type\" content=\"image\/jpeg\" \/>\n<meta name=\"twitter:card\" content=\"summary_large_image\" \/>\n<meta name=\"twitter:label1\" content=\"Dur\u00e9e de lecture estim\u00e9e\" \/>\n\t<meta name=\"twitter:data1\" content=\"3 minutes\" \/>\n<script type=\"application\/ld+json\" class=\"yoast-schema-graph\">{\"@context\":\"https:\/\/schema.org\",\"@graph\":[{\"@type\":\"WebPage\",\"@id\":\"https:\/\/tiketi.com\/express-courier-parcel-delivery-rwanda\/\",\"url\":\"https:\/\/tiketi.com\/express-courier-parcel-delivery-rwanda\/\",\"name\":\"Package Delivery Rwanda - Express Courier & Shipping Services\",\"isPartOf\":{\"@id\":\"https:\/\/tiketi.com\/#website\"},\"primaryImageOfPage\":{\"@id\":\"https:\/\/tiketi.com\/express-courier-parcel-delivery-rwanda\/#primaryimage\"},\"image\":{\"@id\":\"https:\/\/tiketi.com\/express-courier-parcel-delivery-rwanda\/#primaryimage\"},\"thumbnailUrl\":\"https:\/\/tiketi.com\/wp-content\/uploads\/2022\/02\/courier-delivery-service-ho-1.jpg\",\"datePublished\":\"2022-01-19T11:54:19+00:00\",\"dateModified\":\"2022-02-18T22:14:23+00:00\",\"description\":\"Looking for package delivery Rwanda - express parcel delivery apps in Rwanda & shipping services? Compare and book the cheapest courier services in Rwanda online\",\"breadcrumb\":{\"@id\":\"https:\/\/tiketi.com\/express-courier-parcel-delivery-rwanda\/#breadcrumb\"},\"inLanguage\":\"fr-FR\",\"potentialAction\":[{\"@type\":\"ReadAction\",\"target\":[\"https:\/\/tiketi.com\/express-courier-parcel-delivery-rwanda\/\"]}]},{\"@type\":\"ImageObject\",\"inLanguage\":\"fr-FR\",\"@id\":\"https:\/\/tiketi.com\/express-courier-parcel-delivery-rwanda\/#primaryimage\",\"url\":\"https:\/\/tiketi.com\/wp-content\/uploads\/2022\/02\/courier-delivery-service-ho-1.jpg\",\"contentUrl\":\"https:\/\/tiketi.com\/wp-content\/uploads\/2022\/02\/courier-delivery-service-ho-1.jpg\",\"width\":1200,\"height\":202,\"caption\":\"Courier Delivery Service\"},{\"@type\":\"BreadcrumbList\",\"@id\":\"https:\/\/tiketi.com\/express-courier-parcel-delivery-rwanda\/#breadcrumb\",\"itemListElement\":[{\"@type\":\"ListItem\",\"position\":1,\"name\":\"Home\",\"item\":\"https:\/\/tiketi.com\/\"},{\"@type\":\"ListItem\",\"position\":2,\"name\":\"Package Delivery Rwanda &#8211; Express Courier &#038; Shipping Services\"}]},{\"@type\":\"WebSite\",\"@id\":\"https:\/\/tiketi.com\/#website\",\"url\":\"https:\/\/tiketi.com\/\",\"name\":\"Flight & Bus Tickets, Tour Packages & Activitites - Tiketi.com\",\"description\":\"Flight &amp; Bus Tickets, Tours, Activitites\",\"publisher\":{\"@id\":\"https:\/\/tiketi.com\/#organization\"},\"potentialAction\":[{\"@type\":\"SearchAction\",\"target\":{\"@type\":\"EntryPoint\",\"urlTemplate\":\"https:\/\/tiketi.com\/?s={search_term_string}\"},\"query-input\":{\"@type\":\"PropertyValueSpecification\",\"valueRequired\":true,\"valueName\":\"search_term_string\"}}],\"inLanguage\":\"fr-FR\"},{\"@type\":\"Organization\",\"@id\":\"https:\/\/tiketi.com\/#organization\",\"name\":\"Tiketi.com\",\"alternateName\":\"Tiketi\",\"url\":\"https:\/\/tiketi.com\/\",\"logo\":{\"@type\":\"ImageObject\",\"inLanguage\":\"fr-FR\",\"@id\":\"https:\/\/tiketi.com\/#\/schema\/logo\/image\/\",\"url\":\"https:\/\/tiketi.com\/wp-content\/uploads\/2019\/05\/tiketi-logo-696.png\",\"contentUrl\":\"https:\/\/tiketi.com\/wp-content\/uploads\/2019\/05\/tiketi-logo-696.png\",\"width\":696,\"height\":696,\"caption\":\"Tiketi.com\"},\"image\":{\"@id\":\"https:\/\/tiketi.com\/#\/schema\/logo\/image\/\"},\"sameAs\":[\"https:\/\/www.facebook.com\/TiketiCom\/\"]}]}<\/script>\n<!-- \/ Yoast SEO plugin. -->","yoast_head_json":{"title":"Livraison de colis Rwanda - Services de messagerie express et d&#039;exp\u00e9dition","description":"Vous recherchez une livraison de colis au Rwanda - des applications de livraison de colis express au Rwanda et des services d&#039;exp\u00e9dition\u00a0? Comparez et r\u00e9servez en ligne les services de messagerie les moins chers au Rwanda","robots":{"index":"index","follow":"follow","max-snippet":"max-snippet:-1","max-image-preview":"max-image-preview:large","max-video-preview":"max-video-preview:-1"},"canonical":"https:\/\/tiketi.com\/fr-fr\/express-courier-parcel-delivery-rwanda\/","og_locale":"fr_FR","og_type":"article","og_title":"Package Delivery Rwanda - Express Courier & Shipping Services","og_description":"Looking for package delivery Rwanda - express parcel delivery apps in Rwanda & shipping services? Compare and book the cheapest courier services in Rwanda online","og_url":"https:\/\/tiketi.com\/fr-fr\/express-courier-parcel-delivery-rwanda\/","og_site_name":"Tiketi.com","article_publisher":"https:\/\/www.facebook.com\/TiketiCom\/","article_modified_time":"2022-02-18T22:14:23+00:00","og_image":[{"width":1200,"height":202,"url":"https:\/\/tiketi.com\/wp-content\/uploads\/2022\/02\/courier-delivery-service-ho-1.jpg","type":"image\/jpeg"}],"twitter_card":"summary_large_image","twitter_misc":{"Dur\u00e9e de lecture estim\u00e9e":"3 minutes"},"schema":{"@context":"https:\/\/schema.org","@graph":[{"@type":"WebPage","@id":"https:\/\/tiketi.com\/express-courier-parcel-delivery-rwanda\/","url":"https:\/\/tiketi.com\/express-courier-parcel-delivery-rwanda\/","name":"Livraison de colis Rwanda - Services de messagerie express et d&#039;exp\u00e9dition","isPartOf":{"@id":"https:\/\/tiketi.com\/#website"},"primaryImageOfPage":{"@id":"https:\/\/tiketi.com\/express-courier-parcel-delivery-rwanda\/#primaryimage"},"image":{"@id":"https:\/\/tiketi.com\/express-courier-parcel-delivery-rwanda\/#primaryimage"},"thumbnailUrl":"https:\/\/tiketi.com\/wp-content\/uploads\/2022\/02\/courier-delivery-service-ho-1.jpg","datePublished":"2022-01-19T11:54:19+00:00","dateModified":"2022-02-18T22:14:23+00:00","description":"Vous recherchez une livraison de colis au Rwanda - des applications de livraison de colis express au Rwanda et des services d&#039;exp\u00e9dition\u00a0? Comparez et r\u00e9servez en ligne les services de messagerie les moins chers au Rwanda","breadcrumb":{"@id":"https:\/\/tiketi.com\/express-courier-parcel-delivery-rwanda\/#breadcrumb"},"inLanguage":"fr-FR","potentialAction":[{"@type":"ReadAction","target":["https:\/\/tiketi.com\/express-courier-parcel-delivery-rwanda\/"]}]},{"@type":"ImageObject","inLanguage":"fr-FR","@id":"https:\/\/tiketi.com\/express-courier-parcel-delivery-rwanda\/#primaryimage","url":"https:\/\/tiketi.com\/wp-content\/uploads\/2022\/02\/courier-delivery-service-ho-1.jpg","contentUrl":"https:\/\/tiketi.com\/wp-content\/uploads\/2022\/02\/courier-delivery-service-ho-1.jpg","width":1200,"height":202,"caption":"Courier Delivery Service"},{"@type":"BreadcrumbList","@id":"https:\/\/tiketi.com\/express-courier-parcel-delivery-rwanda\/#breadcrumb","itemListElement":[{"@type":"ListItem","position":1,"name":"Home","item":"https:\/\/tiketi.com\/"},{"@type":"ListItem","position":2,"name":"Package Delivery Rwanda &#8211; Express Courier &#038; Shipping Services"}]},{"@type":"WebSite","@id":"https:\/\/tiketi.com\/#website","url":"https:\/\/tiketi.com\/","name":"Billets d&#039;avion et de bus, forfaits touristiques et activit\u00e9s - Tiketi.com","description":"Billets d&#039;avion et de bus, Tours, Activit\u00e9s","publisher":{"@id":"https:\/\/tiketi.com\/#organization"},"potentialAction":[{"@type":"SearchAction","target":{"@type":"EntryPoint","urlTemplate":"https:\/\/tiketi.com\/?s={search_term_string}"},"query-input":{"@type":"PropertyValueSpecification","valueRequired":true,"valueName":"search_term_string"}}],"inLanguage":"fr-FR"},{"@type":"Organization","@id":"https:\/\/tiketi.com\/#organization","name":"Tiketi.com","alternateName":"Tiketi","url":"https:\/\/tiketi.com\/","logo":{"@type":"ImageObject","inLanguage":"fr-FR","@id":"https:\/\/tiketi.com\/#\/schema\/logo\/image\/","url":"https:\/\/tiketi.com\/wp-content\/uploads\/2019\/05\/tiketi-logo-696.png","contentUrl":"https:\/\/tiketi.com\/wp-content\/uploads\/2019\/05\/tiketi-logo-696.png","width":696,"height":696,"caption":"Tiketi.com"},"image":{"@id":"https:\/\/tiketi.com\/#\/schema\/logo\/image\/"},"sameAs":["https:\/\/www.facebook.com\/TiketiCom\/"]}]}},"_links":{"self":[{"href":"https:\/\/tiketi.com\/fr-fr\/wp-json\/wp\/v2\/pages\/11176","targetHints":{"allow":["GET"]}}],"collection":[{"href":"https:\/\/tiketi.com\/fr-fr\/wp-json\/wp\/v2\/pages"}],"about":[{"href":"https:\/\/tiketi.com\/fr-fr\/wp-json\/wp\/v2\/types\/page"}],"author":[{"embeddable":true,"href":"https:\/\/tiketi.com\/fr-fr\/wp-json\/wp\/v2\/users\/1"}],"replies":[{"embeddable":true,"href":"https:\/\/tiketi.com\/fr-fr\/wp-json\/wp\/v2\/comments?post=11176"}],"version-history":[{"count":0,"href":"https:\/\/tiketi.com\/fr-fr\/wp-json\/wp\/v2\/pages\/11176\/revisions"}],"wp:featuredmedia":[{"embeddable":true,"href":"https:\/\/tiketi.com\/fr-fr\/wp-json\/wp\/v2\/media\/18898"}],"wp:attachment":[{"href":"https:\/\/tiketi.com\/fr-fr\/wp-json\/wp\/v2\/media?parent=11176"}],"curies":[{"name":"wp","href":"https:\/\/api.w.org\/{rel}","templated":true}]}}