{"id":11177,"date":"2022-01-19T12:54:19","date_gmt":"2022-01-19T11:54:19","guid":{"rendered":"https:\/\/new.tiketi.com\/cheap-parcel-delivery-in-nigeria-express-courier-shipping-services\/"},"modified":"2022-02-18T23:14:50","modified_gmt":"2022-02-18T22:14:50","slug":"express-courier-parcel-delivery-nigeria","status":"publish","type":"page","link":"https:\/\/tiketi.com\/fr-fr\/express-courier-parcel-delivery-nigeria\/","title":{"rendered":"Livraison de colis au Nigeria \u2013 Service de livraison par courrier bon march\u00e9"},"content":{"rendered":"<h2>Service de livraison par courrier bon march\u00e9 au Nigeria R\u00e9servation en ligne - Services de livraison express, de courrier et d&#039;exp\u00e9dition<\/h2>\n<h3>Comparez et r\u00e9servez le service de livraison par coursier le moins cher au Nigeria\u00a0<a href=\"https:\/\/tiketi.com\/fr-fr\/contact-us\/\" target=\"_blank\" rel=\"noopener\">&gt;&gt;<\/a><\/h3>\n<p>Livraison de colis bon march\u00e9 en ligne au Nigeria, r\u00e9servation simplifi\u00e9e. Le Nigeria est la plus grande \u00e9conomie d\u2019Afrique. Le Nigeria a une population tr\u00e8s jeune, dont pr\u00e8s des deux tiers ont moins de 25 ans, et une classe moyenne en croissance rapide. Comparez et r\u00e9servez vos services de messagerie bon march\u00e9 au Nigeria \u2013 services de livraison express, de messagerie et d&#039;exp\u00e9dition en ligne et \u00e9conomisez du temps et de l&#039;argent. Quoi qu&#039;il en soit, la plupart des grands transporteurs proposent un service de livraison par courrier au Nigeria. R\u00e9servez des tarifs r\u00e9duits aupr\u00e8s de ces transporteurs, avec des services d&#039;envoi d&#039;effets personnels, de marchandises aux clients, de documents commerciaux et bien plus encore.<\/p>\n<h2>FAQ sur la livraison de colis bon march\u00e9 au Nigeria<\/h2>\n<p>Voici quelques-uns des meilleurs avantages du service de livraison par courrier le jour m\u00eame au Nigeria pour vous ou votre entreprise :<\/p>\n<h3>Les services de messagerie au Nigeria, les colis sont livr\u00e9s rapidement<\/h3>\n<p>De nombreux services de transit de colis doivent rapporter le plan \u00e0 l&#039;entrep\u00f4t pour traitement. Le traitement en entrep\u00f4t a interrompu le processus de livraison. Le courrier n&#039;a pas besoin de retourner au si\u00e8ge social ou \u00e0 tout autre \u00e9tablissement pour le traitement. Votre service de messagerie moto au Nigeria peut r\u00e9cup\u00e9rer vos mat\u00e9riaux et les apporter directement au lieu final.<\/p>\n<h3>\u00c9vitez de continuer \u00e0 changer de mains<\/h3>\n<p>L&#039;un des plus gros probl\u00e8mes rencontr\u00e9s par les prestataires de services de transit de colis est que l&#039;entreprise que vous payez pour livrer un colis n&#039;est pas toujours celle qui le livrera en fin de compte. La soci\u00e9t\u00e9 de colis peut le transf\u00e9rer au bureau de poste national ou \u00e0 un service de livraison r\u00e9gional. \u00c0 chaque fois que cela se produit, le colis doit \u00eatre re-scann\u00e9 par le nouveau service de livraison et achemin\u00e9 vers un nouvel entrep\u00f4t.<\/p>\n<p>Tout cela ne fait pas que retarder le temps n\u00e9cessaire \u00e0 votre destinataire pour recevoir le colis, mais cela rend \u00e9galement difficile son suivi. Lorsqu&#039;un colis est transf\u00e9r\u00e9, il entre dans un nouveau syst\u00e8me de suivi, auquel vous n&#039;avez peut-\u00eatre pas acc\u00e8s. Il est excellent de rejeter ce type de probl\u00e8me en utilisant un service de livraison de colis au Nigeria.<\/p>\n<h3>Les mat\u00e9riaux facilement cassables sont moins susceptibles de l&#039;\u00eatre<\/h3>\n<p>Lorsque vous envoyez un colis tr\u00e8s fragile ou de grande valeur, vous avez besoin d&#039;une livraison de colis express au Nigeria dont vous savez qu&#039;elle traitera votre colis avec soin. Lorsque vous utilisez un service de messagerie standard, le colis passe g\u00e9n\u00e9ralement par un grand entrep\u00f4t, rebondissant sur les voies du tapis roulant avant de finir sur un camion. Il arrive parfois que le colis puisse passer par le processus plusieurs fois. Chaque fois que votre colis passe par ce processus, cela l&#039;expose \u00e0 des dommages potentiels. Avec un transporteur personnel le jour m\u00eame, vous rejetterez ce type de probl\u00e8me. Il est r\u00e9cup\u00e9r\u00e9 et g\u00e9n\u00e9ralement livr\u00e9 par la m\u00eame personne, sans mettre votre colis via des tapis roulants ni le d\u00e9placer dans diff\u00e9rents camions. Cela r\u00e9duit les risques possibles de dommages subis.<\/p>\n<h3>Meilleure satisfaction client<\/h3>\n<p>Les clients respectent et encouragent la rapidit\u00e9 avec laquelle un document ou un plan est livr\u00e9. Lorsque vous pouvez livrer un colis le jour m\u00eame au lieu de les obliger \u00e0 attendre un jour ouvrable suppl\u00e9mentaire, cela d\u00e9montre l&#039;importance de la relation entreprise\/client. Ainsi, lorsqu&#039;il s&#039;agit d&#039;am\u00e9liorer le niveau de d\u00e9tente total de vos clients avec les services que vous proposez, assurez-vous de vous pencher sur le service de colis du Nigeria.<\/p>\n<h3>Gardez une longueur d&#039;avance sur la concurrence<\/h3>\n<p>Avec autant d\u2019entreprises de livraison de colis au Nigeria et d\u2019autres avantages, il est essentiel de fournir des services que la concurrence ne propose pas. Vous serez en mesure de rivaliser avec d\u2019autres entreprises nationales et d\u2019inciter les clients \u00e0 utiliser votre service.<\/p>\n<h3>Services de messagerie r\u00e9duits au Nigeria, frais d&#039;exp\u00e9dition<\/h3>\n<p>Lorsque vous utilisez un service de livraison express au Nigeria, cela co\u00fbte moins cher que de faire appel \u00e0 une entreprise de transport \u00e0 l&#039;ext\u00e9rieur de l&#039;\u00c9tat. Vous garderez de l\u2019argent et pourrez r\u00e9percuter les \u00e9conomies sur vos clients.<\/p>","protected":false},"excerpt":{"rendered":"<p>Cheap Courier Delivery Service\u00a0in Nigeria Online Booking &#8211; Express Delivery, Courier &amp; Shipping Services Compare and book the cheapest courier delivery service in Nigeria\u00a0&gt;&gt; Online cheap parcel delivery in Nigeria booking made easy. Nigeria is the biggest economy in Africa. Nigeria has a very young population with almost 2\/3 under the age of 25, and [&hellip;]<\/p>\n","protected":false},"author":1,"featured_media":18898,"parent":0,"menu_order":0,"comment_status":"open","ping_status":"closed","template":"template-home-modern.php","meta":{"footnotes":""},"class_list":["post-11177","page","type-page","status-publish","has-post-thumbnail","hentry"],"yoast_head":"<!-- This site is optimized with the Yoast SEO plugin v27.3 - https:\/\/yoast.com\/product\/yoast-seo-wordpress\/ -->\n<title>Parcel Delivery in Nigeria - Cheap Courier Delivery Service<\/title>\n<meta name=\"description\" content=\"Looking for cheap parcel delivery in Nigeria - shipping and express delivery apps? Compare and book the cheapest courier delivery service\u00a0in Nigeria\" \/>\n<meta name=\"robots\" content=\"index, follow, max-snippet:-1, max-image-preview:large, max-video-preview:-1\" \/>\n<link rel=\"canonical\" href=\"https:\/\/tiketi.com\/fr-fr\/express-courier-parcel-delivery-nigeria\/\" \/>\n<meta property=\"og:locale\" content=\"fr_FR\" \/>\n<meta property=\"og:type\" content=\"article\" \/>\n<meta property=\"og:title\" content=\"Parcel Delivery in Nigeria - Cheap Courier Delivery Service\" \/>\n<meta property=\"og:description\" content=\"Looking for cheap parcel delivery in Nigeria - shipping and express delivery apps? Compare and book the cheapest courier delivery service\u00a0in Nigeria\" \/>\n<meta property=\"og:url\" content=\"https:\/\/tiketi.com\/fr-fr\/express-courier-parcel-delivery-nigeria\/\" \/>\n<meta property=\"og:site_name\" content=\"Tiketi.com\" \/>\n<meta property=\"article:publisher\" content=\"https:\/\/www.facebook.com\/TiketiCom\/\" \/>\n<meta property=\"article:modified_time\" content=\"2022-02-18T22:14:50+00:00\" \/>\n<meta property=\"og:image\" content=\"https:\/\/tiketi.com\/wp-content\/uploads\/2022\/02\/courier-delivery-service-ho-1.jpg\" \/>\n\t<meta property=\"og:image:width\" content=\"1200\" \/>\n\t<meta property=\"og:image:height\" content=\"202\" \/>\n\t<meta property=\"og:image:type\" content=\"image\/jpeg\" \/>\n<meta name=\"twitter:card\" content=\"summary_large_image\" \/>\n<meta name=\"twitter:label1\" content=\"Dur\u00e9e de lecture estim\u00e9e\" \/>\n\t<meta name=\"twitter:data1\" content=\"3 minutes\" \/>\n<script type=\"application\/ld+json\" class=\"yoast-schema-graph\">{\"@context\":\"https:\\\/\\\/schema.org\",\"@graph\":[{\"@type\":\"WebPage\",\"@id\":\"https:\\\/\\\/tiketi.com\\\/express-courier-parcel-delivery-nigeria\\\/\",\"url\":\"https:\\\/\\\/tiketi.com\\\/express-courier-parcel-delivery-nigeria\\\/\",\"name\":\"Parcel Delivery in Nigeria - Cheap Courier Delivery Service\",\"isPartOf\":{\"@id\":\"https:\\\/\\\/tiketi.com\\\/#website\"},\"primaryImageOfPage\":{\"@id\":\"https:\\\/\\\/tiketi.com\\\/express-courier-parcel-delivery-nigeria\\\/#primaryimage\"},\"image\":{\"@id\":\"https:\\\/\\\/tiketi.com\\\/express-courier-parcel-delivery-nigeria\\\/#primaryimage\"},\"thumbnailUrl\":\"https:\\\/\\\/tiketi.com\\\/wp-content\\\/uploads\\\/2022\\\/02\\\/courier-delivery-service-ho-1.jpg\",\"datePublished\":\"2022-01-19T11:54:19+00:00\",\"dateModified\":\"2022-02-18T22:14:50+00:00\",\"description\":\"Looking for cheap parcel delivery in Nigeria - shipping and express delivery apps? Compare and book the cheapest courier delivery service\u00a0in Nigeria\",\"breadcrumb\":{\"@id\":\"https:\\\/\\\/tiketi.com\\\/express-courier-parcel-delivery-nigeria\\\/#breadcrumb\"},\"inLanguage\":\"fr-FR\",\"potentialAction\":[{\"@type\":\"ReadAction\",\"target\":[\"https:\\\/\\\/tiketi.com\\\/express-courier-parcel-delivery-nigeria\\\/\"]}]},{\"@type\":\"ImageObject\",\"inLanguage\":\"fr-FR\",\"@id\":\"https:\\\/\\\/tiketi.com\\\/express-courier-parcel-delivery-nigeria\\\/#primaryimage\",\"url\":\"https:\\\/\\\/tiketi.com\\\/wp-content\\\/uploads\\\/2022\\\/02\\\/courier-delivery-service-ho-1.jpg\",\"contentUrl\":\"https:\\\/\\\/tiketi.com\\\/wp-content\\\/uploads\\\/2022\\\/02\\\/courier-delivery-service-ho-1.jpg\",\"width\":1200,\"height\":202,\"caption\":\"Courier Delivery Service\"},{\"@type\":\"BreadcrumbList\",\"@id\":\"https:\\\/\\\/tiketi.com\\\/express-courier-parcel-delivery-nigeria\\\/#breadcrumb\",\"itemListElement\":[{\"@type\":\"ListItem\",\"position\":1,\"name\":\"Home\",\"item\":\"https:\\\/\\\/tiketi.com\\\/\"},{\"@type\":\"ListItem\",\"position\":2,\"name\":\"Parcel Delivery in Nigeria &#8211; Cheap Courier Delivery Service\"}]},{\"@type\":\"WebSite\",\"@id\":\"https:\\\/\\\/tiketi.com\\\/#website\",\"url\":\"https:\\\/\\\/tiketi.com\\\/\",\"name\":\"Flight & Bus Tickets, Tour Packages & Activitites - Tiketi.com\",\"description\":\"Flight &amp; Bus Tickets, Tours, Activitites\",\"publisher\":{\"@id\":\"https:\\\/\\\/tiketi.com\\\/#organization\"},\"potentialAction\":[{\"@type\":\"SearchAction\",\"target\":{\"@type\":\"EntryPoint\",\"urlTemplate\":\"https:\\\/\\\/tiketi.com\\\/?s={search_term_string}\"},\"query-input\":{\"@type\":\"PropertyValueSpecification\",\"valueRequired\":true,\"valueName\":\"search_term_string\"}}],\"inLanguage\":\"fr-FR\"},{\"@type\":\"Organization\",\"@id\":\"https:\\\/\\\/tiketi.com\\\/#organization\",\"name\":\"Tiketi.com\",\"alternateName\":\"Tiketi\",\"url\":\"https:\\\/\\\/tiketi.com\\\/\",\"logo\":{\"@type\":\"ImageObject\",\"inLanguage\":\"fr-FR\",\"@id\":\"https:\\\/\\\/tiketi.com\\\/#\\\/schema\\\/logo\\\/image\\\/\",\"url\":\"https:\\\/\\\/tiketi.com\\\/wp-content\\\/uploads\\\/2019\\\/05\\\/tiketi-logo-696.png\",\"contentUrl\":\"https:\\\/\\\/tiketi.com\\\/wp-content\\\/uploads\\\/2019\\\/05\\\/tiketi-logo-696.png\",\"width\":696,\"height\":696,\"caption\":\"Tiketi.com\"},\"image\":{\"@id\":\"https:\\\/\\\/tiketi.com\\\/#\\\/schema\\\/logo\\\/image\\\/\"},\"sameAs\":[\"https:\\\/\\\/www.facebook.com\\\/TiketiCom\\\/\"]}]}<\/script>\n<!-- \/ Yoast SEO plugin. -->","yoast_head_json":{"title":"Livraison de colis au Nigeria - Service de livraison par courrier pas cher","description":"Vous recherchez une livraison de colis bon march\u00e9 au Nigeria - applications d&#039;exp\u00e9dition et de livraison express ? Comparez et r\u00e9servez le service de livraison par coursier le moins cher au Nigeria","robots":{"index":"index","follow":"follow","max-snippet":"max-snippet:-1","max-image-preview":"max-image-preview:large","max-video-preview":"max-video-preview:-1"},"canonical":"https:\/\/tiketi.com\/fr-fr\/express-courier-parcel-delivery-nigeria\/","og_locale":"fr_FR","og_type":"article","og_title":"Parcel Delivery in Nigeria - Cheap Courier Delivery Service","og_description":"Looking for cheap parcel delivery in Nigeria - shipping and express delivery apps? Compare and book the cheapest courier delivery service\u00a0in Nigeria","og_url":"https:\/\/tiketi.com\/fr-fr\/express-courier-parcel-delivery-nigeria\/","og_site_name":"Tiketi.com","article_publisher":"https:\/\/www.facebook.com\/TiketiCom\/","article_modified_time":"2022-02-18T22:14:50+00:00","og_image":[{"width":1200,"height":202,"url":"https:\/\/tiketi.com\/wp-content\/uploads\/2022\/02\/courier-delivery-service-ho-1.jpg","type":"image\/jpeg"}],"twitter_card":"summary_large_image","twitter_misc":{"Dur\u00e9e de lecture estim\u00e9e":"3 minutes"},"schema":{"@context":"https:\/\/schema.org","@graph":[{"@type":"WebPage","@id":"https:\/\/tiketi.com\/express-courier-parcel-delivery-nigeria\/","url":"https:\/\/tiketi.com\/express-courier-parcel-delivery-nigeria\/","name":"Livraison de colis au Nigeria - Service de livraison par courrier pas cher","isPartOf":{"@id":"https:\/\/tiketi.com\/#website"},"primaryImageOfPage":{"@id":"https:\/\/tiketi.com\/express-courier-parcel-delivery-nigeria\/#primaryimage"},"image":{"@id":"https:\/\/tiketi.com\/express-courier-parcel-delivery-nigeria\/#primaryimage"},"thumbnailUrl":"https:\/\/tiketi.com\/wp-content\/uploads\/2022\/02\/courier-delivery-service-ho-1.jpg","datePublished":"2022-01-19T11:54:19+00:00","dateModified":"2022-02-18T22:14:50+00:00","description":"Vous recherchez une livraison de colis bon march\u00e9 au Nigeria - applications d&#039;exp\u00e9dition et de livraison express ? Comparez et r\u00e9servez le service de livraison par coursier le moins cher au Nigeria","breadcrumb":{"@id":"https:\/\/tiketi.com\/express-courier-parcel-delivery-nigeria\/#breadcrumb"},"inLanguage":"fr-FR","potentialAction":[{"@type":"ReadAction","target":["https:\/\/tiketi.com\/express-courier-parcel-delivery-nigeria\/"]}]},{"@type":"ImageObject","inLanguage":"fr-FR","@id":"https:\/\/tiketi.com\/express-courier-parcel-delivery-nigeria\/#primaryimage","url":"https:\/\/tiketi.com\/wp-content\/uploads\/2022\/02\/courier-delivery-service-ho-1.jpg","contentUrl":"https:\/\/tiketi.com\/wp-content\/uploads\/2022\/02\/courier-delivery-service-ho-1.jpg","width":1200,"height":202,"caption":"Courier Delivery Service"},{"@type":"BreadcrumbList","@id":"https:\/\/tiketi.com\/express-courier-parcel-delivery-nigeria\/#breadcrumb","itemListElement":[{"@type":"ListItem","position":1,"name":"Home","item":"https:\/\/tiketi.com\/"},{"@type":"ListItem","position":2,"name":"Parcel Delivery in Nigeria &#8211; Cheap Courier Delivery Service"}]},{"@type":"WebSite","@id":"https:\/\/tiketi.com\/#website","url":"https:\/\/tiketi.com\/","name":"Billets d&#039;avion et de bus, forfaits touristiques et activit\u00e9s - Tiketi.com","description":"Billets d&#039;avion et de bus, Tours, Activit\u00e9s","publisher":{"@id":"https:\/\/tiketi.com\/#organization"},"potentialAction":[{"@type":"SearchAction","target":{"@type":"EntryPoint","urlTemplate":"https:\/\/tiketi.com\/?s={search_term_string}"},"query-input":{"@type":"PropertyValueSpecification","valueRequired":true,"valueName":"search_term_string"}}],"inLanguage":"fr-FR"},{"@type":"Organization","@id":"https:\/\/tiketi.com\/#organization","name":"Tiketi.com","alternateName":"Tiketi","url":"https:\/\/tiketi.com\/","logo":{"@type":"ImageObject","inLanguage":"fr-FR","@id":"https:\/\/tiketi.com\/#\/schema\/logo\/image\/","url":"https:\/\/tiketi.com\/wp-content\/uploads\/2019\/05\/tiketi-logo-696.png","contentUrl":"https:\/\/tiketi.com\/wp-content\/uploads\/2019\/05\/tiketi-logo-696.png","width":696,"height":696,"caption":"Tiketi.com"},"image":{"@id":"https:\/\/tiketi.com\/#\/schema\/logo\/image\/"},"sameAs":["https:\/\/www.facebook.com\/TiketiCom\/"]}]}},"_links":{"self":[{"href":"https:\/\/tiketi.com\/fr-fr\/wp-json\/wp\/v2\/pages\/11177","targetHints":{"allow":["GET"]}}],"collection":[{"href":"https:\/\/tiketi.com\/fr-fr\/wp-json\/wp\/v2\/pages"}],"about":[{"href":"https:\/\/tiketi.com\/fr-fr\/wp-json\/wp\/v2\/types\/page"}],"author":[{"embeddable":true,"href":"https:\/\/tiketi.com\/fr-fr\/wp-json\/wp\/v2\/users\/1"}],"replies":[{"embeddable":true,"href":"https:\/\/tiketi.com\/fr-fr\/wp-json\/wp\/v2\/comments?post=11177"}],"version-history":[{"count":0,"href":"https:\/\/tiketi.com\/fr-fr\/wp-json\/wp\/v2\/pages\/11177\/revisions"}],"wp:featuredmedia":[{"embeddable":true,"href":"https:\/\/tiketi.com\/fr-fr\/wp-json\/wp\/v2\/media\/18898"}],"wp:attachment":[{"href":"https:\/\/tiketi.com\/fr-fr\/wp-json\/wp\/v2\/media?parent=11177"}],"curies":[{"name":"wp","href":"https:\/\/api.w.org\/{rel}","templated":true}]}}