{"id":11178,"date":"2022-01-19T12:54:19","date_gmt":"2022-01-19T11:54:19","guid":{"rendered":"https:\/\/new.tiketi.com\/parcel-delivery-tanzania-express-courier-shipping-services\/"},"modified":"2023-03-07T19:12:19","modified_gmt":"2023-03-07T18:12:19","slug":"tanzania","status":"publish","type":"page","link":"https:\/\/tiketi.com\/fr-fr\/delivery\/parcel\/tanzania\/","title":{"rendered":"Service de messagerie en Tanzanie - Services de colis express et d&#039;exp\u00e9dition"},"content":{"rendered":"<h2>Service de colis pas cher en Tanzanie R\u00e9servation en ligne - Services de livraison express, de messagerie et d&#039;exp\u00e9dition<\/h2>\n<h3>Comparez et r\u00e9servez le service de coursier le moins cher en Tanzanie <a href=\"https:\/\/tiketi.com\/fr-fr\/contact-us\/\" target=\"_blank\" rel=\"noopener\">&gt;&gt;<\/a><\/h3>\n<p>Livraison de colis en ligne Tanzanie La r\u00e9servation simplifi\u00e9e. Le monde en ligne a r\u00e9volutionn\u00e9 notre mode de vie. Ainsi, les achats sur Internet sont devenus une routine et pourtant, les besoins des entreprises d&#039;aujourd&#039;hui diff\u00e8rent grandement des entreprises traditionnelles. Les sites Web d&#039;achat en ligne ou les points de vente virtuels des grandes marques comprennent les besoins de leurs consommateurs. Comparez et r\u00e9servez votre service de colis en Tanzanie - services de livraison express, de messagerie et d&#039;exp\u00e9dition en ligne et gagnez du temps et de l&#039;argent. Le consommateur d&#039;aujourd&#039;hui aime faire ses courses dans le confort de sa maison et mettre la main sur le produit souhait\u00e9 d\u00e8s que possible avec une s\u00e9curit\u00e9 et une efficacit\u00e9 maximales, et comment cela se produira-t-il\u00a0? Certainement, gr\u00e2ce au service de messagerie le moins cher de Tanzanie.<\/p>\n<h2>FAQ sur la livraison de colis en Tanzanie<\/h2>\n<h3>Avantages du service de messagerie le jour m\u00eame ou le lendemain en Tanzanie<\/h3>\n<p>Aujourd&#039;hui, chaque consommateur souhaite recevoir la commande le plus rapidement possible, c&#039;est pourquoi trouver un fournisseur qui fournit un service de messagerie rapide et rapide en Tanzanie est l&#039;une de ses priorit\u00e9s. En facilitant aux clients la livraison de colis le jour m\u00eame ou le lendemain en Tanzanie, votre entreprise b\u00e9n\u00e9ficie d&#039;innombrables avantages. Certains d&#039;entre eux sont mis en \u00e9vidence comme ci-dessous.<\/p>\n<h3>Construit une relation de confiance<\/h3>\n<p>Un client heureux est le pouvoir d&#039;une entreprise prosp\u00e8re. Vous pouvez y parvenir gr\u00e2ce \u00e0 l&#039;accessibilit\u00e9 des entreprises de livraison de colis le jour m\u00eame en Tanzanie. Une livraison de colis express en Tanzanie favorise votre professionnalisme et votre fiabilit\u00e9. Les consommateurs apprennent \u00e0 quel point le temps d&#039;une commande compte pour l&#039;entreprise. Ils se sentent honor\u00e9s et passent le mot \u00e0 leurs cercles corporatifs et sociaux. Cela se traduit par des acheteurs r\u00e9guliers et r\u00e9f\u00e9rents pour vos services et produits.<\/p>\n<h3>Service de colis abordable en Tanzanie<\/h3>\n<p>Les entreprises tentent d&#039;embaucher des chauffeurs et d&#039;entretenir des fourgonnettes pour assurer la livraison le jour m\u00eame en Tanzanie. Ils semblent assez r\u00e9ussis dans une certaine mesure, mais pour \u00e9galer le co\u00fbt et le professionnalisme de vos employ\u00e9s avec une entreprise de messagerie, vous verrez un grand espace. Lors de la livraison de commandes interurbaines, vous pouvez engager des d\u00e9penses presque doubles par rapport \u00e0 un service de livraison le jour m\u00eame. Augmenter les revenus et r\u00e9duire les co\u00fbts est l&#039;objectif g\u00e9n\u00e9ral de la gestion financi\u00e8re. Et, embaucher des services de coursier \u00e0 moto en Tanzanie aupr\u00e8s d&#039;un tiers peut vraiment faire des surprises pour la stabilit\u00e9 financi\u00e8re de votre entreprise.<\/p>\n<h3>Productivit\u00e9 accrue<\/h3>\n<p>Les professionnels de l&#039;entreprise devinent une augmentation du niveau de productivit\u00e9 au sein de votre \u00e9quipe. Une \u00e9quipe, qui est \u00e0 peu pr\u00e8s s\u00fbre de ne pouvoir d\u00e9coller qu&#039;apr\u00e8s avoir termin\u00e9 les commandes, acc\u00e9l\u00e8re le processus de production. Contrairement \u00e0 une entreprise traditionnelle, o\u00f9 l&#039;\u00e9quipe empile le stock, dans les services de livraison de colis bon march\u00e9 en Tanzanie, les travaux d&#039;aujourd&#039;hui sont termin\u00e9s et ne mettent rien sur demain. Pour que cela se produise vraiment, les entreprises offrent des incitations bas\u00e9es sur la production.<\/p>\n<h3>Fournissez un service de livraison de colis remarquable en Tanzanie \u00e0 vos clients<\/h3>\n<p>Avec tant de combats sur le march\u00e9, le service est l&#039;endroit o\u00f9 vous devez vous d\u00e9marquer aupr\u00e8s de vos clients. C&#039;est la premi\u00e8re chose que les gens recherchent lorsqu&#039;ils font affaire avec une entreprise.<br \/>\nSi vous n&#039;offrez pas un service client exceptionnel, vous verrez les b\u00e9n\u00e9fices de l&#039;entreprise commencer \u00e0 chuter. Apr\u00e8s avoir pass\u00e9 un certain temps, vous constaterez que vous perdez des clients.<\/p>\n<p>Au lieu de cela, vous devriez rendre votre entreprise aussi simple que possible. En utilisant des entreprises de livraison de colis en Tanzanie, vous serez en mesure d&#039;offrir un service exceptionnel \u00e0 votre client chaque jour.<\/p>\n<p>Ils seront en mesure d&#039;obtenir leurs documents, d&#039;envoyer leurs pages et de relayer leur service de colis dans les colis de messagerie de Tanzanie sans avoir \u00e0 quitter le bureau ou \u00e0 attendre une technique de courrier traditionnelle qui peut prendre plusieurs jours.<\/p>","protected":false},"excerpt":{"rendered":"<p>Cheap Parcel Service in Tanzania Online Booking &#8211; Express Delivery, Courier &amp; Shipping Services Compare and book the cheapest courier service in Tanzania &gt;&gt; Online parcel delivery Tanzania booking made easy.\u00a0The online world has revolutionized our lifestyle thus, internet shopping has become more of a routine now and yet today&#8217;s business needs differ greatly from [&hellip;]<\/p>\n","protected":false},"author":1,"featured_media":18898,"parent":27019,"menu_order":0,"comment_status":"open","ping_status":"closed","template":"template-home-modern.php","meta":{"footnotes":""},"class_list":["post-11178","page","type-page","status-publish","has-post-thumbnail","hentry"],"yoast_head":"<!-- This site is optimized with the Yoast SEO plugin v27.2 - https:\/\/yoast.com\/product\/yoast-seo-wordpress\/ -->\n<title>Courier Service in Tanzania - Express Parcel &amp; Shipping Services<\/title>\n<meta name=\"description\" content=\"Looking for parcel service Tanzania - express delivery apps, parcel &amp; shipping services? Compare and book the cheapest courier services in Tanzania online now\" \/>\n<meta name=\"robots\" content=\"index, follow, max-snippet:-1, max-image-preview:large, max-video-preview:-1\" \/>\n<link rel=\"canonical\" href=\"https:\/\/tiketi.com\/fr-fr\/delivery\/parcel\/tanzania\/\" \/>\n<meta property=\"og:locale\" content=\"fr_FR\" \/>\n<meta property=\"og:type\" content=\"article\" \/>\n<meta property=\"og:title\" content=\"Courier Service in Tanzania - Express Parcel &amp; Shipping Services\" \/>\n<meta property=\"og:description\" content=\"Looking for parcel service Tanzania - express delivery apps, parcel &amp; shipping services? Compare and book the cheapest courier services in Tanzania online now\" \/>\n<meta property=\"og:url\" content=\"https:\/\/tiketi.com\/fr-fr\/delivery\/parcel\/tanzania\/\" \/>\n<meta property=\"og:site_name\" content=\"Tiketi.com\" \/>\n<meta property=\"article:publisher\" content=\"https:\/\/www.facebook.com\/TiketiCom\/\" \/>\n<meta property=\"article:modified_time\" content=\"2023-03-07T18:12:19+00:00\" \/>\n<meta property=\"og:image\" content=\"https:\/\/tiketi.com\/wp-content\/uploads\/2022\/02\/courier-delivery-service-ho-1.jpg\" \/>\n\t<meta property=\"og:image:width\" content=\"1200\" \/>\n\t<meta property=\"og:image:height\" content=\"202\" \/>\n\t<meta property=\"og:image:type\" content=\"image\/jpeg\" \/>\n<meta name=\"twitter:card\" content=\"summary_large_image\" \/>\n<meta name=\"twitter:label1\" content=\"Dur\u00e9e de lecture estim\u00e9e\" \/>\n\t<meta name=\"twitter:data1\" content=\"3 minutes\" \/>\n<script type=\"application\/ld+json\" class=\"yoast-schema-graph\">{\"@context\":\"https:\/\/schema.org\",\"@graph\":[{\"@type\":\"WebPage\",\"@id\":\"https:\/\/tiketi.com\/fr-fr\/delivery\/parcel\/tanzania\/\",\"url\":\"https:\/\/tiketi.com\/fr-fr\/delivery\/parcel\/tanzania\/\",\"name\":\"Courier Service in Tanzania - Express Parcel & Shipping Services\",\"isPartOf\":{\"@id\":\"https:\/\/tiketi.com\/#website\"},\"primaryImageOfPage\":{\"@id\":\"https:\/\/tiketi.com\/fr-fr\/delivery\/parcel\/tanzania\/#primaryimage\"},\"image\":{\"@id\":\"https:\/\/tiketi.com\/fr-fr\/delivery\/parcel\/tanzania\/#primaryimage\"},\"thumbnailUrl\":\"https:\/\/tiketi.com\/wp-content\/uploads\/2022\/02\/courier-delivery-service-ho-1.jpg\",\"datePublished\":\"2022-01-19T11:54:19+00:00\",\"dateModified\":\"2023-03-07T18:12:19+00:00\",\"description\":\"Looking for parcel service Tanzania - express delivery apps, parcel & shipping services? Compare and book the cheapest courier services in Tanzania online now\",\"breadcrumb\":{\"@id\":\"https:\/\/tiketi.com\/fr-fr\/delivery\/parcel\/tanzania\/#breadcrumb\"},\"inLanguage\":\"fr-FR\",\"potentialAction\":[{\"@type\":\"ReadAction\",\"target\":[\"https:\/\/tiketi.com\/fr-fr\/delivery\/parcel\/tanzania\/\"]}]},{\"@type\":\"ImageObject\",\"inLanguage\":\"fr-FR\",\"@id\":\"https:\/\/tiketi.com\/fr-fr\/delivery\/parcel\/tanzania\/#primaryimage\",\"url\":\"https:\/\/tiketi.com\/wp-content\/uploads\/2022\/02\/courier-delivery-service-ho-1.jpg\",\"contentUrl\":\"https:\/\/tiketi.com\/wp-content\/uploads\/2022\/02\/courier-delivery-service-ho-1.jpg\",\"width\":1200,\"height\":202,\"caption\":\"Courier Delivery Service\"},{\"@type\":\"BreadcrumbList\",\"@id\":\"https:\/\/tiketi.com\/fr-fr\/delivery\/parcel\/tanzania\/#breadcrumb\",\"itemListElement\":[{\"@type\":\"ListItem\",\"position\":1,\"name\":\"Home\",\"item\":\"https:\/\/tiketi.com\/\"},{\"@type\":\"ListItem\",\"position\":2,\"name\":\"Delivery\",\"item\":\"https:\/\/tiketi.com\/fr-fr\/delivery\/\"},{\"@type\":\"ListItem\",\"position\":3,\"name\":\"Parcel\",\"item\":\"https:\/\/tiketi.com\/fr-fr\/delivery\/parcel\/\"},{\"@type\":\"ListItem\",\"position\":4,\"name\":\"Courier Service in Tanzania &#8211; Express Parcel &#038; Shipping Services\"}]},{\"@type\":\"WebSite\",\"@id\":\"https:\/\/tiketi.com\/#website\",\"url\":\"https:\/\/tiketi.com\/\",\"name\":\"Flight & Bus Tickets, Tour Packages & Activitites - Tiketi.com\",\"description\":\"Flight &amp; Bus Tickets, Tours, Activitites\",\"publisher\":{\"@id\":\"https:\/\/tiketi.com\/#organization\"},\"potentialAction\":[{\"@type\":\"SearchAction\",\"target\":{\"@type\":\"EntryPoint\",\"urlTemplate\":\"https:\/\/tiketi.com\/?s={search_term_string}\"},\"query-input\":{\"@type\":\"PropertyValueSpecification\",\"valueRequired\":true,\"valueName\":\"search_term_string\"}}],\"inLanguage\":\"fr-FR\"},{\"@type\":\"Organization\",\"@id\":\"https:\/\/tiketi.com\/#organization\",\"name\":\"Tiketi.com\",\"alternateName\":\"Tiketi\",\"url\":\"https:\/\/tiketi.com\/\",\"logo\":{\"@type\":\"ImageObject\",\"inLanguage\":\"fr-FR\",\"@id\":\"https:\/\/tiketi.com\/#\/schema\/logo\/image\/\",\"url\":\"https:\/\/tiketi.com\/wp-content\/uploads\/2019\/05\/tiketi-logo-696.png\",\"contentUrl\":\"https:\/\/tiketi.com\/wp-content\/uploads\/2019\/05\/tiketi-logo-696.png\",\"width\":696,\"height\":696,\"caption\":\"Tiketi.com\"},\"image\":{\"@id\":\"https:\/\/tiketi.com\/#\/schema\/logo\/image\/\"},\"sameAs\":[\"https:\/\/www.facebook.com\/TiketiCom\/\"]}]}<\/script>\n<!-- \/ Yoast SEO plugin. -->","yoast_head_json":{"title":"Service de messagerie en Tanzanie - Services de colis et d&#039;exp\u00e9dition express","description":"Vous recherchez un service de colis Tanzanie - applications de livraison express, services de colis et d&#039;exp\u00e9dition\u00a0? Comparez et r\u00e9servez en ligne d\u00e8s maintenant les services de coursier les moins chers en Tanzanie","robots":{"index":"index","follow":"follow","max-snippet":"max-snippet:-1","max-image-preview":"max-image-preview:large","max-video-preview":"max-video-preview:-1"},"canonical":"https:\/\/tiketi.com\/fr-fr\/delivery\/parcel\/tanzania\/","og_locale":"fr_FR","og_type":"article","og_title":"Courier Service in Tanzania - Express Parcel & Shipping Services","og_description":"Looking for parcel service Tanzania - express delivery apps, parcel & shipping services? Compare and book the cheapest courier services in Tanzania online now","og_url":"https:\/\/tiketi.com\/fr-fr\/delivery\/parcel\/tanzania\/","og_site_name":"Tiketi.com","article_publisher":"https:\/\/www.facebook.com\/TiketiCom\/","article_modified_time":"2023-03-07T18:12:19+00:00","og_image":[{"width":1200,"height":202,"url":"https:\/\/tiketi.com\/wp-content\/uploads\/2022\/02\/courier-delivery-service-ho-1.jpg","type":"image\/jpeg"}],"twitter_card":"summary_large_image","twitter_misc":{"Dur\u00e9e de lecture estim\u00e9e":"3 minutes"},"schema":{"@context":"https:\/\/schema.org","@graph":[{"@type":"WebPage","@id":"https:\/\/tiketi.com\/fr-fr\/delivery\/parcel\/tanzania\/","url":"https:\/\/tiketi.com\/fr-fr\/delivery\/parcel\/tanzania\/","name":"Service de messagerie en Tanzanie - Services de colis et d&#039;exp\u00e9dition express","isPartOf":{"@id":"https:\/\/tiketi.com\/#website"},"primaryImageOfPage":{"@id":"https:\/\/tiketi.com\/fr-fr\/delivery\/parcel\/tanzania\/#primaryimage"},"image":{"@id":"https:\/\/tiketi.com\/fr-fr\/delivery\/parcel\/tanzania\/#primaryimage"},"thumbnailUrl":"https:\/\/tiketi.com\/wp-content\/uploads\/2022\/02\/courier-delivery-service-ho-1.jpg","datePublished":"2022-01-19T11:54:19+00:00","dateModified":"2023-03-07T18:12:19+00:00","description":"Vous recherchez un service de colis Tanzanie - applications de livraison express, services de colis et d&#039;exp\u00e9dition\u00a0? Comparez et r\u00e9servez en ligne d\u00e8s maintenant les services de coursier les moins chers en Tanzanie","breadcrumb":{"@id":"https:\/\/tiketi.com\/fr-fr\/delivery\/parcel\/tanzania\/#breadcrumb"},"inLanguage":"fr-FR","potentialAction":[{"@type":"ReadAction","target":["https:\/\/tiketi.com\/fr-fr\/delivery\/parcel\/tanzania\/"]}]},{"@type":"ImageObject","inLanguage":"fr-FR","@id":"https:\/\/tiketi.com\/fr-fr\/delivery\/parcel\/tanzania\/#primaryimage","url":"https:\/\/tiketi.com\/wp-content\/uploads\/2022\/02\/courier-delivery-service-ho-1.jpg","contentUrl":"https:\/\/tiketi.com\/wp-content\/uploads\/2022\/02\/courier-delivery-service-ho-1.jpg","width":1200,"height":202,"caption":"Courier Delivery Service"},{"@type":"BreadcrumbList","@id":"https:\/\/tiketi.com\/fr-fr\/delivery\/parcel\/tanzania\/#breadcrumb","itemListElement":[{"@type":"ListItem","position":1,"name":"Home","item":"https:\/\/tiketi.com\/"},{"@type":"ListItem","position":2,"name":"Delivery","item":"https:\/\/tiketi.com\/fr-fr\/delivery\/"},{"@type":"ListItem","position":3,"name":"Parcel","item":"https:\/\/tiketi.com\/fr-fr\/delivery\/parcel\/"},{"@type":"ListItem","position":4,"name":"Courier Service in Tanzania &#8211; Express Parcel &#038; Shipping Services"}]},{"@type":"WebSite","@id":"https:\/\/tiketi.com\/#website","url":"https:\/\/tiketi.com\/","name":"Billets d&#039;avion et de bus, forfaits touristiques et activit\u00e9s - Tiketi.com","description":"Billets d&#039;avion et de bus, Tours, Activit\u00e9s","publisher":{"@id":"https:\/\/tiketi.com\/#organization"},"potentialAction":[{"@type":"SearchAction","target":{"@type":"EntryPoint","urlTemplate":"https:\/\/tiketi.com\/?s={search_term_string}"},"query-input":{"@type":"PropertyValueSpecification","valueRequired":true,"valueName":"search_term_string"}}],"inLanguage":"fr-FR"},{"@type":"Organization","@id":"https:\/\/tiketi.com\/#organization","name":"Tiketi.com","alternateName":"Tiketi","url":"https:\/\/tiketi.com\/","logo":{"@type":"ImageObject","inLanguage":"fr-FR","@id":"https:\/\/tiketi.com\/#\/schema\/logo\/image\/","url":"https:\/\/tiketi.com\/wp-content\/uploads\/2019\/05\/tiketi-logo-696.png","contentUrl":"https:\/\/tiketi.com\/wp-content\/uploads\/2019\/05\/tiketi-logo-696.png","width":696,"height":696,"caption":"Tiketi.com"},"image":{"@id":"https:\/\/tiketi.com\/#\/schema\/logo\/image\/"},"sameAs":["https:\/\/www.facebook.com\/TiketiCom\/"]}]}},"_links":{"self":[{"href":"https:\/\/tiketi.com\/fr-fr\/wp-json\/wp\/v2\/pages\/11178","targetHints":{"allow":["GET"]}}],"collection":[{"href":"https:\/\/tiketi.com\/fr-fr\/wp-json\/wp\/v2\/pages"}],"about":[{"href":"https:\/\/tiketi.com\/fr-fr\/wp-json\/wp\/v2\/types\/page"}],"author":[{"embeddable":true,"href":"https:\/\/tiketi.com\/fr-fr\/wp-json\/wp\/v2\/users\/1"}],"replies":[{"embeddable":true,"href":"https:\/\/tiketi.com\/fr-fr\/wp-json\/wp\/v2\/comments?post=11178"}],"version-history":[{"count":0,"href":"https:\/\/tiketi.com\/fr-fr\/wp-json\/wp\/v2\/pages\/11178\/revisions"}],"up":[{"embeddable":true,"href":"https:\/\/tiketi.com\/fr-fr\/wp-json\/wp\/v2\/pages\/27019"}],"wp:featuredmedia":[{"embeddable":true,"href":"https:\/\/tiketi.com\/fr-fr\/wp-json\/wp\/v2\/media\/18898"}],"wp:attachment":[{"href":"https:\/\/tiketi.com\/fr-fr\/wp-json\/wp\/v2\/media?parent=11178"}],"curies":[{"name":"wp","href":"https:\/\/api.w.org\/{rel}","templated":true}]}}