{"id":11179,"date":"2022-01-19T12:54:19","date_gmt":"2022-01-19T11:54:19","guid":{"rendered":"https:\/\/new.tiketi.com\/parcel-delivery-kenya-express-courier-shipping-services\/"},"modified":"2022-02-18T22:37:55","modified_gmt":"2022-02-18T21:37:55","slug":"express-courier-parcel-delivery-kenya","status":"publish","type":"page","link":"https:\/\/tiketi.com\/fr-fr\/express-courier-parcel-delivery-kenya\/","title":{"rendered":"Livraison de colis au Kenya - Services de messagerie express et d&#039;exp\u00e9dition"},"content":{"rendered":"<h2>Services de livraison de colis bon march\u00e9 au Kenya R\u00e9servation en ligne - Services de livraison express, de messagerie et d&#039;exp\u00e9dition<\/h2>\n<h3>Comparez et r\u00e9servez les services de messagerie les moins chers Kenya <a href=\"https:\/\/tiketi.com\/fr-fr\/contact-us\/\" target=\"_blank\" rel=\"noopener\">&gt;&gt;<\/a><\/h3>\n<p>Livraison de colis en ligne Kenya La r\u00e9servation simplifi\u00e9e. Les services de messagerie les moins chers au Kenya sont assur\u00e9s par chemin de fer, air et mer. \u00c0 l&#039;int\u00e9rieur du pays, il existe un grand syst\u00e8me ferroviaire et routier. Quoi qu&#039;il en soit, de grandes am\u00e9liorations aux syst\u00e8mes ferroviaires sont en cours pour \u00e9liminer le trafic sur les routes du Kenya. Les 2 grandes routes contiennent une ancienne ligne entre Kampala et Mombasa, la capitale de l&#039;Ouganda, et la seconde est une nouvelle entre Nairobi et Mombasa. Des am\u00e9liorations suppl\u00e9mentaires des routes, des a\u00e9roports et des ports maritimes favoriseront \u00e9galement le succ\u00e8s de la croissance \u00e9conomique du Kenya et des frais de port abordables vers le Kenya. Comparez et r\u00e9servez votre livraison de colis au Kenya - services de livraison express, de messagerie et d&#039;exp\u00e9dition en ligne et gagnez du temps et de l&#039;argent.<\/p>\n<h2>FAQ sur la livraison de colis au Kenya<\/h2>\n<h3>Offres de services de livraison de colis au Kenya<\/h3>\n<p>Le nombre de services postaux et de messagerie pr\u00e9sents au Kenya est sup\u00e9rieur \u00e0 une centaine. SK net Worldwide Express, TNT Express Worldwide FedEX, DHL et quelques-uns des services de messagerie internationaux au Kenya. Le r\u00e9seau international contribue \u00e0 d\u00e9velopper la livraison le jour m\u00eame \u00e0 Nairobi. Les entreprises de livraison de colis au Kenya offrent des services rapides et efficaces \u00e0 leurs clients.<\/p>\n<p>Les services de messagerie au Kenya offrent un processus de livraison et d&#039;exp\u00e9dition sur 285 destinations. Le service de messagerie maintient ses normes en mati\u00e8re de rapidit\u00e9, de s\u00e9curit\u00e9, de fiabilit\u00e9 et d&#039;accessibilit\u00e9. Les services de livraison de colis au Kenya d\u00e9pendent des transports et des transporteurs. Ils aident \u00e0 d\u00e9placer des documents et des colis via les services ferroviaires du Kenya, les services ferroviaires, les services de bus et le fret marchand.<\/p>\n<h3>Avantages des services de messagerie Kenya<\/h3>\n<p>Voici les meilleurs services de livraison de messagerie et de commerce \u00e9lectronique \u00e0 la demande au Kenya.<\/p>\n<h3>Rapidit\u00e9 de livraison<\/h3>\n<p>L&#039;un des plus grands avantages dont b\u00e9n\u00e9ficient les petites entreprises qui utilisent un service de livraison de colis au Kenya est la rapidit\u00e9 de livraison. Lorsqu&#039;il s&#039;agit d&#039;utiliser le courrier traditionnel, votre propre flotte de v\u00e9hicules ou une entreprise nationale, rien ne peut \u00e9galer la rapidit\u00e9 d&#039;un service de messagerie local au Kenya. Votre article ne remplacera jamais les mains pendant le processus de livraison, augmentant non seulement la vitesse, mais aussi la s\u00e9curit\u00e9. Il ne resterait pas non plus assis pendant des jours dans un entrep\u00f4t en attente de livraison.<\/p>\n<h3>Fiabilit\u00e9<\/h3>\n<p>Les services de messagerie sont r\u00e9put\u00e9s pour leur fiabilit\u00e9. Un coursier traitera votre colis comme si c&#039;\u00e9tait le sien, s&#039;assurant qu&#039;il arrive \u00e0 destination sans \u00eatre cass\u00e9 ou perdu en cours de route. De nombreux services de livraison de colis les moins chers au Kenya proposent \u00e9galement un programme de suivi afin que vous puissiez voir votre colis passer de vos mains \u00e0 sa place. Et si vous souhaitiez simplement recevoir une alerte de livraison de colis Kenya ? Pas de probl\u00e8me. Les services de messagerie du Kenya fournissent \u00e9galement une notification de livraison par courrier \u00e9lectronique.<\/p>\n<h3>Assurance<\/h3>\n<p>Les petites entreprises, quel que soit le secteur dans lequel elles travaillent, ne voudront pas d\u00e9penser des colis ou des documents vitaux sans s&#039;assurer qu&#039;ils sont sauvegard\u00e9s. La livraison de colis au Kenya sont des entit\u00e9s enti\u00e8rement assur\u00e9es. Cela signifie que votre colis sera conserv\u00e9 en cas de bris ou de perte lors de la prise en charge par le service de messagerie.<\/p>\n<h2>Conseils pour la livraison de colis au Kenya<\/h2>\n<p>Les entreprises de transport kenyanes sont largement sp\u00e9cialis\u00e9es dans le transport de marchandises, de marchandises et de marchandises. En fait, l&#039;exp\u00e9dition \u00e9tait un terme connu pour le transport maritime. Apparemment, l&#039;entreprise avait l&#039;habitude de privil\u00e9gier d&#039;autres modes de transport comprenant des croiseurs terrestres et a\u00e9riens. Les services d&#039;exp\u00e9dition au Kenya peuvent d\u00e9sormais \u00eatre effectu\u00e9s au sol, via un navire et dans les airs. L&#039;intermodal est un autre type d&#039;exp\u00e9dition qui implique un ou plusieurs des modes d&#039;exp\u00e9dition susmentionn\u00e9s.<\/p>\n<h3>Compagnies maritimes au Kenya<\/h3>\n<p>Il existe de nombreuses compagnies maritimes au Kenya et un service de colis au Kenya qui fournit au moins un de ces modes d&#039;exp\u00e9dition et de messagerie. Le transport terrestre est relativement plus accessible pour la plupart des Kenyans appari\u00e9s \u00e0 d&#039;autres modes. Le transport terrestre est de toute fa\u00e7on moins abordable compar\u00e9 \u00e0 ses homologues comme le maritime. Trouvez les services de messagerie les moins chers et les meilleurs au Kenya en ligne maintenant.<\/p>","protected":false},"excerpt":{"rendered":"<p>Cheap Parcel Delivery Services in Kenya Online Booking &#8211; Express Delivery, Courier &amp; Shipping Services Compare and book the cheapest courier services Kenya &gt;&gt; Online parcel delivery Kenya booking made easy.\u00a0Cheapest courier services Kenya is made by railway, air and sea. Within the country there is a big railway and road system. Anyway, big improvements [&hellip;]<\/p>\n","protected":false},"author":1,"featured_media":18898,"parent":0,"menu_order":0,"comment_status":"open","ping_status":"closed","template":"template-home-modern.php","meta":{"footnotes":""},"class_list":["post-11179","page","type-page","status-publish","has-post-thumbnail","hentry"],"yoast_head":"<!-- This site is optimized with the Yoast SEO plugin v27.2 - https:\/\/yoast.com\/product\/yoast-seo-wordpress\/ -->\n<title>Parcel Delivery Kenya - Express Courier &amp; Shipping Services<\/title>\n<meta name=\"description\" content=\"Looking for parcel delivery Kenya - express delivery apps, courier &amp; shipping services? Compare and book the cheapest parcel delivery services in Kenya online\" \/>\n<meta name=\"robots\" content=\"index, follow, max-snippet:-1, max-image-preview:large, max-video-preview:-1\" \/>\n<link rel=\"canonical\" href=\"https:\/\/tiketi.com\/fr-fr\/express-courier-parcel-delivery-kenya\/\" \/>\n<meta property=\"og:locale\" content=\"fr_FR\" \/>\n<meta property=\"og:type\" content=\"article\" \/>\n<meta property=\"og:title\" content=\"Parcel Delivery Kenya - Express Courier &amp; Shipping Services\" \/>\n<meta property=\"og:description\" content=\"Looking for parcel delivery Kenya - express delivery apps, courier &amp; shipping services? Compare and book the cheapest parcel delivery services in Kenya online\" \/>\n<meta property=\"og:url\" content=\"https:\/\/tiketi.com\/fr-fr\/express-courier-parcel-delivery-kenya\/\" \/>\n<meta property=\"og:site_name\" content=\"Tiketi.com\" \/>\n<meta property=\"article:publisher\" content=\"https:\/\/www.facebook.com\/TiketiCom\/\" \/>\n<meta property=\"article:modified_time\" content=\"2022-02-18T21:37:55+00:00\" \/>\n<meta property=\"og:image\" content=\"https:\/\/tiketi.com\/wp-content\/uploads\/2022\/02\/courier-delivery-service-ho-1.jpg\" \/>\n\t<meta property=\"og:image:width\" content=\"1200\" \/>\n\t<meta property=\"og:image:height\" content=\"202\" \/>\n\t<meta property=\"og:image:type\" content=\"image\/jpeg\" \/>\n<meta name=\"twitter:card\" content=\"summary_large_image\" \/>\n<meta name=\"twitter:label1\" content=\"Dur\u00e9e de lecture estim\u00e9e\" \/>\n\t<meta name=\"twitter:data1\" content=\"3 minutes\" \/>\n<script type=\"application\/ld+json\" class=\"yoast-schema-graph\">{\"@context\":\"https:\/\/schema.org\",\"@graph\":[{\"@type\":\"WebPage\",\"@id\":\"https:\/\/tiketi.com\/express-courier-parcel-delivery-kenya\/\",\"url\":\"https:\/\/tiketi.com\/express-courier-parcel-delivery-kenya\/\",\"name\":\"Parcel Delivery Kenya - Express Courier & Shipping Services\",\"isPartOf\":{\"@id\":\"https:\/\/tiketi.com\/#website\"},\"primaryImageOfPage\":{\"@id\":\"https:\/\/tiketi.com\/express-courier-parcel-delivery-kenya\/#primaryimage\"},\"image\":{\"@id\":\"https:\/\/tiketi.com\/express-courier-parcel-delivery-kenya\/#primaryimage\"},\"thumbnailUrl\":\"https:\/\/tiketi.com\/wp-content\/uploads\/2022\/02\/courier-delivery-service-ho-1.jpg\",\"datePublished\":\"2022-01-19T11:54:19+00:00\",\"dateModified\":\"2022-02-18T21:37:55+00:00\",\"description\":\"Looking for parcel delivery Kenya - express delivery apps, courier & shipping services? Compare and book the cheapest parcel delivery services in Kenya online\",\"breadcrumb\":{\"@id\":\"https:\/\/tiketi.com\/express-courier-parcel-delivery-kenya\/#breadcrumb\"},\"inLanguage\":\"fr-FR\",\"potentialAction\":[{\"@type\":\"ReadAction\",\"target\":[\"https:\/\/tiketi.com\/express-courier-parcel-delivery-kenya\/\"]}]},{\"@type\":\"ImageObject\",\"inLanguage\":\"fr-FR\",\"@id\":\"https:\/\/tiketi.com\/express-courier-parcel-delivery-kenya\/#primaryimage\",\"url\":\"https:\/\/tiketi.com\/wp-content\/uploads\/2022\/02\/courier-delivery-service-ho-1.jpg\",\"contentUrl\":\"https:\/\/tiketi.com\/wp-content\/uploads\/2022\/02\/courier-delivery-service-ho-1.jpg\",\"width\":1200,\"height\":202,\"caption\":\"Courier Delivery Service\"},{\"@type\":\"BreadcrumbList\",\"@id\":\"https:\/\/tiketi.com\/express-courier-parcel-delivery-kenya\/#breadcrumb\",\"itemListElement\":[{\"@type\":\"ListItem\",\"position\":1,\"name\":\"Home\",\"item\":\"https:\/\/tiketi.com\/\"},{\"@type\":\"ListItem\",\"position\":2,\"name\":\"Parcel Delivery Kenya &#8211; Express Courier &#038; Shipping Services\"}]},{\"@type\":\"WebSite\",\"@id\":\"https:\/\/tiketi.com\/#website\",\"url\":\"https:\/\/tiketi.com\/\",\"name\":\"Flight & Bus Tickets, Tour Packages & Activitites - Tiketi.com\",\"description\":\"Flight &amp; Bus Tickets, Tours, Activitites\",\"publisher\":{\"@id\":\"https:\/\/tiketi.com\/#organization\"},\"potentialAction\":[{\"@type\":\"SearchAction\",\"target\":{\"@type\":\"EntryPoint\",\"urlTemplate\":\"https:\/\/tiketi.com\/?s={search_term_string}\"},\"query-input\":{\"@type\":\"PropertyValueSpecification\",\"valueRequired\":true,\"valueName\":\"search_term_string\"}}],\"inLanguage\":\"fr-FR\"},{\"@type\":\"Organization\",\"@id\":\"https:\/\/tiketi.com\/#organization\",\"name\":\"Tiketi.com\",\"alternateName\":\"Tiketi\",\"url\":\"https:\/\/tiketi.com\/\",\"logo\":{\"@type\":\"ImageObject\",\"inLanguage\":\"fr-FR\",\"@id\":\"https:\/\/tiketi.com\/#\/schema\/logo\/image\/\",\"url\":\"https:\/\/tiketi.com\/wp-content\/uploads\/2019\/05\/tiketi-logo-696.png\",\"contentUrl\":\"https:\/\/tiketi.com\/wp-content\/uploads\/2019\/05\/tiketi-logo-696.png\",\"width\":696,\"height\":696,\"caption\":\"Tiketi.com\"},\"image\":{\"@id\":\"https:\/\/tiketi.com\/#\/schema\/logo\/image\/\"},\"sameAs\":[\"https:\/\/www.facebook.com\/TiketiCom\/\"]}]}<\/script>\n<!-- \/ Yoast SEO plugin. -->","yoast_head_json":{"title":"Livraison de colis au Kenya - Services de messagerie express et d&#039;exp\u00e9dition","description":"Vous recherchez une livraison de colis au Kenya - applications de livraison express, services de messagerie et d&#039;exp\u00e9dition\u00a0? Comparez et r\u00e9servez en ligne les services de livraison de colis les moins chers au Kenya","robots":{"index":"index","follow":"follow","max-snippet":"max-snippet:-1","max-image-preview":"max-image-preview:large","max-video-preview":"max-video-preview:-1"},"canonical":"https:\/\/tiketi.com\/fr-fr\/express-courier-parcel-delivery-kenya\/","og_locale":"fr_FR","og_type":"article","og_title":"Parcel Delivery Kenya - Express Courier & Shipping Services","og_description":"Looking for parcel delivery Kenya - express delivery apps, courier & shipping services? Compare and book the cheapest parcel delivery services in Kenya online","og_url":"https:\/\/tiketi.com\/fr-fr\/express-courier-parcel-delivery-kenya\/","og_site_name":"Tiketi.com","article_publisher":"https:\/\/www.facebook.com\/TiketiCom\/","article_modified_time":"2022-02-18T21:37:55+00:00","og_image":[{"width":1200,"height":202,"url":"https:\/\/tiketi.com\/wp-content\/uploads\/2022\/02\/courier-delivery-service-ho-1.jpg","type":"image\/jpeg"}],"twitter_card":"summary_large_image","twitter_misc":{"Dur\u00e9e de lecture estim\u00e9e":"3 minutes"},"schema":{"@context":"https:\/\/schema.org","@graph":[{"@type":"WebPage","@id":"https:\/\/tiketi.com\/express-courier-parcel-delivery-kenya\/","url":"https:\/\/tiketi.com\/express-courier-parcel-delivery-kenya\/","name":"Livraison de colis au Kenya - Services de messagerie express et d&#039;exp\u00e9dition","isPartOf":{"@id":"https:\/\/tiketi.com\/#website"},"primaryImageOfPage":{"@id":"https:\/\/tiketi.com\/express-courier-parcel-delivery-kenya\/#primaryimage"},"image":{"@id":"https:\/\/tiketi.com\/express-courier-parcel-delivery-kenya\/#primaryimage"},"thumbnailUrl":"https:\/\/tiketi.com\/wp-content\/uploads\/2022\/02\/courier-delivery-service-ho-1.jpg","datePublished":"2022-01-19T11:54:19+00:00","dateModified":"2022-02-18T21:37:55+00:00","description":"Vous recherchez une livraison de colis au Kenya - applications de livraison express, services de messagerie et d&#039;exp\u00e9dition\u00a0? Comparez et r\u00e9servez en ligne les services de livraison de colis les moins chers au Kenya","breadcrumb":{"@id":"https:\/\/tiketi.com\/express-courier-parcel-delivery-kenya\/#breadcrumb"},"inLanguage":"fr-FR","potentialAction":[{"@type":"ReadAction","target":["https:\/\/tiketi.com\/express-courier-parcel-delivery-kenya\/"]}]},{"@type":"ImageObject","inLanguage":"fr-FR","@id":"https:\/\/tiketi.com\/express-courier-parcel-delivery-kenya\/#primaryimage","url":"https:\/\/tiketi.com\/wp-content\/uploads\/2022\/02\/courier-delivery-service-ho-1.jpg","contentUrl":"https:\/\/tiketi.com\/wp-content\/uploads\/2022\/02\/courier-delivery-service-ho-1.jpg","width":1200,"height":202,"caption":"Courier Delivery Service"},{"@type":"BreadcrumbList","@id":"https:\/\/tiketi.com\/express-courier-parcel-delivery-kenya\/#breadcrumb","itemListElement":[{"@type":"ListItem","position":1,"name":"Home","item":"https:\/\/tiketi.com\/"},{"@type":"ListItem","position":2,"name":"Parcel Delivery Kenya &#8211; Express Courier &#038; Shipping Services"}]},{"@type":"WebSite","@id":"https:\/\/tiketi.com\/#website","url":"https:\/\/tiketi.com\/","name":"Billets d&#039;avion et de bus, forfaits touristiques et activit\u00e9s - Tiketi.com","description":"Billets d&#039;avion et de bus, Tours, Activit\u00e9s","publisher":{"@id":"https:\/\/tiketi.com\/#organization"},"potentialAction":[{"@type":"SearchAction","target":{"@type":"EntryPoint","urlTemplate":"https:\/\/tiketi.com\/?s={search_term_string}"},"query-input":{"@type":"PropertyValueSpecification","valueRequired":true,"valueName":"search_term_string"}}],"inLanguage":"fr-FR"},{"@type":"Organization","@id":"https:\/\/tiketi.com\/#organization","name":"Tiketi.com","alternateName":"Tiketi","url":"https:\/\/tiketi.com\/","logo":{"@type":"ImageObject","inLanguage":"fr-FR","@id":"https:\/\/tiketi.com\/#\/schema\/logo\/image\/","url":"https:\/\/tiketi.com\/wp-content\/uploads\/2019\/05\/tiketi-logo-696.png","contentUrl":"https:\/\/tiketi.com\/wp-content\/uploads\/2019\/05\/tiketi-logo-696.png","width":696,"height":696,"caption":"Tiketi.com"},"image":{"@id":"https:\/\/tiketi.com\/#\/schema\/logo\/image\/"},"sameAs":["https:\/\/www.facebook.com\/TiketiCom\/"]}]}},"_links":{"self":[{"href":"https:\/\/tiketi.com\/fr-fr\/wp-json\/wp\/v2\/pages\/11179","targetHints":{"allow":["GET"]}}],"collection":[{"href":"https:\/\/tiketi.com\/fr-fr\/wp-json\/wp\/v2\/pages"}],"about":[{"href":"https:\/\/tiketi.com\/fr-fr\/wp-json\/wp\/v2\/types\/page"}],"author":[{"embeddable":true,"href":"https:\/\/tiketi.com\/fr-fr\/wp-json\/wp\/v2\/users\/1"}],"replies":[{"embeddable":true,"href":"https:\/\/tiketi.com\/fr-fr\/wp-json\/wp\/v2\/comments?post=11179"}],"version-history":[{"count":0,"href":"https:\/\/tiketi.com\/fr-fr\/wp-json\/wp\/v2\/pages\/11179\/revisions"}],"wp:featuredmedia":[{"embeddable":true,"href":"https:\/\/tiketi.com\/fr-fr\/wp-json\/wp\/v2\/media\/18898"}],"wp:attachment":[{"href":"https:\/\/tiketi.com\/fr-fr\/wp-json\/wp\/v2\/media?parent=11179"}],"curies":[{"name":"wp","href":"https:\/\/api.w.org\/{rel}","templated":true}]}}