{"id":11180,"date":"2022-01-19T12:54:19","date_gmt":"2022-01-19T11:54:19","guid":{"rendered":"https:\/\/new.tiketi.com\/insurance-in-seychelles-cheap-life-health-car-online-quotes\/"},"modified":"2022-02-15T18:41:15","modified_gmt":"2022-02-15T17:41:15","slug":"life-car-health-insurance-seychelles","status":"publish","type":"page","link":"https:\/\/tiketi.com\/fr-fr\/life-car-health-insurance-seychelles\/","title":{"rendered":"Assurance en ligne aux Seychelles \u2013 Devis en ligne bon march\u00e9 pour les assurances vie, sant\u00e9 et automobile"},"content":{"rendered":"<h2>Assurance vie, sant\u00e9 et automobile bon march\u00e9 Seychelles<\/h2>\n<h3>Comparez gratuitement les devis d&#039;assurance vie, sant\u00e9 ou automobile bon march\u00e9 aux Seychelles.<\/h3>\n<p>Comparez et trouvez la meilleure assurance en ligne aux Seychelles en ligne. Les polices d&#039;assurance aux Seychelles sont une protection contre les incertitudes de la vie. La police d\u2019assurance contribue non seulement \u00e0 att\u00e9nuer les dangers, mais fournit \u00e9galement un coussin financier contre le fardeau financier d\u00e9favorable subi. D&#039;un point de vue macro, le secteur de l&#039;assurance transforme le capital accumul\u00e9 sous forme de prime en investissement utile, favorisant ainsi le commerce et les activit\u00e9s commerciales qui aboutissent \u00e0 une croissance \u00e9conomique durable de l&#039;\u00e9conomie. Comparez et souscrivez une assurance vie, sant\u00e9 ou automobile aux Seychelles en ligne et gagnez du temps et de l&#039;argent.<\/p>\n<h2>Meilleure assurance en ligne aux Seychelles Devis FAQ<\/h2>\n<p>Essayons de comprendre quelques avantages g\u00e9n\u00e9raux de souscrire une assurance aux Seychelles\u00a0:<\/p>\n<h3>Risque commercial<\/h3>\n<p>La victoire de toute entreprise repose sur l\u2019att\u00e9nuation et le contr\u00f4le du danger qu\u2019elle rencontre. Par exemple, les compagnies a\u00e9riennes courent de gros risques lorsqu\u2019elles font voler chaque jour des avions remplis de passagers. L&#039;avion lui-m\u00eame est extr\u00eamement co\u00fbteux, les passagers peuvent \u00eatre bless\u00e9s, voire tu\u00e9s en cas d&#039;accident, et les bagages pourraient \u00eatre endommag\u00e9s ou perdus au cours des op\u00e9rations. Les compagnies a\u00e9riennes supportent tous les types de risques et souscrivent des polices d&#039;assurance aux Seychelles pour g\u00e9rer tous ces risques. L&#039;assurance permet aux entreprises de prendre les risques n\u00e9cessaires sans craindre de grosses pertes financi\u00e8res.<\/p>\n<h3>Assurer la s\u00e9curit\u00e9<\/h3>\n<p>L&#039;assurance contribue \u00e0 r\u00e9duire le risque de difficult\u00e9s financi\u00e8res en cas de perte ou de catastrophe. La vie ainsi que les entreprises sont aujourd\u2019hui confront\u00e9es \u00e0 de nombreux probl\u00e8mes. Il y a toujours une perte soudaine. Il peut y avoir un incendie dans l&#039;usine, des pertes de vie ou une temp\u00eate en mer. Dans tous ces cas, il devient difficile de supporter la perte. L&#039;assurance offre une couverture contre toute perte soudaine. L&#039;assurance vie aux Seychelles garantit que vos proches continuent de b\u00e9n\u00e9ficier du meilleur niveau de vie contre tout \u00e9v\u00e9nement impr\u00e9vu. Si vous n&#039;avez pas d&#039;assurance maladie aux Seychelles, vous pouvez faire face \u00e0 des milliers de dollars sous forme de factures m\u00e9dicales. L&#039;assurance m\u00e9dicale aux Seychelles vous \u00e9vite des pertes financi\u00e8res et assure la stabilit\u00e9 dans les moments difficiles. Cette stabilit\u00e9 se traduit par la capacit\u00e9 de continuer \u00e0 investir dans l&#039;\u00e9conomie, ce qui stabilise la situation financi\u00e8re de l&#039;ensemble du pays et influence grandement les relations commerciales ext\u00e9rieures.<\/p>\n<h3>Stimulation \u00e9conomique<\/h3>\n<p>La prime est re\u00e7ue r\u00e9guli\u00e8rement en plusieurs versements. De gros fonds sont collect\u00e9s sous forme de prime. Cela aide \u00e0 collecter l\u2019\u00e9pargne d\u2019un grand nombre de personnes. Les fonds peuvent \u00eatre utilis\u00e9s de mani\u00e8re lucrative dans le d\u00e9veloppement industriel des Seychelles. En r\u00e8gle g\u00e9n\u00e9rale, les gouvernements des \u00c9tats exigent que les assureurs maintiennent une r\u00e9serve de tr\u00e9sorerie \u00e9gale ou sup\u00e9rieure \u00e0 un certain pourcentage de leurs passifs. Bien qu&#039;ils poss\u00e8dent ces liquidit\u00e9s, ils ont tendance \u00e0 investir dans un large \u00e9ventail d&#039;activit\u00e9s, depuis les titres d&#039;administration jusqu&#039;aux obligations \u00e0 court et \u00e0 long terme, en passant par les march\u00e9s boursiers.<\/p>","protected":false},"excerpt":{"rendered":"<p>Cheap Life, Health, Car Insurance Seychelles Compare cheap life, healthcare or car insurance Seychelles quotes for free. Compare and find the best online insurance in Seychelles online. Insurance in Seychelles policies are safeguard against the uncertainties of life. Insurance policy helps in not just mitigating dangers but also provides a financial cushion against unfavorable financial [&hellip;]<\/p>\n","protected":false},"author":1,"featured_media":20034,"parent":0,"menu_order":0,"comment_status":"open","ping_status":"closed","template":"template-home-modern.php","meta":{"footnotes":""},"class_list":["post-11180","page","type-page","status-publish","has-post-thumbnail","hentry"],"yoast_head":"<!-- This site is optimized with the Yoast SEO plugin v27.3 - https:\/\/yoast.com\/product\/yoast-seo-wordpress\/ -->\n<title>Online Insurance in Seychelles - Cheap Life, Health &amp; Car Online Quotes<\/title>\n<meta name=\"description\" content=\"Looking for affordable healthcare, life or car insurance in Seychelles? Compare life, health or car online insurance in Seychelles and get cheap insurance quotes\" \/>\n<meta name=\"robots\" content=\"index, follow, max-snippet:-1, max-image-preview:large, max-video-preview:-1\" \/>\n<link rel=\"canonical\" href=\"https:\/\/tiketi.com\/fr-fr\/life-car-health-insurance-seychelles\/\" \/>\n<meta property=\"og:locale\" content=\"fr_FR\" \/>\n<meta property=\"og:type\" content=\"article\" \/>\n<meta property=\"og:title\" content=\"Online Insurance in Seychelles - Cheap Life, Health &amp; Car Online Quotes\" \/>\n<meta property=\"og:description\" content=\"Looking for affordable healthcare, life or car insurance in Seychelles? Compare life, health or car online insurance in Seychelles and get cheap insurance quotes\" \/>\n<meta property=\"og:url\" content=\"https:\/\/tiketi.com\/fr-fr\/life-car-health-insurance-seychelles\/\" \/>\n<meta property=\"og:site_name\" content=\"Tiketi.com\" \/>\n<meta property=\"article:publisher\" content=\"https:\/\/www.facebook.com\/TiketiCom\/\" \/>\n<meta property=\"article:modified_time\" content=\"2022-02-15T17:41:15+00:00\" \/>\n<meta property=\"og:image\" content=\"https:\/\/tiketi.com\/wp-content\/uploads\/2019\/05\/insurance-ravi-roshan-_AdUs32i0jc-unsplas.jpg\" \/>\n\t<meta property=\"og:image:width\" content=\"1200\" \/>\n\t<meta property=\"og:image:height\" content=\"200\" \/>\n\t<meta property=\"og:image:type\" content=\"image\/jpeg\" \/>\n<meta name=\"twitter:card\" content=\"summary_large_image\" \/>\n<meta name=\"twitter:label1\" content=\"Dur\u00e9e de lecture estim\u00e9e\" \/>\n\t<meta name=\"twitter:data1\" content=\"3 minutes\" \/>\n<script type=\"application\/ld+json\" class=\"yoast-schema-graph\">{\"@context\":\"https:\\\/\\\/schema.org\",\"@graph\":[{\"@type\":\"WebPage\",\"@id\":\"https:\\\/\\\/tiketi.com\\\/life-car-health-insurance-seychelles\\\/\",\"url\":\"https:\\\/\\\/tiketi.com\\\/life-car-health-insurance-seychelles\\\/\",\"name\":\"Online Insurance in Seychelles - Cheap Life, Health & Car Online Quotes\",\"isPartOf\":{\"@id\":\"https:\\\/\\\/tiketi.com\\\/#website\"},\"primaryImageOfPage\":{\"@id\":\"https:\\\/\\\/tiketi.com\\\/life-car-health-insurance-seychelles\\\/#primaryimage\"},\"image\":{\"@id\":\"https:\\\/\\\/tiketi.com\\\/life-car-health-insurance-seychelles\\\/#primaryimage\"},\"thumbnailUrl\":\"https:\\\/\\\/tiketi.com\\\/wp-content\\\/uploads\\\/2019\\\/05\\\/insurance-ravi-roshan-_AdUs32i0jc-unsplas.jpg\",\"datePublished\":\"2022-01-19T11:54:19+00:00\",\"dateModified\":\"2022-02-15T17:41:15+00:00\",\"description\":\"Looking for affordable healthcare, life or car insurance in Seychelles? Compare life, health or car online insurance in Seychelles and get cheap insurance quotes\",\"breadcrumb\":{\"@id\":\"https:\\\/\\\/tiketi.com\\\/life-car-health-insurance-seychelles\\\/#breadcrumb\"},\"inLanguage\":\"fr-FR\",\"potentialAction\":[{\"@type\":\"ReadAction\",\"target\":[\"https:\\\/\\\/tiketi.com\\\/life-car-health-insurance-seychelles\\\/\"]}]},{\"@type\":\"ImageObject\",\"inLanguage\":\"fr-FR\",\"@id\":\"https:\\\/\\\/tiketi.com\\\/life-car-health-insurance-seychelles\\\/#primaryimage\",\"url\":\"https:\\\/\\\/tiketi.com\\\/wp-content\\\/uploads\\\/2019\\\/05\\\/insurance-ravi-roshan-_AdUs32i0jc-unsplas.jpg\",\"contentUrl\":\"https:\\\/\\\/tiketi.com\\\/wp-content\\\/uploads\\\/2019\\\/05\\\/insurance-ravi-roshan-_AdUs32i0jc-unsplas.jpg\",\"width\":1200,\"height\":200,\"caption\":\"Insurance\"},{\"@type\":\"BreadcrumbList\",\"@id\":\"https:\\\/\\\/tiketi.com\\\/life-car-health-insurance-seychelles\\\/#breadcrumb\",\"itemListElement\":[{\"@type\":\"ListItem\",\"position\":1,\"name\":\"Home\",\"item\":\"https:\\\/\\\/tiketi.com\\\/\"},{\"@type\":\"ListItem\",\"position\":2,\"name\":\"Online Insurance in Seychelles &#8211; Cheap Life, Health &#038; Car Online Quotes\"}]},{\"@type\":\"WebSite\",\"@id\":\"https:\\\/\\\/tiketi.com\\\/#website\",\"url\":\"https:\\\/\\\/tiketi.com\\\/\",\"name\":\"Flight & Bus Tickets, Tour Packages & Activitites - Tiketi.com\",\"description\":\"Flight &amp; Bus Tickets, Tours, Activitites\",\"publisher\":{\"@id\":\"https:\\\/\\\/tiketi.com\\\/#organization\"},\"potentialAction\":[{\"@type\":\"SearchAction\",\"target\":{\"@type\":\"EntryPoint\",\"urlTemplate\":\"https:\\\/\\\/tiketi.com\\\/?s={search_term_string}\"},\"query-input\":{\"@type\":\"PropertyValueSpecification\",\"valueRequired\":true,\"valueName\":\"search_term_string\"}}],\"inLanguage\":\"fr-FR\"},{\"@type\":\"Organization\",\"@id\":\"https:\\\/\\\/tiketi.com\\\/#organization\",\"name\":\"Tiketi.com\",\"alternateName\":\"Tiketi\",\"url\":\"https:\\\/\\\/tiketi.com\\\/\",\"logo\":{\"@type\":\"ImageObject\",\"inLanguage\":\"fr-FR\",\"@id\":\"https:\\\/\\\/tiketi.com\\\/#\\\/schema\\\/logo\\\/image\\\/\",\"url\":\"https:\\\/\\\/tiketi.com\\\/wp-content\\\/uploads\\\/2019\\\/05\\\/tiketi-logo-696.png\",\"contentUrl\":\"https:\\\/\\\/tiketi.com\\\/wp-content\\\/uploads\\\/2019\\\/05\\\/tiketi-logo-696.png\",\"width\":696,\"height\":696,\"caption\":\"Tiketi.com\"},\"image\":{\"@id\":\"https:\\\/\\\/tiketi.com\\\/#\\\/schema\\\/logo\\\/image\\\/\"},\"sameAs\":[\"https:\\\/\\\/www.facebook.com\\\/TiketiCom\\\/\"]}]}<\/script>\n<!-- \/ Yoast SEO plugin. -->","yoast_head_json":{"title":"Assurance en ligne aux Seychelles - Devis en ligne bon march\u00e9 pour les assurances vie, sant\u00e9 et automobile","description":"Vous recherchez une assurance sant\u00e9, vie ou automobile abordable aux Seychelles ? Comparez les assurances vie, sant\u00e9 ou automobile en ligne aux Seychelles et obtenez des devis d&#039;assurance pas chers","robots":{"index":"index","follow":"follow","max-snippet":"max-snippet:-1","max-image-preview":"max-image-preview:large","max-video-preview":"max-video-preview:-1"},"canonical":"https:\/\/tiketi.com\/fr-fr\/life-car-health-insurance-seychelles\/","og_locale":"fr_FR","og_type":"article","og_title":"Online Insurance in Seychelles - Cheap Life, Health & Car Online Quotes","og_description":"Looking for affordable healthcare, life or car insurance in Seychelles? Compare life, health or car online insurance in Seychelles and get cheap insurance quotes","og_url":"https:\/\/tiketi.com\/fr-fr\/life-car-health-insurance-seychelles\/","og_site_name":"Tiketi.com","article_publisher":"https:\/\/www.facebook.com\/TiketiCom\/","article_modified_time":"2022-02-15T17:41:15+00:00","og_image":[{"width":1200,"height":200,"url":"https:\/\/tiketi.com\/wp-content\/uploads\/2019\/05\/insurance-ravi-roshan-_AdUs32i0jc-unsplas.jpg","type":"image\/jpeg"}],"twitter_card":"summary_large_image","twitter_misc":{"Dur\u00e9e de lecture estim\u00e9e":"3 minutes"},"schema":{"@context":"https:\/\/schema.org","@graph":[{"@type":"WebPage","@id":"https:\/\/tiketi.com\/life-car-health-insurance-seychelles\/","url":"https:\/\/tiketi.com\/life-car-health-insurance-seychelles\/","name":"Assurance en ligne aux Seychelles - Devis en ligne bon march\u00e9 pour les assurances vie, sant\u00e9 et automobile","isPartOf":{"@id":"https:\/\/tiketi.com\/#website"},"primaryImageOfPage":{"@id":"https:\/\/tiketi.com\/life-car-health-insurance-seychelles\/#primaryimage"},"image":{"@id":"https:\/\/tiketi.com\/life-car-health-insurance-seychelles\/#primaryimage"},"thumbnailUrl":"https:\/\/tiketi.com\/wp-content\/uploads\/2019\/05\/insurance-ravi-roshan-_AdUs32i0jc-unsplas.jpg","datePublished":"2022-01-19T11:54:19+00:00","dateModified":"2022-02-15T17:41:15+00:00","description":"Vous recherchez une assurance sant\u00e9, vie ou automobile abordable aux Seychelles ? Comparez les assurances vie, sant\u00e9 ou automobile en ligne aux Seychelles et obtenez des devis d&#039;assurance pas chers","breadcrumb":{"@id":"https:\/\/tiketi.com\/life-car-health-insurance-seychelles\/#breadcrumb"},"inLanguage":"fr-FR","potentialAction":[{"@type":"ReadAction","target":["https:\/\/tiketi.com\/life-car-health-insurance-seychelles\/"]}]},{"@type":"ImageObject","inLanguage":"fr-FR","@id":"https:\/\/tiketi.com\/life-car-health-insurance-seychelles\/#primaryimage","url":"https:\/\/tiketi.com\/wp-content\/uploads\/2019\/05\/insurance-ravi-roshan-_AdUs32i0jc-unsplas.jpg","contentUrl":"https:\/\/tiketi.com\/wp-content\/uploads\/2019\/05\/insurance-ravi-roshan-_AdUs32i0jc-unsplas.jpg","width":1200,"height":200,"caption":"Insurance"},{"@type":"BreadcrumbList","@id":"https:\/\/tiketi.com\/life-car-health-insurance-seychelles\/#breadcrumb","itemListElement":[{"@type":"ListItem","position":1,"name":"Home","item":"https:\/\/tiketi.com\/"},{"@type":"ListItem","position":2,"name":"Online Insurance in Seychelles &#8211; Cheap Life, Health &#038; Car Online Quotes"}]},{"@type":"WebSite","@id":"https:\/\/tiketi.com\/#website","url":"https:\/\/tiketi.com\/","name":"Billets d&#039;avion et de bus, forfaits touristiques et activit\u00e9s - Tiketi.com","description":"Billets d&#039;avion et de bus, Tours, Activit\u00e9s","publisher":{"@id":"https:\/\/tiketi.com\/#organization"},"potentialAction":[{"@type":"SearchAction","target":{"@type":"EntryPoint","urlTemplate":"https:\/\/tiketi.com\/?s={search_term_string}"},"query-input":{"@type":"PropertyValueSpecification","valueRequired":true,"valueName":"search_term_string"}}],"inLanguage":"fr-FR"},{"@type":"Organization","@id":"https:\/\/tiketi.com\/#organization","name":"Tiketi.com","alternateName":"Tiketi","url":"https:\/\/tiketi.com\/","logo":{"@type":"ImageObject","inLanguage":"fr-FR","@id":"https:\/\/tiketi.com\/#\/schema\/logo\/image\/","url":"https:\/\/tiketi.com\/wp-content\/uploads\/2019\/05\/tiketi-logo-696.png","contentUrl":"https:\/\/tiketi.com\/wp-content\/uploads\/2019\/05\/tiketi-logo-696.png","width":696,"height":696,"caption":"Tiketi.com"},"image":{"@id":"https:\/\/tiketi.com\/#\/schema\/logo\/image\/"},"sameAs":["https:\/\/www.facebook.com\/TiketiCom\/"]}]}},"_links":{"self":[{"href":"https:\/\/tiketi.com\/fr-fr\/wp-json\/wp\/v2\/pages\/11180","targetHints":{"allow":["GET"]}}],"collection":[{"href":"https:\/\/tiketi.com\/fr-fr\/wp-json\/wp\/v2\/pages"}],"about":[{"href":"https:\/\/tiketi.com\/fr-fr\/wp-json\/wp\/v2\/types\/page"}],"author":[{"embeddable":true,"href":"https:\/\/tiketi.com\/fr-fr\/wp-json\/wp\/v2\/users\/1"}],"replies":[{"embeddable":true,"href":"https:\/\/tiketi.com\/fr-fr\/wp-json\/wp\/v2\/comments?post=11180"}],"version-history":[{"count":0,"href":"https:\/\/tiketi.com\/fr-fr\/wp-json\/wp\/v2\/pages\/11180\/revisions"}],"wp:featuredmedia":[{"embeddable":true,"href":"https:\/\/tiketi.com\/fr-fr\/wp-json\/wp\/v2\/media\/20034"}],"wp:attachment":[{"href":"https:\/\/tiketi.com\/fr-fr\/wp-json\/wp\/v2\/media?parent=11180"}],"curies":[{"name":"wp","href":"https:\/\/api.w.org\/{rel}","templated":true}]}}