{"id":11181,"date":"2022-01-19T12:54:19","date_gmt":"2022-01-19T11:54:19","guid":{"rendered":"https:\/\/new.tiketi.com\/insurance-in-mauritius-cheap-life-health-car-online-quotes\/"},"modified":"2022-02-15T18:17:12","modified_gmt":"2022-02-15T17:17:12","slug":"life-car-health-insurance-mauritius","status":"publish","type":"page","link":"https:\/\/tiketi.com\/fr-fr\/life-car-health-insurance-mauritius\/","title":{"rendered":"Assurance en ligne \u00e0 l&#039;Ile Maurice - Devis vie, sant\u00e9 et voiture bon march\u00e9"},"content":{"rendered":"<h2>Assurance vie, sant\u00e9 et auto pas ch\u00e8re Ile Maurice<\/h2>\n<h3>Comparez gratuitement les devis d&#039;assurance vie, sant\u00e9 ou voiture bon march\u00e9 \u00e0 l&#039;\u00eele Maurice.<\/h3>\n<p>Comparez et trouvez la meilleure assurance en ligne \u00e0 Maurice en ligne. La protection de vos actifs les plus vitaux est une \u00e9tape essentielle dans la cr\u00e9ation d&#039;un plan financier personnel solide, et la meilleure assurance mauricienne vous aidera grandement \u00e0 prot\u00e9ger vos biens et votre capacit\u00e9 \u00e0 gagner de l&#039;argent. Dans cette page, nous discutons des meilleures polices d&#039;assurance mauriciennes dont vous ne devriez pas vous passer. Comparez et souscrivez en ligne une assurance vie, sant\u00e9 ou auto Maurice et gagnez du temps et de l&#039;argent.<\/p>\n<h2>FAQ sur les devis d&#039;assurance en ligne \u00e0 l&#039;\u00eele Maurice<\/h2>\n<h3>Meilleure assurance vie Ile Maurice<\/h3>\n<p>L&#039;assurance-vie Maurice sauve les personnes qui d\u00e9pendent financi\u00e8rement de vous. Si votre conjoint, vos parents, vos enfants ou d&#039;autres \u00eatres chers seraient confront\u00e9s \u00e0 des difficult\u00e9s financi\u00e8res si vous d\u00e9c\u00e9diez, l&#039;assurance-vie Maurice devrait figurer en bonne place sur votre liste de polices d&#039;assurance requises. Pensez \u00e0 combien vous gagnez chaque ann\u00e9e et achetez une police pour modifier ce revenu en cas de d\u00e9c\u00e8s.<\/p>\n<h3>Meilleure assurance sant\u00e9 Ile Maurice<\/h3>\n<p>Le co\u00fbt \u00e9lev\u00e9 des soins m\u00e9dicaux est une raison suffisante pour faire d&#039;une assurance sant\u00e9 Maurice une n\u00e9cessit\u00e9. M\u00eame une simple visite chez le m\u00e9decin de famille peut entra\u00eener une facture \u00e9norme. Des blessures plus graves r\u00e9sultant d&#039;un s\u00e9jour \u00e0 l&#039;h\u00f4pital peuvent entra\u00eener une facture d\u00e9passant le prix d&#039;un s\u00e9jour d&#039;une semaine dans un h\u00f4tel de luxe. Les blessures n\u00e9cessitant une intervention chirurgicale peuvent acc\u00e9l\u00e9rer les co\u00fbts \u00e0 5 chiffres. Bien que le co\u00fbt de l&#039;assurance m\u00e9dicale mauricienne soit un fardeau financier pour \u00e0 peu pr\u00e8s tout le monde, le co\u00fbt potentiel de ne pas avoir d&#039;assurance m\u00e9dicale mauricienne est beaucoup plus \u00e9lev\u00e9.<\/p>\n<h3>Meilleure assurance auto Ile Maurice<\/h3>\n<p>Un certain niveau de la meilleure assurance automobile mauricienne est requis par la loi dans la plupart des endroits. M\u00eame si vous n&#039;\u00eates pas oblig\u00e9 de l&#039;avoir et que vous conduisez une vieille casse qui a \u00e9t\u00e9 pay\u00e9e pendant des ann\u00e9es, l&#039;assurance automobile est quelque chose que vous ne devriez pas ignorer. Si vous \u00eates impliqu\u00e9 dans un accident et que quelqu&#039;un est bless\u00e9 ou que ses biens sont d\u00e9truits, vous pourriez faire l&#039;objet d&#039;une poursuite qui pourrait vous co\u00fbter tout ce que vous poss\u00e9dez. Les accidents se produisent rapidement et les r\u00e9sultats sont g\u00e9n\u00e9ralement tragiques. Le fait de ne pas avoir d&#039;assurance automobile ou de n&#039;acheter que la couverture minimale n\u00e9cessaire ne vous permet de conserver qu&#039;une petite somme d&#039;argent et de mettre en danger tout ce que vous poss\u00e9dez.<\/p>\n<h3>Achetez votre assurance Maurice avec soin<\/h3>\n<p>Les polices d&#039;assurance sont disponibles dans une large gamme de tailles et de formes et proposent des sp\u00e9cifications, des avantages et des prix diff\u00e9rents. Magasinez attentivement, lisez les politiques et discutez avec l&#039;agent pour vous assurer que vous comprenez la couverture et le co\u00fbt. Assurez-vous que les polices que vous achetez sont suffisantes pour vos besoins et ne signez pas sur la ligne pointill\u00e9e tant que vous n&#039;\u00eates pas satisfait de l&#039;achat.<\/p>","protected":false},"excerpt":{"rendered":"<p>Cheap Life, Health, Car Insurance Mauritius Compare cheap life, healthcare or car insurance Mauritius quotes for free. Compare and find the best online insurance in Mauritius online. Protecting your most vital assets is a vital step in creating a strong personal financial plan, and the best Mauritius insurance will go a long way toward helping [&hellip;]<\/p>\n","protected":false},"author":1,"featured_media":20034,"parent":0,"menu_order":0,"comment_status":"open","ping_status":"closed","template":"template-home-modern.php","meta":{"footnotes":""},"class_list":["post-11181","page","type-page","status-publish","has-post-thumbnail","hentry"],"yoast_head":"<!-- This site is optimized with the Yoast SEO plugin v27.3 - https:\/\/yoast.com\/product\/yoast-seo-wordpress\/ -->\n<title>Insurance in Mauritius - Cheap Life, Health &amp; Car Online Quotes<\/title>\n<meta name=\"description\" content=\"Looking for affordable healthcare, life or car insurance in Mauritius? Compare life, health or car online insurance Mauritius and get cheap insurance quotes\" \/>\n<meta name=\"robots\" content=\"index, follow, max-snippet:-1, max-image-preview:large, max-video-preview:-1\" \/>\n<link rel=\"canonical\" href=\"https:\/\/tiketi.com\/fr-fr\/life-car-health-insurance-mauritius\/\" \/>\n<meta property=\"og:locale\" content=\"fr_FR\" \/>\n<meta property=\"og:type\" content=\"article\" \/>\n<meta property=\"og:title\" content=\"Insurance in Mauritius - Cheap Life, Health &amp; Car Online Quotes\" \/>\n<meta property=\"og:description\" content=\"Looking for affordable healthcare, life or car insurance in Mauritius? Compare life, health or car online insurance Mauritius and get cheap insurance quotes\" \/>\n<meta property=\"og:url\" content=\"https:\/\/tiketi.com\/fr-fr\/life-car-health-insurance-mauritius\/\" \/>\n<meta property=\"og:site_name\" content=\"Tiketi.com\" \/>\n<meta property=\"article:publisher\" content=\"https:\/\/www.facebook.com\/TiketiCom\/\" \/>\n<meta property=\"article:modified_time\" content=\"2022-02-15T17:17:12+00:00\" \/>\n<meta property=\"og:image\" content=\"https:\/\/tiketi.com\/wp-content\/uploads\/2019\/05\/insurance-ravi-roshan-_AdUs32i0jc-unsplas.jpg\" \/>\n\t<meta property=\"og:image:width\" content=\"1200\" \/>\n\t<meta property=\"og:image:height\" content=\"200\" \/>\n\t<meta property=\"og:image:type\" content=\"image\/jpeg\" \/>\n<meta name=\"twitter:card\" content=\"summary_large_image\" \/>\n<meta name=\"twitter:label1\" content=\"Dur\u00e9e de lecture estim\u00e9e\" \/>\n\t<meta name=\"twitter:data1\" content=\"2 minutes\" \/>\n<script type=\"application\/ld+json\" class=\"yoast-schema-graph\">{\"@context\":\"https:\\\/\\\/schema.org\",\"@graph\":[{\"@type\":\"WebPage\",\"@id\":\"https:\\\/\\\/tiketi.com\\\/fr-fr\\\/life-car-health-insurance-mauritius\\\/\",\"url\":\"https:\\\/\\\/tiketi.com\\\/fr-fr\\\/life-car-health-insurance-mauritius\\\/\",\"name\":\"Insurance in Mauritius - Cheap Life, Health & Car Online Quotes\",\"isPartOf\":{\"@id\":\"https:\\\/\\\/tiketi.com\\\/#website\"},\"primaryImageOfPage\":{\"@id\":\"https:\\\/\\\/tiketi.com\\\/fr-fr\\\/life-car-health-insurance-mauritius\\\/#primaryimage\"},\"image\":{\"@id\":\"https:\\\/\\\/tiketi.com\\\/fr-fr\\\/life-car-health-insurance-mauritius\\\/#primaryimage\"},\"thumbnailUrl\":\"https:\\\/\\\/tiketi.com\\\/wp-content\\\/uploads\\\/2019\\\/05\\\/insurance-ravi-roshan-_AdUs32i0jc-unsplas.jpg\",\"datePublished\":\"2022-01-19T11:54:19+00:00\",\"dateModified\":\"2022-02-15T17:17:12+00:00\",\"description\":\"Looking for affordable healthcare, life or car insurance in Mauritius? Compare life, health or car online insurance Mauritius and get cheap insurance quotes\",\"breadcrumb\":{\"@id\":\"https:\\\/\\\/tiketi.com\\\/fr-fr\\\/life-car-health-insurance-mauritius\\\/#breadcrumb\"},\"inLanguage\":\"fr-FR\",\"potentialAction\":[{\"@type\":\"ReadAction\",\"target\":[\"https:\\\/\\\/tiketi.com\\\/fr-fr\\\/life-car-health-insurance-mauritius\\\/\"]}]},{\"@type\":\"ImageObject\",\"inLanguage\":\"fr-FR\",\"@id\":\"https:\\\/\\\/tiketi.com\\\/fr-fr\\\/life-car-health-insurance-mauritius\\\/#primaryimage\",\"url\":\"https:\\\/\\\/tiketi.com\\\/wp-content\\\/uploads\\\/2019\\\/05\\\/insurance-ravi-roshan-_AdUs32i0jc-unsplas.jpg\",\"contentUrl\":\"https:\\\/\\\/tiketi.com\\\/wp-content\\\/uploads\\\/2019\\\/05\\\/insurance-ravi-roshan-_AdUs32i0jc-unsplas.jpg\",\"width\":1200,\"height\":200,\"caption\":\"Insurance\"},{\"@type\":\"BreadcrumbList\",\"@id\":\"https:\\\/\\\/tiketi.com\\\/fr-fr\\\/life-car-health-insurance-mauritius\\\/#breadcrumb\",\"itemListElement\":[{\"@type\":\"ListItem\",\"position\":1,\"name\":\"Home\",\"item\":\"https:\\\/\\\/tiketi.com\\\/\"},{\"@type\":\"ListItem\",\"position\":2,\"name\":\"Online Insurance in Mauritius- Cheap Life, Health &#038; Car Quotes\"}]},{\"@type\":\"WebSite\",\"@id\":\"https:\\\/\\\/tiketi.com\\\/#website\",\"url\":\"https:\\\/\\\/tiketi.com\\\/\",\"name\":\"Flight & Bus Tickets, Tour Packages & Activitites - Tiketi.com\",\"description\":\"Flight &amp; Bus Tickets, Tours, Activitites\",\"publisher\":{\"@id\":\"https:\\\/\\\/tiketi.com\\\/#organization\"},\"potentialAction\":[{\"@type\":\"SearchAction\",\"target\":{\"@type\":\"EntryPoint\",\"urlTemplate\":\"https:\\\/\\\/tiketi.com\\\/?s={search_term_string}\"},\"query-input\":{\"@type\":\"PropertyValueSpecification\",\"valueRequired\":true,\"valueName\":\"search_term_string\"}}],\"inLanguage\":\"fr-FR\"},{\"@type\":\"Organization\",\"@id\":\"https:\\\/\\\/tiketi.com\\\/#organization\",\"name\":\"Tiketi.com\",\"alternateName\":\"Tiketi\",\"url\":\"https:\\\/\\\/tiketi.com\\\/\",\"logo\":{\"@type\":\"ImageObject\",\"inLanguage\":\"fr-FR\",\"@id\":\"https:\\\/\\\/tiketi.com\\\/#\\\/schema\\\/logo\\\/image\\\/\",\"url\":\"https:\\\/\\\/tiketi.com\\\/wp-content\\\/uploads\\\/2019\\\/05\\\/tiketi-logo-696.png\",\"contentUrl\":\"https:\\\/\\\/tiketi.com\\\/wp-content\\\/uploads\\\/2019\\\/05\\\/tiketi-logo-696.png\",\"width\":696,\"height\":696,\"caption\":\"Tiketi.com\"},\"image\":{\"@id\":\"https:\\\/\\\/tiketi.com\\\/#\\\/schema\\\/logo\\\/image\\\/\"},\"sameAs\":[\"https:\\\/\\\/www.facebook.com\\\/TiketiCom\\\/\"]}]}<\/script>\n<!-- \/ Yoast SEO plugin. -->","yoast_head_json":{"title":"Assurance \u00e0 l&#039;Ile Maurice - Devis vie, sant\u00e9 et voiture pas cher en ligne","description":"Vous recherchez une assurance sant\u00e9, vie ou voiture abordable \u00e0 Maurice ? Comparez les assurances vie, sant\u00e9 ou auto en ligne Ile Maurice et obtenez des devis d&#039;assurance pas chers","robots":{"index":"index","follow":"follow","max-snippet":"max-snippet:-1","max-image-preview":"max-image-preview:large","max-video-preview":"max-video-preview:-1"},"canonical":"https:\/\/tiketi.com\/fr-fr\/life-car-health-insurance-mauritius\/","og_locale":"fr_FR","og_type":"article","og_title":"Insurance in Mauritius - Cheap Life, Health & Car Online Quotes","og_description":"Looking for affordable healthcare, life or car insurance in Mauritius? Compare life, health or car online insurance Mauritius and get cheap insurance quotes","og_url":"https:\/\/tiketi.com\/fr-fr\/life-car-health-insurance-mauritius\/","og_site_name":"Tiketi.com","article_publisher":"https:\/\/www.facebook.com\/TiketiCom\/","article_modified_time":"2022-02-15T17:17:12+00:00","og_image":[{"width":1200,"height":200,"url":"https:\/\/tiketi.com\/wp-content\/uploads\/2019\/05\/insurance-ravi-roshan-_AdUs32i0jc-unsplas.jpg","type":"image\/jpeg"}],"twitter_card":"summary_large_image","twitter_misc":{"Dur\u00e9e de lecture estim\u00e9e":"2 minutes"},"schema":{"@context":"https:\/\/schema.org","@graph":[{"@type":"WebPage","@id":"https:\/\/tiketi.com\/fr-fr\/life-car-health-insurance-mauritius\/","url":"https:\/\/tiketi.com\/fr-fr\/life-car-health-insurance-mauritius\/","name":"Assurance \u00e0 l&#039;Ile Maurice - Devis vie, sant\u00e9 et voiture pas cher en ligne","isPartOf":{"@id":"https:\/\/tiketi.com\/#website"},"primaryImageOfPage":{"@id":"https:\/\/tiketi.com\/fr-fr\/life-car-health-insurance-mauritius\/#primaryimage"},"image":{"@id":"https:\/\/tiketi.com\/fr-fr\/life-car-health-insurance-mauritius\/#primaryimage"},"thumbnailUrl":"https:\/\/tiketi.com\/wp-content\/uploads\/2019\/05\/insurance-ravi-roshan-_AdUs32i0jc-unsplas.jpg","datePublished":"2022-01-19T11:54:19+00:00","dateModified":"2022-02-15T17:17:12+00:00","description":"Vous recherchez une assurance sant\u00e9, vie ou voiture abordable \u00e0 Maurice ? Comparez les assurances vie, sant\u00e9 ou auto en ligne Ile Maurice et obtenez des devis d&#039;assurance pas chers","breadcrumb":{"@id":"https:\/\/tiketi.com\/fr-fr\/life-car-health-insurance-mauritius\/#breadcrumb"},"inLanguage":"fr-FR","potentialAction":[{"@type":"ReadAction","target":["https:\/\/tiketi.com\/fr-fr\/life-car-health-insurance-mauritius\/"]}]},{"@type":"ImageObject","inLanguage":"fr-FR","@id":"https:\/\/tiketi.com\/fr-fr\/life-car-health-insurance-mauritius\/#primaryimage","url":"https:\/\/tiketi.com\/wp-content\/uploads\/2019\/05\/insurance-ravi-roshan-_AdUs32i0jc-unsplas.jpg","contentUrl":"https:\/\/tiketi.com\/wp-content\/uploads\/2019\/05\/insurance-ravi-roshan-_AdUs32i0jc-unsplas.jpg","width":1200,"height":200,"caption":"Insurance"},{"@type":"BreadcrumbList","@id":"https:\/\/tiketi.com\/fr-fr\/life-car-health-insurance-mauritius\/#breadcrumb","itemListElement":[{"@type":"ListItem","position":1,"name":"Home","item":"https:\/\/tiketi.com\/"},{"@type":"ListItem","position":2,"name":"Online Insurance in Mauritius- Cheap Life, Health &#038; Car Quotes"}]},{"@type":"WebSite","@id":"https:\/\/tiketi.com\/#website","url":"https:\/\/tiketi.com\/","name":"Billets d&#039;avion et de bus, forfaits touristiques et activit\u00e9s - Tiketi.com","description":"Billets d&#039;avion et de bus, Tours, Activit\u00e9s","publisher":{"@id":"https:\/\/tiketi.com\/#organization"},"potentialAction":[{"@type":"SearchAction","target":{"@type":"EntryPoint","urlTemplate":"https:\/\/tiketi.com\/?s={search_term_string}"},"query-input":{"@type":"PropertyValueSpecification","valueRequired":true,"valueName":"search_term_string"}}],"inLanguage":"fr-FR"},{"@type":"Organization","@id":"https:\/\/tiketi.com\/#organization","name":"Tiketi.com","alternateName":"Tiketi","url":"https:\/\/tiketi.com\/","logo":{"@type":"ImageObject","inLanguage":"fr-FR","@id":"https:\/\/tiketi.com\/#\/schema\/logo\/image\/","url":"https:\/\/tiketi.com\/wp-content\/uploads\/2019\/05\/tiketi-logo-696.png","contentUrl":"https:\/\/tiketi.com\/wp-content\/uploads\/2019\/05\/tiketi-logo-696.png","width":696,"height":696,"caption":"Tiketi.com"},"image":{"@id":"https:\/\/tiketi.com\/#\/schema\/logo\/image\/"},"sameAs":["https:\/\/www.facebook.com\/TiketiCom\/"]}]}},"_links":{"self":[{"href":"https:\/\/tiketi.com\/fr-fr\/wp-json\/wp\/v2\/pages\/11181","targetHints":{"allow":["GET"]}}],"collection":[{"href":"https:\/\/tiketi.com\/fr-fr\/wp-json\/wp\/v2\/pages"}],"about":[{"href":"https:\/\/tiketi.com\/fr-fr\/wp-json\/wp\/v2\/types\/page"}],"author":[{"embeddable":true,"href":"https:\/\/tiketi.com\/fr-fr\/wp-json\/wp\/v2\/users\/1"}],"replies":[{"embeddable":true,"href":"https:\/\/tiketi.com\/fr-fr\/wp-json\/wp\/v2\/comments?post=11181"}],"version-history":[{"count":0,"href":"https:\/\/tiketi.com\/fr-fr\/wp-json\/wp\/v2\/pages\/11181\/revisions"}],"wp:featuredmedia":[{"embeddable":true,"href":"https:\/\/tiketi.com\/fr-fr\/wp-json\/wp\/v2\/media\/20034"}],"wp:attachment":[{"href":"https:\/\/tiketi.com\/fr-fr\/wp-json\/wp\/v2\/media?parent=11181"}],"curies":[{"name":"wp","href":"https:\/\/api.w.org\/{rel}","templated":true}]}}