{"id":11182,"date":"2022-01-19T12:54:19","date_gmt":"2022-01-19T11:54:19","guid":{"rendered":"https:\/\/new.tiketi.com\/insurance-in-zambia-cheap-life-health-car-online-quotes\/"},"modified":"2022-02-15T18:40:19","modified_gmt":"2022-02-15T17:40:19","slug":"life-car-health-insurance-zambia","status":"publish","type":"page","link":"https:\/\/tiketi.com\/fr-fr\/life-car-health-insurance-zambia\/","title":{"rendered":"Assurance en ligne en Zambie \u2013 Devis vie, sant\u00e9 et automobile bon march\u00e9"},"content":{"rendered":"<h2>Assurance en ligne bon march\u00e9 en Zambie Devis<\/h2>\n<h3>Comparez gratuitement les devis d&#039;assurance vie, sant\u00e9 ou voiture bon march\u00e9 au Rwanda.<\/h3>\n<p>Comparez et trouvez la meilleure assurance en ligne en Zambie en ligne. Vous avez travaill\u00e9 dur pour b\u00e2tir une base solide pour vous et votre famille, vous voulez donc \u00eatre s\u00fbr que tout est sauv\u00e9. Des catastrophes et des accidents peuvent se produire et se produisent effectivement, et si vous n\u2019\u00eates pas suffisamment assur\u00e9, vous pourriez subir des dommages financiers. Vous avez besoin d&#039;une assurance Zambie pour sauver votre vie, votre capacit\u00e9 \u00e0 gagner un revenu et pour garder un toit au-dessus de votre t\u00eate. Lorsque vous \u00e9valuez les espaces potentiels de votre couverture d&#039;assurance en Zambie, r\u00e9fl\u00e9chissez aux polices que vous souhaiterez peut-\u00eatre ajouter \u00e0 votre plan financier \u00e0 court et \u00e0 long terme. Comparez et souscrivez une assurance vie, sant\u00e9 ou automobile Zambie en ligne et \u00e9conomisez du temps et de l&#039;argent.<\/p>\n<h2>FAQ sur l&#039;assurance vie, sant\u00e9 et automobile en Zambie<\/h2>\n<h3>Types d\u2019assurance Zambie dont vous avez besoin<\/h3>\n<p>Vous pouvez assurer presque tout, mais beaucoup de choses doivent \u00eatre correctement assur\u00e9es. Le besoin d\u2019assurance couvre g\u00e9n\u00e9ralement votre sant\u00e9, votre vie et vos biens. Au minimum, il est essentiel d&#039;avoir :<\/p>\n<p>\u2022 Assurance maladie Zambie pour couvrir les frais m\u00e9dicaux pour vous et votre famille.<\/p>\n<p>\u2022 L&#039;assurance vie en Zambie peut offrir une s\u00e9curit\u00e9 financi\u00e8re \u00e0 vos proches \u00e0 votre d\u00e9c\u00e8s.<\/p>\n<p>\u2022 L&#039;assurance locataire ou habitation assure votre maison et vos biens de valeur.<\/p>\n<p>\u2022 Assurance auto pour sauvegarder votre v\u00e9hicule et assurance moto pour sauvegarder votre v\u00e9lo.<\/p>\n<p>Lors de l\u2019appariement des polices, r\u00e9fl\u00e9chissez au niveau de couverture dont vous avez besoin, aux primes que vous pouvez vous permettre et \u00e0 l\u2019endroit o\u00f9 vous aimeriez fixer votre franchise.<\/p>\n<h3>Quel type d&#039;assurance vous convient le mieux ?<\/h3>\n<p>Une fois que vous avez planifi\u00e9 le montant d\u2019assurance vie dont vous avez besoin, il convient de d\u00e9terminer quel type d\u2019assurance vie en Zambie est le meilleur. Vous pouvez choisir une police d\u2019assurance vie temporaire, qui vous couvre pour une dur\u00e9e d\u00e9termin\u00e9e et qui a tendance \u00e0 offrir les primes les plus basses de tous les choix d\u2019assurance vie. Ou bien, vous pouvez privil\u00e9gier une couverture r\u00e9elle sous forme de couverture vie enti\u00e8re, de couverture vie variable ou de vie universelle. M\u00eame si ces polices peuvent comporter des primes plus \u00e9lev\u00e9es, elles offrent l\u2019avantage d\u2019une couverture \u00e0 vie avec la possibilit\u00e9 de cr\u00e9er une valeur de rachat. Il est essentiel de peser les avantages et les inconv\u00e9nients des deux et de les adapter \u00e0 vos besoins de vie en Zambie.<\/p>\n<h3>Trouver la meilleure police d&#039;assurance automobile en Zambie<\/h3>\n<p>Si vous poss\u00e9dez un v\u00e9hicule, vous devez le faire assurer. L&#039;assurance automobile Zambie peut vous sauver si vous avez un accident ou si votre v\u00e9hicule est vol\u00e9 ou d\u00e9truit \u00e0 cause du vandalisme ou d&#039;une catastrophe naturelle. L\u2019assurance automobile est un secteur extr\u00eamement comp\u00e9titif et de nombreux choix s\u2019offrent \u00e0 vous. Trouver la meilleure combinaison de couverture suffisante au meilleur prix peut s\u2019av\u00e9rer difficile.<\/p>","protected":false},"excerpt":{"rendered":"<p>Cheap Online Insurance in Zambia Quotes Compare cheap life, healthcare or car insurance Rwanda quotes for free. Compare and find the best online insurance in Zambia online. You have worked hard to build a powerful footing for you and your family, so you want to be sure that everything is saved. Disasters and accidents can [&hellip;]<\/p>\n","protected":false},"author":1,"featured_media":20034,"parent":0,"menu_order":0,"comment_status":"open","ping_status":"closed","template":"template-home-modern.php","meta":{"footnotes":""},"class_list":["post-11182","page","type-page","status-publish","has-post-thumbnail","hentry"],"yoast_head":"<!-- This site is optimized with the Yoast SEO plugin v27.2 - https:\/\/yoast.com\/product\/yoast-seo-wordpress\/ -->\n<title>Online Insurance in Zambia - Cheap Life, Health &amp; Car Online Quotes<\/title>\n<meta name=\"description\" content=\"Looking for affordable healthcare, life or car insurance in Zambia? Compare life, health or car online insurance in Zambia and get cheap insurance quotes\" \/>\n<meta name=\"robots\" content=\"index, follow, max-snippet:-1, max-image-preview:large, max-video-preview:-1\" \/>\n<link rel=\"canonical\" href=\"https:\/\/tiketi.com\/fr-fr\/life-car-health-insurance-zambia\/\" \/>\n<meta property=\"og:locale\" content=\"fr_FR\" \/>\n<meta property=\"og:type\" content=\"article\" \/>\n<meta property=\"og:title\" content=\"Online Insurance in Zambia - Cheap Life, Health &amp; Car Online Quotes\" \/>\n<meta property=\"og:description\" content=\"Looking for affordable healthcare, life or car insurance in Zambia? Compare life, health or car online insurance in Zambia and get cheap insurance quotes\" \/>\n<meta property=\"og:url\" content=\"https:\/\/tiketi.com\/fr-fr\/life-car-health-insurance-zambia\/\" \/>\n<meta property=\"og:site_name\" content=\"Tiketi.com\" \/>\n<meta property=\"article:publisher\" content=\"https:\/\/www.facebook.com\/TiketiCom\/\" \/>\n<meta property=\"article:modified_time\" content=\"2022-02-15T17:40:19+00:00\" \/>\n<meta property=\"og:image\" content=\"https:\/\/tiketi.com\/wp-content\/uploads\/2019\/05\/insurance-ravi-roshan-_AdUs32i0jc-unsplas.jpg\" \/>\n\t<meta property=\"og:image:width\" content=\"1200\" \/>\n\t<meta property=\"og:image:height\" content=\"200\" \/>\n\t<meta property=\"og:image:type\" content=\"image\/jpeg\" \/>\n<meta name=\"twitter:card\" content=\"summary_large_image\" \/>\n<meta name=\"twitter:label1\" content=\"Dur\u00e9e de lecture estim\u00e9e\" \/>\n\t<meta name=\"twitter:data1\" content=\"2 minutes\" \/>\n<script type=\"application\/ld+json\" class=\"yoast-schema-graph\">{\"@context\":\"https:\/\/schema.org\",\"@graph\":[{\"@type\":\"WebPage\",\"@id\":\"https:\/\/tiketi.com\/life-car-health-insurance-zambia\/\",\"url\":\"https:\/\/tiketi.com\/life-car-health-insurance-zambia\/\",\"name\":\"Online Insurance in Zambia - Cheap Life, Health & Car Online Quotes\",\"isPartOf\":{\"@id\":\"https:\/\/tiketi.com\/#website\"},\"primaryImageOfPage\":{\"@id\":\"https:\/\/tiketi.com\/life-car-health-insurance-zambia\/#primaryimage\"},\"image\":{\"@id\":\"https:\/\/tiketi.com\/life-car-health-insurance-zambia\/#primaryimage\"},\"thumbnailUrl\":\"https:\/\/tiketi.com\/wp-content\/uploads\/2019\/05\/insurance-ravi-roshan-_AdUs32i0jc-unsplas.jpg\",\"datePublished\":\"2022-01-19T11:54:19+00:00\",\"dateModified\":\"2022-02-15T17:40:19+00:00\",\"description\":\"Looking for affordable healthcare, life or car insurance in Zambia? Compare life, health or car online insurance in Zambia and get cheap insurance quotes\",\"breadcrumb\":{\"@id\":\"https:\/\/tiketi.com\/life-car-health-insurance-zambia\/#breadcrumb\"},\"inLanguage\":\"fr-FR\",\"potentialAction\":[{\"@type\":\"ReadAction\",\"target\":[\"https:\/\/tiketi.com\/life-car-health-insurance-zambia\/\"]}]},{\"@type\":\"ImageObject\",\"inLanguage\":\"fr-FR\",\"@id\":\"https:\/\/tiketi.com\/life-car-health-insurance-zambia\/#primaryimage\",\"url\":\"https:\/\/tiketi.com\/wp-content\/uploads\/2019\/05\/insurance-ravi-roshan-_AdUs32i0jc-unsplas.jpg\",\"contentUrl\":\"https:\/\/tiketi.com\/wp-content\/uploads\/2019\/05\/insurance-ravi-roshan-_AdUs32i0jc-unsplas.jpg\",\"width\":1200,\"height\":200,\"caption\":\"Insurance\"},{\"@type\":\"BreadcrumbList\",\"@id\":\"https:\/\/tiketi.com\/life-car-health-insurance-zambia\/#breadcrumb\",\"itemListElement\":[{\"@type\":\"ListItem\",\"position\":1,\"name\":\"Home\",\"item\":\"https:\/\/tiketi.com\/\"},{\"@type\":\"ListItem\",\"position\":2,\"name\":\"Online Insurance in Zambia &#8211; Cheap Life, Health &#038; Car Quotes\"}]},{\"@type\":\"WebSite\",\"@id\":\"https:\/\/tiketi.com\/#website\",\"url\":\"https:\/\/tiketi.com\/\",\"name\":\"Flight & Bus Tickets, Tour Packages & Activitites - Tiketi.com\",\"description\":\"Flight &amp; Bus Tickets, Tours, Activitites\",\"publisher\":{\"@id\":\"https:\/\/tiketi.com\/#organization\"},\"potentialAction\":[{\"@type\":\"SearchAction\",\"target\":{\"@type\":\"EntryPoint\",\"urlTemplate\":\"https:\/\/tiketi.com\/?s={search_term_string}\"},\"query-input\":{\"@type\":\"PropertyValueSpecification\",\"valueRequired\":true,\"valueName\":\"search_term_string\"}}],\"inLanguage\":\"fr-FR\"},{\"@type\":\"Organization\",\"@id\":\"https:\/\/tiketi.com\/#organization\",\"name\":\"Tiketi.com\",\"alternateName\":\"Tiketi\",\"url\":\"https:\/\/tiketi.com\/\",\"logo\":{\"@type\":\"ImageObject\",\"inLanguage\":\"fr-FR\",\"@id\":\"https:\/\/tiketi.com\/#\/schema\/logo\/image\/\",\"url\":\"https:\/\/tiketi.com\/wp-content\/uploads\/2019\/05\/tiketi-logo-696.png\",\"contentUrl\":\"https:\/\/tiketi.com\/wp-content\/uploads\/2019\/05\/tiketi-logo-696.png\",\"width\":696,\"height\":696,\"caption\":\"Tiketi.com\"},\"image\":{\"@id\":\"https:\/\/tiketi.com\/#\/schema\/logo\/image\/\"},\"sameAs\":[\"https:\/\/www.facebook.com\/TiketiCom\/\"]}]}<\/script>\n<!-- \/ Yoast SEO plugin. -->","yoast_head_json":{"title":"Assurance en ligne en Zambie - Devis en ligne bon march\u00e9 pour les assurances vie, sant\u00e9 et automobile","description":"Vous recherchez une assurance sant\u00e9, vie ou automobile abordable en Zambie ? Comparez les assurances vie, sant\u00e9 ou automobile en ligne en Zambie et obtenez des devis d&#039;assurance pas chers","robots":{"index":"index","follow":"follow","max-snippet":"max-snippet:-1","max-image-preview":"max-image-preview:large","max-video-preview":"max-video-preview:-1"},"canonical":"https:\/\/tiketi.com\/fr-fr\/life-car-health-insurance-zambia\/","og_locale":"fr_FR","og_type":"article","og_title":"Online Insurance in Zambia - Cheap Life, Health & Car Online Quotes","og_description":"Looking for affordable healthcare, life or car insurance in Zambia? Compare life, health or car online insurance in Zambia and get cheap insurance quotes","og_url":"https:\/\/tiketi.com\/fr-fr\/life-car-health-insurance-zambia\/","og_site_name":"Tiketi.com","article_publisher":"https:\/\/www.facebook.com\/TiketiCom\/","article_modified_time":"2022-02-15T17:40:19+00:00","og_image":[{"width":1200,"height":200,"url":"https:\/\/tiketi.com\/wp-content\/uploads\/2019\/05\/insurance-ravi-roshan-_AdUs32i0jc-unsplas.jpg","type":"image\/jpeg"}],"twitter_card":"summary_large_image","twitter_misc":{"Dur\u00e9e de lecture estim\u00e9e":"2 minutes"},"schema":{"@context":"https:\/\/schema.org","@graph":[{"@type":"WebPage","@id":"https:\/\/tiketi.com\/life-car-health-insurance-zambia\/","url":"https:\/\/tiketi.com\/life-car-health-insurance-zambia\/","name":"Assurance en ligne en Zambie - Devis en ligne bon march\u00e9 pour les assurances vie, sant\u00e9 et automobile","isPartOf":{"@id":"https:\/\/tiketi.com\/#website"},"primaryImageOfPage":{"@id":"https:\/\/tiketi.com\/life-car-health-insurance-zambia\/#primaryimage"},"image":{"@id":"https:\/\/tiketi.com\/life-car-health-insurance-zambia\/#primaryimage"},"thumbnailUrl":"https:\/\/tiketi.com\/wp-content\/uploads\/2019\/05\/insurance-ravi-roshan-_AdUs32i0jc-unsplas.jpg","datePublished":"2022-01-19T11:54:19+00:00","dateModified":"2022-02-15T17:40:19+00:00","description":"Vous recherchez une assurance sant\u00e9, vie ou automobile abordable en Zambie ? Comparez les assurances vie, sant\u00e9 ou automobile en ligne en Zambie et obtenez des devis d&#039;assurance pas chers","breadcrumb":{"@id":"https:\/\/tiketi.com\/life-car-health-insurance-zambia\/#breadcrumb"},"inLanguage":"fr-FR","potentialAction":[{"@type":"ReadAction","target":["https:\/\/tiketi.com\/life-car-health-insurance-zambia\/"]}]},{"@type":"ImageObject","inLanguage":"fr-FR","@id":"https:\/\/tiketi.com\/life-car-health-insurance-zambia\/#primaryimage","url":"https:\/\/tiketi.com\/wp-content\/uploads\/2019\/05\/insurance-ravi-roshan-_AdUs32i0jc-unsplas.jpg","contentUrl":"https:\/\/tiketi.com\/wp-content\/uploads\/2019\/05\/insurance-ravi-roshan-_AdUs32i0jc-unsplas.jpg","width":1200,"height":200,"caption":"Insurance"},{"@type":"BreadcrumbList","@id":"https:\/\/tiketi.com\/life-car-health-insurance-zambia\/#breadcrumb","itemListElement":[{"@type":"ListItem","position":1,"name":"Home","item":"https:\/\/tiketi.com\/"},{"@type":"ListItem","position":2,"name":"Online Insurance in Zambia &#8211; Cheap Life, Health &#038; Car Quotes"}]},{"@type":"WebSite","@id":"https:\/\/tiketi.com\/#website","url":"https:\/\/tiketi.com\/","name":"Billets d&#039;avion et de bus, forfaits touristiques et activit\u00e9s - Tiketi.com","description":"Billets d&#039;avion et de bus, Tours, Activit\u00e9s","publisher":{"@id":"https:\/\/tiketi.com\/#organization"},"potentialAction":[{"@type":"SearchAction","target":{"@type":"EntryPoint","urlTemplate":"https:\/\/tiketi.com\/?s={search_term_string}"},"query-input":{"@type":"PropertyValueSpecification","valueRequired":true,"valueName":"search_term_string"}}],"inLanguage":"fr-FR"},{"@type":"Organization","@id":"https:\/\/tiketi.com\/#organization","name":"Tiketi.com","alternateName":"Tiketi","url":"https:\/\/tiketi.com\/","logo":{"@type":"ImageObject","inLanguage":"fr-FR","@id":"https:\/\/tiketi.com\/#\/schema\/logo\/image\/","url":"https:\/\/tiketi.com\/wp-content\/uploads\/2019\/05\/tiketi-logo-696.png","contentUrl":"https:\/\/tiketi.com\/wp-content\/uploads\/2019\/05\/tiketi-logo-696.png","width":696,"height":696,"caption":"Tiketi.com"},"image":{"@id":"https:\/\/tiketi.com\/#\/schema\/logo\/image\/"},"sameAs":["https:\/\/www.facebook.com\/TiketiCom\/"]}]}},"_links":{"self":[{"href":"https:\/\/tiketi.com\/fr-fr\/wp-json\/wp\/v2\/pages\/11182","targetHints":{"allow":["GET"]}}],"collection":[{"href":"https:\/\/tiketi.com\/fr-fr\/wp-json\/wp\/v2\/pages"}],"about":[{"href":"https:\/\/tiketi.com\/fr-fr\/wp-json\/wp\/v2\/types\/page"}],"author":[{"embeddable":true,"href":"https:\/\/tiketi.com\/fr-fr\/wp-json\/wp\/v2\/users\/1"}],"replies":[{"embeddable":true,"href":"https:\/\/tiketi.com\/fr-fr\/wp-json\/wp\/v2\/comments?post=11182"}],"version-history":[{"count":0,"href":"https:\/\/tiketi.com\/fr-fr\/wp-json\/wp\/v2\/pages\/11182\/revisions"}],"wp:featuredmedia":[{"embeddable":true,"href":"https:\/\/tiketi.com\/fr-fr\/wp-json\/wp\/v2\/media\/20034"}],"wp:attachment":[{"href":"https:\/\/tiketi.com\/fr-fr\/wp-json\/wp\/v2\/media?parent=11182"}],"curies":[{"name":"wp","href":"https:\/\/api.w.org\/{rel}","templated":true}]}}