{"id":11184,"date":"2022-01-19T12:54:19","date_gmt":"2022-01-19T11:54:19","guid":{"rendered":"https:\/\/new.tiketi.com\/insurance-in-rwanda-cheap-life-health-car-online-quotes\/"},"modified":"2022-02-15T18:41:22","modified_gmt":"2022-02-15T17:41:22","slug":"life-car-health-insurance-rwanda","status":"publish","type":"page","link":"https:\/\/tiketi.com\/fr-fr\/life-car-health-insurance-rwanda\/","title":{"rendered":"Assurance en ligne au Rwanda \u2013 Devis vie, sant\u00e9 et voiture bon march\u00e9 en ligne"},"content":{"rendered":"<h2>Assurance vie, sant\u00e9 et voiture pas ch\u00e8re Rwanda<\/h2>\n<h3>Comparez gratuitement les devis d&#039;assurance vie, sant\u00e9 ou voiture bon march\u00e9 au Rwanda.<\/h3>\n<p>Comparez et trouvez la meilleure assurance en ligne au Rwanda en ligne. L&#039;assurance Rwanda est essentielle pour pouvoir se concentrer sur les choses vitales de la vie, car elle assurera la s\u00e9curit\u00e9 financi\u00e8re pour vous et votre famille et en cas de malheur. Lorsque de gros fardeaux financiers comme les factures d&#039;h\u00f4pital ou les frais de sant\u00e9 apparaissent, l&#039;assurance vous prot\u00e8ge et vous permet de r\u00e9aliser vos r\u00eaves. Comparez et souscrivez une assurance vie, sant\u00e9 ou auto Rwanda en ligne et gagnez du temps et de l&#039;argent.<\/p>\n<h2>FAQ sur les meilleurs devis d&#039;assurance en ligne au Rwanda<\/h2>\n<p>Voici comment:<\/p>\n<p>\u2022 L&#039;assurance maladie du Rwanda vous aide \u00e0 payer vos factures si vous d\u00e9veloppez certaines maladies ou souffrez d&#039;un handicap ou d&#039;une blessure.<\/p>\n<p>\u2022 La protection du revenu prot\u00e8ge votre salaire en le modifiant si vous devenez incapable de travailler.<\/p>\n<p>\u2022 Des offres d&#039;assurance-vie financi\u00e8rement pour vos proches si vous deveniez incapable de travailler. Avoir ce type d&#039;assurance leur permet de continuer \u00e0 profiter d&#039;un style de vie relaxant avec un minimum de probl\u00e8mes.<\/p>\n<p>\u2022 Les usines de retraite et d&#039;\u00e9ducation vous permettent d&#039;obtenir ce qui est essentiel pour vous \u2013 que ce soit une \u00e9ducation \u00e0 l&#039;\u00e9tranger pour vos enfants ou un niveau de vie relaxant pendant vos ann\u00e9es de retraite.<\/p>\n<p>\u2022 Les r\u00e9gimes de dotation font plus que vous aider \u00e0 constituer une \u00e9pargne \u00e0 transmettre \u00e0 votre partenaire ou \u00e0 vos enfants. Ils peuvent \u00e9galement \u00eatre utilis\u00e9s pour couvrir des objectifs \u00e0 moyen et \u00e0 long terme, tels que l&#039;enseignement sup\u00e9rieur, la mise \u00e0 niveau de la propri\u00e9t\u00e9 et peut-\u00eatre financer une interruption de travail.<\/p>\n<h3>Quel type d&#039;assurance Rwanda dois-je souscrire ?<\/h3>\n<p>Prot\u00e9gez d&#039;abord votre sant\u00e9 et celle de votre famille, puis consultez l&#039;assurance maladie du Rwanda pour \u00e9conomiser les finances du m\u00e9nage au cas o\u00f9 quelque chose vous arriverait. Enfin, envisagez une assurance qui vous procurera, \u00e0 vous et \u00e0 votre famille, des \u00e9conomies pour l&#039;avenir.<\/p>\n<h3>Quelle assurance suffit ?<\/h3>\n<p>Il existe une assurance m\u00e9dicale au Rwanda, une assurance automobile au Rwanda et des plantes d&#039;\u00e9pargne pour r\u00e9pondre \u00e0 tous les besoins et \u00e0 tous les budgets. En choisissant ce qui vous correspond, il est essentiel de bien g\u00e9rer vos finances et de vous assurer de mettre de c\u00f4t\u00e9 une partie de vos revenus pour un jour de pluie ou un probl\u00e8me de sant\u00e9 impr\u00e9vu. Le montant varie, et il est pr\u00e9f\u00e9rable de rechercher un conseiller financier qui peut sugg\u00e9rer la meilleure approche pour votre \u00e9tat. De nombreux facteurs doivent \u00eatre pris en compte, tels que votre budget, votre style de vie et ce que vous aimeriez obtenir au cours de votre vie.<\/p>\n<h3>Quel est le premier type d&#039;assurance au Rwanda auquel je devrais penser\u00a0?<\/h3>\n<p>Comme premi\u00e8re \u00e9tape vers l&#039;obtention d&#039;une couverture, vous devriez commencer par une assurance m\u00e9dicale Rwanda pour couvrir vos besoins les plus vitaux. Cela pourrait contenir une protection contre les accidents et une couverture des co\u00fbts correspondant aux d\u00e9penses d&#039;hospitalisation, chirurgicales et autres d\u00e9penses m\u00e9dicales.<\/p>","protected":false},"excerpt":{"rendered":"<p>Cheap Life, Health, Car Insurance Rwanda Compare cheap life, healthcare or car insurance Rwanda quotes for free. Compare and find the best online insurance in Rwanda online. Insurance Rwanda is key to being capable to focus on the vital things in life, because it will make sure financial security for you and your family and [&hellip;]<\/p>\n","protected":false},"author":1,"featured_media":20034,"parent":0,"menu_order":0,"comment_status":"open","ping_status":"closed","template":"template-home-modern.php","meta":{"footnotes":""},"class_list":["post-11184","page","type-page","status-publish","has-post-thumbnail","hentry"],"yoast_head":"<!-- This site is optimized with the Yoast SEO plugin v27.3 - https:\/\/yoast.com\/product\/yoast-seo-wordpress\/ -->\n<title>Online Insurance in Rwanda - Cheap Life, Health &amp; Car Online Quotes<\/title>\n<meta name=\"description\" content=\"Looking for affordable healthcare, life or car insurance in Rwanda? Compare life, health, or car online insurance in Rwanda and get cheap insurance quotes\" \/>\n<meta name=\"robots\" content=\"index, follow, max-snippet:-1, max-image-preview:large, max-video-preview:-1\" \/>\n<link rel=\"canonical\" href=\"https:\/\/tiketi.com\/fr-fr\/life-car-health-insurance-rwanda\/\" \/>\n<meta property=\"og:locale\" content=\"fr_FR\" \/>\n<meta property=\"og:type\" content=\"article\" \/>\n<meta property=\"og:title\" content=\"Online Insurance in Rwanda - Cheap Life, Health &amp; Car Online Quotes\" \/>\n<meta property=\"og:description\" content=\"Looking for affordable healthcare, life or car insurance in Rwanda? Compare life, health, or car online insurance in Rwanda and get cheap insurance quotes\" \/>\n<meta property=\"og:url\" content=\"https:\/\/tiketi.com\/fr-fr\/life-car-health-insurance-rwanda\/\" \/>\n<meta property=\"og:site_name\" content=\"Tiketi.com\" \/>\n<meta property=\"article:publisher\" content=\"https:\/\/www.facebook.com\/TiketiCom\/\" \/>\n<meta property=\"article:modified_time\" content=\"2022-02-15T17:41:22+00:00\" \/>\n<meta property=\"og:image\" content=\"https:\/\/tiketi.com\/wp-content\/uploads\/2019\/05\/insurance-ravi-roshan-_AdUs32i0jc-unsplas.jpg\" \/>\n\t<meta property=\"og:image:width\" content=\"1200\" \/>\n\t<meta property=\"og:image:height\" content=\"200\" \/>\n\t<meta property=\"og:image:type\" content=\"image\/jpeg\" \/>\n<meta name=\"twitter:card\" content=\"summary_large_image\" \/>\n<meta name=\"twitter:label1\" content=\"Dur\u00e9e de lecture estim\u00e9e\" \/>\n\t<meta name=\"twitter:data1\" content=\"2 minutes\" \/>\n<script type=\"application\/ld+json\" class=\"yoast-schema-graph\">{\"@context\":\"https:\\\/\\\/schema.org\",\"@graph\":[{\"@type\":\"WebPage\",\"@id\":\"https:\\\/\\\/tiketi.com\\\/life-car-health-insurance-rwanda\\\/\",\"url\":\"https:\\\/\\\/tiketi.com\\\/life-car-health-insurance-rwanda\\\/\",\"name\":\"Online Insurance in Rwanda - Cheap Life, Health & Car Online Quotes\",\"isPartOf\":{\"@id\":\"https:\\\/\\\/tiketi.com\\\/#website\"},\"primaryImageOfPage\":{\"@id\":\"https:\\\/\\\/tiketi.com\\\/life-car-health-insurance-rwanda\\\/#primaryimage\"},\"image\":{\"@id\":\"https:\\\/\\\/tiketi.com\\\/life-car-health-insurance-rwanda\\\/#primaryimage\"},\"thumbnailUrl\":\"https:\\\/\\\/tiketi.com\\\/wp-content\\\/uploads\\\/2019\\\/05\\\/insurance-ravi-roshan-_AdUs32i0jc-unsplas.jpg\",\"datePublished\":\"2022-01-19T11:54:19+00:00\",\"dateModified\":\"2022-02-15T17:41:22+00:00\",\"description\":\"Looking for affordable healthcare, life or car insurance in Rwanda? Compare life, health, or car online insurance in Rwanda and get cheap insurance quotes\",\"breadcrumb\":{\"@id\":\"https:\\\/\\\/tiketi.com\\\/life-car-health-insurance-rwanda\\\/#breadcrumb\"},\"inLanguage\":\"fr-FR\",\"potentialAction\":[{\"@type\":\"ReadAction\",\"target\":[\"https:\\\/\\\/tiketi.com\\\/life-car-health-insurance-rwanda\\\/\"]}]},{\"@type\":\"ImageObject\",\"inLanguage\":\"fr-FR\",\"@id\":\"https:\\\/\\\/tiketi.com\\\/life-car-health-insurance-rwanda\\\/#primaryimage\",\"url\":\"https:\\\/\\\/tiketi.com\\\/wp-content\\\/uploads\\\/2019\\\/05\\\/insurance-ravi-roshan-_AdUs32i0jc-unsplas.jpg\",\"contentUrl\":\"https:\\\/\\\/tiketi.com\\\/wp-content\\\/uploads\\\/2019\\\/05\\\/insurance-ravi-roshan-_AdUs32i0jc-unsplas.jpg\",\"width\":1200,\"height\":200,\"caption\":\"Insurance\"},{\"@type\":\"BreadcrumbList\",\"@id\":\"https:\\\/\\\/tiketi.com\\\/life-car-health-insurance-rwanda\\\/#breadcrumb\",\"itemListElement\":[{\"@type\":\"ListItem\",\"position\":1,\"name\":\"Home\",\"item\":\"https:\\\/\\\/tiketi.com\\\/\"},{\"@type\":\"ListItem\",\"position\":2,\"name\":\"Online Insurance in Rwanda &#8211; Cheap Life, Health &#038; Car Online Quotes\"}]},{\"@type\":\"WebSite\",\"@id\":\"https:\\\/\\\/tiketi.com\\\/#website\",\"url\":\"https:\\\/\\\/tiketi.com\\\/\",\"name\":\"Flight & Bus Tickets, Tour Packages & Activitites - Tiketi.com\",\"description\":\"Flight &amp; Bus Tickets, Tours, Activitites\",\"publisher\":{\"@id\":\"https:\\\/\\\/tiketi.com\\\/#organization\"},\"potentialAction\":[{\"@type\":\"SearchAction\",\"target\":{\"@type\":\"EntryPoint\",\"urlTemplate\":\"https:\\\/\\\/tiketi.com\\\/?s={search_term_string}\"},\"query-input\":{\"@type\":\"PropertyValueSpecification\",\"valueRequired\":true,\"valueName\":\"search_term_string\"}}],\"inLanguage\":\"fr-FR\"},{\"@type\":\"Organization\",\"@id\":\"https:\\\/\\\/tiketi.com\\\/#organization\",\"name\":\"Tiketi.com\",\"alternateName\":\"Tiketi\",\"url\":\"https:\\\/\\\/tiketi.com\\\/\",\"logo\":{\"@type\":\"ImageObject\",\"inLanguage\":\"fr-FR\",\"@id\":\"https:\\\/\\\/tiketi.com\\\/#\\\/schema\\\/logo\\\/image\\\/\",\"url\":\"https:\\\/\\\/tiketi.com\\\/wp-content\\\/uploads\\\/2019\\\/05\\\/tiketi-logo-696.png\",\"contentUrl\":\"https:\\\/\\\/tiketi.com\\\/wp-content\\\/uploads\\\/2019\\\/05\\\/tiketi-logo-696.png\",\"width\":696,\"height\":696,\"caption\":\"Tiketi.com\"},\"image\":{\"@id\":\"https:\\\/\\\/tiketi.com\\\/#\\\/schema\\\/logo\\\/image\\\/\"},\"sameAs\":[\"https:\\\/\\\/www.facebook.com\\\/TiketiCom\\\/\"]}]}<\/script>\n<!-- \/ Yoast SEO plugin. -->","yoast_head_json":{"title":"Assurance en ligne au Rwanda - Devis en ligne vie, sant\u00e9 et voiture bon march\u00e9","description":"Vous recherchez une assurance sant\u00e9, vie ou voiture abordable au Rwanda ? Comparez les assurances vie, sant\u00e9 ou voiture en ligne au Rwanda et obtenez des devis d&#039;assurance bon march\u00e9","robots":{"index":"index","follow":"follow","max-snippet":"max-snippet:-1","max-image-preview":"max-image-preview:large","max-video-preview":"max-video-preview:-1"},"canonical":"https:\/\/tiketi.com\/fr-fr\/life-car-health-insurance-rwanda\/","og_locale":"fr_FR","og_type":"article","og_title":"Online Insurance in Rwanda - Cheap Life, Health & Car Online Quotes","og_description":"Looking for affordable healthcare, life or car insurance in Rwanda? Compare life, health, or car online insurance in Rwanda and get cheap insurance quotes","og_url":"https:\/\/tiketi.com\/fr-fr\/life-car-health-insurance-rwanda\/","og_site_name":"Tiketi.com","article_publisher":"https:\/\/www.facebook.com\/TiketiCom\/","article_modified_time":"2022-02-15T17:41:22+00:00","og_image":[{"width":1200,"height":200,"url":"https:\/\/tiketi.com\/wp-content\/uploads\/2019\/05\/insurance-ravi-roshan-_AdUs32i0jc-unsplas.jpg","type":"image\/jpeg"}],"twitter_card":"summary_large_image","twitter_misc":{"Dur\u00e9e de lecture estim\u00e9e":"2 minutes"},"schema":{"@context":"https:\/\/schema.org","@graph":[{"@type":"WebPage","@id":"https:\/\/tiketi.com\/life-car-health-insurance-rwanda\/","url":"https:\/\/tiketi.com\/life-car-health-insurance-rwanda\/","name":"Assurance en ligne au Rwanda - Devis en ligne vie, sant\u00e9 et voiture bon march\u00e9","isPartOf":{"@id":"https:\/\/tiketi.com\/#website"},"primaryImageOfPage":{"@id":"https:\/\/tiketi.com\/life-car-health-insurance-rwanda\/#primaryimage"},"image":{"@id":"https:\/\/tiketi.com\/life-car-health-insurance-rwanda\/#primaryimage"},"thumbnailUrl":"https:\/\/tiketi.com\/wp-content\/uploads\/2019\/05\/insurance-ravi-roshan-_AdUs32i0jc-unsplas.jpg","datePublished":"2022-01-19T11:54:19+00:00","dateModified":"2022-02-15T17:41:22+00:00","description":"Vous recherchez une assurance sant\u00e9, vie ou voiture abordable au Rwanda ? Comparez les assurances vie, sant\u00e9 ou voiture en ligne au Rwanda et obtenez des devis d&#039;assurance bon march\u00e9","breadcrumb":{"@id":"https:\/\/tiketi.com\/life-car-health-insurance-rwanda\/#breadcrumb"},"inLanguage":"fr-FR","potentialAction":[{"@type":"ReadAction","target":["https:\/\/tiketi.com\/life-car-health-insurance-rwanda\/"]}]},{"@type":"ImageObject","inLanguage":"fr-FR","@id":"https:\/\/tiketi.com\/life-car-health-insurance-rwanda\/#primaryimage","url":"https:\/\/tiketi.com\/wp-content\/uploads\/2019\/05\/insurance-ravi-roshan-_AdUs32i0jc-unsplas.jpg","contentUrl":"https:\/\/tiketi.com\/wp-content\/uploads\/2019\/05\/insurance-ravi-roshan-_AdUs32i0jc-unsplas.jpg","width":1200,"height":200,"caption":"Insurance"},{"@type":"BreadcrumbList","@id":"https:\/\/tiketi.com\/life-car-health-insurance-rwanda\/#breadcrumb","itemListElement":[{"@type":"ListItem","position":1,"name":"Home","item":"https:\/\/tiketi.com\/"},{"@type":"ListItem","position":2,"name":"Online Insurance in Rwanda &#8211; Cheap Life, Health &#038; Car Online Quotes"}]},{"@type":"WebSite","@id":"https:\/\/tiketi.com\/#website","url":"https:\/\/tiketi.com\/","name":"Billets d&#039;avion et de bus, forfaits touristiques et activit\u00e9s - Tiketi.com","description":"Billets d&#039;avion et de bus, Tours, Activit\u00e9s","publisher":{"@id":"https:\/\/tiketi.com\/#organization"},"potentialAction":[{"@type":"SearchAction","target":{"@type":"EntryPoint","urlTemplate":"https:\/\/tiketi.com\/?s={search_term_string}"},"query-input":{"@type":"PropertyValueSpecification","valueRequired":true,"valueName":"search_term_string"}}],"inLanguage":"fr-FR"},{"@type":"Organization","@id":"https:\/\/tiketi.com\/#organization","name":"Tiketi.com","alternateName":"Tiketi","url":"https:\/\/tiketi.com\/","logo":{"@type":"ImageObject","inLanguage":"fr-FR","@id":"https:\/\/tiketi.com\/#\/schema\/logo\/image\/","url":"https:\/\/tiketi.com\/wp-content\/uploads\/2019\/05\/tiketi-logo-696.png","contentUrl":"https:\/\/tiketi.com\/wp-content\/uploads\/2019\/05\/tiketi-logo-696.png","width":696,"height":696,"caption":"Tiketi.com"},"image":{"@id":"https:\/\/tiketi.com\/#\/schema\/logo\/image\/"},"sameAs":["https:\/\/www.facebook.com\/TiketiCom\/"]}]}},"_links":{"self":[{"href":"https:\/\/tiketi.com\/fr-fr\/wp-json\/wp\/v2\/pages\/11184","targetHints":{"allow":["GET"]}}],"collection":[{"href":"https:\/\/tiketi.com\/fr-fr\/wp-json\/wp\/v2\/pages"}],"about":[{"href":"https:\/\/tiketi.com\/fr-fr\/wp-json\/wp\/v2\/types\/page"}],"author":[{"embeddable":true,"href":"https:\/\/tiketi.com\/fr-fr\/wp-json\/wp\/v2\/users\/1"}],"replies":[{"embeddable":true,"href":"https:\/\/tiketi.com\/fr-fr\/wp-json\/wp\/v2\/comments?post=11184"}],"version-history":[{"count":0,"href":"https:\/\/tiketi.com\/fr-fr\/wp-json\/wp\/v2\/pages\/11184\/revisions"}],"wp:featuredmedia":[{"embeddable":true,"href":"https:\/\/tiketi.com\/fr-fr\/wp-json\/wp\/v2\/media\/20034"}],"wp:attachment":[{"href":"https:\/\/tiketi.com\/fr-fr\/wp-json\/wp\/v2\/media?parent=11184"}],"curies":[{"name":"wp","href":"https:\/\/api.w.org\/{rel}","templated":true}]}}