{"id":11185,"date":"2022-01-19T12:54:19","date_gmt":"2022-01-19T11:54:19","guid":{"rendered":"https:\/\/new.tiketi.com\/insurance-in-uganda-cheap-life-health-car-online-quotes\/"},"modified":"2022-02-15T18:40:39","modified_gmt":"2022-02-15T17:40:39","slug":"life-car-health-insurance-uganda","status":"publish","type":"page","link":"https:\/\/tiketi.com\/fr-fr\/life-car-health-insurance-uganda\/","title":{"rendered":"Assurance en ligne en Ouganda - Citations vie, sant\u00e9 et voiture bon march\u00e9"},"content":{"rendered":"<h2>Citations d&#039;assurance vie, sant\u00e9 et voiture bon march\u00e9 en Ouganda<\/h2>\n<h3>Comparez gratuitement des devis d&#039;assurance vie, sant\u00e9 ou automobile bon march\u00e9 en Ouganda.<\/h3>\n<p>Comparez et trouvez la meilleure assurance en ligne en Ouganda en ligne. Dans le cadre de votre planification financi\u00e8re en Ouganda, l&#039;un des \u00e9l\u00e9ments les plus essentiels \u00e0 supporter est l&#039;assurance en Ouganda. Beaucoup de gens ne prennent pas les pr\u00e9cautions de base pour s&#039;assurer, et cela pourrait finir par leur co\u00fbter tr\u00e8s cher. Vous avez besoin de plusieurs types d&#039;assurance diff\u00e9rents en Ouganda si vous voulez vivre une existence financi\u00e8re d\u00e9tendue. Comparez et souscrivez en ligne une assurance vie, sant\u00e9 ou auto Ouganda et gagnez du temps et de l&#039;argent.<\/p>\n<h2>FAQ sur la meilleure assurance en ligne en Ouganda<\/h2>\n<h3>Prot\u00e9ger la propri\u00e9t\u00e9<\/h3>\n<p>L&#039;un des plus grands avantages d&#039;avoir une police d&#039;assurance est qu&#039;elle peut sauver votre propri\u00e9t\u00e9. Lorsque vous poss\u00e9dez un atout d&#039;exp\u00e9rience, vous voulez vous assurer que vous ne le perdez pas \u00e0 cause d&#039;un certain type de dommage. C&#039;est \u00e0 cela que servent les polices d&#039;assurance automobile en Ouganda et d&#039;assurance moto en Ouganda. Ils vous permettent de faire changer ou r\u00e9parer votre propri\u00e9t\u00e9 si un certain type de dommage se produit. Cela vous permet de refuser d&#039;\u00e9conomiser de l&#039;argent pour ces d\u00e9penses par vous-m\u00eame.<\/p>\n<h3>Risque de transfert<\/h3>\n<p>La premi\u00e8re raison pour laquelle vous devez souscrire une assurance est de transf\u00e9rer le risque. L&#039;assurance vous permet de transf\u00e9rer les risques financiers \u00e0 une compagnie d&#039;assurance. Les compagnies d&#039;assurance ougandaises se pr\u00e9parent \u00e0 ce danger car elles facturent des primes \u00e0 leurs clients et gardent une grosse somme d&#039;argent en r\u00e9serve. Lorsqu&#039;un client d\u00e9pose une r\u00e9clamation, la compagnie d&#039;assurance ougandaise dispose des liquidit\u00e9s n\u00e9cessaires pour la payer. Cela vous permet de vous concentrer sur d&#039;autres choses au lieu d&#039;h\u00e9siter sur d&#039;\u00e9ventuelles pertes.<\/p>\n<h3>Probl\u00e8mes de sant\u00e9<\/h3>\n<p>De nombreuses personnes souscrivent \u00e9galement une assurance afin de pouvoir limiter le montant des d\u00e9penses personnelles correspondant aux co\u00fbts des soins de sant\u00e9. Avec le syst\u00e8me de soins de sant\u00e9 d&#039;aujourd&#039;hui, un individu pourrait tout simplement faire faillite s&#039;il n&#039;avait pas d&#039;assurance maladie en Ouganda. Les proc\u00e9dures s\u00e9rieuses peuvent co\u00fbter 1 000 dollars, sans une meilleure assurance m\u00e9dicale en Ouganda, cela pourrait devoir sortir de votre poche. Vous pouvez couvrir ces risques en souscrivant une assurance maladie, une assurance dentaire ou une assurance invalidit\u00e9 compl\u00e8te en Ouganda.<\/p>\n<h3>Prot\u00e9gez votre famille<\/h3>\n<p>Si vous avez une famille, vous voudrez peut-\u00eatre aussi acheter des produits d&#039;assurance qui peuvent les sauver si vous n&#039;\u00eates pas en mesure de le faire. C&#039;est le meilleur objectif de l&#039;assurance-vie. Si vous d\u00e9c\u00e9dez, l&#039;assurance-vie versera \u00e0 vos b\u00e9n\u00e9ficiaires une somme d&#039;argent forfaitaire. Cela peut \u00eatre utilis\u00e9 pour modifier votre revenu actuel et pour aider \u00e0 rembourser les dettes impay\u00e9es que vous pourriez avoir laiss\u00e9es derri\u00e8re vous. Sans ce type d&#039;assurance ougandaise, votre famille pourrait avoir de graves probl\u00e8mes financiers apr\u00e8s votre d\u00e9part.<\/p>","protected":false},"excerpt":{"rendered":"<p>Cheap Life, Health, Car Insurance Uganda Quotes Compare cheap life, healthcare or car insurance Uganda quotes for free. Compare and find the best online insurance in Uganda online. As par to your financial planning in Uganda, one of the most vital components to bear is insurance in Uganda. Many people do not take the basic [&hellip;]<\/p>\n","protected":false},"author":1,"featured_media":20034,"parent":0,"menu_order":0,"comment_status":"open","ping_status":"closed","template":"template-home-modern.php","meta":{"footnotes":""},"class_list":["post-11185","page","type-page","status-publish","has-post-thumbnail","hentry"],"yoast_head":"<!-- This site is optimized with the Yoast SEO plugin v27.2 - https:\/\/yoast.com\/product\/yoast-seo-wordpress\/ -->\n<title>Online\u00a0Insurance in Uganda - Cheap Life, Health &amp; Car Online Quotes<\/title>\n<meta name=\"description\" content=\"Looking for affordable healthcare, life or car insurance in Uganda? Compare life, health or car online\u00a0insurance in Uganda and get cheap insurance quotes\" \/>\n<meta name=\"robots\" content=\"index, follow, max-snippet:-1, max-image-preview:large, max-video-preview:-1\" \/>\n<link rel=\"canonical\" href=\"https:\/\/tiketi.com\/fr-fr\/life-car-health-insurance-uganda\/\" \/>\n<meta property=\"og:locale\" content=\"fr_FR\" \/>\n<meta property=\"og:type\" content=\"article\" \/>\n<meta property=\"og:title\" content=\"Online\u00a0Insurance in Uganda - Cheap Life, Health &amp; Car Online Quotes\" \/>\n<meta property=\"og:description\" content=\"Looking for affordable healthcare, life or car insurance in Uganda? Compare life, health or car online\u00a0insurance in Uganda and get cheap insurance quotes\" \/>\n<meta property=\"og:url\" content=\"https:\/\/tiketi.com\/fr-fr\/life-car-health-insurance-uganda\/\" \/>\n<meta property=\"og:site_name\" content=\"Tiketi.com\" \/>\n<meta property=\"article:publisher\" content=\"https:\/\/www.facebook.com\/TiketiCom\/\" \/>\n<meta property=\"article:modified_time\" content=\"2022-02-15T17:40:39+00:00\" \/>\n<meta property=\"og:image\" content=\"https:\/\/tiketi.com\/wp-content\/uploads\/2019\/05\/insurance-ravi-roshan-_AdUs32i0jc-unsplas.jpg\" \/>\n\t<meta property=\"og:image:width\" content=\"1200\" \/>\n\t<meta property=\"og:image:height\" content=\"200\" \/>\n\t<meta property=\"og:image:type\" content=\"image\/jpeg\" \/>\n<meta name=\"twitter:card\" content=\"summary_large_image\" \/>\n<meta name=\"twitter:label1\" content=\"Dur\u00e9e de lecture estim\u00e9e\" \/>\n\t<meta name=\"twitter:data1\" content=\"2 minutes\" \/>\n<script type=\"application\/ld+json\" class=\"yoast-schema-graph\">{\"@context\":\"https:\/\/schema.org\",\"@graph\":[{\"@type\":\"WebPage\",\"@id\":\"https:\/\/tiketi.com\/life-car-health-insurance-uganda\/\",\"url\":\"https:\/\/tiketi.com\/life-car-health-insurance-uganda\/\",\"name\":\"Online\u00a0Insurance in Uganda - Cheap Life, Health & Car Online Quotes\",\"isPartOf\":{\"@id\":\"https:\/\/tiketi.com\/#website\"},\"primaryImageOfPage\":{\"@id\":\"https:\/\/tiketi.com\/life-car-health-insurance-uganda\/#primaryimage\"},\"image\":{\"@id\":\"https:\/\/tiketi.com\/life-car-health-insurance-uganda\/#primaryimage\"},\"thumbnailUrl\":\"https:\/\/tiketi.com\/wp-content\/uploads\/2019\/05\/insurance-ravi-roshan-_AdUs32i0jc-unsplas.jpg\",\"datePublished\":\"2022-01-19T11:54:19+00:00\",\"dateModified\":\"2022-02-15T17:40:39+00:00\",\"description\":\"Looking for affordable healthcare, life or car insurance in Uganda? Compare life, health or car online\u00a0insurance in Uganda and get cheap insurance quotes\",\"breadcrumb\":{\"@id\":\"https:\/\/tiketi.com\/life-car-health-insurance-uganda\/#breadcrumb\"},\"inLanguage\":\"fr-FR\",\"potentialAction\":[{\"@type\":\"ReadAction\",\"target\":[\"https:\/\/tiketi.com\/life-car-health-insurance-uganda\/\"]}]},{\"@type\":\"ImageObject\",\"inLanguage\":\"fr-FR\",\"@id\":\"https:\/\/tiketi.com\/life-car-health-insurance-uganda\/#primaryimage\",\"url\":\"https:\/\/tiketi.com\/wp-content\/uploads\/2019\/05\/insurance-ravi-roshan-_AdUs32i0jc-unsplas.jpg\",\"contentUrl\":\"https:\/\/tiketi.com\/wp-content\/uploads\/2019\/05\/insurance-ravi-roshan-_AdUs32i0jc-unsplas.jpg\",\"width\":1200,\"height\":200,\"caption\":\"Insurance\"},{\"@type\":\"BreadcrumbList\",\"@id\":\"https:\/\/tiketi.com\/life-car-health-insurance-uganda\/#breadcrumb\",\"itemListElement\":[{\"@type\":\"ListItem\",\"position\":1,\"name\":\"Home\",\"item\":\"https:\/\/tiketi.com\/\"},{\"@type\":\"ListItem\",\"position\":2,\"name\":\"Online\u00a0Insurance in Uganda &#8211; Cheap Life, Health &#038; Car Quotes\"}]},{\"@type\":\"WebSite\",\"@id\":\"https:\/\/tiketi.com\/#website\",\"url\":\"https:\/\/tiketi.com\/\",\"name\":\"Flight & Bus Tickets, Tour Packages & Activitites - Tiketi.com\",\"description\":\"Flight &amp; Bus Tickets, Tours, Activitites\",\"publisher\":{\"@id\":\"https:\/\/tiketi.com\/#organization\"},\"potentialAction\":[{\"@type\":\"SearchAction\",\"target\":{\"@type\":\"EntryPoint\",\"urlTemplate\":\"https:\/\/tiketi.com\/?s={search_term_string}\"},\"query-input\":{\"@type\":\"PropertyValueSpecification\",\"valueRequired\":true,\"valueName\":\"search_term_string\"}}],\"inLanguage\":\"fr-FR\"},{\"@type\":\"Organization\",\"@id\":\"https:\/\/tiketi.com\/#organization\",\"name\":\"Tiketi.com\",\"alternateName\":\"Tiketi\",\"url\":\"https:\/\/tiketi.com\/\",\"logo\":{\"@type\":\"ImageObject\",\"inLanguage\":\"fr-FR\",\"@id\":\"https:\/\/tiketi.com\/#\/schema\/logo\/image\/\",\"url\":\"https:\/\/tiketi.com\/wp-content\/uploads\/2019\/05\/tiketi-logo-696.png\",\"contentUrl\":\"https:\/\/tiketi.com\/wp-content\/uploads\/2019\/05\/tiketi-logo-696.png\",\"width\":696,\"height\":696,\"caption\":\"Tiketi.com\"},\"image\":{\"@id\":\"https:\/\/tiketi.com\/#\/schema\/logo\/image\/\"},\"sameAs\":[\"https:\/\/www.facebook.com\/TiketiCom\/\"]}]}<\/script>\n<!-- \/ Yoast SEO plugin. -->","yoast_head_json":{"title":"Assurance en ligne en Ouganda - Devis vie, sant\u00e9 et voiture bon march\u00e9 en ligne","description":"Vous recherchez une assurance sant\u00e9, vie ou voiture abordable en Ouganda ? Comparez les assurances vie, sant\u00e9 ou voiture en ligne en Ouganda et obtenez des devis d&#039;assurance bon march\u00e9","robots":{"index":"index","follow":"follow","max-snippet":"max-snippet:-1","max-image-preview":"max-image-preview:large","max-video-preview":"max-video-preview:-1"},"canonical":"https:\/\/tiketi.com\/fr-fr\/life-car-health-insurance-uganda\/","og_locale":"fr_FR","og_type":"article","og_title":"Online\u00a0Insurance in Uganda - Cheap Life, Health & Car Online Quotes","og_description":"Looking for affordable healthcare, life or car insurance in Uganda? Compare life, health or car online\u00a0insurance in Uganda and get cheap insurance quotes","og_url":"https:\/\/tiketi.com\/fr-fr\/life-car-health-insurance-uganda\/","og_site_name":"Tiketi.com","article_publisher":"https:\/\/www.facebook.com\/TiketiCom\/","article_modified_time":"2022-02-15T17:40:39+00:00","og_image":[{"width":1200,"height":200,"url":"https:\/\/tiketi.com\/wp-content\/uploads\/2019\/05\/insurance-ravi-roshan-_AdUs32i0jc-unsplas.jpg","type":"image\/jpeg"}],"twitter_card":"summary_large_image","twitter_misc":{"Dur\u00e9e de lecture estim\u00e9e":"2 minutes"},"schema":{"@context":"https:\/\/schema.org","@graph":[{"@type":"WebPage","@id":"https:\/\/tiketi.com\/life-car-health-insurance-uganda\/","url":"https:\/\/tiketi.com\/life-car-health-insurance-uganda\/","name":"Assurance en ligne en Ouganda - Devis vie, sant\u00e9 et voiture bon march\u00e9 en ligne","isPartOf":{"@id":"https:\/\/tiketi.com\/#website"},"primaryImageOfPage":{"@id":"https:\/\/tiketi.com\/life-car-health-insurance-uganda\/#primaryimage"},"image":{"@id":"https:\/\/tiketi.com\/life-car-health-insurance-uganda\/#primaryimage"},"thumbnailUrl":"https:\/\/tiketi.com\/wp-content\/uploads\/2019\/05\/insurance-ravi-roshan-_AdUs32i0jc-unsplas.jpg","datePublished":"2022-01-19T11:54:19+00:00","dateModified":"2022-02-15T17:40:39+00:00","description":"Vous recherchez une assurance sant\u00e9, vie ou voiture abordable en Ouganda ? Comparez les assurances vie, sant\u00e9 ou voiture en ligne en Ouganda et obtenez des devis d&#039;assurance bon march\u00e9","breadcrumb":{"@id":"https:\/\/tiketi.com\/life-car-health-insurance-uganda\/#breadcrumb"},"inLanguage":"fr-FR","potentialAction":[{"@type":"ReadAction","target":["https:\/\/tiketi.com\/life-car-health-insurance-uganda\/"]}]},{"@type":"ImageObject","inLanguage":"fr-FR","@id":"https:\/\/tiketi.com\/life-car-health-insurance-uganda\/#primaryimage","url":"https:\/\/tiketi.com\/wp-content\/uploads\/2019\/05\/insurance-ravi-roshan-_AdUs32i0jc-unsplas.jpg","contentUrl":"https:\/\/tiketi.com\/wp-content\/uploads\/2019\/05\/insurance-ravi-roshan-_AdUs32i0jc-unsplas.jpg","width":1200,"height":200,"caption":"Insurance"},{"@type":"BreadcrumbList","@id":"https:\/\/tiketi.com\/life-car-health-insurance-uganda\/#breadcrumb","itemListElement":[{"@type":"ListItem","position":1,"name":"Home","item":"https:\/\/tiketi.com\/"},{"@type":"ListItem","position":2,"name":"Online\u00a0Insurance in Uganda &#8211; Cheap Life, Health &#038; Car Quotes"}]},{"@type":"WebSite","@id":"https:\/\/tiketi.com\/#website","url":"https:\/\/tiketi.com\/","name":"Billets d&#039;avion et de bus, forfaits touristiques et activit\u00e9s - Tiketi.com","description":"Billets d&#039;avion et de bus, Tours, Activit\u00e9s","publisher":{"@id":"https:\/\/tiketi.com\/#organization"},"potentialAction":[{"@type":"SearchAction","target":{"@type":"EntryPoint","urlTemplate":"https:\/\/tiketi.com\/?s={search_term_string}"},"query-input":{"@type":"PropertyValueSpecification","valueRequired":true,"valueName":"search_term_string"}}],"inLanguage":"fr-FR"},{"@type":"Organization","@id":"https:\/\/tiketi.com\/#organization","name":"Tiketi.com","alternateName":"Tiketi","url":"https:\/\/tiketi.com\/","logo":{"@type":"ImageObject","inLanguage":"fr-FR","@id":"https:\/\/tiketi.com\/#\/schema\/logo\/image\/","url":"https:\/\/tiketi.com\/wp-content\/uploads\/2019\/05\/tiketi-logo-696.png","contentUrl":"https:\/\/tiketi.com\/wp-content\/uploads\/2019\/05\/tiketi-logo-696.png","width":696,"height":696,"caption":"Tiketi.com"},"image":{"@id":"https:\/\/tiketi.com\/#\/schema\/logo\/image\/"},"sameAs":["https:\/\/www.facebook.com\/TiketiCom\/"]}]}},"_links":{"self":[{"href":"https:\/\/tiketi.com\/fr-fr\/wp-json\/wp\/v2\/pages\/11185","targetHints":{"allow":["GET"]}}],"collection":[{"href":"https:\/\/tiketi.com\/fr-fr\/wp-json\/wp\/v2\/pages"}],"about":[{"href":"https:\/\/tiketi.com\/fr-fr\/wp-json\/wp\/v2\/types\/page"}],"author":[{"embeddable":true,"href":"https:\/\/tiketi.com\/fr-fr\/wp-json\/wp\/v2\/users\/1"}],"replies":[{"embeddable":true,"href":"https:\/\/tiketi.com\/fr-fr\/wp-json\/wp\/v2\/comments?post=11185"}],"version-history":[{"count":0,"href":"https:\/\/tiketi.com\/fr-fr\/wp-json\/wp\/v2\/pages\/11185\/revisions"}],"wp:featuredmedia":[{"embeddable":true,"href":"https:\/\/tiketi.com\/fr-fr\/wp-json\/wp\/v2\/media\/20034"}],"wp:attachment":[{"href":"https:\/\/tiketi.com\/fr-fr\/wp-json\/wp\/v2\/media?parent=11185"}],"curies":[{"name":"wp","href":"https:\/\/api.w.org\/{rel}","templated":true}]}}