{"id":11187,"date":"2022-01-19T12:54:19","date_gmt":"2022-01-19T11:54:19","guid":{"rendered":"https:\/\/new.tiketi.com\/insurance-in-nigeria-cheap-life-health-car-online-quotes\/"},"modified":"2022-02-15T18:41:34","modified_gmt":"2022-02-15T17:41:34","slug":"life-car-health-insurance-nigeria","status":"publish","type":"page","link":"https:\/\/tiketi.com\/fr-fr\/life-car-health-insurance-nigeria\/","title":{"rendered":"Assurance en ligne au Nigeria - Citations en ligne bon march\u00e9 sur la vie, la sant\u00e9 et la voiture"},"content":{"rendered":"<h2>Citations d&#039;assurance vie, sant\u00e9 et voiture bon march\u00e9 au Nigeria<\/h2>\n<h3>Comparez gratuitement les meilleurs devis d&#039;assurance-vie, de soins de sant\u00e9 ou d&#039;assurance automobile au Nigeria.<\/h3>\n<p>Comparez et trouvez la meilleure assurance en ligne au Nigeria en ligne. Il existe diff\u00e9rents types d&#039;assurance au Nigeria qui prot\u00e8gent les citoyens, comme l&#039;assurance temporaire, l&#039;assurance maladie au Nigeria, l&#039;assurance automobile au Nigeria, l&#039;assurance voyage pour les r\u00e9sidents nig\u00e9rians et bien d&#039;autres. Le c\u0153ur de tout r\u00e9gime d&#039;assurance est de vous fournir une protection. Offrir une protection et att\u00e9nuer votre risque est le motif facile de l&#039;assurance. Comparez et souscrivez en ligne une assurance vie, sant\u00e9 ou auto Nig\u00e9ria et gagnez du temps et de l&#039;argent.<\/p>\n<h2>FAQ sur les devis d&#039;assurance en ligne bon march\u00e9 au Nigeria<\/h2>\n<p>Voici les principales raisons pour lesquelles Nigeria Insurance est vitale\u00a0:<\/p>\n<h3>S\u00e9curiser les objectifs futurs<\/h3>\n<p>Votre pr\u00e9sent pourrait \u00eatre stable avec votre flux de revenu r\u00e9gulier qui est suffisant pour r\u00e9pondre aux besoins de style de vie de votre famille. Mais que se passera-t-il si vous devez faire face de mani\u00e8re inattendue \u00e0 la fin de votre vie\u00a0? Votre famille sera-t-elle capable de subvenir \u00e0 ses besoins futurs avec vous ?<\/p>\n<p>C&#039;est l\u00e0 qu&#039;un plan d&#039;assurance temporaire au Nigeria est utile. Assurez l&#039;avenir de votre famille et achetez une police d&#039;assurance temporaire qui aidera votre personne \u00e0 charge ou votre mandataire \u00e0 obtenir une somme forfaitaire ou un paiement mensuel pour l&#039;aider \u00e0 faire face \u00e0 ses besoins financiers. L&#039;assurance temporaire est l&#039;un des plans d&#039;assurance-maladie et d&#039;assurance-vie du Nig\u00e9ria qui offre une couverture d&#039;assurance-vie \u00e0 l&#039;individu pour une dur\u00e9e d\u00e9termin\u00e9e avec un co\u00fbt de prime abordable.<\/p>\n<h3>Encourager l&#039;\u00e9pargne<\/h3>\n<p>L&#039;assurance est \u00e9galement un meilleur canal d&#039;investissement. L&#039;assurance vie et sant\u00e9 Nigeria pr\u00e9voit des facilit\u00e9s d&#039;\u00e9pargne syst\u00e9matique en allouant des fonds sous forme de prime chaque ann\u00e9e. \u00c0 la fin de la dur\u00e9e de la police, le titulaire de la police peut r\u00e9colter les avantages en obtenant un paiement forfaitaire qui se traduira par un grand corpus de richesse.<\/p>\n<p>L&#039;assurance Nig\u00e9ria attire les \u00e9conomies en diminuant vos d\u00e9penses \u00e0 long terme. Vous pouvez \u00e9viter les paiements directs pour des \u00e9v\u00e9nements malheureux comme la perte de votre v\u00e9lo, des probl\u00e8mes m\u00e9dicaux, des accidents et plus encore. C&#039;est \u00e9galement un meilleur outil d&#039;\u00e9conomie d&#039;imp\u00f4t qui vous aide \u00e0 r\u00e9duire votre fardeau fiscal.<\/p>\n<h3>G\u00e9rer les risques<\/h3>\n<p>Insurance Nigeria propose une gestion efficace des risques dans la vie. Le principal ennemi de la vie est l&#039;incertitude et on peut planifier les incertitudes de la vie avec une assurance. Le danger de tomber malade, le risque de perdre votre v\u00e9hicule, le risque de faire face \u00e0 un accident lors d&#039;un voyage \u00e0 v\u00e9lo, le danger pour votre propre sant\u00e9 et plus encore peuvent \u00eatre trait\u00e9s avec une assurance moto Nigeria, la meilleure police d&#039;assurance automobile du Nigeria.<\/p>\n<p>En cas de polices d&#039;assurance temporaire, votre famille n&#039;aura pas \u00e0 faire face \u00e0 une \u00e9preuve financi\u00e8re en cas de d\u00e9c\u00e8s ultime et vous b\u00e9n\u00e9ficiez d&#039;une couverture pour la dur\u00e9e donn\u00e9e \u00e0 un co\u00fbt bon march\u00e9. Utilisez les plans d&#039;assurance nig\u00e9rians pour att\u00e9nuer le risque de facteur dans votre vie.<\/p>","protected":false},"excerpt":{"rendered":"<p>Cheap Life, Health, Car Insurance Nigeria Quotes Compare best life, healthcare or car insurance Nigeria quotes for free. Compare and find the best online insurance in Nigeria online. There are various types of insurance Nigeria that protect citizens like term insurance, health insurance Nigeria, car insurance Nigeria, travel insurance for Nigerian residents and many more. [&hellip;]<\/p>\n","protected":false},"author":1,"featured_media":20034,"parent":0,"menu_order":0,"comment_status":"open","ping_status":"closed","template":"template-home-modern.php","meta":{"footnotes":""},"class_list":["post-11187","page","type-page","status-publish","has-post-thumbnail","hentry"],"yoast_head":"<!-- This site is optimized with the Yoast SEO plugin v27.2 - https:\/\/yoast.com\/product\/yoast-seo-wordpress\/ -->\n<title>Insurance in Nigeria - Cheap Life, Health &amp; Car Online Quotes<\/title>\n<meta name=\"description\" content=\"Looking for affordable healthcare, life or car insurance in Nigeria? Compare life, health, or car online insurance in Nigeria and get cheap insurance quotes\" \/>\n<meta name=\"robots\" content=\"index, follow, max-snippet:-1, max-image-preview:large, max-video-preview:-1\" \/>\n<link rel=\"canonical\" href=\"https:\/\/tiketi.com\/fr-fr\/life-car-health-insurance-nigeria\/\" \/>\n<meta property=\"og:locale\" content=\"fr_FR\" \/>\n<meta property=\"og:type\" content=\"article\" \/>\n<meta property=\"og:title\" content=\"Insurance in Nigeria - Cheap Life, Health &amp; Car Online Quotes\" \/>\n<meta property=\"og:description\" content=\"Looking for affordable healthcare, life or car insurance in Nigeria? Compare life, health, or car online insurance in Nigeria and get cheap insurance quotes\" \/>\n<meta property=\"og:url\" content=\"https:\/\/tiketi.com\/fr-fr\/life-car-health-insurance-nigeria\/\" \/>\n<meta property=\"og:site_name\" content=\"Tiketi.com\" \/>\n<meta property=\"article:publisher\" content=\"https:\/\/www.facebook.com\/TiketiCom\/\" \/>\n<meta property=\"article:modified_time\" content=\"2022-02-15T17:41:34+00:00\" \/>\n<meta property=\"og:image\" content=\"https:\/\/tiketi.com\/wp-content\/uploads\/2019\/05\/insurance-ravi-roshan-_AdUs32i0jc-unsplas.jpg\" \/>\n\t<meta property=\"og:image:width\" content=\"1200\" \/>\n\t<meta property=\"og:image:height\" content=\"200\" \/>\n\t<meta property=\"og:image:type\" content=\"image\/jpeg\" \/>\n<meta name=\"twitter:card\" content=\"summary_large_image\" \/>\n<meta name=\"twitter:label1\" content=\"Dur\u00e9e de lecture estim\u00e9e\" \/>\n\t<meta name=\"twitter:data1\" content=\"2 minutes\" \/>\n<script type=\"application\/ld+json\" class=\"yoast-schema-graph\">{\"@context\":\"https:\/\/schema.org\",\"@graph\":[{\"@type\":\"WebPage\",\"@id\":\"https:\/\/tiketi.com\/life-car-health-insurance-nigeria\/\",\"url\":\"https:\/\/tiketi.com\/life-car-health-insurance-nigeria\/\",\"name\":\"Insurance in Nigeria - Cheap Life, Health & Car Online Quotes\",\"isPartOf\":{\"@id\":\"https:\/\/tiketi.com\/#website\"},\"primaryImageOfPage\":{\"@id\":\"https:\/\/tiketi.com\/life-car-health-insurance-nigeria\/#primaryimage\"},\"image\":{\"@id\":\"https:\/\/tiketi.com\/life-car-health-insurance-nigeria\/#primaryimage\"},\"thumbnailUrl\":\"https:\/\/tiketi.com\/wp-content\/uploads\/2019\/05\/insurance-ravi-roshan-_AdUs32i0jc-unsplas.jpg\",\"datePublished\":\"2022-01-19T11:54:19+00:00\",\"dateModified\":\"2022-02-15T17:41:34+00:00\",\"description\":\"Looking for affordable healthcare, life or car insurance in Nigeria? Compare life, health, or car online insurance in Nigeria and get cheap insurance quotes\",\"breadcrumb\":{\"@id\":\"https:\/\/tiketi.com\/life-car-health-insurance-nigeria\/#breadcrumb\"},\"inLanguage\":\"fr-FR\",\"potentialAction\":[{\"@type\":\"ReadAction\",\"target\":[\"https:\/\/tiketi.com\/life-car-health-insurance-nigeria\/\"]}]},{\"@type\":\"ImageObject\",\"inLanguage\":\"fr-FR\",\"@id\":\"https:\/\/tiketi.com\/life-car-health-insurance-nigeria\/#primaryimage\",\"url\":\"https:\/\/tiketi.com\/wp-content\/uploads\/2019\/05\/insurance-ravi-roshan-_AdUs32i0jc-unsplas.jpg\",\"contentUrl\":\"https:\/\/tiketi.com\/wp-content\/uploads\/2019\/05\/insurance-ravi-roshan-_AdUs32i0jc-unsplas.jpg\",\"width\":1200,\"height\":200,\"caption\":\"Insurance\"},{\"@type\":\"BreadcrumbList\",\"@id\":\"https:\/\/tiketi.com\/life-car-health-insurance-nigeria\/#breadcrumb\",\"itemListElement\":[{\"@type\":\"ListItem\",\"position\":1,\"name\":\"Home\",\"item\":\"https:\/\/tiketi.com\/\"},{\"@type\":\"ListItem\",\"position\":2,\"name\":\"Online Insurance in Nigeria &#8211; Cheap Life, Health &#038; Car Online Quotes\"}]},{\"@type\":\"WebSite\",\"@id\":\"https:\/\/tiketi.com\/#website\",\"url\":\"https:\/\/tiketi.com\/\",\"name\":\"Flight & Bus Tickets, Tour Packages & Activitites - Tiketi.com\",\"description\":\"Flight &amp; Bus Tickets, Tours, Activitites\",\"publisher\":{\"@id\":\"https:\/\/tiketi.com\/#organization\"},\"potentialAction\":[{\"@type\":\"SearchAction\",\"target\":{\"@type\":\"EntryPoint\",\"urlTemplate\":\"https:\/\/tiketi.com\/?s={search_term_string}\"},\"query-input\":{\"@type\":\"PropertyValueSpecification\",\"valueRequired\":true,\"valueName\":\"search_term_string\"}}],\"inLanguage\":\"fr-FR\"},{\"@type\":\"Organization\",\"@id\":\"https:\/\/tiketi.com\/#organization\",\"name\":\"Tiketi.com\",\"alternateName\":\"Tiketi\",\"url\":\"https:\/\/tiketi.com\/\",\"logo\":{\"@type\":\"ImageObject\",\"inLanguage\":\"fr-FR\",\"@id\":\"https:\/\/tiketi.com\/#\/schema\/logo\/image\/\",\"url\":\"https:\/\/tiketi.com\/wp-content\/uploads\/2019\/05\/tiketi-logo-696.png\",\"contentUrl\":\"https:\/\/tiketi.com\/wp-content\/uploads\/2019\/05\/tiketi-logo-696.png\",\"width\":696,\"height\":696,\"caption\":\"Tiketi.com\"},\"image\":{\"@id\":\"https:\/\/tiketi.com\/#\/schema\/logo\/image\/\"},\"sameAs\":[\"https:\/\/www.facebook.com\/TiketiCom\/\"]}]}<\/script>\n<!-- \/ Yoast SEO plugin. -->","yoast_head_json":{"title":"Assurance au Nigeria - Devis vie, sant\u00e9 et voiture bon march\u00e9 en ligne","description":"Vous recherchez une assurance sant\u00e9, vie ou voiture abordable au Nigeria ? Comparez les assurances vie, sant\u00e9 ou voiture en ligne au Nigeria et obtenez des devis d&#039;assurance bon march\u00e9","robots":{"index":"index","follow":"follow","max-snippet":"max-snippet:-1","max-image-preview":"max-image-preview:large","max-video-preview":"max-video-preview:-1"},"canonical":"https:\/\/tiketi.com\/fr-fr\/life-car-health-insurance-nigeria\/","og_locale":"fr_FR","og_type":"article","og_title":"Insurance in Nigeria - Cheap Life, Health & Car Online Quotes","og_description":"Looking for affordable healthcare, life or car insurance in Nigeria? Compare life, health, or car online insurance in Nigeria and get cheap insurance quotes","og_url":"https:\/\/tiketi.com\/fr-fr\/life-car-health-insurance-nigeria\/","og_site_name":"Tiketi.com","article_publisher":"https:\/\/www.facebook.com\/TiketiCom\/","article_modified_time":"2022-02-15T17:41:34+00:00","og_image":[{"width":1200,"height":200,"url":"https:\/\/tiketi.com\/wp-content\/uploads\/2019\/05\/insurance-ravi-roshan-_AdUs32i0jc-unsplas.jpg","type":"image\/jpeg"}],"twitter_card":"summary_large_image","twitter_misc":{"Dur\u00e9e de lecture estim\u00e9e":"2 minutes"},"schema":{"@context":"https:\/\/schema.org","@graph":[{"@type":"WebPage","@id":"https:\/\/tiketi.com\/life-car-health-insurance-nigeria\/","url":"https:\/\/tiketi.com\/life-car-health-insurance-nigeria\/","name":"Assurance au Nigeria - Devis vie, sant\u00e9 et voiture bon march\u00e9 en ligne","isPartOf":{"@id":"https:\/\/tiketi.com\/#website"},"primaryImageOfPage":{"@id":"https:\/\/tiketi.com\/life-car-health-insurance-nigeria\/#primaryimage"},"image":{"@id":"https:\/\/tiketi.com\/life-car-health-insurance-nigeria\/#primaryimage"},"thumbnailUrl":"https:\/\/tiketi.com\/wp-content\/uploads\/2019\/05\/insurance-ravi-roshan-_AdUs32i0jc-unsplas.jpg","datePublished":"2022-01-19T11:54:19+00:00","dateModified":"2022-02-15T17:41:34+00:00","description":"Vous recherchez une assurance sant\u00e9, vie ou voiture abordable au Nigeria ? Comparez les assurances vie, sant\u00e9 ou voiture en ligne au Nigeria et obtenez des devis d&#039;assurance bon march\u00e9","breadcrumb":{"@id":"https:\/\/tiketi.com\/life-car-health-insurance-nigeria\/#breadcrumb"},"inLanguage":"fr-FR","potentialAction":[{"@type":"ReadAction","target":["https:\/\/tiketi.com\/life-car-health-insurance-nigeria\/"]}]},{"@type":"ImageObject","inLanguage":"fr-FR","@id":"https:\/\/tiketi.com\/life-car-health-insurance-nigeria\/#primaryimage","url":"https:\/\/tiketi.com\/wp-content\/uploads\/2019\/05\/insurance-ravi-roshan-_AdUs32i0jc-unsplas.jpg","contentUrl":"https:\/\/tiketi.com\/wp-content\/uploads\/2019\/05\/insurance-ravi-roshan-_AdUs32i0jc-unsplas.jpg","width":1200,"height":200,"caption":"Insurance"},{"@type":"BreadcrumbList","@id":"https:\/\/tiketi.com\/life-car-health-insurance-nigeria\/#breadcrumb","itemListElement":[{"@type":"ListItem","position":1,"name":"Home","item":"https:\/\/tiketi.com\/"},{"@type":"ListItem","position":2,"name":"Online Insurance in Nigeria &#8211; Cheap Life, Health &#038; Car Online Quotes"}]},{"@type":"WebSite","@id":"https:\/\/tiketi.com\/#website","url":"https:\/\/tiketi.com\/","name":"Billets d&#039;avion et de bus, forfaits touristiques et activit\u00e9s - Tiketi.com","description":"Billets d&#039;avion et de bus, Tours, Activit\u00e9s","publisher":{"@id":"https:\/\/tiketi.com\/#organization"},"potentialAction":[{"@type":"SearchAction","target":{"@type":"EntryPoint","urlTemplate":"https:\/\/tiketi.com\/?s={search_term_string}"},"query-input":{"@type":"PropertyValueSpecification","valueRequired":true,"valueName":"search_term_string"}}],"inLanguage":"fr-FR"},{"@type":"Organization","@id":"https:\/\/tiketi.com\/#organization","name":"Tiketi.com","alternateName":"Tiketi","url":"https:\/\/tiketi.com\/","logo":{"@type":"ImageObject","inLanguage":"fr-FR","@id":"https:\/\/tiketi.com\/#\/schema\/logo\/image\/","url":"https:\/\/tiketi.com\/wp-content\/uploads\/2019\/05\/tiketi-logo-696.png","contentUrl":"https:\/\/tiketi.com\/wp-content\/uploads\/2019\/05\/tiketi-logo-696.png","width":696,"height":696,"caption":"Tiketi.com"},"image":{"@id":"https:\/\/tiketi.com\/#\/schema\/logo\/image\/"},"sameAs":["https:\/\/www.facebook.com\/TiketiCom\/"]}]}},"_links":{"self":[{"href":"https:\/\/tiketi.com\/fr-fr\/wp-json\/wp\/v2\/pages\/11187","targetHints":{"allow":["GET"]}}],"collection":[{"href":"https:\/\/tiketi.com\/fr-fr\/wp-json\/wp\/v2\/pages"}],"about":[{"href":"https:\/\/tiketi.com\/fr-fr\/wp-json\/wp\/v2\/types\/page"}],"author":[{"embeddable":true,"href":"https:\/\/tiketi.com\/fr-fr\/wp-json\/wp\/v2\/users\/1"}],"replies":[{"embeddable":true,"href":"https:\/\/tiketi.com\/fr-fr\/wp-json\/wp\/v2\/comments?post=11187"}],"version-history":[{"count":0,"href":"https:\/\/tiketi.com\/fr-fr\/wp-json\/wp\/v2\/pages\/11187\/revisions"}],"wp:featuredmedia":[{"embeddable":true,"href":"https:\/\/tiketi.com\/fr-fr\/wp-json\/wp\/v2\/media\/20034"}],"wp:attachment":[{"href":"https:\/\/tiketi.com\/fr-fr\/wp-json\/wp\/v2\/media?parent=11187"}],"curies":[{"name":"wp","href":"https:\/\/api.w.org\/{rel}","templated":true}]}}