{"id":11188,"date":"2022-01-19T12:54:19","date_gmt":"2022-01-19T11:54:19","guid":{"rendered":"https:\/\/new.tiketi.com\/insurance-in-ghana-cheap-life-health-car-online-quotes\/"},"modified":"2022-02-15T18:11:12","modified_gmt":"2022-02-15T17:11:12","slug":"life-car-health-insurance-ghana","status":"publish","type":"page","link":"https:\/\/tiketi.com\/fr-fr\/life-car-health-insurance-ghana\/","title":{"rendered":"Assurance en ligne au Ghana \u2013 Devis en ligne bon march\u00e9 pour les assurances vie, sant\u00e9 et automobile"},"content":{"rendered":"<h2>Assurance en ligne bon march\u00e9 au Ghana Devis<\/h2>\n<h3>Comparez gratuitement les devis d&#039;assurance vie, sant\u00e9 ou automobile bon march\u00e9 au Ghana.<\/h3>\n<p>Comparez et trouvez la meilleure assurance en ligne au Ghana. L&#039;assurance g\u00e9n\u00e9rale du Ghana vous prot\u00e8ge, vous et vos actifs, du danger financier d&#039;un probl\u00e8me. Comparez et souscrivez une assurance vie, sant\u00e9 ou automobile Ghana en ligne et \u00e9conomisez du temps et de l&#039;argent.<\/p>\n<p>Cela ne peut pas emp\u00eacher quelque chose de se produire, mais si un \u00e9v\u00e9nement inattendu se produit et qui est couvert par votre police, cela signifie que vous n&#039;aurez pas \u00e0 payer le co\u00fbt total d&#039;une perte.<\/p>\n<p>Cela signifie que si quelque chose tourne mal, vous \u00eates beaucoup moins susceptible de devoir puiser dans vos \u00e9conomies ou vos investissements, d\u2019emprunter de l\u2019argent, de demander une aide financi\u00e8re \u00e0 vos amis ou \u00e0 votre famille, ou de vendre vos actifs pour payer des r\u00e9parations, des b\u00e2timents ou des dettes impay\u00e9es.<\/p>\n<p>Vous n\u2019auriez pas besoin de faire confiance \u00e0 l\u2019aide de groupes communautaires ou de gouvernements qui ne vous aident g\u00e9n\u00e9ralement qu\u2019en cas de catastrophe, comme des feux de brousse ou des inondations, o\u00f9 l\u2019aide pourrait ne pas refl\u00e9ter l\u2019\u00e9tendue de votre perte et o\u00f9 beaucoup ne vous soutiennent pas pour reconstruire votre vie.<\/p>\n<h2>FAQ sur l&#039;assurance vie, sant\u00e9 et automobile au Ghana<\/h2>\n<h3>Prot\u00e9ger ce qui est vital<\/h3>\n<p>Lorsque vous souscrivez une police d&#039;assurance au Ghana, vous devez r\u00e9fl\u00e9chir \u00e0 ce qui est vital pour vous et au montant que vous \u00eates pr\u00eat \u00e0 mettre de c\u00f4t\u00e9 pour sauver ces choses si vous \u00e9tiez confront\u00e9 \u00e0 leur perte.<\/p>\n<p>La plupart des gens sont pr\u00eats \u00e0 payer une prime d\u2019assurance pour sauver des choses comme leur voiture, leur maison ou leur bateau. Ainsi, ceux-ci peuvent souscrire une assurance m\u00e9dicale au Ghana, une assurance automobile au Ghana, une assurance moto au Ghana, etc. Les propri\u00e9taires d&#039;entreprise souscrivent g\u00e9n\u00e9ralement une couverture d&#039;assurance pour \u00e9conomiser leurs stocks et leurs actifs, et pour fournir une aide financi\u00e8re s&#039;ils sont confront\u00e9s \u00e0 des probl\u00e8mes juridiques.<\/p>\n<p>Choisir une police d\u2019assurance consiste \u00e0 identifier ce qui est vital pour vous.<\/p>\n<p>Certaines formes d\u2019assurance ghan\u00e9enne sont obligatoires. Par exemple, les gouvernements des territoires et des \u00c9tats exigent que les propri\u00e9taires de voitures souscrivent la meilleure assurance automobile du Ghana lorsqu&#039;ils immatriculent leur v\u00e9hicule afin de sauver toute personne qu&#039;ils pourraient blesser pendant qu&#039;ils conduisent.<\/p>\n<h3>Que pouvez-vous prot\u00e9ger ?<\/h3>\n<p>Vous devriez envisager une assurance g\u00e9n\u00e9rale au Ghana lorsque le co\u00fbt d\u2019un danger financier particulier est bien sup\u00e9rieur au co\u00fbt de votre \u00e9pargne contre ce risque.<\/p>\n<p>Un danger doit pouvoir \u00eatre valoris\u00e9 en termes mon\u00e9taires pour pouvoir \u00eatre int\u00e9gr\u00e9 dans une police d&#039;assurance. Il doit \u00e9galement s\u2019agir d\u2019un danger incertain, dont nous ne pouvons pas \u00eatre s\u00fbrs qu\u2019il se produira.<\/p>\n<p>Vous devez \u00e9galement avoir un int\u00e9r\u00eat direct dans toute perte contre laquelle vous assurez. Vous ne pouvez pas souscrire une assurance habitation et inventaire sur la maison de votre voisin par exemple.<\/p>\n<p>Presque tout ce qui est pr\u00e9cieux peut \u00eatre assur\u00e9, mais dans la pratique, la plupart des objets assur\u00e9s partagent les caract\u00e9ristiques suivantes :<\/p>\n<p>\u2022 Le dommage ou la perte a une valeur raisonnable en dollars.<\/p>\n<p>\u2022 Le danger couvert peut concerner un grand nombre de personnes (comme une voiture, un incendie, un vol)<\/p>\n<p>\u2022 La prime est abordable<\/p>","protected":false},"excerpt":{"rendered":"<p>Cheap Online Insurance in Ghana Quotes Compare cheap life, healthcare or car insurance Ghana quotes for free. Compare and find the best online insurance in Ghana. General Ghana insurance saves you and your assets from the financial danger of something going wrong. Compare and buy life, health or car insurance Ghana online and save time [&hellip;]<\/p>\n","protected":false},"author":1,"featured_media":20034,"parent":0,"menu_order":0,"comment_status":"open","ping_status":"closed","template":"template-home-modern.php","meta":{"footnotes":""},"class_list":["post-11188","page","type-page","status-publish","has-post-thumbnail","hentry"],"yoast_head":"<!-- This site is optimized with the Yoast SEO plugin v27.4 - https:\/\/yoast.com\/product\/yoast-seo-wordpress\/ -->\n<title>Online Insurance in Ghana - Cheap Life, Health &amp; Car Online Quotes<\/title>\n<meta name=\"description\" content=\"Looking for affordable healthcare, life or car insurance in Ghana? Compare life, health, car online insurance in Ghana and get cheap insurance quotes\" \/>\n<meta name=\"robots\" content=\"index, follow, max-snippet:-1, max-image-preview:large, max-video-preview:-1\" \/>\n<link rel=\"canonical\" href=\"https:\/\/tiketi.com\/fr-fr\/life-car-health-insurance-ghana\/\" \/>\n<meta property=\"og:locale\" content=\"fr_FR\" \/>\n<meta property=\"og:type\" content=\"article\" \/>\n<meta property=\"og:title\" content=\"Online Insurance in Ghana - Cheap Life, Health &amp; Car Online Quotes\" \/>\n<meta property=\"og:description\" content=\"Looking for affordable healthcare, life or car insurance in Ghana? Compare life, health, car online insurance in Ghana and get cheap insurance quotes\" \/>\n<meta property=\"og:url\" content=\"https:\/\/tiketi.com\/fr-fr\/life-car-health-insurance-ghana\/\" \/>\n<meta property=\"og:site_name\" content=\"Tiketi.com\" \/>\n<meta property=\"article:publisher\" content=\"https:\/\/www.facebook.com\/TiketiCom\/\" \/>\n<meta property=\"article:modified_time\" content=\"2022-02-15T17:11:12+00:00\" \/>\n<meta property=\"og:image\" content=\"https:\/\/tiketi.com\/wp-content\/uploads\/2019\/05\/insurance-ravi-roshan-_AdUs32i0jc-unsplas.jpg\" \/>\n\t<meta property=\"og:image:width\" content=\"1200\" \/>\n\t<meta property=\"og:image:height\" content=\"200\" \/>\n\t<meta property=\"og:image:type\" content=\"image\/jpeg\" \/>\n<meta name=\"twitter:card\" content=\"summary_large_image\" \/>\n<meta name=\"twitter:label1\" content=\"Dur\u00e9e de lecture estim\u00e9e\" \/>\n\t<meta name=\"twitter:data1\" content=\"3 minutes\" \/>\n<script type=\"application\/ld+json\" class=\"yoast-schema-graph\">{\"@context\":\"https:\\\/\\\/schema.org\",\"@graph\":[{\"@type\":\"WebPage\",\"@id\":\"https:\\\/\\\/tiketi.com\\\/life-car-health-insurance-ghana\\\/\",\"url\":\"https:\\\/\\\/tiketi.com\\\/life-car-health-insurance-ghana\\\/\",\"name\":\"Online Insurance in Ghana - Cheap Life, Health & Car Online Quotes\",\"isPartOf\":{\"@id\":\"https:\\\/\\\/tiketi.com\\\/#website\"},\"primaryImageOfPage\":{\"@id\":\"https:\\\/\\\/tiketi.com\\\/life-car-health-insurance-ghana\\\/#primaryimage\"},\"image\":{\"@id\":\"https:\\\/\\\/tiketi.com\\\/life-car-health-insurance-ghana\\\/#primaryimage\"},\"thumbnailUrl\":\"https:\\\/\\\/tiketi.com\\\/wp-content\\\/uploads\\\/2019\\\/05\\\/insurance-ravi-roshan-_AdUs32i0jc-unsplas.jpg\",\"datePublished\":\"2022-01-19T11:54:19+00:00\",\"dateModified\":\"2022-02-15T17:11:12+00:00\",\"description\":\"Looking for affordable healthcare, life or car insurance in Ghana? Compare life, health, car online insurance in Ghana and get cheap insurance quotes\",\"breadcrumb\":{\"@id\":\"https:\\\/\\\/tiketi.com\\\/life-car-health-insurance-ghana\\\/#breadcrumb\"},\"inLanguage\":\"fr-FR\",\"potentialAction\":[{\"@type\":\"ReadAction\",\"target\":[\"https:\\\/\\\/tiketi.com\\\/life-car-health-insurance-ghana\\\/\"]}]},{\"@type\":\"ImageObject\",\"inLanguage\":\"fr-FR\",\"@id\":\"https:\\\/\\\/tiketi.com\\\/life-car-health-insurance-ghana\\\/#primaryimage\",\"url\":\"https:\\\/\\\/tiketi.com\\\/wp-content\\\/uploads\\\/2019\\\/05\\\/insurance-ravi-roshan-_AdUs32i0jc-unsplas.jpg\",\"contentUrl\":\"https:\\\/\\\/tiketi.com\\\/wp-content\\\/uploads\\\/2019\\\/05\\\/insurance-ravi-roshan-_AdUs32i0jc-unsplas.jpg\",\"width\":1200,\"height\":200,\"caption\":\"Insurance\"},{\"@type\":\"BreadcrumbList\",\"@id\":\"https:\\\/\\\/tiketi.com\\\/life-car-health-insurance-ghana\\\/#breadcrumb\",\"itemListElement\":[{\"@type\":\"ListItem\",\"position\":1,\"name\":\"Home\",\"item\":\"https:\\\/\\\/tiketi.com\\\/\"},{\"@type\":\"ListItem\",\"position\":2,\"name\":\"Online Insurance in Ghana &#8211; Cheap Life, Health &#038; Car Online Quotes\"}]},{\"@type\":\"WebSite\",\"@id\":\"https:\\\/\\\/tiketi.com\\\/#website\",\"url\":\"https:\\\/\\\/tiketi.com\\\/\",\"name\":\"Flight & Bus Tickets, Tour Packages & Activitites - Tiketi.com\",\"description\":\"Flight &amp; Bus Tickets, Tours, Activitites\",\"publisher\":{\"@id\":\"https:\\\/\\\/tiketi.com\\\/#organization\"},\"potentialAction\":[{\"@type\":\"SearchAction\",\"target\":{\"@type\":\"EntryPoint\",\"urlTemplate\":\"https:\\\/\\\/tiketi.com\\\/?s={search_term_string}\"},\"query-input\":{\"@type\":\"PropertyValueSpecification\",\"valueRequired\":true,\"valueName\":\"search_term_string\"}}],\"inLanguage\":\"fr-FR\"},{\"@type\":\"Organization\",\"@id\":\"https:\\\/\\\/tiketi.com\\\/#organization\",\"name\":\"Tiketi.com\",\"alternateName\":\"Tiketi\",\"url\":\"https:\\\/\\\/tiketi.com\\\/\",\"logo\":{\"@type\":\"ImageObject\",\"inLanguage\":\"fr-FR\",\"@id\":\"https:\\\/\\\/tiketi.com\\\/#\\\/schema\\\/logo\\\/image\\\/\",\"url\":\"https:\\\/\\\/tiketi.com\\\/wp-content\\\/uploads\\\/2019\\\/05\\\/tiketi-logo-696.png\",\"contentUrl\":\"https:\\\/\\\/tiketi.com\\\/wp-content\\\/uploads\\\/2019\\\/05\\\/tiketi-logo-696.png\",\"width\":696,\"height\":696,\"caption\":\"Tiketi.com\"},\"image\":{\"@id\":\"https:\\\/\\\/tiketi.com\\\/#\\\/schema\\\/logo\\\/image\\\/\"},\"sameAs\":[\"https:\\\/\\\/www.facebook.com\\\/TiketiCom\\\/\"]}]}<\/script>\n<!-- \/ Yoast SEO plugin. -->","yoast_head_json":{"title":"Assurance en ligne au Ghana - Devis en ligne bon march\u00e9 pour les assurances vie, sant\u00e9 et automobile","description":"Vous recherchez une assurance sant\u00e9, vie ou automobile abordable au Ghana ? Comparez les assurances vie, sant\u00e9 et automobile en ligne au Ghana et obtenez des devis d&#039;assurance bon march\u00e9","robots":{"index":"index","follow":"follow","max-snippet":"max-snippet:-1","max-image-preview":"max-image-preview:large","max-video-preview":"max-video-preview:-1"},"canonical":"https:\/\/tiketi.com\/fr-fr\/life-car-health-insurance-ghana\/","og_locale":"fr_FR","og_type":"article","og_title":"Online Insurance in Ghana - Cheap Life, Health & Car Online Quotes","og_description":"Looking for affordable healthcare, life or car insurance in Ghana? Compare life, health, car online insurance in Ghana and get cheap insurance quotes","og_url":"https:\/\/tiketi.com\/fr-fr\/life-car-health-insurance-ghana\/","og_site_name":"Tiketi.com","article_publisher":"https:\/\/www.facebook.com\/TiketiCom\/","article_modified_time":"2022-02-15T17:11:12+00:00","og_image":[{"width":1200,"height":200,"url":"https:\/\/tiketi.com\/wp-content\/uploads\/2019\/05\/insurance-ravi-roshan-_AdUs32i0jc-unsplas.jpg","type":"image\/jpeg"}],"twitter_card":"summary_large_image","twitter_misc":{"Dur\u00e9e de lecture estim\u00e9e":"3 minutes"},"schema":{"@context":"https:\/\/schema.org","@graph":[{"@type":"WebPage","@id":"https:\/\/tiketi.com\/life-car-health-insurance-ghana\/","url":"https:\/\/tiketi.com\/life-car-health-insurance-ghana\/","name":"Assurance en ligne au Ghana - Devis en ligne bon march\u00e9 pour les assurances vie, sant\u00e9 et automobile","isPartOf":{"@id":"https:\/\/tiketi.com\/#website"},"primaryImageOfPage":{"@id":"https:\/\/tiketi.com\/life-car-health-insurance-ghana\/#primaryimage"},"image":{"@id":"https:\/\/tiketi.com\/life-car-health-insurance-ghana\/#primaryimage"},"thumbnailUrl":"https:\/\/tiketi.com\/wp-content\/uploads\/2019\/05\/insurance-ravi-roshan-_AdUs32i0jc-unsplas.jpg","datePublished":"2022-01-19T11:54:19+00:00","dateModified":"2022-02-15T17:11:12+00:00","description":"Vous recherchez une assurance sant\u00e9, vie ou automobile abordable au Ghana ? Comparez les assurances vie, sant\u00e9 et automobile en ligne au Ghana et obtenez des devis d&#039;assurance bon march\u00e9","breadcrumb":{"@id":"https:\/\/tiketi.com\/life-car-health-insurance-ghana\/#breadcrumb"},"inLanguage":"fr-FR","potentialAction":[{"@type":"ReadAction","target":["https:\/\/tiketi.com\/life-car-health-insurance-ghana\/"]}]},{"@type":"ImageObject","inLanguage":"fr-FR","@id":"https:\/\/tiketi.com\/life-car-health-insurance-ghana\/#primaryimage","url":"https:\/\/tiketi.com\/wp-content\/uploads\/2019\/05\/insurance-ravi-roshan-_AdUs32i0jc-unsplas.jpg","contentUrl":"https:\/\/tiketi.com\/wp-content\/uploads\/2019\/05\/insurance-ravi-roshan-_AdUs32i0jc-unsplas.jpg","width":1200,"height":200,"caption":"Insurance"},{"@type":"BreadcrumbList","@id":"https:\/\/tiketi.com\/life-car-health-insurance-ghana\/#breadcrumb","itemListElement":[{"@type":"ListItem","position":1,"name":"Home","item":"https:\/\/tiketi.com\/"},{"@type":"ListItem","position":2,"name":"Online Insurance in Ghana &#8211; Cheap Life, Health &#038; Car Online Quotes"}]},{"@type":"WebSite","@id":"https:\/\/tiketi.com\/#website","url":"https:\/\/tiketi.com\/","name":"Billets d&#039;avion et de bus, forfaits touristiques et activit\u00e9s - Tiketi.com","description":"Billets d&#039;avion et de bus, Tours, Activit\u00e9s","publisher":{"@id":"https:\/\/tiketi.com\/#organization"},"potentialAction":[{"@type":"SearchAction","target":{"@type":"EntryPoint","urlTemplate":"https:\/\/tiketi.com\/?s={search_term_string}"},"query-input":{"@type":"PropertyValueSpecification","valueRequired":true,"valueName":"search_term_string"}}],"inLanguage":"fr-FR"},{"@type":"Organization","@id":"https:\/\/tiketi.com\/#organization","name":"Tiketi.com","alternateName":"Tiketi","url":"https:\/\/tiketi.com\/","logo":{"@type":"ImageObject","inLanguage":"fr-FR","@id":"https:\/\/tiketi.com\/#\/schema\/logo\/image\/","url":"https:\/\/tiketi.com\/wp-content\/uploads\/2019\/05\/tiketi-logo-696.png","contentUrl":"https:\/\/tiketi.com\/wp-content\/uploads\/2019\/05\/tiketi-logo-696.png","width":696,"height":696,"caption":"Tiketi.com"},"image":{"@id":"https:\/\/tiketi.com\/#\/schema\/logo\/image\/"},"sameAs":["https:\/\/www.facebook.com\/TiketiCom\/"]}]}},"_links":{"self":[{"href":"https:\/\/tiketi.com\/fr-fr\/wp-json\/wp\/v2\/pages\/11188","targetHints":{"allow":["GET"]}}],"collection":[{"href":"https:\/\/tiketi.com\/fr-fr\/wp-json\/wp\/v2\/pages"}],"about":[{"href":"https:\/\/tiketi.com\/fr-fr\/wp-json\/wp\/v2\/types\/page"}],"author":[{"embeddable":true,"href":"https:\/\/tiketi.com\/fr-fr\/wp-json\/wp\/v2\/users\/1"}],"replies":[{"embeddable":true,"href":"https:\/\/tiketi.com\/fr-fr\/wp-json\/wp\/v2\/comments?post=11188"}],"version-history":[{"count":0,"href":"https:\/\/tiketi.com\/fr-fr\/wp-json\/wp\/v2\/pages\/11188\/revisions"}],"wp:featuredmedia":[{"embeddable":true,"href":"https:\/\/tiketi.com\/fr-fr\/wp-json\/wp\/v2\/media\/20034"}],"wp:attachment":[{"href":"https:\/\/tiketi.com\/fr-fr\/wp-json\/wp\/v2\/media?parent=11188"}],"curies":[{"name":"wp","href":"https:\/\/api.w.org\/{rel}","templated":true}]}}