{"id":11189,"date":"2022-01-19T12:54:21","date_gmt":"2022-01-19T11:54:21","guid":{"rendered":"https:\/\/new.tiketi.com\/insurance-in-tanzania-cheap-life-health-car-online-quotes\/"},"modified":"2023-09-04T07:00:57","modified_gmt":"2023-09-04T06:00:57","slug":"tanzania","status":"publish","type":"page","link":"https:\/\/tiketi.com\/fr-fr\/insurance\/tanzania\/","title":{"rendered":"Assurance en ligne en Tanzanie - Devis sant\u00e9, vie et voiture bon march\u00e9"},"content":{"rendered":"<h2>Assurance vie, voiture et sant\u00e9 bon march\u00e9 en Tanzanie<\/h2>\n<h3>Comparez gratuitement des devis d&#039;assurance sant\u00e9, auto ou vie bon march\u00e9 en Tanzanie.<\/h3>\n<p>Comparez les assurances en ligne en Tanzanie et trouvez la meilleure assurance vie, auto ou sant\u00e9 en Tanzanie. L&#039;assurance en Tanzanie est d\u00e9licate. Ce n&#039;est pas comme acheter une chemise ou une chaise ou des produits d&#039;\u00e9picerie. Lorsque vous souscrivez une assurance Tanzanie, vous achetez une promesse. C&#039;est une garantie que si quelque chose de grave arrive \u00e0 votre entreprise, votre assureur va aider toute votre entreprise. Comparez et achetez en ligne une assurance sant\u00e9, vie, moto ou voiture pas ch\u00e8re en Tanzanie et gagnez du temps et de l&#039;argent.<\/p>\n<h2>Meilleures citations d&#039;assurance en ligne en Tanzanie - FAQ sur l&#039;assurance vie, maladie et automobile en Tanzanie<\/h2>\n<p>Voici quelques-unes des raisons pour lesquelles l&#039;assurance en Tanzanie est importante\u00a0:<\/p>\n<h3>L&#039;assurance maladie en Tanzanie vous prot\u00e8ge vous et votre famille<\/h3>\n<p>Votre famille d\u00e9pend de votre soutien financier pour profiter d&#039;un niveau de vie parfait, c&#039;est pourquoi l&#039;assurance maladie en Tanzanie est particuli\u00e8rement vitale une fois que vous avez fond\u00e9 une famille. Cela signifie que les personnes qui comptent le plus dans votre vie peuvent \u00eatre sauv\u00e9es des difficult\u00e9s financi\u00e8res si l&#039;inattendu se produit.<\/p>\n<h3>Diminuer le stress pendant les moments difficiles<\/h3>\n<p>Des trag\u00e9dies inattendues telles qu&#039;une blessure, une maladie ou une invalidit\u00e9 permanente, m\u00eame la mort, peuvent vous laisser, vous et votre famille, face \u00e0 une grande inqui\u00e9tude \u00e9motionnelle, voire au chagrin. Avec une assurance automobile en Tanzanie ou une assurance-vie en place, vos soucis financiers ou ceux de votre famille seront r\u00e9duits et vous pourrez vous concentrer sur la r\u00e9cup\u00e9ration et la reconstruction de votre vie.<\/p>\n<h3>L&#039;assurance apporte la tranquillit\u00e9 d&#039;esprit<\/h3>\n<p>La prime que vous payez \u00e0 la compagnie d&#039;assurance tanzanienne est le prix qui promet que la compagnie d&#039;assurance couvrira les dommages en cas d&#039;\u00e9v\u00e9nement impr\u00e9vu. Et, cela promet que votre danger est couvert apporte la tranquillit\u00e9 d&#039;esprit.<\/p>\n<h3>Assurance vie en Tanzanie<\/h3>\n<p>Par exemple, supposons que vous d\u00e9c\u00e9diez pr\u00e9matur\u00e9ment \u00e0 un moment o\u00f9 vous avez encore plusieurs \u00e9tapes \u00e0 franchir comme l&#039;\u00e9ducation des enfants, leur mariage, un capital retraite pour votre conjoint etc. et qu&#039;il existe une dette sous forme de cr\u00e9dit logement. Votre fin ultime peut mettre votre famille au jour le jour. Mais, si vous auriez souscrit une assurance-vie \u00e0 terme en Tanzanie en tenant compte de tous ces facteurs, votre famille serait en mesure de naviguer pendant les moments difficiles.<\/p>\n<h2>L&#039;assurance en ligne Tanzanie vous permet de profiter de la s\u00e9curit\u00e9 financi\u00e8re<\/h2>\n<p>Peu importe quelle est votre situation financi\u00e8re aujourd&#039;hui, un \u00e9v\u00e9nement inattendu peut tout d\u00e9m\u00ealer tr\u00e8s rapidement. L&#039;assurance fournit un paiement afin qu&#039;en cas d&#039;\u00e9v\u00e9nement inattendu, vous et votre famille puissiez, esp\u00e9rons-le, continuer \u00e0 aller de l&#039;avant.<\/p>\n<h2>Assurance sant\u00e9, vie, moto ou voiture en Tanzanie \u2013 r\u00e9sultat net<\/h2>\n<p>Avoir une assurance - sant\u00e9, moto, voiture ou assurance-vie est un \u00e9l\u00e9ment essentiel de la planification financi\u00e8re. Cela peut vous \u00e9viter des difficult\u00e9s financi\u00e8res en cas de circonstances impr\u00e9vues. Quoi qu&#039;il en soit, la d\u00e9cision d&#039;acheter une assurance en Tanzanie doit \u00eatre d\u00e9termin\u00e9e par de nombreux facteurs, les avantages que vous obtenez de la police et votre capacit\u00e9 \u00e0 payer la prime.<\/p>","protected":false},"excerpt":{"rendered":"<p>Cheap Life, Car and Health Insurance in Tanzania Compare cheap healthcare, car or life insurance in Tanzania quotes for free. Compare online insurance in Tanzania and find the best life, car or health insurance in Tanzania. Insurance Tanzania is tricky. It is not like buying a shirt or a chair or groceries. When you buy [&hellip;]<\/p>\n","protected":false},"author":1,"featured_media":20034,"parent":28463,"menu_order":0,"comment_status":"open","ping_status":"closed","template":"template-home-modern.php","meta":{"footnotes":""},"class_list":["post-11189","page","type-page","status-publish","has-post-thumbnail","hentry"],"yoast_head":"<!-- This site is optimized with the Yoast SEO plugin v27.3 - https:\/\/yoast.com\/product\/yoast-seo-wordpress\/ -->\n<title>Online Insurance in Tanzania - Cheap Life, Health &amp; Car Quotes<\/title>\n<meta name=\"description\" content=\"Looking for affordable healthcare, life, motorcycle or car insurance in Tanzania? Compare life, car or health online insurance in Tanzania and get cheap insurance quotes\" \/>\n<meta name=\"robots\" content=\"index, follow, max-snippet:-1, max-image-preview:large, max-video-preview:-1\" \/>\n<link rel=\"canonical\" href=\"https:\/\/tiketi.com\/fr-fr\/insurance\/tanzania\/\" \/>\n<meta property=\"og:locale\" content=\"fr_FR\" \/>\n<meta property=\"og:type\" content=\"article\" \/>\n<meta property=\"og:title\" content=\"Online Insurance in Tanzania - Cheap Life, Health &amp; Car Quotes\" \/>\n<meta property=\"og:description\" content=\"Looking for affordable healthcare, life, motorcycle or car insurance in Tanzania? Compare life, car or health online insurance in Tanzania and get cheap insurance quotes\" \/>\n<meta property=\"og:url\" content=\"https:\/\/tiketi.com\/fr-fr\/insurance\/tanzania\/\" \/>\n<meta property=\"og:site_name\" content=\"Tiketi.com\" \/>\n<meta property=\"article:publisher\" content=\"https:\/\/www.facebook.com\/TiketiCom\/\" \/>\n<meta property=\"article:modified_time\" content=\"2023-09-04T06:00:57+00:00\" \/>\n<meta property=\"og:image\" content=\"https:\/\/tiketi.com\/wp-content\/uploads\/2019\/05\/insurance-ravi-roshan-_AdUs32i0jc-unsplas.jpg\" \/>\n\t<meta property=\"og:image:width\" content=\"1200\" \/>\n\t<meta property=\"og:image:height\" content=\"200\" \/>\n\t<meta property=\"og:image:type\" content=\"image\/jpeg\" \/>\n<meta name=\"twitter:card\" content=\"summary_large_image\" \/>\n<meta name=\"twitter:label1\" content=\"Dur\u00e9e de lecture estim\u00e9e\" \/>\n\t<meta name=\"twitter:data1\" content=\"3 minutes\" \/>\n<script type=\"application\/ld+json\" class=\"yoast-schema-graph\">{\"@context\":\"https:\\\/\\\/schema.org\",\"@graph\":[{\"@type\":\"WebPage\",\"@id\":\"https:\\\/\\\/tiketi.com\\\/insurance\\\/tanzania\\\/\",\"url\":\"https:\\\/\\\/tiketi.com\\\/insurance\\\/tanzania\\\/\",\"name\":\"Online Insurance in Tanzania - Cheap Life, Health & Car Quotes\",\"isPartOf\":{\"@id\":\"https:\\\/\\\/tiketi.com\\\/#website\"},\"primaryImageOfPage\":{\"@id\":\"https:\\\/\\\/tiketi.com\\\/insurance\\\/tanzania\\\/#primaryimage\"},\"image\":{\"@id\":\"https:\\\/\\\/tiketi.com\\\/insurance\\\/tanzania\\\/#primaryimage\"},\"thumbnailUrl\":\"https:\\\/\\\/tiketi.com\\\/wp-content\\\/uploads\\\/2019\\\/05\\\/insurance-ravi-roshan-_AdUs32i0jc-unsplas.jpg\",\"datePublished\":\"2022-01-19T11:54:21+00:00\",\"dateModified\":\"2023-09-04T06:00:57+00:00\",\"description\":\"Looking for affordable healthcare, life, motorcycle or car insurance in Tanzania? Compare life, car or health online insurance in Tanzania and get cheap insurance quotes\",\"breadcrumb\":{\"@id\":\"https:\\\/\\\/tiketi.com\\\/insurance\\\/tanzania\\\/#breadcrumb\"},\"inLanguage\":\"fr-FR\",\"potentialAction\":[{\"@type\":\"ReadAction\",\"target\":[\"https:\\\/\\\/tiketi.com\\\/insurance\\\/tanzania\\\/\"]}]},{\"@type\":\"ImageObject\",\"inLanguage\":\"fr-FR\",\"@id\":\"https:\\\/\\\/tiketi.com\\\/insurance\\\/tanzania\\\/#primaryimage\",\"url\":\"https:\\\/\\\/tiketi.com\\\/wp-content\\\/uploads\\\/2019\\\/05\\\/insurance-ravi-roshan-_AdUs32i0jc-unsplas.jpg\",\"contentUrl\":\"https:\\\/\\\/tiketi.com\\\/wp-content\\\/uploads\\\/2019\\\/05\\\/insurance-ravi-roshan-_AdUs32i0jc-unsplas.jpg\",\"width\":1200,\"height\":200,\"caption\":\"Insurance\"},{\"@type\":\"BreadcrumbList\",\"@id\":\"https:\\\/\\\/tiketi.com\\\/insurance\\\/tanzania\\\/#breadcrumb\",\"itemListElement\":[{\"@type\":\"ListItem\",\"position\":1,\"name\":\"Home\",\"item\":\"https:\\\/\\\/tiketi.com\\\/\"},{\"@type\":\"ListItem\",\"position\":2,\"name\":\"Insurance\",\"item\":\"https:\\\/\\\/tiketi.com\\\/sw\\\/bima\\\/\"},{\"@type\":\"ListItem\",\"position\":3,\"name\":\"Online Insurance in Tanzania &#8211; Cheap Health, Life &#038; Car Quotes\"}]},{\"@type\":\"WebSite\",\"@id\":\"https:\\\/\\\/tiketi.com\\\/#website\",\"url\":\"https:\\\/\\\/tiketi.com\\\/\",\"name\":\"Flight & Bus Tickets, Tour Packages & Activitites - Tiketi.com\",\"description\":\"Flight &amp; Bus Tickets, Tours, Activitites\",\"publisher\":{\"@id\":\"https:\\\/\\\/tiketi.com\\\/#organization\"},\"potentialAction\":[{\"@type\":\"SearchAction\",\"target\":{\"@type\":\"EntryPoint\",\"urlTemplate\":\"https:\\\/\\\/tiketi.com\\\/?s={search_term_string}\"},\"query-input\":{\"@type\":\"PropertyValueSpecification\",\"valueRequired\":true,\"valueName\":\"search_term_string\"}}],\"inLanguage\":\"fr-FR\"},{\"@type\":\"Organization\",\"@id\":\"https:\\\/\\\/tiketi.com\\\/#organization\",\"name\":\"Tiketi.com\",\"alternateName\":\"Tiketi\",\"url\":\"https:\\\/\\\/tiketi.com\\\/\",\"logo\":{\"@type\":\"ImageObject\",\"inLanguage\":\"fr-FR\",\"@id\":\"https:\\\/\\\/tiketi.com\\\/#\\\/schema\\\/logo\\\/image\\\/\",\"url\":\"https:\\\/\\\/tiketi.com\\\/wp-content\\\/uploads\\\/2019\\\/05\\\/tiketi-logo-696.png\",\"contentUrl\":\"https:\\\/\\\/tiketi.com\\\/wp-content\\\/uploads\\\/2019\\\/05\\\/tiketi-logo-696.png\",\"width\":696,\"height\":696,\"caption\":\"Tiketi.com\"},\"image\":{\"@id\":\"https:\\\/\\\/tiketi.com\\\/#\\\/schema\\\/logo\\\/image\\\/\"},\"sameAs\":[\"https:\\\/\\\/www.facebook.com\\\/TiketiCom\\\/\"]}]}<\/script>\n<!-- \/ Yoast SEO plugin. -->","yoast_head_json":{"title":"Assurance en ligne en Tanzanie - Devis vie, sant\u00e9 et voiture bon march\u00e9","description":"Vous recherchez une assurance sant\u00e9, vie, moto ou voiture abordable en Tanzanie ? Comparez les assurances vie, auto ou sant\u00e9 en ligne en Tanzanie et obtenez des devis d&#039;assurance bon march\u00e9","robots":{"index":"index","follow":"follow","max-snippet":"max-snippet:-1","max-image-preview":"max-image-preview:large","max-video-preview":"max-video-preview:-1"},"canonical":"https:\/\/tiketi.com\/fr-fr\/insurance\/tanzania\/","og_locale":"fr_FR","og_type":"article","og_title":"Online Insurance in Tanzania - Cheap Life, Health & Car Quotes","og_description":"Looking for affordable healthcare, life, motorcycle or car insurance in Tanzania? Compare life, car or health online insurance in Tanzania and get cheap insurance quotes","og_url":"https:\/\/tiketi.com\/fr-fr\/insurance\/tanzania\/","og_site_name":"Tiketi.com","article_publisher":"https:\/\/www.facebook.com\/TiketiCom\/","article_modified_time":"2023-09-04T06:00:57+00:00","og_image":[{"width":1200,"height":200,"url":"https:\/\/tiketi.com\/wp-content\/uploads\/2019\/05\/insurance-ravi-roshan-_AdUs32i0jc-unsplas.jpg","type":"image\/jpeg"}],"twitter_card":"summary_large_image","twitter_misc":{"Dur\u00e9e de lecture estim\u00e9e":"3 minutes"},"schema":{"@context":"https:\/\/schema.org","@graph":[{"@type":"WebPage","@id":"https:\/\/tiketi.com\/insurance\/tanzania\/","url":"https:\/\/tiketi.com\/insurance\/tanzania\/","name":"Assurance en ligne en Tanzanie - Devis vie, sant\u00e9 et voiture bon march\u00e9","isPartOf":{"@id":"https:\/\/tiketi.com\/#website"},"primaryImageOfPage":{"@id":"https:\/\/tiketi.com\/insurance\/tanzania\/#primaryimage"},"image":{"@id":"https:\/\/tiketi.com\/insurance\/tanzania\/#primaryimage"},"thumbnailUrl":"https:\/\/tiketi.com\/wp-content\/uploads\/2019\/05\/insurance-ravi-roshan-_AdUs32i0jc-unsplas.jpg","datePublished":"2022-01-19T11:54:21+00:00","dateModified":"2023-09-04T06:00:57+00:00","description":"Vous recherchez une assurance sant\u00e9, vie, moto ou voiture abordable en Tanzanie ? Comparez les assurances vie, auto ou sant\u00e9 en ligne en Tanzanie et obtenez des devis d&#039;assurance bon march\u00e9","breadcrumb":{"@id":"https:\/\/tiketi.com\/insurance\/tanzania\/#breadcrumb"},"inLanguage":"fr-FR","potentialAction":[{"@type":"ReadAction","target":["https:\/\/tiketi.com\/insurance\/tanzania\/"]}]},{"@type":"ImageObject","inLanguage":"fr-FR","@id":"https:\/\/tiketi.com\/insurance\/tanzania\/#primaryimage","url":"https:\/\/tiketi.com\/wp-content\/uploads\/2019\/05\/insurance-ravi-roshan-_AdUs32i0jc-unsplas.jpg","contentUrl":"https:\/\/tiketi.com\/wp-content\/uploads\/2019\/05\/insurance-ravi-roshan-_AdUs32i0jc-unsplas.jpg","width":1200,"height":200,"caption":"Insurance"},{"@type":"BreadcrumbList","@id":"https:\/\/tiketi.com\/insurance\/tanzania\/#breadcrumb","itemListElement":[{"@type":"ListItem","position":1,"name":"Home","item":"https:\/\/tiketi.com\/"},{"@type":"ListItem","position":2,"name":"Insurance","item":"https:\/\/tiketi.com\/sw\/bima\/"},{"@type":"ListItem","position":3,"name":"Online Insurance in Tanzania &#8211; Cheap Health, Life &#038; Car Quotes"}]},{"@type":"WebSite","@id":"https:\/\/tiketi.com\/#website","url":"https:\/\/tiketi.com\/","name":"Billets d&#039;avion et de bus, forfaits touristiques et activit\u00e9s - Tiketi.com","description":"Billets d&#039;avion et de bus, Tours, Activit\u00e9s","publisher":{"@id":"https:\/\/tiketi.com\/#organization"},"potentialAction":[{"@type":"SearchAction","target":{"@type":"EntryPoint","urlTemplate":"https:\/\/tiketi.com\/?s={search_term_string}"},"query-input":{"@type":"PropertyValueSpecification","valueRequired":true,"valueName":"search_term_string"}}],"inLanguage":"fr-FR"},{"@type":"Organization","@id":"https:\/\/tiketi.com\/#organization","name":"Tiketi.com","alternateName":"Tiketi","url":"https:\/\/tiketi.com\/","logo":{"@type":"ImageObject","inLanguage":"fr-FR","@id":"https:\/\/tiketi.com\/#\/schema\/logo\/image\/","url":"https:\/\/tiketi.com\/wp-content\/uploads\/2019\/05\/tiketi-logo-696.png","contentUrl":"https:\/\/tiketi.com\/wp-content\/uploads\/2019\/05\/tiketi-logo-696.png","width":696,"height":696,"caption":"Tiketi.com"},"image":{"@id":"https:\/\/tiketi.com\/#\/schema\/logo\/image\/"},"sameAs":["https:\/\/www.facebook.com\/TiketiCom\/"]}]}},"_links":{"self":[{"href":"https:\/\/tiketi.com\/fr-fr\/wp-json\/wp\/v2\/pages\/11189","targetHints":{"allow":["GET"]}}],"collection":[{"href":"https:\/\/tiketi.com\/fr-fr\/wp-json\/wp\/v2\/pages"}],"about":[{"href":"https:\/\/tiketi.com\/fr-fr\/wp-json\/wp\/v2\/types\/page"}],"author":[{"embeddable":true,"href":"https:\/\/tiketi.com\/fr-fr\/wp-json\/wp\/v2\/users\/1"}],"replies":[{"embeddable":true,"href":"https:\/\/tiketi.com\/fr-fr\/wp-json\/wp\/v2\/comments?post=11189"}],"version-history":[{"count":0,"href":"https:\/\/tiketi.com\/fr-fr\/wp-json\/wp\/v2\/pages\/11189\/revisions"}],"up":[{"embeddable":true,"href":"https:\/\/tiketi.com\/fr-fr\/wp-json\/wp\/v2\/pages\/28463"}],"wp:featuredmedia":[{"embeddable":true,"href":"https:\/\/tiketi.com\/fr-fr\/wp-json\/wp\/v2\/media\/20034"}],"wp:attachment":[{"href":"https:\/\/tiketi.com\/fr-fr\/wp-json\/wp\/v2\/media?parent=11189"}],"curies":[{"name":"wp","href":"https:\/\/api.w.org\/{rel}","templated":true}]}}