{"id":11190,"date":"2022-01-19T12:54:21","date_gmt":"2022-01-19T11:54:21","guid":{"rendered":"https:\/\/new.tiketi.com\/insurance-in-kenya-cheap-life-health-car-online-quotes\/"},"modified":"2022-02-15T18:41:46","modified_gmt":"2022-02-15T17:41:46","slug":"life-car-health-insurance-kenya","status":"publish","type":"page","link":"https:\/\/tiketi.com\/fr-fr\/life-car-health-insurance-kenya\/","title":{"rendered":"Assurance en ligne au Kenya \u2013 Devis en ligne bon march\u00e9 pour les assurances vie, sant\u00e9 et automobile"},"content":{"rendered":"<h2>Meilleure assurance au Kenya Devis<\/h2>\n<h3>Comparez gratuitement les devis d&#039;assurance vie, sant\u00e9 ou automobile bon march\u00e9 au Kenya.<\/h3>\n<p>Comparez et trouvez la meilleure assurance en ligne au Kenya. Trouvez une assurance vie, soins de sant\u00e9 et automobile abordable au Kenya en ligne et \u00e9conomisez du temps et de l&#039;argent.<\/p>\n<h2>FAQ sur l&#039;assurance vie, sant\u00e9 et automobile en ligne au Kenya<\/h2>\n<h3>Qu\u2019est-ce que l\u2019assurance Kenya ?<\/h3>\n<p>L\u2019id\u00e9e de l\u2019assurance au Kenya est extr\u00eamement facile \u00e0 comprendre. Vous payez des frais mensuels ou annuels \u00e0 la compagnie d&#039;assurance pour prot\u00e9ger votre sant\u00e9, votre vie, vos biens, etc. pendant une certaine p\u00e9riode. En contrepartie, l&#039;assurance voyage pour les r\u00e9sidents kenyans prend en charge les dommages financiers en cas de dommage caus\u00e9 \u00e0 l&#039;objet ou \u00e0 la personne assur\u00e9. Vous transf\u00e9rez ainsi le risque d&#039;une perte financi\u00e8re que vous pourriez subir en raison des incertitudes de la vie \u00e0 une compagnie d&#039;assurance, moyennant une somme modique.<\/p>\n<h2>Mais il existe trois types d&#039;assurance kenyane qui sont les plus vitaux au Kenya.<\/h2>\n<h3>Meilleure assurance automobile au Kenya<\/h3>\n<p>Par exemple, si vous \u00eates victime d\u2019un accident de voiture et devez \u00eatre hospitalis\u00e9. Votre police d\u2019assurance m\u00e9dicale au Kenya couvrira les frais m\u00e9dicaux d\u2019hospitalisation. Et votre meilleure assurance automobile au Kenya paiera les dommages caus\u00e9s \u00e0 votre v\u00e9hicule. De plus, si vous d\u00e9c\u00e9dez lors de l\u2019accident, votre famille recevra un montant forfaitaire total pour votre assurance temporaire.<\/p>\n<h3>Meilleure assurance vie au Kenya<\/h3>\n<p>La meilleure assurance vie au Kenya sauve financi\u00e8rement votre famille en cas de d\u00e9c\u00e8s pr\u00e9matur\u00e9. Voici comment cela fonctionne. Vous payez une prime r\u00e9guli\u00e8re \u00e0 la compagnie d\u2019assurance du Kenya pendant un nombre d\u2019ann\u00e9es d\u00e9termin\u00e9. En \u00e9change, la compagnie d&#039;assurance m\u00e9dicale Kenya verse une somme assur\u00e9e \u00e0 votre famille si vous d\u00e9c\u00e9dez pendant votre contrat.<\/p>\n<p>Il existe diff\u00e9rents types de polices d&#039;assurance-vie au Kenya et dans certaines d&#039;entre elles, vous recevez un montant forfaitaire si vous vivez pendant la dur\u00e9e de la police.<\/p>\n<h3>Meilleure assurance maladie au Kenya<\/h3>\n<p>La meilleure assurance maladie au Kenya est un moyen de vous assurer que vous et votre famille puissiez b\u00e9n\u00e9ficier des meilleurs soins m\u00e9dicaux sans que vous h\u00e9sitiez sur le co\u00fbt.<\/p>\n<p>Dans une meilleure police d&#039;assurance maladie au Kenya, le co\u00fbt du traitement m\u00e9dical de la personne assur\u00e9e est \u00e0 la charge de la compagnie d&#039;assurance. En \u00e9change d&#039;une prime r\u00e9guli\u00e8re pay\u00e9e par vos soins, la compagnie d&#039;assurance prend en charge tous les frais li\u00e9s \u00e0 une maladie pour laquelle l&#039;assur\u00e9 a besoin de soins. Cela comprend la garde de jour, l&#039;hospitalisation, la pr\u00e9-hospitalisation, le courrier, etc. Et avec le cashless, votre facture est directement r\u00e9gl\u00e9e entre l&#039;h\u00f4pital et l&#039;entreprise.<\/p>\n<h2>Assurance responsabilit\u00e9 civile Kenya<\/h2>\n<p>L&#039;assurance responsabilit\u00e9 civile est utilis\u00e9e pour assurer les propri\u00e9t\u00e9s, les entreprises, les voitures, etc. Lors de l&#039;achat d&#039;une assurance responsabilit\u00e9 civile comme la meilleure assurance automobile au Kenya, l&#039;assurance commerciale, l&#039;assurance moto en cas de dommage \u00e0 la propri\u00e9t\u00e9 assur\u00e9e ou \u00e0 l&#039;objectif pendant la dur\u00e9e de la police, la compagnie d&#039;assurance le fera. indemniser financi\u00e8rement le propri\u00e9taire du preneur d&#039;assurance.<\/p>","protected":false},"excerpt":{"rendered":"<p>Best Insurance in Kenya Quotes Compare cheap life, healthcare or car insurance Kenya quotes for free. Compare and find the best online insurance in Kenya. Find affordable life, healthcare, car insurance Kenya online and save time and money. Life, Health, Car Online Insurance in Kenya FAQs What is insurance Kenya? The idea of insurance Kenya [&hellip;]<\/p>\n","protected":false},"author":1,"featured_media":20034,"parent":0,"menu_order":0,"comment_status":"open","ping_status":"closed","template":"template-home-modern.php","meta":{"footnotes":""},"class_list":["post-11190","page","type-page","status-publish","has-post-thumbnail","hentry"],"yoast_head":"<!-- This site is optimized with the Yoast SEO plugin v27.5 - https:\/\/yoast.com\/product\/yoast-seo-wordpress\/ -->\n<title>Online Insurance in Kenya - Cheap Life, Health &amp; Car Online Quotes<\/title>\n<meta name=\"description\" content=\"Looking for affordable healthcare, life or car insurance in Kenya? Compare life, health, or car online insurance in kenya and get cheap insurance quotes\" \/>\n<meta name=\"robots\" content=\"index, follow, max-snippet:-1, max-image-preview:large, max-video-preview:-1\" \/>\n<link rel=\"canonical\" href=\"https:\/\/tiketi.com\/fr-fr\/life-car-health-insurance-kenya\/\" \/>\n<meta property=\"og:locale\" content=\"fr_FR\" \/>\n<meta property=\"og:type\" content=\"article\" \/>\n<meta property=\"og:title\" content=\"Online Insurance in Kenya - Cheap Life, Health &amp; Car Online Quotes\" \/>\n<meta property=\"og:description\" content=\"Looking for affordable healthcare, life or car insurance in Kenya? Compare life, health, or car online insurance in kenya and get cheap insurance quotes\" \/>\n<meta property=\"og:url\" content=\"https:\/\/tiketi.com\/fr-fr\/life-car-health-insurance-kenya\/\" \/>\n<meta property=\"og:site_name\" content=\"Tiketi.com\" \/>\n<meta property=\"article:publisher\" content=\"https:\/\/www.facebook.com\/TiketiCom\/\" \/>\n<meta property=\"article:modified_time\" content=\"2022-02-15T17:41:46+00:00\" \/>\n<meta property=\"og:image\" content=\"https:\/\/tiketi.com\/wp-content\/uploads\/2019\/05\/insurance-ravi-roshan-_AdUs32i0jc-unsplas.jpg\" \/>\n\t<meta property=\"og:image:width\" content=\"1200\" \/>\n\t<meta property=\"og:image:height\" content=\"200\" \/>\n\t<meta property=\"og:image:type\" content=\"image\/jpeg\" \/>\n<meta name=\"twitter:card\" content=\"summary_large_image\" \/>\n<meta name=\"twitter:label1\" content=\"Dur\u00e9e de lecture estim\u00e9e\" \/>\n\t<meta name=\"twitter:data1\" content=\"2 minutes\" \/>\n<script type=\"application\/ld+json\" class=\"yoast-schema-graph\">{\"@context\":\"https:\\\/\\\/schema.org\",\"@graph\":[{\"@type\":\"WebPage\",\"@id\":\"https:\\\/\\\/tiketi.com\\\/life-car-health-insurance-kenya\\\/\",\"url\":\"https:\\\/\\\/tiketi.com\\\/life-car-health-insurance-kenya\\\/\",\"name\":\"Online Insurance in Kenya - Cheap Life, Health & Car Online Quotes\",\"isPartOf\":{\"@id\":\"https:\\\/\\\/tiketi.com\\\/#website\"},\"primaryImageOfPage\":{\"@id\":\"https:\\\/\\\/tiketi.com\\\/life-car-health-insurance-kenya\\\/#primaryimage\"},\"image\":{\"@id\":\"https:\\\/\\\/tiketi.com\\\/life-car-health-insurance-kenya\\\/#primaryimage\"},\"thumbnailUrl\":\"https:\\\/\\\/tiketi.com\\\/wp-content\\\/uploads\\\/2019\\\/05\\\/insurance-ravi-roshan-_AdUs32i0jc-unsplas.jpg\",\"datePublished\":\"2022-01-19T11:54:21+00:00\",\"dateModified\":\"2022-02-15T17:41:46+00:00\",\"description\":\"Looking for affordable healthcare, life or car insurance in Kenya? Compare life, health, or car online insurance in kenya and get cheap insurance quotes\",\"breadcrumb\":{\"@id\":\"https:\\\/\\\/tiketi.com\\\/life-car-health-insurance-kenya\\\/#breadcrumb\"},\"inLanguage\":\"fr-FR\",\"potentialAction\":[{\"@type\":\"ReadAction\",\"target\":[\"https:\\\/\\\/tiketi.com\\\/life-car-health-insurance-kenya\\\/\"]}]},{\"@type\":\"ImageObject\",\"inLanguage\":\"fr-FR\",\"@id\":\"https:\\\/\\\/tiketi.com\\\/life-car-health-insurance-kenya\\\/#primaryimage\",\"url\":\"https:\\\/\\\/tiketi.com\\\/wp-content\\\/uploads\\\/2019\\\/05\\\/insurance-ravi-roshan-_AdUs32i0jc-unsplas.jpg\",\"contentUrl\":\"https:\\\/\\\/tiketi.com\\\/wp-content\\\/uploads\\\/2019\\\/05\\\/insurance-ravi-roshan-_AdUs32i0jc-unsplas.jpg\",\"width\":1200,\"height\":200,\"caption\":\"Insurance\"},{\"@type\":\"BreadcrumbList\",\"@id\":\"https:\\\/\\\/tiketi.com\\\/life-car-health-insurance-kenya\\\/#breadcrumb\",\"itemListElement\":[{\"@type\":\"ListItem\",\"position\":1,\"name\":\"Home\",\"item\":\"https:\\\/\\\/tiketi.com\\\/\"},{\"@type\":\"ListItem\",\"position\":2,\"name\":\"Online Insurance in Kenya &#8211; Cheap Life, Health &#038; Car Online Quotes\"}]},{\"@type\":\"WebSite\",\"@id\":\"https:\\\/\\\/tiketi.com\\\/#website\",\"url\":\"https:\\\/\\\/tiketi.com\\\/\",\"name\":\"Flight & Bus Tickets, Tour Packages & Activitites - Tiketi.com\",\"description\":\"Flight &amp; Bus Tickets, Tours, Activitites\",\"publisher\":{\"@id\":\"https:\\\/\\\/tiketi.com\\\/#organization\"},\"potentialAction\":[{\"@type\":\"SearchAction\",\"target\":{\"@type\":\"EntryPoint\",\"urlTemplate\":\"https:\\\/\\\/tiketi.com\\\/?s={search_term_string}\"},\"query-input\":{\"@type\":\"PropertyValueSpecification\",\"valueRequired\":true,\"valueName\":\"search_term_string\"}}],\"inLanguage\":\"fr-FR\"},{\"@type\":\"Organization\",\"@id\":\"https:\\\/\\\/tiketi.com\\\/#organization\",\"name\":\"Tiketi.com\",\"alternateName\":\"Tiketi\",\"url\":\"https:\\\/\\\/tiketi.com\\\/\",\"logo\":{\"@type\":\"ImageObject\",\"inLanguage\":\"fr-FR\",\"@id\":\"https:\\\/\\\/tiketi.com\\\/#\\\/schema\\\/logo\\\/image\\\/\",\"url\":\"https:\\\/\\\/tiketi.com\\\/wp-content\\\/uploads\\\/2019\\\/05\\\/tiketi-logo-696.png\",\"contentUrl\":\"https:\\\/\\\/tiketi.com\\\/wp-content\\\/uploads\\\/2019\\\/05\\\/tiketi-logo-696.png\",\"width\":696,\"height\":696,\"caption\":\"Tiketi.com\"},\"image\":{\"@id\":\"https:\\\/\\\/tiketi.com\\\/#\\\/schema\\\/logo\\\/image\\\/\"},\"sameAs\":[\"https:\\\/\\\/www.facebook.com\\\/TiketiCom\\\/\"]}]}<\/script>\n<!-- \/ Yoast SEO plugin. -->","yoast_head_json":{"title":"Assurance en ligne au Kenya - Devis en ligne bon march\u00e9 pour les assurances vie, sant\u00e9 et automobile","description":"Vous recherchez une assurance sant\u00e9, vie ou automobile abordable au Kenya ? Comparez les assurances vie, sant\u00e9 ou automobile en ligne au Kenya et obtenez des devis d&#039;assurance bon march\u00e9","robots":{"index":"index","follow":"follow","max-snippet":"max-snippet:-1","max-image-preview":"max-image-preview:large","max-video-preview":"max-video-preview:-1"},"canonical":"https:\/\/tiketi.com\/fr-fr\/life-car-health-insurance-kenya\/","og_locale":"fr_FR","og_type":"article","og_title":"Online Insurance in Kenya - Cheap Life, Health & Car Online Quotes","og_description":"Looking for affordable healthcare, life or car insurance in Kenya? Compare life, health, or car online insurance in kenya and get cheap insurance quotes","og_url":"https:\/\/tiketi.com\/fr-fr\/life-car-health-insurance-kenya\/","og_site_name":"Tiketi.com","article_publisher":"https:\/\/www.facebook.com\/TiketiCom\/","article_modified_time":"2022-02-15T17:41:46+00:00","og_image":[{"width":1200,"height":200,"url":"https:\/\/tiketi.com\/wp-content\/uploads\/2019\/05\/insurance-ravi-roshan-_AdUs32i0jc-unsplas.jpg","type":"image\/jpeg"}],"twitter_card":"summary_large_image","twitter_misc":{"Dur\u00e9e de lecture estim\u00e9e":"2 minutes"},"schema":{"@context":"https:\/\/schema.org","@graph":[{"@type":"WebPage","@id":"https:\/\/tiketi.com\/life-car-health-insurance-kenya\/","url":"https:\/\/tiketi.com\/life-car-health-insurance-kenya\/","name":"Assurance en ligne au Kenya - Devis en ligne bon march\u00e9 pour les assurances vie, sant\u00e9 et automobile","isPartOf":{"@id":"https:\/\/tiketi.com\/#website"},"primaryImageOfPage":{"@id":"https:\/\/tiketi.com\/life-car-health-insurance-kenya\/#primaryimage"},"image":{"@id":"https:\/\/tiketi.com\/life-car-health-insurance-kenya\/#primaryimage"},"thumbnailUrl":"https:\/\/tiketi.com\/wp-content\/uploads\/2019\/05\/insurance-ravi-roshan-_AdUs32i0jc-unsplas.jpg","datePublished":"2022-01-19T11:54:21+00:00","dateModified":"2022-02-15T17:41:46+00:00","description":"Vous recherchez une assurance sant\u00e9, vie ou automobile abordable au Kenya ? Comparez les assurances vie, sant\u00e9 ou automobile en ligne au Kenya et obtenez des devis d&#039;assurance bon march\u00e9","breadcrumb":{"@id":"https:\/\/tiketi.com\/life-car-health-insurance-kenya\/#breadcrumb"},"inLanguage":"fr-FR","potentialAction":[{"@type":"ReadAction","target":["https:\/\/tiketi.com\/life-car-health-insurance-kenya\/"]}]},{"@type":"ImageObject","inLanguage":"fr-FR","@id":"https:\/\/tiketi.com\/life-car-health-insurance-kenya\/#primaryimage","url":"https:\/\/tiketi.com\/wp-content\/uploads\/2019\/05\/insurance-ravi-roshan-_AdUs32i0jc-unsplas.jpg","contentUrl":"https:\/\/tiketi.com\/wp-content\/uploads\/2019\/05\/insurance-ravi-roshan-_AdUs32i0jc-unsplas.jpg","width":1200,"height":200,"caption":"Insurance"},{"@type":"BreadcrumbList","@id":"https:\/\/tiketi.com\/life-car-health-insurance-kenya\/#breadcrumb","itemListElement":[{"@type":"ListItem","position":1,"name":"Home","item":"https:\/\/tiketi.com\/"},{"@type":"ListItem","position":2,"name":"Online Insurance in Kenya &#8211; Cheap Life, Health &#038; Car Online Quotes"}]},{"@type":"WebSite","@id":"https:\/\/tiketi.com\/#website","url":"https:\/\/tiketi.com\/","name":"Billets d&#039;avion et de bus, forfaits touristiques et activit\u00e9s - Tiketi.com","description":"Billets d&#039;avion et de bus, Tours, Activit\u00e9s","publisher":{"@id":"https:\/\/tiketi.com\/#organization"},"potentialAction":[{"@type":"SearchAction","target":{"@type":"EntryPoint","urlTemplate":"https:\/\/tiketi.com\/?s={search_term_string}"},"query-input":{"@type":"PropertyValueSpecification","valueRequired":true,"valueName":"search_term_string"}}],"inLanguage":"fr-FR"},{"@type":"Organization","@id":"https:\/\/tiketi.com\/#organization","name":"Tiketi.com","alternateName":"Tiketi","url":"https:\/\/tiketi.com\/","logo":{"@type":"ImageObject","inLanguage":"fr-FR","@id":"https:\/\/tiketi.com\/#\/schema\/logo\/image\/","url":"https:\/\/tiketi.com\/wp-content\/uploads\/2019\/05\/tiketi-logo-696.png","contentUrl":"https:\/\/tiketi.com\/wp-content\/uploads\/2019\/05\/tiketi-logo-696.png","width":696,"height":696,"caption":"Tiketi.com"},"image":{"@id":"https:\/\/tiketi.com\/#\/schema\/logo\/image\/"},"sameAs":["https:\/\/www.facebook.com\/TiketiCom\/"]}]}},"_links":{"self":[{"href":"https:\/\/tiketi.com\/fr-fr\/wp-json\/wp\/v2\/pages\/11190","targetHints":{"allow":["GET"]}}],"collection":[{"href":"https:\/\/tiketi.com\/fr-fr\/wp-json\/wp\/v2\/pages"}],"about":[{"href":"https:\/\/tiketi.com\/fr-fr\/wp-json\/wp\/v2\/types\/page"}],"author":[{"embeddable":true,"href":"https:\/\/tiketi.com\/fr-fr\/wp-json\/wp\/v2\/users\/1"}],"replies":[{"embeddable":true,"href":"https:\/\/tiketi.com\/fr-fr\/wp-json\/wp\/v2\/comments?post=11190"}],"version-history":[{"count":0,"href":"https:\/\/tiketi.com\/fr-fr\/wp-json\/wp\/v2\/pages\/11190\/revisions"}],"wp:featuredmedia":[{"embeddable":true,"href":"https:\/\/tiketi.com\/fr-fr\/wp-json\/wp\/v2\/media\/20034"}],"wp:attachment":[{"href":"https:\/\/tiketi.com\/fr-fr\/wp-json\/wp\/v2\/media?parent=11190"}],"curies":[{"name":"wp","href":"https:\/\/api.w.org\/{rel}","templated":true}]}}