{"id":11191,"date":"2022-01-19T12:54:21","date_gmt":"2022-01-19T11:54:21","guid":{"rendered":"https:\/\/new.tiketi.com\/online-top-up-mauritius-mobile-recharge\/"},"modified":"2022-02-18T17:23:48","modified_gmt":"2022-02-18T16:23:48","slug":"online-top-up-mauritius-mobile","status":"publish","type":"page","link":"https:\/\/tiketi.com\/fr-fr\/online-top-up-mauritius-mobile\/","title":{"rendered":"Recharge en ligne Ile Maurice \u2013 Recharge Mobile"},"content":{"rendered":"<h2>Recharge mobile pas cher Ile Maurice en ligne<\/h2>\n<h3>Rechargez votre t\u00e9l\u00e9phone portable \u00e0 Maurice en ligne maintenant.<\/h3>\n<p>Recharge en ligne Maurice qui permet aux clients de recharger via Internet, de cr\u00e9diter des t\u00e9l\u00e9phones portables pr\u00e9par\u00e9s lorsqu&#039;ils se trouvent \u00e0 Maurice ou \u00e0 l&#039;\u00e9tranger. Les clients peuvent d\u00e9sormais recharger leur mobile via des cartes \u00e0 gratter, des guichets automatiques, un service de bons \u00e9lectroniques, des SMS et Internet. Payez vos factures et rechargez votre mobile \u00e0 Maurice en ligne et \u00e9conomisez du temps et de l&#039;argent.<\/p>\n<h2>Recharge en ligne Maurice FAQ<\/h2>\n<h3>Recharge Orange Ile Maurice<\/h3>\n<p>Pour utiliser ce service, vous devez vous rendre sur le portail Internet d&#039;Orange, vous inscrire en ligne avec une adresse e-mail et utiliser une Mastercard ou Visa pour effectuer le paiement et choisir parmi les choix de cr\u00e9dit R50, R100, R200, R1000.<br \/>\nSi une personne effectue une recharge mobile mauricienne depuis l&#039;\u00e9tranger, l&#039;\u00e9quivalent en dollar am\u00e9ricain sera factur\u00e9. Dans un deuxi\u00e8me temps, Mauritius Telecom pr\u00e9voit de fournir \u00e0 ses clients la possibilit\u00e9 d&#039;utiliser Orange Money et d&#039;autres devises \u00e9trang\u00e8res pour le paiement.<\/p>\n<h3>Emtel recharge Maurice<\/h3>\n<p>Emtel est le deuxi\u00e8me fournisseur \u00e0 Maurice. Sa couverture 3G est \u00e9gale \u00e0 my.t, mais sa LTE\/4G n&#039;est pas aussi r\u00e9pandue. Leurs tarifs sont assez inf\u00e9rieurs \u00e0 ceux de my.ts.<\/p>\n<p>Emtel propose une recharge sans probl\u00e8me \u00e0 ses abonn\u00e9s pr\u00e9pay\u00e9s. Les abonn\u00e9s Emtel peuvent recharger le t\u00e9l\u00e9phone mauricien via les modes de recharge en ligne, cartes \u00e0 gratter Emtel, recharge ATM, Emtel EPIN et recharge SMS.<\/p>\n<h3>Recharge au guichet automatique<\/h3>\n<p>Rechargez votre compte avec votre carte de cr\u00e9dit ou de d\u00e9bit sur les guichets automatiques des banques suivantes : SBM, MCB, Bank One et MPCB. Vous pouvez m\u00eame recharger votre mobile sur les comptes mauriciens de vos amis et de votre famille. Les d\u00e9nominations des recharges ATM sont principalement accessibles sur l&#039;ATM respectif.<\/p>\n<h3>Recharge SMS<\/h3>\n<p>D\u00e9sormais, un simple SMS suffit pour recharger le compte pr\u00e9pay\u00e9 Mauritius Emtel. Votre compte est recharg\u00e9 et votre compte bancaire sera automatiquement d\u00e9bit\u00e9. Pour profiter de la possibilit\u00e9 de recharger votre mobile pr\u00e9pay\u00e9 Mauritius Emtel \u00e0 tout moment et en tout lieu, inscrivez-vous aupr\u00e8s de la banque suivante : SBM, MCB et MPCB.<\/p>\n<h3>Avantages<\/h3>\n<p>\u2022 Service sans probl\u00e8me - pas besoin d&#039;aller dans n&#039;importe quel magasin pour acheter des cr\u00e9dits<br \/>\n\u2022 Recharge instantan\u00e9e de n&#039;importe quel mobile pr\u00e9pay\u00e9 Emtel \u00e0 tout moment<br \/>\n\u2022 Aucun frais de facturation pour activer le service<\/p>\n<h3>Recharge en ligne<\/h3>\n<p>Vous pouvez effectuer vos recharges internet et r\u00e9gler vos factures pour n&#039;importe quel num\u00e9ro, pour votre famille et vos amis.<\/p>\n<h3>CHiLi recharge Maurice<\/h3>\n<p>MTML a lanc\u00e9 les services Chili GSM \u00e0 Maurice en novembre 2011. Utilisant les derni\u00e8res technologies, ChiLi fournit une large gamme de SMS, de voix et de donn\u00e9es \u00e0 un prix raisonnable aux clients. Chili fournit l&#039;un des tr\u00e8s grands r\u00e9seaux de vente au d\u00e9tail de recharges CHiLi de Maurice et une installation de recharge mobile de Maurice, o\u00f9 vous pouvez profiter de tous les tarifs et offres. Avec la recharge en ligne Maurice, vous pouvez acc\u00e9der \u00e0 Internet sur votre t\u00e9l\u00e9phone mobile. Surfez, discutez, envoyez des e-mails ou naviguez sur vos sites pr\u00e9f\u00e9r\u00e9s lors de vos d\u00e9placements gr\u00e2ce \u00e0 l&#039;Internet mobile.<\/p>\n<h3>Avantages de la recharge Ile Maurice<\/h3>\n<h3>T\u00e9l\u00e9phone Recharge Mobile Ile Maurice<\/h3>\n<p>\u2022 Vous pouvez envoyer des recharges t\u00e9l\u00e9phoniques vers l&#039;\u00eele Maurice \u00e0 votre propre num\u00e9ro ou m\u00eame \u00e0 un ami.<br \/>\n\u2022 Achetez un bon de recharge t\u00e9l\u00e9phonique que vous pourrez envoyer \u00e0 n&#039;importe qui ou conservez-le pour une utilisation ult\u00e9rieure.<\/p>\n<h3>Paiement de facture Ile Maurice<\/h3>\n<p>\u2022 Payez votre facture d&#039;eau, d&#039;\u00e9lectricit\u00e9, de t\u00e9l\u00e9vision ou d&#039;internet avec votre mobile.<br \/>\n\u2022 Vous pouvez transf\u00e9rer des fonds \u00e0 votre banque pour le remboursement du cr\u00e9dit.<\/p>\n<p>\u00c9vitez les tracas li\u00e9s au retrait d&#039;esp\u00e8ces ou \u00e0 la recherche d&#039;un d\u00e9taillant pour acheter la carte \u00e0 gratter pour t\u00e9l\u00e9phone portable. Tout ce que vous payez est la recharge mobile \u00e0 Maurice - il n&#039;y a pas d&#039;autres frais. La meilleure nouvelle est que vous pouvez m\u00eame recharger le t\u00e9l\u00e9phone d&#039;un ami ou d&#039;un parent.<\/p>","protected":false},"excerpt":{"rendered":"<p>Cheap Mobile Top Up Mauritius Online Top up mobile phone in Mauritius online now. Online top up Mauritius that permits customers to recharge through internet, credit prepared cell phones when they in Mauritius or abroad island. Customers can now recharge their mobile via scratch cards, ATM, e-voucher service, SMS and internet. Do bill payment and [&hellip;]<\/p>\n","protected":false},"author":1,"featured_media":19675,"parent":0,"menu_order":0,"comment_status":"open","ping_status":"closed","template":"template-home-modern.php","meta":{"footnotes":""},"class_list":["post-11191","page","type-page","status-publish","has-post-thumbnail","hentry"],"yoast_head":"<!-- This site is optimized with the Yoast SEO plugin v27.2 - https:\/\/yoast.com\/product\/yoast-seo-wordpress\/ -->\n<title>Online Top Up Mauritius - Mobile Recharge<\/title>\n<meta name=\"description\" content=\"Looking for Mauritius phone recharge - online top up Mauritius? Do internet bill payment and cheap mobile top up Mauritius online now\" \/>\n<meta name=\"robots\" content=\"index, follow, max-snippet:-1, max-image-preview:large, max-video-preview:-1\" \/>\n<link rel=\"canonical\" href=\"https:\/\/tiketi.com\/fr-fr\/online-top-up-mauritius-mobile\/\" \/>\n<meta property=\"og:locale\" content=\"fr_FR\" \/>\n<meta property=\"og:type\" content=\"article\" \/>\n<meta property=\"og:title\" content=\"Online Top Up Mauritius - Mobile Recharge\" \/>\n<meta property=\"og:description\" content=\"Looking for Mauritius phone recharge - online top up Mauritius? Do internet bill payment and cheap mobile top up Mauritius online now\" \/>\n<meta property=\"og:url\" content=\"https:\/\/tiketi.com\/fr-fr\/online-top-up-mauritius-mobile\/\" \/>\n<meta property=\"og:site_name\" content=\"Tiketi.com\" \/>\n<meta property=\"article:publisher\" content=\"https:\/\/www.facebook.com\/TiketiCom\/\" \/>\n<meta property=\"article:modified_time\" content=\"2022-02-18T16:23:48+00:00\" \/>\n<meta property=\"og:image\" content=\"https:\/\/tiketi.com\/wp-content\/uploads\/2019\/05\/data-packages-2029825_1280.jpg\" \/>\n\t<meta property=\"og:image:width\" content=\"1200\" \/>\n\t<meta property=\"og:image:height\" content=\"200\" \/>\n\t<meta property=\"og:image:type\" content=\"image\/jpeg\" \/>\n<meta name=\"twitter:card\" content=\"summary_large_image\" \/>\n<meta name=\"twitter:label1\" content=\"Dur\u00e9e de lecture estim\u00e9e\" \/>\n\t<meta name=\"twitter:data1\" content=\"3 minutes\" \/>\n<script type=\"application\/ld+json\" class=\"yoast-schema-graph\">{\"@context\":\"https:\/\/schema.org\",\"@graph\":[{\"@type\":\"WebPage\",\"@id\":\"https:\/\/tiketi.com\/online-top-up-mauritius-mobile\/\",\"url\":\"https:\/\/tiketi.com\/online-top-up-mauritius-mobile\/\",\"name\":\"Online Top Up Mauritius - Mobile Recharge\",\"isPartOf\":{\"@id\":\"https:\/\/tiketi.com\/#website\"},\"primaryImageOfPage\":{\"@id\":\"https:\/\/tiketi.com\/online-top-up-mauritius-mobile\/#primaryimage\"},\"image\":{\"@id\":\"https:\/\/tiketi.com\/online-top-up-mauritius-mobile\/#primaryimage\"},\"thumbnailUrl\":\"https:\/\/tiketi.com\/wp-content\/uploads\/2019\/05\/data-packages-2029825_1280.jpg\",\"datePublished\":\"2022-01-19T11:54:21+00:00\",\"dateModified\":\"2022-02-18T16:23:48+00:00\",\"description\":\"Looking for Mauritius phone recharge - online top up Mauritius? Do internet bill payment and cheap mobile top up Mauritius online now\",\"breadcrumb\":{\"@id\":\"https:\/\/tiketi.com\/online-top-up-mauritius-mobile\/#breadcrumb\"},\"inLanguage\":\"fr-FR\",\"potentialAction\":[{\"@type\":\"ReadAction\",\"target\":[\"https:\/\/tiketi.com\/online-top-up-mauritius-mobile\/\"]}]},{\"@type\":\"ImageObject\",\"inLanguage\":\"fr-FR\",\"@id\":\"https:\/\/tiketi.com\/online-top-up-mauritius-mobile\/#primaryimage\",\"url\":\"https:\/\/tiketi.com\/wp-content\/uploads\/2019\/05\/data-packages-2029825_1280.jpg\",\"contentUrl\":\"https:\/\/tiketi.com\/wp-content\/uploads\/2019\/05\/data-packages-2029825_1280.jpg\",\"width\":1200,\"height\":200,\"caption\":\"How to get Data Plan \/ Packages \/ Top Up\"},{\"@type\":\"BreadcrumbList\",\"@id\":\"https:\/\/tiketi.com\/online-top-up-mauritius-mobile\/#breadcrumb\",\"itemListElement\":[{\"@type\":\"ListItem\",\"position\":1,\"name\":\"Home\",\"item\":\"https:\/\/tiketi.com\/\"},{\"@type\":\"ListItem\",\"position\":2,\"name\":\"Online Top Up Mauritius &#8211; Mobile Recharge\"}]},{\"@type\":\"WebSite\",\"@id\":\"https:\/\/tiketi.com\/#website\",\"url\":\"https:\/\/tiketi.com\/\",\"name\":\"Flight & Bus Tickets, Tour Packages & Activitites - Tiketi.com\",\"description\":\"Flight &amp; Bus Tickets, Tours, Activitites\",\"publisher\":{\"@id\":\"https:\/\/tiketi.com\/#organization\"},\"potentialAction\":[{\"@type\":\"SearchAction\",\"target\":{\"@type\":\"EntryPoint\",\"urlTemplate\":\"https:\/\/tiketi.com\/?s={search_term_string}\"},\"query-input\":{\"@type\":\"PropertyValueSpecification\",\"valueRequired\":true,\"valueName\":\"search_term_string\"}}],\"inLanguage\":\"fr-FR\"},{\"@type\":\"Organization\",\"@id\":\"https:\/\/tiketi.com\/#organization\",\"name\":\"Tiketi.com\",\"alternateName\":\"Tiketi\",\"url\":\"https:\/\/tiketi.com\/\",\"logo\":{\"@type\":\"ImageObject\",\"inLanguage\":\"fr-FR\",\"@id\":\"https:\/\/tiketi.com\/#\/schema\/logo\/image\/\",\"url\":\"https:\/\/tiketi.com\/wp-content\/uploads\/2019\/05\/tiketi-logo-696.png\",\"contentUrl\":\"https:\/\/tiketi.com\/wp-content\/uploads\/2019\/05\/tiketi-logo-696.png\",\"width\":696,\"height\":696,\"caption\":\"Tiketi.com\"},\"image\":{\"@id\":\"https:\/\/tiketi.com\/#\/schema\/logo\/image\/\"},\"sameAs\":[\"https:\/\/www.facebook.com\/TiketiCom\/\"]}]}<\/script>\n<!-- \/ Yoast SEO plugin. -->","yoast_head_json":{"title":"Recharge en ligne Ile Maurice - Recharge Mobile","description":"Vous recherchez une recharge de t\u00e9l\u00e9phone Maurice - recharge en ligne Maurice? Payez vos factures sur Internet et rechargez votre mobile pas cher \u00e0 Maurice en ligne maintenant","robots":{"index":"index","follow":"follow","max-snippet":"max-snippet:-1","max-image-preview":"max-image-preview:large","max-video-preview":"max-video-preview:-1"},"canonical":"https:\/\/tiketi.com\/fr-fr\/online-top-up-mauritius-mobile\/","og_locale":"fr_FR","og_type":"article","og_title":"Online Top Up Mauritius - Mobile Recharge","og_description":"Looking for Mauritius phone recharge - online top up Mauritius? Do internet bill payment and cheap mobile top up Mauritius online now","og_url":"https:\/\/tiketi.com\/fr-fr\/online-top-up-mauritius-mobile\/","og_site_name":"Tiketi.com","article_publisher":"https:\/\/www.facebook.com\/TiketiCom\/","article_modified_time":"2022-02-18T16:23:48+00:00","og_image":[{"width":1200,"height":200,"url":"https:\/\/tiketi.com\/wp-content\/uploads\/2019\/05\/data-packages-2029825_1280.jpg","type":"image\/jpeg"}],"twitter_card":"summary_large_image","twitter_misc":{"Dur\u00e9e de lecture estim\u00e9e":"3 minutes"},"schema":{"@context":"https:\/\/schema.org","@graph":[{"@type":"WebPage","@id":"https:\/\/tiketi.com\/online-top-up-mauritius-mobile\/","url":"https:\/\/tiketi.com\/online-top-up-mauritius-mobile\/","name":"Recharge en ligne Ile Maurice - Recharge Mobile","isPartOf":{"@id":"https:\/\/tiketi.com\/#website"},"primaryImageOfPage":{"@id":"https:\/\/tiketi.com\/online-top-up-mauritius-mobile\/#primaryimage"},"image":{"@id":"https:\/\/tiketi.com\/online-top-up-mauritius-mobile\/#primaryimage"},"thumbnailUrl":"https:\/\/tiketi.com\/wp-content\/uploads\/2019\/05\/data-packages-2029825_1280.jpg","datePublished":"2022-01-19T11:54:21+00:00","dateModified":"2022-02-18T16:23:48+00:00","description":"Vous recherchez une recharge de t\u00e9l\u00e9phone Maurice - recharge en ligne Maurice? Payez vos factures sur Internet et rechargez votre mobile pas cher \u00e0 Maurice en ligne maintenant","breadcrumb":{"@id":"https:\/\/tiketi.com\/online-top-up-mauritius-mobile\/#breadcrumb"},"inLanguage":"fr-FR","potentialAction":[{"@type":"ReadAction","target":["https:\/\/tiketi.com\/online-top-up-mauritius-mobile\/"]}]},{"@type":"ImageObject","inLanguage":"fr-FR","@id":"https:\/\/tiketi.com\/online-top-up-mauritius-mobile\/#primaryimage","url":"https:\/\/tiketi.com\/wp-content\/uploads\/2019\/05\/data-packages-2029825_1280.jpg","contentUrl":"https:\/\/tiketi.com\/wp-content\/uploads\/2019\/05\/data-packages-2029825_1280.jpg","width":1200,"height":200,"caption":"How to get Data Plan \/ Packages \/ Top Up"},{"@type":"BreadcrumbList","@id":"https:\/\/tiketi.com\/online-top-up-mauritius-mobile\/#breadcrumb","itemListElement":[{"@type":"ListItem","position":1,"name":"Home","item":"https:\/\/tiketi.com\/"},{"@type":"ListItem","position":2,"name":"Online Top Up Mauritius &#8211; Mobile Recharge"}]},{"@type":"WebSite","@id":"https:\/\/tiketi.com\/#website","url":"https:\/\/tiketi.com\/","name":"Billets d&#039;avion et de bus, forfaits touristiques et activit\u00e9s - Tiketi.com","description":"Billets d&#039;avion et de bus, Tours, Activit\u00e9s","publisher":{"@id":"https:\/\/tiketi.com\/#organization"},"potentialAction":[{"@type":"SearchAction","target":{"@type":"EntryPoint","urlTemplate":"https:\/\/tiketi.com\/?s={search_term_string}"},"query-input":{"@type":"PropertyValueSpecification","valueRequired":true,"valueName":"search_term_string"}}],"inLanguage":"fr-FR"},{"@type":"Organization","@id":"https:\/\/tiketi.com\/#organization","name":"Tiketi.com","alternateName":"Tiketi","url":"https:\/\/tiketi.com\/","logo":{"@type":"ImageObject","inLanguage":"fr-FR","@id":"https:\/\/tiketi.com\/#\/schema\/logo\/image\/","url":"https:\/\/tiketi.com\/wp-content\/uploads\/2019\/05\/tiketi-logo-696.png","contentUrl":"https:\/\/tiketi.com\/wp-content\/uploads\/2019\/05\/tiketi-logo-696.png","width":696,"height":696,"caption":"Tiketi.com"},"image":{"@id":"https:\/\/tiketi.com\/#\/schema\/logo\/image\/"},"sameAs":["https:\/\/www.facebook.com\/TiketiCom\/"]}]}},"_links":{"self":[{"href":"https:\/\/tiketi.com\/fr-fr\/wp-json\/wp\/v2\/pages\/11191","targetHints":{"allow":["GET"]}}],"collection":[{"href":"https:\/\/tiketi.com\/fr-fr\/wp-json\/wp\/v2\/pages"}],"about":[{"href":"https:\/\/tiketi.com\/fr-fr\/wp-json\/wp\/v2\/types\/page"}],"author":[{"embeddable":true,"href":"https:\/\/tiketi.com\/fr-fr\/wp-json\/wp\/v2\/users\/1"}],"replies":[{"embeddable":true,"href":"https:\/\/tiketi.com\/fr-fr\/wp-json\/wp\/v2\/comments?post=11191"}],"version-history":[{"count":0,"href":"https:\/\/tiketi.com\/fr-fr\/wp-json\/wp\/v2\/pages\/11191\/revisions"}],"wp:featuredmedia":[{"embeddable":true,"href":"https:\/\/tiketi.com\/fr-fr\/wp-json\/wp\/v2\/media\/19675"}],"wp:attachment":[{"href":"https:\/\/tiketi.com\/fr-fr\/wp-json\/wp\/v2\/media?parent=11191"}],"curies":[{"name":"wp","href":"https:\/\/api.w.org\/{rel}","templated":true}]}}