{"id":11192,"date":"2022-01-19T12:54:21","date_gmt":"2022-01-19T11:54:21","guid":{"rendered":"https:\/\/new.tiketi.com\/online-top-up-nigeria-mobile-recharge\/"},"modified":"2022-02-18T17:26:24","modified_gmt":"2022-02-18T16:26:24","slug":"online-top-up-nigeria-mobile","status":"publish","type":"page","link":"https:\/\/tiketi.com\/fr-fr\/online-top-up-nigeria-mobile\/","title":{"rendered":"Recharge en ligne Nigeria - Recharge mobile"},"content":{"rendered":"<h2>Recharge mobile au Nigeria en ligne<\/h2>\n<h3>Rechargez des recharges mobiles au Nigeria en ligne.<\/h3>\n<p>Recharger en ligne le Nigeria en toute simplicit\u00e9. Lorsque vous connectez un t\u00e9l\u00e9phone mobile \u00e0 un r\u00e9seau nig\u00e9rian, vous devez effectuer une recharge t\u00e9l\u00e9phonique nig\u00e9riane qui vous permet d&#039;envoyer des SMS, de passer des appels vocaux et d&#039;utiliser des donn\u00e9es. La recharge t\u00e9l\u00e9phonique Nigeria peut \u00eatre envoy\u00e9e \u00e0 une large gamme de r\u00e9seaux, y compris GLO, Airtel, Etisalat, MTN, Visafone. Effectuez une recharge mobile au Nigeria en ligne et \u00e9conomisez du temps et de l&#039;argent.<\/p>\n<h2>Recharge en ligne Nig\u00e9ria FAQ<\/h2>\n<h3>Quels sont les avantages de la recharge mobile de temps d&#039;antenne au Nigeria ?<\/h3>\n<h3>C&#039;est simple<\/h3>\n<p>Vous pouvez offrir la parole, o\u00f9 que vous soyez sur la plan\u00e8te. Vous pouvez envoyer du temps d&#039;antenne \u00e0 un autre t\u00e9l\u00e9phone \u00e0 partir de votre ordinateur portable, PC, smartphone ou tablette et le destinataire pourra rapidement passer des appels et envoyer des SMS. Une fois que vous avez acc\u00e8s \u00e0 votre portail pr\u00e9f\u00e9r\u00e9, vous devez suivre les instructions \u00e0 l&#039;\u00e9cran pour recharger votre num\u00e9ro avec votre montant parfait.<\/p>\n<h3>C&#039;est s\u00fbr<\/h3>\n<p>Vous pouvez \u00eatre s\u00fbr que le temps d&#039;antenne du destinataire sera recharg\u00e9 rapidement et que vous et le destinataire recevrez une alerte SMS une fois la recharge mobile au Nigeria effectu\u00e9e.<\/p>\n<h3>Recharge mobile Nig\u00e9ria Modes de paiement multiples<\/h3>\n<p>Les plates-formes et les passerelles de recharge de t\u00e9l\u00e9phone en ligne et mobiles au Nigeria poss\u00e8dent un certain nombre de modes de paiement pour la facilit\u00e9 des clients. Vous pouvez utiliser votre carte de cr\u00e9dit ou de d\u00e9bit Nigeria comme choix de paiement. De m\u00eame, vous pouvez utiliser vos facilit\u00e9s bancaires en ligne pour recharger votre recharge mobile au Nigeria.<\/p>\n<p>. De plus, si vous \u00eates un utilisateur Airtel, vous pouvez obtenir des offres de remboursement qui sont accessibles ces jours-ci sur un maximum de portails en ligne au Nigeria que vous pouvez \u00e9galement utiliser pour votre recharge airtel Nigeria en ligne.<\/p>\n<h3>Montants de recharge ajustables<\/h3>\n<p>Il n&#039;y a pas de montant fixe pour recharger votre num\u00e9ro car vous choisissez le montant le plus bas sur le montant le plus \u00e9lev\u00e9. De plus, avec un grand nombre de remises et d&#039;offres, vous \u00eates susceptible de conserver beaucoup d&#039;argent avec votre recharge mobile. Les portails de recharge mobile en ligne du Nigeria offrent aujourd&#039;hui diff\u00e9rents avantages de pack de recharge au Nigeria, et vous pouvez \u00e9galement en profiter si vous le souhaitez.<\/p>\n<h3>Libert\u00e9 de processus de carte \u00e0 gratter effrayant<\/h3>\n<p>Avec l&#039;installation de recharge en ligne au Nigeria, il vous suffit de choisir le fournisseur de services, d&#039;ajouter votre num\u00e9ro de t\u00e9l\u00e9phone portable, d&#039;entrer le montant et c&#039;est fait. Vous \u00eates libre du processus de grattage effrayant. Aucun grattage n&#039;est n\u00e9cessaire.<\/p>\n<h2>\u00c9l\u00e9ments \u00e0 prendre en compte lors du choix d&#039;un fournisseur de recharge t\u00e9l\u00e9phonique au Nigeria<\/h2>\n<p><strong>Co\u00fbt\u00a0<\/strong><\/p>\n<p>L&#039;un des \u00e9l\u00e9ments les plus importants du choix d&#039;un fournisseur de recharge mobile au Nigeria est certainement le co\u00fbt.<\/p>\n<p><strong>S\u00e9curit\u00e9<\/strong><\/p>\n<p>La fraude et le vol d&#039;identit\u00e9 sont des probl\u00e8mes majeurs \u00e0 l&#039;\u00e8re num\u00e9rique. Se faire arnaquer est plus simple que vous ne le pensez et les r\u00e9percussions d&#039;une personne qui vole vos informations personnelles et financi\u00e8res ne valent pas le risque. Choisir une entreprise qui accepte les grosses cartes de cr\u00e9dit et PayPal est toujours une meilleure id\u00e9e pour rendre le paiement s\u00e9curis\u00e9, rapide et simple. Assurez-vous que le site du fournisseur est certifi\u00e9 pour les paiements sur Internet par des soci\u00e9t\u00e9s tierces expertes et r\u00e9put\u00e9es.<\/p>\n<p><strong>La flexibilit\u00e9<\/strong><\/p>\n<p>Un autre avantage d&#039;obtenir une recharge t\u00e9l\u00e9phonique en ligne au Nigeria est la flexibilit\u00e9. Vous n&#039;avez pas \u00e0 h\u00e9siter \u00e0 \u00eatre li\u00e9 \u00e0 un contrat, \u00e0 un fournisseur particulier ou \u00e0 payer une facture mensuelle. Lorsque vous utilisez une recharge mobile au Nigeria, vous payez ce que vous obtenez \u00e0 l&#039;avance, sans frais cach\u00e9s.<\/p>\n<p>En termes simples, la technologie a simplifi\u00e9 plus que jamais le fait de rester en contact avec des \u00eatres chers partout sur la plan\u00e8te et les donn\u00e9es mobiles pr\u00e9pay\u00e9es et les forfaits d&#039;appels sont un moyen id\u00e9al pour rester en contact. La recharge de t\u00e9l\u00e9phone Mobile Nigeria permet de rester connect\u00e9 de mani\u00e8re simple et abordable.<\/p>","protected":false},"excerpt":{"rendered":"<p>Mobile Top Up in Nigeria Online Top up mobile top up in Nigeria online. Online top up Nigeria made easy.\u00a0When you connect a mobile phone to a Nigeria network, you have to do\u00a0Nigeria phone recharge that permits you to send texts, make voice calls and use data. The top up phone Nigeria can be sent [&hellip;]<\/p>\n","protected":false},"author":1,"featured_media":19675,"parent":0,"menu_order":0,"comment_status":"open","ping_status":"closed","template":"template-home-modern.php","meta":{"footnotes":""},"class_list":["post-11192","page","type-page","status-publish","has-post-thumbnail","hentry"],"yoast_head":"<!-- This site is optimized with the Yoast SEO plugin v27.4 - https:\/\/yoast.com\/product\/yoast-seo-wordpress\/ -->\n<title>Online Top Up Nigeria - Mobile Recharge<\/title>\n<meta name=\"description\" content=\"Looking for Nigeria phone recharge - online top up Nigeria? Do internet bill payment and cheap mobile top up Nigeria online now\" \/>\n<meta name=\"robots\" content=\"index, follow, max-snippet:-1, max-image-preview:large, max-video-preview:-1\" \/>\n<link rel=\"canonical\" href=\"https:\/\/tiketi.com\/fr-fr\/online-top-up-nigeria-mobile\/\" \/>\n<meta property=\"og:locale\" content=\"fr_FR\" \/>\n<meta property=\"og:type\" content=\"article\" \/>\n<meta property=\"og:title\" content=\"Online Top Up Nigeria - Mobile Recharge\" \/>\n<meta property=\"og:description\" content=\"Looking for Nigeria phone recharge - online top up Nigeria? Do internet bill payment and cheap mobile top up Nigeria online now\" \/>\n<meta property=\"og:url\" content=\"https:\/\/tiketi.com\/fr-fr\/online-top-up-nigeria-mobile\/\" \/>\n<meta property=\"og:site_name\" content=\"Tiketi.com\" \/>\n<meta property=\"article:publisher\" content=\"https:\/\/www.facebook.com\/TiketiCom\/\" \/>\n<meta property=\"article:modified_time\" content=\"2022-02-18T16:26:24+00:00\" \/>\n<meta property=\"og:image\" content=\"https:\/\/tiketi.com\/wp-content\/uploads\/2019\/05\/data-packages-2029825_1280.jpg\" \/>\n\t<meta property=\"og:image:width\" content=\"1200\" \/>\n\t<meta property=\"og:image:height\" content=\"200\" \/>\n\t<meta property=\"og:image:type\" content=\"image\/jpeg\" \/>\n<meta name=\"twitter:card\" content=\"summary_large_image\" \/>\n<meta name=\"twitter:label1\" content=\"Dur\u00e9e de lecture estim\u00e9e\" \/>\n\t<meta name=\"twitter:data1\" content=\"3 minutes\" \/>\n<script type=\"application\/ld+json\" class=\"yoast-schema-graph\">{\"@context\":\"https:\\\/\\\/schema.org\",\"@graph\":[{\"@type\":\"WebPage\",\"@id\":\"https:\\\/\\\/tiketi.com\\\/online-top-up-nigeria-mobile\\\/\",\"url\":\"https:\\\/\\\/tiketi.com\\\/online-top-up-nigeria-mobile\\\/\",\"name\":\"Online Top Up Nigeria - Mobile Recharge\",\"isPartOf\":{\"@id\":\"https:\\\/\\\/tiketi.com\\\/#website\"},\"primaryImageOfPage\":{\"@id\":\"https:\\\/\\\/tiketi.com\\\/online-top-up-nigeria-mobile\\\/#primaryimage\"},\"image\":{\"@id\":\"https:\\\/\\\/tiketi.com\\\/online-top-up-nigeria-mobile\\\/#primaryimage\"},\"thumbnailUrl\":\"https:\\\/\\\/tiketi.com\\\/wp-content\\\/uploads\\\/2019\\\/05\\\/data-packages-2029825_1280.jpg\",\"datePublished\":\"2022-01-19T11:54:21+00:00\",\"dateModified\":\"2022-02-18T16:26:24+00:00\",\"description\":\"Looking for Nigeria phone recharge - online top up Nigeria? Do internet bill payment and cheap mobile top up Nigeria online now\",\"breadcrumb\":{\"@id\":\"https:\\\/\\\/tiketi.com\\\/online-top-up-nigeria-mobile\\\/#breadcrumb\"},\"inLanguage\":\"fr-FR\",\"potentialAction\":[{\"@type\":\"ReadAction\",\"target\":[\"https:\\\/\\\/tiketi.com\\\/online-top-up-nigeria-mobile\\\/\"]}]},{\"@type\":\"ImageObject\",\"inLanguage\":\"fr-FR\",\"@id\":\"https:\\\/\\\/tiketi.com\\\/online-top-up-nigeria-mobile\\\/#primaryimage\",\"url\":\"https:\\\/\\\/tiketi.com\\\/wp-content\\\/uploads\\\/2019\\\/05\\\/data-packages-2029825_1280.jpg\",\"contentUrl\":\"https:\\\/\\\/tiketi.com\\\/wp-content\\\/uploads\\\/2019\\\/05\\\/data-packages-2029825_1280.jpg\",\"width\":1200,\"height\":200,\"caption\":\"How to get Data Plan \\\/ Packages \\\/ Top Up\"},{\"@type\":\"BreadcrumbList\",\"@id\":\"https:\\\/\\\/tiketi.com\\\/online-top-up-nigeria-mobile\\\/#breadcrumb\",\"itemListElement\":[{\"@type\":\"ListItem\",\"position\":1,\"name\":\"Home\",\"item\":\"https:\\\/\\\/tiketi.com\\\/\"},{\"@type\":\"ListItem\",\"position\":2,\"name\":\"Online Top Up Nigeria &#8211; Mobile Recharge\"}]},{\"@type\":\"WebSite\",\"@id\":\"https:\\\/\\\/tiketi.com\\\/#website\",\"url\":\"https:\\\/\\\/tiketi.com\\\/\",\"name\":\"Flight & Bus Tickets, Tour Packages & Activitites - Tiketi.com\",\"description\":\"Flight &amp; Bus Tickets, Tours, Activitites\",\"publisher\":{\"@id\":\"https:\\\/\\\/tiketi.com\\\/#organization\"},\"potentialAction\":[{\"@type\":\"SearchAction\",\"target\":{\"@type\":\"EntryPoint\",\"urlTemplate\":\"https:\\\/\\\/tiketi.com\\\/?s={search_term_string}\"},\"query-input\":{\"@type\":\"PropertyValueSpecification\",\"valueRequired\":true,\"valueName\":\"search_term_string\"}}],\"inLanguage\":\"fr-FR\"},{\"@type\":\"Organization\",\"@id\":\"https:\\\/\\\/tiketi.com\\\/#organization\",\"name\":\"Tiketi.com\",\"alternateName\":\"Tiketi\",\"url\":\"https:\\\/\\\/tiketi.com\\\/\",\"logo\":{\"@type\":\"ImageObject\",\"inLanguage\":\"fr-FR\",\"@id\":\"https:\\\/\\\/tiketi.com\\\/#\\\/schema\\\/logo\\\/image\\\/\",\"url\":\"https:\\\/\\\/tiketi.com\\\/wp-content\\\/uploads\\\/2019\\\/05\\\/tiketi-logo-696.png\",\"contentUrl\":\"https:\\\/\\\/tiketi.com\\\/wp-content\\\/uploads\\\/2019\\\/05\\\/tiketi-logo-696.png\",\"width\":696,\"height\":696,\"caption\":\"Tiketi.com\"},\"image\":{\"@id\":\"https:\\\/\\\/tiketi.com\\\/#\\\/schema\\\/logo\\\/image\\\/\"},\"sameAs\":[\"https:\\\/\\\/www.facebook.com\\\/TiketiCom\\\/\"]}]}<\/script>\n<!-- \/ Yoast SEO plugin. -->","yoast_head_json":{"title":"Recharge en ligne Nig\u00e9ria - Recharge mobile","description":"Vous recherchez une recharge de t\u00e9l\u00e9phone au Nigeria - une recharge en ligne au Nigeria ? Payez vos factures sur Internet et rechargez votre mobile pas cher au Nigeria en ligne maintenant","robots":{"index":"index","follow":"follow","max-snippet":"max-snippet:-1","max-image-preview":"max-image-preview:large","max-video-preview":"max-video-preview:-1"},"canonical":"https:\/\/tiketi.com\/fr-fr\/online-top-up-nigeria-mobile\/","og_locale":"fr_FR","og_type":"article","og_title":"Online Top Up Nigeria - Mobile Recharge","og_description":"Looking for Nigeria phone recharge - online top up Nigeria? Do internet bill payment and cheap mobile top up Nigeria online now","og_url":"https:\/\/tiketi.com\/fr-fr\/online-top-up-nigeria-mobile\/","og_site_name":"Tiketi.com","article_publisher":"https:\/\/www.facebook.com\/TiketiCom\/","article_modified_time":"2022-02-18T16:26:24+00:00","og_image":[{"width":1200,"height":200,"url":"https:\/\/tiketi.com\/wp-content\/uploads\/2019\/05\/data-packages-2029825_1280.jpg","type":"image\/jpeg"}],"twitter_card":"summary_large_image","twitter_misc":{"Dur\u00e9e de lecture estim\u00e9e":"3 minutes"},"schema":{"@context":"https:\/\/schema.org","@graph":[{"@type":"WebPage","@id":"https:\/\/tiketi.com\/online-top-up-nigeria-mobile\/","url":"https:\/\/tiketi.com\/online-top-up-nigeria-mobile\/","name":"Recharge en ligne Nig\u00e9ria - Recharge mobile","isPartOf":{"@id":"https:\/\/tiketi.com\/#website"},"primaryImageOfPage":{"@id":"https:\/\/tiketi.com\/online-top-up-nigeria-mobile\/#primaryimage"},"image":{"@id":"https:\/\/tiketi.com\/online-top-up-nigeria-mobile\/#primaryimage"},"thumbnailUrl":"https:\/\/tiketi.com\/wp-content\/uploads\/2019\/05\/data-packages-2029825_1280.jpg","datePublished":"2022-01-19T11:54:21+00:00","dateModified":"2022-02-18T16:26:24+00:00","description":"Vous recherchez une recharge de t\u00e9l\u00e9phone au Nigeria - une recharge en ligne au Nigeria ? Payez vos factures sur Internet et rechargez votre mobile pas cher au Nigeria en ligne maintenant","breadcrumb":{"@id":"https:\/\/tiketi.com\/online-top-up-nigeria-mobile\/#breadcrumb"},"inLanguage":"fr-FR","potentialAction":[{"@type":"ReadAction","target":["https:\/\/tiketi.com\/online-top-up-nigeria-mobile\/"]}]},{"@type":"ImageObject","inLanguage":"fr-FR","@id":"https:\/\/tiketi.com\/online-top-up-nigeria-mobile\/#primaryimage","url":"https:\/\/tiketi.com\/wp-content\/uploads\/2019\/05\/data-packages-2029825_1280.jpg","contentUrl":"https:\/\/tiketi.com\/wp-content\/uploads\/2019\/05\/data-packages-2029825_1280.jpg","width":1200,"height":200,"caption":"How to get Data Plan \/ Packages \/ Top Up"},{"@type":"BreadcrumbList","@id":"https:\/\/tiketi.com\/online-top-up-nigeria-mobile\/#breadcrumb","itemListElement":[{"@type":"ListItem","position":1,"name":"Home","item":"https:\/\/tiketi.com\/"},{"@type":"ListItem","position":2,"name":"Online Top Up Nigeria &#8211; Mobile Recharge"}]},{"@type":"WebSite","@id":"https:\/\/tiketi.com\/#website","url":"https:\/\/tiketi.com\/","name":"Billets d&#039;avion et de bus, forfaits touristiques et activit\u00e9s - Tiketi.com","description":"Billets d&#039;avion et de bus, Tours, Activit\u00e9s","publisher":{"@id":"https:\/\/tiketi.com\/#organization"},"potentialAction":[{"@type":"SearchAction","target":{"@type":"EntryPoint","urlTemplate":"https:\/\/tiketi.com\/?s={search_term_string}"},"query-input":{"@type":"PropertyValueSpecification","valueRequired":true,"valueName":"search_term_string"}}],"inLanguage":"fr-FR"},{"@type":"Organization","@id":"https:\/\/tiketi.com\/#organization","name":"Tiketi.com","alternateName":"Tiketi","url":"https:\/\/tiketi.com\/","logo":{"@type":"ImageObject","inLanguage":"fr-FR","@id":"https:\/\/tiketi.com\/#\/schema\/logo\/image\/","url":"https:\/\/tiketi.com\/wp-content\/uploads\/2019\/05\/tiketi-logo-696.png","contentUrl":"https:\/\/tiketi.com\/wp-content\/uploads\/2019\/05\/tiketi-logo-696.png","width":696,"height":696,"caption":"Tiketi.com"},"image":{"@id":"https:\/\/tiketi.com\/#\/schema\/logo\/image\/"},"sameAs":["https:\/\/www.facebook.com\/TiketiCom\/"]}]}},"_links":{"self":[{"href":"https:\/\/tiketi.com\/fr-fr\/wp-json\/wp\/v2\/pages\/11192","targetHints":{"allow":["GET"]}}],"collection":[{"href":"https:\/\/tiketi.com\/fr-fr\/wp-json\/wp\/v2\/pages"}],"about":[{"href":"https:\/\/tiketi.com\/fr-fr\/wp-json\/wp\/v2\/types\/page"}],"author":[{"embeddable":true,"href":"https:\/\/tiketi.com\/fr-fr\/wp-json\/wp\/v2\/users\/1"}],"replies":[{"embeddable":true,"href":"https:\/\/tiketi.com\/fr-fr\/wp-json\/wp\/v2\/comments?post=11192"}],"version-history":[{"count":0,"href":"https:\/\/tiketi.com\/fr-fr\/wp-json\/wp\/v2\/pages\/11192\/revisions"}],"wp:featuredmedia":[{"embeddable":true,"href":"https:\/\/tiketi.com\/fr-fr\/wp-json\/wp\/v2\/media\/19675"}],"wp:attachment":[{"href":"https:\/\/tiketi.com\/fr-fr\/wp-json\/wp\/v2\/media?parent=11192"}],"curies":[{"name":"wp","href":"https:\/\/api.w.org\/{rel}","templated":true}]}}