{"id":11194,"date":"2022-01-19T12:54:21","date_gmt":"2022-01-19T11:54:21","guid":{"rendered":"https:\/\/new.tiketi.com\/travel-insurance-uganda\/"},"modified":"2022-02-23T10:56:44","modified_gmt":"2022-02-23T09:56:44","slug":"online-travel-insurance-uganda","status":"publish","type":"page","link":"https:\/\/tiketi.com\/fr-fr\/online-travel-insurance-uganda\/","title":{"rendered":"Assurance voyage en Ouganda"},"content":{"rendered":"<h2>Assurance voyage Ouganda pas ch\u00e8re<\/h2>\n<h3>Comparez et r\u00e9servez en ligne votre assurance voyage pas ch\u00e8re pour les r\u00e9sidents ou les visiteurs en Ouganda <a href=\"https:\/\/tiketi.com\/fr-fr\/contact-us\/\" target=\"_blank\" rel=\"noopener\">maintenant &gt;&gt;<\/a><\/h3>\n<p>Une assurance voyage en Ouganda, la r\u00e9servation en ligne simplifi\u00e9e. Pour vos vacances en Ouganda ou si vous \u00eates un r\u00e9sident voyageant dans votre pays ou \u00e0 l&#039;\u00e9tranger, vous devez souscrire une assurance voyage compl\u00e8te pour les r\u00e9sidents ougandais voyageant dans leur propre pays ou \u00e0 l&#039;\u00e9tranger et les visiteurs en Ouganda qui couvre toutes les urgences m\u00e9dicales et contient les activit\u00e9s que vous envisagez de faire. , comme le rafting et le suivi des gorilles. Assurez-vous que votre assurance pour les r\u00e9sidents ougandais et les visiteurs en Ouganda couvre l&#039;\u00e9vacuation m\u00e9dicale.<\/p>\n<h2>FAQ en ligne sur la meilleure assurance voyage en Ouganda<\/h2>\n<h3>Ai-je vraiment besoin de la meilleure assurance voyage en Ouganda ?<\/h3>\n<p>Il n&#039;est pas obligatoire d&#039;avoir une assurance voyage couvrant l&#039;Ouganda \u00e0 l&#039;\u00e9tranger, mais si vous ne le faites pas et que vous avez besoin de soins m\u00e9dicaux pendant votre absence, vous devrez payer la facture. En souscrivant une police d&#039;assurance compl\u00e8te, vous pouvez \u00eatre assur\u00e9 que c&#039;est le pire qui devait arriver, vous seriez prot\u00e9g\u00e9.<\/p>\n<p>Lorsque vous souscrivez une assurance voyage en ligne pour l&#039;Ouganda, vous ne devez jamais accepter moins de :<\/p>\n<p><strong>Couverture m\u00e9dicale et hospitalisation<\/strong>. Dans le cas d&#039;une hospitalisation en Ouganda, la compagnie d&#039;assurance doit \u00eatre en mesure de couvrir les d\u00e9penses directement afin que vous n&#039;ayez pas \u00e0 payer de votre poche et ensuite demander un remboursement.<\/p>\n<p><strong>Assistance rapatriement sanitaire<\/strong>. Si quelque chose de grave se produit, vous voulez vous assurer que vous pourrez \u00eatre renvoy\u00e9 chez vous pour \u00eatre soign\u00e9.<\/p>\n<p><strong>Une hotline d&#039;urgence joignable 24h\/24 et 7j\/7<\/strong>. Vous ne savez jamais quand vous en aurez besoin, mais vous savez que vous voulez que quelqu&#039;un soit l\u00e0 en cas d&#039;urgence.<\/p>\n<p><strong>Couverture responsabilit\u00e9 civile<\/strong>: si vous blessez accidentellement quelqu&#039;un ou endommagez une propri\u00e9t\u00e9 priv\u00e9e.<\/p>\n<h3>Qu&#039;est-ce que la garantie annulation ?<\/h3>\n<p>La couverture annulation est faite pour rembourser toutes les d\u00e9penses pr\u00e9pay\u00e9es qui seraient perdues si vous \u00e9tiez oblig\u00e9 d&#039;annuler le s\u00e9jour en raison de circonstances impr\u00e9vues. Par cons\u00e9quent, il est pr\u00e9f\u00e9rable de garder \u00e0 l&#039;esprit le montant que vous avez d\u00e9pens\u00e9 et de vous assurer que la police dispose d&#039;une couverture suffisante pour ne pas perdre d&#039;argent. En indiquant le co\u00fbt du voyage \u00e0 l&#039;avance, vous pouvez facilement obtenir un devis d&#039;assurance voyage en ligne pour l&#039;Ouganda qui correspond \u00e0 vos besoins, de sorte que vous ne vous retrouviez pas en poche.<\/p>\n<h2>Assurance voyage pour les r\u00e9sidents ougandais et les visiteurs en Ouganda<\/h2>\n<p>\u2022 L&#039;assurance voyage en Ouganda lorsque vous quittez l&#039;\u00e9tranger pour partir en vacances en Ouganda ou \u00e0 l&#039;\u00e9tranger vous procurera une tranquillit\u00e9 d&#039;esprit qui vous permettra de b\u00e9n\u00e9ficier d&#039;un traitement m\u00e9dical d&#039;urgence.<\/p>\n<p>\u2022 L&#039;assurance voyage pour les r\u00e9sidents ougandais et les visiteurs en ligne en Ouganda paiera \u00e9galement pour votre retour \u00e0 l&#039;\u00e9tranger ou pour le transport d&#039;urgence si cela est pr\u00e9vu comme la solution la plus utile.<\/p>\n<p>\u2022 En plus de couvrir les frais m\u00e9dicaux d&#039;urgence, l&#039;assurance voyage en Ouganda peut \u00e9galement aider en cas de perte ou de retard de bagages et de sacs, car il n&#039;est pas inutile que des sacs disparaissent lorsque vous voyagez en vacances.<\/p>","protected":false},"excerpt":{"rendered":"<p>Cheap Uganda Travel Insurance Compare and book your cheap travel insurance for Uganda residents and visitors to Uganda online now &gt;&gt; Travel insurance in Uganda online booking made easy. For your holiday in Uganda or your are a resident travelling in your country or overseas, you should get full travel insurance for Uganda residents traveling [&hellip;]<\/p>\n","protected":false},"author":1,"featured_media":21535,"parent":0,"menu_order":0,"comment_status":"open","ping_status":"closed","template":"template-home-modern.php","meta":{"footnotes":""},"class_list":["post-11194","page","type-page","status-publish","has-post-thumbnail","hentry"],"yoast_head":"<!-- This site is optimized with the Yoast SEO plugin v27.2 - https:\/\/yoast.com\/product\/yoast-seo-wordpress\/ -->\n<title>Travel insurance Uganda<\/title>\n<meta name=\"description\" content=\"Looking for online travel insurance in Uganda? Book cheap travel insurance for Uganda residents and visitors to Uganda online now\" \/>\n<meta name=\"robots\" content=\"index, follow, max-snippet:-1, max-image-preview:large, max-video-preview:-1\" \/>\n<link rel=\"canonical\" href=\"https:\/\/tiketi.com\/fr-fr\/online-travel-insurance-uganda\/\" \/>\n<meta property=\"og:locale\" content=\"fr_FR\" \/>\n<meta property=\"og:type\" content=\"article\" \/>\n<meta property=\"og:title\" content=\"Travel insurance Uganda\" \/>\n<meta property=\"og:description\" content=\"Looking for online travel insurance in Uganda? Book cheap travel insurance for Uganda residents and visitors to Uganda online now\" \/>\n<meta property=\"og:url\" content=\"https:\/\/tiketi.com\/fr-fr\/online-travel-insurance-uganda\/\" \/>\n<meta property=\"og:site_name\" content=\"Tiketi.com\" \/>\n<meta property=\"article:publisher\" content=\"https:\/\/www.facebook.com\/TiketiCom\/\" \/>\n<meta property=\"article:modified_time\" content=\"2022-02-23T09:56:44+00:00\" \/>\n<meta property=\"og:image\" content=\"https:\/\/tiketi.com\/wp-content\/uploads\/2019\/05\/travel-insurance-world-map-.jpg\" \/>\n\t<meta property=\"og:image:width\" content=\"1200\" \/>\n\t<meta property=\"og:image:height\" content=\"200\" \/>\n\t<meta property=\"og:image:type\" content=\"image\/jpeg\" \/>\n<meta name=\"twitter:card\" content=\"summary_large_image\" \/>\n<meta name=\"twitter:label1\" content=\"Dur\u00e9e de lecture estim\u00e9e\" \/>\n\t<meta name=\"twitter:data1\" content=\"3 minutes\" \/>\n<script type=\"application\/ld+json\" class=\"yoast-schema-graph\">{\"@context\":\"https:\/\/schema.org\",\"@graph\":[{\"@type\":\"WebPage\",\"@id\":\"https:\/\/tiketi.com\/online-travel-insurance-uganda\/\",\"url\":\"https:\/\/tiketi.com\/online-travel-insurance-uganda\/\",\"name\":\"Travel insurance Uganda\",\"isPartOf\":{\"@id\":\"https:\/\/tiketi.com\/#website\"},\"primaryImageOfPage\":{\"@id\":\"https:\/\/tiketi.com\/online-travel-insurance-uganda\/#primaryimage\"},\"image\":{\"@id\":\"https:\/\/tiketi.com\/online-travel-insurance-uganda\/#primaryimage\"},\"thumbnailUrl\":\"https:\/\/tiketi.com\/wp-content\/uploads\/2019\/05\/travel-insurance-world-map-.jpg\",\"datePublished\":\"2022-01-19T11:54:21+00:00\",\"dateModified\":\"2022-02-23T09:56:44+00:00\",\"description\":\"Looking for online travel insurance in Uganda? Book cheap travel insurance for Uganda residents and visitors to Uganda online now\",\"breadcrumb\":{\"@id\":\"https:\/\/tiketi.com\/online-travel-insurance-uganda\/#breadcrumb\"},\"inLanguage\":\"fr-FR\",\"potentialAction\":[{\"@type\":\"ReadAction\",\"target\":[\"https:\/\/tiketi.com\/online-travel-insurance-uganda\/\"]}]},{\"@type\":\"ImageObject\",\"inLanguage\":\"fr-FR\",\"@id\":\"https:\/\/tiketi.com\/online-travel-insurance-uganda\/#primaryimage\",\"url\":\"https:\/\/tiketi.com\/wp-content\/uploads\/2019\/05\/travel-insurance-world-map-.jpg\",\"contentUrl\":\"https:\/\/tiketi.com\/wp-content\/uploads\/2019\/05\/travel-insurance-world-map-.jpg\",\"width\":1200,\"height\":200,\"caption\":\"Travel Insurance\"},{\"@type\":\"BreadcrumbList\",\"@id\":\"https:\/\/tiketi.com\/online-travel-insurance-uganda\/#breadcrumb\",\"itemListElement\":[{\"@type\":\"ListItem\",\"position\":1,\"name\":\"Home\",\"item\":\"https:\/\/tiketi.com\/\"},{\"@type\":\"ListItem\",\"position\":2,\"name\":\"Travel Insurance in Uganda\"}]},{\"@type\":\"WebSite\",\"@id\":\"https:\/\/tiketi.com\/#website\",\"url\":\"https:\/\/tiketi.com\/\",\"name\":\"Flight & Bus Tickets, Tour Packages & Activitites - Tiketi.com\",\"description\":\"Flight &amp; Bus Tickets, Tours, Activitites\",\"publisher\":{\"@id\":\"https:\/\/tiketi.com\/#organization\"},\"potentialAction\":[{\"@type\":\"SearchAction\",\"target\":{\"@type\":\"EntryPoint\",\"urlTemplate\":\"https:\/\/tiketi.com\/?s={search_term_string}\"},\"query-input\":{\"@type\":\"PropertyValueSpecification\",\"valueRequired\":true,\"valueName\":\"search_term_string\"}}],\"inLanguage\":\"fr-FR\"},{\"@type\":\"Organization\",\"@id\":\"https:\/\/tiketi.com\/#organization\",\"name\":\"Tiketi.com\",\"alternateName\":\"Tiketi\",\"url\":\"https:\/\/tiketi.com\/\",\"logo\":{\"@type\":\"ImageObject\",\"inLanguage\":\"fr-FR\",\"@id\":\"https:\/\/tiketi.com\/#\/schema\/logo\/image\/\",\"url\":\"https:\/\/tiketi.com\/wp-content\/uploads\/2019\/05\/tiketi-logo-696.png\",\"contentUrl\":\"https:\/\/tiketi.com\/wp-content\/uploads\/2019\/05\/tiketi-logo-696.png\",\"width\":696,\"height\":696,\"caption\":\"Tiketi.com\"},\"image\":{\"@id\":\"https:\/\/tiketi.com\/#\/schema\/logo\/image\/\"},\"sameAs\":[\"https:\/\/www.facebook.com\/TiketiCom\/\"]}]}<\/script>\n<!-- \/ Yoast SEO plugin. -->","yoast_head_json":{"title":"Assurance voyage Ouganda","description":"Vous recherchez une assurance voyage en ligne en Ouganda ? R\u00e9servez en ligne d\u00e8s maintenant une assurance voyage pas ch\u00e8re pour les r\u00e9sidents ou les visiteurs en Ouganda","robots":{"index":"index","follow":"follow","max-snippet":"max-snippet:-1","max-image-preview":"max-image-preview:large","max-video-preview":"max-video-preview:-1"},"canonical":"https:\/\/tiketi.com\/fr-fr\/online-travel-insurance-uganda\/","og_locale":"fr_FR","og_type":"article","og_title":"Travel insurance Uganda","og_description":"Looking for online travel insurance in Uganda? Book cheap travel insurance for Uganda residents and visitors to Uganda online now","og_url":"https:\/\/tiketi.com\/fr-fr\/online-travel-insurance-uganda\/","og_site_name":"Tiketi.com","article_publisher":"https:\/\/www.facebook.com\/TiketiCom\/","article_modified_time":"2022-02-23T09:56:44+00:00","og_image":[{"width":1200,"height":200,"url":"https:\/\/tiketi.com\/wp-content\/uploads\/2019\/05\/travel-insurance-world-map-.jpg","type":"image\/jpeg"}],"twitter_card":"summary_large_image","twitter_misc":{"Dur\u00e9e de lecture estim\u00e9e":"3 minutes"},"schema":{"@context":"https:\/\/schema.org","@graph":[{"@type":"WebPage","@id":"https:\/\/tiketi.com\/online-travel-insurance-uganda\/","url":"https:\/\/tiketi.com\/online-travel-insurance-uganda\/","name":"Assurance voyage Ouganda","isPartOf":{"@id":"https:\/\/tiketi.com\/#website"},"primaryImageOfPage":{"@id":"https:\/\/tiketi.com\/online-travel-insurance-uganda\/#primaryimage"},"image":{"@id":"https:\/\/tiketi.com\/online-travel-insurance-uganda\/#primaryimage"},"thumbnailUrl":"https:\/\/tiketi.com\/wp-content\/uploads\/2019\/05\/travel-insurance-world-map-.jpg","datePublished":"2022-01-19T11:54:21+00:00","dateModified":"2022-02-23T09:56:44+00:00","description":"Vous recherchez une assurance voyage en ligne en Ouganda ? R\u00e9servez en ligne d\u00e8s maintenant une assurance voyage pas ch\u00e8re pour les r\u00e9sidents ou les visiteurs en Ouganda","breadcrumb":{"@id":"https:\/\/tiketi.com\/online-travel-insurance-uganda\/#breadcrumb"},"inLanguage":"fr-FR","potentialAction":[{"@type":"ReadAction","target":["https:\/\/tiketi.com\/online-travel-insurance-uganda\/"]}]},{"@type":"ImageObject","inLanguage":"fr-FR","@id":"https:\/\/tiketi.com\/online-travel-insurance-uganda\/#primaryimage","url":"https:\/\/tiketi.com\/wp-content\/uploads\/2019\/05\/travel-insurance-world-map-.jpg","contentUrl":"https:\/\/tiketi.com\/wp-content\/uploads\/2019\/05\/travel-insurance-world-map-.jpg","width":1200,"height":200,"caption":"Travel Insurance"},{"@type":"BreadcrumbList","@id":"https:\/\/tiketi.com\/online-travel-insurance-uganda\/#breadcrumb","itemListElement":[{"@type":"ListItem","position":1,"name":"Home","item":"https:\/\/tiketi.com\/"},{"@type":"ListItem","position":2,"name":"Travel Insurance in Uganda"}]},{"@type":"WebSite","@id":"https:\/\/tiketi.com\/#website","url":"https:\/\/tiketi.com\/","name":"Billets d&#039;avion et de bus, forfaits touristiques et activit\u00e9s - Tiketi.com","description":"Billets d&#039;avion et de bus, Tours, Activit\u00e9s","publisher":{"@id":"https:\/\/tiketi.com\/#organization"},"potentialAction":[{"@type":"SearchAction","target":{"@type":"EntryPoint","urlTemplate":"https:\/\/tiketi.com\/?s={search_term_string}"},"query-input":{"@type":"PropertyValueSpecification","valueRequired":true,"valueName":"search_term_string"}}],"inLanguage":"fr-FR"},{"@type":"Organization","@id":"https:\/\/tiketi.com\/#organization","name":"Tiketi.com","alternateName":"Tiketi","url":"https:\/\/tiketi.com\/","logo":{"@type":"ImageObject","inLanguage":"fr-FR","@id":"https:\/\/tiketi.com\/#\/schema\/logo\/image\/","url":"https:\/\/tiketi.com\/wp-content\/uploads\/2019\/05\/tiketi-logo-696.png","contentUrl":"https:\/\/tiketi.com\/wp-content\/uploads\/2019\/05\/tiketi-logo-696.png","width":696,"height":696,"caption":"Tiketi.com"},"image":{"@id":"https:\/\/tiketi.com\/#\/schema\/logo\/image\/"},"sameAs":["https:\/\/www.facebook.com\/TiketiCom\/"]}]}},"_links":{"self":[{"href":"https:\/\/tiketi.com\/fr-fr\/wp-json\/wp\/v2\/pages\/11194","targetHints":{"allow":["GET"]}}],"collection":[{"href":"https:\/\/tiketi.com\/fr-fr\/wp-json\/wp\/v2\/pages"}],"about":[{"href":"https:\/\/tiketi.com\/fr-fr\/wp-json\/wp\/v2\/types\/page"}],"author":[{"embeddable":true,"href":"https:\/\/tiketi.com\/fr-fr\/wp-json\/wp\/v2\/users\/1"}],"replies":[{"embeddable":true,"href":"https:\/\/tiketi.com\/fr-fr\/wp-json\/wp\/v2\/comments?post=11194"}],"version-history":[{"count":0,"href":"https:\/\/tiketi.com\/fr-fr\/wp-json\/wp\/v2\/pages\/11194\/revisions"}],"wp:featuredmedia":[{"embeddable":true,"href":"https:\/\/tiketi.com\/fr-fr\/wp-json\/wp\/v2\/media\/21535"}],"wp:attachment":[{"href":"https:\/\/tiketi.com\/fr-fr\/wp-json\/wp\/v2\/media?parent=11194"}],"curies":[{"name":"wp","href":"https:\/\/api.w.org\/{rel}","templated":true}]}}