{"id":11196,"date":"2022-01-19T12:54:21","date_gmt":"2022-01-19T11:54:21","guid":{"rendered":"https:\/\/new.tiketi.com\/travel-insurance-rwanda\/"},"modified":"2022-02-23T10:42:20","modified_gmt":"2022-02-23T09:42:20","slug":"online-travel-insurance-rwanda","status":"publish","type":"page","link":"https:\/\/tiketi.com\/fr-fr\/online-travel-insurance-rwanda\/","title":{"rendered":"Assurance voyage au Rwanda"},"content":{"rendered":"<h2>Assurance voyage bon march\u00e9 au Rwanda<\/h2>\n<h3>Comparez et r\u00e9servez en ligne votre assurance voyage pas ch\u00e8re pour les r\u00e9sidents rwandais et les visiteurs au Rwanda <a href=\"https:\/\/tiketi.com\/fr-fr\/contact-us\/\" target=\"_blank\" rel=\"noopener\">maintenant &gt;&gt;<\/a><\/h3>\n<p>La r\u00e9servation en ligne d&#039;une assurance voyage bon march\u00e9 au Rwanda est simplifi\u00e9e. Voyager peut \u00eatre incroyable, mais peut aussi pr\u00e9senter des dangers impr\u00e9vus. L&#039;assurance voyage au Rwanda vous prot\u00e8ge contre les circonstances impr\u00e9vues pendant votre voyage, notamment les frais m\u00e9dicaux impr\u00e9vus, les annulations, les accidents d&#039;avion, la perte de bagages et autres pertes. R\u00e9servez votre assurance voyage pour les r\u00e9sidents rwandais et les visiteurs au Rwanda voyageant dans leur propre pays ou \u00e0 l&#039;\u00e9tranger et les forfaits de couverture pour les visiteurs au Rwanda en ligne et \u00e9conomisez du temps et de l&#039;argent.<\/p>\n<p>Cela vous permet d&#039;avoir l&#039;esprit tranquille en sachant que vous ne perdrez pas d&#039;argent si vous \u00eates oblig\u00e9 d&#039;annuler votre voyage pour cause de maladie avant votre voyage ou pendant vos vacances.<\/p>\n<p>Veuillez vous assurer que votre assurance voyage Rwanda Safari couvre le rapatriement m\u00e9dical et l&#039;\u00e9vacuation tant au niveau local qu&#039;international, et nous pourrions sugg\u00e9rer que votre police couvre la perte et le vol de vos biens.<\/p>\n<p>Il est de votre responsabilit\u00e9 de vous assurer que votre meilleure assurance voyage au Rwanda vous couvre pour tous les aspects de vos vacances. Vous devez vous assurer que vous serez couvert pour des activit\u00e9s telles que le rafting, la marche, l&#039;\u00e9quitation et le cano\u00eb.<\/p>\n<h2>FAQ en ligne sur l\u2019assurance voyage au Rwanda<\/h2>\n<h3>Choisissez la bonne assurance voyage pour les r\u00e9sidents rwandais et les visiteurs au Rwanda voyageant dans leur propre pays ou \u00e0 l&#039;\u00e9tranger et les visiteurs au Rwanda.<\/h3>\n<p>Malgr\u00e9 l\u2019importance de l\u2019assurance voyage, vous ne pouvez pas en prendre une juste pour le plaisir, mais vous avez besoin de celle qui correspond au type de safari\/vacances auquel vous avez l\u2019intention de participer. C&#039;est pour la raison que certains endroits ne sont pas prot\u00e9g\u00e9s par l&#039;assurance voyage standard pour les r\u00e9sidents rwandais et les visiteurs au Rwanda, ce qui n\u00e9cessite de mener des recherches suffisantes sur chaque lieu de visiteur qu&#039;il souhaite explorer.<\/p>\n<h3>Assurance voyage Safari au Rwanda<\/h3>\n<p>Activit\u00e9s de safari - en g\u00e9n\u00e9ral, l&#039;assurance m\u00e9dicale ne couvre pas les autres activit\u00e9s telles que les saris en montgolfi\u00e8re, le rafting en eaux vives et autres aventures. Cela signifie que pour toute assurance voyage, le safari au Rwanda envisage de se lancer dans un voyage en famille ou avec des amis dans l&#039;une des activit\u00e9s de safari ci-dessus, il faut souscrire une assurance voyage couvrant la politique du Rwanda qui les couvre.<\/p>\n<p>Observation de la faune : la plupart des voyageurs en safari en Afrique voyagent principalement pour observer les cinq grands gibiers ainsi que d&#039;autres esp\u00e8ces sauvages, en particulier les gorilles de montagne. Cela dit, il est tr\u00e8s important que vous informiez votre assureur du type de voyage auquel vous avez l&#039;intention de participer et que vous vous assuriez que l&#039;assurance voyage pour safari au Rwanda que vous souscrivez couvre des activit\u00e9s telles que des safaris, des promenades dans la nature ou des visites \u00e0 pied.<\/p>\n<p>Vos effets personnels, chaque visiteur a des choses et peuvent \u00eatre un appareil photo, de l&#039;argent et de nombreux autres objets de valeur \u00e0 utiliser pendant un safari. Lors d&#039;un safari au Rwanda, il existe \u00e9galement de plus grandes chances que vous perdiez ou oubliiez vos bagages et pour \u00eatre plus s\u00fbr, il est essentiel que vous couvriez cette zone. D&#039;autres contiennent des r\u00e9ductions et des annulations.<\/p>\n<p>En conclusion, les compagnies d&#039;assurance voyage pour les safaris au Rwanda jouent un r\u00f4le essentiel pendant que vous \u00eates en safari ou pour des visites de gorilles ou de faune.<\/p>","protected":false},"excerpt":{"rendered":"<p>Cheap Rwanda Travel Insurance Compare and book your cheap travel insurance for Rwanda residents and visitors to Rwanda online now &gt;&gt; Cheap travel insurance in Rwanda online booking made easy. Traveling can be amazing, but can also present unforeseen dangerous. Rwanda travel insurance saves you against unexpected circumstances while you are traveling, including unplanned medical [&hellip;]<\/p>\n","protected":false},"author":1,"featured_media":21535,"parent":0,"menu_order":0,"comment_status":"open","ping_status":"closed","template":"template-home-modern.php","meta":{"footnotes":""},"class_list":["post-11196","page","type-page","status-publish","has-post-thumbnail","hentry"],"yoast_head":"<!-- This site is optimized with the Yoast SEO plugin v27.3 - https:\/\/yoast.com\/product\/yoast-seo-wordpress\/ -->\n<title>Travel Insurance in Rwanda<\/title>\n<meta name=\"description\" content=\"Looking for online travel insurance in Rwanda? Book cheap travel insurance for Rwanda residents and visitors to Rwanda online now\" \/>\n<meta name=\"robots\" content=\"index, follow, max-snippet:-1, max-image-preview:large, max-video-preview:-1\" \/>\n<link rel=\"canonical\" href=\"https:\/\/tiketi.com\/fr-fr\/online-travel-insurance-rwanda\/\" \/>\n<meta property=\"og:locale\" content=\"fr_FR\" \/>\n<meta property=\"og:type\" content=\"article\" \/>\n<meta property=\"og:title\" content=\"Travel Insurance in Rwanda\" \/>\n<meta property=\"og:description\" content=\"Looking for online travel insurance in Rwanda? Book cheap travel insurance for Rwanda residents and visitors to Rwanda online now\" \/>\n<meta property=\"og:url\" content=\"https:\/\/tiketi.com\/fr-fr\/online-travel-insurance-rwanda\/\" \/>\n<meta property=\"og:site_name\" content=\"Tiketi.com\" \/>\n<meta property=\"article:publisher\" content=\"https:\/\/www.facebook.com\/TiketiCom\/\" \/>\n<meta property=\"article:modified_time\" content=\"2022-02-23T09:42:20+00:00\" \/>\n<meta property=\"og:image\" content=\"https:\/\/tiketi.com\/wp-content\/uploads\/2019\/05\/travel-insurance-world-map-.jpg\" \/>\n\t<meta property=\"og:image:width\" content=\"1200\" \/>\n\t<meta property=\"og:image:height\" content=\"200\" \/>\n\t<meta property=\"og:image:type\" content=\"image\/jpeg\" \/>\n<meta name=\"twitter:card\" content=\"summary_large_image\" \/>\n<meta name=\"twitter:label1\" content=\"Dur\u00e9e de lecture estim\u00e9e\" \/>\n\t<meta name=\"twitter:data1\" content=\"3 minutes\" \/>\n<script type=\"application\/ld+json\" class=\"yoast-schema-graph\">{\"@context\":\"https:\\\/\\\/schema.org\",\"@graph\":[{\"@type\":\"WebPage\",\"@id\":\"https:\\\/\\\/tiketi.com\\\/en-gb\\\/online-travel-insurance-rwanda\\\/\",\"url\":\"https:\\\/\\\/tiketi.com\\\/en-gb\\\/online-travel-insurance-rwanda\\\/\",\"name\":\"Travel Insurance in Rwanda\",\"isPartOf\":{\"@id\":\"https:\\\/\\\/tiketi.com\\\/#website\"},\"primaryImageOfPage\":{\"@id\":\"https:\\\/\\\/tiketi.com\\\/en-gb\\\/online-travel-insurance-rwanda\\\/#primaryimage\"},\"image\":{\"@id\":\"https:\\\/\\\/tiketi.com\\\/en-gb\\\/online-travel-insurance-rwanda\\\/#primaryimage\"},\"thumbnailUrl\":\"https:\\\/\\\/tiketi.com\\\/wp-content\\\/uploads\\\/2019\\\/05\\\/travel-insurance-world-map-.jpg\",\"datePublished\":\"2022-01-19T11:54:21+00:00\",\"dateModified\":\"2022-02-23T09:42:20+00:00\",\"description\":\"Looking for online travel insurance in Rwanda? Book cheap travel insurance for Rwanda residents and visitors to Rwanda online now\",\"breadcrumb\":{\"@id\":\"https:\\\/\\\/tiketi.com\\\/en-gb\\\/online-travel-insurance-rwanda\\\/#breadcrumb\"},\"inLanguage\":\"fr-FR\",\"potentialAction\":[{\"@type\":\"ReadAction\",\"target\":[\"https:\\\/\\\/tiketi.com\\\/en-gb\\\/online-travel-insurance-rwanda\\\/\"]}]},{\"@type\":\"ImageObject\",\"inLanguage\":\"fr-FR\",\"@id\":\"https:\\\/\\\/tiketi.com\\\/en-gb\\\/online-travel-insurance-rwanda\\\/#primaryimage\",\"url\":\"https:\\\/\\\/tiketi.com\\\/wp-content\\\/uploads\\\/2019\\\/05\\\/travel-insurance-world-map-.jpg\",\"contentUrl\":\"https:\\\/\\\/tiketi.com\\\/wp-content\\\/uploads\\\/2019\\\/05\\\/travel-insurance-world-map-.jpg\",\"width\":1200,\"height\":200,\"caption\":\"Travel Insurance\"},{\"@type\":\"BreadcrumbList\",\"@id\":\"https:\\\/\\\/tiketi.com\\\/en-gb\\\/online-travel-insurance-rwanda\\\/#breadcrumb\",\"itemListElement\":[{\"@type\":\"ListItem\",\"position\":1,\"name\":\"Home\",\"item\":\"https:\\\/\\\/tiketi.com\\\/\"},{\"@type\":\"ListItem\",\"position\":2,\"name\":\"Travel Insurance in Rwanda\"}]},{\"@type\":\"WebSite\",\"@id\":\"https:\\\/\\\/tiketi.com\\\/#website\",\"url\":\"https:\\\/\\\/tiketi.com\\\/\",\"name\":\"Flight & Bus Tickets, Tour Packages & Activitites - Tiketi.com\",\"description\":\"Flight &amp; Bus Tickets, Tours, Activitites\",\"publisher\":{\"@id\":\"https:\\\/\\\/tiketi.com\\\/#organization\"},\"potentialAction\":[{\"@type\":\"SearchAction\",\"target\":{\"@type\":\"EntryPoint\",\"urlTemplate\":\"https:\\\/\\\/tiketi.com\\\/?s={search_term_string}\"},\"query-input\":{\"@type\":\"PropertyValueSpecification\",\"valueRequired\":true,\"valueName\":\"search_term_string\"}}],\"inLanguage\":\"fr-FR\"},{\"@type\":\"Organization\",\"@id\":\"https:\\\/\\\/tiketi.com\\\/#organization\",\"name\":\"Tiketi.com\",\"alternateName\":\"Tiketi\",\"url\":\"https:\\\/\\\/tiketi.com\\\/\",\"logo\":{\"@type\":\"ImageObject\",\"inLanguage\":\"fr-FR\",\"@id\":\"https:\\\/\\\/tiketi.com\\\/#\\\/schema\\\/logo\\\/image\\\/\",\"url\":\"https:\\\/\\\/tiketi.com\\\/wp-content\\\/uploads\\\/2019\\\/05\\\/tiketi-logo-696.png\",\"contentUrl\":\"https:\\\/\\\/tiketi.com\\\/wp-content\\\/uploads\\\/2019\\\/05\\\/tiketi-logo-696.png\",\"width\":696,\"height\":696,\"caption\":\"Tiketi.com\"},\"image\":{\"@id\":\"https:\\\/\\\/tiketi.com\\\/#\\\/schema\\\/logo\\\/image\\\/\"},\"sameAs\":[\"https:\\\/\\\/www.facebook.com\\\/TiketiCom\\\/\"]}]}<\/script>\n<!-- \/ Yoast SEO plugin. -->","yoast_head_json":{"title":"Assurance voyage au Rwanda","description":"Vous recherchez une assurance voyage en ligne au Rwanda ? R\u00e9servez d\u00e8s maintenant en ligne une assurance voyage bon march\u00e9 pour les r\u00e9sidents du Rwanda et les visiteurs du Rwanda","robots":{"index":"index","follow":"follow","max-snippet":"max-snippet:-1","max-image-preview":"max-image-preview:large","max-video-preview":"max-video-preview:-1"},"canonical":"https:\/\/tiketi.com\/fr-fr\/online-travel-insurance-rwanda\/","og_locale":"fr_FR","og_type":"article","og_title":"Travel Insurance in Rwanda","og_description":"Looking for online travel insurance in Rwanda? Book cheap travel insurance for Rwanda residents and visitors to Rwanda online now","og_url":"https:\/\/tiketi.com\/fr-fr\/online-travel-insurance-rwanda\/","og_site_name":"Tiketi.com","article_publisher":"https:\/\/www.facebook.com\/TiketiCom\/","article_modified_time":"2022-02-23T09:42:20+00:00","og_image":[{"width":1200,"height":200,"url":"https:\/\/tiketi.com\/wp-content\/uploads\/2019\/05\/travel-insurance-world-map-.jpg","type":"image\/jpeg"}],"twitter_card":"summary_large_image","twitter_misc":{"Dur\u00e9e de lecture estim\u00e9e":"3 minutes"},"schema":{"@context":"https:\/\/schema.org","@graph":[{"@type":"WebPage","@id":"https:\/\/tiketi.com\/en-gb\/online-travel-insurance-rwanda\/","url":"https:\/\/tiketi.com\/en-gb\/online-travel-insurance-rwanda\/","name":"Assurance voyage au Rwanda","isPartOf":{"@id":"https:\/\/tiketi.com\/#website"},"primaryImageOfPage":{"@id":"https:\/\/tiketi.com\/en-gb\/online-travel-insurance-rwanda\/#primaryimage"},"image":{"@id":"https:\/\/tiketi.com\/en-gb\/online-travel-insurance-rwanda\/#primaryimage"},"thumbnailUrl":"https:\/\/tiketi.com\/wp-content\/uploads\/2019\/05\/travel-insurance-world-map-.jpg","datePublished":"2022-01-19T11:54:21+00:00","dateModified":"2022-02-23T09:42:20+00:00","description":"Vous recherchez une assurance voyage en ligne au Rwanda ? R\u00e9servez d\u00e8s maintenant en ligne une assurance voyage bon march\u00e9 pour les r\u00e9sidents du Rwanda et les visiteurs du Rwanda","breadcrumb":{"@id":"https:\/\/tiketi.com\/en-gb\/online-travel-insurance-rwanda\/#breadcrumb"},"inLanguage":"fr-FR","potentialAction":[{"@type":"ReadAction","target":["https:\/\/tiketi.com\/en-gb\/online-travel-insurance-rwanda\/"]}]},{"@type":"ImageObject","inLanguage":"fr-FR","@id":"https:\/\/tiketi.com\/en-gb\/online-travel-insurance-rwanda\/#primaryimage","url":"https:\/\/tiketi.com\/wp-content\/uploads\/2019\/05\/travel-insurance-world-map-.jpg","contentUrl":"https:\/\/tiketi.com\/wp-content\/uploads\/2019\/05\/travel-insurance-world-map-.jpg","width":1200,"height":200,"caption":"Travel Insurance"},{"@type":"BreadcrumbList","@id":"https:\/\/tiketi.com\/en-gb\/online-travel-insurance-rwanda\/#breadcrumb","itemListElement":[{"@type":"ListItem","position":1,"name":"Home","item":"https:\/\/tiketi.com\/"},{"@type":"ListItem","position":2,"name":"Travel Insurance in Rwanda"}]},{"@type":"WebSite","@id":"https:\/\/tiketi.com\/#website","url":"https:\/\/tiketi.com\/","name":"Billets d&#039;avion et de bus, forfaits touristiques et activit\u00e9s - Tiketi.com","description":"Billets d&#039;avion et de bus, Tours, Activit\u00e9s","publisher":{"@id":"https:\/\/tiketi.com\/#organization"},"potentialAction":[{"@type":"SearchAction","target":{"@type":"EntryPoint","urlTemplate":"https:\/\/tiketi.com\/?s={search_term_string}"},"query-input":{"@type":"PropertyValueSpecification","valueRequired":true,"valueName":"search_term_string"}}],"inLanguage":"fr-FR"},{"@type":"Organization","@id":"https:\/\/tiketi.com\/#organization","name":"Tiketi.com","alternateName":"Tiketi","url":"https:\/\/tiketi.com\/","logo":{"@type":"ImageObject","inLanguage":"fr-FR","@id":"https:\/\/tiketi.com\/#\/schema\/logo\/image\/","url":"https:\/\/tiketi.com\/wp-content\/uploads\/2019\/05\/tiketi-logo-696.png","contentUrl":"https:\/\/tiketi.com\/wp-content\/uploads\/2019\/05\/tiketi-logo-696.png","width":696,"height":696,"caption":"Tiketi.com"},"image":{"@id":"https:\/\/tiketi.com\/#\/schema\/logo\/image\/"},"sameAs":["https:\/\/www.facebook.com\/TiketiCom\/"]}]}},"_links":{"self":[{"href":"https:\/\/tiketi.com\/fr-fr\/wp-json\/wp\/v2\/pages\/11196","targetHints":{"allow":["GET"]}}],"collection":[{"href":"https:\/\/tiketi.com\/fr-fr\/wp-json\/wp\/v2\/pages"}],"about":[{"href":"https:\/\/tiketi.com\/fr-fr\/wp-json\/wp\/v2\/types\/page"}],"author":[{"embeddable":true,"href":"https:\/\/tiketi.com\/fr-fr\/wp-json\/wp\/v2\/users\/1"}],"replies":[{"embeddable":true,"href":"https:\/\/tiketi.com\/fr-fr\/wp-json\/wp\/v2\/comments?post=11196"}],"version-history":[{"count":0,"href":"https:\/\/tiketi.com\/fr-fr\/wp-json\/wp\/v2\/pages\/11196\/revisions"}],"wp:featuredmedia":[{"embeddable":true,"href":"https:\/\/tiketi.com\/fr-fr\/wp-json\/wp\/v2\/media\/21535"}],"wp:attachment":[{"href":"https:\/\/tiketi.com\/fr-fr\/wp-json\/wp\/v2\/media?parent=11196"}],"curies":[{"name":"wp","href":"https:\/\/api.w.org\/{rel}","templated":true}]}}