{"id":11199,"date":"2022-01-19T12:54:21","date_gmt":"2022-01-19T11:54:21","guid":{"rendered":"https:\/\/new.tiketi.com\/travel-insurance-morocco\/"},"modified":"2022-02-23T10:25:16","modified_gmt":"2022-02-23T09:25:16","slug":"online-travel-insurance-morocco","status":"publish","type":"page","link":"https:\/\/tiketi.com\/fr-fr\/online-travel-insurance-morocco\/","title":{"rendered":"Assurance voyage au Maroc"},"content":{"rendered":"<h2>Assurance voyage pas ch\u00e8re au Maroc<\/h2>\n<h3>Comparez et r\u00e9servez en ligne votre assurance voyage pas ch\u00e8re pour les r\u00e9sidents du Maroc et les visiteurs au Maroc <a href=\"https:\/\/tiketi.com\/fr-fr\/contact-us\/\" target=\"_blank\" rel=\"noopener\">maintenant &gt;&gt;<\/a><\/h3>\n<p>La r\u00e9servation en ligne d&#039;assurance voyage au Maroc est simplifi\u00e9e. En tant que porte d&#039;entr\u00e9e entre l&#039;Afrique et l&#039;Europe, le Maroc poss\u00e8de une culture dynamique et vibrante qui attire les touristes pour de longues vacances, des escapades en ville et m\u00eame des excursions d&#039;une journ\u00e9e depuis le sud de l&#039;Espagne. Quelle que soit celle dans laquelle vous vous \u00eates r\u00e9serv\u00e9, assurez-vous d&#039;avoir la meilleure assurance voyage pour les r\u00e9sidents du Maroc et les visiteurs au Maroc voyageant dans leur propre pays ou \u00e0 l&#039;\u00e9tranger et les visiteurs au Maroc.<\/p>\n<h2>FAQ sur l\u2019assurance voyage en ligne au Maroc<\/h2>\n<h3>Ai-je besoin d\u2019une assurance voyage pour le Maroc ?<\/h3>\n<p>Si vous avez besoin d&#039;un visa pour le Maroc, une assurance voyage pour le Maroc est souvent obligatoire lors de la demande de visa. Vous devrez souscrire une assurance voyage Maroc en ligne et en pr\u00e9senter la preuve avec vos documents de demande de visa.<\/p>\n<p>Quoi qu\u2019il en soit, le probl\u00e8me avec les demandes de visa, c\u2019est que les besoins changent g\u00e9n\u00e9ralement d\u2019un pays \u00e0 l\u2019autre, m\u00eame si vous demandez le m\u00eame type de visa. Ainsi, les consulats ou les ambassades vous demanderont de consulter l\u2019assurance voyage couvrant le Maroc d\u00e9livrant votre visa, alors que d\u2019autres ne le pourront pas.<\/p>\n<p>De plus, si vous n&#039;avez pas besoin de visa pour entrer au Maroc (par exemple si vous venez du Royaume-Uni, des \u00c9tats-Unis ou de l&#039;UE), personne ne vous demandera probablement si vous disposez d&#039;une assurance voyage pour les r\u00e9sidents marocains.<\/p>\n<h3>Que doit inclure l\u2019assurance voyage pour les r\u00e9sidents marocains et les visiteurs au Maroc ?<\/h3>\n<p>L\u2019assurance voyage pour les r\u00e9sidents marocains et les visiteurs au Maroc voyageant au Maroc ou \u00e0 l\u2019\u00e9tranger doit prot\u00e9ger au moins les points communs :<\/p>\n<p>\u2022 Couverture interruption de voyage : Il est essentiel d&#039;avoir une couverture pour les perturbations de voyage, telles que retard, annulation ou vols manqu\u00e9s, si elles ne sont pas remboursables.<\/p>\n<p>\u2022 Urgences m\u00e9dicales\u00a0: vous devriez b\u00e9n\u00e9ficier d&#039;une couverture pour les services d&#039;urgence tels que les visites chez le m\u00e9decin, les ambulances, les proc\u00e9dures m\u00e9dicales d&#039;urgence et l&#039;hospitalisation.<\/p>\n<p>\u2022 Couverture pour dommages, perte ou vol de bagages<\/p>\n<p>\u2022 Couverture pour rapatriement ou \u00e9vacuation d&#039;urgence. Si vous devez \u00eatre rapatri\u00e9 par avion vers votre pays d\u2019origine en cas d\u2019urgence, la couverture rapatriement couvrira les frais.<\/p>\n<h3>Les soins de sant\u00e9 au Maroc sont-ils chers ?<\/h3>\n<p>Les co\u00fbts des soins de sant\u00e9 publics au Maroc ne sont pas \u00e9lev\u00e9s par rapport aux normes occidentales. Quoi qu\u2019il en soit, si vous allez dans un \u00e9tablissement m\u00e9dical priv\u00e9, c\u2019est une autre affaire.<\/p>\n<h3>Qu&#039;est-ce qui ne serait pas couvert par l&#039;assurance voyage au Maroc ?<\/h3>\n<p>Certaines polices d&#039;assurance voyage au Maroc peuvent ne pas vous couvrir en cas de blessures ou d&#039;accidents que vous subissez lors d&#039;activit\u00e9s comme le snowboard et le ski, ou m\u00eame en jouant ou en marchant autour d&#039;un ballon de football sur la plage. Si vous pr\u00e9voyez de pratiquer des activit\u00e9s physiques lors de votre escapade marocaine, v\u00e9rifiez d&#039;abord qu&#039;elles sont ajout\u00e9es.<\/p>\n<p>Si vous avez un probl\u00e8me de sant\u00e9 pr\u00e9existant ou si vous en avez eu un dans le pass\u00e9 pour lequel vous avez re\u00e7u des conseils ou un traitement, une prime plus \u00e9lev\u00e9e peut vous \u00eatre factur\u00e9e. Si tel est le cas, il peut \u00eatre utile de souscrire une police unique pour les situations pr\u00e9existantes.<\/p>","protected":false},"excerpt":{"rendered":"<p>Cheap Morocco Travel Insurance Compare and book your cheap travel insurance for Morocco residents and visitors to Morocco online now &gt;&gt; Travel insurance in Morocco online booking made easy. As the gateway between Africa and Europe, Morocco boasts a dynamic and vibrant culture that pulls tourists for long holidays, city breaks and even day-tours from [&hellip;]<\/p>\n","protected":false},"author":1,"featured_media":21535,"parent":0,"menu_order":0,"comment_status":"open","ping_status":"closed","template":"template-home-modern.php","meta":{"footnotes":""},"class_list":["post-11199","page","type-page","status-publish","has-post-thumbnail","hentry"],"yoast_head":"<!-- This site is optimized with the Yoast SEO plugin v27.2 - https:\/\/yoast.com\/product\/yoast-seo-wordpress\/ -->\n<title>Travel Insurance in Morocco<\/title>\n<meta name=\"description\" content=\"Looking for online travel insurance in Morocco? Book cheap travel insurance for Morocco residents and visitors to Morocco online now\" \/>\n<meta name=\"robots\" content=\"index, follow, max-snippet:-1, max-image-preview:large, max-video-preview:-1\" \/>\n<link rel=\"canonical\" href=\"https:\/\/tiketi.com\/fr-fr\/online-travel-insurance-morocco\/\" \/>\n<meta property=\"og:locale\" content=\"fr_FR\" \/>\n<meta property=\"og:type\" content=\"article\" \/>\n<meta property=\"og:title\" content=\"Travel Insurance in Morocco\" \/>\n<meta property=\"og:description\" content=\"Looking for online travel insurance in Morocco? Book cheap travel insurance for Morocco residents and visitors to Morocco online now\" \/>\n<meta property=\"og:url\" content=\"https:\/\/tiketi.com\/fr-fr\/online-travel-insurance-morocco\/\" \/>\n<meta property=\"og:site_name\" content=\"Tiketi.com\" \/>\n<meta property=\"article:publisher\" content=\"https:\/\/www.facebook.com\/TiketiCom\/\" \/>\n<meta property=\"article:modified_time\" content=\"2022-02-23T09:25:16+00:00\" \/>\n<meta property=\"og:image\" content=\"https:\/\/tiketi.com\/wp-content\/uploads\/2019\/05\/travel-insurance-world-map-.jpg\" \/>\n\t<meta property=\"og:image:width\" content=\"1200\" \/>\n\t<meta property=\"og:image:height\" content=\"200\" \/>\n\t<meta property=\"og:image:type\" content=\"image\/jpeg\" \/>\n<meta name=\"twitter:card\" content=\"summary_large_image\" \/>\n<meta name=\"twitter:label1\" content=\"Dur\u00e9e de lecture estim\u00e9e\" \/>\n\t<meta name=\"twitter:data1\" content=\"3 minutes\" \/>\n<script type=\"application\/ld+json\" class=\"yoast-schema-graph\">{\"@context\":\"https:\/\/schema.org\",\"@graph\":[{\"@type\":\"WebPage\",\"@id\":\"https:\/\/tiketi.com\/online-travel-insurance-morocco\/\",\"url\":\"https:\/\/tiketi.com\/online-travel-insurance-morocco\/\",\"name\":\"Travel Insurance in Morocco\",\"isPartOf\":{\"@id\":\"https:\/\/tiketi.com\/#website\"},\"primaryImageOfPage\":{\"@id\":\"https:\/\/tiketi.com\/online-travel-insurance-morocco\/#primaryimage\"},\"image\":{\"@id\":\"https:\/\/tiketi.com\/online-travel-insurance-morocco\/#primaryimage\"},\"thumbnailUrl\":\"https:\/\/tiketi.com\/wp-content\/uploads\/2019\/05\/travel-insurance-world-map-.jpg\",\"datePublished\":\"2022-01-19T11:54:21+00:00\",\"dateModified\":\"2022-02-23T09:25:16+00:00\",\"description\":\"Looking for online travel insurance in Morocco? Book cheap travel insurance for Morocco residents and visitors to Morocco online now\",\"breadcrumb\":{\"@id\":\"https:\/\/tiketi.com\/online-travel-insurance-morocco\/#breadcrumb\"},\"inLanguage\":\"fr-FR\",\"potentialAction\":[{\"@type\":\"ReadAction\",\"target\":[\"https:\/\/tiketi.com\/online-travel-insurance-morocco\/\"]}]},{\"@type\":\"ImageObject\",\"inLanguage\":\"fr-FR\",\"@id\":\"https:\/\/tiketi.com\/online-travel-insurance-morocco\/#primaryimage\",\"url\":\"https:\/\/tiketi.com\/wp-content\/uploads\/2019\/05\/travel-insurance-world-map-.jpg\",\"contentUrl\":\"https:\/\/tiketi.com\/wp-content\/uploads\/2019\/05\/travel-insurance-world-map-.jpg\",\"width\":1200,\"height\":200,\"caption\":\"Travel Insurance\"},{\"@type\":\"BreadcrumbList\",\"@id\":\"https:\/\/tiketi.com\/online-travel-insurance-morocco\/#breadcrumb\",\"itemListElement\":[{\"@type\":\"ListItem\",\"position\":1,\"name\":\"Home\",\"item\":\"https:\/\/tiketi.com\/\"},{\"@type\":\"ListItem\",\"position\":2,\"name\":\"Travel Insurance in Morocco\"}]},{\"@type\":\"WebSite\",\"@id\":\"https:\/\/tiketi.com\/#website\",\"url\":\"https:\/\/tiketi.com\/\",\"name\":\"Flight & Bus Tickets, Tour Packages & Activitites - Tiketi.com\",\"description\":\"Flight &amp; Bus Tickets, Tours, Activitites\",\"publisher\":{\"@id\":\"https:\/\/tiketi.com\/#organization\"},\"potentialAction\":[{\"@type\":\"SearchAction\",\"target\":{\"@type\":\"EntryPoint\",\"urlTemplate\":\"https:\/\/tiketi.com\/?s={search_term_string}\"},\"query-input\":{\"@type\":\"PropertyValueSpecification\",\"valueRequired\":true,\"valueName\":\"search_term_string\"}}],\"inLanguage\":\"fr-FR\"},{\"@type\":\"Organization\",\"@id\":\"https:\/\/tiketi.com\/#organization\",\"name\":\"Tiketi.com\",\"alternateName\":\"Tiketi\",\"url\":\"https:\/\/tiketi.com\/\",\"logo\":{\"@type\":\"ImageObject\",\"inLanguage\":\"fr-FR\",\"@id\":\"https:\/\/tiketi.com\/#\/schema\/logo\/image\/\",\"url\":\"https:\/\/tiketi.com\/wp-content\/uploads\/2019\/05\/tiketi-logo-696.png\",\"contentUrl\":\"https:\/\/tiketi.com\/wp-content\/uploads\/2019\/05\/tiketi-logo-696.png\",\"width\":696,\"height\":696,\"caption\":\"Tiketi.com\"},\"image\":{\"@id\":\"https:\/\/tiketi.com\/#\/schema\/logo\/image\/\"},\"sameAs\":[\"https:\/\/www.facebook.com\/TiketiCom\/\"]}]}<\/script>\n<!-- \/ Yoast SEO plugin. -->","yoast_head_json":{"title":"Assurance voyage au Maroc","description":"Vous recherchez une assurance voyage en ligne au Maroc ? R\u00e9servez d\u00e8s maintenant en ligne une assurance voyage bon march\u00e9 pour les r\u00e9sidents du Maroc et les visiteurs au Maroc","robots":{"index":"index","follow":"follow","max-snippet":"max-snippet:-1","max-image-preview":"max-image-preview:large","max-video-preview":"max-video-preview:-1"},"canonical":"https:\/\/tiketi.com\/fr-fr\/online-travel-insurance-morocco\/","og_locale":"fr_FR","og_type":"article","og_title":"Travel Insurance in Morocco","og_description":"Looking for online travel insurance in Morocco? Book cheap travel insurance for Morocco residents and visitors to Morocco online now","og_url":"https:\/\/tiketi.com\/fr-fr\/online-travel-insurance-morocco\/","og_site_name":"Tiketi.com","article_publisher":"https:\/\/www.facebook.com\/TiketiCom\/","article_modified_time":"2022-02-23T09:25:16+00:00","og_image":[{"width":1200,"height":200,"url":"https:\/\/tiketi.com\/wp-content\/uploads\/2019\/05\/travel-insurance-world-map-.jpg","type":"image\/jpeg"}],"twitter_card":"summary_large_image","twitter_misc":{"Dur\u00e9e de lecture estim\u00e9e":"3 minutes"},"schema":{"@context":"https:\/\/schema.org","@graph":[{"@type":"WebPage","@id":"https:\/\/tiketi.com\/online-travel-insurance-morocco\/","url":"https:\/\/tiketi.com\/online-travel-insurance-morocco\/","name":"Assurance voyage au Maroc","isPartOf":{"@id":"https:\/\/tiketi.com\/#website"},"primaryImageOfPage":{"@id":"https:\/\/tiketi.com\/online-travel-insurance-morocco\/#primaryimage"},"image":{"@id":"https:\/\/tiketi.com\/online-travel-insurance-morocco\/#primaryimage"},"thumbnailUrl":"https:\/\/tiketi.com\/wp-content\/uploads\/2019\/05\/travel-insurance-world-map-.jpg","datePublished":"2022-01-19T11:54:21+00:00","dateModified":"2022-02-23T09:25:16+00:00","description":"Vous recherchez une assurance voyage en ligne au Maroc ? R\u00e9servez d\u00e8s maintenant en ligne une assurance voyage bon march\u00e9 pour les r\u00e9sidents du Maroc et les visiteurs au Maroc","breadcrumb":{"@id":"https:\/\/tiketi.com\/online-travel-insurance-morocco\/#breadcrumb"},"inLanguage":"fr-FR","potentialAction":[{"@type":"ReadAction","target":["https:\/\/tiketi.com\/online-travel-insurance-morocco\/"]}]},{"@type":"ImageObject","inLanguage":"fr-FR","@id":"https:\/\/tiketi.com\/online-travel-insurance-morocco\/#primaryimage","url":"https:\/\/tiketi.com\/wp-content\/uploads\/2019\/05\/travel-insurance-world-map-.jpg","contentUrl":"https:\/\/tiketi.com\/wp-content\/uploads\/2019\/05\/travel-insurance-world-map-.jpg","width":1200,"height":200,"caption":"Travel Insurance"},{"@type":"BreadcrumbList","@id":"https:\/\/tiketi.com\/online-travel-insurance-morocco\/#breadcrumb","itemListElement":[{"@type":"ListItem","position":1,"name":"Home","item":"https:\/\/tiketi.com\/"},{"@type":"ListItem","position":2,"name":"Travel Insurance in Morocco"}]},{"@type":"WebSite","@id":"https:\/\/tiketi.com\/#website","url":"https:\/\/tiketi.com\/","name":"Billets d&#039;avion et de bus, forfaits touristiques et activit\u00e9s - Tiketi.com","description":"Billets d&#039;avion et de bus, Tours, Activit\u00e9s","publisher":{"@id":"https:\/\/tiketi.com\/#organization"},"potentialAction":[{"@type":"SearchAction","target":{"@type":"EntryPoint","urlTemplate":"https:\/\/tiketi.com\/?s={search_term_string}"},"query-input":{"@type":"PropertyValueSpecification","valueRequired":true,"valueName":"search_term_string"}}],"inLanguage":"fr-FR"},{"@type":"Organization","@id":"https:\/\/tiketi.com\/#organization","name":"Tiketi.com","alternateName":"Tiketi","url":"https:\/\/tiketi.com\/","logo":{"@type":"ImageObject","inLanguage":"fr-FR","@id":"https:\/\/tiketi.com\/#\/schema\/logo\/image\/","url":"https:\/\/tiketi.com\/wp-content\/uploads\/2019\/05\/tiketi-logo-696.png","contentUrl":"https:\/\/tiketi.com\/wp-content\/uploads\/2019\/05\/tiketi-logo-696.png","width":696,"height":696,"caption":"Tiketi.com"},"image":{"@id":"https:\/\/tiketi.com\/#\/schema\/logo\/image\/"},"sameAs":["https:\/\/www.facebook.com\/TiketiCom\/"]}]}},"_links":{"self":[{"href":"https:\/\/tiketi.com\/fr-fr\/wp-json\/wp\/v2\/pages\/11199","targetHints":{"allow":["GET"]}}],"collection":[{"href":"https:\/\/tiketi.com\/fr-fr\/wp-json\/wp\/v2\/pages"}],"about":[{"href":"https:\/\/tiketi.com\/fr-fr\/wp-json\/wp\/v2\/types\/page"}],"author":[{"embeddable":true,"href":"https:\/\/tiketi.com\/fr-fr\/wp-json\/wp\/v2\/users\/1"}],"replies":[{"embeddable":true,"href":"https:\/\/tiketi.com\/fr-fr\/wp-json\/wp\/v2\/comments?post=11199"}],"version-history":[{"count":0,"href":"https:\/\/tiketi.com\/fr-fr\/wp-json\/wp\/v2\/pages\/11199\/revisions"}],"wp:featuredmedia":[{"embeddable":true,"href":"https:\/\/tiketi.com\/fr-fr\/wp-json\/wp\/v2\/media\/21535"}],"wp:attachment":[{"href":"https:\/\/tiketi.com\/fr-fr\/wp-json\/wp\/v2\/media?parent=11199"}],"curies":[{"name":"wp","href":"https:\/\/api.w.org\/{rel}","templated":true}]}}