{"id":11200,"date":"2022-01-19T12:54:21","date_gmt":"2022-01-19T11:54:21","guid":{"rendered":"https:\/\/new.tiketi.com\/travel-insurance-mauritius\/"},"modified":"2022-02-23T10:18:46","modified_gmt":"2022-02-23T09:18:46","slug":"online-travel-insurance-mauritius","status":"publish","type":"page","link":"https:\/\/tiketi.com\/fr-fr\/online-travel-insurance-mauritius\/","title":{"rendered":"Assurance voyage \u00e0 l&#039;Ile Maurice"},"content":{"rendered":"<h2>Assurance voyage Ile Maurice pas ch\u00e8re<\/h2>\n<h3>Comparez et r\u00e9servez en ligne votre assurance voyage pas ch\u00e8re pour les r\u00e9sidents mauriciens et les visiteurs de l&#039;\u00eele Maurice <a href=\"https:\/\/tiketi.com\/fr-fr\/contact-us\/\" target=\"_blank\" rel=\"noopener\">maintenant &gt;&gt;<\/a><\/h3>\n<p>Une assurance voyage pas ch\u00e8re \u00e0 l&#039;\u00eele Maurice, la r\u00e9servation en ligne simplifi\u00e9e. Vous partez en vacances \u00e0 l&#039;\u00eele Maurice ou vous \u00eates un r\u00e9sident voyageant dans votre pays ou \u00e0 l&#039;\u00e9tranger ? Que vous soyez en voyage d&#039;affaires \u00e0 Duba\u00ef ou \u00e0 Port Louis, que vous d\u00e9couvriez la vie nocturne dynamique de Vacoas-Ph\u0153nix ou que vous envisagiez de visiter des lieux historiques \u00e0 Mah\u00e9bourg. L&#039;assurance voyage pour les r\u00e9sidents mauriciens et les visiteurs de l&#039;\u00eele Maurice couvre tous vos besoins. O\u00f9 que vous alliez \u00e0 Maurice ou dans d&#039;autres pays \u00e9trangers, assurez-vous que votre voyage est couvert par la meilleure assurance voyage. La police mauricienne est aussi vitale que le voyage lui-m\u00eame. R\u00e9servez en ligne votre assurance voyage Ile Maurice pas ch\u00e8re et gagnez du temps et de l&#039;argent.<\/p>\n<p>Une assurance voyage couvrant la perte, le vol et les probl\u00e8mes m\u00e9dicaux de Maurice est une meilleure id\u00e9e. Certaines polices excluent principalement les activit\u00e9s dangereuses, qui peuvent contenir la moto, la plong\u00e9e et m\u00eame la randonn\u00e9e. V\u00e9rifiez toujours les petits caract\u00e8res et assurez-vous que la police couvre les ambulances ou un vol de retour d&#039;urgence.<\/p>\n<h2>FAQ sur l&#039;assurance voyage pas ch\u00e8re \u00e0 l&#039;\u00eele Maurice<\/h2>\n<h3>Que couvre l&#039;assurance voyage pour les r\u00e9sidents mauriciens et les visiteurs de l&#039;\u00eele Maurice en ligne ?<\/h3>\n<h3>Frais m\u00e9dicaux \u00e9lev\u00e9s<\/h3>\n<p>Si vous achetez une meilleure police d&#039;assurance voyage \u00e0 Maurice, c&#039;est pour une seule raison! Tomber malade ou \u00eatre bless\u00e9 lors d&#039;un voyage \u00e0 l&#039;\u00e9tranger peut co\u00fbter tr\u00e8s cher. Les frais hospitaliers journaliers \u00e0 l&#039;Ile Maurice peuvent \u00eatre tr\u00e8s \u00e9lev\u00e9s, tandis que le transport d&#039;urgence \u00e0 domicile peut tout simplement d\u00e9passer $100 000.<\/p>\n<h3>Vos affaires sont vitales<\/h3>\n<p>Le vol, la perte ou l&#039;endommagement de vos bagages et de vos biens peut \u00eatre une exp\u00e9rience g\u00e9n\u00e9rale, mais d\u00e9chirante. Si vos effets personnels disparaissent pendant les vacances \u00e0 l&#039;\u00eele Maurice, votre police paiera pour les changer ou les r\u00e9parer.<\/p>\n<h3>Les catastrophes peuvent frapper<\/h3>\n<p>Les catastrophes peuvent frapper n&#039;importe o\u00f9 sur la plan\u00e8te et \u00e0 tout moment. L&#039;assurance voyage Maurice en ligne vous couvre pour les d\u00e9p\u00f4ts perdus et les arrangements de voyage pr\u00e9pay\u00e9s pour des circonstances impr\u00e9vues comme des conditions m\u00e9t\u00e9orologiques extr\u00eames, une maladie dans le monde entier ou des accidents.<\/p>\n<h3>Les gens sont poursuivis<\/h3>\n<p>Imaginez que vous \u00eates impliqu\u00e9 dans un accident \u00e0 l&#039;\u00e9tranger ou que vous causez de graves dommages. Ayez l&#039;esprit tranquille car votre assurance voyage en ligne pour l&#039;\u00eele Maurice vous couvrira en cas de responsabilit\u00e9 civile - g\u00e9n\u00e9ralement jusqu&#039;\u00e0 au moins 1 million.<\/p>\n<h3>Combien co\u00fbte une assurance voyage pour les r\u00e9sidents mauriciens et les visiteurs \u00e0 Maurice ?<\/h3>\n<p>Le co\u00fbt d&#039;une assurance voyage d\u00e9pendra en grande partie de l&#039;endroit o\u00f9 vous allez, de la dur\u00e9e de votre voyage et de votre \u00e2ge. Le prix peut \u00e9galement augmenter si vous faites une croisi\u00e8re, si vous avez des articles de grande valeur ou si vous faites des activit\u00e9s pleines d&#039;action pour lesquelles vous avez besoin d&#039;une couverture suppl\u00e9mentaire. Une maladie pr\u00e9existante que vous d\u00e9clarez et payez pour couvrir peut \u00e9galement augmenter le co\u00fbt de la couverture. Les polices d&#039;assurance voyage pour les r\u00e9sidents de l&#039;\u00eele Maurice se divisent g\u00e9n\u00e9ralement en 3 niveaux diff\u00e9rents\u00a0; en fonction de votre voyage et du niveau de couverture que vous choisissez d\u00e9terminera \u00e9galement le prix de votre prime.<\/p>\n<h3>Pourquoi devrais-je comparer une assurance voyage \u00e0 l&#039;\u00eele Maurice ?<\/h3>\n<p>Bref, pour garder du temps, des soucis et beaucoup d&#039;argent. Vous pouvez passer votre temps \u00e0 visiter chaque lieu d&#039;assurance individuellement, ou vous pouvez utiliser un site Web de comparaison pour comparer les prix et les sp\u00e9cifications en un seul endroit pratique.<\/p>","protected":false},"excerpt":{"rendered":"<p>Cheap Mauritius Travel Insurance Compare and book your cheap travel insurance for Mauritius residents and visitors to Mauritius online now &gt;&gt; Cheap travel insurance in Mauritius online booking made easy. Going on holidays to Mauritius or your are a resident travelling in your country or overseas? Whether you are going on business to Dubai or [&hellip;]<\/p>\n","protected":false},"author":1,"featured_media":21535,"parent":0,"menu_order":0,"comment_status":"open","ping_status":"closed","template":"template-home-modern.php","meta":{"footnotes":""},"class_list":["post-11200","page","type-page","status-publish","has-post-thumbnail","hentry"],"yoast_head":"<!-- This site is optimized with the Yoast SEO plugin v27.2 - https:\/\/yoast.com\/product\/yoast-seo-wordpress\/ -->\n<title>Travel Insurance Mauritius<\/title>\n<meta name=\"description\" content=\"Looking for online travel insurance in Mauritius? Compare and book cheap travel insurance for Mauritius residents and visitors to Mauritius online\" \/>\n<meta name=\"robots\" content=\"index, follow, max-snippet:-1, max-image-preview:large, max-video-preview:-1\" \/>\n<link rel=\"canonical\" href=\"https:\/\/tiketi.com\/fr-fr\/online-travel-insurance-mauritius\/\" \/>\n<meta property=\"og:locale\" content=\"fr_FR\" \/>\n<meta property=\"og:type\" content=\"article\" \/>\n<meta property=\"og:title\" content=\"Travel Insurance Mauritius\" \/>\n<meta property=\"og:description\" content=\"Looking for online travel insurance in Mauritius? Compare and book cheap travel insurance for Mauritius residents and visitors to Mauritius online\" \/>\n<meta property=\"og:url\" content=\"https:\/\/tiketi.com\/fr-fr\/online-travel-insurance-mauritius\/\" \/>\n<meta property=\"og:site_name\" content=\"Tiketi.com\" \/>\n<meta property=\"article:publisher\" content=\"https:\/\/www.facebook.com\/TiketiCom\/\" \/>\n<meta property=\"article:modified_time\" content=\"2022-02-23T09:18:46+00:00\" \/>\n<meta property=\"og:image\" content=\"https:\/\/tiketi.com\/wp-content\/uploads\/2019\/05\/travel-insurance-world-map-.jpg\" \/>\n\t<meta property=\"og:image:width\" content=\"1200\" \/>\n\t<meta property=\"og:image:height\" content=\"200\" \/>\n\t<meta property=\"og:image:type\" content=\"image\/jpeg\" \/>\n<meta name=\"twitter:card\" content=\"summary_large_image\" \/>\n<meta name=\"twitter:label1\" content=\"Dur\u00e9e de lecture estim\u00e9e\" \/>\n\t<meta name=\"twitter:data1\" content=\"3 minutes\" \/>\n<script type=\"application\/ld+json\" class=\"yoast-schema-graph\">{\"@context\":\"https:\/\/schema.org\",\"@graph\":[{\"@type\":\"WebPage\",\"@id\":\"https:\/\/tiketi.com\/fr-fr\/online-travel-insurance-mauritius\/\",\"url\":\"https:\/\/tiketi.com\/fr-fr\/online-travel-insurance-mauritius\/\",\"name\":\"Travel Insurance Mauritius\",\"isPartOf\":{\"@id\":\"https:\/\/tiketi.com\/#website\"},\"primaryImageOfPage\":{\"@id\":\"https:\/\/tiketi.com\/fr-fr\/online-travel-insurance-mauritius\/#primaryimage\"},\"image\":{\"@id\":\"https:\/\/tiketi.com\/fr-fr\/online-travel-insurance-mauritius\/#primaryimage\"},\"thumbnailUrl\":\"https:\/\/tiketi.com\/wp-content\/uploads\/2019\/05\/travel-insurance-world-map-.jpg\",\"datePublished\":\"2022-01-19T11:54:21+00:00\",\"dateModified\":\"2022-02-23T09:18:46+00:00\",\"description\":\"Looking for online travel insurance in Mauritius? Compare and book cheap travel insurance for Mauritius residents and visitors to Mauritius online\",\"breadcrumb\":{\"@id\":\"https:\/\/tiketi.com\/fr-fr\/online-travel-insurance-mauritius\/#breadcrumb\"},\"inLanguage\":\"fr-FR\",\"potentialAction\":[{\"@type\":\"ReadAction\",\"target\":[\"https:\/\/tiketi.com\/fr-fr\/online-travel-insurance-mauritius\/\"]}]},{\"@type\":\"ImageObject\",\"inLanguage\":\"fr-FR\",\"@id\":\"https:\/\/tiketi.com\/fr-fr\/online-travel-insurance-mauritius\/#primaryimage\",\"url\":\"https:\/\/tiketi.com\/wp-content\/uploads\/2019\/05\/travel-insurance-world-map-.jpg\",\"contentUrl\":\"https:\/\/tiketi.com\/wp-content\/uploads\/2019\/05\/travel-insurance-world-map-.jpg\",\"width\":1200,\"height\":200,\"caption\":\"Travel Insurance\"},{\"@type\":\"BreadcrumbList\",\"@id\":\"https:\/\/tiketi.com\/fr-fr\/online-travel-insurance-mauritius\/#breadcrumb\",\"itemListElement\":[{\"@type\":\"ListItem\",\"position\":1,\"name\":\"Home\",\"item\":\"https:\/\/tiketi.com\/\"},{\"@type\":\"ListItem\",\"position\":2,\"name\":\"Travel Insurance in Mauritius\"}]},{\"@type\":\"WebSite\",\"@id\":\"https:\/\/tiketi.com\/#website\",\"url\":\"https:\/\/tiketi.com\/\",\"name\":\"Flight & Bus Tickets, Tour Packages & Activitites - Tiketi.com\",\"description\":\"Flight &amp; Bus Tickets, Tours, Activitites\",\"publisher\":{\"@id\":\"https:\/\/tiketi.com\/#organization\"},\"potentialAction\":[{\"@type\":\"SearchAction\",\"target\":{\"@type\":\"EntryPoint\",\"urlTemplate\":\"https:\/\/tiketi.com\/?s={search_term_string}\"},\"query-input\":{\"@type\":\"PropertyValueSpecification\",\"valueRequired\":true,\"valueName\":\"search_term_string\"}}],\"inLanguage\":\"fr-FR\"},{\"@type\":\"Organization\",\"@id\":\"https:\/\/tiketi.com\/#organization\",\"name\":\"Tiketi.com\",\"alternateName\":\"Tiketi\",\"url\":\"https:\/\/tiketi.com\/\",\"logo\":{\"@type\":\"ImageObject\",\"inLanguage\":\"fr-FR\",\"@id\":\"https:\/\/tiketi.com\/#\/schema\/logo\/image\/\",\"url\":\"https:\/\/tiketi.com\/wp-content\/uploads\/2019\/05\/tiketi-logo-696.png\",\"contentUrl\":\"https:\/\/tiketi.com\/wp-content\/uploads\/2019\/05\/tiketi-logo-696.png\",\"width\":696,\"height\":696,\"caption\":\"Tiketi.com\"},\"image\":{\"@id\":\"https:\/\/tiketi.com\/#\/schema\/logo\/image\/\"},\"sameAs\":[\"https:\/\/www.facebook.com\/TiketiCom\/\"]}]}<\/script>\n<!-- \/ Yoast SEO plugin. -->","yoast_head_json":{"title":"Assurance voyage Ile Maurice","description":"Vous recherchez une assurance voyage en ligne \u00e0 l&#039;Ile Maurice ? Comparez et r\u00e9servez en ligne une assurance voyage pas ch\u00e8re pour les r\u00e9sidents mauriciens et les visiteurs de l&#039;\u00eele Maurice","robots":{"index":"index","follow":"follow","max-snippet":"max-snippet:-1","max-image-preview":"max-image-preview:large","max-video-preview":"max-video-preview:-1"},"canonical":"https:\/\/tiketi.com\/fr-fr\/online-travel-insurance-mauritius\/","og_locale":"fr_FR","og_type":"article","og_title":"Travel Insurance Mauritius","og_description":"Looking for online travel insurance in Mauritius? Compare and book cheap travel insurance for Mauritius residents and visitors to Mauritius online","og_url":"https:\/\/tiketi.com\/fr-fr\/online-travel-insurance-mauritius\/","og_site_name":"Tiketi.com","article_publisher":"https:\/\/www.facebook.com\/TiketiCom\/","article_modified_time":"2022-02-23T09:18:46+00:00","og_image":[{"width":1200,"height":200,"url":"https:\/\/tiketi.com\/wp-content\/uploads\/2019\/05\/travel-insurance-world-map-.jpg","type":"image\/jpeg"}],"twitter_card":"summary_large_image","twitter_misc":{"Dur\u00e9e de lecture estim\u00e9e":"3 minutes"},"schema":{"@context":"https:\/\/schema.org","@graph":[{"@type":"WebPage","@id":"https:\/\/tiketi.com\/fr-fr\/online-travel-insurance-mauritius\/","url":"https:\/\/tiketi.com\/fr-fr\/online-travel-insurance-mauritius\/","name":"Assurance voyage Ile Maurice","isPartOf":{"@id":"https:\/\/tiketi.com\/#website"},"primaryImageOfPage":{"@id":"https:\/\/tiketi.com\/fr-fr\/online-travel-insurance-mauritius\/#primaryimage"},"image":{"@id":"https:\/\/tiketi.com\/fr-fr\/online-travel-insurance-mauritius\/#primaryimage"},"thumbnailUrl":"https:\/\/tiketi.com\/wp-content\/uploads\/2019\/05\/travel-insurance-world-map-.jpg","datePublished":"2022-01-19T11:54:21+00:00","dateModified":"2022-02-23T09:18:46+00:00","description":"Vous recherchez une assurance voyage en ligne \u00e0 l&#039;Ile Maurice ? Comparez et r\u00e9servez en ligne une assurance voyage pas ch\u00e8re pour les r\u00e9sidents mauriciens et les visiteurs de l&#039;\u00eele Maurice","breadcrumb":{"@id":"https:\/\/tiketi.com\/fr-fr\/online-travel-insurance-mauritius\/#breadcrumb"},"inLanguage":"fr-FR","potentialAction":[{"@type":"ReadAction","target":["https:\/\/tiketi.com\/fr-fr\/online-travel-insurance-mauritius\/"]}]},{"@type":"ImageObject","inLanguage":"fr-FR","@id":"https:\/\/tiketi.com\/fr-fr\/online-travel-insurance-mauritius\/#primaryimage","url":"https:\/\/tiketi.com\/wp-content\/uploads\/2019\/05\/travel-insurance-world-map-.jpg","contentUrl":"https:\/\/tiketi.com\/wp-content\/uploads\/2019\/05\/travel-insurance-world-map-.jpg","width":1200,"height":200,"caption":"Travel Insurance"},{"@type":"BreadcrumbList","@id":"https:\/\/tiketi.com\/fr-fr\/online-travel-insurance-mauritius\/#breadcrumb","itemListElement":[{"@type":"ListItem","position":1,"name":"Home","item":"https:\/\/tiketi.com\/"},{"@type":"ListItem","position":2,"name":"Travel Insurance in Mauritius"}]},{"@type":"WebSite","@id":"https:\/\/tiketi.com\/#website","url":"https:\/\/tiketi.com\/","name":"Billets d&#039;avion et de bus, forfaits touristiques et activit\u00e9s - Tiketi.com","description":"Billets d&#039;avion et de bus, Tours, Activit\u00e9s","publisher":{"@id":"https:\/\/tiketi.com\/#organization"},"potentialAction":[{"@type":"SearchAction","target":{"@type":"EntryPoint","urlTemplate":"https:\/\/tiketi.com\/?s={search_term_string}"},"query-input":{"@type":"PropertyValueSpecification","valueRequired":true,"valueName":"search_term_string"}}],"inLanguage":"fr-FR"},{"@type":"Organization","@id":"https:\/\/tiketi.com\/#organization","name":"Tiketi.com","alternateName":"Tiketi","url":"https:\/\/tiketi.com\/","logo":{"@type":"ImageObject","inLanguage":"fr-FR","@id":"https:\/\/tiketi.com\/#\/schema\/logo\/image\/","url":"https:\/\/tiketi.com\/wp-content\/uploads\/2019\/05\/tiketi-logo-696.png","contentUrl":"https:\/\/tiketi.com\/wp-content\/uploads\/2019\/05\/tiketi-logo-696.png","width":696,"height":696,"caption":"Tiketi.com"},"image":{"@id":"https:\/\/tiketi.com\/#\/schema\/logo\/image\/"},"sameAs":["https:\/\/www.facebook.com\/TiketiCom\/"]}]}},"_links":{"self":[{"href":"https:\/\/tiketi.com\/fr-fr\/wp-json\/wp\/v2\/pages\/11200","targetHints":{"allow":["GET"]}}],"collection":[{"href":"https:\/\/tiketi.com\/fr-fr\/wp-json\/wp\/v2\/pages"}],"about":[{"href":"https:\/\/tiketi.com\/fr-fr\/wp-json\/wp\/v2\/types\/page"}],"author":[{"embeddable":true,"href":"https:\/\/tiketi.com\/fr-fr\/wp-json\/wp\/v2\/users\/1"}],"replies":[{"embeddable":true,"href":"https:\/\/tiketi.com\/fr-fr\/wp-json\/wp\/v2\/comments?post=11200"}],"version-history":[{"count":0,"href":"https:\/\/tiketi.com\/fr-fr\/wp-json\/wp\/v2\/pages\/11200\/revisions"}],"wp:featuredmedia":[{"embeddable":true,"href":"https:\/\/tiketi.com\/fr-fr\/wp-json\/wp\/v2\/media\/21535"}],"wp:attachment":[{"href":"https:\/\/tiketi.com\/fr-fr\/wp-json\/wp\/v2\/media?parent=11200"}],"curies":[{"name":"wp","href":"https:\/\/api.w.org\/{rel}","templated":true}]}}