{"id":11202,"date":"2022-01-19T12:54:21","date_gmt":"2022-01-19T11:54:21","guid":{"rendered":"https:\/\/new.tiketi.com\/travel-insurance-in-ghana\/"},"modified":"2022-02-22T21:33:37","modified_gmt":"2022-02-22T20:33:37","slug":"online-travel-insurance-ghana","status":"publish","type":"page","link":"https:\/\/tiketi.com\/fr-fr\/online-travel-insurance-ghana\/","title":{"rendered":"Assurance voyage pas ch\u00e8re au Ghana"},"content":{"rendered":"<h2>Meilleure assurance voyage au Ghana<\/h2>\n<h3>R\u00e9servez en ligne votre assurance voyage pas ch\u00e8re pour les r\u00e9sidents du Ghana et les visiteurs au Ghana <a href=\"https:\/\/tiketi.com\/fr-fr\/contact-us\/\" target=\"_blank\" rel=\"noopener\">maintenant &gt;&gt;<\/a><\/h3>\n<p>Assurance voyage pas ch\u00e8re au Ghana, r\u00e9servation en ligne simplifi\u00e9e. Ce sont tous des jeux de sensations fortes jusqu&#039;\u00e0 ce que quelqu&#039;un se blesse. Rien ne peut g\u00e2cher des vacances au Ghana ou \u00e0 l&#039;\u00e9tranger comme un dommage ou une blessure \u00e0 la propri\u00e9t\u00e9. Une assurance voyage pour les vacances au Ghana peut aider les visiteurs \u00e0 \u00e9viter les plans de voyage annul\u00e9s, la responsabilit\u00e9 personnelle ou les probl\u00e8mes de sant\u00e9. Une gamme d&#039;assurance voyage pour les r\u00e9sidents du Ghana voyageant dans leur propre pays ou \u00e0 l&#039;\u00e9tranger et les forfaits de couverture pour les visiteurs du Ghana peuvent vous aider \u00e0 \u00e9conomiser, vous et vos aventures. R\u00e9servez votre assurance voyage Ghana en ligne et gagnez du temps et de l&#039;argent.<\/p>\n<h2>Assurance voyage pas ch\u00e8re au Ghana FAQ sur la r\u00e9servation en ligne<\/h2>\n<p>La meilleure compagnie d&#039;assurance voyage au Ghana propose des forfaits qui peuvent offrir une protection pour un voyage unique, plusieurs voyages ou de nombreux pays africains\u00a0:<\/p>\n<p>La couverture peut contenir :<\/p>\n<p>\u2022 Perte de bagages<br \/>\n\u2022  M\u00e9dical<br \/>\n\u2022  Vol<br \/>\n\u2022 Assurance responsabilit\u00e9 civile personnelle<\/p>\n<h3>Principales caract\u00e9ristiques de la meilleure assurance voyage au Ghana<\/h3>\n<p>Frais m\u00e9dicaux \u2013 offre une couverture pour tout traitement m\u00e9dical d&#039;urgence ou chirurgical lorsque vous \u00eates loin de chez vous.<\/p>\n<p><strong>R\u00e9duction<\/strong> \u2013 Fournit une couverture pour tout voyage annul\u00e9 ou \u00e9court\u00e9 pour une raison valable. Ces sp\u00e9cifications vous aident \u00e0 conserver beaucoup d&#039;argent en cas d&#039;annulation d&#039;un h\u00f4tel ou d&#039;un vol.<\/p>\n<p>Assurance responsabilit\u00e9 civile personnelle - fournit une couverture si vous endommagez la propri\u00e9t\u00e9 de quelqu&#039;un ou \u00eates responsable des blessures corporelles dues \u00e0 un accident<\/p>\n<p>Terrorisme - offre une couverture pour vos pertes assur\u00e9es et m\u00e9dicales lors d&#039;un acte de terrorisme pendant votre visite au Ghana<\/p>\n<p>Rapatriement des restes - propose une assurance voyage en ligne pour la couverture du Ghana pour les frais de retour des mortels ou des restes humains assur\u00e9s dans le pays d&#039;origine.<\/p>\n<p>Hospitalisation sans num\u00e9raire - avec une assurance voyage Ghana en ligne, vous pouvez simplement b\u00e9n\u00e9ficier d&#039;un traitement sans num\u00e9raire dans un h\u00f4pital du r\u00e9seau \u00e0 travers la plan\u00e8te.<\/p>\n<p>Pas de contr\u00f4le m\u00e9dical - de nombreux assureurs ne demandent pas de contr\u00f4le m\u00e9dical avant de souscrire une assurance voyage au Ghana.<\/p>\n<h3>Pourquoi avez-vous besoin d&#039;une assurance voyage pour les r\u00e9sidents du Ghana et les visiteurs au Ghana ?<\/h3>\n<p>Il est possible que vous rencontriez des conditions impr\u00e9vues dans un pays \u00e9tranger. Pour faire face \u00e0 de telles urgences, principalement dans un environnement inconnu, il devient indispensable de souscrire une assurance voyage couvrant le Ghana. L&#039;assurance voyage au Ghana vous prot\u00e8ge financi\u00e8rement contre des conditions telles que le vol, le d\u00e9tournement, la maladie, etc. Le co\u00fbt de telles urgences \u00e0 l&#039;\u00e9tranger vous arnaquerait compl\u00e8tement sans un meilleur plan d&#039;assurance voyage au Ghana.<\/p>\n<h3>Vous trouverez ci-dessous les raisons pour lesquelles vous devriez souscrire une assurance voyage pour les r\u00e9sidents du Ghana et les visiteurs du plan Ghana.<\/h3>\n<p>\u2022 Indemnisation des frais li\u00e9s \u00e0 la fin du voyage<br \/>\n\u2022 Indemnisation pour les retards de voyage, les retards de vol, etc.<br \/>\n\u2022 Traitement m\u00e9dical, h\u00e9bergement \u00e0 l&#039;h\u00f4tel et hospitalisation pour urgence m\u00e9dicale<br \/>\n\u2022 Des plans personnalis\u00e9s, selon l&#039;endroit o\u00f9 ils se rendent<br \/>\n\u2022 Assistance client\u00e8le 24h\/24 et 7j\/7 aux assur\u00e9s et assistance en cas de perte d&#039;accidents, de documents, etc.<br \/>\n\u2022 Couverture responsabilit\u00e9 civile personnelle, retards de voyage, d\u00e9c\u00e8s accidentel, soins dentaires, frais juridiques, retrouvailles d&#039;urgence et rapatriement.<\/p>","protected":false},"excerpt":{"rendered":"<p>Best Ghana Travel Insurance Book your cheap travel insurance for Ghana residents and visitors to Ghana online now &gt;&gt; Cheap travel insurance in Ghana online booking made easy. It is all thrill an d games until someone gets hurt. Nothing can ruin a vacation in Ghana or overseas like a damage or injury to property. [&hellip;]<\/p>\n","protected":false},"author":1,"featured_media":21485,"parent":0,"menu_order":0,"comment_status":"open","ping_status":"closed","template":"template-home-modern.php","meta":{"footnotes":""},"class_list":["post-11202","page","type-page","status-publish","has-post-thumbnail","hentry"],"yoast_head":"<!-- This site is optimized with the Yoast SEO plugin v27.2 - https:\/\/yoast.com\/product\/yoast-seo-wordpress\/ -->\n<title>Travel insurance in Ghana<\/title>\n<meta name=\"description\" content=\"Looking for online travel insurance in Ghana? Book cheap travel insurance for Ghana residents and visitors to Ghana online now\" \/>\n<meta name=\"robots\" content=\"index, follow, max-snippet:-1, max-image-preview:large, max-video-preview:-1\" \/>\n<link rel=\"canonical\" href=\"https:\/\/tiketi.com\/fr-fr\/online-travel-insurance-ghana\/\" \/>\n<meta property=\"og:locale\" content=\"fr_FR\" \/>\n<meta property=\"og:type\" content=\"article\" \/>\n<meta property=\"og:title\" content=\"Travel insurance in Ghana\" \/>\n<meta property=\"og:description\" content=\"Looking for online travel insurance in Ghana? Book cheap travel insurance for Ghana residents and visitors to Ghana online now\" \/>\n<meta property=\"og:url\" content=\"https:\/\/tiketi.com\/fr-fr\/online-travel-insurance-ghana\/\" \/>\n<meta property=\"og:site_name\" content=\"Tiketi.com\" \/>\n<meta property=\"article:publisher\" content=\"https:\/\/www.facebook.com\/TiketiCom\/\" \/>\n<meta property=\"article:modified_time\" content=\"2022-02-22T20:33:37+00:00\" \/>\n<meta property=\"og:image\" content=\"https:\/\/tiketi.com\/wp-content\/uploads\/2019\/05\/health-insurance-protection-1.jpg\" \/>\n\t<meta property=\"og:image:width\" content=\"1200\" \/>\n\t<meta property=\"og:image:height\" content=\"200\" \/>\n\t<meta property=\"og:image:type\" content=\"image\/jpeg\" \/>\n<meta name=\"twitter:card\" content=\"summary_large_image\" \/>\n<meta name=\"twitter:label1\" content=\"Dur\u00e9e de lecture estim\u00e9e\" \/>\n\t<meta name=\"twitter:data1\" content=\"3 minutes\" \/>\n<script type=\"application\/ld+json\" class=\"yoast-schema-graph\">{\"@context\":\"https:\/\/schema.org\",\"@graph\":[{\"@type\":\"WebPage\",\"@id\":\"https:\/\/tiketi.com\/online-travel-insurance-ghana\/\",\"url\":\"https:\/\/tiketi.com\/online-travel-insurance-ghana\/\",\"name\":\"Travel insurance in Ghana\",\"isPartOf\":{\"@id\":\"https:\/\/tiketi.com\/#website\"},\"primaryImageOfPage\":{\"@id\":\"https:\/\/tiketi.com\/online-travel-insurance-ghana\/#primaryimage\"},\"image\":{\"@id\":\"https:\/\/tiketi.com\/online-travel-insurance-ghana\/#primaryimage\"},\"thumbnailUrl\":\"https:\/\/tiketi.com\/wp-content\/uploads\/2019\/05\/health-insurance-protection-1.jpg\",\"datePublished\":\"2022-01-19T11:54:21+00:00\",\"dateModified\":\"2022-02-22T20:33:37+00:00\",\"description\":\"Looking for online travel insurance in Ghana? Book cheap travel insurance for Ghana residents and visitors to Ghana online now\",\"breadcrumb\":{\"@id\":\"https:\/\/tiketi.com\/online-travel-insurance-ghana\/#breadcrumb\"},\"inLanguage\":\"fr-FR\",\"potentialAction\":[{\"@type\":\"ReadAction\",\"target\":[\"https:\/\/tiketi.com\/online-travel-insurance-ghana\/\"]}]},{\"@type\":\"ImageObject\",\"inLanguage\":\"fr-FR\",\"@id\":\"https:\/\/tiketi.com\/online-travel-insurance-ghana\/#primaryimage\",\"url\":\"https:\/\/tiketi.com\/wp-content\/uploads\/2019\/05\/health-insurance-protection-1.jpg\",\"contentUrl\":\"https:\/\/tiketi.com\/wp-content\/uploads\/2019\/05\/health-insurance-protection-1.jpg\",\"width\":1200,\"height\":200,\"caption\":\"Health Insurance Protection\"},{\"@type\":\"BreadcrumbList\",\"@id\":\"https:\/\/tiketi.com\/online-travel-insurance-ghana\/#breadcrumb\",\"itemListElement\":[{\"@type\":\"ListItem\",\"position\":1,\"name\":\"Home\",\"item\":\"https:\/\/tiketi.com\/\"},{\"@type\":\"ListItem\",\"position\":2,\"name\":\"Cheap Travel insurance in Ghana\"}]},{\"@type\":\"WebSite\",\"@id\":\"https:\/\/tiketi.com\/#website\",\"url\":\"https:\/\/tiketi.com\/\",\"name\":\"Flight & Bus Tickets, Tour Packages & Activitites - Tiketi.com\",\"description\":\"Flight &amp; Bus Tickets, Tours, Activitites\",\"publisher\":{\"@id\":\"https:\/\/tiketi.com\/#organization\"},\"potentialAction\":[{\"@type\":\"SearchAction\",\"target\":{\"@type\":\"EntryPoint\",\"urlTemplate\":\"https:\/\/tiketi.com\/?s={search_term_string}\"},\"query-input\":{\"@type\":\"PropertyValueSpecification\",\"valueRequired\":true,\"valueName\":\"search_term_string\"}}],\"inLanguage\":\"fr-FR\"},{\"@type\":\"Organization\",\"@id\":\"https:\/\/tiketi.com\/#organization\",\"name\":\"Tiketi.com\",\"alternateName\":\"Tiketi\",\"url\":\"https:\/\/tiketi.com\/\",\"logo\":{\"@type\":\"ImageObject\",\"inLanguage\":\"fr-FR\",\"@id\":\"https:\/\/tiketi.com\/#\/schema\/logo\/image\/\",\"url\":\"https:\/\/tiketi.com\/wp-content\/uploads\/2019\/05\/tiketi-logo-696.png\",\"contentUrl\":\"https:\/\/tiketi.com\/wp-content\/uploads\/2019\/05\/tiketi-logo-696.png\",\"width\":696,\"height\":696,\"caption\":\"Tiketi.com\"},\"image\":{\"@id\":\"https:\/\/tiketi.com\/#\/schema\/logo\/image\/\"},\"sameAs\":[\"https:\/\/www.facebook.com\/TiketiCom\/\"]}]}<\/script>\n<!-- \/ Yoast SEO plugin. -->","yoast_head_json":{"title":"Assurance voyage au Ghana","description":"Vous recherchez une assurance voyage en ligne au Ghana ? R\u00e9servez en ligne d\u00e8s maintenant une assurance voyage pas ch\u00e8re pour les r\u00e9sidents du Ghana et les visiteurs au Ghana","robots":{"index":"index","follow":"follow","max-snippet":"max-snippet:-1","max-image-preview":"max-image-preview:large","max-video-preview":"max-video-preview:-1"},"canonical":"https:\/\/tiketi.com\/fr-fr\/online-travel-insurance-ghana\/","og_locale":"fr_FR","og_type":"article","og_title":"Travel insurance in Ghana","og_description":"Looking for online travel insurance in Ghana? Book cheap travel insurance for Ghana residents and visitors to Ghana online now","og_url":"https:\/\/tiketi.com\/fr-fr\/online-travel-insurance-ghana\/","og_site_name":"Tiketi.com","article_publisher":"https:\/\/www.facebook.com\/TiketiCom\/","article_modified_time":"2022-02-22T20:33:37+00:00","og_image":[{"width":1200,"height":200,"url":"https:\/\/tiketi.com\/wp-content\/uploads\/2019\/05\/health-insurance-protection-1.jpg","type":"image\/jpeg"}],"twitter_card":"summary_large_image","twitter_misc":{"Dur\u00e9e de lecture estim\u00e9e":"3 minutes"},"schema":{"@context":"https:\/\/schema.org","@graph":[{"@type":"WebPage","@id":"https:\/\/tiketi.com\/online-travel-insurance-ghana\/","url":"https:\/\/tiketi.com\/online-travel-insurance-ghana\/","name":"Assurance voyage au Ghana","isPartOf":{"@id":"https:\/\/tiketi.com\/#website"},"primaryImageOfPage":{"@id":"https:\/\/tiketi.com\/online-travel-insurance-ghana\/#primaryimage"},"image":{"@id":"https:\/\/tiketi.com\/online-travel-insurance-ghana\/#primaryimage"},"thumbnailUrl":"https:\/\/tiketi.com\/wp-content\/uploads\/2019\/05\/health-insurance-protection-1.jpg","datePublished":"2022-01-19T11:54:21+00:00","dateModified":"2022-02-22T20:33:37+00:00","description":"Vous recherchez une assurance voyage en ligne au Ghana ? R\u00e9servez en ligne d\u00e8s maintenant une assurance voyage pas ch\u00e8re pour les r\u00e9sidents du Ghana et les visiteurs au Ghana","breadcrumb":{"@id":"https:\/\/tiketi.com\/online-travel-insurance-ghana\/#breadcrumb"},"inLanguage":"fr-FR","potentialAction":[{"@type":"ReadAction","target":["https:\/\/tiketi.com\/online-travel-insurance-ghana\/"]}]},{"@type":"ImageObject","inLanguage":"fr-FR","@id":"https:\/\/tiketi.com\/online-travel-insurance-ghana\/#primaryimage","url":"https:\/\/tiketi.com\/wp-content\/uploads\/2019\/05\/health-insurance-protection-1.jpg","contentUrl":"https:\/\/tiketi.com\/wp-content\/uploads\/2019\/05\/health-insurance-protection-1.jpg","width":1200,"height":200,"caption":"Health Insurance Protection"},{"@type":"BreadcrumbList","@id":"https:\/\/tiketi.com\/online-travel-insurance-ghana\/#breadcrumb","itemListElement":[{"@type":"ListItem","position":1,"name":"Home","item":"https:\/\/tiketi.com\/"},{"@type":"ListItem","position":2,"name":"Cheap Travel insurance in Ghana"}]},{"@type":"WebSite","@id":"https:\/\/tiketi.com\/#website","url":"https:\/\/tiketi.com\/","name":"Billets d&#039;avion et de bus, forfaits touristiques et activit\u00e9s - Tiketi.com","description":"Billets d&#039;avion et de bus, Tours, Activit\u00e9s","publisher":{"@id":"https:\/\/tiketi.com\/#organization"},"potentialAction":[{"@type":"SearchAction","target":{"@type":"EntryPoint","urlTemplate":"https:\/\/tiketi.com\/?s={search_term_string}"},"query-input":{"@type":"PropertyValueSpecification","valueRequired":true,"valueName":"search_term_string"}}],"inLanguage":"fr-FR"},{"@type":"Organization","@id":"https:\/\/tiketi.com\/#organization","name":"Tiketi.com","alternateName":"Tiketi","url":"https:\/\/tiketi.com\/","logo":{"@type":"ImageObject","inLanguage":"fr-FR","@id":"https:\/\/tiketi.com\/#\/schema\/logo\/image\/","url":"https:\/\/tiketi.com\/wp-content\/uploads\/2019\/05\/tiketi-logo-696.png","contentUrl":"https:\/\/tiketi.com\/wp-content\/uploads\/2019\/05\/tiketi-logo-696.png","width":696,"height":696,"caption":"Tiketi.com"},"image":{"@id":"https:\/\/tiketi.com\/#\/schema\/logo\/image\/"},"sameAs":["https:\/\/www.facebook.com\/TiketiCom\/"]}]}},"_links":{"self":[{"href":"https:\/\/tiketi.com\/fr-fr\/wp-json\/wp\/v2\/pages\/11202","targetHints":{"allow":["GET"]}}],"collection":[{"href":"https:\/\/tiketi.com\/fr-fr\/wp-json\/wp\/v2\/pages"}],"about":[{"href":"https:\/\/tiketi.com\/fr-fr\/wp-json\/wp\/v2\/types\/page"}],"author":[{"embeddable":true,"href":"https:\/\/tiketi.com\/fr-fr\/wp-json\/wp\/v2\/users\/1"}],"replies":[{"embeddable":true,"href":"https:\/\/tiketi.com\/fr-fr\/wp-json\/wp\/v2\/comments?post=11202"}],"version-history":[{"count":0,"href":"https:\/\/tiketi.com\/fr-fr\/wp-json\/wp\/v2\/pages\/11202\/revisions"}],"wp:featuredmedia":[{"embeddable":true,"href":"https:\/\/tiketi.com\/fr-fr\/wp-json\/wp\/v2\/media\/21485"}],"wp:attachment":[{"href":"https:\/\/tiketi.com\/fr-fr\/wp-json\/wp\/v2\/media?parent=11202"}],"curies":[{"name":"wp","href":"https:\/\/api.w.org\/{rel}","templated":true}]}}