{"id":11207,"date":"2022-01-19T12:54:21","date_gmt":"2022-01-19T11:54:21","guid":{"rendered":"https:\/\/new.tiketi.com\/online-top-up-rwanda-mobile-recharge\/"},"modified":"2022-02-18T17:30:30","modified_gmt":"2022-02-18T16:30:30","slug":"online-top-up-rwanda-mobile","status":"publish","type":"page","link":"https:\/\/tiketi.com\/fr-fr\/online-top-up-rwanda-mobile\/","title":{"rendered":"Recharge en ligne Rwanda \u2013 Recharge mobile"},"content":{"rendered":"<h2>Recharge mobile Rwanda en ligne<\/h2>\n<h3>Rechargez votre t\u00e9l\u00e9phone portable au Rwanda en ligne maintenant.<\/h3>\n<p>Recharger en ligne Rwanda en toute simplicit\u00e9. Il y a plus de huit millions de t\u00e9l\u00e9phones mobiles pr\u00e9pay\u00e9s au Rwanda. Chaque t\u00e9l\u00e9phone pr\u00e9pay\u00e9 a besoin de cr\u00e9dit, de temps d&#039;antenne ou de temps de conversation avant de pouvoir \u00eatre utilis\u00e9 pour envoyer des SMS, passer des appels et acc\u00e9der aux services Internet. Lorsque ce temps d&#039;antenne est \u00e9puis\u00e9, il doit \u00eatre recharg\u00e9, souvent \u00e0 partir d&#039;un magasin domestique, ce qui n&#039;est pas toujours pratique. Effectuez une recharge mobile Rwanda en ligne et \u00e9conomisez du temps et de l&#039;argent.<\/p>\n<h2>FAQ sur le rechargement en ligne du Rwanda<\/h2>\n<p>Vous pouvez envoyer des recharges vers les t\u00e9l\u00e9phones mobiles rwandais sur les r\u00e9seaux Tigo et MTN. Le temps d&#039;antenne mobile est inclus en quelques minutes afin que vous puissiez rester en contact avec vos amis et votre famille.<\/p>\n<h3>MTN<\/h3>\n<p>MTN est l&#039;un des grands r\u00e9seaux mobiles au Rwanda avec une couverture r\u00e9seau de quatre-vingt-dix-neuf pour cent. Vous pouvez envoyer du temps d&#039;antenne aux mobiles MTN sans frais.<\/p>\n<h3>Tigo<\/h3>\n<p>Envoyez du temps d&#039;antenne au Rwanda et rechargez le t\u00e9l\u00e9phone du Rwanda sur le c\u00e9l\u00e8bre r\u00e9seau Tigo en quelques minutes. Tout ce dont vous avez besoin est le num\u00e9ro de portable du destinataire.<br \/>\nVous trouverez ci-dessous les avantages les plus remarquables de la recharge mobile Rwanda en ligne que vous devez conna\u00eetre\u00a0:<\/p>\n<h3>Facilit\u00e9 d&#039;acc\u00e9s<\/h3>\n<p>La facilit\u00e9 d&#039;acc\u00e8s et la rapidit\u00e9 lors des recharges mobiles sont les avantages les plus importants de la recharge en ligne du Rwanda. Vous pouvez visiter un fournisseur de services r\u00e9put\u00e9 \u00e0 tout moment et leurs services de recharge Internet selon vos pr\u00e9f\u00e9rences personnelles.<\/p>\n<h3>Pas besoin d&#039;acheter des cartes \u00e0 gratter<\/h3>\n<p>Les cartes \u00e0 gratter appartiennent d\u00e9sormais au pass\u00e9. Vous n&#039;avez pas besoin de chercher des magasins nationaux et d&#039;y acheter des cartes \u00e0 gratter pour recharger votre t\u00e9l\u00e9phone. La recharge mobile en ligne Rwanda supprime compl\u00e8tement ce tracas pour vous.<\/p>\n<p>Avec les services de recharge Internet, vous auriez un contr\u00f4le total sur le processus de recharge mobile. Vous seriez capable de faire votre propre recharge mobile 24h\/24 et 7j\/7. Vous n&#039;auriez pas \u00e0 sortir et \u00e0 acheter des cartes \u00e0 gratter \u00e0 partir de l\u00e0 que vous gratterez plus tard et composerez les num\u00e9ros \u00e0 partir de l\u00e0 pour obtenir la recharge.<\/p>\n<p>La recharge en ligne de n&#039;importe quel t\u00e9l\u00e9phone portable au Rwanda a compl\u00e8tement \u00e9limin\u00e9 la n\u00e9cessit\u00e9 de ce processus chaotique.<\/p>\n<h3>Choisissez des forfaits de recharge o\u00f9 que vous soyez<\/h3>\n<p>La plupart des fournisseurs de recharge mobile du Rwanda vous fournissent \u00e9galement tous les d\u00e9tails sur les plans de recharge parmi lesquels vous pouvez choisir, pour un certain op\u00e9rateur qu&#039;ils prennent en charge. Cela vous permet de choisir un plan qui vous convient le mieux. Vous verriez tous les d\u00e9tails sur tous les plans accessibles et vous seriez en mesure de choisir celui qui correspond le mieux \u00e0 vos besoins.<\/p>\n<p>Une fois que vous avez choisi un plan, il vous suffit d&#039;inclure le nombre de personnes que vous souhaitez envoyer au Rwanda et c&#039;est tout. C&#039;est tout ce dont vous avez besoin pour envoyer des recharges mobiles Rwanda en ligne.<\/p>\n<h3>Pas besoin d&#039;aller chez les fournisseurs de services de recharge<\/h3>\n<p>Avec les services de recharge en ligne au Rwanda, vous seriez en mesure de recharger votre t\u00e9l\u00e9phone dans le confort de votre maison. Vous n&#039;auriez plus besoin de sortir et d&#039;acheter un cr\u00e9dit dans un magasin. Vous seriez capable de recharger votre t\u00e9l\u00e9phone assis sur votre canap\u00e9. C&#039;est de cette facilit\u00e9 d&#039;utilisation dont nous parlons, avec les services de recharge mobile en ligne. Asseyez-vous chez vous et achetez facilement des recharges Rwanda en ligne pour tous vos besoins de recharge mobile.<\/p>\n<h2>Recharge Mobile Rwanda<\/h2>\n<p>Services de recharge mobile locaux Le Rwanda est principalement c\u00e9l\u00e8bre en raison de la facilit\u00e9 d&#039;acc\u00e8s qu&#039;il doit fournir. Vous pouvez trouver des fournisseurs de services qui offrent les meilleurs tarifs pour les recharges mobiles.<\/p>","protected":false},"excerpt":{"rendered":"<p>Mobile Top Up Rwanda Online Top up mobile phone in Rwanda online now. Online top up Rwanda made easy.&nbsp;There are more than eight million prepaid mobile phones in Rwanda. Every prepaid phone needs credit, airtime or talktime before it can be used to send texts, make calls, and access internet services. When that airtime runs [&hellip;]<\/p>\n","protected":false},"author":1,"featured_media":19675,"parent":0,"menu_order":0,"comment_status":"open","ping_status":"closed","template":"template-home-modern.php","meta":{"footnotes":""},"class_list":["post-11207","page","type-page","status-publish","has-post-thumbnail","hentry"],"yoast_head":"<!-- This site is optimized with the Yoast SEO plugin v27.3 - https:\/\/yoast.com\/product\/yoast-seo-wordpress\/ -->\n<title>Online Top Up Rwanda - Mobile Recharge<\/title>\n<meta name=\"description\" content=\"Looking for Rwanda phone recharge - online top up Rwanda? Do internet bill payment and cheap mobile top up Rwanda online now\" \/>\n<meta name=\"robots\" content=\"index, follow, max-snippet:-1, max-image-preview:large, max-video-preview:-1\" \/>\n<link rel=\"canonical\" href=\"https:\/\/tiketi.com\/fr-fr\/online-top-up-rwanda-mobile\/\" \/>\n<meta property=\"og:locale\" content=\"fr_FR\" \/>\n<meta property=\"og:type\" content=\"article\" \/>\n<meta property=\"og:title\" content=\"Online Top Up Rwanda - Mobile Recharge\" \/>\n<meta property=\"og:description\" content=\"Looking for Rwanda phone recharge - online top up Rwanda? Do internet bill payment and cheap mobile top up Rwanda online now\" \/>\n<meta property=\"og:url\" content=\"https:\/\/tiketi.com\/fr-fr\/online-top-up-rwanda-mobile\/\" \/>\n<meta property=\"og:site_name\" content=\"Tiketi.com\" \/>\n<meta property=\"article:publisher\" content=\"https:\/\/www.facebook.com\/TiketiCom\/\" \/>\n<meta property=\"article:modified_time\" content=\"2022-02-18T16:30:30+00:00\" \/>\n<meta property=\"og:image\" content=\"https:\/\/tiketi.com\/wp-content\/uploads\/2019\/05\/data-packages-2029825_1280.jpg\" \/>\n\t<meta property=\"og:image:width\" content=\"1200\" \/>\n\t<meta property=\"og:image:height\" content=\"200\" \/>\n\t<meta property=\"og:image:type\" content=\"image\/jpeg\" \/>\n<meta name=\"twitter:card\" content=\"summary_large_image\" \/>\n<meta name=\"twitter:label1\" content=\"Dur\u00e9e de lecture estim\u00e9e\" \/>\n\t<meta name=\"twitter:data1\" content=\"3 minutes\" \/>\n<script type=\"application\/ld+json\" class=\"yoast-schema-graph\">{\"@context\":\"https:\\\/\\\/schema.org\",\"@graph\":[{\"@type\":\"WebPage\",\"@id\":\"https:\\\/\\\/tiketi.com\\\/en-gb\\\/online-top-up-rwanda-mobile\\\/\",\"url\":\"https:\\\/\\\/tiketi.com\\\/en-gb\\\/online-top-up-rwanda-mobile\\\/\",\"name\":\"Online Top Up Rwanda - Mobile Recharge\",\"isPartOf\":{\"@id\":\"https:\\\/\\\/tiketi.com\\\/#website\"},\"primaryImageOfPage\":{\"@id\":\"https:\\\/\\\/tiketi.com\\\/en-gb\\\/online-top-up-rwanda-mobile\\\/#primaryimage\"},\"image\":{\"@id\":\"https:\\\/\\\/tiketi.com\\\/en-gb\\\/online-top-up-rwanda-mobile\\\/#primaryimage\"},\"thumbnailUrl\":\"https:\\\/\\\/tiketi.com\\\/wp-content\\\/uploads\\\/2019\\\/05\\\/data-packages-2029825_1280.jpg\",\"datePublished\":\"2022-01-19T11:54:21+00:00\",\"dateModified\":\"2022-02-18T16:30:30+00:00\",\"description\":\"Looking for Rwanda phone recharge - online top up Rwanda? Do internet bill payment and cheap mobile top up Rwanda online now\",\"breadcrumb\":{\"@id\":\"https:\\\/\\\/tiketi.com\\\/en-gb\\\/online-top-up-rwanda-mobile\\\/#breadcrumb\"},\"inLanguage\":\"fr-FR\",\"potentialAction\":[{\"@type\":\"ReadAction\",\"target\":[\"https:\\\/\\\/tiketi.com\\\/en-gb\\\/online-top-up-rwanda-mobile\\\/\"]}]},{\"@type\":\"ImageObject\",\"inLanguage\":\"fr-FR\",\"@id\":\"https:\\\/\\\/tiketi.com\\\/en-gb\\\/online-top-up-rwanda-mobile\\\/#primaryimage\",\"url\":\"https:\\\/\\\/tiketi.com\\\/wp-content\\\/uploads\\\/2019\\\/05\\\/data-packages-2029825_1280.jpg\",\"contentUrl\":\"https:\\\/\\\/tiketi.com\\\/wp-content\\\/uploads\\\/2019\\\/05\\\/data-packages-2029825_1280.jpg\",\"width\":1200,\"height\":200,\"caption\":\"How to get Data Plan \\\/ Packages \\\/ Top Up\"},{\"@type\":\"BreadcrumbList\",\"@id\":\"https:\\\/\\\/tiketi.com\\\/en-gb\\\/online-top-up-rwanda-mobile\\\/#breadcrumb\",\"itemListElement\":[{\"@type\":\"ListItem\",\"position\":1,\"name\":\"Home\",\"item\":\"https:\\\/\\\/tiketi.com\\\/\"},{\"@type\":\"ListItem\",\"position\":2,\"name\":\"Online Top Up Rwanda &#8211; Mobile Recharge\"}]},{\"@type\":\"WebSite\",\"@id\":\"https:\\\/\\\/tiketi.com\\\/#website\",\"url\":\"https:\\\/\\\/tiketi.com\\\/\",\"name\":\"Flight & Bus Tickets, Tour Packages & Activitites - Tiketi.com\",\"description\":\"Flight &amp; Bus Tickets, Tours, Activitites\",\"publisher\":{\"@id\":\"https:\\\/\\\/tiketi.com\\\/#organization\"},\"potentialAction\":[{\"@type\":\"SearchAction\",\"target\":{\"@type\":\"EntryPoint\",\"urlTemplate\":\"https:\\\/\\\/tiketi.com\\\/?s={search_term_string}\"},\"query-input\":{\"@type\":\"PropertyValueSpecification\",\"valueRequired\":true,\"valueName\":\"search_term_string\"}}],\"inLanguage\":\"fr-FR\"},{\"@type\":\"Organization\",\"@id\":\"https:\\\/\\\/tiketi.com\\\/#organization\",\"name\":\"Tiketi.com\",\"alternateName\":\"Tiketi\",\"url\":\"https:\\\/\\\/tiketi.com\\\/\",\"logo\":{\"@type\":\"ImageObject\",\"inLanguage\":\"fr-FR\",\"@id\":\"https:\\\/\\\/tiketi.com\\\/#\\\/schema\\\/logo\\\/image\\\/\",\"url\":\"https:\\\/\\\/tiketi.com\\\/wp-content\\\/uploads\\\/2019\\\/05\\\/tiketi-logo-696.png\",\"contentUrl\":\"https:\\\/\\\/tiketi.com\\\/wp-content\\\/uploads\\\/2019\\\/05\\\/tiketi-logo-696.png\",\"width\":696,\"height\":696,\"caption\":\"Tiketi.com\"},\"image\":{\"@id\":\"https:\\\/\\\/tiketi.com\\\/#\\\/schema\\\/logo\\\/image\\\/\"},\"sameAs\":[\"https:\\\/\\\/www.facebook.com\\\/TiketiCom\\\/\"]}]}<\/script>\n<!-- \/ Yoast SEO plugin. -->","yoast_head_json":{"title":"Recharge en ligne Rwanda - Recharge mobile","description":"Vous recherchez une recharge t\u00e9l\u00e9phonique Rwanda - recharge en ligne Rwanda? Payez vos factures sur Internet et rechargez votre mobile \u00e0 bas prix au Rwanda en ligne maintenant","robots":{"index":"index","follow":"follow","max-snippet":"max-snippet:-1","max-image-preview":"max-image-preview:large","max-video-preview":"max-video-preview:-1"},"canonical":"https:\/\/tiketi.com\/fr-fr\/online-top-up-rwanda-mobile\/","og_locale":"fr_FR","og_type":"article","og_title":"Online Top Up Rwanda - Mobile Recharge","og_description":"Looking for Rwanda phone recharge - online top up Rwanda? Do internet bill payment and cheap mobile top up Rwanda online now","og_url":"https:\/\/tiketi.com\/fr-fr\/online-top-up-rwanda-mobile\/","og_site_name":"Tiketi.com","article_publisher":"https:\/\/www.facebook.com\/TiketiCom\/","article_modified_time":"2022-02-18T16:30:30+00:00","og_image":[{"width":1200,"height":200,"url":"https:\/\/tiketi.com\/wp-content\/uploads\/2019\/05\/data-packages-2029825_1280.jpg","type":"image\/jpeg"}],"twitter_card":"summary_large_image","twitter_misc":{"Dur\u00e9e de lecture estim\u00e9e":"3 minutes"},"schema":{"@context":"https:\/\/schema.org","@graph":[{"@type":"WebPage","@id":"https:\/\/tiketi.com\/en-gb\/online-top-up-rwanda-mobile\/","url":"https:\/\/tiketi.com\/en-gb\/online-top-up-rwanda-mobile\/","name":"Recharge en ligne Rwanda - Recharge mobile","isPartOf":{"@id":"https:\/\/tiketi.com\/#website"},"primaryImageOfPage":{"@id":"https:\/\/tiketi.com\/en-gb\/online-top-up-rwanda-mobile\/#primaryimage"},"image":{"@id":"https:\/\/tiketi.com\/en-gb\/online-top-up-rwanda-mobile\/#primaryimage"},"thumbnailUrl":"https:\/\/tiketi.com\/wp-content\/uploads\/2019\/05\/data-packages-2029825_1280.jpg","datePublished":"2022-01-19T11:54:21+00:00","dateModified":"2022-02-18T16:30:30+00:00","description":"Vous recherchez une recharge t\u00e9l\u00e9phonique Rwanda - recharge en ligne Rwanda? Payez vos factures sur Internet et rechargez votre mobile \u00e0 bas prix au Rwanda en ligne maintenant","breadcrumb":{"@id":"https:\/\/tiketi.com\/en-gb\/online-top-up-rwanda-mobile\/#breadcrumb"},"inLanguage":"fr-FR","potentialAction":[{"@type":"ReadAction","target":["https:\/\/tiketi.com\/en-gb\/online-top-up-rwanda-mobile\/"]}]},{"@type":"ImageObject","inLanguage":"fr-FR","@id":"https:\/\/tiketi.com\/en-gb\/online-top-up-rwanda-mobile\/#primaryimage","url":"https:\/\/tiketi.com\/wp-content\/uploads\/2019\/05\/data-packages-2029825_1280.jpg","contentUrl":"https:\/\/tiketi.com\/wp-content\/uploads\/2019\/05\/data-packages-2029825_1280.jpg","width":1200,"height":200,"caption":"How to get Data Plan \/ Packages \/ Top Up"},{"@type":"BreadcrumbList","@id":"https:\/\/tiketi.com\/en-gb\/online-top-up-rwanda-mobile\/#breadcrumb","itemListElement":[{"@type":"ListItem","position":1,"name":"Home","item":"https:\/\/tiketi.com\/"},{"@type":"ListItem","position":2,"name":"Online Top Up Rwanda &#8211; Mobile Recharge"}]},{"@type":"WebSite","@id":"https:\/\/tiketi.com\/#website","url":"https:\/\/tiketi.com\/","name":"Billets d&#039;avion et de bus, forfaits touristiques et activit\u00e9s - Tiketi.com","description":"Billets d&#039;avion et de bus, Tours, Activit\u00e9s","publisher":{"@id":"https:\/\/tiketi.com\/#organization"},"potentialAction":[{"@type":"SearchAction","target":{"@type":"EntryPoint","urlTemplate":"https:\/\/tiketi.com\/?s={search_term_string}"},"query-input":{"@type":"PropertyValueSpecification","valueRequired":true,"valueName":"search_term_string"}}],"inLanguage":"fr-FR"},{"@type":"Organization","@id":"https:\/\/tiketi.com\/#organization","name":"Tiketi.com","alternateName":"Tiketi","url":"https:\/\/tiketi.com\/","logo":{"@type":"ImageObject","inLanguage":"fr-FR","@id":"https:\/\/tiketi.com\/#\/schema\/logo\/image\/","url":"https:\/\/tiketi.com\/wp-content\/uploads\/2019\/05\/tiketi-logo-696.png","contentUrl":"https:\/\/tiketi.com\/wp-content\/uploads\/2019\/05\/tiketi-logo-696.png","width":696,"height":696,"caption":"Tiketi.com"},"image":{"@id":"https:\/\/tiketi.com\/#\/schema\/logo\/image\/"},"sameAs":["https:\/\/www.facebook.com\/TiketiCom\/"]}]}},"_links":{"self":[{"href":"https:\/\/tiketi.com\/fr-fr\/wp-json\/wp\/v2\/pages\/11207","targetHints":{"allow":["GET"]}}],"collection":[{"href":"https:\/\/tiketi.com\/fr-fr\/wp-json\/wp\/v2\/pages"}],"about":[{"href":"https:\/\/tiketi.com\/fr-fr\/wp-json\/wp\/v2\/types\/page"}],"author":[{"embeddable":true,"href":"https:\/\/tiketi.com\/fr-fr\/wp-json\/wp\/v2\/users\/1"}],"replies":[{"embeddable":true,"href":"https:\/\/tiketi.com\/fr-fr\/wp-json\/wp\/v2\/comments?post=11207"}],"version-history":[{"count":0,"href":"https:\/\/tiketi.com\/fr-fr\/wp-json\/wp\/v2\/pages\/11207\/revisions"}],"wp:featuredmedia":[{"embeddable":true,"href":"https:\/\/tiketi.com\/fr-fr\/wp-json\/wp\/v2\/media\/19675"}],"wp:attachment":[{"href":"https:\/\/tiketi.com\/fr-fr\/wp-json\/wp\/v2\/media?parent=11207"}],"curies":[{"name":"wp","href":"https:\/\/api.w.org\/{rel}","templated":true}]}}