{"id":11208,"date":"2022-01-19T12:54:21","date_gmt":"2022-01-19T11:54:21","guid":{"rendered":"https:\/\/new.tiketi.com\/online-top-up-south-africa-mobile-recharge\/"},"modified":"2022-02-18T17:33:20","modified_gmt":"2022-02-18T16:33:20","slug":"online-top-up-south-africa-mobile","status":"publish","type":"page","link":"https:\/\/tiketi.com\/fr-fr\/online-top-up-south-africa-mobile\/","title":{"rendered":"Recharge en ligne Afrique du Sud \u2013 Recharge mobile"},"content":{"rendered":"<h2>Recharge mobile Afrique du Sud en ligne<\/h2>\n<h3>Rechargez un t\u00e9l\u00e9phone mobile en Afrique du Sud en ligne d\u00e8s maintenant.<\/h3>\n<p>Recharger en ligne Afrique du Sud en toute simplicit\u00e9. Effectuez du rechargement mobile Afrique du Sud en ligne et \u00e9conomisez du temps et de l&#039;argent.<\/p>\n<h2>FAQ sur les recharges en ligne en Afrique du Sud<\/h2>\n<h3>Qu&#039;est-ce que la recharge de temps d&#039;antenne en Afrique du Sud\u00a0?<\/h3>\n<p>Les t\u00e9l\u00e9phones mobiles pr\u00e9par\u00e9s ont besoin de temps d&#039;antenne, \u00e9galement appel\u00e9 temps de conversation ou cr\u00e9dit, pour que les utilisateurs puissent passer des appels, acc\u00e9der aux services en ligne et envoyer des SMS. Vous pouvez aider votre famille et vos amis \u00e0 voyager en Afrique du Sud en envoyant directement une recharge t\u00e9l\u00e9phonique en Afrique du Sud.<\/p>\n<p>Une fois la recharge effectu\u00e9e, votre t\u00e9l\u00e9phone destinataire sera normalement cr\u00e9dit\u00e9 du temps d&#039;antenne en quelques minutes.<\/p>\n<h3>Comment acheter une recharge mobile Afrique du Sud<\/h3>\n<p>Recharger un t\u00e9l\u00e9phone en Afrique du Sud est s\u00fbr, simple et s\u00e9curis\u00e9. Il n\u2019y a pas non plus de frais pour le service de recharge de temps d\u2019antenne.<\/p>\n<p>\u2022 Choisissez l&#039;option \u00ab Temps d&#039;antenne \u00bb.<br \/>\n\u2022 Entrez le num\u00e9ro de t\u00e9l\u00e9phone portable de la personne \u00e0 qui vous envoyez le temps d&#039;antenne<br \/>\n\u2022 Choisissez le montant de la recharge de temps d&#039;antenne<br \/>\n\u2022 Paiement en ligne<br \/>\n\u2022 Vous et votre destinataire recevrez une alerte SMS une fois la recharge mobile en Afrique du Sud termin\u00e9e.<\/p>\n<p>Vous pouvez acheter du temps d&#039;antenne en ligne en Afrique du Sud avec une carte de d\u00e9bit ou de cr\u00e9dit.<\/p>\n<h3>MTN Afrique du Sud a lanc\u00e9 la premi\u00e8re recharge de temps d&#039;antenne au monde via WhatsApp<\/h3>\n<p>Qualifiant cela de premi\u00e8re mondiale dans le secteur des t\u00e9l\u00e9communications, MTN a lanc\u00e9 un canal WhatsApp permettant \u00e0 ses clients d&#039;acheter des forfaits de donn\u00e9es et de temps d&#039;antenne via l&#039;application de messagerie.<\/p>\n<p>Le plus grand op\u00e9rateur de t\u00e9l\u00e9phonie mobile d&#039;Afrique du Sud a lanc\u00e9 ce service en utilisant l&#039;application appartenant \u00e0 Facebook.<\/p>\n<p>Les clients peuvent \u00e9galement v\u00e9rifier leurs soldes et enregistrer leurs cartes de cr\u00e9dit ou de d\u00e9bit dans l&#039;application pour la recharge Next MTN Afrique du Sud. Le service est propos\u00e9 par une autre soci\u00e9t\u00e9 sud-africaine ayant une pr\u00e9sence internationale, Clickatell, qui est un fournisseur de solutions commerciales WhatsApp.<\/p>\n<p>WhatsApp est tr\u00e8s c\u00e9l\u00e8bre en Afrique du Sud. Un peu moins de la moiti\u00e9 des 38 millions d&#039;abonn\u00e9s mobiles d&#039;Afrique du Sud l&#039;utilisent.<\/p>\n<h3>Recharge MTN Eazi<\/h3>\n<p>MTN Eazi Recharge est le meilleur moyen de recharger votre compte MTN avec des forfaits SMS, temps d&#039;antenne et donn\u00e9es. Peu importe que vous soyez post-pay\u00e9 ou pr\u00e9par\u00e9, tout ce dont vous avez besoin est une carte de cr\u00e9dit ou de d\u00e9bit aupr\u00e8s de l&#039;une des plus grandes banques sud-africaines les plus fiables.<\/p>\n<h3>Comment faire une recharge MTN Afrique du Sud<\/h3>\n<p>1. Composez *136*10# pour vous inscrire \u00e0 la recharge MTN Eazi. Vous n&#039;avez qu&#039;\u00e0 le faire une seule fois et vous composez le m\u00eame num\u00e9ro pour recharger.<br \/>\n2. Achetez des forfaits de donn\u00e9es, du temps d&#039;antenne, des forfaits vocaux ou des SMS, n&#039;importe quel montant, n&#039;importe quel type<br \/>\n3. Commencez \u00e0 appeler, \u00e0 naviguer ou \u00e0 envoyer des SMS avec votre nouveau forfait. Lorsque vous en avez besoin de plus, r\u00e9p\u00e9tez tout simplement.<\/p>\n<h3>Pourquoi acheter une recharge mobile Afrique du Sud<\/h3>\n<p><strong>Recharge instantan\u00e9e<\/strong><\/p>\n<p>Vos forfaits de donn\u00e9es, de temps d&#039;antenne ou de SMS sont livr\u00e9s rapidement sur votre tablette, t\u00e9l\u00e9phone ou autre appareil mobile.<\/p>\n<p><strong>Recharge sans broche<\/strong><\/p>\n<p>Pas besoin de saisir un code PIN, des codes de composition ou des num\u00e9ros de bon pour activer votre forfait de donn\u00e9es, votre temps d&#039;antenne ou votre forfait SMS.<\/p>\n<p><strong>Plusieurs choix de paiement<\/strong><\/p>\n<p>Vous pouvez payer en utilisant votre carte de d\u00e9bit MasterCard ou votre carte de cr\u00e9dit Visa.<\/p>\n<p><strong>Recharges multiples<\/strong><\/p>\n<p>Vous pouvez recharger plusieurs num\u00e9ros, sur diff\u00e9rents r\u00e9seaux avec diff\u00e9rents \u00e9l\u00e9ments, en m\u00eame temps.<\/p>\n<h2>Conseils de recharge en ligne pour l&#039;Afrique du Sud<\/h2>\n<h3>Est-ce s\u00fbr?<\/h3>\n<p>Oui, s\u00fbr \u00e0 cent pour cent. Lorsque vous saisissez votre num\u00e9ro de carte et votre code PIN, ceux-ci restent entre votre banque et vous.<\/p>\n<p>Et pour garantir la s\u00e9curit\u00e9 de vos informations, Mastecard vous prot\u00e8ge.<\/p>\n<h3>Que puis-je acheter ?<\/h3>\n<p>N&#039;importe quoi, tant qu&#039;il s&#039;agit d&#039;une recharge vodacom Afrique du Sud ou d&#039;une recharge mtn Afrique du Sud, vous pouvez acheter tout ce que vous aimez, des forfaits voix, des forfaits donn\u00e9es, des forfaits SMS ou du temps d&#039;antenne de n&#039;importe quel montant.<\/p>","protected":false},"excerpt":{"rendered":"<p>Mobile Top Up South Africa Online Top up mobile phone in South Africa online now. Online top up South Africa made easy. Do\u00a0mobile top up South Africa online and save time and money. Online Top Up South Africa FAQs What is airtime top-up South Africa? Prepared mobile phones need airtime, also known as talktime or [&hellip;]<\/p>\n","protected":false},"author":1,"featured_media":19675,"parent":0,"menu_order":0,"comment_status":"open","ping_status":"closed","template":"template-home-modern.php","meta":{"footnotes":""},"class_list":["post-11208","page","type-page","status-publish","has-post-thumbnail","hentry"],"yoast_head":"<!-- This site is optimized with the Yoast SEO plugin v27.2 - https:\/\/yoast.com\/product\/yoast-seo-wordpress\/ -->\n<title>Online Top Up South Africa - Mobile Recharge<\/title>\n<meta name=\"description\" content=\"Looking for South Africa phone recharge - online top up South Africa? Do internet bill payment and cheap mobile top up South Africa online now\" \/>\n<meta name=\"robots\" content=\"index, follow, max-snippet:-1, max-image-preview:large, max-video-preview:-1\" \/>\n<link rel=\"canonical\" href=\"https:\/\/tiketi.com\/fr-fr\/online-top-up-south-africa-mobile\/\" \/>\n<meta property=\"og:locale\" content=\"fr_FR\" \/>\n<meta property=\"og:type\" content=\"article\" \/>\n<meta property=\"og:title\" content=\"Online Top Up South Africa - Mobile Recharge\" \/>\n<meta property=\"og:description\" content=\"Looking for South Africa phone recharge - online top up South Africa? Do internet bill payment and cheap mobile top up South Africa online now\" \/>\n<meta property=\"og:url\" content=\"https:\/\/tiketi.com\/fr-fr\/online-top-up-south-africa-mobile\/\" \/>\n<meta property=\"og:site_name\" content=\"Tiketi.com\" \/>\n<meta property=\"article:publisher\" content=\"https:\/\/www.facebook.com\/TiketiCom\/\" \/>\n<meta property=\"article:modified_time\" content=\"2022-02-18T16:33:20+00:00\" \/>\n<meta property=\"og:image\" content=\"https:\/\/tiketi.com\/wp-content\/uploads\/2019\/05\/data-packages-2029825_1280.jpg\" \/>\n\t<meta property=\"og:image:width\" content=\"1200\" \/>\n\t<meta property=\"og:image:height\" content=\"200\" \/>\n\t<meta property=\"og:image:type\" content=\"image\/jpeg\" \/>\n<meta name=\"twitter:card\" content=\"summary_large_image\" \/>\n<meta name=\"twitter:label1\" content=\"Dur\u00e9e de lecture estim\u00e9e\" \/>\n\t<meta name=\"twitter:data1\" content=\"3 minutes\" \/>\n<script type=\"application\/ld+json\" class=\"yoast-schema-graph\">{\"@context\":\"https:\/\/schema.org\",\"@graph\":[{\"@type\":\"WebPage\",\"@id\":\"https:\/\/tiketi.com\/online-top-up-south-africa-mobile\/\",\"url\":\"https:\/\/tiketi.com\/online-top-up-south-africa-mobile\/\",\"name\":\"Online Top Up South Africa - Mobile Recharge\",\"isPartOf\":{\"@id\":\"https:\/\/tiketi.com\/#website\"},\"primaryImageOfPage\":{\"@id\":\"https:\/\/tiketi.com\/online-top-up-south-africa-mobile\/#primaryimage\"},\"image\":{\"@id\":\"https:\/\/tiketi.com\/online-top-up-south-africa-mobile\/#primaryimage\"},\"thumbnailUrl\":\"https:\/\/tiketi.com\/wp-content\/uploads\/2019\/05\/data-packages-2029825_1280.jpg\",\"datePublished\":\"2022-01-19T11:54:21+00:00\",\"dateModified\":\"2022-02-18T16:33:20+00:00\",\"description\":\"Looking for South Africa phone recharge - online top up South Africa? Do internet bill payment and cheap mobile top up South Africa online now\",\"breadcrumb\":{\"@id\":\"https:\/\/tiketi.com\/online-top-up-south-africa-mobile\/#breadcrumb\"},\"inLanguage\":\"fr-FR\",\"potentialAction\":[{\"@type\":\"ReadAction\",\"target\":[\"https:\/\/tiketi.com\/online-top-up-south-africa-mobile\/\"]}]},{\"@type\":\"ImageObject\",\"inLanguage\":\"fr-FR\",\"@id\":\"https:\/\/tiketi.com\/online-top-up-south-africa-mobile\/#primaryimage\",\"url\":\"https:\/\/tiketi.com\/wp-content\/uploads\/2019\/05\/data-packages-2029825_1280.jpg\",\"contentUrl\":\"https:\/\/tiketi.com\/wp-content\/uploads\/2019\/05\/data-packages-2029825_1280.jpg\",\"width\":1200,\"height\":200,\"caption\":\"How to get Data Plan \/ Packages \/ Top Up\"},{\"@type\":\"BreadcrumbList\",\"@id\":\"https:\/\/tiketi.com\/online-top-up-south-africa-mobile\/#breadcrumb\",\"itemListElement\":[{\"@type\":\"ListItem\",\"position\":1,\"name\":\"Home\",\"item\":\"https:\/\/tiketi.com\/\"},{\"@type\":\"ListItem\",\"position\":2,\"name\":\"Online Top Up South Africa &#8211; Mobile Recharge\"}]},{\"@type\":\"WebSite\",\"@id\":\"https:\/\/tiketi.com\/#website\",\"url\":\"https:\/\/tiketi.com\/\",\"name\":\"Flight & Bus Tickets, Tour Packages & Activitites - Tiketi.com\",\"description\":\"Flight &amp; Bus Tickets, Tours, Activitites\",\"publisher\":{\"@id\":\"https:\/\/tiketi.com\/#organization\"},\"potentialAction\":[{\"@type\":\"SearchAction\",\"target\":{\"@type\":\"EntryPoint\",\"urlTemplate\":\"https:\/\/tiketi.com\/?s={search_term_string}\"},\"query-input\":{\"@type\":\"PropertyValueSpecification\",\"valueRequired\":true,\"valueName\":\"search_term_string\"}}],\"inLanguage\":\"fr-FR\"},{\"@type\":\"Organization\",\"@id\":\"https:\/\/tiketi.com\/#organization\",\"name\":\"Tiketi.com\",\"alternateName\":\"Tiketi\",\"url\":\"https:\/\/tiketi.com\/\",\"logo\":{\"@type\":\"ImageObject\",\"inLanguage\":\"fr-FR\",\"@id\":\"https:\/\/tiketi.com\/#\/schema\/logo\/image\/\",\"url\":\"https:\/\/tiketi.com\/wp-content\/uploads\/2019\/05\/tiketi-logo-696.png\",\"contentUrl\":\"https:\/\/tiketi.com\/wp-content\/uploads\/2019\/05\/tiketi-logo-696.png\",\"width\":696,\"height\":696,\"caption\":\"Tiketi.com\"},\"image\":{\"@id\":\"https:\/\/tiketi.com\/#\/schema\/logo\/image\/\"},\"sameAs\":[\"https:\/\/www.facebook.com\/TiketiCom\/\"]}]}<\/script>\n<!-- \/ Yoast SEO plugin. -->","yoast_head_json":{"title":"Recharge en ligne Afrique du Sud - Recharge mobile","description":"Vous cherchez une recharge de t\u00e9l\u00e9phone Afrique du Sud - recharge en ligne Afrique du Sud ? Payez vos factures Internet et rechargez des recharges mobiles bon march\u00e9 en Afrique du Sud en ligne maintenant","robots":{"index":"index","follow":"follow","max-snippet":"max-snippet:-1","max-image-preview":"max-image-preview:large","max-video-preview":"max-video-preview:-1"},"canonical":"https:\/\/tiketi.com\/fr-fr\/online-top-up-south-africa-mobile\/","og_locale":"fr_FR","og_type":"article","og_title":"Online Top Up South Africa - Mobile Recharge","og_description":"Looking for South Africa phone recharge - online top up South Africa? Do internet bill payment and cheap mobile top up South Africa online now","og_url":"https:\/\/tiketi.com\/fr-fr\/online-top-up-south-africa-mobile\/","og_site_name":"Tiketi.com","article_publisher":"https:\/\/www.facebook.com\/TiketiCom\/","article_modified_time":"2022-02-18T16:33:20+00:00","og_image":[{"width":1200,"height":200,"url":"https:\/\/tiketi.com\/wp-content\/uploads\/2019\/05\/data-packages-2029825_1280.jpg","type":"image\/jpeg"}],"twitter_card":"summary_large_image","twitter_misc":{"Dur\u00e9e de lecture estim\u00e9e":"3 minutes"},"schema":{"@context":"https:\/\/schema.org","@graph":[{"@type":"WebPage","@id":"https:\/\/tiketi.com\/online-top-up-south-africa-mobile\/","url":"https:\/\/tiketi.com\/online-top-up-south-africa-mobile\/","name":"Recharge en ligne Afrique du Sud - Recharge mobile","isPartOf":{"@id":"https:\/\/tiketi.com\/#website"},"primaryImageOfPage":{"@id":"https:\/\/tiketi.com\/online-top-up-south-africa-mobile\/#primaryimage"},"image":{"@id":"https:\/\/tiketi.com\/online-top-up-south-africa-mobile\/#primaryimage"},"thumbnailUrl":"https:\/\/tiketi.com\/wp-content\/uploads\/2019\/05\/data-packages-2029825_1280.jpg","datePublished":"2022-01-19T11:54:21+00:00","dateModified":"2022-02-18T16:33:20+00:00","description":"Vous cherchez une recharge de t\u00e9l\u00e9phone Afrique du Sud - recharge en ligne Afrique du Sud ? Payez vos factures Internet et rechargez des recharges mobiles bon march\u00e9 en Afrique du Sud en ligne maintenant","breadcrumb":{"@id":"https:\/\/tiketi.com\/online-top-up-south-africa-mobile\/#breadcrumb"},"inLanguage":"fr-FR","potentialAction":[{"@type":"ReadAction","target":["https:\/\/tiketi.com\/online-top-up-south-africa-mobile\/"]}]},{"@type":"ImageObject","inLanguage":"fr-FR","@id":"https:\/\/tiketi.com\/online-top-up-south-africa-mobile\/#primaryimage","url":"https:\/\/tiketi.com\/wp-content\/uploads\/2019\/05\/data-packages-2029825_1280.jpg","contentUrl":"https:\/\/tiketi.com\/wp-content\/uploads\/2019\/05\/data-packages-2029825_1280.jpg","width":1200,"height":200,"caption":"How to get Data Plan \/ Packages \/ Top Up"},{"@type":"BreadcrumbList","@id":"https:\/\/tiketi.com\/online-top-up-south-africa-mobile\/#breadcrumb","itemListElement":[{"@type":"ListItem","position":1,"name":"Home","item":"https:\/\/tiketi.com\/"},{"@type":"ListItem","position":2,"name":"Online Top Up South Africa &#8211; Mobile Recharge"}]},{"@type":"WebSite","@id":"https:\/\/tiketi.com\/#website","url":"https:\/\/tiketi.com\/","name":"Billets d&#039;avion et de bus, forfaits touristiques et activit\u00e9s - Tiketi.com","description":"Billets d&#039;avion et de bus, Tours, Activit\u00e9s","publisher":{"@id":"https:\/\/tiketi.com\/#organization"},"potentialAction":[{"@type":"SearchAction","target":{"@type":"EntryPoint","urlTemplate":"https:\/\/tiketi.com\/?s={search_term_string}"},"query-input":{"@type":"PropertyValueSpecification","valueRequired":true,"valueName":"search_term_string"}}],"inLanguage":"fr-FR"},{"@type":"Organization","@id":"https:\/\/tiketi.com\/#organization","name":"Tiketi.com","alternateName":"Tiketi","url":"https:\/\/tiketi.com\/","logo":{"@type":"ImageObject","inLanguage":"fr-FR","@id":"https:\/\/tiketi.com\/#\/schema\/logo\/image\/","url":"https:\/\/tiketi.com\/wp-content\/uploads\/2019\/05\/tiketi-logo-696.png","contentUrl":"https:\/\/tiketi.com\/wp-content\/uploads\/2019\/05\/tiketi-logo-696.png","width":696,"height":696,"caption":"Tiketi.com"},"image":{"@id":"https:\/\/tiketi.com\/#\/schema\/logo\/image\/"},"sameAs":["https:\/\/www.facebook.com\/TiketiCom\/"]}]}},"_links":{"self":[{"href":"https:\/\/tiketi.com\/fr-fr\/wp-json\/wp\/v2\/pages\/11208","targetHints":{"allow":["GET"]}}],"collection":[{"href":"https:\/\/tiketi.com\/fr-fr\/wp-json\/wp\/v2\/pages"}],"about":[{"href":"https:\/\/tiketi.com\/fr-fr\/wp-json\/wp\/v2\/types\/page"}],"author":[{"embeddable":true,"href":"https:\/\/tiketi.com\/fr-fr\/wp-json\/wp\/v2\/users\/1"}],"replies":[{"embeddable":true,"href":"https:\/\/tiketi.com\/fr-fr\/wp-json\/wp\/v2\/comments?post=11208"}],"version-history":[{"count":0,"href":"https:\/\/tiketi.com\/fr-fr\/wp-json\/wp\/v2\/pages\/11208\/revisions"}],"wp:featuredmedia":[{"embeddable":true,"href":"https:\/\/tiketi.com\/fr-fr\/wp-json\/wp\/v2\/media\/19675"}],"wp:attachment":[{"href":"https:\/\/tiketi.com\/fr-fr\/wp-json\/wp\/v2\/media?parent=11208"}],"curies":[{"name":"wp","href":"https:\/\/api.w.org\/{rel}","templated":true}]}}