{"id":11209,"date":"2022-01-19T12:54:22","date_gmt":"2022-01-19T11:54:22","guid":{"rendered":"https:\/\/new.tiketi.com\/online-top-up-tanzania-mobile-recharge\/"},"modified":"2022-02-18T17:35:07","modified_gmt":"2022-02-18T16:35:07","slug":"online-top-up-tanzania-mobile","status":"publish","type":"page","link":"https:\/\/tiketi.com\/fr-fr\/online-top-up-tanzania-mobile\/","title":{"rendered":"Recharge en ligne Tanzanie \u2013 Recharge mobile"},"content":{"rendered":"<h2>Recharge mobile en Tanzanie en ligne<\/h2>\n<h3>Rechargez un t\u00e9l\u00e9phone mobile en Tanzanie d\u00e8s maintenant en ligne.<\/h3>\n<p>Rechargez en ligne en Tanzanie en toute simplicit\u00e9. Effectuez une recharge mobile en Tanzanie en ligne et gagnez du temps et de l&#039;argent.<\/p>\n<h2>FAQ sur les recharges en ligne en Tanzanie<\/h2>\n<h3>Qu&#039;est-ce que la recharge en Tanzanie\u00a0?<\/h3>\n<p>Les t\u00e9l\u00e9phones portables pr\u00e9par\u00e9s ont besoin de temps d&#039;antenne, de cr\u00e9dit pour travailler ou de temps de conversation. Elle peut s&#039;av\u00e9rer tr\u00e8s utile en cas de rupture de stock, notamment si vous travaillez ou voyagez en Tanzanie et que vous ne savez pas o\u00f9 recharger votre t\u00e9l\u00e9phone.<\/p>\n<p>Envoyer du temps d&#039;antenne vers la Tanzanie est un moyen simple de recharger les t\u00e9l\u00e9phones tanzaniens de votre famille et de vos amis afin qu&#039;ils puissent passer des appels, envoyer des SMS et utiliser leurs donn\u00e9es. Avec la recharge t\u00e9l\u00e9phonique Tanzanie, vous pouvez recharger vos t\u00e9l\u00e9phones en utilisant n&#039;importe quel appareil dans plus de 145 pays \u00e0 travers la plan\u00e8te.<\/p>\n<h3>Comment envoyer du temps d\u2019antenne en Tanzanie\u00a0?<\/h3>\n<p>\u2022 L&#039;envoi d&#039;une recharge mobile vers la Tanzanie est s\u00fbr, rapide et s\u00e9curis\u00e9 et il n&#039;y a aucun frais pour ce service. Tout ce que vous avez \u00e0 faire est de\u00a0:<br \/>\n\u2022 Choisissez le service \u00ab\u00a0Airtime\u00a0\u00bb dans le menu d\u00e9roulant dans la zone Envoyer \u00e0 sur cette page.<br \/>\n\u2022 Vous serez ouvert avec une gamme de montants de recharge pour le r\u00e9seau sur lequel se trouve votre destinataire.<br \/>\n\u2022 Payer la recharge mobile en Tanzanie<br \/>\n\u2022 Vous et votre destinataire recevrez une notification par SMS une fois la recharge effectu\u00e9e.<\/p>\n<h2>Recharge Vodacom Tanzanie<\/h2>\n<p>Avec une base d&#039;abonn\u00e9s de plus de 8,6 millions, Vodacom Tanzanie Limited est le grand r\u00e9seau cellulaire tanzanien fournissant des services de communication GSM de pointe.<\/p>\n<p>Vodacom Tanzanie limit\u00e9e fournit un r\u00e9seau 3G et 2G exceptionnel avec une couverture nationale et un niveau de service extraordinaire \u00e0 un prix abordable, dans le but de donner \u00e0 des millions de Tanzaniens un acc\u00e8s significatif aux t\u00e9l\u00e9communications.<\/p>\n<p>La recharge Vodacom Tanzanie est totalement transparente et pour \u00e9viter toute mauvaise surprise au cours du processus, vous serez inform\u00e9 du montant que vous allez envoyer, du montant de la recharge et, le cas \u00e9ch\u00e9ant.<\/p>\n<p>Le mobile sera recharg\u00e9 en quelques secondes et vous serez \u00e9galement v\u00e9rifi\u00e9 par e-mail.<\/p>\n<h3>Quel est le d\u00e9lai moyen de recharge mobile en Tanzanie ?<\/h3>\n<p>La recharge est instantan\u00e9e. Choisissez votre technique de paiement s\u00e9curis\u00e9e pr\u00e9f\u00e9r\u00e9e et rechargez votre mobile en Tanzanie en ligne. Une fois le paiement envoy\u00e9, votre mobile de Vodacom Tanzanie sera recharg\u00e9 rapidement.<\/p>\n<p>Vous pouvez recharger n\u2019importe quel mod\u00e8le ou marque de t\u00e9l\u00e9phone du march\u00e9.<\/p>\n<h2>Recharge Airtel Tanzanie<\/h2>\n<h3>Comment recharger des cr\u00e9dits mobiles Airtel Tanzanie ?<\/h3>\n<p>\u2022 Rechargez vos donn\u00e9es mobiles ou votre cr\u00e9dit Airtel Tanzanie en 3 \u00e9tapes simples\u00a0:<br \/>\n\u2022 Choisissez le pays destinataire et entrez le num\u00e9ro de t\u00e9l\u00e9phone.<br \/>\n\u2022 Choisissez le montant de la recharge en ligne et le forfait de donn\u00e9es d&#039;Airtel Tanzanie et cliquez pour effectuer le paiement.<br \/>\n\u2022 Payez et obtenez. Une fois le paiement effectu\u00e9, le t\u00e9l\u00e9phone portable de votre destinataire sera recharg\u00e9.<\/p>\n<h3>Puis-je demander un remboursement si j&#039;ai commis une erreur\u00a0?<\/h3>\n<p>Si le t\u00e9l\u00e9phone portable que vous avez indiqu\u00e9 ne peut pas \u00eatre recharg\u00e9 et que votre paiement a \u00e9t\u00e9 accept\u00e9, vous pouvez demander que le cr\u00e9dit soit transf\u00e9r\u00e9 vers un autre num\u00e9ro. Dans tous les cas, apr\u00e8s deux jours ouvr\u00e9s, si la recharge Tanzanie n&#039;est pas en mesure de d\u00e9livrer le cr\u00e9dit, vous serez inform\u00e9 par email ou vous proposerez de recharger un autre num\u00e9ro.<\/p>\n<h3>Ma transaction est-elle s\u00e9curis\u00e9e ?<\/h3>\n<p>Concernant le paiement en lui-m\u00eame, la recharge t\u00e9l\u00e9phonique Tanzanie vous permet de payer par carte ou mobile money. La liste des techniques de paiement propos\u00e9es peut varier et elle sera toujours clairement pr\u00e9sent\u00e9e au moment de la confirmation de l&#039;achat, ainsi que le nom du partenaire de paiement qui prendra en charge lui-m\u00eame le paiement.<\/p>\n<h3>Autres principaux fournisseurs de services de t\u00e9l\u00e9phonie mobile en Tanzanie<\/h3>\n<p>\u2022 Tigo<br \/>\n\u2022Zantel<br \/>\n\u2022 Halotel<\/p>","protected":false},"excerpt":{"rendered":"<p>Mobile Top Up in Tanzania\u00a0Online Top up mobile phone in Tanzania online now. Online top up Tanzania made easy. Do\u00a0mobile top up in Tanzania online and save time and money. Online Top Up Tanzania FAQs What is top up Tanzania? Prepared mobile phones need airtime, credit to work or talk time. It can be very [&hellip;]<\/p>\n","protected":false},"author":1,"featured_media":19675,"parent":0,"menu_order":0,"comment_status":"open","ping_status":"closed","template":"template-home-modern.php","meta":{"footnotes":""},"class_list":["post-11209","page","type-page","status-publish","has-post-thumbnail","hentry"],"yoast_head":"<!-- This site is optimized with the Yoast SEO plugin v27.3 - https:\/\/yoast.com\/product\/yoast-seo-wordpress\/ -->\n<title>Online Top Up Tanzania - Mobile Recharge<\/title>\n<meta name=\"description\" content=\"Looking for Tanzania phone recharge - online top up Tanzania? Do internet bill payment and cheap mobile top up Tanzania online now\" \/>\n<meta name=\"robots\" content=\"index, follow, max-snippet:-1, max-image-preview:large, max-video-preview:-1\" \/>\n<link rel=\"canonical\" href=\"https:\/\/tiketi.com\/fr-fr\/online-top-up-tanzania-mobile\/\" \/>\n<meta property=\"og:locale\" content=\"fr_FR\" \/>\n<meta property=\"og:type\" content=\"article\" \/>\n<meta property=\"og:title\" content=\"Online Top Up Tanzania - Mobile Recharge\" \/>\n<meta property=\"og:description\" content=\"Looking for Tanzania phone recharge - online top up Tanzania? Do internet bill payment and cheap mobile top up Tanzania online now\" \/>\n<meta property=\"og:url\" content=\"https:\/\/tiketi.com\/fr-fr\/online-top-up-tanzania-mobile\/\" \/>\n<meta property=\"og:site_name\" content=\"Tiketi.com\" \/>\n<meta property=\"article:publisher\" content=\"https:\/\/www.facebook.com\/TiketiCom\/\" \/>\n<meta property=\"article:modified_time\" content=\"2022-02-18T16:35:07+00:00\" \/>\n<meta property=\"og:image\" content=\"https:\/\/tiketi.com\/wp-content\/uploads\/2019\/05\/data-packages-2029825_1280.jpg\" \/>\n\t<meta property=\"og:image:width\" content=\"1200\" \/>\n\t<meta property=\"og:image:height\" content=\"200\" \/>\n\t<meta property=\"og:image:type\" content=\"image\/jpeg\" \/>\n<meta name=\"twitter:card\" content=\"summary_large_image\" \/>\n<meta name=\"twitter:label1\" content=\"Dur\u00e9e de lecture estim\u00e9e\" \/>\n\t<meta name=\"twitter:data1\" content=\"3 minutes\" \/>\n<script type=\"application\/ld+json\" class=\"yoast-schema-graph\">{\"@context\":\"https:\\\/\\\/schema.org\",\"@graph\":[{\"@type\":\"WebPage\",\"@id\":\"https:\\\/\\\/tiketi.com\\\/online-top-up-tanzania-mobile\\\/\",\"url\":\"https:\\\/\\\/tiketi.com\\\/online-top-up-tanzania-mobile\\\/\",\"name\":\"Online Top Up Tanzania - Mobile Recharge\",\"isPartOf\":{\"@id\":\"https:\\\/\\\/tiketi.com\\\/#website\"},\"primaryImageOfPage\":{\"@id\":\"https:\\\/\\\/tiketi.com\\\/online-top-up-tanzania-mobile\\\/#primaryimage\"},\"image\":{\"@id\":\"https:\\\/\\\/tiketi.com\\\/online-top-up-tanzania-mobile\\\/#primaryimage\"},\"thumbnailUrl\":\"https:\\\/\\\/tiketi.com\\\/wp-content\\\/uploads\\\/2019\\\/05\\\/data-packages-2029825_1280.jpg\",\"datePublished\":\"2022-01-19T11:54:22+00:00\",\"dateModified\":\"2022-02-18T16:35:07+00:00\",\"description\":\"Looking for Tanzania phone recharge - online top up Tanzania? Do internet bill payment and cheap mobile top up Tanzania online now\",\"breadcrumb\":{\"@id\":\"https:\\\/\\\/tiketi.com\\\/online-top-up-tanzania-mobile\\\/#breadcrumb\"},\"inLanguage\":\"fr-FR\",\"potentialAction\":[{\"@type\":\"ReadAction\",\"target\":[\"https:\\\/\\\/tiketi.com\\\/online-top-up-tanzania-mobile\\\/\"]}]},{\"@type\":\"ImageObject\",\"inLanguage\":\"fr-FR\",\"@id\":\"https:\\\/\\\/tiketi.com\\\/online-top-up-tanzania-mobile\\\/#primaryimage\",\"url\":\"https:\\\/\\\/tiketi.com\\\/wp-content\\\/uploads\\\/2019\\\/05\\\/data-packages-2029825_1280.jpg\",\"contentUrl\":\"https:\\\/\\\/tiketi.com\\\/wp-content\\\/uploads\\\/2019\\\/05\\\/data-packages-2029825_1280.jpg\",\"width\":1200,\"height\":200,\"caption\":\"How to get Data Plan \\\/ Packages \\\/ Top Up\"},{\"@type\":\"BreadcrumbList\",\"@id\":\"https:\\\/\\\/tiketi.com\\\/online-top-up-tanzania-mobile\\\/#breadcrumb\",\"itemListElement\":[{\"@type\":\"ListItem\",\"position\":1,\"name\":\"Home\",\"item\":\"https:\\\/\\\/tiketi.com\\\/\"},{\"@type\":\"ListItem\",\"position\":2,\"name\":\"Online Top Up Tanzania &#8211; Mobile Recharge\"}]},{\"@type\":\"WebSite\",\"@id\":\"https:\\\/\\\/tiketi.com\\\/#website\",\"url\":\"https:\\\/\\\/tiketi.com\\\/\",\"name\":\"Flight & Bus Tickets, Tour Packages & Activitites - Tiketi.com\",\"description\":\"Flight &amp; Bus Tickets, Tours, Activitites\",\"publisher\":{\"@id\":\"https:\\\/\\\/tiketi.com\\\/#organization\"},\"potentialAction\":[{\"@type\":\"SearchAction\",\"target\":{\"@type\":\"EntryPoint\",\"urlTemplate\":\"https:\\\/\\\/tiketi.com\\\/?s={search_term_string}\"},\"query-input\":{\"@type\":\"PropertyValueSpecification\",\"valueRequired\":true,\"valueName\":\"search_term_string\"}}],\"inLanguage\":\"fr-FR\"},{\"@type\":\"Organization\",\"@id\":\"https:\\\/\\\/tiketi.com\\\/#organization\",\"name\":\"Tiketi.com\",\"alternateName\":\"Tiketi\",\"url\":\"https:\\\/\\\/tiketi.com\\\/\",\"logo\":{\"@type\":\"ImageObject\",\"inLanguage\":\"fr-FR\",\"@id\":\"https:\\\/\\\/tiketi.com\\\/#\\\/schema\\\/logo\\\/image\\\/\",\"url\":\"https:\\\/\\\/tiketi.com\\\/wp-content\\\/uploads\\\/2019\\\/05\\\/tiketi-logo-696.png\",\"contentUrl\":\"https:\\\/\\\/tiketi.com\\\/wp-content\\\/uploads\\\/2019\\\/05\\\/tiketi-logo-696.png\",\"width\":696,\"height\":696,\"caption\":\"Tiketi.com\"},\"image\":{\"@id\":\"https:\\\/\\\/tiketi.com\\\/#\\\/schema\\\/logo\\\/image\\\/\"},\"sameAs\":[\"https:\\\/\\\/www.facebook.com\\\/TiketiCom\\\/\"]}]}<\/script>\n<!-- \/ Yoast SEO plugin. -->","yoast_head_json":{"title":"Recharge en ligne Tanzanie - Recharge mobile","description":"Vous cherchez une recharge de t\u00e9l\u00e9phone en Tanzanie - recharge en ligne Tanzanie ? Payez vos factures Internet et rechargez des recharges mobiles bon march\u00e9 en Tanzanie maintenant en ligne","robots":{"index":"index","follow":"follow","max-snippet":"max-snippet:-1","max-image-preview":"max-image-preview:large","max-video-preview":"max-video-preview:-1"},"canonical":"https:\/\/tiketi.com\/fr-fr\/online-top-up-tanzania-mobile\/","og_locale":"fr_FR","og_type":"article","og_title":"Online Top Up Tanzania - Mobile Recharge","og_description":"Looking for Tanzania phone recharge - online top up Tanzania? Do internet bill payment and cheap mobile top up Tanzania online now","og_url":"https:\/\/tiketi.com\/fr-fr\/online-top-up-tanzania-mobile\/","og_site_name":"Tiketi.com","article_publisher":"https:\/\/www.facebook.com\/TiketiCom\/","article_modified_time":"2022-02-18T16:35:07+00:00","og_image":[{"width":1200,"height":200,"url":"https:\/\/tiketi.com\/wp-content\/uploads\/2019\/05\/data-packages-2029825_1280.jpg","type":"image\/jpeg"}],"twitter_card":"summary_large_image","twitter_misc":{"Dur\u00e9e de lecture estim\u00e9e":"3 minutes"},"schema":{"@context":"https:\/\/schema.org","@graph":[{"@type":"WebPage","@id":"https:\/\/tiketi.com\/online-top-up-tanzania-mobile\/","url":"https:\/\/tiketi.com\/online-top-up-tanzania-mobile\/","name":"Recharge en ligne Tanzanie - Recharge mobile","isPartOf":{"@id":"https:\/\/tiketi.com\/#website"},"primaryImageOfPage":{"@id":"https:\/\/tiketi.com\/online-top-up-tanzania-mobile\/#primaryimage"},"image":{"@id":"https:\/\/tiketi.com\/online-top-up-tanzania-mobile\/#primaryimage"},"thumbnailUrl":"https:\/\/tiketi.com\/wp-content\/uploads\/2019\/05\/data-packages-2029825_1280.jpg","datePublished":"2022-01-19T11:54:22+00:00","dateModified":"2022-02-18T16:35:07+00:00","description":"Vous cherchez une recharge de t\u00e9l\u00e9phone en Tanzanie - recharge en ligne Tanzanie ? Payez vos factures Internet et rechargez des recharges mobiles bon march\u00e9 en Tanzanie maintenant en ligne","breadcrumb":{"@id":"https:\/\/tiketi.com\/online-top-up-tanzania-mobile\/#breadcrumb"},"inLanguage":"fr-FR","potentialAction":[{"@type":"ReadAction","target":["https:\/\/tiketi.com\/online-top-up-tanzania-mobile\/"]}]},{"@type":"ImageObject","inLanguage":"fr-FR","@id":"https:\/\/tiketi.com\/online-top-up-tanzania-mobile\/#primaryimage","url":"https:\/\/tiketi.com\/wp-content\/uploads\/2019\/05\/data-packages-2029825_1280.jpg","contentUrl":"https:\/\/tiketi.com\/wp-content\/uploads\/2019\/05\/data-packages-2029825_1280.jpg","width":1200,"height":200,"caption":"How to get Data Plan \/ Packages \/ Top Up"},{"@type":"BreadcrumbList","@id":"https:\/\/tiketi.com\/online-top-up-tanzania-mobile\/#breadcrumb","itemListElement":[{"@type":"ListItem","position":1,"name":"Home","item":"https:\/\/tiketi.com\/"},{"@type":"ListItem","position":2,"name":"Online Top Up Tanzania &#8211; Mobile Recharge"}]},{"@type":"WebSite","@id":"https:\/\/tiketi.com\/#website","url":"https:\/\/tiketi.com\/","name":"Billets d&#039;avion et de bus, forfaits touristiques et activit\u00e9s - Tiketi.com","description":"Billets d&#039;avion et de bus, Tours, Activit\u00e9s","publisher":{"@id":"https:\/\/tiketi.com\/#organization"},"potentialAction":[{"@type":"SearchAction","target":{"@type":"EntryPoint","urlTemplate":"https:\/\/tiketi.com\/?s={search_term_string}"},"query-input":{"@type":"PropertyValueSpecification","valueRequired":true,"valueName":"search_term_string"}}],"inLanguage":"fr-FR"},{"@type":"Organization","@id":"https:\/\/tiketi.com\/#organization","name":"Tiketi.com","alternateName":"Tiketi","url":"https:\/\/tiketi.com\/","logo":{"@type":"ImageObject","inLanguage":"fr-FR","@id":"https:\/\/tiketi.com\/#\/schema\/logo\/image\/","url":"https:\/\/tiketi.com\/wp-content\/uploads\/2019\/05\/tiketi-logo-696.png","contentUrl":"https:\/\/tiketi.com\/wp-content\/uploads\/2019\/05\/tiketi-logo-696.png","width":696,"height":696,"caption":"Tiketi.com"},"image":{"@id":"https:\/\/tiketi.com\/#\/schema\/logo\/image\/"},"sameAs":["https:\/\/www.facebook.com\/TiketiCom\/"]}]}},"_links":{"self":[{"href":"https:\/\/tiketi.com\/fr-fr\/wp-json\/wp\/v2\/pages\/11209","targetHints":{"allow":["GET"]}}],"collection":[{"href":"https:\/\/tiketi.com\/fr-fr\/wp-json\/wp\/v2\/pages"}],"about":[{"href":"https:\/\/tiketi.com\/fr-fr\/wp-json\/wp\/v2\/types\/page"}],"author":[{"embeddable":true,"href":"https:\/\/tiketi.com\/fr-fr\/wp-json\/wp\/v2\/users\/1"}],"replies":[{"embeddable":true,"href":"https:\/\/tiketi.com\/fr-fr\/wp-json\/wp\/v2\/comments?post=11209"}],"version-history":[{"count":0,"href":"https:\/\/tiketi.com\/fr-fr\/wp-json\/wp\/v2\/pages\/11209\/revisions"}],"wp:featuredmedia":[{"embeddable":true,"href":"https:\/\/tiketi.com\/fr-fr\/wp-json\/wp\/v2\/media\/19675"}],"wp:attachment":[{"href":"https:\/\/tiketi.com\/fr-fr\/wp-json\/wp\/v2\/media?parent=11209"}],"curies":[{"name":"wp","href":"https:\/\/api.w.org\/{rel}","templated":true}]}}