{"id":11210,"date":"2022-01-19T12:54:22","date_gmt":"2022-01-19T11:54:22","guid":{"rendered":"https:\/\/new.tiketi.com\/limousine-rental-port-louis-mauritius\/"},"modified":"2023-08-18T16:53:01","modified_gmt":"2023-08-18T15:53:01","slug":"limousine-hire-port-louis-mauritius","status":"publish","type":"page","link":"https:\/\/tiketi.com\/fr-fr\/limousine-hire-port-louis-mauritius\/","title":{"rendered":"Location de limousine \u00e0 Port Louis Ile Maurice \u2013 Location au meilleur prix"},"content":{"rendered":"<h2>Location de limousine pas cher \u00e0 Port Louis, Ile Maurice<\/h2>\n<h3>Comparez les prix de location de limousines \u00e0 bas prix et faites une location de limousine \u00e0 Port Louis en ligne maintenant.<\/h3>\n<p>La location de limousine pas cher \u00e0 Port Louis Maurice en toute simplicit\u00e9. Port Louis est la capitale de l&#039;\u00eele Maurice, ce qui constitue un endroit charmant \u00e0 d\u00e9couvrir pour tout visiteur visitant cet endroit. Il y a des b\u00e2timents c\u00e9l\u00e8bres et d&#039;innombrables b\u00e2timents coloniaux que vous pouvez voir \u00e0 Maurice et qui valent vraiment la peine de faire un voyage, de visiter et d&#039;explorer. Il existe de nombreux lieux historiques qui valent la peine d&#039;\u00eatre visit\u00e9s, tels que le mus\u00e9e du Timbre, le mus\u00e9e d&#039;histoire nationale, le bazar de Port Louis, le mus\u00e9e Blue Penny, le fort Adelaide, le front de mer de Caudan avec l&#039;aide d&#039;une location de limousine \u00e0 Port Louis, \u00e0 Maurice. Ces lieux historiques vous laisseront certainement sans voix devant ses magnifiques paysages et son panorama. Louez une limousine en ligne \u00e0 Port Louis, \u00e0 Maurice et gagnez du temps et de l&#039;argent.<\/p>\n<h2>Meilleure location de limousine \u00e0 Port Louis Ile Maurice Conseils<\/h2>\n<p>Voici quelques-uns des avantages de la location de limousine Port Louis, Ile Maurice :<\/p>\n<h3>La location de limousine \u00e0 Port Louis est excellente pour les \u00e9v\u00e9nements sp\u00e9ciaux<\/h3>\n<p>La location de limousine pas ch\u00e8re \u00e0 Port Louis, Maurice est id\u00e9ale pour les \u00e9v\u00e9nements sp\u00e9ciaux. Quel que soit le type d&#039;occasion que vous pr\u00e9voyez d&#039;avoir, les limousines sont des choix remarquables pour que votre c\u00e9l\u00e9brant ou vos invit\u00e9s se sentent d\u00e9tendus et sp\u00e9ciaux lorsqu&#039;ils se rendent \u00e0 l&#039;endroit o\u00f9 se d\u00e9roule l&#039;\u00e9v\u00e9nement.<\/p>\n<h3>Location de limousine de f\u00eate \u00e0 Port Louis<\/h3>\n<p>Vous pouvez louer une limousine de f\u00eate \u00e0 Port Louis, \u00e0 Maurice, pour des \u00e9v\u00e9nements sp\u00e9ciaux tels que des anniversaires, des remises de dipl\u00f4mes, des anniversaires, des mariages et bien plus encore. Avec un service de location de limousine \u00e0 Port Louis, Maurice comme celui-ci, vous n&#039;aurez plus \u00e0 h\u00e9siter sur les heures de prise en charge et de restitution car les chauffeurs assign\u00e9s sont extr\u00eamement ponctuels.<\/p>\n<p>Si vous y r\u00e9fl\u00e9chissez, avoir ce type de service peut \u00e9galement \u00eatre utile surtout s&#039;il pleut. Vous ou vos invit\u00e9s ne serez jamais tremp\u00e9s par la pluie.<\/p>\n<h3>Tranquillit\u00e9 d&#039;esprit<\/h3>\n<p>Comme nous le savons tous, chaque fois que nous nous rendons dans un nouvel endroit par exemple, nous devons tous faire face \u00e0 tous les tracas li\u00e9s au stationnement, \u00e0 la conduite, sans parler de la circulation. Vous n&#039;avez plus \u00e0 passer par tout cela et profitez simplement de votre exp\u00e9rience de voyage si vous engagez l&#039;aide d&#039;un expert. Vous pouvez simplement vous asseoir et vous d\u00e9tendre et laisser votre chauffeur priv\u00e9 expert faire tout le trajet avec la location de limousine \u00e0 Port Louis, Maurice pour un service bon march\u00e9.<\/p>\n<h3>Location de limousine relaxante et \u00e9conomique \u00e0 Port Louis<\/h3>\n<p>Beaucoup de gens pensent que seuls les riches peuvent r\u00e9server une location de limousine \u00e0 Port Louis, Ile Maurice. C&#039;est en fait une id\u00e9e erron\u00e9e. Les limousines peuvent accueillir beaucoup de personnes. Donc, si vous essayez de le calculer, obtenir un taxi pour un nombre sp\u00e9cial de personnes est le m\u00eame que le prix que vous paierez si vous utilisez une limousine. D&#039;autre part, vous et vos amis, invit\u00e9s ou membres de votre famille pouvez voyager avec confort et style. Il n&#039;y a rien de plus \u00e9tonnant que de se d\u00e9tendre dans une limousine tout en conduisant \u00e0 l&#039;endroit souhait\u00e9.<\/p>","protected":false},"excerpt":{"rendered":"<p>Cheap Limousine Hire in Port Louis, Mauritius Compare cheap limousine hire prices and do limo hire in Port Louis online now. Cheap limousine rental in Port Louis Mauritius made easy. Port Louis is Mauritius capital city, which is a charming spot to spot over for any visitor visiting in this location. There are famous buildings [&hellip;]<\/p>\n","protected":false},"author":1,"featured_media":20287,"parent":0,"menu_order":0,"comment_status":"open","ping_status":"closed","template":"template-home-modern.php","meta":{"footnotes":""},"class_list":["post-11210","page","type-page","status-publish","has-post-thumbnail","hentry"],"yoast_head":"<!-- This site is optimized with the Yoast SEO plugin v27.2 - https:\/\/yoast.com\/product\/yoast-seo-wordpress\/ -->\n<title>Limousine Rental in Port Louis \u2013 Best Limousine Rental and Prices<\/title>\n<meta name=\"description\" content=\"Looking for online limousine hire in Port Louis Mauritius ? Compare Limousine rental in Port Louis online and get the best limousine hire prices - book now\" \/>\n<meta name=\"robots\" content=\"index, follow, max-snippet:-1, max-image-preview:large, max-video-preview:-1\" \/>\n<link rel=\"canonical\" href=\"https:\/\/tiketi.com\/fr-fr\/limousine-hire-port-louis-mauritius\/\" \/>\n<meta property=\"og:locale\" content=\"fr_FR\" \/>\n<meta property=\"og:type\" content=\"article\" \/>\n<meta property=\"og:title\" content=\"Limousine Rental in Port Louis \u2013 Best Limousine Rental and Prices\" \/>\n<meta property=\"og:description\" content=\"Looking for online limousine hire in Port Louis Mauritius ? Compare Limousine rental in Port Louis online and get the best limousine hire prices - book now\" \/>\n<meta property=\"og:url\" content=\"https:\/\/tiketi.com\/fr-fr\/limousine-hire-port-louis-mauritius\/\" \/>\n<meta property=\"og:site_name\" content=\"Tiketi.com\" \/>\n<meta property=\"article:publisher\" content=\"https:\/\/www.facebook.com\/TiketiCom\/\" \/>\n<meta property=\"article:modified_time\" content=\"2023-08-18T15:53:01+00:00\" \/>\n<meta property=\"og:image\" content=\"https:\/\/tiketi.com\/wp-content\/uploads\/2019\/05\/limousine-hire.jpg\" \/>\n\t<meta property=\"og:image:width\" content=\"1200\" \/>\n\t<meta property=\"og:image:height\" content=\"200\" \/>\n\t<meta property=\"og:image:type\" content=\"image\/jpeg\" \/>\n<meta name=\"twitter:card\" content=\"summary_large_image\" \/>\n<meta name=\"twitter:label1\" content=\"Dur\u00e9e de lecture estim\u00e9e\" \/>\n\t<meta name=\"twitter:data1\" content=\"3 minutes\" \/>\n<script type=\"application\/ld+json\" class=\"yoast-schema-graph\">{\"@context\":\"https:\/\/schema.org\",\"@graph\":[{\"@type\":\"WebPage\",\"@id\":\"https:\/\/tiketi.com\/en-gb\/limousine-hire-port-louis-mauritius\/\",\"url\":\"https:\/\/tiketi.com\/en-gb\/limousine-hire-port-louis-mauritius\/\",\"name\":\"Limousine Rental in Port Louis \u2013 Best Limousine Rental and Prices\",\"isPartOf\":{\"@id\":\"https:\/\/tiketi.com\/#website\"},\"primaryImageOfPage\":{\"@id\":\"https:\/\/tiketi.com\/en-gb\/limousine-hire-port-louis-mauritius\/#primaryimage\"},\"image\":{\"@id\":\"https:\/\/tiketi.com\/en-gb\/limousine-hire-port-louis-mauritius\/#primaryimage\"},\"thumbnailUrl\":\"https:\/\/tiketi.com\/wp-content\/uploads\/2019\/05\/limousine-hire.jpg\",\"datePublished\":\"2022-01-19T11:54:22+00:00\",\"dateModified\":\"2023-08-18T15:53:01+00:00\",\"description\":\"Looking for online limousine hire in Port Louis Mauritius ? Compare Limousine rental in Port Louis online and get the best limousine hire prices - book now\",\"breadcrumb\":{\"@id\":\"https:\/\/tiketi.com\/en-gb\/limousine-hire-port-louis-mauritius\/#breadcrumb\"},\"inLanguage\":\"fr-FR\",\"potentialAction\":[{\"@type\":\"ReadAction\",\"target\":[\"https:\/\/tiketi.com\/en-gb\/limousine-hire-port-louis-mauritius\/\"]}]},{\"@type\":\"ImageObject\",\"inLanguage\":\"fr-FR\",\"@id\":\"https:\/\/tiketi.com\/en-gb\/limousine-hire-port-louis-mauritius\/#primaryimage\",\"url\":\"https:\/\/tiketi.com\/wp-content\/uploads\/2019\/05\/limousine-hire.jpg\",\"contentUrl\":\"https:\/\/tiketi.com\/wp-content\/uploads\/2019\/05\/limousine-hire.jpg\",\"width\":1200,\"height\":200,\"caption\":\"Limousine Hire\"},{\"@type\":\"BreadcrumbList\",\"@id\":\"https:\/\/tiketi.com\/en-gb\/limousine-hire-port-louis-mauritius\/#breadcrumb\",\"itemListElement\":[{\"@type\":\"ListItem\",\"position\":1,\"name\":\"Home\",\"item\":\"https:\/\/tiketi.com\/\"},{\"@type\":\"ListItem\",\"position\":2,\"name\":\"Limousine Rental in Port Louis Mauritius \u2013 Best Price Hire\"}]},{\"@type\":\"WebSite\",\"@id\":\"https:\/\/tiketi.com\/#website\",\"url\":\"https:\/\/tiketi.com\/\",\"name\":\"Flight & Bus Tickets, Tour Packages & Activitites - Tiketi.com\",\"description\":\"Flight &amp; Bus Tickets, Tours, Activitites\",\"publisher\":{\"@id\":\"https:\/\/tiketi.com\/#organization\"},\"potentialAction\":[{\"@type\":\"SearchAction\",\"target\":{\"@type\":\"EntryPoint\",\"urlTemplate\":\"https:\/\/tiketi.com\/?s={search_term_string}\"},\"query-input\":{\"@type\":\"PropertyValueSpecification\",\"valueRequired\":true,\"valueName\":\"search_term_string\"}}],\"inLanguage\":\"fr-FR\"},{\"@type\":\"Organization\",\"@id\":\"https:\/\/tiketi.com\/#organization\",\"name\":\"Tiketi.com\",\"alternateName\":\"Tiketi\",\"url\":\"https:\/\/tiketi.com\/\",\"logo\":{\"@type\":\"ImageObject\",\"inLanguage\":\"fr-FR\",\"@id\":\"https:\/\/tiketi.com\/#\/schema\/logo\/image\/\",\"url\":\"https:\/\/tiketi.com\/wp-content\/uploads\/2019\/05\/tiketi-logo-696.png\",\"contentUrl\":\"https:\/\/tiketi.com\/wp-content\/uploads\/2019\/05\/tiketi-logo-696.png\",\"width\":696,\"height\":696,\"caption\":\"Tiketi.com\"},\"image\":{\"@id\":\"https:\/\/tiketi.com\/#\/schema\/logo\/image\/\"},\"sameAs\":[\"https:\/\/www.facebook.com\/TiketiCom\/\"]}]}<\/script>\n<!-- \/ Yoast SEO plugin. -->","yoast_head_json":{"title":"Location de limousine \u00e0 Port Louis \u2013 Meilleure location de limousine et prix","description":"Vous recherchez une location de limousine en ligne \u00e0 Port Louis Ile Maurice ? Comparez la location de limousine \u00e0 Port Louis en ligne et obtenez les meilleurs prix de location de limousine - r\u00e9servez maintenant","robots":{"index":"index","follow":"follow","max-snippet":"max-snippet:-1","max-image-preview":"max-image-preview:large","max-video-preview":"max-video-preview:-1"},"canonical":"https:\/\/tiketi.com\/fr-fr\/limousine-hire-port-louis-mauritius\/","og_locale":"fr_FR","og_type":"article","og_title":"Limousine Rental in Port Louis \u2013 Best Limousine Rental and Prices","og_description":"Looking for online limousine hire in Port Louis Mauritius ? Compare Limousine rental in Port Louis online and get the best limousine hire prices - book now","og_url":"https:\/\/tiketi.com\/fr-fr\/limousine-hire-port-louis-mauritius\/","og_site_name":"Tiketi.com","article_publisher":"https:\/\/www.facebook.com\/TiketiCom\/","article_modified_time":"2023-08-18T15:53:01+00:00","og_image":[{"width":1200,"height":200,"url":"https:\/\/tiketi.com\/wp-content\/uploads\/2019\/05\/limousine-hire.jpg","type":"image\/jpeg"}],"twitter_card":"summary_large_image","twitter_misc":{"Dur\u00e9e de lecture estim\u00e9e":"3 minutes"},"schema":{"@context":"https:\/\/schema.org","@graph":[{"@type":"WebPage","@id":"https:\/\/tiketi.com\/en-gb\/limousine-hire-port-louis-mauritius\/","url":"https:\/\/tiketi.com\/en-gb\/limousine-hire-port-louis-mauritius\/","name":"Location de limousine \u00e0 Port Louis \u2013 Meilleure location de limousine et prix","isPartOf":{"@id":"https:\/\/tiketi.com\/#website"},"primaryImageOfPage":{"@id":"https:\/\/tiketi.com\/en-gb\/limousine-hire-port-louis-mauritius\/#primaryimage"},"image":{"@id":"https:\/\/tiketi.com\/en-gb\/limousine-hire-port-louis-mauritius\/#primaryimage"},"thumbnailUrl":"https:\/\/tiketi.com\/wp-content\/uploads\/2019\/05\/limousine-hire.jpg","datePublished":"2022-01-19T11:54:22+00:00","dateModified":"2023-08-18T15:53:01+00:00","description":"Vous recherchez une location de limousine en ligne \u00e0 Port Louis Ile Maurice ? Comparez la location de limousine \u00e0 Port Louis en ligne et obtenez les meilleurs prix de location de limousine - r\u00e9servez maintenant","breadcrumb":{"@id":"https:\/\/tiketi.com\/en-gb\/limousine-hire-port-louis-mauritius\/#breadcrumb"},"inLanguage":"fr-FR","potentialAction":[{"@type":"ReadAction","target":["https:\/\/tiketi.com\/en-gb\/limousine-hire-port-louis-mauritius\/"]}]},{"@type":"ImageObject","inLanguage":"fr-FR","@id":"https:\/\/tiketi.com\/en-gb\/limousine-hire-port-louis-mauritius\/#primaryimage","url":"https:\/\/tiketi.com\/wp-content\/uploads\/2019\/05\/limousine-hire.jpg","contentUrl":"https:\/\/tiketi.com\/wp-content\/uploads\/2019\/05\/limousine-hire.jpg","width":1200,"height":200,"caption":"Limousine Hire"},{"@type":"BreadcrumbList","@id":"https:\/\/tiketi.com\/en-gb\/limousine-hire-port-louis-mauritius\/#breadcrumb","itemListElement":[{"@type":"ListItem","position":1,"name":"Home","item":"https:\/\/tiketi.com\/"},{"@type":"ListItem","position":2,"name":"Limousine Rental in Port Louis Mauritius \u2013 Best Price Hire"}]},{"@type":"WebSite","@id":"https:\/\/tiketi.com\/#website","url":"https:\/\/tiketi.com\/","name":"Billets d&#039;avion et de bus, forfaits touristiques et activit\u00e9s - Tiketi.com","description":"Billets d&#039;avion et de bus, Tours, Activit\u00e9s","publisher":{"@id":"https:\/\/tiketi.com\/#organization"},"potentialAction":[{"@type":"SearchAction","target":{"@type":"EntryPoint","urlTemplate":"https:\/\/tiketi.com\/?s={search_term_string}"},"query-input":{"@type":"PropertyValueSpecification","valueRequired":true,"valueName":"search_term_string"}}],"inLanguage":"fr-FR"},{"@type":"Organization","@id":"https:\/\/tiketi.com\/#organization","name":"Tiketi.com","alternateName":"Tiketi","url":"https:\/\/tiketi.com\/","logo":{"@type":"ImageObject","inLanguage":"fr-FR","@id":"https:\/\/tiketi.com\/#\/schema\/logo\/image\/","url":"https:\/\/tiketi.com\/wp-content\/uploads\/2019\/05\/tiketi-logo-696.png","contentUrl":"https:\/\/tiketi.com\/wp-content\/uploads\/2019\/05\/tiketi-logo-696.png","width":696,"height":696,"caption":"Tiketi.com"},"image":{"@id":"https:\/\/tiketi.com\/#\/schema\/logo\/image\/"},"sameAs":["https:\/\/www.facebook.com\/TiketiCom\/"]}]}},"_links":{"self":[{"href":"https:\/\/tiketi.com\/fr-fr\/wp-json\/wp\/v2\/pages\/11210","targetHints":{"allow":["GET"]}}],"collection":[{"href":"https:\/\/tiketi.com\/fr-fr\/wp-json\/wp\/v2\/pages"}],"about":[{"href":"https:\/\/tiketi.com\/fr-fr\/wp-json\/wp\/v2\/types\/page"}],"author":[{"embeddable":true,"href":"https:\/\/tiketi.com\/fr-fr\/wp-json\/wp\/v2\/users\/1"}],"replies":[{"embeddable":true,"href":"https:\/\/tiketi.com\/fr-fr\/wp-json\/wp\/v2\/comments?post=11210"}],"version-history":[{"count":0,"href":"https:\/\/tiketi.com\/fr-fr\/wp-json\/wp\/v2\/pages\/11210\/revisions"}],"wp:featuredmedia":[{"embeddable":true,"href":"https:\/\/tiketi.com\/fr-fr\/wp-json\/wp\/v2\/media\/20287"}],"wp:attachment":[{"href":"https:\/\/tiketi.com\/fr-fr\/wp-json\/wp\/v2\/media?parent=11210"}],"curies":[{"name":"wp","href":"https:\/\/api.w.org\/{rel}","templated":true}]}}