{"id":11211,"date":"2022-01-19T12:54:22","date_gmt":"2022-01-19T11:54:22","guid":{"rendered":"https:\/\/new.tiketi.com\/limousine-rental-kigali-rwanda\/"},"modified":"2022-02-16T16:11:52","modified_gmt":"2022-02-16T15:11:52","slug":"limousine-hire-kigali","status":"publish","type":"page","link":"https:\/\/tiketi.com\/fr-fr\/limousine-hire-kigali\/","title":{"rendered":"Location de limousine \u00e0 Kigali Rwanda - Meilleure location de limousine et prix"},"content":{"rendered":"<h2>Location de limousine pas cher \u00e0 Kigali Rwanda<\/h2>\n<h3>Comparez les prix de location de limousines \u00e0 bas prix et faites une location de limousine \u00e0 Kigali Rwanda en ligne maintenant.<\/h3>\n<p>La location de limousine pas ch\u00e8re \u00e0 Kigali devient facile. La limousine ou simplement la limousine est l&#039;un des v\u00e9hicules de luxe les plus c\u00e9l\u00e8bres de la plan\u00e8te qui a \u00e9t\u00e9 utilis\u00e9 au fil des ans pour des spectacles, des mariages, des tournages vid\u00e9o, entre autres \u00e9v\u00e9nements uniques. Le style de carrosserie \u00e9tir\u00e9 associ\u00e9 \u00e0 un bar unique comme les si\u00e8ges relaxants, l&#039;int\u00e9rieur et l&#039;intimit\u00e9 offrira au couple un voyage relaxant vers et depuis l&#039;\u00e9glise\/r\u00e9ception tout en faisant cette grande entr\u00e9e qui surprendra vos invit\u00e9s. La limousine montre la classe, la richesse et le style le plus vital aux amis et \u00e0 la famille en ajoutant de la couleur et du piquant \u00e0 votre journ\u00e9e unique. La location de limousine \u00e0 Kigali peut vous montrer une limousine blanche ou noire avec chauffeur et carburant pour un \u00e9v\u00e9nement dans la ville de Kigali ou dans toute autre r\u00e9gion voisine. Faites la location de limousine en ligne \u00e0 Kigali et \u00e9conomisez du temps et de l&#039;argent.<\/p>\n<h2>Meilleure location de limousine \u00e0 Kigali FAQ<\/h2>\n<p>Contrairement aux taxis, les limousines sont g\u00e9n\u00e9ralement conduites par des experts agr\u00e9\u00e9s qui sont form\u00e9s pour ne jamais d\u00e9passer la limite de vitesse. Ainsi, vous pouvez \u00eatre assur\u00e9 d&#039;arriver chez vous sain et sauf. Vous avez \u00e9galement l&#039;avantage de demander au conducteur d\u00e9sign\u00e9 de ralentir si vous sentez qu&#039;il roule vite. De plus, les limousines sont des v\u00e9hicules plus solides et sont donc capables de vous aider \u00e0 arriver chez vous indemne.<\/p>\n<h3>Location de limousines \u00e0 Kigali<\/h3>\n<p>Une location de limousine bon march\u00e9 \u00e0 Kigali est l&#039;un des meilleurs v\u00e9hicules dont vous pouvez profiter pour impressionner vos amis, vos clients et m\u00eame vos connaissances. Vous n&#039;avez m\u00eame pas besoin de poss\u00e9der une limousine pour surprendre les gens. Tout ce que vous avez \u00e0 faire est de faire une r\u00e9servation aupr\u00e8s d&#039;une limousine de location \u00e0 Kigali pour une entreprise de services bon march\u00e9, en leur demandant de vous d\u00e9poser \u00e0 l&#039;endroit de votre choix. Si vous vous rendez \u00e0 une r\u00e9union avec un client, une limousine aura certainement un impact important. En outre, une limousine peut \u00eatre utilis\u00e9e pour r\u00e9cup\u00e9rer des clients vitaux lorsqu&#039;ils arrivent pour un voyage d&#039;affaires. Les chauffeurs qui conduisent ces bus sont g\u00e9n\u00e9ralement assez sympathiques, exp\u00e9riment\u00e9s et connaissent assez bien la ville. Ils seront capables de vous emmener dans Kigali sans trop de tracas.<\/p>\n<h3>Location de limousine mariage Kigali<\/h3>\n<p>En louant une location de limousine de mariage \u00e0 Kigali, vous pouvez cr\u00e9er des souvenirs incroyables le jour de votre mariage. Une location de limousine de f\u00eate \u00e0 Kigali est capable d&#039;accueillir toute la noce. Il est \u00e9galement assez grand pour s&#039;assurer qu&#039;une bande de copines profite d&#039;une soir\u00e9e entre filles. Vous promettrez une balade relaxante avant et apr\u00e8s l&#039;\u00e9v\u00e9nement. Une limousine est s\u00fbre d&#039;avoir le meilleur type d&#039;impact et sera \u00e9galement plus belle sur les photos.<\/p>","protected":false},"excerpt":{"rendered":"<p>Cheap Limousine Hire in Kigali Rwanda Compare cheap limousine hire prices and do limo hire in Kigali Rwanda online now. Cheap limousine hire in Kigali made easy.\u00a0The Limousine or just limo is one of the most famous luxury vehicles in the planet which has been used over the years for shows, weddings, video shoots among [&hellip;]<\/p>\n","protected":false},"author":1,"featured_media":20287,"parent":0,"menu_order":0,"comment_status":"open","ping_status":"closed","template":"template-home-modern.php","meta":{"footnotes":""},"class_list":["post-11211","page","type-page","status-publish","has-post-thumbnail","hentry"],"yoast_head":"<!-- This site is optimized with the Yoast SEO plugin v27.3 - https:\/\/yoast.com\/product\/yoast-seo-wordpress\/ -->\n<title>Limousine Rental in Kigali Rwanda \u2013 Best Limousine Rental and Prices<\/title>\n<meta name=\"description\" content=\"Looking for online limousine hire in Kigali? Compare Limousine rental in Kigali online and get the best limousine hire prices - book now\" \/>\n<meta name=\"robots\" content=\"index, follow, max-snippet:-1, max-image-preview:large, max-video-preview:-1\" \/>\n<link rel=\"canonical\" href=\"https:\/\/tiketi.com\/fr-fr\/limousine-hire-kigali\/\" \/>\n<meta property=\"og:locale\" content=\"fr_FR\" \/>\n<meta property=\"og:type\" content=\"article\" \/>\n<meta property=\"og:title\" content=\"Limousine Rental in Kigali Rwanda \u2013 Best Limousine Rental and Prices\" \/>\n<meta property=\"og:description\" content=\"Looking for online limousine hire in Kigali? Compare Limousine rental in Kigali online and get the best limousine hire prices - book now\" \/>\n<meta property=\"og:url\" content=\"https:\/\/tiketi.com\/fr-fr\/limousine-hire-kigali\/\" \/>\n<meta property=\"og:site_name\" content=\"Tiketi.com\" \/>\n<meta property=\"article:publisher\" content=\"https:\/\/www.facebook.com\/TiketiCom\/\" \/>\n<meta property=\"article:modified_time\" content=\"2022-02-16T15:11:52+00:00\" \/>\n<meta property=\"og:image\" content=\"https:\/\/tiketi.com\/wp-content\/uploads\/2019\/05\/limousine-hire.jpg\" \/>\n\t<meta property=\"og:image:width\" content=\"1200\" \/>\n\t<meta property=\"og:image:height\" content=\"200\" \/>\n\t<meta property=\"og:image:type\" content=\"image\/jpeg\" \/>\n<meta name=\"twitter:card\" content=\"summary_large_image\" \/>\n<meta name=\"twitter:label1\" content=\"Dur\u00e9e de lecture estim\u00e9e\" \/>\n\t<meta name=\"twitter:data1\" content=\"2 minutes\" \/>\n<script type=\"application\/ld+json\" class=\"yoast-schema-graph\">{\"@context\":\"https:\\\/\\\/schema.org\",\"@graph\":[{\"@type\":\"WebPage\",\"@id\":\"https:\\\/\\\/tiketi.com\\\/limousine-hire-kigali\\\/\",\"url\":\"https:\\\/\\\/tiketi.com\\\/limousine-hire-kigali\\\/\",\"name\":\"Limousine Rental in Kigali Rwanda \u2013 Best Limousine Rental and Prices\",\"isPartOf\":{\"@id\":\"https:\\\/\\\/tiketi.com\\\/#website\"},\"primaryImageOfPage\":{\"@id\":\"https:\\\/\\\/tiketi.com\\\/limousine-hire-kigali\\\/#primaryimage\"},\"image\":{\"@id\":\"https:\\\/\\\/tiketi.com\\\/limousine-hire-kigali\\\/#primaryimage\"},\"thumbnailUrl\":\"https:\\\/\\\/tiketi.com\\\/wp-content\\\/uploads\\\/2019\\\/05\\\/limousine-hire.jpg\",\"datePublished\":\"2022-01-19T11:54:22+00:00\",\"dateModified\":\"2022-02-16T15:11:52+00:00\",\"description\":\"Looking for online limousine hire in Kigali? Compare Limousine rental in Kigali online and get the best limousine hire prices - book now\",\"breadcrumb\":{\"@id\":\"https:\\\/\\\/tiketi.com\\\/limousine-hire-kigali\\\/#breadcrumb\"},\"inLanguage\":\"fr-FR\",\"potentialAction\":[{\"@type\":\"ReadAction\",\"target\":[\"https:\\\/\\\/tiketi.com\\\/limousine-hire-kigali\\\/\"]}]},{\"@type\":\"ImageObject\",\"inLanguage\":\"fr-FR\",\"@id\":\"https:\\\/\\\/tiketi.com\\\/limousine-hire-kigali\\\/#primaryimage\",\"url\":\"https:\\\/\\\/tiketi.com\\\/wp-content\\\/uploads\\\/2019\\\/05\\\/limousine-hire.jpg\",\"contentUrl\":\"https:\\\/\\\/tiketi.com\\\/wp-content\\\/uploads\\\/2019\\\/05\\\/limousine-hire.jpg\",\"width\":1200,\"height\":200,\"caption\":\"Limousine Hire\"},{\"@type\":\"BreadcrumbList\",\"@id\":\"https:\\\/\\\/tiketi.com\\\/limousine-hire-kigali\\\/#breadcrumb\",\"itemListElement\":[{\"@type\":\"ListItem\",\"position\":1,\"name\":\"Home\",\"item\":\"https:\\\/\\\/tiketi.com\\\/\"},{\"@type\":\"ListItem\",\"position\":2,\"name\":\"Limousine Rental in Kigali Rwanda \u2013 Best Limousine Rental and Prices\"}]},{\"@type\":\"WebSite\",\"@id\":\"https:\\\/\\\/tiketi.com\\\/#website\",\"url\":\"https:\\\/\\\/tiketi.com\\\/\",\"name\":\"Flight & Bus Tickets, Tour Packages & Activitites - Tiketi.com\",\"description\":\"Flight &amp; Bus Tickets, Tours, Activitites\",\"publisher\":{\"@id\":\"https:\\\/\\\/tiketi.com\\\/#organization\"},\"potentialAction\":[{\"@type\":\"SearchAction\",\"target\":{\"@type\":\"EntryPoint\",\"urlTemplate\":\"https:\\\/\\\/tiketi.com\\\/?s={search_term_string}\"},\"query-input\":{\"@type\":\"PropertyValueSpecification\",\"valueRequired\":true,\"valueName\":\"search_term_string\"}}],\"inLanguage\":\"fr-FR\"},{\"@type\":\"Organization\",\"@id\":\"https:\\\/\\\/tiketi.com\\\/#organization\",\"name\":\"Tiketi.com\",\"alternateName\":\"Tiketi\",\"url\":\"https:\\\/\\\/tiketi.com\\\/\",\"logo\":{\"@type\":\"ImageObject\",\"inLanguage\":\"fr-FR\",\"@id\":\"https:\\\/\\\/tiketi.com\\\/#\\\/schema\\\/logo\\\/image\\\/\",\"url\":\"https:\\\/\\\/tiketi.com\\\/wp-content\\\/uploads\\\/2019\\\/05\\\/tiketi-logo-696.png\",\"contentUrl\":\"https:\\\/\\\/tiketi.com\\\/wp-content\\\/uploads\\\/2019\\\/05\\\/tiketi-logo-696.png\",\"width\":696,\"height\":696,\"caption\":\"Tiketi.com\"},\"image\":{\"@id\":\"https:\\\/\\\/tiketi.com\\\/#\\\/schema\\\/logo\\\/image\\\/\"},\"sameAs\":[\"https:\\\/\\\/www.facebook.com\\\/TiketiCom\\\/\"]}]}<\/script>\n<!-- \/ Yoast SEO plugin. -->","yoast_head_json":{"title":"Location de limousine \u00e0 Kigali Rwanda - Meilleure location de limousine et prix","description":"Vous recherchez une location de limousine en ligne \u00e0 Kigali ? Comparez la location de limousine \u00e0 Kigali en ligne et obtenez les meilleurs prix de location de limousine - r\u00e9servez maintenant","robots":{"index":"index","follow":"follow","max-snippet":"max-snippet:-1","max-image-preview":"max-image-preview:large","max-video-preview":"max-video-preview:-1"},"canonical":"https:\/\/tiketi.com\/fr-fr\/limousine-hire-kigali\/","og_locale":"fr_FR","og_type":"article","og_title":"Limousine Rental in Kigali Rwanda \u2013 Best Limousine Rental and Prices","og_description":"Looking for online limousine hire in Kigali? Compare Limousine rental in Kigali online and get the best limousine hire prices - book now","og_url":"https:\/\/tiketi.com\/fr-fr\/limousine-hire-kigali\/","og_site_name":"Tiketi.com","article_publisher":"https:\/\/www.facebook.com\/TiketiCom\/","article_modified_time":"2022-02-16T15:11:52+00:00","og_image":[{"width":1200,"height":200,"url":"https:\/\/tiketi.com\/wp-content\/uploads\/2019\/05\/limousine-hire.jpg","type":"image\/jpeg"}],"twitter_card":"summary_large_image","twitter_misc":{"Dur\u00e9e de lecture estim\u00e9e":"2 minutes"},"schema":{"@context":"https:\/\/schema.org","@graph":[{"@type":"WebPage","@id":"https:\/\/tiketi.com\/limousine-hire-kigali\/","url":"https:\/\/tiketi.com\/limousine-hire-kigali\/","name":"Location de limousine \u00e0 Kigali Rwanda - Meilleure location de limousine et prix","isPartOf":{"@id":"https:\/\/tiketi.com\/#website"},"primaryImageOfPage":{"@id":"https:\/\/tiketi.com\/limousine-hire-kigali\/#primaryimage"},"image":{"@id":"https:\/\/tiketi.com\/limousine-hire-kigali\/#primaryimage"},"thumbnailUrl":"https:\/\/tiketi.com\/wp-content\/uploads\/2019\/05\/limousine-hire.jpg","datePublished":"2022-01-19T11:54:22+00:00","dateModified":"2022-02-16T15:11:52+00:00","description":"Vous recherchez une location de limousine en ligne \u00e0 Kigali ? Comparez la location de limousine \u00e0 Kigali en ligne et obtenez les meilleurs prix de location de limousine - r\u00e9servez maintenant","breadcrumb":{"@id":"https:\/\/tiketi.com\/limousine-hire-kigali\/#breadcrumb"},"inLanguage":"fr-FR","potentialAction":[{"@type":"ReadAction","target":["https:\/\/tiketi.com\/limousine-hire-kigali\/"]}]},{"@type":"ImageObject","inLanguage":"fr-FR","@id":"https:\/\/tiketi.com\/limousine-hire-kigali\/#primaryimage","url":"https:\/\/tiketi.com\/wp-content\/uploads\/2019\/05\/limousine-hire.jpg","contentUrl":"https:\/\/tiketi.com\/wp-content\/uploads\/2019\/05\/limousine-hire.jpg","width":1200,"height":200,"caption":"Limousine Hire"},{"@type":"BreadcrumbList","@id":"https:\/\/tiketi.com\/limousine-hire-kigali\/#breadcrumb","itemListElement":[{"@type":"ListItem","position":1,"name":"Home","item":"https:\/\/tiketi.com\/"},{"@type":"ListItem","position":2,"name":"Limousine Rental in Kigali Rwanda \u2013 Best Limousine Rental and Prices"}]},{"@type":"WebSite","@id":"https:\/\/tiketi.com\/#website","url":"https:\/\/tiketi.com\/","name":"Billets d&#039;avion et de bus, forfaits touristiques et activit\u00e9s - Tiketi.com","description":"Billets d&#039;avion et de bus, Tours, Activit\u00e9s","publisher":{"@id":"https:\/\/tiketi.com\/#organization"},"potentialAction":[{"@type":"SearchAction","target":{"@type":"EntryPoint","urlTemplate":"https:\/\/tiketi.com\/?s={search_term_string}"},"query-input":{"@type":"PropertyValueSpecification","valueRequired":true,"valueName":"search_term_string"}}],"inLanguage":"fr-FR"},{"@type":"Organization","@id":"https:\/\/tiketi.com\/#organization","name":"Tiketi.com","alternateName":"Tiketi","url":"https:\/\/tiketi.com\/","logo":{"@type":"ImageObject","inLanguage":"fr-FR","@id":"https:\/\/tiketi.com\/#\/schema\/logo\/image\/","url":"https:\/\/tiketi.com\/wp-content\/uploads\/2019\/05\/tiketi-logo-696.png","contentUrl":"https:\/\/tiketi.com\/wp-content\/uploads\/2019\/05\/tiketi-logo-696.png","width":696,"height":696,"caption":"Tiketi.com"},"image":{"@id":"https:\/\/tiketi.com\/#\/schema\/logo\/image\/"},"sameAs":["https:\/\/www.facebook.com\/TiketiCom\/"]}]}},"_links":{"self":[{"href":"https:\/\/tiketi.com\/fr-fr\/wp-json\/wp\/v2\/pages\/11211","targetHints":{"allow":["GET"]}}],"collection":[{"href":"https:\/\/tiketi.com\/fr-fr\/wp-json\/wp\/v2\/pages"}],"about":[{"href":"https:\/\/tiketi.com\/fr-fr\/wp-json\/wp\/v2\/types\/page"}],"author":[{"embeddable":true,"href":"https:\/\/tiketi.com\/fr-fr\/wp-json\/wp\/v2\/users\/1"}],"replies":[{"embeddable":true,"href":"https:\/\/tiketi.com\/fr-fr\/wp-json\/wp\/v2\/comments?post=11211"}],"version-history":[{"count":0,"href":"https:\/\/tiketi.com\/fr-fr\/wp-json\/wp\/v2\/pages\/11211\/revisions"}],"wp:featuredmedia":[{"embeddable":true,"href":"https:\/\/tiketi.com\/fr-fr\/wp-json\/wp\/v2\/media\/20287"}],"wp:attachment":[{"href":"https:\/\/tiketi.com\/fr-fr\/wp-json\/wp\/v2\/media?parent=11211"}],"curies":[{"name":"wp","href":"https:\/\/api.w.org\/{rel}","templated":true}]}}