{"id":11215,"date":"2022-01-19T12:54:22","date_gmt":"2022-01-19T11:54:22","guid":{"rendered":"https:\/\/new.tiketi.com\/limousine-rental-lagos-nigeria\/"},"modified":"2022-02-17T09:53:13","modified_gmt":"2022-02-17T08:53:13","slug":"limousine-hire-lagos-nigeria","status":"publish","type":"page","link":"https:\/\/tiketi.com\/fr-fr\/limousine-hire-lagos-nigeria\/","title":{"rendered":"Location de limousine \u00e0 Lagos Nigeria - Meilleure location de limousine et prix"},"content":{"rendered":"<h2>Location de limousine pas cher \u00e0 Lagos Nigeria<\/h2>\n<h3>Comparez les prix de location de limousines \u00e0 bas prix et faites une location de limousine \u00e0 Lagos Nigeria en ligne maintenant.<\/h3>\n<p>La location de limousine pas ch\u00e8re \u00e0 Lagos au Nigeria en toute simplicit\u00e9. Une belle ville bien d\u00e9velopp\u00e9e du Nigeria et l&#039;ancienne capitale de l&#039;\u00c9tat, Lagos est une ville assez famili\u00e8re pour son charmant paysage insulaire comprenant de nombreuses plages lucratives et douces, des parcs familiaux, des jardins botaniques et de nombreuses autres attractions assez c\u00e9l\u00e8bres parmi tous les internationaux ainsi que touristes et visiteurs locaux. Cette ville est l&#039;une des villes vitales du Nigeria et de toute l&#039;Afrique et sert en m\u00eame temps de zone \u00e9conomique et financi\u00e8re du Nigeria. Si vous voulez d\u00e9couvrir cette belle ville, vous devez louer une limousine \u00e0 Lagos au Nigeria.<\/p>\n<p>Une limousine est un v\u00e9hicule qui peut simplement le faire pour vous. Vous n&#039;avez pas n\u00e9cessairement besoin d&#039;en poss\u00e9der un pour d\u00e9couvrir le glamour et la d\u00e9tente qui accompagnent l&#039;utilisation de ce v\u00e9hicule, gr\u00e2ce aux services de location de limousines de Lagos Nigeria. De nos jours, avoir une limousine pour les jours pairs est tr\u00e8s facile. Le probl\u00e8me n&#039;est plus d&#039;avoir un v\u00e9hicule de luxe mais de choisir la meilleure location de limousine pas ch\u00e8re \u00e0 Lagos au Nigeria.<\/p>\n<h2>FAQ sur la meilleure location de limousine \u00e0 Lagos au Nigeria<\/h2>\n<p>Pour obtenir la meilleure location de limousine \u00e0 Lagos au Nigeria pour pas cher qui vous int\u00e9resse, il y a de nombreux facteurs \u00e0 garder \u00e0 l&#039;esprit. Ils comprennent:<\/p>\n<h3>Location de limousine \u00e0 Lagos Nigeria prix et co\u00fbts impliqu\u00e9s<\/h3>\n<p>Demander un devis est essentiel car il y a ce budget que vous avez d\u00e9fini avant de rechercher ce service de location de limousine pas cher \u00e0 Lagos au Nigeria. Cela vous aide \u00e0 respecter votre budget. De plus, vous pouvez affiner votre recherche car diff\u00e9rentes entreprises facturent des prix diff\u00e9rents pour la location de limousine. Il n&#039;y a pas de prix de location de limousine sp\u00e9cifique \u00e0 Lagos au Nigeria, chaque limousine a son prix. Vous devez donc passer par toute la flotte de limousines celle qui correspond le mieux \u00e0 vos besoins. Tenez compte des sp\u00e9cifications du v\u00e9hicule et du nombre de personnes qu&#039;il peut accueillir. Plus vous \u00eates nombreux, plus la limousine dont vous aurez besoin sera grande.<\/p>\n<h3>Distance \u00e0 parcourir<\/h3>\n<p>Cela vous aide \u00e0 planifier les services de location de limousine de Lagos au Nigeria \u00e0 rechercher. Vous pouvez simplement choisir l&#039;entreprise qui vous emm\u00e8nera aux endroits que vous souhaitez parmi les nombreuses entreprises offrant ce service. Bien qu&#039;il existe de nombreuses soci\u00e9t\u00e9s de location de limousines, en identifier une en particulier pour vous aider ne serait pas difficile tant que vous avez indiqu\u00e9 o\u00f9 et jusqu&#039;o\u00f9 vous voyagez.<\/p>\n<h3>R\u00e9putation de la soci\u00e9t\u00e9 de location de limousines \u00e0 Lagos Nigeria<\/h3>\n<p>Lors d&#039;occasions vitales, l&#039;embauche d&#039;une soci\u00e9t\u00e9 de location de limousine r\u00e9put\u00e9e \u00e0 Lagos au Nigeria contribue grandement \u00e0 garantir que l&#039;\u00e9v\u00e9nement se d\u00e9roule parfaitement sans aucun accroc. Pour choisir les meilleurs services, vous devez rechercher en grande partie chaque choix et v\u00e9rifier les commentaires des clients sur leurs sites. L&#039;entreprise de location que vous choisissez doit \u00e9galement \u00eatre capable de fournir des services au-del\u00e0 de vos attentes.<\/p>","protected":false},"excerpt":{"rendered":"<p>Cheap Limousine Hire in Lagos Nigeria Compare cheap limousine hire prices and do limo hire in Lagos Nigeria online now. Cheap limousine rental in Lagos Nigeria made easy. A well developed and beautiful city of Nigeria and the former state capital, Lagos is a city pretty familiar for its charming island landscape including many lucrative [&hellip;]<\/p>\n","protected":false},"author":1,"featured_media":20287,"parent":0,"menu_order":0,"comment_status":"open","ping_status":"closed","template":"template-home-modern.php","meta":{"footnotes":""},"class_list":["post-11215","page","type-page","status-publish","has-post-thumbnail","hentry"],"yoast_head":"<!-- This site is optimized with the Yoast SEO plugin v27.3 - https:\/\/yoast.com\/product\/yoast-seo-wordpress\/ -->\n<title>Limousine Rental in Lagos Nigeria - Best Limousine Rental and Prices<\/title>\n<meta name=\"description\" content=\"Looking for online limousine hire in Lagos Nigeria? Compare Limousine rental in Lagos online and get the best limousine hire prices - book now\" \/>\n<meta name=\"robots\" content=\"index, follow, max-snippet:-1, max-image-preview:large, max-video-preview:-1\" \/>\n<link rel=\"canonical\" href=\"https:\/\/tiketi.com\/fr-fr\/limousine-hire-lagos-nigeria\/\" \/>\n<meta property=\"og:locale\" content=\"fr_FR\" \/>\n<meta property=\"og:type\" content=\"article\" \/>\n<meta property=\"og:title\" content=\"Limousine Rental in Lagos Nigeria - Best Limousine Rental and Prices\" \/>\n<meta property=\"og:description\" content=\"Looking for online limousine hire in Lagos Nigeria? Compare Limousine rental in Lagos online and get the best limousine hire prices - book now\" \/>\n<meta property=\"og:url\" content=\"https:\/\/tiketi.com\/fr-fr\/limousine-hire-lagos-nigeria\/\" \/>\n<meta property=\"og:site_name\" content=\"Tiketi.com\" \/>\n<meta property=\"article:publisher\" content=\"https:\/\/www.facebook.com\/TiketiCom\/\" \/>\n<meta property=\"article:modified_time\" content=\"2022-02-17T08:53:13+00:00\" \/>\n<meta property=\"og:image\" content=\"https:\/\/tiketi.com\/wp-content\/uploads\/2019\/05\/limousine-hire.jpg\" \/>\n\t<meta property=\"og:image:width\" content=\"1200\" \/>\n\t<meta property=\"og:image:height\" content=\"200\" \/>\n\t<meta property=\"og:image:type\" content=\"image\/jpeg\" \/>\n<meta name=\"twitter:card\" content=\"summary_large_image\" \/>\n<meta name=\"twitter:label1\" content=\"Dur\u00e9e de lecture estim\u00e9e\" \/>\n\t<meta name=\"twitter:data1\" content=\"3 minutes\" \/>\n<script type=\"application\/ld+json\" class=\"yoast-schema-graph\">{\"@context\":\"https:\\\/\\\/schema.org\",\"@graph\":[{\"@type\":\"WebPage\",\"@id\":\"https:\\\/\\\/tiketi.com\\\/limousine-hire-lagos-nigeria\\\/\",\"url\":\"https:\\\/\\\/tiketi.com\\\/limousine-hire-lagos-nigeria\\\/\",\"name\":\"Limousine Rental in Lagos Nigeria - Best Limousine Rental and Prices\",\"isPartOf\":{\"@id\":\"https:\\\/\\\/tiketi.com\\\/#website\"},\"primaryImageOfPage\":{\"@id\":\"https:\\\/\\\/tiketi.com\\\/limousine-hire-lagos-nigeria\\\/#primaryimage\"},\"image\":{\"@id\":\"https:\\\/\\\/tiketi.com\\\/limousine-hire-lagos-nigeria\\\/#primaryimage\"},\"thumbnailUrl\":\"https:\\\/\\\/tiketi.com\\\/wp-content\\\/uploads\\\/2019\\\/05\\\/limousine-hire.jpg\",\"datePublished\":\"2022-01-19T11:54:22+00:00\",\"dateModified\":\"2022-02-17T08:53:13+00:00\",\"description\":\"Looking for online limousine hire in Lagos Nigeria? Compare Limousine rental in Lagos online and get the best limousine hire prices - book now\",\"breadcrumb\":{\"@id\":\"https:\\\/\\\/tiketi.com\\\/limousine-hire-lagos-nigeria\\\/#breadcrumb\"},\"inLanguage\":\"fr-FR\",\"potentialAction\":[{\"@type\":\"ReadAction\",\"target\":[\"https:\\\/\\\/tiketi.com\\\/limousine-hire-lagos-nigeria\\\/\"]}]},{\"@type\":\"ImageObject\",\"inLanguage\":\"fr-FR\",\"@id\":\"https:\\\/\\\/tiketi.com\\\/limousine-hire-lagos-nigeria\\\/#primaryimage\",\"url\":\"https:\\\/\\\/tiketi.com\\\/wp-content\\\/uploads\\\/2019\\\/05\\\/limousine-hire.jpg\",\"contentUrl\":\"https:\\\/\\\/tiketi.com\\\/wp-content\\\/uploads\\\/2019\\\/05\\\/limousine-hire.jpg\",\"width\":1200,\"height\":200,\"caption\":\"Limousine Hire\"},{\"@type\":\"BreadcrumbList\",\"@id\":\"https:\\\/\\\/tiketi.com\\\/limousine-hire-lagos-nigeria\\\/#breadcrumb\",\"itemListElement\":[{\"@type\":\"ListItem\",\"position\":1,\"name\":\"Home\",\"item\":\"https:\\\/\\\/tiketi.com\\\/\"},{\"@type\":\"ListItem\",\"position\":2,\"name\":\"Limousine Rental in Lagos Nigeria &#8211; Best Limousine Rental and Prices\"}]},{\"@type\":\"WebSite\",\"@id\":\"https:\\\/\\\/tiketi.com\\\/#website\",\"url\":\"https:\\\/\\\/tiketi.com\\\/\",\"name\":\"Flight & Bus Tickets, Tour Packages & Activitites - Tiketi.com\",\"description\":\"Flight &amp; Bus Tickets, Tours, Activitites\",\"publisher\":{\"@id\":\"https:\\\/\\\/tiketi.com\\\/#organization\"},\"potentialAction\":[{\"@type\":\"SearchAction\",\"target\":{\"@type\":\"EntryPoint\",\"urlTemplate\":\"https:\\\/\\\/tiketi.com\\\/?s={search_term_string}\"},\"query-input\":{\"@type\":\"PropertyValueSpecification\",\"valueRequired\":true,\"valueName\":\"search_term_string\"}}],\"inLanguage\":\"fr-FR\"},{\"@type\":\"Organization\",\"@id\":\"https:\\\/\\\/tiketi.com\\\/#organization\",\"name\":\"Tiketi.com\",\"alternateName\":\"Tiketi\",\"url\":\"https:\\\/\\\/tiketi.com\\\/\",\"logo\":{\"@type\":\"ImageObject\",\"inLanguage\":\"fr-FR\",\"@id\":\"https:\\\/\\\/tiketi.com\\\/#\\\/schema\\\/logo\\\/image\\\/\",\"url\":\"https:\\\/\\\/tiketi.com\\\/wp-content\\\/uploads\\\/2019\\\/05\\\/tiketi-logo-696.png\",\"contentUrl\":\"https:\\\/\\\/tiketi.com\\\/wp-content\\\/uploads\\\/2019\\\/05\\\/tiketi-logo-696.png\",\"width\":696,\"height\":696,\"caption\":\"Tiketi.com\"},\"image\":{\"@id\":\"https:\\\/\\\/tiketi.com\\\/#\\\/schema\\\/logo\\\/image\\\/\"},\"sameAs\":[\"https:\\\/\\\/www.facebook.com\\\/TiketiCom\\\/\"]}]}<\/script>\n<!-- \/ Yoast SEO plugin. -->","yoast_head_json":{"title":"Location de limousine \u00e0 Lagos Nigeria - Meilleure location de limousine et prix","description":"Vous recherchez une location de limousine en ligne \u00e0 Lagos Nigeria ? Comparez la location de limousine \u00e0 Lagos en ligne et obtenez les meilleurs prix de location de limousine - r\u00e9servez maintenant","robots":{"index":"index","follow":"follow","max-snippet":"max-snippet:-1","max-image-preview":"max-image-preview:large","max-video-preview":"max-video-preview:-1"},"canonical":"https:\/\/tiketi.com\/fr-fr\/limousine-hire-lagos-nigeria\/","og_locale":"fr_FR","og_type":"article","og_title":"Limousine Rental in Lagos Nigeria - Best Limousine Rental and Prices","og_description":"Looking for online limousine hire in Lagos Nigeria? Compare Limousine rental in Lagos online and get the best limousine hire prices - book now","og_url":"https:\/\/tiketi.com\/fr-fr\/limousine-hire-lagos-nigeria\/","og_site_name":"Tiketi.com","article_publisher":"https:\/\/www.facebook.com\/TiketiCom\/","article_modified_time":"2022-02-17T08:53:13+00:00","og_image":[{"width":1200,"height":200,"url":"https:\/\/tiketi.com\/wp-content\/uploads\/2019\/05\/limousine-hire.jpg","type":"image\/jpeg"}],"twitter_card":"summary_large_image","twitter_misc":{"Dur\u00e9e de lecture estim\u00e9e":"3 minutes"},"schema":{"@context":"https:\/\/schema.org","@graph":[{"@type":"WebPage","@id":"https:\/\/tiketi.com\/limousine-hire-lagos-nigeria\/","url":"https:\/\/tiketi.com\/limousine-hire-lagos-nigeria\/","name":"Location de limousine \u00e0 Lagos Nigeria - Meilleure location de limousine et prix","isPartOf":{"@id":"https:\/\/tiketi.com\/#website"},"primaryImageOfPage":{"@id":"https:\/\/tiketi.com\/limousine-hire-lagos-nigeria\/#primaryimage"},"image":{"@id":"https:\/\/tiketi.com\/limousine-hire-lagos-nigeria\/#primaryimage"},"thumbnailUrl":"https:\/\/tiketi.com\/wp-content\/uploads\/2019\/05\/limousine-hire.jpg","datePublished":"2022-01-19T11:54:22+00:00","dateModified":"2022-02-17T08:53:13+00:00","description":"Vous recherchez une location de limousine en ligne \u00e0 Lagos Nigeria ? Comparez la location de limousine \u00e0 Lagos en ligne et obtenez les meilleurs prix de location de limousine - r\u00e9servez maintenant","breadcrumb":{"@id":"https:\/\/tiketi.com\/limousine-hire-lagos-nigeria\/#breadcrumb"},"inLanguage":"fr-FR","potentialAction":[{"@type":"ReadAction","target":["https:\/\/tiketi.com\/limousine-hire-lagos-nigeria\/"]}]},{"@type":"ImageObject","inLanguage":"fr-FR","@id":"https:\/\/tiketi.com\/limousine-hire-lagos-nigeria\/#primaryimage","url":"https:\/\/tiketi.com\/wp-content\/uploads\/2019\/05\/limousine-hire.jpg","contentUrl":"https:\/\/tiketi.com\/wp-content\/uploads\/2019\/05\/limousine-hire.jpg","width":1200,"height":200,"caption":"Limousine Hire"},{"@type":"BreadcrumbList","@id":"https:\/\/tiketi.com\/limousine-hire-lagos-nigeria\/#breadcrumb","itemListElement":[{"@type":"ListItem","position":1,"name":"Home","item":"https:\/\/tiketi.com\/"},{"@type":"ListItem","position":2,"name":"Limousine Rental in Lagos Nigeria &#8211; Best Limousine Rental and Prices"}]},{"@type":"WebSite","@id":"https:\/\/tiketi.com\/#website","url":"https:\/\/tiketi.com\/","name":"Billets d&#039;avion et de bus, forfaits touristiques et activit\u00e9s - Tiketi.com","description":"Billets d&#039;avion et de bus, Tours, Activit\u00e9s","publisher":{"@id":"https:\/\/tiketi.com\/#organization"},"potentialAction":[{"@type":"SearchAction","target":{"@type":"EntryPoint","urlTemplate":"https:\/\/tiketi.com\/?s={search_term_string}"},"query-input":{"@type":"PropertyValueSpecification","valueRequired":true,"valueName":"search_term_string"}}],"inLanguage":"fr-FR"},{"@type":"Organization","@id":"https:\/\/tiketi.com\/#organization","name":"Tiketi.com","alternateName":"Tiketi","url":"https:\/\/tiketi.com\/","logo":{"@type":"ImageObject","inLanguage":"fr-FR","@id":"https:\/\/tiketi.com\/#\/schema\/logo\/image\/","url":"https:\/\/tiketi.com\/wp-content\/uploads\/2019\/05\/tiketi-logo-696.png","contentUrl":"https:\/\/tiketi.com\/wp-content\/uploads\/2019\/05\/tiketi-logo-696.png","width":696,"height":696,"caption":"Tiketi.com"},"image":{"@id":"https:\/\/tiketi.com\/#\/schema\/logo\/image\/"},"sameAs":["https:\/\/www.facebook.com\/TiketiCom\/"]}]}},"_links":{"self":[{"href":"https:\/\/tiketi.com\/fr-fr\/wp-json\/wp\/v2\/pages\/11215","targetHints":{"allow":["GET"]}}],"collection":[{"href":"https:\/\/tiketi.com\/fr-fr\/wp-json\/wp\/v2\/pages"}],"about":[{"href":"https:\/\/tiketi.com\/fr-fr\/wp-json\/wp\/v2\/types\/page"}],"author":[{"embeddable":true,"href":"https:\/\/tiketi.com\/fr-fr\/wp-json\/wp\/v2\/users\/1"}],"replies":[{"embeddable":true,"href":"https:\/\/tiketi.com\/fr-fr\/wp-json\/wp\/v2\/comments?post=11215"}],"version-history":[{"count":0,"href":"https:\/\/tiketi.com\/fr-fr\/wp-json\/wp\/v2\/pages\/11215\/revisions"}],"wp:featuredmedia":[{"embeddable":true,"href":"https:\/\/tiketi.com\/fr-fr\/wp-json\/wp\/v2\/media\/20287"}],"wp:attachment":[{"href":"https:\/\/tiketi.com\/fr-fr\/wp-json\/wp\/v2\/media?parent=11215"}],"curies":[{"name":"wp","href":"https:\/\/api.w.org\/{rel}","templated":true}]}}