{"id":11218,"date":"2022-01-19T12:54:22","date_gmt":"2022-01-19T11:54:22","guid":{"rendered":"https:\/\/new.tiketi.com\/limousine-hire-durban-south-africa\/"},"modified":"2022-02-16T15:34:45","modified_gmt":"2022-02-16T14:34:45","slug":"limousine-hire-durban","status":"publish","type":"page","link":"https:\/\/tiketi.com\/fr-fr\/limousine-hire-durban\/","title":{"rendered":"Location de limousine \u00e0 Durban - Meilleure location de limousine et prix"},"content":{"rendered":"<h2>Location de limousine pas ch\u00e8re \u00e0 Durban<\/h2>\n<h3>Comparez les prix de location de limousines \u00e0 bas prix et faites une location de limousine \u00e0 Durban en ligne maintenant.<\/h3>\n<p>La location de limousine pas ch\u00e8re \u00e0 Durban en toute simplicit\u00e9. Durban en Afrique du Sud est probablement devenue une attraction touristique tr\u00e8s c\u00e9l\u00e8bre depuis que cette grande ville au bord de la mer a \u00e9t\u00e9 promue sur la sc\u00e8ne internationale avec la performance de la Coupe du monde en 2010. Cette ville autrefois relativement inconnue attirera certainement l&#039;attention des visiteurs du monde avec les temp\u00e9ratures tropicales toute l&#039;ann\u00e9e, le grand surf et les charmantes r\u00e9gions environnantes. Faites la location de limousine en ligne \u00e0 Durban et \u00e9conomisez du temps et de l&#039;argent.<\/p>\n<h2>Meilleure location de limousine \u00e0 Durban<\/h2>\n<p>Si vous voulez faire l&#039;exp\u00e9rience de cette belle ville, la location de limousine Durban est l&#039;un des v\u00e9hicules les plus luxueux que l&#039;on puisse avoir. Les limousines sont g\u00e9n\u00e9ralement des symboles de statut pour les c\u00e9l\u00e9brit\u00e9s, mais elles sont d\u00e9sormais accessibles \u00e0 toute personne gr\u00e2ce \u00e0 la location de limousines \u00e0 Durban. Le jour de votre mariage, ils sont le meilleur moyen d&#039;arriver sur votre lieu de c\u00e9r\u00e9monie ou votre espace de r\u00e9ception. Si vous souhaitez int\u00e9grer une limousine \u00e0 votre journ\u00e9e de mariage, vous avez le choix entre de nombreux mod\u00e8les diff\u00e9rents.<\/p>\n<h2>Location de limousine mariage \u00e0 Durban<\/h2>\n<p>Le mariage est la meilleure occasion de louer une location de limousine \u00e0 Durban. S&#039;il y a un moment dans votre vie o\u00f9 vous voulez vous sentir comme une c\u00e9l\u00e9brit\u00e9, les mariages sont le meilleur moment. Faire appel \u00e0 une soci\u00e9t\u00e9 de location de limousine mariage \u00e0 Durban augmentera progressivement votre budget mariage, mais cela en sera bien valoris\u00e9 lorsque vous n&#039;aurez pas \u00e0 h\u00e9siter sur le transport le jour J. Les limousines sont \u00e9galement parfaites pour les mariages car elles donnent \u00e0 la noce suffisamment d&#039;espace pour se d\u00e9tendre et se d\u00e9placer d&#039;un endroit \u00e0 l&#039;autre.<\/p>\n<h2>Choisir la bonne location de limousine \u00e0 Durban<\/h2>\n<p>Il y a plusieurs ann\u00e9es, le choix d&#039;une limousine n&#039;\u00e9tait qu&#039;un choix entre une limousine blanche ou une limousine noire. Quoi qu&#039;il en soit, les constructeurs automobiles ont rempli le march\u00e9 d&#039;une pl\u00e9thore de choix diff\u00e9rents qui peuvent faire du choix de la bonne location de limousine \u00e0 Durban une exp\u00e9rience vertigineuse. Si vous voulez opter pour le style classique, les limousines au look classique sont toujours accessibles. Ces limousines vintage de location \u00e0 Durban sont g\u00e9n\u00e9ralement des berlines allong\u00e9es pouvant accueillir de 8 \u00e0 20 personnes.<\/p>\n<h2>R\u00e9servation de votre location de limousine \u00e0 Durban<\/h2>\n<p>Lorsque vous contactez la soci\u00e9t\u00e9 de location de limousines \u00e0 Durban pour obtenir un devis, assurez-vous de leur faire savoir combien de personnes vous souhaitez transporter dans votre limousine. Vous pouvez \u00e9galement demander \u00e0 l&#039;entreprise des ajouts uniques \u00e0 votre limousine. Vous serez choqu\u00e9 par le nombre d&#039;avantages et d&#039;ajouts disponibles dans les limousines de nos jours. Tout, d&#039;un bar de service portable \u00e0 une t\u00e9l\u00e9vision en passant par un syst\u00e8me audio de premier ordre, est accessible avec la location de limousine moderne \u00e0 Durban.<\/p>","protected":false},"excerpt":{"rendered":"<p>Cheap Limousine Rental in Durban Compare cheap limousine hire prices and do limo hire in Durban online now. Cheap limousine hire Durban made easy. Durban in South Africa has become likely a very famous visitor attraction since this great city by the sea was promoted onto the international stage with the performance of the World [&hellip;]<\/p>\n","protected":false},"author":1,"featured_media":20287,"parent":0,"menu_order":0,"comment_status":"open","ping_status":"closed","template":"template-home-modern.php","meta":{"footnotes":""},"class_list":["post-11218","page","type-page","status-publish","has-post-thumbnail","hentry"],"yoast_head":"<!-- This site is optimized with the Yoast SEO plugin v27.2 - https:\/\/yoast.com\/product\/yoast-seo-wordpress\/ -->\n<title>Limousine Hire in Durban - Best Limousine Rental and Prices<\/title>\n<meta name=\"description\" content=\"Looking for online limousine hire in Durban? Compare Limousine rental in Durban online and get the best limousine hire prices - book now\" \/>\n<meta name=\"robots\" content=\"index, follow, max-snippet:-1, max-image-preview:large, max-video-preview:-1\" \/>\n<link rel=\"canonical\" href=\"https:\/\/tiketi.com\/fr-fr\/limousine-hire-durban\/\" \/>\n<meta property=\"og:locale\" content=\"fr_FR\" \/>\n<meta property=\"og:type\" content=\"article\" \/>\n<meta property=\"og:title\" content=\"Limousine Hire in Durban - Best Limousine Rental and Prices\" \/>\n<meta property=\"og:description\" content=\"Looking for online limousine hire in Durban? Compare Limousine rental in Durban online and get the best limousine hire prices - book now\" \/>\n<meta property=\"og:url\" content=\"https:\/\/tiketi.com\/fr-fr\/limousine-hire-durban\/\" \/>\n<meta property=\"og:site_name\" content=\"Tiketi.com\" \/>\n<meta property=\"article:publisher\" content=\"https:\/\/www.facebook.com\/TiketiCom\/\" \/>\n<meta property=\"article:modified_time\" content=\"2022-02-16T14:34:45+00:00\" \/>\n<meta property=\"og:image\" content=\"https:\/\/tiketi.com\/wp-content\/uploads\/2019\/05\/limousine-hire.jpg\" \/>\n\t<meta property=\"og:image:width\" content=\"1200\" \/>\n\t<meta property=\"og:image:height\" content=\"200\" \/>\n\t<meta property=\"og:image:type\" content=\"image\/jpeg\" \/>\n<meta name=\"twitter:card\" content=\"summary_large_image\" \/>\n<meta name=\"twitter:label1\" content=\"Dur\u00e9e de lecture estim\u00e9e\" \/>\n\t<meta name=\"twitter:data1\" content=\"2 minutes\" \/>\n<script type=\"application\/ld+json\" class=\"yoast-schema-graph\">{\"@context\":\"https:\/\/schema.org\",\"@graph\":[{\"@type\":\"WebPage\",\"@id\":\"https:\/\/tiketi.com\/limousine-hire-durban\/\",\"url\":\"https:\/\/tiketi.com\/limousine-hire-durban\/\",\"name\":\"Limousine Hire in Durban - Best Limousine Rental and Prices\",\"isPartOf\":{\"@id\":\"https:\/\/tiketi.com\/#website\"},\"primaryImageOfPage\":{\"@id\":\"https:\/\/tiketi.com\/limousine-hire-durban\/#primaryimage\"},\"image\":{\"@id\":\"https:\/\/tiketi.com\/limousine-hire-durban\/#primaryimage\"},\"thumbnailUrl\":\"https:\/\/tiketi.com\/wp-content\/uploads\/2019\/05\/limousine-hire.jpg\",\"datePublished\":\"2022-01-19T11:54:22+00:00\",\"dateModified\":\"2022-02-16T14:34:45+00:00\",\"description\":\"Looking for online limousine hire in Durban? Compare Limousine rental in Durban online and get the best limousine hire prices - book now\",\"breadcrumb\":{\"@id\":\"https:\/\/tiketi.com\/limousine-hire-durban\/#breadcrumb\"},\"inLanguage\":\"fr-FR\",\"potentialAction\":[{\"@type\":\"ReadAction\",\"target\":[\"https:\/\/tiketi.com\/limousine-hire-durban\/\"]}]},{\"@type\":\"ImageObject\",\"inLanguage\":\"fr-FR\",\"@id\":\"https:\/\/tiketi.com\/limousine-hire-durban\/#primaryimage\",\"url\":\"https:\/\/tiketi.com\/wp-content\/uploads\/2019\/05\/limousine-hire.jpg\",\"contentUrl\":\"https:\/\/tiketi.com\/wp-content\/uploads\/2019\/05\/limousine-hire.jpg\",\"width\":1200,\"height\":200,\"caption\":\"Limousine Hire\"},{\"@type\":\"BreadcrumbList\",\"@id\":\"https:\/\/tiketi.com\/limousine-hire-durban\/#breadcrumb\",\"itemListElement\":[{\"@type\":\"ListItem\",\"position\":1,\"name\":\"Home\",\"item\":\"https:\/\/tiketi.com\/\"},{\"@type\":\"ListItem\",\"position\":2,\"name\":\"Limousine Hire in Durban &#8211; Best Limousine Rental and Prices\"}]},{\"@type\":\"WebSite\",\"@id\":\"https:\/\/tiketi.com\/#website\",\"url\":\"https:\/\/tiketi.com\/\",\"name\":\"Flight & Bus Tickets, Tour Packages & Activitites - Tiketi.com\",\"description\":\"Flight &amp; Bus Tickets, Tours, Activitites\",\"publisher\":{\"@id\":\"https:\/\/tiketi.com\/#organization\"},\"potentialAction\":[{\"@type\":\"SearchAction\",\"target\":{\"@type\":\"EntryPoint\",\"urlTemplate\":\"https:\/\/tiketi.com\/?s={search_term_string}\"},\"query-input\":{\"@type\":\"PropertyValueSpecification\",\"valueRequired\":true,\"valueName\":\"search_term_string\"}}],\"inLanguage\":\"fr-FR\"},{\"@type\":\"Organization\",\"@id\":\"https:\/\/tiketi.com\/#organization\",\"name\":\"Tiketi.com\",\"alternateName\":\"Tiketi\",\"url\":\"https:\/\/tiketi.com\/\",\"logo\":{\"@type\":\"ImageObject\",\"inLanguage\":\"fr-FR\",\"@id\":\"https:\/\/tiketi.com\/#\/schema\/logo\/image\/\",\"url\":\"https:\/\/tiketi.com\/wp-content\/uploads\/2019\/05\/tiketi-logo-696.png\",\"contentUrl\":\"https:\/\/tiketi.com\/wp-content\/uploads\/2019\/05\/tiketi-logo-696.png\",\"width\":696,\"height\":696,\"caption\":\"Tiketi.com\"},\"image\":{\"@id\":\"https:\/\/tiketi.com\/#\/schema\/logo\/image\/\"},\"sameAs\":[\"https:\/\/www.facebook.com\/TiketiCom\/\"]}]}<\/script>\n<!-- \/ Yoast SEO plugin. -->","yoast_head_json":{"title":"Location de limousine \u00e0 Durban - Meilleure location de limousine et prix","description":"Vous recherchez une location de limousine en ligne \u00e0 Durban ? Comparez la location de limousine \u00e0 Durban en ligne et obtenez les meilleurs prix de location de limousine - r\u00e9servez maintenant","robots":{"index":"index","follow":"follow","max-snippet":"max-snippet:-1","max-image-preview":"max-image-preview:large","max-video-preview":"max-video-preview:-1"},"canonical":"https:\/\/tiketi.com\/fr-fr\/limousine-hire-durban\/","og_locale":"fr_FR","og_type":"article","og_title":"Limousine Hire in Durban - Best Limousine Rental and Prices","og_description":"Looking for online limousine hire in Durban? Compare Limousine rental in Durban online and get the best limousine hire prices - book now","og_url":"https:\/\/tiketi.com\/fr-fr\/limousine-hire-durban\/","og_site_name":"Tiketi.com","article_publisher":"https:\/\/www.facebook.com\/TiketiCom\/","article_modified_time":"2022-02-16T14:34:45+00:00","og_image":[{"width":1200,"height":200,"url":"https:\/\/tiketi.com\/wp-content\/uploads\/2019\/05\/limousine-hire.jpg","type":"image\/jpeg"}],"twitter_card":"summary_large_image","twitter_misc":{"Dur\u00e9e de lecture estim\u00e9e":"2 minutes"},"schema":{"@context":"https:\/\/schema.org","@graph":[{"@type":"WebPage","@id":"https:\/\/tiketi.com\/limousine-hire-durban\/","url":"https:\/\/tiketi.com\/limousine-hire-durban\/","name":"Location de limousine \u00e0 Durban - Meilleure location de limousine et prix","isPartOf":{"@id":"https:\/\/tiketi.com\/#website"},"primaryImageOfPage":{"@id":"https:\/\/tiketi.com\/limousine-hire-durban\/#primaryimage"},"image":{"@id":"https:\/\/tiketi.com\/limousine-hire-durban\/#primaryimage"},"thumbnailUrl":"https:\/\/tiketi.com\/wp-content\/uploads\/2019\/05\/limousine-hire.jpg","datePublished":"2022-01-19T11:54:22+00:00","dateModified":"2022-02-16T14:34:45+00:00","description":"Vous recherchez une location de limousine en ligne \u00e0 Durban ? Comparez la location de limousine \u00e0 Durban en ligne et obtenez les meilleurs prix de location de limousine - r\u00e9servez maintenant","breadcrumb":{"@id":"https:\/\/tiketi.com\/limousine-hire-durban\/#breadcrumb"},"inLanguage":"fr-FR","potentialAction":[{"@type":"ReadAction","target":["https:\/\/tiketi.com\/limousine-hire-durban\/"]}]},{"@type":"ImageObject","inLanguage":"fr-FR","@id":"https:\/\/tiketi.com\/limousine-hire-durban\/#primaryimage","url":"https:\/\/tiketi.com\/wp-content\/uploads\/2019\/05\/limousine-hire.jpg","contentUrl":"https:\/\/tiketi.com\/wp-content\/uploads\/2019\/05\/limousine-hire.jpg","width":1200,"height":200,"caption":"Limousine Hire"},{"@type":"BreadcrumbList","@id":"https:\/\/tiketi.com\/limousine-hire-durban\/#breadcrumb","itemListElement":[{"@type":"ListItem","position":1,"name":"Home","item":"https:\/\/tiketi.com\/"},{"@type":"ListItem","position":2,"name":"Limousine Hire in Durban &#8211; Best Limousine Rental and Prices"}]},{"@type":"WebSite","@id":"https:\/\/tiketi.com\/#website","url":"https:\/\/tiketi.com\/","name":"Billets d&#039;avion et de bus, forfaits touristiques et activit\u00e9s - Tiketi.com","description":"Billets d&#039;avion et de bus, Tours, Activit\u00e9s","publisher":{"@id":"https:\/\/tiketi.com\/#organization"},"potentialAction":[{"@type":"SearchAction","target":{"@type":"EntryPoint","urlTemplate":"https:\/\/tiketi.com\/?s={search_term_string}"},"query-input":{"@type":"PropertyValueSpecification","valueRequired":true,"valueName":"search_term_string"}}],"inLanguage":"fr-FR"},{"@type":"Organization","@id":"https:\/\/tiketi.com\/#organization","name":"Tiketi.com","alternateName":"Tiketi","url":"https:\/\/tiketi.com\/","logo":{"@type":"ImageObject","inLanguage":"fr-FR","@id":"https:\/\/tiketi.com\/#\/schema\/logo\/image\/","url":"https:\/\/tiketi.com\/wp-content\/uploads\/2019\/05\/tiketi-logo-696.png","contentUrl":"https:\/\/tiketi.com\/wp-content\/uploads\/2019\/05\/tiketi-logo-696.png","width":696,"height":696,"caption":"Tiketi.com"},"image":{"@id":"https:\/\/tiketi.com\/#\/schema\/logo\/image\/"},"sameAs":["https:\/\/www.facebook.com\/TiketiCom\/"]}]}},"_links":{"self":[{"href":"https:\/\/tiketi.com\/fr-fr\/wp-json\/wp\/v2\/pages\/11218","targetHints":{"allow":["GET"]}}],"collection":[{"href":"https:\/\/tiketi.com\/fr-fr\/wp-json\/wp\/v2\/pages"}],"about":[{"href":"https:\/\/tiketi.com\/fr-fr\/wp-json\/wp\/v2\/types\/page"}],"author":[{"embeddable":true,"href":"https:\/\/tiketi.com\/fr-fr\/wp-json\/wp\/v2\/users\/1"}],"replies":[{"embeddable":true,"href":"https:\/\/tiketi.com\/fr-fr\/wp-json\/wp\/v2\/comments?post=11218"}],"version-history":[{"count":0,"href":"https:\/\/tiketi.com\/fr-fr\/wp-json\/wp\/v2\/pages\/11218\/revisions"}],"wp:featuredmedia":[{"embeddable":true,"href":"https:\/\/tiketi.com\/fr-fr\/wp-json\/wp\/v2\/media\/20287"}],"wp:attachment":[{"href":"https:\/\/tiketi.com\/fr-fr\/wp-json\/wp\/v2\/media?parent=11218"}],"curies":[{"name":"wp","href":"https:\/\/api.w.org\/{rel}","templated":true}]}}