{"id":11219,"date":"2022-01-19T12:54:22","date_gmt":"2022-01-19T11:54:22","guid":{"rendered":"https:\/\/new.tiketi.com\/limousine-hire-johannesburg-south-africa\/"},"modified":"2022-02-16T15:07:42","modified_gmt":"2022-02-16T14:07:42","slug":"limousine-hire-johannesburg","status":"publish","type":"page","link":"https:\/\/tiketi.com\/fr-fr\/limousine-hire-johannesburg\/","title":{"rendered":"Location de limousine \u00e0 Johannesburg - Meilleure location de limousine et prix"},"content":{"rendered":"<h2>Location de limousine pas ch\u00e8re \u00e0 Johannesburg, Afrique du Sud<\/h2>\n<h3>Comparez les prix de location de limousines \u00e0 bas prix et faites une location de limousine \u00e0 Johannesburg en ligne maintenant.<\/h3>\n<p>La location de limousine pas ch\u00e8re \u00e0 Johannesburg en toute simplicit\u00e9. L&#039;Afrique du Sud est progressivement devenue l&#039;une des destinations de vacances les plus excitantes et les meilleures. Des meilleurs rivages aux vignobles de randonn\u00e9e \u00e0 la vie naturelle dynamique, du suivi aux paysages spectaculaires, l&#039;Afrique du Sud est la meilleure pour les aventures. Johannesburg, autrement connue sous le nom de Jozi, est la plus grande ville d&#039;Afrique du Sud. C&#039;est la capitale du Gauteng, qui est la r\u00e9gion la plus riche d&#039;Afrique du Sud. Faites la location de limousine en ligne \u00e0 Johannesburg et \u00e9conomisez du temps et de l&#039;argent.<\/p>\n<p>Pour les voyageurs, qu&#039;ils soient en voyage d&#039;agr\u00e9ment ou d&#039;affaires, il peut \u00eatre difficile de naviguer dans une nouvelle ville. Mais avec la location de limousine \u00e0 Johannesburg, vous n&#039;avez pas \u00e0 h\u00e9siter sur le trafic et les directions.<\/p>\n<h2>Location de limousine d&#039;entreprise \u00e0 Johannesburg<\/h2>\n<p>Si vous avez besoin de venir vous chercher \u00e0 l&#039;h\u00f4tel, au bureau ou \u00e0 l&#039;a\u00e9roport pour affaires ou pour le plaisir, laissez-nous nous occuper de votre transport de mani\u00e8re incroyable et avec style.<\/p>\n<p>De nombreux hommes d&#039;affaires assistent \u00e0 des r\u00e9unions d&#039;affaires et \u00e0 des conf\u00e9rences chaque ann\u00e9e, la location de limousine \u00e0 Johannesburg est \u00e0 votre service pour vous transporter \u00e0 votre \u00e9v\u00e9nement afin que vous puissiez prendre ces minutes suppl\u00e9mentaires pour r\u00e9capituler ou simplement vous calmer sur le chemin de votre \u00e9v\u00e9nement.<\/p>\n<h2>Location de limousine de mariage Johannesburg<\/h2>\n<p>Un jour de mariage est un jour unique dans la vie d&#039;un couple, quelque chose que vous garderez \u00e0 l&#039;esprit toute votre vie.<br \/>\nLa location de limousine \u00e0 bas prix \u00e0 Johannesburg vous transportera jusqu&#039;\u00e0 votre lieu de mariage dans le luxe avec du champagne glac\u00e9, tout comme la royaut\u00e9.<\/p>\n<p>Apr\u00e8s la c\u00e9r\u00e9monie, votre location de limousine de mariage \u00e0 Johannesburg d\u00e9roulera le tapis rouge pour vous et votre partenaire, avec du champagne frais pour que le nouveau couple commence \u00e0 c\u00e9l\u00e9brer.<\/p>\n<h2>Location de limousine de f\u00eate \u00e0 Johannesburg<\/h2>\n<p>Les anniversaires n&#039;arrivent qu&#039;une fois par an, alors pourquoi ne pas en faire un souvenir inoubliable.<\/p>\n<p>Offrez \u00e0 cette personne unique le traitement VIP qu&#039;elle m\u00e9rite, obtenez-la de la maison \/ du bureau avec le traitement du tapis rouge et du champagne sur glace, pour \u00eatre transf\u00e9r\u00e9e dans un restaurant sp\u00e9cial ou un th\u00e9\u00e2tre de casino avec un service de location de limousine \u00e0 Johannesburg.<\/p>\n<h2>Sortie nocturne Location de limousine \u00e0 Johannesburg<\/h2>\n<p>Planifiez une grande soir\u00e9e, laissez-nous vous y emmener avec style, avec Location de limousine \u00e0 Johannesburg et chauffeur expert.<\/p>\n<p>Que vous souhaitiez partir en croisi\u00e8re ou en bo\u00eete de nuit, vous profiterez d&#039;une soir\u00e9e sans soucis en ville. La location de limousine vintage \u00e0 Johannesburg se fera un plaisir de partager ces nuits uniques avec vous et votre famille ou vos amis dans le luxe et le style.<\/p>\n<h2>Concerts et \u00e9v\u00e9nements Location de limousine \u00e0 Johannesburg<\/h2>\n<p>Avez-vous achet\u00e9 ce billet de concert pour votre groupe ou musicien pr\u00e9f\u00e9r\u00e9, laissez la location de limousine bon march\u00e9 \u00e0 Johannesburg vous y emmener avec style et vous amener juste devant l&#039;entr\u00e9e.<\/p>\n<p>Faites de ces journ\u00e9es uniques des souvenirs pr\u00e9cieux, faites-en une soir\u00e9e inoubliable en ville.<\/p>","protected":false},"excerpt":{"rendered":"<p>Cheap Limousine Rental in Johannesburg, South Africa Compare cheap limousine hire prices and do limo hire in Johannesburg online now. Cheap limousine hire in Johannesburg made easy. South Africa has gradually risen to the amongst the most thrilling and best holiday destinations. From best shorelines to rambling vineyards to dynamic natural life, from tracking to [&hellip;]<\/p>\n","protected":false},"author":1,"featured_media":20287,"parent":0,"menu_order":0,"comment_status":"open","ping_status":"closed","template":"template-home-modern.php","meta":{"footnotes":""},"class_list":["post-11219","page","type-page","status-publish","has-post-thumbnail","hentry"],"yoast_head":"<!-- This site is optimized with the Yoast SEO plugin v27.3 - https:\/\/yoast.com\/product\/yoast-seo-wordpress\/ -->\n<title>Limousine Hire in Johannesburg - Best Limousine Rental and Prices<\/title>\n<meta name=\"description\" content=\"Looking for online limousine hire in Johannesburg? Compare Limousine rental in Johannesburg online and get the best limousine hire prices - book now\" \/>\n<meta name=\"robots\" content=\"index, follow, max-snippet:-1, max-image-preview:large, max-video-preview:-1\" \/>\n<link rel=\"canonical\" href=\"https:\/\/tiketi.com\/fr-fr\/limousine-hire-johannesburg\/\" \/>\n<meta property=\"og:locale\" content=\"fr_FR\" \/>\n<meta property=\"og:type\" content=\"article\" \/>\n<meta property=\"og:title\" content=\"Limousine Hire in Johannesburg - Best Limousine Rental and Prices\" \/>\n<meta property=\"og:description\" content=\"Looking for online limousine hire in Johannesburg? Compare Limousine rental in Johannesburg online and get the best limousine hire prices - book now\" \/>\n<meta property=\"og:url\" content=\"https:\/\/tiketi.com\/fr-fr\/limousine-hire-johannesburg\/\" \/>\n<meta property=\"og:site_name\" content=\"Tiketi.com\" \/>\n<meta property=\"article:publisher\" content=\"https:\/\/www.facebook.com\/TiketiCom\/\" \/>\n<meta property=\"article:modified_time\" content=\"2022-02-16T14:07:42+00:00\" \/>\n<meta property=\"og:image\" content=\"https:\/\/tiketi.com\/wp-content\/uploads\/2019\/05\/limousine-hire.jpg\" \/>\n\t<meta property=\"og:image:width\" content=\"1200\" \/>\n\t<meta property=\"og:image:height\" content=\"200\" \/>\n\t<meta property=\"og:image:type\" content=\"image\/jpeg\" \/>\n<meta name=\"twitter:card\" content=\"summary_large_image\" \/>\n<meta name=\"twitter:label1\" content=\"Dur\u00e9e de lecture estim\u00e9e\" \/>\n\t<meta name=\"twitter:data1\" content=\"3 minutes\" \/>\n<script type=\"application\/ld+json\" class=\"yoast-schema-graph\">{\"@context\":\"https:\\\/\\\/schema.org\",\"@graph\":[{\"@type\":\"WebPage\",\"@id\":\"https:\\\/\\\/tiketi.com\\\/limousine-hire-johannesburg\\\/\",\"url\":\"https:\\\/\\\/tiketi.com\\\/limousine-hire-johannesburg\\\/\",\"name\":\"Limousine Hire in Johannesburg - Best Limousine Rental and Prices\",\"isPartOf\":{\"@id\":\"https:\\\/\\\/tiketi.com\\\/#website\"},\"primaryImageOfPage\":{\"@id\":\"https:\\\/\\\/tiketi.com\\\/limousine-hire-johannesburg\\\/#primaryimage\"},\"image\":{\"@id\":\"https:\\\/\\\/tiketi.com\\\/limousine-hire-johannesburg\\\/#primaryimage\"},\"thumbnailUrl\":\"https:\\\/\\\/tiketi.com\\\/wp-content\\\/uploads\\\/2019\\\/05\\\/limousine-hire.jpg\",\"datePublished\":\"2022-01-19T11:54:22+00:00\",\"dateModified\":\"2022-02-16T14:07:42+00:00\",\"description\":\"Looking for online limousine hire in Johannesburg? Compare Limousine rental in Johannesburg online and get the best limousine hire prices - book now\",\"breadcrumb\":{\"@id\":\"https:\\\/\\\/tiketi.com\\\/limousine-hire-johannesburg\\\/#breadcrumb\"},\"inLanguage\":\"fr-FR\",\"potentialAction\":[{\"@type\":\"ReadAction\",\"target\":[\"https:\\\/\\\/tiketi.com\\\/limousine-hire-johannesburg\\\/\"]}]},{\"@type\":\"ImageObject\",\"inLanguage\":\"fr-FR\",\"@id\":\"https:\\\/\\\/tiketi.com\\\/limousine-hire-johannesburg\\\/#primaryimage\",\"url\":\"https:\\\/\\\/tiketi.com\\\/wp-content\\\/uploads\\\/2019\\\/05\\\/limousine-hire.jpg\",\"contentUrl\":\"https:\\\/\\\/tiketi.com\\\/wp-content\\\/uploads\\\/2019\\\/05\\\/limousine-hire.jpg\",\"width\":1200,\"height\":200,\"caption\":\"Limousine Hire\"},{\"@type\":\"BreadcrumbList\",\"@id\":\"https:\\\/\\\/tiketi.com\\\/limousine-hire-johannesburg\\\/#breadcrumb\",\"itemListElement\":[{\"@type\":\"ListItem\",\"position\":1,\"name\":\"Home\",\"item\":\"https:\\\/\\\/tiketi.com\\\/\"},{\"@type\":\"ListItem\",\"position\":2,\"name\":\"Limousine Hire in Johannesburg &#8211; Best Limousine Rental and Prices\"}]},{\"@type\":\"WebSite\",\"@id\":\"https:\\\/\\\/tiketi.com\\\/#website\",\"url\":\"https:\\\/\\\/tiketi.com\\\/\",\"name\":\"Flight & Bus Tickets, Tour Packages & Activitites - Tiketi.com\",\"description\":\"Flight &amp; Bus Tickets, Tours, Activitites\",\"publisher\":{\"@id\":\"https:\\\/\\\/tiketi.com\\\/#organization\"},\"potentialAction\":[{\"@type\":\"SearchAction\",\"target\":{\"@type\":\"EntryPoint\",\"urlTemplate\":\"https:\\\/\\\/tiketi.com\\\/?s={search_term_string}\"},\"query-input\":{\"@type\":\"PropertyValueSpecification\",\"valueRequired\":true,\"valueName\":\"search_term_string\"}}],\"inLanguage\":\"fr-FR\"},{\"@type\":\"Organization\",\"@id\":\"https:\\\/\\\/tiketi.com\\\/#organization\",\"name\":\"Tiketi.com\",\"alternateName\":\"Tiketi\",\"url\":\"https:\\\/\\\/tiketi.com\\\/\",\"logo\":{\"@type\":\"ImageObject\",\"inLanguage\":\"fr-FR\",\"@id\":\"https:\\\/\\\/tiketi.com\\\/#\\\/schema\\\/logo\\\/image\\\/\",\"url\":\"https:\\\/\\\/tiketi.com\\\/wp-content\\\/uploads\\\/2019\\\/05\\\/tiketi-logo-696.png\",\"contentUrl\":\"https:\\\/\\\/tiketi.com\\\/wp-content\\\/uploads\\\/2019\\\/05\\\/tiketi-logo-696.png\",\"width\":696,\"height\":696,\"caption\":\"Tiketi.com\"},\"image\":{\"@id\":\"https:\\\/\\\/tiketi.com\\\/#\\\/schema\\\/logo\\\/image\\\/\"},\"sameAs\":[\"https:\\\/\\\/www.facebook.com\\\/TiketiCom\\\/\"]}]}<\/script>\n<!-- \/ Yoast SEO plugin. -->","yoast_head_json":{"title":"Location de limousine \u00e0 Johannesburg - Meilleure location de limousine et prix","description":"Vous recherchez une location de limousine en ligne \u00e0 Johannesburg ? Comparez la location de limousine \u00e0 Johannesbourg en ligne et obtenez les meilleurs prix de location de limousine - r\u00e9servez maintenant","robots":{"index":"index","follow":"follow","max-snippet":"max-snippet:-1","max-image-preview":"max-image-preview:large","max-video-preview":"max-video-preview:-1"},"canonical":"https:\/\/tiketi.com\/fr-fr\/limousine-hire-johannesburg\/","og_locale":"fr_FR","og_type":"article","og_title":"Limousine Hire in Johannesburg - Best Limousine Rental and Prices","og_description":"Looking for online limousine hire in Johannesburg? Compare Limousine rental in Johannesburg online and get the best limousine hire prices - book now","og_url":"https:\/\/tiketi.com\/fr-fr\/limousine-hire-johannesburg\/","og_site_name":"Tiketi.com","article_publisher":"https:\/\/www.facebook.com\/TiketiCom\/","article_modified_time":"2022-02-16T14:07:42+00:00","og_image":[{"width":1200,"height":200,"url":"https:\/\/tiketi.com\/wp-content\/uploads\/2019\/05\/limousine-hire.jpg","type":"image\/jpeg"}],"twitter_card":"summary_large_image","twitter_misc":{"Dur\u00e9e de lecture estim\u00e9e":"3 minutes"},"schema":{"@context":"https:\/\/schema.org","@graph":[{"@type":"WebPage","@id":"https:\/\/tiketi.com\/limousine-hire-johannesburg\/","url":"https:\/\/tiketi.com\/limousine-hire-johannesburg\/","name":"Location de limousine \u00e0 Johannesburg - Meilleure location de limousine et prix","isPartOf":{"@id":"https:\/\/tiketi.com\/#website"},"primaryImageOfPage":{"@id":"https:\/\/tiketi.com\/limousine-hire-johannesburg\/#primaryimage"},"image":{"@id":"https:\/\/tiketi.com\/limousine-hire-johannesburg\/#primaryimage"},"thumbnailUrl":"https:\/\/tiketi.com\/wp-content\/uploads\/2019\/05\/limousine-hire.jpg","datePublished":"2022-01-19T11:54:22+00:00","dateModified":"2022-02-16T14:07:42+00:00","description":"Vous recherchez une location de limousine en ligne \u00e0 Johannesburg ? Comparez la location de limousine \u00e0 Johannesbourg en ligne et obtenez les meilleurs prix de location de limousine - r\u00e9servez maintenant","breadcrumb":{"@id":"https:\/\/tiketi.com\/limousine-hire-johannesburg\/#breadcrumb"},"inLanguage":"fr-FR","potentialAction":[{"@type":"ReadAction","target":["https:\/\/tiketi.com\/limousine-hire-johannesburg\/"]}]},{"@type":"ImageObject","inLanguage":"fr-FR","@id":"https:\/\/tiketi.com\/limousine-hire-johannesburg\/#primaryimage","url":"https:\/\/tiketi.com\/wp-content\/uploads\/2019\/05\/limousine-hire.jpg","contentUrl":"https:\/\/tiketi.com\/wp-content\/uploads\/2019\/05\/limousine-hire.jpg","width":1200,"height":200,"caption":"Limousine Hire"},{"@type":"BreadcrumbList","@id":"https:\/\/tiketi.com\/limousine-hire-johannesburg\/#breadcrumb","itemListElement":[{"@type":"ListItem","position":1,"name":"Home","item":"https:\/\/tiketi.com\/"},{"@type":"ListItem","position":2,"name":"Limousine Hire in Johannesburg &#8211; Best Limousine Rental and Prices"}]},{"@type":"WebSite","@id":"https:\/\/tiketi.com\/#website","url":"https:\/\/tiketi.com\/","name":"Billets d&#039;avion et de bus, forfaits touristiques et activit\u00e9s - Tiketi.com","description":"Billets d&#039;avion et de bus, Tours, Activit\u00e9s","publisher":{"@id":"https:\/\/tiketi.com\/#organization"},"potentialAction":[{"@type":"SearchAction","target":{"@type":"EntryPoint","urlTemplate":"https:\/\/tiketi.com\/?s={search_term_string}"},"query-input":{"@type":"PropertyValueSpecification","valueRequired":true,"valueName":"search_term_string"}}],"inLanguage":"fr-FR"},{"@type":"Organization","@id":"https:\/\/tiketi.com\/#organization","name":"Tiketi.com","alternateName":"Tiketi","url":"https:\/\/tiketi.com\/","logo":{"@type":"ImageObject","inLanguage":"fr-FR","@id":"https:\/\/tiketi.com\/#\/schema\/logo\/image\/","url":"https:\/\/tiketi.com\/wp-content\/uploads\/2019\/05\/tiketi-logo-696.png","contentUrl":"https:\/\/tiketi.com\/wp-content\/uploads\/2019\/05\/tiketi-logo-696.png","width":696,"height":696,"caption":"Tiketi.com"},"image":{"@id":"https:\/\/tiketi.com\/#\/schema\/logo\/image\/"},"sameAs":["https:\/\/www.facebook.com\/TiketiCom\/"]}]}},"_links":{"self":[{"href":"https:\/\/tiketi.com\/fr-fr\/wp-json\/wp\/v2\/pages\/11219","targetHints":{"allow":["GET"]}}],"collection":[{"href":"https:\/\/tiketi.com\/fr-fr\/wp-json\/wp\/v2\/pages"}],"about":[{"href":"https:\/\/tiketi.com\/fr-fr\/wp-json\/wp\/v2\/types\/page"}],"author":[{"embeddable":true,"href":"https:\/\/tiketi.com\/fr-fr\/wp-json\/wp\/v2\/users\/1"}],"replies":[{"embeddable":true,"href":"https:\/\/tiketi.com\/fr-fr\/wp-json\/wp\/v2\/comments?post=11219"}],"version-history":[{"count":0,"href":"https:\/\/tiketi.com\/fr-fr\/wp-json\/wp\/v2\/pages\/11219\/revisions"}],"wp:featuredmedia":[{"embeddable":true,"href":"https:\/\/tiketi.com\/fr-fr\/wp-json\/wp\/v2\/media\/20287"}],"wp:attachment":[{"href":"https:\/\/tiketi.com\/fr-fr\/wp-json\/wp\/v2\/media?parent=11219"}],"curies":[{"name":"wp","href":"https:\/\/api.w.org\/{rel}","templated":true}]}}