{"id":11220,"date":"2022-01-19T12:54:22","date_gmt":"2022-01-19T11:54:22","guid":{"rendered":"https:\/\/new.tiketi.com\/limousine-hire-cape-town-south-africa\/"},"modified":"2022-02-16T15:27:28","modified_gmt":"2022-02-16T14:27:28","slug":"limousine-hire-cape-town","status":"publish","type":"page","link":"https:\/\/tiketi.com\/fr-fr\/limousine-hire-cape-town\/","title":{"rendered":"Location de limousine \u00e0 Cape Town - Meilleure location de limousine et prix"},"content":{"rendered":"<h2>Location de limousine pas ch\u00e8re au Cap<\/h2>\n<h3>Comparez les prix de location de limousines bon march\u00e9 au Cap et faites une location de limousine au Cap en ligne maintenant.<\/h3>\n<p>La location de limousines bon march\u00e9 \u00e0 Cape Town en toute simplicit\u00e9. Le Cap est non seulement l&#039;une des villes les plus charmantes d&#039;Afrique du Sud, mais il abrite \u00e9galement l&#039;un des centres \u00e9conomiques \u00e0 la croissance la plus rapide du pays et un certain nombre de secteurs commerciaux, financiers et manufacturiers vitaux qui en font un endroit id\u00e9al pour les voyageurs d&#039;affaires. de toute la plan\u00e8te. Se d\u00e9placer dans une ville aussi merveilleuse peut rapidement devenir co\u00fbteux, stressant et \u00e9puisant, principalement lorsque vous travaillez sous pression ou avec un horaire serr\u00e9. Faites la location de limousine en ligne au Cap et \u00e9conomisez du temps et de l&#039;argent.<\/p>\n<h2>Location de limousines au Cap<\/h2>\n<p>Pour vous d\u00e9barrasser de ces probl\u00e8mes, vous pouvez louer une limousine bon march\u00e9 au Cap pour un mariage, un \u00e9v\u00e9nement professionnel, un adieu matriciel ou m\u00eame pour vous rendre \u00e0 l&#039;a\u00e9roport. Les grandes entreprises louent des limousines au Cap pour se rendre d&#039;un endroit \u00e0 un autre. La plupart du temps, la location de limousines offre des prix de location de limousines bon march\u00e9 \u00e0 Cape Town et donne des devis gratuits. Ils ont une large gamme de v\u00e9hicules diff\u00e9rents parmi lesquels vous pouvez choisir, parmi lesquels des voitures anciennes, des voitures classiques et des bus de f\u00eate.<\/p>\n<h2>Explorez Cape Town avec une location de limousine avec chauffeur \u00e0 Cape Town<\/h2>\n<p>Pourquoi perdre du temps \u00e0 attendre dans de longues files d&#039;attente peu fiables pour les taxis ou \u00e0 essayer de naviguer dans un syst\u00e8me de transport public inconnu ? Avec la location de limousine \u00e0 bas prix au Cap, votre chauffeur local multilingue fera de votre confort et de votre s\u00e9curit\u00e9 un probl\u00e8me o\u00f9 vous allez. Votre location de limousine au Cap pour un service de chauffeur bon march\u00e9 peut \u00eatre r\u00e9serv\u00e9e pour des trajets simples, ou si vous avez besoin d&#039;un chauffeur sur appel pendant que vous visitez le jardin botanique national de Kirstenbosch ou Cape Point \u00e0 l&#039;heure.<\/p>\n<h2>Fait de tes r\u00eaves une r\u00e9alit\u00e9<\/h2>\n<p>Il n&#039;a jamais \u00e9t\u00e9 aussi c\u00e9l\u00e8bre de poursuivre le service de limousine pour les d\u00eeners de gala, les mariages et les d\u00e9jeuners. Peut-\u00eatre d&#039;entre nous avons-nous appr\u00e9ci\u00e9 l&#039;exp\u00e9rience m\u00e9morable de voir des jeunes mari\u00e9s sortir de la mairie ou de l&#039;\u00e9glise pour \u00eatre recueillis par une majestueuse limousine. Cela fait vraiment toute une impression et n&#039;est pas choquant que ce soit une exp\u00e9rience que beaucoup d&#039;autres veulent vivre. Souvent, la location de limousine de f\u00eate au Cap est li\u00e9e \u00e0 un th\u00e8me sp\u00e9cial comme la soir\u00e9e Grease des ann\u00e9es 50 ou la f\u00eate de poule, ajoutant encore plus de couleur et de plaisir \u00e0 l&#039;\u00e9v\u00e9nement.<\/p>\n<h2>Location de limousine au Cap conduite en action<\/h2>\n<p>La conduite en limousine peut \u00eatre utilis\u00e9e pour c\u00e9l\u00e9brer un anniversaire ou un mariage, par exemple une c\u00e9l\u00e9bration du 50e anniversaire. Ou peut-\u00eatre voulez-vous offrir un cadeau \u00e0 quelqu&#039;un? Nous pouvons chaleureusement conseiller la location de limousine au Cap comme un cadeau r\u00e9confortant de vous \u00e0 un autre, incluant peut-\u00eatre un arr\u00eat dans un restaurant gastronomique en cours de route ou une visite au cin\u00e9ma ou au th\u00e9\u00e2tre. Ou peut-\u00eatre souhaitez-vous offrir \u00e0 votre invit\u00e9 une vue particuli\u00e8rement charmante dans le cadre de l&#039;exp\u00e9rience o\u00f9 il pourra prendre de magnifiques images devant un d\u00e9cor pittoresque du Cap.<\/p>","protected":false},"excerpt":{"rendered":"<p>Cheap Limousine Rental in Cape Town Compare cheap limousine hire prices Cape Town and do limo hire in Cape Town online now. Cheap limousine hire in Cape Town made easy. Not only is Cape Town is one of the most charming cities in South Africa, it is also home to one of the country&#8217;s quickest [&hellip;]<\/p>\n","protected":false},"author":1,"featured_media":20287,"parent":0,"menu_order":0,"comment_status":"open","ping_status":"closed","template":"template-home-modern.php","meta":{"footnotes":""},"class_list":["post-11220","page","type-page","status-publish","has-post-thumbnail","hentry"],"yoast_head":"<!-- This site is optimized with the Yoast SEO plugin v27.2 - https:\/\/yoast.com\/product\/yoast-seo-wordpress\/ -->\n<title>Limousine Rental in Cape Town - Best Limousine Hire and Prices<\/title>\n<meta name=\"description\" content=\"Looking for online limousine hire in Cape Town? Compare Limousine rental in Cape Town online and get the best limousine hire prices - book now\" \/>\n<meta name=\"robots\" content=\"index, follow, max-snippet:-1, max-image-preview:large, max-video-preview:-1\" \/>\n<link rel=\"canonical\" href=\"https:\/\/tiketi.com\/fr-fr\/limousine-hire-cape-town\/\" \/>\n<meta property=\"og:locale\" content=\"fr_FR\" \/>\n<meta property=\"og:type\" content=\"article\" \/>\n<meta property=\"og:title\" content=\"Limousine Rental in Cape Town - Best Limousine Hire and Prices\" \/>\n<meta property=\"og:description\" content=\"Looking for online limousine hire in Cape Town? Compare Limousine rental in Cape Town online and get the best limousine hire prices - book now\" \/>\n<meta property=\"og:url\" content=\"https:\/\/tiketi.com\/fr-fr\/limousine-hire-cape-town\/\" \/>\n<meta property=\"og:site_name\" content=\"Tiketi.com\" \/>\n<meta property=\"article:publisher\" content=\"https:\/\/www.facebook.com\/TiketiCom\/\" \/>\n<meta property=\"article:modified_time\" content=\"2022-02-16T14:27:28+00:00\" \/>\n<meta property=\"og:image\" content=\"https:\/\/tiketi.com\/wp-content\/uploads\/2019\/05\/limousine-hire.jpg\" \/>\n\t<meta property=\"og:image:width\" content=\"1200\" \/>\n\t<meta property=\"og:image:height\" content=\"200\" \/>\n\t<meta property=\"og:image:type\" content=\"image\/jpeg\" \/>\n<meta name=\"twitter:card\" content=\"summary_large_image\" \/>\n<meta name=\"twitter:label1\" content=\"Dur\u00e9e de lecture estim\u00e9e\" \/>\n\t<meta name=\"twitter:data1\" content=\"3 minutes\" \/>\n<script type=\"application\/ld+json\" class=\"yoast-schema-graph\">{\"@context\":\"https:\/\/schema.org\",\"@graph\":[{\"@type\":\"WebPage\",\"@id\":\"https:\/\/tiketi.com\/limousine-hire-cape-town\/\",\"url\":\"https:\/\/tiketi.com\/limousine-hire-cape-town\/\",\"name\":\"Limousine Rental in Cape Town - Best Limousine Hire and Prices\",\"isPartOf\":{\"@id\":\"https:\/\/tiketi.com\/#website\"},\"primaryImageOfPage\":{\"@id\":\"https:\/\/tiketi.com\/limousine-hire-cape-town\/#primaryimage\"},\"image\":{\"@id\":\"https:\/\/tiketi.com\/limousine-hire-cape-town\/#primaryimage\"},\"thumbnailUrl\":\"https:\/\/tiketi.com\/wp-content\/uploads\/2019\/05\/limousine-hire.jpg\",\"datePublished\":\"2022-01-19T11:54:22+00:00\",\"dateModified\":\"2022-02-16T14:27:28+00:00\",\"description\":\"Looking for online limousine hire in Cape Town? Compare Limousine rental in Cape Town online and get the best limousine hire prices - book now\",\"breadcrumb\":{\"@id\":\"https:\/\/tiketi.com\/limousine-hire-cape-town\/#breadcrumb\"},\"inLanguage\":\"fr-FR\",\"potentialAction\":[{\"@type\":\"ReadAction\",\"target\":[\"https:\/\/tiketi.com\/limousine-hire-cape-town\/\"]}]},{\"@type\":\"ImageObject\",\"inLanguage\":\"fr-FR\",\"@id\":\"https:\/\/tiketi.com\/limousine-hire-cape-town\/#primaryimage\",\"url\":\"https:\/\/tiketi.com\/wp-content\/uploads\/2019\/05\/limousine-hire.jpg\",\"contentUrl\":\"https:\/\/tiketi.com\/wp-content\/uploads\/2019\/05\/limousine-hire.jpg\",\"width\":1200,\"height\":200,\"caption\":\"Limousine Hire\"},{\"@type\":\"BreadcrumbList\",\"@id\":\"https:\/\/tiketi.com\/limousine-hire-cape-town\/#breadcrumb\",\"itemListElement\":[{\"@type\":\"ListItem\",\"position\":1,\"name\":\"Home\",\"item\":\"https:\/\/tiketi.com\/\"},{\"@type\":\"ListItem\",\"position\":2,\"name\":\"Limousine Hire in Cape Town &#8211; Best Limousine Hire and Prices\"}]},{\"@type\":\"WebSite\",\"@id\":\"https:\/\/tiketi.com\/#website\",\"url\":\"https:\/\/tiketi.com\/\",\"name\":\"Flight & Bus Tickets, Tour Packages & Activitites - Tiketi.com\",\"description\":\"Flight &amp; Bus Tickets, Tours, Activitites\",\"publisher\":{\"@id\":\"https:\/\/tiketi.com\/#organization\"},\"potentialAction\":[{\"@type\":\"SearchAction\",\"target\":{\"@type\":\"EntryPoint\",\"urlTemplate\":\"https:\/\/tiketi.com\/?s={search_term_string}\"},\"query-input\":{\"@type\":\"PropertyValueSpecification\",\"valueRequired\":true,\"valueName\":\"search_term_string\"}}],\"inLanguage\":\"fr-FR\"},{\"@type\":\"Organization\",\"@id\":\"https:\/\/tiketi.com\/#organization\",\"name\":\"Tiketi.com\",\"alternateName\":\"Tiketi\",\"url\":\"https:\/\/tiketi.com\/\",\"logo\":{\"@type\":\"ImageObject\",\"inLanguage\":\"fr-FR\",\"@id\":\"https:\/\/tiketi.com\/#\/schema\/logo\/image\/\",\"url\":\"https:\/\/tiketi.com\/wp-content\/uploads\/2019\/05\/tiketi-logo-696.png\",\"contentUrl\":\"https:\/\/tiketi.com\/wp-content\/uploads\/2019\/05\/tiketi-logo-696.png\",\"width\":696,\"height\":696,\"caption\":\"Tiketi.com\"},\"image\":{\"@id\":\"https:\/\/tiketi.com\/#\/schema\/logo\/image\/\"},\"sameAs\":[\"https:\/\/www.facebook.com\/TiketiCom\/\"]}]}<\/script>\n<!-- \/ Yoast SEO plugin. -->","yoast_head_json":{"title":"Location de limousine \u00e0 Cape Town - Meilleure location de limousine et prix","description":"Vous recherchez une location de limousine en ligne au Cap ? Comparez la location de limousine \u00e0 Le Cap en ligne et obtenez les meilleurs prix de location de limousine - r\u00e9servez maintenant","robots":{"index":"index","follow":"follow","max-snippet":"max-snippet:-1","max-image-preview":"max-image-preview:large","max-video-preview":"max-video-preview:-1"},"canonical":"https:\/\/tiketi.com\/fr-fr\/limousine-hire-cape-town\/","og_locale":"fr_FR","og_type":"article","og_title":"Limousine Rental in Cape Town - Best Limousine Hire and Prices","og_description":"Looking for online limousine hire in Cape Town? Compare Limousine rental in Cape Town online and get the best limousine hire prices - book now","og_url":"https:\/\/tiketi.com\/fr-fr\/limousine-hire-cape-town\/","og_site_name":"Tiketi.com","article_publisher":"https:\/\/www.facebook.com\/TiketiCom\/","article_modified_time":"2022-02-16T14:27:28+00:00","og_image":[{"width":1200,"height":200,"url":"https:\/\/tiketi.com\/wp-content\/uploads\/2019\/05\/limousine-hire.jpg","type":"image\/jpeg"}],"twitter_card":"summary_large_image","twitter_misc":{"Dur\u00e9e de lecture estim\u00e9e":"3 minutes"},"schema":{"@context":"https:\/\/schema.org","@graph":[{"@type":"WebPage","@id":"https:\/\/tiketi.com\/limousine-hire-cape-town\/","url":"https:\/\/tiketi.com\/limousine-hire-cape-town\/","name":"Location de limousine \u00e0 Cape Town - Meilleure location de limousine et prix","isPartOf":{"@id":"https:\/\/tiketi.com\/#website"},"primaryImageOfPage":{"@id":"https:\/\/tiketi.com\/limousine-hire-cape-town\/#primaryimage"},"image":{"@id":"https:\/\/tiketi.com\/limousine-hire-cape-town\/#primaryimage"},"thumbnailUrl":"https:\/\/tiketi.com\/wp-content\/uploads\/2019\/05\/limousine-hire.jpg","datePublished":"2022-01-19T11:54:22+00:00","dateModified":"2022-02-16T14:27:28+00:00","description":"Vous recherchez une location de limousine en ligne au Cap ? Comparez la location de limousine \u00e0 Le Cap en ligne et obtenez les meilleurs prix de location de limousine - r\u00e9servez maintenant","breadcrumb":{"@id":"https:\/\/tiketi.com\/limousine-hire-cape-town\/#breadcrumb"},"inLanguage":"fr-FR","potentialAction":[{"@type":"ReadAction","target":["https:\/\/tiketi.com\/limousine-hire-cape-town\/"]}]},{"@type":"ImageObject","inLanguage":"fr-FR","@id":"https:\/\/tiketi.com\/limousine-hire-cape-town\/#primaryimage","url":"https:\/\/tiketi.com\/wp-content\/uploads\/2019\/05\/limousine-hire.jpg","contentUrl":"https:\/\/tiketi.com\/wp-content\/uploads\/2019\/05\/limousine-hire.jpg","width":1200,"height":200,"caption":"Limousine Hire"},{"@type":"BreadcrumbList","@id":"https:\/\/tiketi.com\/limousine-hire-cape-town\/#breadcrumb","itemListElement":[{"@type":"ListItem","position":1,"name":"Home","item":"https:\/\/tiketi.com\/"},{"@type":"ListItem","position":2,"name":"Limousine Hire in Cape Town &#8211; Best Limousine Hire and Prices"}]},{"@type":"WebSite","@id":"https:\/\/tiketi.com\/#website","url":"https:\/\/tiketi.com\/","name":"Billets d&#039;avion et de bus, forfaits touristiques et activit\u00e9s - Tiketi.com","description":"Billets d&#039;avion et de bus, Tours, Activit\u00e9s","publisher":{"@id":"https:\/\/tiketi.com\/#organization"},"potentialAction":[{"@type":"SearchAction","target":{"@type":"EntryPoint","urlTemplate":"https:\/\/tiketi.com\/?s={search_term_string}"},"query-input":{"@type":"PropertyValueSpecification","valueRequired":true,"valueName":"search_term_string"}}],"inLanguage":"fr-FR"},{"@type":"Organization","@id":"https:\/\/tiketi.com\/#organization","name":"Tiketi.com","alternateName":"Tiketi","url":"https:\/\/tiketi.com\/","logo":{"@type":"ImageObject","inLanguage":"fr-FR","@id":"https:\/\/tiketi.com\/#\/schema\/logo\/image\/","url":"https:\/\/tiketi.com\/wp-content\/uploads\/2019\/05\/tiketi-logo-696.png","contentUrl":"https:\/\/tiketi.com\/wp-content\/uploads\/2019\/05\/tiketi-logo-696.png","width":696,"height":696,"caption":"Tiketi.com"},"image":{"@id":"https:\/\/tiketi.com\/#\/schema\/logo\/image\/"},"sameAs":["https:\/\/www.facebook.com\/TiketiCom\/"]}]}},"_links":{"self":[{"href":"https:\/\/tiketi.com\/fr-fr\/wp-json\/wp\/v2\/pages\/11220","targetHints":{"allow":["GET"]}}],"collection":[{"href":"https:\/\/tiketi.com\/fr-fr\/wp-json\/wp\/v2\/pages"}],"about":[{"href":"https:\/\/tiketi.com\/fr-fr\/wp-json\/wp\/v2\/types\/page"}],"author":[{"embeddable":true,"href":"https:\/\/tiketi.com\/fr-fr\/wp-json\/wp\/v2\/users\/1"}],"replies":[{"embeddable":true,"href":"https:\/\/tiketi.com\/fr-fr\/wp-json\/wp\/v2\/comments?post=11220"}],"version-history":[{"count":0,"href":"https:\/\/tiketi.com\/fr-fr\/wp-json\/wp\/v2\/pages\/11220\/revisions"}],"wp:featuredmedia":[{"embeddable":true,"href":"https:\/\/tiketi.com\/fr-fr\/wp-json\/wp\/v2\/media\/20287"}],"wp:attachment":[{"href":"https:\/\/tiketi.com\/fr-fr\/wp-json\/wp\/v2\/media?parent=11220"}],"curies":[{"name":"wp","href":"https:\/\/api.w.org\/{rel}","templated":true}]}}