{"id":11221,"date":"2022-01-19T12:54:22","date_gmt":"2022-01-19T11:54:22","guid":{"rendered":"https:\/\/new.tiketi.com\/how-to-get-a-credit-card-in-uganda-online-best-credit-cards\/"},"modified":"2022-07-14T13:02:15","modified_gmt":"2022-07-14T12:02:15","slug":"how-to-get-a-credit-card-in-uganda-and-use","status":"publish","type":"page","link":"https:\/\/tiketi.com\/fr-fr\/how-to-get-a-credit-card-in-uganda-and-use\/","title":{"rendered":"Comment obtenir une carte de cr\u00e9dit en Ouganda en ligne \u2013 Meilleures cartes de cr\u00e9dit"},"content":{"rendered":"<p><strong>Un d:\u00a0<\/strong><\/p>\n<p><strong><a href=\"https:\/\/fiymo.com\/register\" target=\"_blank\" rel=\"noopener\"><\/a><\/strong><\/p>\n<h2>Meilleures cartes de cr\u00e9dit ougandaises - Cartes de cr\u00e9dit et cartes de d\u00e9bit virtuelles pr\u00e9pay\u00e9es en ligne<\/h2>\n<h3>Profitez de la libert\u00e9 de faire ce que vous voulez faire. Obtenir une carte de cr\u00e9dit virtuelle Ouganda en ligne <u><a href=\"https:\/\/fiymo.com\/home\/register\" data-cke-saved-href=\"https:\/\/fiymo.com\/home\/register\">\u00e0 pr\u00e9sent<\/a><\/u>.<\/h3>\n<p>Voici comment obtenir une carte de cr\u00e9dit en Ouganda en ligne. Les cartes de cr\u00e9dit, de d\u00e9bit et de cr\u00e9dit pr\u00e9pay\u00e9es en Ouganda vous permettent d&#039;acheter des services et des biens ou de retirer de l&#039;argent pour une utilisation rapide, puis de payer les achats \u00e0 un versement abordable \u00e0 une date ult\u00e9rieure \u00e0 une limite de cr\u00e9dit renouvelable attribu\u00e9e. Voici ce qu&#039;il faut savoir sur la proc\u00e9dure de demande de cartes de cr\u00e9dit ougandaises.<\/p>\n<h2>Comment obtenir une carte de cr\u00e9dit en Ouganda FAQ en ligne<\/h2>\n<h3>Ce que vous obtenez des cartes de cr\u00e9dit en Ouganda<\/h3>\n<p>\u2022 Acceptez le cr\u00e9dit comme et quand vous le voulez. Une fois que vous avez votre carte, il n&#039;est pas n\u00e9cessaire d&#039;attendre une future demande de cr\u00e9dit.<br \/>\n\u2022 Moyen s\u00fbr de faire des achats en ligne car il est v\u00e9rifi\u00e9 par Visa<br \/>\n\u2022 Il est plus accept\u00e9 \u00e0 l&#039;\u00e9chelle mondiale<br \/>\n\u2022 C&#039;est simple et s\u00fbr que de transporter de l&#039;argent liquide<br \/>\n\u2022 Une carte secondaire pour les membres de votre famille sans frais suppl\u00e9mentaires<br \/>\n\u2022 Plan de protection de cr\u00e9dit gratuit en cas d&#039;invalidit\u00e9 permanente ou de d\u00e9c\u00e8s<br \/>\n\u2022 Assurance voyage gratuite<br \/>\n\u2022\u00a0SMS gratuits illimit\u00e9s li\u00e9s \u00e0 la carte et relev\u00e9 mensuel<br \/>\n\u2022 Vous pouvez payer des services et des biens rapidement mais \u00e9taler le remboursement sur une plus longue p\u00e9riode avec des remboursements mensuels minimum de dix pour cent du solde impay\u00e9 de votre carte de cr\u00e9dit ougandaise.<\/p>\n<h3>Comment obtenir une carte de cr\u00e9dit virtuelle en Ouganda ?<\/h3>\n<p>Une carte pr\u00e9pay\u00e9e ou une carte de cr\u00e9dit virtuelle ougandaise est comme n&#039;importe quelle autre banque \u00e9mise. Il s&#039;agit g\u00e9n\u00e9ralement, mais pas toujours, d&#039;un ajout dans la nature et il n&#039;a aucune existence plastique. Tous les d\u00e9tails de correspondance sur le num\u00e9ro de carte, la date de validit\u00e9 du formulaire, le num\u00e9ro CVV et la date d&#039;expiration sont visibles en ligne. Les cartes de cr\u00e9dit virtuelles en Ouganda vous permettent d&#039;effectuer des transactions en ligne avec une limite de cr\u00e9dit de votre choix. Ils ont \u00e9galement des points de r\u00e9compense ou de remise en argent similaires, en tant que carte de cr\u00e9dit pr\u00e9pay\u00e9e principale en Ouganda. Puisqu&#039;aucune carte physique en plastique n&#039;est \u00e9mise, elle ne peut \u00eatre utilis\u00e9e que pour les transactions sur Internet. Obtenir une carte de cr\u00e9dit virtuelle Ouganda en ligne <u><a href=\"https:\/\/fiymo.com\/home\/register\" data-cke-saved-href=\"https:\/\/fiymo.com\/home\/register\">\u00e0 pr\u00e9sent<\/a><\/u>.<\/p>\n<h3>Certaines des fa\u00e7ons dont les cartes de cr\u00e9dit pr\u00e9pay\u00e9es et ougandaises fonctionnent<\/h3>\n<p>\u2022 Ceux-ci vous offrent des transactions s\u00e9curis\u00e9es, et les possibilit\u00e9s d&#039;\u00e9garement ou de vol sont consid\u00e9rablement faibles.<br \/>\n\u2022 Vous \u00eates d&#039;accord avec une restriction de transaction au-del\u00e0 de laquelle vous ne pouvez pas utiliser votre carte. Cela garantit que vous ne d\u00e9passez pas votre budget, ce qui pourrait constituer une charge financi\u00e8re inutile.<br \/>\n\u2022 La demande de VCC est enti\u00e8rement gratuite.<br \/>\n\u2022 Dans le cas o\u00f9 vous avez un solde restant, le montant sera inclus dans la limite de cr\u00e9dit de votre carte de cr\u00e9dit initiale.<br \/>\n\u2022 Les d\u00e9tails de votre carte de cr\u00e9dit restent enti\u00e8rement s\u00e9curis\u00e9s et vous pouvez acc\u00e9der aux d\u00e9tails souhait\u00e9s en vous connectant \u00e0 votre compte Internet ou \u00e0 votre application en saisissant vos informations d&#039;identification.<\/p>\n<h3>O\u00f9 obtenir des cartes de cr\u00e9dit ougandaises<\/h3>\n<h3>Payeur<\/h3>\n<p>Vous pouvez acc\u00e9der \u00e0 vos cartes de cr\u00e9dit ougandaises \u00e0 l&#039;\u00e9tranger via l&#039;application de votre \u00e9metteur, par exemple, des services en ligne comme Payoneer ou PayPal et obtenir les d\u00e9tails n\u00e9cessaires. Ces 2 entreprises utilisent \u00e9galement leurs cartes de cr\u00e9dit virtuelles sous forme physique si vous en avez besoin, mais seront \u00e9galement capables d&#039;obtenir toutes vos transactions sur le site de l&#039;entreprise ou sur l&#039;application mobile. Il convient de noter que le choix de la carte de cr\u00e9dit virtuelle PayPal ne fonctionnerait pas en Ouganda.<\/p>\n<h3>Carte MoMo MTN<\/h3>\n<p>MTN a une connexion avec Mastercard pour b\u00e9n\u00e9ficier des services de carte de cr\u00e9dit via sa plate-forme d&#039;argent mobile, mais la validit\u00e9 n&#039;est que de trente jours. MTN MoCard est attach\u00e9e au compte mobile cash d&#039;un client.<\/p>\n<h3>Standcharted<\/h3>\n<p>Standcharted a des cartes num\u00e9riques leur \u00e9dition d&#039;une carte de cr\u00e9dit virtuelle en Ouganda. Ces cartes de cr\u00e9dit ougandaises sont diff\u00e9rentes des cartes physiques \u00e9mises par StanChart. Mis \u00e0 part le nom et l&#039;esth\u00e9tique de la carte, le num\u00e9ro de carte et le CVV sont tous diff\u00e9rents.<\/p>\n<h2>Comment obtenir une carte de cr\u00e9dit en Ouganda conseils en ligne<\/h2>\n<h3>Cartes de cr\u00e9dit Visa en Ouganda<\/h3>\n<p>Si vous craignez d&#039;utiliser votre achat en ligne de carte de cr\u00e9dit visa Ouganda, vous pouvez cr\u00e9er votre propre carte de cr\u00e9dit virtuelle en Ouganda pour l&#039;achat en ligne pour le montant n\u00e9cessaire. Vous pouvez l&#039;utiliser pour un achat sur Internet et tout solde restant sera automatiquement cr\u00e9dit\u00e9 sur votre compte.<\/p>","protected":false},"excerpt":{"rendered":"<p>Ad:\u00a0 Best Uganda Credit Cards\u00a0&#8211; Online Virtual, Prepaid Credit Card &amp; Debit Cards Enjoy the freedom to do what you want to do. Get a virtual credit card Uganda online now. Here is how to get a credit card in Uganda online. Credit, debit, and prepaid credit cards in Uganda permits you to buy services [&hellip;]<\/p>\n","protected":false},"author":1,"featured_media":19588,"parent":0,"menu_order":0,"comment_status":"open","ping_status":"closed","template":"template-home-modern.php","meta":{"footnotes":""},"class_list":["post-11221","page","type-page","status-publish","has-post-thumbnail","hentry"],"yoast_head":"<!-- This site is optimized with the Yoast SEO plugin v27.5 - https:\/\/yoast.com\/product\/yoast-seo-wordpress\/ -->\n<title>How to get a credit card in Uganda online - Best credit cards<\/title>\n<meta name=\"description\" content=\"Are you looking for virtual, credit, debit, and virtual prepaid credit cards in Uganda? Here is how to get a credit card in Uganda online\" \/>\n<meta name=\"robots\" content=\"index, follow, max-snippet:-1, max-image-preview:large, max-video-preview:-1\" \/>\n<link rel=\"canonical\" href=\"https:\/\/tiketi.com\/fr-fr\/how-to-get-a-credit-card-in-uganda-and-use\/\" \/>\n<meta property=\"og:locale\" content=\"fr_FR\" \/>\n<meta property=\"og:type\" content=\"article\" \/>\n<meta property=\"og:title\" content=\"How to get a credit card in Uganda online - Best credit cards\" \/>\n<meta property=\"og:description\" content=\"Are you looking for virtual, credit, debit, and virtual prepaid credit cards in Uganda? Here is how to get a credit card in Uganda online\" \/>\n<meta property=\"og:url\" content=\"https:\/\/tiketi.com\/fr-fr\/how-to-get-a-credit-card-in-uganda-and-use\/\" \/>\n<meta property=\"og:site_name\" content=\"Tiketi.com\" \/>\n<meta property=\"article:publisher\" content=\"https:\/\/www.facebook.com\/TiketiCom\/\" \/>\n<meta property=\"article:modified_time\" content=\"2022-07-14T12:02:15+00:00\" \/>\n<meta property=\"og:image\" content=\"https:\/\/tiketi.com\/wp-content\/uploads\/2019\/05\/credit-card-6406010_1280.jpg\" \/>\n\t<meta property=\"og:image:width\" content=\"1200\" \/>\n\t<meta property=\"og:image:height\" content=\"200\" \/>\n\t<meta property=\"og:image:type\" content=\"image\/jpeg\" \/>\n<meta name=\"twitter:card\" content=\"summary_large_image\" \/>\n<meta name=\"twitter:label1\" content=\"Dur\u00e9e de lecture estim\u00e9e\" \/>\n\t<meta name=\"twitter:data1\" content=\"4 minutes\" \/>\n<script type=\"application\/ld+json\" class=\"yoast-schema-graph\">{\"@context\":\"https:\\\/\\\/schema.org\",\"@graph\":[{\"@type\":\"WebPage\",\"@id\":\"https:\\\/\\\/tiketi.com\\\/how-to-get-a-credit-card-in-uganda-and-use\\\/\",\"url\":\"https:\\\/\\\/tiketi.com\\\/how-to-get-a-credit-card-in-uganda-and-use\\\/\",\"name\":\"How to get a credit card in Uganda online - Best credit cards\",\"isPartOf\":{\"@id\":\"https:\\\/\\\/tiketi.com\\\/#website\"},\"primaryImageOfPage\":{\"@id\":\"https:\\\/\\\/tiketi.com\\\/how-to-get-a-credit-card-in-uganda-and-use\\\/#primaryimage\"},\"image\":{\"@id\":\"https:\\\/\\\/tiketi.com\\\/how-to-get-a-credit-card-in-uganda-and-use\\\/#primaryimage\"},\"thumbnailUrl\":\"https:\\\/\\\/tiketi.com\\\/wp-content\\\/uploads\\\/2019\\\/05\\\/credit-card-6406010_1280.jpg\",\"datePublished\":\"2022-01-19T11:54:22+00:00\",\"dateModified\":\"2022-07-14T12:02:15+00:00\",\"description\":\"Are you looking for virtual, credit, debit, and virtual prepaid credit cards in Uganda? Here is how to get a credit card in Uganda online\",\"breadcrumb\":{\"@id\":\"https:\\\/\\\/tiketi.com\\\/how-to-get-a-credit-card-in-uganda-and-use\\\/#breadcrumb\"},\"inLanguage\":\"fr-FR\",\"potentialAction\":[{\"@type\":\"ReadAction\",\"target\":[\"https:\\\/\\\/tiketi.com\\\/how-to-get-a-credit-card-in-uganda-and-use\\\/\"]}]},{\"@type\":\"ImageObject\",\"inLanguage\":\"fr-FR\",\"@id\":\"https:\\\/\\\/tiketi.com\\\/how-to-get-a-credit-card-in-uganda-and-use\\\/#primaryimage\",\"url\":\"https:\\\/\\\/tiketi.com\\\/wp-content\\\/uploads\\\/2019\\\/05\\\/credit-card-6406010_1280.jpg\",\"contentUrl\":\"https:\\\/\\\/tiketi.com\\\/wp-content\\\/uploads\\\/2019\\\/05\\\/credit-card-6406010_1280.jpg\",\"width\":1200,\"height\":200,\"caption\":\"How to get a credit card in\"},{\"@type\":\"BreadcrumbList\",\"@id\":\"https:\\\/\\\/tiketi.com\\\/how-to-get-a-credit-card-in-uganda-and-use\\\/#breadcrumb\",\"itemListElement\":[{\"@type\":\"ListItem\",\"position\":1,\"name\":\"Home\",\"item\":\"https:\\\/\\\/tiketi.com\\\/\"},{\"@type\":\"ListItem\",\"position\":2,\"name\":\"How to get a credit card in Uganda online &#8211; Best credit cards\"}]},{\"@type\":\"WebSite\",\"@id\":\"https:\\\/\\\/tiketi.com\\\/#website\",\"url\":\"https:\\\/\\\/tiketi.com\\\/\",\"name\":\"Flight & Bus Tickets, Tour Packages & Activitites - Tiketi.com\",\"description\":\"Flight &amp; Bus Tickets, Tours, Activitites\",\"publisher\":{\"@id\":\"https:\\\/\\\/tiketi.com\\\/#organization\"},\"potentialAction\":[{\"@type\":\"SearchAction\",\"target\":{\"@type\":\"EntryPoint\",\"urlTemplate\":\"https:\\\/\\\/tiketi.com\\\/?s={search_term_string}\"},\"query-input\":{\"@type\":\"PropertyValueSpecification\",\"valueRequired\":true,\"valueName\":\"search_term_string\"}}],\"inLanguage\":\"fr-FR\"},{\"@type\":\"Organization\",\"@id\":\"https:\\\/\\\/tiketi.com\\\/#organization\",\"name\":\"Tiketi.com\",\"alternateName\":\"Tiketi\",\"url\":\"https:\\\/\\\/tiketi.com\\\/\",\"logo\":{\"@type\":\"ImageObject\",\"inLanguage\":\"fr-FR\",\"@id\":\"https:\\\/\\\/tiketi.com\\\/#\\\/schema\\\/logo\\\/image\\\/\",\"url\":\"https:\\\/\\\/tiketi.com\\\/wp-content\\\/uploads\\\/2019\\\/05\\\/tiketi-logo-696.png\",\"contentUrl\":\"https:\\\/\\\/tiketi.com\\\/wp-content\\\/uploads\\\/2019\\\/05\\\/tiketi-logo-696.png\",\"width\":696,\"height\":696,\"caption\":\"Tiketi.com\"},\"image\":{\"@id\":\"https:\\\/\\\/tiketi.com\\\/#\\\/schema\\\/logo\\\/image\\\/\"},\"sameAs\":[\"https:\\\/\\\/www.facebook.com\\\/TiketiCom\\\/\"]}]}<\/script>\n<!-- \/ Yoast SEO plugin. -->","yoast_head_json":{"title":"Comment obtenir une carte de cr\u00e9dit en Ouganda en ligne - Meilleures cartes de cr\u00e9dit","description":"\u00cates-vous \u00e0 la recherche de cartes de cr\u00e9dit virtuelles, de cr\u00e9dit, de d\u00e9bit et pr\u00e9pay\u00e9es virtuelles en Ouganda\u00a0? Voici comment obtenir une carte de cr\u00e9dit en Ouganda en ligne","robots":{"index":"index","follow":"follow","max-snippet":"max-snippet:-1","max-image-preview":"max-image-preview:large","max-video-preview":"max-video-preview:-1"},"canonical":"https:\/\/tiketi.com\/fr-fr\/how-to-get-a-credit-card-in-uganda-and-use\/","og_locale":"fr_FR","og_type":"article","og_title":"How to get a credit card in Uganda online - Best credit cards","og_description":"Are you looking for virtual, credit, debit, and virtual prepaid credit cards in Uganda? Here is how to get a credit card in Uganda online","og_url":"https:\/\/tiketi.com\/fr-fr\/how-to-get-a-credit-card-in-uganda-and-use\/","og_site_name":"Tiketi.com","article_publisher":"https:\/\/www.facebook.com\/TiketiCom\/","article_modified_time":"2022-07-14T12:02:15+00:00","og_image":[{"width":1200,"height":200,"url":"https:\/\/tiketi.com\/wp-content\/uploads\/2019\/05\/credit-card-6406010_1280.jpg","type":"image\/jpeg"}],"twitter_card":"summary_large_image","twitter_misc":{"Dur\u00e9e de lecture estim\u00e9e":"4 minutes"},"schema":{"@context":"https:\/\/schema.org","@graph":[{"@type":"WebPage","@id":"https:\/\/tiketi.com\/how-to-get-a-credit-card-in-uganda-and-use\/","url":"https:\/\/tiketi.com\/how-to-get-a-credit-card-in-uganda-and-use\/","name":"Comment obtenir une carte de cr\u00e9dit en Ouganda en ligne - Meilleures cartes de cr\u00e9dit","isPartOf":{"@id":"https:\/\/tiketi.com\/#website"},"primaryImageOfPage":{"@id":"https:\/\/tiketi.com\/how-to-get-a-credit-card-in-uganda-and-use\/#primaryimage"},"image":{"@id":"https:\/\/tiketi.com\/how-to-get-a-credit-card-in-uganda-and-use\/#primaryimage"},"thumbnailUrl":"https:\/\/tiketi.com\/wp-content\/uploads\/2019\/05\/credit-card-6406010_1280.jpg","datePublished":"2022-01-19T11:54:22+00:00","dateModified":"2022-07-14T12:02:15+00:00","description":"\u00cates-vous \u00e0 la recherche de cartes de cr\u00e9dit virtuelles, de cr\u00e9dit, de d\u00e9bit et pr\u00e9pay\u00e9es virtuelles en Ouganda\u00a0? Voici comment obtenir une carte de cr\u00e9dit en Ouganda en ligne","breadcrumb":{"@id":"https:\/\/tiketi.com\/how-to-get-a-credit-card-in-uganda-and-use\/#breadcrumb"},"inLanguage":"fr-FR","potentialAction":[{"@type":"ReadAction","target":["https:\/\/tiketi.com\/how-to-get-a-credit-card-in-uganda-and-use\/"]}]},{"@type":"ImageObject","inLanguage":"fr-FR","@id":"https:\/\/tiketi.com\/how-to-get-a-credit-card-in-uganda-and-use\/#primaryimage","url":"https:\/\/tiketi.com\/wp-content\/uploads\/2019\/05\/credit-card-6406010_1280.jpg","contentUrl":"https:\/\/tiketi.com\/wp-content\/uploads\/2019\/05\/credit-card-6406010_1280.jpg","width":1200,"height":200,"caption":"How to get a credit card in"},{"@type":"BreadcrumbList","@id":"https:\/\/tiketi.com\/how-to-get-a-credit-card-in-uganda-and-use\/#breadcrumb","itemListElement":[{"@type":"ListItem","position":1,"name":"Home","item":"https:\/\/tiketi.com\/"},{"@type":"ListItem","position":2,"name":"How to get a credit card in Uganda online &#8211; Best credit cards"}]},{"@type":"WebSite","@id":"https:\/\/tiketi.com\/#website","url":"https:\/\/tiketi.com\/","name":"Billets d&#039;avion et de bus, forfaits touristiques et activit\u00e9s - Tiketi.com","description":"Billets d&#039;avion et de bus, Tours, Activit\u00e9s","publisher":{"@id":"https:\/\/tiketi.com\/#organization"},"potentialAction":[{"@type":"SearchAction","target":{"@type":"EntryPoint","urlTemplate":"https:\/\/tiketi.com\/?s={search_term_string}"},"query-input":{"@type":"PropertyValueSpecification","valueRequired":true,"valueName":"search_term_string"}}],"inLanguage":"fr-FR"},{"@type":"Organization","@id":"https:\/\/tiketi.com\/#organization","name":"Tiketi.com","alternateName":"Tiketi","url":"https:\/\/tiketi.com\/","logo":{"@type":"ImageObject","inLanguage":"fr-FR","@id":"https:\/\/tiketi.com\/#\/schema\/logo\/image\/","url":"https:\/\/tiketi.com\/wp-content\/uploads\/2019\/05\/tiketi-logo-696.png","contentUrl":"https:\/\/tiketi.com\/wp-content\/uploads\/2019\/05\/tiketi-logo-696.png","width":696,"height":696,"caption":"Tiketi.com"},"image":{"@id":"https:\/\/tiketi.com\/#\/schema\/logo\/image\/"},"sameAs":["https:\/\/www.facebook.com\/TiketiCom\/"]}]}},"_links":{"self":[{"href":"https:\/\/tiketi.com\/fr-fr\/wp-json\/wp\/v2\/pages\/11221","targetHints":{"allow":["GET"]}}],"collection":[{"href":"https:\/\/tiketi.com\/fr-fr\/wp-json\/wp\/v2\/pages"}],"about":[{"href":"https:\/\/tiketi.com\/fr-fr\/wp-json\/wp\/v2\/types\/page"}],"author":[{"embeddable":true,"href":"https:\/\/tiketi.com\/fr-fr\/wp-json\/wp\/v2\/users\/1"}],"replies":[{"embeddable":true,"href":"https:\/\/tiketi.com\/fr-fr\/wp-json\/wp\/v2\/comments?post=11221"}],"version-history":[{"count":0,"href":"https:\/\/tiketi.com\/fr-fr\/wp-json\/wp\/v2\/pages\/11221\/revisions"}],"wp:featuredmedia":[{"embeddable":true,"href":"https:\/\/tiketi.com\/fr-fr\/wp-json\/wp\/v2\/media\/19588"}],"wp:attachment":[{"href":"https:\/\/tiketi.com\/fr-fr\/wp-json\/wp\/v2\/media?parent=11221"}],"curies":[{"name":"wp","href":"https:\/\/api.w.org\/{rel}","templated":true}]}}