{"id":11222,"date":"2022-01-19T12:54:22","date_gmt":"2022-01-19T11:54:22","guid":{"rendered":"https:\/\/new.tiketi.com\/how-to-get-a-credit-card-in-rwanda-online-best-credit-cards\/"},"modified":"2022-07-14T13:02:15","modified_gmt":"2022-07-14T12:02:15","slug":"how-to-get-a-credit-card-in-rwanda-and-use","status":"publish","type":"page","link":"https:\/\/tiketi.com\/fr-fr\/how-to-get-a-credit-card-in-rwanda-and-use\/","title":{"rendered":"Comment obtenir une carte de cr\u00e9dit au Rwanda en ligne \u2013 Meilleures cartes de cr\u00e9dit"},"content":{"rendered":"<p><strong>Un d:\u00a0<\/strong><\/p>\n<p><strong><a href=\"https:\/\/fiymo.com\/register\" target=\"_blank\" rel=\"noopener\"><\/a><\/strong><\/p>\n<h2>Meilleures cartes de cr\u00e9dit ougandaises - Cartes de cr\u00e9dit et cartes de d\u00e9bit virtuelles pr\u00e9pay\u00e9es en ligne<\/h2>\n<h3>Profitez de la libert\u00e9 de faire ce que vous voulez faire. Obtenez une carte de cr\u00e9dit virtuelle au Rwanda en ligne <u><a href=\"https:\/\/fiymo.com\/home\/register\" data-cke-saved-href=\"https:\/\/fiymo.com\/home\/register\">\u00e0 pr\u00e9sent<\/a><\/u>.<\/h3>\n<p>Voici comment obtenir une carte de cr\u00e9dit au Rwanda en ligne. Prenez votre argent en main et en toute s\u00e9curit\u00e9 - utilisez une carte de cr\u00e9dit, de d\u00e9bit, pr\u00e9pay\u00e9e ou virtuelle au Rwanda pour les paiements en ligne, les achats et les abonnements sur des sites et applications connus et inconnus. M\u00eame des marchands Web c\u00e9l\u00e8bres peuvent \u00eatre pirat\u00e9s et vos donn\u00e9es de paiement peuvent \u00eatre abus\u00e9es ou vol\u00e9es. Voici les meilleures raisons pour lesquelles les cartes de cr\u00e9dit rwandaises sont la bombe\u00a0!<\/p>\n<h2>Comment obtenir une carte de cr\u00e9dit au Rwanda FAQ en ligne<\/h2>\n<h3>La s\u00e9curit\u00e9 100% \u00e0 port\u00e9e de main<\/h3>\n<p>La technologie 3D Secure vous permet de v\u00e9rifier les transactions avec un cordon de v\u00e9rification SMS suppl\u00e9mentaire, utilis\u00e9 pour les paiements chez les vendeurs Internet qui prennent en charge la technologie au moment du paiement.<\/p>\n<h3>Carte de cr\u00e9dit virtuelle Mastercard ou visa au Rwanda<\/h3>\n<p>C&#039;est tr\u00e8s simple: utilisez Virtual Mastercard ou Visa Credit Card Rwanda et ne montrez jamais votre compte principal.<\/p>\n<h3>Caract\u00e9ristiques g\u00e9n\u00e9rales de la carte de cr\u00e9dit Rwanda<\/h3>\n<p>\u2022 Les titulaires de carte peuvent effectuer des transactions m\u00eame s&#039;ils n&#039;ont pas d&#039;esp\u00e8ces sur leur compte. Ils ont une limite de carte de cr\u00e9dit rwandaise qu&#039;ils peuvent utiliser.<br \/>\n\u2022 Peut \u00e9galement \u00eatre utilis\u00e9 pour retirer de l&#039;argent \u00e0 un guichet automatique et des frais d&#039;avance de fonds sont pr\u00e9lev\u00e9s.<br \/>\n\u2022 Les entreprises peuvent \u00e9galement profiter en prenant des cartes de cr\u00e9dit rwandaises fermes pour leurs travailleurs.<br \/>\n\u2022 Soutenu par des entreprises avec des programmes de paiement par carte de premier plan pour une acceptation mondiale.<br \/>\n\u2022 L&#039;expiration des cartes de cr\u00e9dit des banques rwandaises est donn\u00e9e par cycles de 2, 3, 4 ou n&#039;importe quel nombre d&#039;ann\u00e9es favorables \u00e0 l&#039;\u00e9metteur. Quoi qu&#039;il en soit, il peut \u00eatre annul\u00e9 \u00e0 tout moment en cas de fraude ou d&#039;abus.<br \/>\n\u2022 Peut \u00eatre des transactions sur le monde en ligne pour l&#039;achat de services et de biens.<br \/>\n\u2022 Dans les cas o\u00f9 les cartes de cr\u00e9dit rwandaises n&#039;ont pas \u00e9t\u00e9 produites, on parle alors de transaction sans carte. On pourrait demander de donner des chiffres de s\u00e9curit\u00e9 au dos de la carte \u00e0 des fins de v\u00e9rification<\/p>\n<h3>Des moyens simples et intuitifs pour contr\u00f4ler vos d\u00e9penses et votre budget<\/h3>\n<p>\u2022 Budg\u00e9tisez toutes vos d\u00e9penses Internet en utilisant une carte de cr\u00e9dit distincte et une carte de cr\u00e9dit virtuelle au Rwanda pour chacune.<br \/>\n\u2022 Contr\u00f4lez vos habitudes de d\u00e9penses avec des limites de transaction - hebdomadaires, quotidiennes, mensuelles ou pour un seul paiement.<br \/>\n\u2022 Bloquez vos cartes de cr\u00e9dit virtuelles et rwandaises \u00e0 l&#039;\u00e9tranger apr\u00e8s chaque paiement, les rendant ainsi inutilisables pour les pirates et les fraudeurs.<br \/>\n\u2022 D\u00e9congelez-le pendant quelques secondes la prochaine fois que vous ach\u00e8terez quelque chose.<br \/>\n\u2022 Recevez des alertes en temps r\u00e9el pour chaque paiement par carte de cr\u00e9dit et carte de cr\u00e9dit pr\u00e9pay\u00e9e Rwanda, y compris les transferts instantan\u00e9s, les virements bancaires entrants, les paiements mobiles, etc.<\/p>\n<h2>Avantages des cartes de cr\u00e9dit Rwanda<\/h2>\n<h3>Commerce<\/h3>\n<p>Achetez des instruments financiers tels que des devises \u00e9trang\u00e8res, des actions ou des crypto-monnaies et d&#039;autres pi\u00e8ces sur des sites d&#039;\u00e9change et de crypto trading.<\/p>\n<h3>Travail<\/h3>\n<p>Aidez vos abonnements ind\u00e9pendants avec Google for Business, Upwork, Shutterstock, DropBox, Dribble, Behance et autres.<\/p>\n<h3>Achats<\/h3>\n<p>Payez des services et des produits dans n&#039;importe quelle boutique en ligne, y compris eBay, Amaz0n, PayPal, AliExpress et Tiketi.com.<\/p>\n<h2>Conseils pour obtenir une carte de cr\u00e9dit au Rwanda<\/h2>\n<p>\u2022 Au Rwanda, les guichets automatiques ne sont accessibles que dans les grandes villes. Les machines acceptant Visa se trouvent \u00e0 l&#039;a\u00e9roport d&#039;Entebee et \u00e0 Kampala, mais sont parfois hors service et ne paient que la monnaie rwandaise.<br \/>\n\u2022 Il y a tr\u00e8s peu d&#039;endroits au Rwanda en dehors de Kigali o\u00f9 une carte de cr\u00e9dit Rwanda peut \u00eatre utilis\u00e9e. Les visiteurs au Rwanda sont incit\u00e9s \u00e0 ne pas d\u00e9pendre des cr\u00e9dits pour faire des achats.<br \/>\n\u2022 Il n&#039;est pas conseill\u00e9 d&#039;apporter des ch\u00e8ques de voyage avec vous au Rwanda. Ils peuvent parfois \u00eatre remplac\u00e9s par de la monnaie locale \u00e0 l&#039;a\u00e9roport du Rwanda, mais cela n&#039;est pas promis. Pour encaisser des ch\u00e8ques de voyage, le re\u00e7u de leur achat r\u00e9el peut \u00eatre n\u00e9cessaire.<br \/>\n\u2022 Une fois un safari, seul l&#039;argent liquide peut \u00eatre utilis\u00e9 pour la conversion de devises. Les plus grosses factures am\u00e9ricaines b\u00e9n\u00e9ficient d&#039;un excellent taux de change (billets $50 - $100).<br \/>\n\u2022 La monnaie rwandaise peut \u00eatre chang\u00e9e en dollars am\u00e9ricains \u00e0 l&#039;a\u00e9roport au moment du d\u00e9part. La plupart des services de change ne remplaceront pas les pi\u00e8ces de monnaie - le papier-monnaie uniquement.<br \/>\n\u2022 Les dollars am\u00e9ricains doivent \u00eatre dat\u00e9s de 2009 ou plus r\u00e9cents et doivent \u00eatre dans les meilleures conditions, non d\u00e9grad\u00e9s ou d\u00e9chir\u00e9s<\/p>","protected":false},"excerpt":{"rendered":"<p>Ad:\u00a0 Best Uganda Credit Cards &#8211; Online Virtual, Prepaid Credit Card &amp; Debit Cards Enjoy the freedom to do what you want to do. Get a virtual credit card in Rwanda online now. Here is how to get a credit card in Rwanda online.\u00a0Take your money safety and security payments in your hands &#8211; use [&hellip;]<\/p>\n","protected":false},"author":1,"featured_media":19588,"parent":0,"menu_order":0,"comment_status":"open","ping_status":"closed","template":"template-home-modern.php","meta":{"footnotes":""},"class_list":["post-11222","page","type-page","status-publish","has-post-thumbnail","hentry"],"yoast_head":"<!-- This site is optimized with the Yoast SEO plugin v27.3 - https:\/\/yoast.com\/product\/yoast-seo-wordpress\/ -->\n<title>How to get a credit card in Rwanda online - Best credit cards<\/title>\n<meta name=\"description\" content=\"Are you looking for cirtual, credit, debit, or virtual prepaid credit cards in Rwanda ? Here is how to get a credit card in Rwanda online\" \/>\n<meta name=\"robots\" content=\"index, follow, max-snippet:-1, max-image-preview:large, max-video-preview:-1\" \/>\n<link rel=\"canonical\" href=\"https:\/\/tiketi.com\/fr-fr\/how-to-get-a-credit-card-in-rwanda-and-use\/\" \/>\n<meta property=\"og:locale\" content=\"fr_FR\" \/>\n<meta property=\"og:type\" content=\"article\" \/>\n<meta property=\"og:title\" content=\"How to get a credit card in Rwanda online - Best credit cards\" \/>\n<meta property=\"og:description\" content=\"Are you looking for cirtual, credit, debit, or virtual prepaid credit cards in Rwanda ? Here is how to get a credit card in Rwanda online\" \/>\n<meta property=\"og:url\" content=\"https:\/\/tiketi.com\/fr-fr\/how-to-get-a-credit-card-in-rwanda-and-use\/\" \/>\n<meta property=\"og:site_name\" content=\"Tiketi.com\" \/>\n<meta property=\"article:publisher\" content=\"https:\/\/www.facebook.com\/TiketiCom\/\" \/>\n<meta property=\"article:modified_time\" content=\"2022-07-14T12:02:15+00:00\" \/>\n<meta property=\"og:image\" content=\"https:\/\/tiketi.com\/wp-content\/uploads\/2019\/05\/credit-card-6406010_1280.jpg\" \/>\n\t<meta property=\"og:image:width\" content=\"1200\" \/>\n\t<meta property=\"og:image:height\" content=\"200\" \/>\n\t<meta property=\"og:image:type\" content=\"image\/jpeg\" \/>\n<meta name=\"twitter:card\" content=\"summary_large_image\" \/>\n<meta name=\"twitter:label1\" content=\"Dur\u00e9e de lecture estim\u00e9e\" \/>\n\t<meta name=\"twitter:data1\" content=\"4 minutes\" \/>\n<script type=\"application\/ld+json\" class=\"yoast-schema-graph\">{\"@context\":\"https:\\\/\\\/schema.org\",\"@graph\":[{\"@type\":\"WebPage\",\"@id\":\"https:\\\/\\\/tiketi.com\\\/how-to-get-a-credit-card-in-rwanda-and-use\\\/\",\"url\":\"https:\\\/\\\/tiketi.com\\\/how-to-get-a-credit-card-in-rwanda-and-use\\\/\",\"name\":\"How to get a credit card in Rwanda online - Best credit cards\",\"isPartOf\":{\"@id\":\"https:\\\/\\\/tiketi.com\\\/#website\"},\"primaryImageOfPage\":{\"@id\":\"https:\\\/\\\/tiketi.com\\\/how-to-get-a-credit-card-in-rwanda-and-use\\\/#primaryimage\"},\"image\":{\"@id\":\"https:\\\/\\\/tiketi.com\\\/how-to-get-a-credit-card-in-rwanda-and-use\\\/#primaryimage\"},\"thumbnailUrl\":\"https:\\\/\\\/tiketi.com\\\/wp-content\\\/uploads\\\/2019\\\/05\\\/credit-card-6406010_1280.jpg\",\"datePublished\":\"2022-01-19T11:54:22+00:00\",\"dateModified\":\"2022-07-14T12:02:15+00:00\",\"description\":\"Are you looking for cirtual, credit, debit, or virtual prepaid credit cards in Rwanda ? Here is how to get a credit card in Rwanda online\",\"breadcrumb\":{\"@id\":\"https:\\\/\\\/tiketi.com\\\/how-to-get-a-credit-card-in-rwanda-and-use\\\/#breadcrumb\"},\"inLanguage\":\"fr-FR\",\"potentialAction\":[{\"@type\":\"ReadAction\",\"target\":[\"https:\\\/\\\/tiketi.com\\\/how-to-get-a-credit-card-in-rwanda-and-use\\\/\"]}]},{\"@type\":\"ImageObject\",\"inLanguage\":\"fr-FR\",\"@id\":\"https:\\\/\\\/tiketi.com\\\/how-to-get-a-credit-card-in-rwanda-and-use\\\/#primaryimage\",\"url\":\"https:\\\/\\\/tiketi.com\\\/wp-content\\\/uploads\\\/2019\\\/05\\\/credit-card-6406010_1280.jpg\",\"contentUrl\":\"https:\\\/\\\/tiketi.com\\\/wp-content\\\/uploads\\\/2019\\\/05\\\/credit-card-6406010_1280.jpg\",\"width\":1200,\"height\":200,\"caption\":\"How to get a credit card in\"},{\"@type\":\"BreadcrumbList\",\"@id\":\"https:\\\/\\\/tiketi.com\\\/how-to-get-a-credit-card-in-rwanda-and-use\\\/#breadcrumb\",\"itemListElement\":[{\"@type\":\"ListItem\",\"position\":1,\"name\":\"Home\",\"item\":\"https:\\\/\\\/tiketi.com\\\/\"},{\"@type\":\"ListItem\",\"position\":2,\"name\":\"How to get a credit card in Rwanda online &#8211; Best credit cards\"}]},{\"@type\":\"WebSite\",\"@id\":\"https:\\\/\\\/tiketi.com\\\/#website\",\"url\":\"https:\\\/\\\/tiketi.com\\\/\",\"name\":\"Flight & Bus Tickets, Tour Packages & Activitites - Tiketi.com\",\"description\":\"Flight &amp; Bus Tickets, Tours, Activitites\",\"publisher\":{\"@id\":\"https:\\\/\\\/tiketi.com\\\/#organization\"},\"potentialAction\":[{\"@type\":\"SearchAction\",\"target\":{\"@type\":\"EntryPoint\",\"urlTemplate\":\"https:\\\/\\\/tiketi.com\\\/?s={search_term_string}\"},\"query-input\":{\"@type\":\"PropertyValueSpecification\",\"valueRequired\":true,\"valueName\":\"search_term_string\"}}],\"inLanguage\":\"fr-FR\"},{\"@type\":\"Organization\",\"@id\":\"https:\\\/\\\/tiketi.com\\\/#organization\",\"name\":\"Tiketi.com\",\"alternateName\":\"Tiketi\",\"url\":\"https:\\\/\\\/tiketi.com\\\/\",\"logo\":{\"@type\":\"ImageObject\",\"inLanguage\":\"fr-FR\",\"@id\":\"https:\\\/\\\/tiketi.com\\\/#\\\/schema\\\/logo\\\/image\\\/\",\"url\":\"https:\\\/\\\/tiketi.com\\\/wp-content\\\/uploads\\\/2019\\\/05\\\/tiketi-logo-696.png\",\"contentUrl\":\"https:\\\/\\\/tiketi.com\\\/wp-content\\\/uploads\\\/2019\\\/05\\\/tiketi-logo-696.png\",\"width\":696,\"height\":696,\"caption\":\"Tiketi.com\"},\"image\":{\"@id\":\"https:\\\/\\\/tiketi.com\\\/#\\\/schema\\\/logo\\\/image\\\/\"},\"sameAs\":[\"https:\\\/\\\/www.facebook.com\\\/TiketiCom\\\/\"]}]}<\/script>\n<!-- \/ Yoast SEO plugin. -->","yoast_head_json":{"title":"Comment obtenir une carte de cr\u00e9dit au Rwanda en ligne - Meilleures cartes de cr\u00e9dit","description":"Vous cherchez des cartes de cr\u00e9dit pr\u00e9pay\u00e9es virtuelles, de cr\u00e9dit, de d\u00e9bit ou virtuelles au Rwanda ? Voici comment obtenir une carte de cr\u00e9dit au Rwanda en ligne","robots":{"index":"index","follow":"follow","max-snippet":"max-snippet:-1","max-image-preview":"max-image-preview:large","max-video-preview":"max-video-preview:-1"},"canonical":"https:\/\/tiketi.com\/fr-fr\/how-to-get-a-credit-card-in-rwanda-and-use\/","og_locale":"fr_FR","og_type":"article","og_title":"How to get a credit card in Rwanda online - Best credit cards","og_description":"Are you looking for cirtual, credit, debit, or virtual prepaid credit cards in Rwanda ? Here is how to get a credit card in Rwanda online","og_url":"https:\/\/tiketi.com\/fr-fr\/how-to-get-a-credit-card-in-rwanda-and-use\/","og_site_name":"Tiketi.com","article_publisher":"https:\/\/www.facebook.com\/TiketiCom\/","article_modified_time":"2022-07-14T12:02:15+00:00","og_image":[{"width":1200,"height":200,"url":"https:\/\/tiketi.com\/wp-content\/uploads\/2019\/05\/credit-card-6406010_1280.jpg","type":"image\/jpeg"}],"twitter_card":"summary_large_image","twitter_misc":{"Dur\u00e9e de lecture estim\u00e9e":"4 minutes"},"schema":{"@context":"https:\/\/schema.org","@graph":[{"@type":"WebPage","@id":"https:\/\/tiketi.com\/how-to-get-a-credit-card-in-rwanda-and-use\/","url":"https:\/\/tiketi.com\/how-to-get-a-credit-card-in-rwanda-and-use\/","name":"Comment obtenir une carte de cr\u00e9dit au Rwanda en ligne - Meilleures cartes de cr\u00e9dit","isPartOf":{"@id":"https:\/\/tiketi.com\/#website"},"primaryImageOfPage":{"@id":"https:\/\/tiketi.com\/how-to-get-a-credit-card-in-rwanda-and-use\/#primaryimage"},"image":{"@id":"https:\/\/tiketi.com\/how-to-get-a-credit-card-in-rwanda-and-use\/#primaryimage"},"thumbnailUrl":"https:\/\/tiketi.com\/wp-content\/uploads\/2019\/05\/credit-card-6406010_1280.jpg","datePublished":"2022-01-19T11:54:22+00:00","dateModified":"2022-07-14T12:02:15+00:00","description":"Vous cherchez des cartes de cr\u00e9dit pr\u00e9pay\u00e9es virtuelles, de cr\u00e9dit, de d\u00e9bit ou virtuelles au Rwanda ? Voici comment obtenir une carte de cr\u00e9dit au Rwanda en ligne","breadcrumb":{"@id":"https:\/\/tiketi.com\/how-to-get-a-credit-card-in-rwanda-and-use\/#breadcrumb"},"inLanguage":"fr-FR","potentialAction":[{"@type":"ReadAction","target":["https:\/\/tiketi.com\/how-to-get-a-credit-card-in-rwanda-and-use\/"]}]},{"@type":"ImageObject","inLanguage":"fr-FR","@id":"https:\/\/tiketi.com\/how-to-get-a-credit-card-in-rwanda-and-use\/#primaryimage","url":"https:\/\/tiketi.com\/wp-content\/uploads\/2019\/05\/credit-card-6406010_1280.jpg","contentUrl":"https:\/\/tiketi.com\/wp-content\/uploads\/2019\/05\/credit-card-6406010_1280.jpg","width":1200,"height":200,"caption":"How to get a credit card in"},{"@type":"BreadcrumbList","@id":"https:\/\/tiketi.com\/how-to-get-a-credit-card-in-rwanda-and-use\/#breadcrumb","itemListElement":[{"@type":"ListItem","position":1,"name":"Home","item":"https:\/\/tiketi.com\/"},{"@type":"ListItem","position":2,"name":"How to get a credit card in Rwanda online &#8211; Best credit cards"}]},{"@type":"WebSite","@id":"https:\/\/tiketi.com\/#website","url":"https:\/\/tiketi.com\/","name":"Billets d&#039;avion et de bus, forfaits touristiques et activit\u00e9s - Tiketi.com","description":"Billets d&#039;avion et de bus, Tours, Activit\u00e9s","publisher":{"@id":"https:\/\/tiketi.com\/#organization"},"potentialAction":[{"@type":"SearchAction","target":{"@type":"EntryPoint","urlTemplate":"https:\/\/tiketi.com\/?s={search_term_string}"},"query-input":{"@type":"PropertyValueSpecification","valueRequired":true,"valueName":"search_term_string"}}],"inLanguage":"fr-FR"},{"@type":"Organization","@id":"https:\/\/tiketi.com\/#organization","name":"Tiketi.com","alternateName":"Tiketi","url":"https:\/\/tiketi.com\/","logo":{"@type":"ImageObject","inLanguage":"fr-FR","@id":"https:\/\/tiketi.com\/#\/schema\/logo\/image\/","url":"https:\/\/tiketi.com\/wp-content\/uploads\/2019\/05\/tiketi-logo-696.png","contentUrl":"https:\/\/tiketi.com\/wp-content\/uploads\/2019\/05\/tiketi-logo-696.png","width":696,"height":696,"caption":"Tiketi.com"},"image":{"@id":"https:\/\/tiketi.com\/#\/schema\/logo\/image\/"},"sameAs":["https:\/\/www.facebook.com\/TiketiCom\/"]}]}},"_links":{"self":[{"href":"https:\/\/tiketi.com\/fr-fr\/wp-json\/wp\/v2\/pages\/11222","targetHints":{"allow":["GET"]}}],"collection":[{"href":"https:\/\/tiketi.com\/fr-fr\/wp-json\/wp\/v2\/pages"}],"about":[{"href":"https:\/\/tiketi.com\/fr-fr\/wp-json\/wp\/v2\/types\/page"}],"author":[{"embeddable":true,"href":"https:\/\/tiketi.com\/fr-fr\/wp-json\/wp\/v2\/users\/1"}],"replies":[{"embeddable":true,"href":"https:\/\/tiketi.com\/fr-fr\/wp-json\/wp\/v2\/comments?post=11222"}],"version-history":[{"count":0,"href":"https:\/\/tiketi.com\/fr-fr\/wp-json\/wp\/v2\/pages\/11222\/revisions"}],"wp:featuredmedia":[{"embeddable":true,"href":"https:\/\/tiketi.com\/fr-fr\/wp-json\/wp\/v2\/media\/19588"}],"wp:attachment":[{"href":"https:\/\/tiketi.com\/fr-fr\/wp-json\/wp\/v2\/media?parent=11222"}],"curies":[{"name":"wp","href":"https:\/\/api.w.org\/{rel}","templated":true}]}}