{"id":11223,"date":"2022-01-19T12:54:22","date_gmt":"2022-01-19T11:54:22","guid":{"rendered":"https:\/\/new.tiketi.com\/how-to-get-a-credit-card-in-ghana-online-best-credit-cards\/"},"modified":"2022-09-27T14:14:44","modified_gmt":"2022-09-27T13:14:44","slug":"how-to-get-a-credit-card-in-ghana-and-use","status":"publish","type":"page","link":"https:\/\/tiketi.com\/fr-fr\/how-to-get-a-credit-card-in-ghana-and-use\/","title":{"rendered":"Comment obtenir une carte de cr\u00e9dit au Ghana en ligne \u2013 Meilleures cartes de cr\u00e9dit"},"content":{"rendered":"<p><strong>Un d:\u00a0<\/strong><\/p>\n<h2>Cartes de cr\u00e9dit du Ghana - Cartes de cr\u00e9dit et cartes de d\u00e9bit virtuelles et pr\u00e9pay\u00e9es en ligne<\/h2>\n<h3>Profitez de la libert\u00e9 de faire ce que vous voulez avec les cartes de cr\u00e9dit du Ghana. Obtenir une carte de cr\u00e9dit virtuelle au Ghana en ligne <u><a href=\"https:\/\/fiymo.com\/home\/register\" data-cke-saved-href=\"https:\/\/fiymo.com\/home\/register\">\u00e0 pr\u00e9sent<\/a><\/u>.<\/h3>\n<p>Voici comment obtenir une carte de cr\u00e9dit au Ghana en ligne. Les cartes de cr\u00e9dit du Ghana sont un choix de financement \u00e0 court terme \u00e9mis par une banque commerciale pour permettre aux titulaires d&#039;emprunter de l&#039;argent au guichet automatique ou de payer des services et des biens \u00e0 un point de vente. Voici ce qu&#039;il faut savoir sur la proc\u00e9dure de demande de carte de cr\u00e9dit au Ghana.<\/p>\n<h2>Voici comment obtenir une carte de cr\u00e9dit au Ghana FAQ en ligne<\/h2>\n<h3>Comment obtenir une carte de cr\u00e9dit en ligne au Ghana ?<\/h3>\n<h3>Carte de cr\u00e9dit Banques ghan\u00e9ennes<\/h3>\n<p>Avant de vous adresser \u00e0 l&#039;une des banques ghan\u00e9ennes \u00e9mettrices de cartes de cr\u00e9dit, assurez-vous d&#039;avoir une relation avec elles, essentiellement un compte bancaire actif. Les banques ghan\u00e9ennes n&#039;ont pas de base de donn\u00e9es g\u00e9n\u00e9rale pour mesurer le pointage de cr\u00e9dit des clients, elles s&#039;appuient donc beaucoup sur la relation que les clients ont \u00e9tablie avec eux, elles auront besoin de vous pour l&#039;ouvrir et l&#039;ex\u00e9cuter pendant au moins 6 mois. Cela leur donnera une id\u00e9e juste de votre tr\u00e9sorerie et de vos revenus. Si vous \u00eates un travailleur ind\u00e9pendant, ils peuvent avoir besoin d&#039;informations sur ce que vous faites et sur la mani\u00e8re dont vous gagnez votre revenu. Si vous \u00eates salari\u00e9, la banque \u00e9mettrice peut demander \u00e0 votre employeur de signer un engagement s&#039;engageant \u00e0 vous verser en permanence votre salaire via la banque.<\/p>\n<h3>Banque Barclays, Ecobank Ghana, Banque Stanbic, Aside Barclays Bank Ghana<\/h3>\n<p>Outre la banque Barclays Ghana et Ecobank Ghana, la banque Stanbic Ghana \u00e9met \u00e9galement des cartes de cr\u00e9dit au Ghana. Il convient de rappeler que seule la carte de cr\u00e9dit fournie par la banque Barclays r\u00e9pond aux besoins des personnes \u00e0 revenu moyen et faible.<\/p>\n<h3>Comment faire une demande de carte de cr\u00e9dit au Ghana ?<\/h3>\n<p>Pour \u00eatre \u00e9ligible, vous devez \u00eatre un salari\u00e9 qui re\u00e7oit vos versements mensuels via un compte aupr\u00e8s de la banque.<\/p>\n<h3>Comment obtenir une carte de cr\u00e9dit de d\u00e9bit au Ghana ?<\/h3>\n<p>Ecobank dispose de 2 types de cartes de cr\u00e9dit\u00a0; carte de cr\u00e9dit premier platine et carte de cr\u00e9dit Advantage Gold. Ce sont des cartes de cr\u00e9dit Mastercard Ghana que vous pouvez demander pour un compte courant premier ou un compte courant avantage. Pour savoir quelle carte est parfaite pour vous, connaissez les besoins sp\u00e9cifiques de chacune des banques \u00e9mettrices et mesurez-les avec le niveau de revenu. Vous pouvez vous rendre directement \u00e0 l&#039;une de leurs succursales, appeler leurs centres de service client. Cela vous aidera \u00e9galement \u00e0 faire correspondre les avantages offerts par chacune des banques de cartes de cr\u00e9dit ghan\u00e9ennes. Les cartes de cr\u00e9dit au Ghana peuvent am\u00e9liorer les conditions de vie, car elles offrent une option de financement \u00e0 court terme pour avoir acc\u00e8s \u00e0 un montant avec des conditions de remboursement flexibles.<\/p>\n<h3>Comment obtenir une carte de cr\u00e9dit Mastercard au Ghana ?<\/h3>\n<p>Par exemple, la carte de cr\u00e9dit Mastercard Ghana fournie par Barclays Bank fournit aux clients cinquante-cinq jours d&#039;acc\u00e8s gratuit \u00e0 un montant v\u00e9rifi\u00e9, apr\u00e8s quoi un int\u00e9r\u00eat de cinq pour cent sera factur\u00e9 sur le montant. Certaines cartes de cr\u00e9dit sont assorties de r\u00e9ductions dans les magasins partenaires et les centres commerciaux s\u00e9lectionn\u00e9s, lorsqu&#039;un titulaire de carte de cr\u00e9dit Barclays Bank utilise sa carte pour faire des achats chez Orca Deco, Game, Holiday Inn, MaxMart et d&#039;autres partenaires de l&#039;alliance Barclays Bank, jusqu&#039;\u00e0 cinquante pour cent de r\u00e9duction sur tous les achats est promis. Contrairement aux esp\u00e8ces, lorsque vous perdez votre carte de cr\u00e9dit, vous n&#039;avez pas perdu votre argent, il peut simplement \u00eatre bloqu\u00e9 et chang\u00e9 apr\u00e8s avoir inform\u00e9 rapidement votre banque \u00e9mettrice. Les cartes de cr\u00e9dit du Ghana peuvent \u00e9galement \u00eatre utilis\u00e9es pour payer des services et des biens dans le monde entier.<\/p>\n<h3>Puis-je utiliser des cartes de d\u00e9bit ou de cr\u00e9dit am\u00e9ricaines au Ghana ?<\/h3>\n<p>Aucune carte de cr\u00e9dit n&#039;est largement accept\u00e9e dans les \u00e9tablissements ghan\u00e9ens, sauf dans les restaurants et h\u00f4tels haut de gamme. Ce ne serait pas une meilleure id\u00e9e de pr\u00e9voir d&#039;effectuer un paiement par cette m\u00e9thode.<\/p>\n<p>Si vous \u00eates en mesure d&#039;accepter des avances de fonds sur votre Master Card, cela fonctionnerait probablement dans un guichet automatique ici pour de tels objectifs. Les guichets automatiques sont d\u00e9sormais largement accessibles dans les grandes villes.<\/p>\n<h2>Comment obtenir une carte de cr\u00e9dit virtuelle au Ghana conseils en ligne<\/h2>\n<p>L&#039;obtention de facilit\u00e9s de carte de cr\u00e9dit au Ghana est un grand d\u00e9fi pour la plupart des Ghan\u00e9ens en raison d&#039;un taux \u00e9lev\u00e9 de cr\u00e9dits non performants dans le secteur bancaire. Ce n&#039;est qu&#039;en d\u00e9cembre de l&#039;ann\u00e9e derni\u00e8re que les facilit\u00e9s de cartes de cr\u00e9dit ghan\u00e9ennes \u00e9taient r\u00e9serv\u00e9es aux personnes \u00e0 revenu \u00e9lev\u00e9 ; EcoBank a lanc\u00e9 il y a dix ans la toute premi\u00e8re facilit\u00e9 de carte de cr\u00e9dit au Ghana, un service accessible aux riches du pays. Obtenir une carte de cr\u00e9dit virtuelle au Ghana en ligne <u><a href=\"https:\/\/fiymo.com\/home\/register\" data-cke-saved-href=\"https:\/\/fiymo.com\/home\/register\">\u00e0 pr\u00e9sent<\/a><\/u>.<\/p>","protected":false},"excerpt":{"rendered":"<p>Ad:\u00a0 Ghana Credit Cards &#8211; Online Virtual, Prepaid Credit Card &amp; Debit Cards Enjoy the freedom to do what you want to do with Ghana credit cards. Get a virtual credit card in Ghana online now. Here is how to get a credit card in Ghana online.\u00a0Ghana credit cards is a short-term financing choice issued [&hellip;]<\/p>\n","protected":false},"author":1,"featured_media":19588,"parent":0,"menu_order":0,"comment_status":"open","ping_status":"closed","template":"template-home-modern.php","meta":{"footnotes":""},"class_list":["post-11223","page","type-page","status-publish","has-post-thumbnail","hentry"],"yoast_head":"<!-- This site is optimized with the Yoast SEO plugin v27.3 - https:\/\/yoast.com\/product\/yoast-seo-wordpress\/ -->\n<title>How to get a credit card in Ghana online - Best credit cards<\/title>\n<meta name=\"description\" content=\"Are you looking for cash back, business, travel, virtual, debit, virtual prepaid credit cards in Ghana? Here is how to get a credit card in Ghana online\" \/>\n<meta name=\"robots\" content=\"index, follow, max-snippet:-1, max-image-preview:large, max-video-preview:-1\" \/>\n<link rel=\"canonical\" href=\"https:\/\/tiketi.com\/fr-fr\/how-to-get-a-credit-card-in-ghana-and-use\/\" \/>\n<meta property=\"og:locale\" content=\"fr_FR\" \/>\n<meta property=\"og:type\" content=\"article\" \/>\n<meta property=\"og:title\" content=\"How to get a credit card in Ghana online - Best credit cards\" \/>\n<meta property=\"og:description\" content=\"Are you looking for cash back, business, travel, virtual, debit, virtual prepaid credit cards in Ghana? Here is how to get a credit card in Ghana online\" \/>\n<meta property=\"og:url\" content=\"https:\/\/tiketi.com\/fr-fr\/how-to-get-a-credit-card-in-ghana-and-use\/\" \/>\n<meta property=\"og:site_name\" content=\"Tiketi.com\" \/>\n<meta property=\"article:publisher\" content=\"https:\/\/www.facebook.com\/TiketiCom\/\" \/>\n<meta property=\"article:modified_time\" content=\"2022-09-27T13:14:44+00:00\" \/>\n<meta property=\"og:image\" content=\"https:\/\/tiketi.com\/wp-content\/uploads\/2019\/05\/credit-card-6406010_1280.jpg\" \/>\n\t<meta property=\"og:image:width\" content=\"1200\" \/>\n\t<meta property=\"og:image:height\" content=\"200\" \/>\n\t<meta property=\"og:image:type\" content=\"image\/jpeg\" \/>\n<meta name=\"twitter:card\" content=\"summary_large_image\" \/>\n<meta name=\"twitter:label1\" content=\"Dur\u00e9e de lecture estim\u00e9e\" \/>\n\t<meta name=\"twitter:data1\" content=\"4 minutes\" \/>\n<script type=\"application\/ld+json\" class=\"yoast-schema-graph\">{\"@context\":\"https:\\\/\\\/schema.org\",\"@graph\":[{\"@type\":\"WebPage\",\"@id\":\"https:\\\/\\\/tiketi.com\\\/how-to-get-a-credit-card-in-ghana-and-use\\\/\",\"url\":\"https:\\\/\\\/tiketi.com\\\/how-to-get-a-credit-card-in-ghana-and-use\\\/\",\"name\":\"How to get a credit card in Ghana online - Best credit cards\",\"isPartOf\":{\"@id\":\"https:\\\/\\\/tiketi.com\\\/#website\"},\"primaryImageOfPage\":{\"@id\":\"https:\\\/\\\/tiketi.com\\\/how-to-get-a-credit-card-in-ghana-and-use\\\/#primaryimage\"},\"image\":{\"@id\":\"https:\\\/\\\/tiketi.com\\\/how-to-get-a-credit-card-in-ghana-and-use\\\/#primaryimage\"},\"thumbnailUrl\":\"https:\\\/\\\/tiketi.com\\\/wp-content\\\/uploads\\\/2019\\\/05\\\/credit-card-6406010_1280.jpg\",\"datePublished\":\"2022-01-19T11:54:22+00:00\",\"dateModified\":\"2022-09-27T13:14:44+00:00\",\"description\":\"Are you looking for cash back, business, travel, virtual, debit, virtual prepaid credit cards in Ghana? Here is how to get a credit card in Ghana online\",\"breadcrumb\":{\"@id\":\"https:\\\/\\\/tiketi.com\\\/how-to-get-a-credit-card-in-ghana-and-use\\\/#breadcrumb\"},\"inLanguage\":\"fr-FR\",\"potentialAction\":[{\"@type\":\"ReadAction\",\"target\":[\"https:\\\/\\\/tiketi.com\\\/how-to-get-a-credit-card-in-ghana-and-use\\\/\"]}]},{\"@type\":\"ImageObject\",\"inLanguage\":\"fr-FR\",\"@id\":\"https:\\\/\\\/tiketi.com\\\/how-to-get-a-credit-card-in-ghana-and-use\\\/#primaryimage\",\"url\":\"https:\\\/\\\/tiketi.com\\\/wp-content\\\/uploads\\\/2019\\\/05\\\/credit-card-6406010_1280.jpg\",\"contentUrl\":\"https:\\\/\\\/tiketi.com\\\/wp-content\\\/uploads\\\/2019\\\/05\\\/credit-card-6406010_1280.jpg\",\"width\":1200,\"height\":200,\"caption\":\"How to get a credit card in\"},{\"@type\":\"BreadcrumbList\",\"@id\":\"https:\\\/\\\/tiketi.com\\\/how-to-get-a-credit-card-in-ghana-and-use\\\/#breadcrumb\",\"itemListElement\":[{\"@type\":\"ListItem\",\"position\":1,\"name\":\"Home\",\"item\":\"https:\\\/\\\/tiketi.com\\\/\"},{\"@type\":\"ListItem\",\"position\":2,\"name\":\"How to get a credit card in Ghana online &#8211; Best credit cards\"}]},{\"@type\":\"WebSite\",\"@id\":\"https:\\\/\\\/tiketi.com\\\/#website\",\"url\":\"https:\\\/\\\/tiketi.com\\\/\",\"name\":\"Flight & Bus Tickets, Tour Packages & Activitites - Tiketi.com\",\"description\":\"Flight &amp; Bus Tickets, Tours, Activitites\",\"publisher\":{\"@id\":\"https:\\\/\\\/tiketi.com\\\/#organization\"},\"potentialAction\":[{\"@type\":\"SearchAction\",\"target\":{\"@type\":\"EntryPoint\",\"urlTemplate\":\"https:\\\/\\\/tiketi.com\\\/?s={search_term_string}\"},\"query-input\":{\"@type\":\"PropertyValueSpecification\",\"valueRequired\":true,\"valueName\":\"search_term_string\"}}],\"inLanguage\":\"fr-FR\"},{\"@type\":\"Organization\",\"@id\":\"https:\\\/\\\/tiketi.com\\\/#organization\",\"name\":\"Tiketi.com\",\"alternateName\":\"Tiketi\",\"url\":\"https:\\\/\\\/tiketi.com\\\/\",\"logo\":{\"@type\":\"ImageObject\",\"inLanguage\":\"fr-FR\",\"@id\":\"https:\\\/\\\/tiketi.com\\\/#\\\/schema\\\/logo\\\/image\\\/\",\"url\":\"https:\\\/\\\/tiketi.com\\\/wp-content\\\/uploads\\\/2019\\\/05\\\/tiketi-logo-696.png\",\"contentUrl\":\"https:\\\/\\\/tiketi.com\\\/wp-content\\\/uploads\\\/2019\\\/05\\\/tiketi-logo-696.png\",\"width\":696,\"height\":696,\"caption\":\"Tiketi.com\"},\"image\":{\"@id\":\"https:\\\/\\\/tiketi.com\\\/#\\\/schema\\\/logo\\\/image\\\/\"},\"sameAs\":[\"https:\\\/\\\/www.facebook.com\\\/TiketiCom\\\/\"]}]}<\/script>\n<!-- \/ Yoast SEO plugin. -->","yoast_head_json":{"title":"Comment obtenir une carte de cr\u00e9dit au Ghana en ligne - Meilleures cartes de cr\u00e9dit","description":"Recherchez-vous des cartes de cr\u00e9dit pr\u00e9pay\u00e9es virtuelles, virtuelles, de d\u00e9bit, de remboursement, d&#039;affaires, de voyage au Ghana? Voici comment obtenir une carte de cr\u00e9dit au Ghana en ligne","robots":{"index":"index","follow":"follow","max-snippet":"max-snippet:-1","max-image-preview":"max-image-preview:large","max-video-preview":"max-video-preview:-1"},"canonical":"https:\/\/tiketi.com\/fr-fr\/how-to-get-a-credit-card-in-ghana-and-use\/","og_locale":"fr_FR","og_type":"article","og_title":"How to get a credit card in Ghana online - Best credit cards","og_description":"Are you looking for cash back, business, travel, virtual, debit, virtual prepaid credit cards in Ghana? Here is how to get a credit card in Ghana online","og_url":"https:\/\/tiketi.com\/fr-fr\/how-to-get-a-credit-card-in-ghana-and-use\/","og_site_name":"Tiketi.com","article_publisher":"https:\/\/www.facebook.com\/TiketiCom\/","article_modified_time":"2022-09-27T13:14:44+00:00","og_image":[{"width":1200,"height":200,"url":"https:\/\/tiketi.com\/wp-content\/uploads\/2019\/05\/credit-card-6406010_1280.jpg","type":"image\/jpeg"}],"twitter_card":"summary_large_image","twitter_misc":{"Dur\u00e9e de lecture estim\u00e9e":"4 minutes"},"schema":{"@context":"https:\/\/schema.org","@graph":[{"@type":"WebPage","@id":"https:\/\/tiketi.com\/how-to-get-a-credit-card-in-ghana-and-use\/","url":"https:\/\/tiketi.com\/how-to-get-a-credit-card-in-ghana-and-use\/","name":"Comment obtenir une carte de cr\u00e9dit au Ghana en ligne - Meilleures cartes de cr\u00e9dit","isPartOf":{"@id":"https:\/\/tiketi.com\/#website"},"primaryImageOfPage":{"@id":"https:\/\/tiketi.com\/how-to-get-a-credit-card-in-ghana-and-use\/#primaryimage"},"image":{"@id":"https:\/\/tiketi.com\/how-to-get-a-credit-card-in-ghana-and-use\/#primaryimage"},"thumbnailUrl":"https:\/\/tiketi.com\/wp-content\/uploads\/2019\/05\/credit-card-6406010_1280.jpg","datePublished":"2022-01-19T11:54:22+00:00","dateModified":"2022-09-27T13:14:44+00:00","description":"Recherchez-vous des cartes de cr\u00e9dit pr\u00e9pay\u00e9es virtuelles, virtuelles, de d\u00e9bit, de remboursement, d&#039;affaires, de voyage au Ghana? Voici comment obtenir une carte de cr\u00e9dit au Ghana en ligne","breadcrumb":{"@id":"https:\/\/tiketi.com\/how-to-get-a-credit-card-in-ghana-and-use\/#breadcrumb"},"inLanguage":"fr-FR","potentialAction":[{"@type":"ReadAction","target":["https:\/\/tiketi.com\/how-to-get-a-credit-card-in-ghana-and-use\/"]}]},{"@type":"ImageObject","inLanguage":"fr-FR","@id":"https:\/\/tiketi.com\/how-to-get-a-credit-card-in-ghana-and-use\/#primaryimage","url":"https:\/\/tiketi.com\/wp-content\/uploads\/2019\/05\/credit-card-6406010_1280.jpg","contentUrl":"https:\/\/tiketi.com\/wp-content\/uploads\/2019\/05\/credit-card-6406010_1280.jpg","width":1200,"height":200,"caption":"How to get a credit card in"},{"@type":"BreadcrumbList","@id":"https:\/\/tiketi.com\/how-to-get-a-credit-card-in-ghana-and-use\/#breadcrumb","itemListElement":[{"@type":"ListItem","position":1,"name":"Home","item":"https:\/\/tiketi.com\/"},{"@type":"ListItem","position":2,"name":"How to get a credit card in Ghana online &#8211; Best credit cards"}]},{"@type":"WebSite","@id":"https:\/\/tiketi.com\/#website","url":"https:\/\/tiketi.com\/","name":"Billets d&#039;avion et de bus, forfaits touristiques et activit\u00e9s - Tiketi.com","description":"Billets d&#039;avion et de bus, Tours, Activit\u00e9s","publisher":{"@id":"https:\/\/tiketi.com\/#organization"},"potentialAction":[{"@type":"SearchAction","target":{"@type":"EntryPoint","urlTemplate":"https:\/\/tiketi.com\/?s={search_term_string}"},"query-input":{"@type":"PropertyValueSpecification","valueRequired":true,"valueName":"search_term_string"}}],"inLanguage":"fr-FR"},{"@type":"Organization","@id":"https:\/\/tiketi.com\/#organization","name":"Tiketi.com","alternateName":"Tiketi","url":"https:\/\/tiketi.com\/","logo":{"@type":"ImageObject","inLanguage":"fr-FR","@id":"https:\/\/tiketi.com\/#\/schema\/logo\/image\/","url":"https:\/\/tiketi.com\/wp-content\/uploads\/2019\/05\/tiketi-logo-696.png","contentUrl":"https:\/\/tiketi.com\/wp-content\/uploads\/2019\/05\/tiketi-logo-696.png","width":696,"height":696,"caption":"Tiketi.com"},"image":{"@id":"https:\/\/tiketi.com\/#\/schema\/logo\/image\/"},"sameAs":["https:\/\/www.facebook.com\/TiketiCom\/"]}]}},"_links":{"self":[{"href":"https:\/\/tiketi.com\/fr-fr\/wp-json\/wp\/v2\/pages\/11223","targetHints":{"allow":["GET"]}}],"collection":[{"href":"https:\/\/tiketi.com\/fr-fr\/wp-json\/wp\/v2\/pages"}],"about":[{"href":"https:\/\/tiketi.com\/fr-fr\/wp-json\/wp\/v2\/types\/page"}],"author":[{"embeddable":true,"href":"https:\/\/tiketi.com\/fr-fr\/wp-json\/wp\/v2\/users\/1"}],"replies":[{"embeddable":true,"href":"https:\/\/tiketi.com\/fr-fr\/wp-json\/wp\/v2\/comments?post=11223"}],"version-history":[{"count":0,"href":"https:\/\/tiketi.com\/fr-fr\/wp-json\/wp\/v2\/pages\/11223\/revisions"}],"wp:featuredmedia":[{"embeddable":true,"href":"https:\/\/tiketi.com\/fr-fr\/wp-json\/wp\/v2\/media\/19588"}],"wp:attachment":[{"href":"https:\/\/tiketi.com\/fr-fr\/wp-json\/wp\/v2\/media?parent=11223"}],"curies":[{"name":"wp","href":"https:\/\/api.w.org\/{rel}","templated":true}]}}