{"id":11224,"date":"2022-01-19T12:54:22","date_gmt":"2022-01-19T11:54:22","guid":{"rendered":"https:\/\/new.tiketi.com\/how-to-get-a-credit-card-in-zimbabwe-online-best-credit-cards\/"},"modified":"2022-07-14T13:02:15","modified_gmt":"2022-07-14T12:02:15","slug":"how-to-get-a-credit-card-in-zimbabwe-and-use","status":"publish","type":"page","link":"https:\/\/tiketi.com\/fr-fr\/how-to-get-a-credit-card-in-zimbabwe-and-use\/","title":{"rendered":"Comment obtenir une carte de cr\u00e9dit au Zimbabwe en ligne \u2013 Meilleures cartes de cr\u00e9dit"},"content":{"rendered":"<p><strong>Un d:\u00a0<\/strong><\/p>\n<p><strong><a href=\"https:\/\/fiymo.com\/register\" target=\"_blank\" rel=\"noopener\"><\/a><\/strong><\/p>\n<h2>Meilleures cartes de cr\u00e9dit du Zimbabwe - Cartes de cr\u00e9dit, de d\u00e9bit et pr\u00e9pay\u00e9es<\/h2>\n<h3>Profitez de la libert\u00e9 de faire ce que vous voulez faire. Obtenir une carte de cr\u00e9dit Zimbabwe en ligne <u><a href=\"https:\/\/fiymo.com\/home\/register\" data-cke-saved-href=\"https:\/\/fiymo.com\/home\/register\">\u00e0 pr\u00e9sent<\/a><\/u>.<\/h3>\n<p>Voici comment obtenir une carte de cr\u00e9dit au Zimbabwe en ligne. Que vous recherchiez des avantages traditionnels ou des r\u00e9compenses premium, il y a des cartes de cr\u00e9dit au Zimbabwe pour vous. Voici les meilleures raisons pour lesquelles vous avez besoin de cartes de cr\u00e9dit au Zimbabwe\u00a0!<\/p>\n<p>Les cartes de cr\u00e9dit du Zimbabwe vous offrent la facilit\u00e9 et la s\u00e9curit\u00e9 n\u00e9cessaires pour effectuer des achats, payer des factures ou retirer de l&#039;argent \u00e0 plus de deux millions de distributeurs automatiques de billets dans le monde. Chaque fois que vous utilisez une carte de cr\u00e9dit du Zimbabwe, vous empruntez en fait de l&#039;argent que vous rembourserez au fil du temps ou en totalit\u00e9. En plus des choix de paiement flexibles, les cartes de cr\u00e9dit zimbabw\u00e9ennes peuvent offrir des remises en argent, des r\u00e9compenses de voyage ou d&#039;autres avantages.<\/p>\n<h2>Comment obtenir une carte de cr\u00e9dit au Zimbabwe FAQ en ligne<\/h2>\n<h3>Admissibilit\u00e9 aux cartes de cr\u00e9dit au Zimbabwe<\/h3>\n<p>Lorsque les entreprises de cartes de cr\u00e9dit au Zimbabwe \u00e9mettent des cartes de cr\u00e9dit, c&#039;est avec l&#039;accord que vous paierez ce que vous facturez. Vos ant\u00e9c\u00e9dents de cr\u00e9dit, y compris les rapports de solvabilit\u00e9 et les cotes de cr\u00e9dit, indiquent aux soci\u00e9t\u00e9s \u00e9mettrices de cartes de cr\u00e9dit dans quelle mesure vous \u00eates susceptible de respecter vos obligations financi\u00e8res.<\/p>\n<p>Un meilleur historique de cr\u00e9dit indique que vous \u00eates responsable lorsqu&#039;il s&#039;agit de rembourser ce que vous empruntez et de payer \u00e0 temps. D&#039;un autre c\u00f4t\u00e9, un mauvais historique de cr\u00e9dit peut sugg\u00e9rer le contraire.<\/p>\n<h3>Carte de cr\u00e9dit pr\u00e9pay\u00e9e du Zimbabwe<\/h3>\n<p>En termes simples, plus votre historique de cr\u00e9dit est excellent, plus vous avez de chances d&#039;\u00eatre v\u00e9rifi\u00e9 pour une carte de cr\u00e9dit pr\u00e9pay\u00e9e du Zimbabwe. Le taux d&#039;int\u00e9r\u00eat de votre carte est \u00e9galement li\u00e9 \u00e0 votre cote de cr\u00e9dit et \u00e0 la restriction de cr\u00e9dit qui vous est accord\u00e9e. Un pointage de cr\u00e9dit plus \u00e9lev\u00e9 peut entra\u00eener un taux d&#039;int\u00e9r\u00eat plus bas et une ligne de cr\u00e9dit plus importante.<\/p>\n<h2>Comment demander une carte de cr\u00e9dit au Zimbabwe<\/h2>\n<p>Il existe de nombreuses fa\u00e7ons de remplir une demande de carte de cr\u00e9dit au Zimbabwe, en ligne, en utilisant une demande papier ou par t\u00e9l\u00e9phone.<br \/>\nLa demande de carte de cr\u00e9dit zimbabw\u00e9enne en ligne est appropri\u00e9e et vous pouvez obtenir une d\u00e9cision presque rapidement, que vous fassiez une demande en ligne, par t\u00e9l\u00e9phone ou par courrier avec un formulaire papier, les d\u00e9tails dont vous aurez besoin sont les m\u00eames.<\/p>\n<h2>Informations personnelles<\/h2>\n<p>Tout d&#039;abord, vous devrez parler un peu de vous \u00e0 la soci\u00e9t\u00e9 \u00e9mettrice de la carte de cr\u00e9dit. L&#039;application demandera probablement\u00a0:<\/p>\n<p>\u2022   Date de naissance<br \/>\n\u2022   Votre nom<br \/>\n\u2022   Num\u00e9ro de s\u00e9curit\u00e9 sociale<br \/>\n\u2022   Num\u00e9ro de t\u00e9l\u00e9phone<br \/>\n\u2022 Adresse physique et adresse e-mail<br \/>\n\u2022 Nom de jeune fille de la m\u00e8re<\/p>\n<p>Ces informations sont utilis\u00e9es pour confirmer votre identit\u00e9 et s&#039;assurer que la soci\u00e9t\u00e9 de carte de cr\u00e9dit pr\u00e9pay\u00e9e du Zimbabwe a un moyen de vous contacter.<\/p>\n<h2>Informations sur le revenu<\/h2>\n<p>Ensuite, on vous posera des questions sur le revenu annuel de votre m\u00e9nage. Il s&#039;agit de votre revenu annuel brut. Vous devrez \u00e9galement indiquer \u00e0 la soci\u00e9t\u00e9 Visa Credit Card Zimbabwe d&#039;o\u00f9 proviennent ces revenus, c&#039;est-\u00e0-dire un emploi, des allocations de ch\u00f4mage ou un travail ind\u00e9pendant. Vous pouvez choisir de choisir \u00ab\u00a0Autre\u00a0\u00bb si votre revenu ne provient d&#039;aucune de ces sources. Par exemple, si vous obtenez une pension alimentaire, des prestations d&#039;invalidit\u00e9, une pension alimentaire pour enfants ou des avantages pour anciens combattants, tout cela pourrait \u00eatre utilis\u00e9 comme source de revenus pour une demande de carte de cr\u00e9dit zimbabw\u00e9enne.<\/p>\n<h2>Co\u00fbts et statut du logement<\/h2>\n<p>Les \u00e9metteurs de cartes de cr\u00e9dit du Zimbabwe sont \u00e9galement curieux de savoir ce que vous d\u00e9pensez chaque mois pour le logement et si vous poss\u00e9dez ou louez une maison. Il peut y avoir une section sur la demande o\u00f9 vous indiquez si vous \u00eates propri\u00e9taire ou locataire, combien vous payez chaque mois pour l&#039;hypoth\u00e8que ou le loyer et depuis combien de temps vous vivez ici.<\/p>\n<h2>Comment obtenir une carte de cr\u00e9dit au Zimbabwe conseils en ligne<\/h2>\n<h3>Utilisateurs autoris\u00e9s<\/h3>\n<p>Si vous souhaitez inclure un utilisateur autoris\u00e9 sur votre compte, vous aurez peut-\u00eatre la possibilit\u00e9 de le faire lorsque vous demanderez une carte de cr\u00e9dit aux banques zimbabw\u00e9ennes. Pour ajouter un utilisateur autoris\u00e9, vous devrez renseigner son adresse, son nom et sa date de naissance.<\/p>\n<p>Une fois que vous avez rempli ces champs sur la demande, vous pouvez la soumettre \u00e0 la soci\u00e9t\u00e9 de carte de cr\u00e9dit du Zimbabwe. Encore une fois, si vous faites cela via Internet, vous devriez \u00eatre en mesure d&#039;obtenir une d\u00e9cision en une minute ou deux. Si vous postez une candidature, cela peut prendre plusieurs semaines pour obtenir un retour.<\/p>","protected":false},"excerpt":{"rendered":"<p>Ad:\u00a0 Best Zimbabwe\u00a0Credit Cards &#8211;\u00a0Credit, Debit, and Prepaid Cards Enjoy the freedom to do what you want to do. Get a credit card Zimbabwe online now. Here is how to get a credit card in Zimbabwe online.\u00a0Whether you are looking for traditional advantages or premium rewards, there is\u00a0credit cards in Zimbabwe for you.\u00a0Here are the [&hellip;]<\/p>\n","protected":false},"author":1,"featured_media":19588,"parent":0,"menu_order":0,"comment_status":"open","ping_status":"closed","template":"template-home-modern.php","meta":{"footnotes":""},"class_list":["post-11224","page","type-page","status-publish","has-post-thumbnail","hentry"],"yoast_head":"<!-- This site is optimized with the Yoast SEO plugin v27.2 - https:\/\/yoast.com\/product\/yoast-seo-wordpress\/ -->\n<title>How to get a credit card in Zimbabwe online - Best credit cards<\/title>\n<meta name=\"description\" content=\"Are you looking for virtual, credit, debit, and prepaid credit cards in Zimbabwe online? Here is how to get a credit card in Zimbabwe online\" \/>\n<meta name=\"robots\" content=\"index, follow, max-snippet:-1, max-image-preview:large, max-video-preview:-1\" \/>\n<link rel=\"canonical\" href=\"https:\/\/tiketi.com\/fr-fr\/how-to-get-a-credit-card-in-zimbabwe-and-use\/\" \/>\n<meta property=\"og:locale\" content=\"fr_FR\" \/>\n<meta property=\"og:type\" content=\"article\" \/>\n<meta property=\"og:title\" content=\"How to get a credit card in Zimbabwe online - Best credit cards\" \/>\n<meta property=\"og:description\" content=\"Are you looking for virtual, credit, debit, and prepaid credit cards in Zimbabwe online? Here is how to get a credit card in Zimbabwe online\" \/>\n<meta property=\"og:url\" content=\"https:\/\/tiketi.com\/fr-fr\/how-to-get-a-credit-card-in-zimbabwe-and-use\/\" \/>\n<meta property=\"og:site_name\" content=\"Tiketi.com\" \/>\n<meta property=\"article:publisher\" content=\"https:\/\/www.facebook.com\/TiketiCom\/\" \/>\n<meta property=\"article:modified_time\" content=\"2022-07-14T12:02:15+00:00\" \/>\n<meta property=\"og:image\" content=\"https:\/\/tiketi.com\/wp-content\/uploads\/2019\/05\/credit-card-6406010_1280.jpg\" \/>\n\t<meta property=\"og:image:width\" content=\"1200\" \/>\n\t<meta property=\"og:image:height\" content=\"200\" \/>\n\t<meta property=\"og:image:type\" content=\"image\/jpeg\" \/>\n<meta name=\"twitter:card\" content=\"summary_large_image\" \/>\n<meta name=\"twitter:label1\" content=\"Dur\u00e9e de lecture estim\u00e9e\" \/>\n\t<meta name=\"twitter:data1\" content=\"4 minutes\" \/>\n<script type=\"application\/ld+json\" class=\"yoast-schema-graph\">{\"@context\":\"https:\/\/schema.org\",\"@graph\":[{\"@type\":\"WebPage\",\"@id\":\"https:\/\/tiketi.com\/how-to-get-a-credit-card-in-zimbabwe-and-use\/\",\"url\":\"https:\/\/tiketi.com\/how-to-get-a-credit-card-in-zimbabwe-and-use\/\",\"name\":\"How to get a credit card in Zimbabwe online - Best credit cards\",\"isPartOf\":{\"@id\":\"https:\/\/tiketi.com\/#website\"},\"primaryImageOfPage\":{\"@id\":\"https:\/\/tiketi.com\/how-to-get-a-credit-card-in-zimbabwe-and-use\/#primaryimage\"},\"image\":{\"@id\":\"https:\/\/tiketi.com\/how-to-get-a-credit-card-in-zimbabwe-and-use\/#primaryimage\"},\"thumbnailUrl\":\"https:\/\/tiketi.com\/wp-content\/uploads\/2019\/05\/credit-card-6406010_1280.jpg\",\"datePublished\":\"2022-01-19T11:54:22+00:00\",\"dateModified\":\"2022-07-14T12:02:15+00:00\",\"description\":\"Are you looking for virtual, credit, debit, and prepaid credit cards in Zimbabwe online? Here is how to get a credit card in Zimbabwe online\",\"breadcrumb\":{\"@id\":\"https:\/\/tiketi.com\/how-to-get-a-credit-card-in-zimbabwe-and-use\/#breadcrumb\"},\"inLanguage\":\"fr-FR\",\"potentialAction\":[{\"@type\":\"ReadAction\",\"target\":[\"https:\/\/tiketi.com\/how-to-get-a-credit-card-in-zimbabwe-and-use\/\"]}]},{\"@type\":\"ImageObject\",\"inLanguage\":\"fr-FR\",\"@id\":\"https:\/\/tiketi.com\/how-to-get-a-credit-card-in-zimbabwe-and-use\/#primaryimage\",\"url\":\"https:\/\/tiketi.com\/wp-content\/uploads\/2019\/05\/credit-card-6406010_1280.jpg\",\"contentUrl\":\"https:\/\/tiketi.com\/wp-content\/uploads\/2019\/05\/credit-card-6406010_1280.jpg\",\"width\":1200,\"height\":200,\"caption\":\"How to get a credit card in\"},{\"@type\":\"BreadcrumbList\",\"@id\":\"https:\/\/tiketi.com\/how-to-get-a-credit-card-in-zimbabwe-and-use\/#breadcrumb\",\"itemListElement\":[{\"@type\":\"ListItem\",\"position\":1,\"name\":\"Home\",\"item\":\"https:\/\/tiketi.com\/\"},{\"@type\":\"ListItem\",\"position\":2,\"name\":\"How to get a credit card in Zimbabwe online &#8211; Best credit cards\"}]},{\"@type\":\"WebSite\",\"@id\":\"https:\/\/tiketi.com\/#website\",\"url\":\"https:\/\/tiketi.com\/\",\"name\":\"Flight & Bus Tickets, Tour Packages & Activitites - Tiketi.com\",\"description\":\"Flight &amp; Bus Tickets, Tours, Activitites\",\"publisher\":{\"@id\":\"https:\/\/tiketi.com\/#organization\"},\"potentialAction\":[{\"@type\":\"SearchAction\",\"target\":{\"@type\":\"EntryPoint\",\"urlTemplate\":\"https:\/\/tiketi.com\/?s={search_term_string}\"},\"query-input\":{\"@type\":\"PropertyValueSpecification\",\"valueRequired\":true,\"valueName\":\"search_term_string\"}}],\"inLanguage\":\"fr-FR\"},{\"@type\":\"Organization\",\"@id\":\"https:\/\/tiketi.com\/#organization\",\"name\":\"Tiketi.com\",\"alternateName\":\"Tiketi\",\"url\":\"https:\/\/tiketi.com\/\",\"logo\":{\"@type\":\"ImageObject\",\"inLanguage\":\"fr-FR\",\"@id\":\"https:\/\/tiketi.com\/#\/schema\/logo\/image\/\",\"url\":\"https:\/\/tiketi.com\/wp-content\/uploads\/2019\/05\/tiketi-logo-696.png\",\"contentUrl\":\"https:\/\/tiketi.com\/wp-content\/uploads\/2019\/05\/tiketi-logo-696.png\",\"width\":696,\"height\":696,\"caption\":\"Tiketi.com\"},\"image\":{\"@id\":\"https:\/\/tiketi.com\/#\/schema\/logo\/image\/\"},\"sameAs\":[\"https:\/\/www.facebook.com\/TiketiCom\/\"]}]}<\/script>\n<!-- \/ Yoast SEO plugin. -->","yoast_head_json":{"title":"Comment obtenir une carte de cr\u00e9dit au Zimbabwe en ligne - Meilleures cartes de cr\u00e9dit","description":"Recherchez-vous des cartes de cr\u00e9dit virtuelles, de cr\u00e9dit, de d\u00e9bit et pr\u00e9pay\u00e9es au Zimbabwe en ligne\u00a0? Voici comment obtenir une carte de cr\u00e9dit au Zimbabwe en ligne","robots":{"index":"index","follow":"follow","max-snippet":"max-snippet:-1","max-image-preview":"max-image-preview:large","max-video-preview":"max-video-preview:-1"},"canonical":"https:\/\/tiketi.com\/fr-fr\/how-to-get-a-credit-card-in-zimbabwe-and-use\/","og_locale":"fr_FR","og_type":"article","og_title":"How to get a credit card in Zimbabwe online - Best credit cards","og_description":"Are you looking for virtual, credit, debit, and prepaid credit cards in Zimbabwe online? Here is how to get a credit card in Zimbabwe online","og_url":"https:\/\/tiketi.com\/fr-fr\/how-to-get-a-credit-card-in-zimbabwe-and-use\/","og_site_name":"Tiketi.com","article_publisher":"https:\/\/www.facebook.com\/TiketiCom\/","article_modified_time":"2022-07-14T12:02:15+00:00","og_image":[{"width":1200,"height":200,"url":"https:\/\/tiketi.com\/wp-content\/uploads\/2019\/05\/credit-card-6406010_1280.jpg","type":"image\/jpeg"}],"twitter_card":"summary_large_image","twitter_misc":{"Dur\u00e9e de lecture estim\u00e9e":"4 minutes"},"schema":{"@context":"https:\/\/schema.org","@graph":[{"@type":"WebPage","@id":"https:\/\/tiketi.com\/how-to-get-a-credit-card-in-zimbabwe-and-use\/","url":"https:\/\/tiketi.com\/how-to-get-a-credit-card-in-zimbabwe-and-use\/","name":"Comment obtenir une carte de cr\u00e9dit au Zimbabwe en ligne - Meilleures cartes de cr\u00e9dit","isPartOf":{"@id":"https:\/\/tiketi.com\/#website"},"primaryImageOfPage":{"@id":"https:\/\/tiketi.com\/how-to-get-a-credit-card-in-zimbabwe-and-use\/#primaryimage"},"image":{"@id":"https:\/\/tiketi.com\/how-to-get-a-credit-card-in-zimbabwe-and-use\/#primaryimage"},"thumbnailUrl":"https:\/\/tiketi.com\/wp-content\/uploads\/2019\/05\/credit-card-6406010_1280.jpg","datePublished":"2022-01-19T11:54:22+00:00","dateModified":"2022-07-14T12:02:15+00:00","description":"Recherchez-vous des cartes de cr\u00e9dit virtuelles, de cr\u00e9dit, de d\u00e9bit et pr\u00e9pay\u00e9es au Zimbabwe en ligne\u00a0? Voici comment obtenir une carte de cr\u00e9dit au Zimbabwe en ligne","breadcrumb":{"@id":"https:\/\/tiketi.com\/how-to-get-a-credit-card-in-zimbabwe-and-use\/#breadcrumb"},"inLanguage":"fr-FR","potentialAction":[{"@type":"ReadAction","target":["https:\/\/tiketi.com\/how-to-get-a-credit-card-in-zimbabwe-and-use\/"]}]},{"@type":"ImageObject","inLanguage":"fr-FR","@id":"https:\/\/tiketi.com\/how-to-get-a-credit-card-in-zimbabwe-and-use\/#primaryimage","url":"https:\/\/tiketi.com\/wp-content\/uploads\/2019\/05\/credit-card-6406010_1280.jpg","contentUrl":"https:\/\/tiketi.com\/wp-content\/uploads\/2019\/05\/credit-card-6406010_1280.jpg","width":1200,"height":200,"caption":"How to get a credit card in"},{"@type":"BreadcrumbList","@id":"https:\/\/tiketi.com\/how-to-get-a-credit-card-in-zimbabwe-and-use\/#breadcrumb","itemListElement":[{"@type":"ListItem","position":1,"name":"Home","item":"https:\/\/tiketi.com\/"},{"@type":"ListItem","position":2,"name":"How to get a credit card in Zimbabwe online &#8211; Best credit cards"}]},{"@type":"WebSite","@id":"https:\/\/tiketi.com\/#website","url":"https:\/\/tiketi.com\/","name":"Billets d&#039;avion et de bus, forfaits touristiques et activit\u00e9s - Tiketi.com","description":"Billets d&#039;avion et de bus, Tours, Activit\u00e9s","publisher":{"@id":"https:\/\/tiketi.com\/#organization"},"potentialAction":[{"@type":"SearchAction","target":{"@type":"EntryPoint","urlTemplate":"https:\/\/tiketi.com\/?s={search_term_string}"},"query-input":{"@type":"PropertyValueSpecification","valueRequired":true,"valueName":"search_term_string"}}],"inLanguage":"fr-FR"},{"@type":"Organization","@id":"https:\/\/tiketi.com\/#organization","name":"Tiketi.com","alternateName":"Tiketi","url":"https:\/\/tiketi.com\/","logo":{"@type":"ImageObject","inLanguage":"fr-FR","@id":"https:\/\/tiketi.com\/#\/schema\/logo\/image\/","url":"https:\/\/tiketi.com\/wp-content\/uploads\/2019\/05\/tiketi-logo-696.png","contentUrl":"https:\/\/tiketi.com\/wp-content\/uploads\/2019\/05\/tiketi-logo-696.png","width":696,"height":696,"caption":"Tiketi.com"},"image":{"@id":"https:\/\/tiketi.com\/#\/schema\/logo\/image\/"},"sameAs":["https:\/\/www.facebook.com\/TiketiCom\/"]}]}},"_links":{"self":[{"href":"https:\/\/tiketi.com\/fr-fr\/wp-json\/wp\/v2\/pages\/11224","targetHints":{"allow":["GET"]}}],"collection":[{"href":"https:\/\/tiketi.com\/fr-fr\/wp-json\/wp\/v2\/pages"}],"about":[{"href":"https:\/\/tiketi.com\/fr-fr\/wp-json\/wp\/v2\/types\/page"}],"author":[{"embeddable":true,"href":"https:\/\/tiketi.com\/fr-fr\/wp-json\/wp\/v2\/users\/1"}],"replies":[{"embeddable":true,"href":"https:\/\/tiketi.com\/fr-fr\/wp-json\/wp\/v2\/comments?post=11224"}],"version-history":[{"count":0,"href":"https:\/\/tiketi.com\/fr-fr\/wp-json\/wp\/v2\/pages\/11224\/revisions"}],"wp:featuredmedia":[{"embeddable":true,"href":"https:\/\/tiketi.com\/fr-fr\/wp-json\/wp\/v2\/media\/19588"}],"wp:attachment":[{"href":"https:\/\/tiketi.com\/fr-fr\/wp-json\/wp\/v2\/media?parent=11224"}],"curies":[{"name":"wp","href":"https:\/\/api.w.org\/{rel}","templated":true}]}}