{"id":11225,"date":"2022-01-19T12:54:22","date_gmt":"2022-01-19T11:54:22","guid":{"rendered":"https:\/\/new.tiketi.com\/how-to-get-a-credit-card-in-zambia-online-best-credit-cards\/"},"modified":"2022-07-14T13:02:15","modified_gmt":"2022-07-14T12:02:15","slug":"how-to-get-a-credit-card-in-zambia-and-use","status":"publish","type":"page","link":"https:\/\/tiketi.com\/fr-fr\/how-to-get-a-credit-card-in-zambia-and-use\/","title":{"rendered":"Comment obtenir une carte de cr\u00e9dit en Zambie en ligne \u2013 Meilleures cartes de cr\u00e9dit"},"content":{"rendered":"<p><strong>Un d:\u00a0<\/strong><\/p>\n<p><strong><a href=\"https:\/\/fiymo.com\/register\" target=\"_blank\" rel=\"noopener\"><\/a><\/strong><\/p>\n<h2>Meilleure carte de cr\u00e9dit zambienne \u2013 Cartes de cr\u00e9dit, de d\u00e9bit et pr\u00e9pay\u00e9es<\/h2>\n<h3>Profitez de la libert\u00e9 de faire ce que vous voulez faire. Obtenez une carte de cr\u00e9dit en Zambie en ligne <u><a href=\"https:\/\/fiymo.com\/home\/register\" data-cke-saved-href=\"https:\/\/fiymo.com\/home\/register\">\u00e0 pr\u00e9sent<\/a><\/u>.<\/h3>\n<p>Voici comment obtenir une carte de cr\u00e9dit en Zambie en ligne. Les cartes de cr\u00e9dit, de d\u00e9bit et de cr\u00e9dit pr\u00e9pay\u00e9es en Zambie sont con\u00e7ues dans un souci d&#039;accessibilit\u00e9, offrant aux particuliers et aux entreprises des moyens plus rapides, plus s\u00fbrs et plus parfaits de g\u00e9rer leurs finances, tout en r\u00e9duisant leur exposition aux risques de s\u00e9curit\u00e9 et aux co\u00fbts de transaction \u00e9lev\u00e9s li\u00e9s \u00e0 la gestion des esp\u00e8ces. . Voici les meilleures raisons pour lesquelles vous avez besoin d&#039;une carte de cr\u00e9dit en Zambie\u00a0!<\/p>\n<p>Les cartes de cr\u00e9dit de Zambie font partie de ces choses qui ont un mauvais statut en raison de l&#039;horreur et des magasins effrayants que l&#039;on entend parler de consommateurs accumulant des montants impossibles de dettes de carte de cr\u00e9dit. Ne vous m\u00e9prenez pas, ces magasins effrayants sont r\u00e9els, mais il est \u00e9galement assez simple de refuser de se laisser prendre en mauvais \u00e9tat.<\/p>\n<p>Lorsque vous utilisez au mieux une carte de cr\u00e9dit zambienne, vous pouvez b\u00e9n\u00e9ficier de toutes les r\u00e9compenses et avantages qu&#039;elle offre.<\/p>\n<h2>Comment obtenir une carte de cr\u00e9dit en Zambie FAQ en ligne<\/h2>\n<h3>Cartes de cr\u00e9dit en Zambie S\u00e9curit\u00e9<\/h3>\n<p>Payer avec une carte de cr\u00e9dit Visa en Zambie permet de rejeter facilement les pertes dues \u00e0 la fraude. Lorsque votre carte de d\u00e9bit est utilis\u00e9e par un voleur, l\u2019argent dispara\u00eet rapidement de votre compte. Les d\u00e9penses l\u00e9gitimes pour lesquelles vous avez programm\u00e9 des paiements sur Internet ou des ch\u00e8ques post\u00e9s peuvent \u00eatre sans provision, activant des frais de fonds insuffisants et rendant vos cr\u00e9anciers m\u00e9contents. M\u00eame si ce n\u2019est pas de votre faute, ces paiements manqu\u00e9s ou en retard peuvent \u00e9galement r\u00e9duire votre cote de cr\u00e9dit.<\/p>\n<h2>Carte de cr\u00e9dit zambienne universelle acceptable<\/h2>\n<h3>Carte de cr\u00e9dit pr\u00e9pay\u00e9e en Zambie<\/h3>\n<p>Certains achats sont difficiles \u00e0 effectuer avec une carte de cr\u00e9dit pr\u00e9pay\u00e9e Zambie. Lorsque vous souhaitez louer un v\u00e9hicule ou s\u00e9journer dans une chambre d\u2019h\u00f4tel, vous aurez presque certainement plus de facilit\u00e9 si vous disposez d\u2019une carte de cr\u00e9dit. Les soci\u00e9t\u00e9s de location de voitures et les h\u00f4tels souhaitent que leurs clients paient par carte de cr\u00e9dit, car cela leur permet de facturer facilement les dommages qu&#039;ils causent \u00e0 une voiture ou \u00e0 une chambre. Une autre raison est que, \u00e0 moins que vous n&#039;ayez pr\u00e9par\u00e9 votre s\u00e9jour \u00e0 l&#039;h\u00f4tel ou en location, le commer\u00e7ant ne conna\u00eet pas le montant final de votre transaction et doit donc bloquer un certain montant de votre ligne de cr\u00e9dit accessible afin de s&#039;\u00e9pargner des frais potentiels qu&#039;il a factur\u00e9s. pas anticiper.<\/p>\n<h3>Cartes de cr\u00e9dit virtuelles en Zambie<\/h3>\n<p>Ainsi, si vous souhaitez payer l&#039;un de ces articles avec une carte de cr\u00e9dit virtuelle en Zambie, la soci\u00e9t\u00e9 peut insister pour mettre en attente plusieurs centaines de dollars sur votre compte. De plus, lorsque vous voyagez dans un pays \u00e9tranger, les commer\u00e7ants n\u2019accepteront pas toujours votre carte de d\u00e9bit, m\u00eame si elle porte un grand logo bancaire.<\/p>\n<h3>Points de r\u00e9compense<\/h3>\n<p>Points de r\u00e9compense Les cartes de cr\u00e9dit de Zambie sont con\u00e7ues pour permettre aux titulaires de carte de gagner un ou plusieurs points par dollar d\u00e9pens\u00e9. De nombreuses cartes de cr\u00e9dit avec r\u00e9compense en Zambie offrent des points bonus pour certaines cat\u00e9gories de d\u00e9penses comme l&#039;\u00e9picerie, les restaurants ou l&#039;essence. Lorsque certains seuils de revenus sont atteints, les points peuvent \u00eatre \u00e9chang\u00e9s contre des voyages, des cartes-cadeaux aupr\u00e8s de restaurants et de d\u00e9taillants zambiens, ou contre des articles via le portail de r\u00e9compenses en ligne des soci\u00e9t\u00e9s \u00e9mettrices de cartes de cr\u00e9dit.<\/p>\n<h3>Assurance<\/h3>\n<p>La plupart des banques de cartes de cr\u00e9dit zambiennes proposent m\u00e9caniquement un certain nombre de protections aux consommateurs dont les gens ne r\u00e9alisent m\u00eame pas qu&#039;elles disposent, telles que l&#039;assurance des v\u00e9hicules de location, l&#039;assurance voyage et des garanties de produits qui peuvent d\u00e9passer la garantie des producteurs.<\/p>\n<h3>Construit une meilleure histoire de cartes de cr\u00e9dit en Zambie<\/h3>\n<p>Utiliser une marge de cr\u00e9dit en effectuant des achats et en les payant au bon moment vous aidera \u00e0 obtenir la meilleure cote de cr\u00e9dit aupr\u00e8s des agences de notation, ce qui rendra les pr\u00eateurs plus susceptibles de vous pr\u00eater et de vous offrir le meilleur taux d&#039;int\u00e9r\u00eat.<\/p>\n<h2>Conseils pour obtenir une carte de cr\u00e9dit en Zambie<\/h2>\n<h3>Conclusion de la carte de cr\u00e9dit zambienne<\/h3>\n<p>Les cartes de cr\u00e9dit zambiennes sont les plus appr\u00e9ci\u00e9es par les personnes disciplin\u00e9es, qui peuvent rester conscientes de leur capacit\u00e9 \u00e0 payer la facture mensuelle ou avant la date d&#039;\u00e9ch\u00e9ance. Si vous savez d\u00e9j\u00e0 comment poursuivre judicieusement une carte de cr\u00e9dit, transf\u00e9rez autant de vos achats que possible sur votre carte de cr\u00e9dit et n&#039;utilisez pas votre carte de cr\u00e9dit pour autre chose que l&#039;acc\u00e8s aux guichets automatiques. Si vous le faites, la combinaison de r\u00e9compenses, de protection des acheteurs et de la valeur des encaissements vous placera devant ceux qui paient par ch\u00e8que, d\u00e9bit ou esp\u00e8ces.<\/p>","protected":false},"excerpt":{"rendered":"<p>Ad:\u00a0 Best Zambian Credit Card\u00a0&#8211;\u00a0Credit, Debit, and Prepaid Cards Enjoy the freedom to do what you want to do. Get a Zambia credit card online now. Here is how to get a credit card in Zambia online.\u00a0The credit, debit, and prepaid credit cards in Zambia are designed with accessibility in mind, providing quicker, safe and [&hellip;]<\/p>\n","protected":false},"author":1,"featured_media":19588,"parent":0,"menu_order":0,"comment_status":"open","ping_status":"closed","template":"template-home-modern.php","meta":{"footnotes":""},"class_list":["post-11225","page","type-page","status-publish","has-post-thumbnail","hentry"],"yoast_head":"<!-- This site is optimized with the Yoast SEO plugin v27.2 - https:\/\/yoast.com\/product\/yoast-seo-wordpress\/ -->\n<title>How to get a credit card in Zambia online - Best credit cards<\/title>\n<meta name=\"description\" content=\"Are you looking for virtual, credit, debit, and prepaid credit cards in Zambia? Here is how to get a credit card in Zambia online\" \/>\n<meta name=\"robots\" content=\"index, follow, max-snippet:-1, max-image-preview:large, max-video-preview:-1\" \/>\n<link rel=\"canonical\" href=\"https:\/\/tiketi.com\/fr-fr\/how-to-get-a-credit-card-in-zambia-and-use\/\" \/>\n<meta property=\"og:locale\" content=\"fr_FR\" \/>\n<meta property=\"og:type\" content=\"article\" \/>\n<meta property=\"og:title\" content=\"How to get a credit card in Zambia online - Best credit cards\" \/>\n<meta property=\"og:description\" content=\"Are you looking for virtual, credit, debit, and prepaid credit cards in Zambia? Here is how to get a credit card in Zambia online\" \/>\n<meta property=\"og:url\" content=\"https:\/\/tiketi.com\/fr-fr\/how-to-get-a-credit-card-in-zambia-and-use\/\" \/>\n<meta property=\"og:site_name\" content=\"Tiketi.com\" \/>\n<meta property=\"article:publisher\" content=\"https:\/\/www.facebook.com\/TiketiCom\/\" \/>\n<meta property=\"article:modified_time\" content=\"2022-07-14T12:02:15+00:00\" \/>\n<meta property=\"og:image\" content=\"https:\/\/tiketi.com\/wp-content\/uploads\/2019\/05\/credit-card-6406010_1280.jpg\" \/>\n\t<meta property=\"og:image:width\" content=\"1200\" \/>\n\t<meta property=\"og:image:height\" content=\"200\" \/>\n\t<meta property=\"og:image:type\" content=\"image\/jpeg\" \/>\n<meta name=\"twitter:card\" content=\"summary_large_image\" \/>\n<meta name=\"twitter:label1\" content=\"Dur\u00e9e de lecture estim\u00e9e\" \/>\n\t<meta name=\"twitter:data1\" content=\"4 minutes\" \/>\n<script type=\"application\/ld+json\" class=\"yoast-schema-graph\">{\"@context\":\"https:\/\/schema.org\",\"@graph\":[{\"@type\":\"WebPage\",\"@id\":\"https:\/\/tiketi.com\/how-to-get-a-credit-card-in-zambia-and-use\/\",\"url\":\"https:\/\/tiketi.com\/how-to-get-a-credit-card-in-zambia-and-use\/\",\"name\":\"How to get a credit card in Zambia online - Best credit cards\",\"isPartOf\":{\"@id\":\"https:\/\/tiketi.com\/#website\"},\"primaryImageOfPage\":{\"@id\":\"https:\/\/tiketi.com\/how-to-get-a-credit-card-in-zambia-and-use\/#primaryimage\"},\"image\":{\"@id\":\"https:\/\/tiketi.com\/how-to-get-a-credit-card-in-zambia-and-use\/#primaryimage\"},\"thumbnailUrl\":\"https:\/\/tiketi.com\/wp-content\/uploads\/2019\/05\/credit-card-6406010_1280.jpg\",\"datePublished\":\"2022-01-19T11:54:22+00:00\",\"dateModified\":\"2022-07-14T12:02:15+00:00\",\"description\":\"Are you looking for virtual, credit, debit, and prepaid credit cards in Zambia? Here is how to get a credit card in Zambia online\",\"breadcrumb\":{\"@id\":\"https:\/\/tiketi.com\/how-to-get-a-credit-card-in-zambia-and-use\/#breadcrumb\"},\"inLanguage\":\"fr-FR\",\"potentialAction\":[{\"@type\":\"ReadAction\",\"target\":[\"https:\/\/tiketi.com\/how-to-get-a-credit-card-in-zambia-and-use\/\"]}]},{\"@type\":\"ImageObject\",\"inLanguage\":\"fr-FR\",\"@id\":\"https:\/\/tiketi.com\/how-to-get-a-credit-card-in-zambia-and-use\/#primaryimage\",\"url\":\"https:\/\/tiketi.com\/wp-content\/uploads\/2019\/05\/credit-card-6406010_1280.jpg\",\"contentUrl\":\"https:\/\/tiketi.com\/wp-content\/uploads\/2019\/05\/credit-card-6406010_1280.jpg\",\"width\":1200,\"height\":200,\"caption\":\"How to get a credit card in\"},{\"@type\":\"BreadcrumbList\",\"@id\":\"https:\/\/tiketi.com\/how-to-get-a-credit-card-in-zambia-and-use\/#breadcrumb\",\"itemListElement\":[{\"@type\":\"ListItem\",\"position\":1,\"name\":\"Home\",\"item\":\"https:\/\/tiketi.com\/\"},{\"@type\":\"ListItem\",\"position\":2,\"name\":\"How to get a credit card in Zambia online &#8211; Best credit cards\"}]},{\"@type\":\"WebSite\",\"@id\":\"https:\/\/tiketi.com\/#website\",\"url\":\"https:\/\/tiketi.com\/\",\"name\":\"Flight & Bus Tickets, Tour Packages & Activitites - Tiketi.com\",\"description\":\"Flight &amp; Bus Tickets, Tours, Activitites\",\"publisher\":{\"@id\":\"https:\/\/tiketi.com\/#organization\"},\"potentialAction\":[{\"@type\":\"SearchAction\",\"target\":{\"@type\":\"EntryPoint\",\"urlTemplate\":\"https:\/\/tiketi.com\/?s={search_term_string}\"},\"query-input\":{\"@type\":\"PropertyValueSpecification\",\"valueRequired\":true,\"valueName\":\"search_term_string\"}}],\"inLanguage\":\"fr-FR\"},{\"@type\":\"Organization\",\"@id\":\"https:\/\/tiketi.com\/#organization\",\"name\":\"Tiketi.com\",\"alternateName\":\"Tiketi\",\"url\":\"https:\/\/tiketi.com\/\",\"logo\":{\"@type\":\"ImageObject\",\"inLanguage\":\"fr-FR\",\"@id\":\"https:\/\/tiketi.com\/#\/schema\/logo\/image\/\",\"url\":\"https:\/\/tiketi.com\/wp-content\/uploads\/2019\/05\/tiketi-logo-696.png\",\"contentUrl\":\"https:\/\/tiketi.com\/wp-content\/uploads\/2019\/05\/tiketi-logo-696.png\",\"width\":696,\"height\":696,\"caption\":\"Tiketi.com\"},\"image\":{\"@id\":\"https:\/\/tiketi.com\/#\/schema\/logo\/image\/\"},\"sameAs\":[\"https:\/\/www.facebook.com\/TiketiCom\/\"]}]}<\/script>\n<!-- \/ Yoast SEO plugin. -->","yoast_head_json":{"title":"Comment obtenir une carte de cr\u00e9dit en Zambie en ligne - Meilleures cartes de cr\u00e9dit","description":"Recherchez-vous des cartes de cr\u00e9dit virtuelles, de cr\u00e9dit, de d\u00e9bit et pr\u00e9pay\u00e9es en Zambie\u00a0? Voici comment obtenir une carte de cr\u00e9dit en Zambie en ligne","robots":{"index":"index","follow":"follow","max-snippet":"max-snippet:-1","max-image-preview":"max-image-preview:large","max-video-preview":"max-video-preview:-1"},"canonical":"https:\/\/tiketi.com\/fr-fr\/how-to-get-a-credit-card-in-zambia-and-use\/","og_locale":"fr_FR","og_type":"article","og_title":"How to get a credit card in Zambia online - Best credit cards","og_description":"Are you looking for virtual, credit, debit, and prepaid credit cards in Zambia? Here is how to get a credit card in Zambia online","og_url":"https:\/\/tiketi.com\/fr-fr\/how-to-get-a-credit-card-in-zambia-and-use\/","og_site_name":"Tiketi.com","article_publisher":"https:\/\/www.facebook.com\/TiketiCom\/","article_modified_time":"2022-07-14T12:02:15+00:00","og_image":[{"width":1200,"height":200,"url":"https:\/\/tiketi.com\/wp-content\/uploads\/2019\/05\/credit-card-6406010_1280.jpg","type":"image\/jpeg"}],"twitter_card":"summary_large_image","twitter_misc":{"Dur\u00e9e de lecture estim\u00e9e":"4 minutes"},"schema":{"@context":"https:\/\/schema.org","@graph":[{"@type":"WebPage","@id":"https:\/\/tiketi.com\/how-to-get-a-credit-card-in-zambia-and-use\/","url":"https:\/\/tiketi.com\/how-to-get-a-credit-card-in-zambia-and-use\/","name":"Comment obtenir une carte de cr\u00e9dit en Zambie en ligne - Meilleures cartes de cr\u00e9dit","isPartOf":{"@id":"https:\/\/tiketi.com\/#website"},"primaryImageOfPage":{"@id":"https:\/\/tiketi.com\/how-to-get-a-credit-card-in-zambia-and-use\/#primaryimage"},"image":{"@id":"https:\/\/tiketi.com\/how-to-get-a-credit-card-in-zambia-and-use\/#primaryimage"},"thumbnailUrl":"https:\/\/tiketi.com\/wp-content\/uploads\/2019\/05\/credit-card-6406010_1280.jpg","datePublished":"2022-01-19T11:54:22+00:00","dateModified":"2022-07-14T12:02:15+00:00","description":"Recherchez-vous des cartes de cr\u00e9dit virtuelles, de cr\u00e9dit, de d\u00e9bit et pr\u00e9pay\u00e9es en Zambie\u00a0? Voici comment obtenir une carte de cr\u00e9dit en Zambie en ligne","breadcrumb":{"@id":"https:\/\/tiketi.com\/how-to-get-a-credit-card-in-zambia-and-use\/#breadcrumb"},"inLanguage":"fr-FR","potentialAction":[{"@type":"ReadAction","target":["https:\/\/tiketi.com\/how-to-get-a-credit-card-in-zambia-and-use\/"]}]},{"@type":"ImageObject","inLanguage":"fr-FR","@id":"https:\/\/tiketi.com\/how-to-get-a-credit-card-in-zambia-and-use\/#primaryimage","url":"https:\/\/tiketi.com\/wp-content\/uploads\/2019\/05\/credit-card-6406010_1280.jpg","contentUrl":"https:\/\/tiketi.com\/wp-content\/uploads\/2019\/05\/credit-card-6406010_1280.jpg","width":1200,"height":200,"caption":"How to get a credit card in"},{"@type":"BreadcrumbList","@id":"https:\/\/tiketi.com\/how-to-get-a-credit-card-in-zambia-and-use\/#breadcrumb","itemListElement":[{"@type":"ListItem","position":1,"name":"Home","item":"https:\/\/tiketi.com\/"},{"@type":"ListItem","position":2,"name":"How to get a credit card in Zambia online &#8211; Best credit cards"}]},{"@type":"WebSite","@id":"https:\/\/tiketi.com\/#website","url":"https:\/\/tiketi.com\/","name":"Billets d&#039;avion et de bus, forfaits touristiques et activit\u00e9s - Tiketi.com","description":"Billets d&#039;avion et de bus, Tours, Activit\u00e9s","publisher":{"@id":"https:\/\/tiketi.com\/#organization"},"potentialAction":[{"@type":"SearchAction","target":{"@type":"EntryPoint","urlTemplate":"https:\/\/tiketi.com\/?s={search_term_string}"},"query-input":{"@type":"PropertyValueSpecification","valueRequired":true,"valueName":"search_term_string"}}],"inLanguage":"fr-FR"},{"@type":"Organization","@id":"https:\/\/tiketi.com\/#organization","name":"Tiketi.com","alternateName":"Tiketi","url":"https:\/\/tiketi.com\/","logo":{"@type":"ImageObject","inLanguage":"fr-FR","@id":"https:\/\/tiketi.com\/#\/schema\/logo\/image\/","url":"https:\/\/tiketi.com\/wp-content\/uploads\/2019\/05\/tiketi-logo-696.png","contentUrl":"https:\/\/tiketi.com\/wp-content\/uploads\/2019\/05\/tiketi-logo-696.png","width":696,"height":696,"caption":"Tiketi.com"},"image":{"@id":"https:\/\/tiketi.com\/#\/schema\/logo\/image\/"},"sameAs":["https:\/\/www.facebook.com\/TiketiCom\/"]}]}},"_links":{"self":[{"href":"https:\/\/tiketi.com\/fr-fr\/wp-json\/wp\/v2\/pages\/11225","targetHints":{"allow":["GET"]}}],"collection":[{"href":"https:\/\/tiketi.com\/fr-fr\/wp-json\/wp\/v2\/pages"}],"about":[{"href":"https:\/\/tiketi.com\/fr-fr\/wp-json\/wp\/v2\/types\/page"}],"author":[{"embeddable":true,"href":"https:\/\/tiketi.com\/fr-fr\/wp-json\/wp\/v2\/users\/1"}],"replies":[{"embeddable":true,"href":"https:\/\/tiketi.com\/fr-fr\/wp-json\/wp\/v2\/comments?post=11225"}],"version-history":[{"count":0,"href":"https:\/\/tiketi.com\/fr-fr\/wp-json\/wp\/v2\/pages\/11225\/revisions"}],"wp:featuredmedia":[{"embeddable":true,"href":"https:\/\/tiketi.com\/fr-fr\/wp-json\/wp\/v2\/media\/19588"}],"wp:attachment":[{"href":"https:\/\/tiketi.com\/fr-fr\/wp-json\/wp\/v2\/media?parent=11225"}],"curies":[{"name":"wp","href":"https:\/\/api.w.org\/{rel}","templated":true}]}}