{"id":11226,"date":"2022-01-19T12:54:22","date_gmt":"2022-01-19T11:54:22","guid":{"rendered":"https:\/\/new.tiketi.com\/how-to-get-a-credit-card-in-tanzania-online-best-credit-cards\/"},"modified":"2022-09-23T11:17:15","modified_gmt":"2022-09-23T10:17:15","slug":"how-to-get-a-credit-card-in-tanzania-and-use","status":"publish","type":"page","link":"https:\/\/tiketi.com\/fr-fr\/how-to-get-a-credit-card-in-tanzania-and-use\/","title":{"rendered":"Comment obtenir une carte de cr\u00e9dit en Tanzanie en ligne \u2013 Meilleures cartes de cr\u00e9dit"},"content":{"rendered":"<p><strong>Un d:\u00a0<\/strong><\/p>\n<h2>Meilleures cartes de cr\u00e9dit en Tanzanie - Cartes de cr\u00e9dit, de d\u00e9bit et pr\u00e9pay\u00e9es<\/h2>\n<h3>Profitez de la libert\u00e9 de faire ce que vous voulez - obtenez une carte de cr\u00e9dit virtuelle de Tanzanie en ligne <u><a href=\"https:\/\/fiymo.com\/register\" data-cke-saved-href=\"https:\/\/fiymo.com\/home\/register\">\u00e0 pr\u00e9sent<\/a><\/u>.<\/h3>\n<p>Voici comment obtenir une carte de cr\u00e9dit en Tanzanie en ligne. Les cartes de cr\u00e9dit tanzaniennes permettent aux utilisateurs d&#039;acheter maintenant et de payer plus tard. Pour ceux qui savent comment budg\u00e9tiser leur argent et d\u00e9penser selon leurs moyens, c&#039;est une telle meilleure affaire. Ajoutez la facilit\u00e9 et quelques cadeaux et r\u00e9ductions, obtenir un cr\u00e9dit, un d\u00e9bit et des cartes de cr\u00e9dit pr\u00e9pay\u00e9es en Tanzanie n&#039;est pas un obstacle. Voici ce qu&#039;il faut savoir sur la fa\u00e7on de demander des cartes de cr\u00e9dit en Tanzanie.<\/p>\n<h2>Comment obtenir une carte de cr\u00e9dit en Tanzanie FAQ en ligne<\/h2>\n<h3>Les cartes de cr\u00e9dit en Tanzanie sont assorties d&#039;une protection des achats<\/h3>\n<p>La protection des consommateurs est un gros avantage de nombreuses cartes de cr\u00e9dit en Tanzanie. Si vous achetez un article avec une carte de cr\u00e9dit aupr\u00e8s de banques tanzaniennes et que vous d\u00e9couvrez plus tard qu&#039;il est endommag\u00e9 ou que la norme est mauvaise, vous pouvez retourner l&#039;article et faire supprimer les frais.<\/p>\n<p>Carte de cr\u00e9dit Visa Tanzanie peut fournir des garanties prolong\u00e9es sur les meubles, les appareils \u00e9lectroniques et d&#039;autres articles que vous esp\u00e9rez utiliser pendant une longue p\u00e9riode. Dans de nombreux cas, la carte double la dur\u00e9e de la garantie du producteur. Assurez-vous de conserver vos re\u00e7us.<\/p>\n<h3>S\u00e9curit\u00e9 des cartes de cr\u00e9dit en Tanzanie<\/h3>\n<p>L&#039;un des plus grands avantages des cartes de cr\u00e9dit tanzaniennes par rapport aux cartes de d\u00e9bit est le niveau de protection contre la fraude qu&#039;elles offrent. Supposons que votre carte de cr\u00e9dit est vol\u00e9e ou que quelqu&#039;un trouve les informations de votre carte en ligne. M\u00eame si le voleur commence \u00e0 faire des achats sur votre carte tout de suite, vous ne perdriez pas beaucoup d&#039;argent car les frais de carte de cr\u00e9dit ne sont pas retir\u00e9s rapidement.<\/p>\n<p>Une fois que vous avez inform\u00e9 la soci\u00e9t\u00e9 de carte de cr\u00e9dit du vol, elle mettra votre carte en attente et v\u00e9rifiera. Vous n&#039;\u00eates pas responsable des faux achats effectu\u00e9s entre-temps. Les protections de la loi f\u00e9d\u00e9rale pour les cartes de cr\u00e9dit tanzaniennes vous emp\u00eachent de perdre beaucoup d&#039;argent.<\/p>\n<h3>Ils sont internationalement accept\u00e9s<\/h3>\n<p>En parlant de voyage, votre carte de cr\u00e9dit tanzanienne est votre meilleure amie lorsque vous voyagez. Les logements et les voitures de location sont tr\u00e8s simples \u00e0 r\u00e9server avec une carte de cr\u00e9dit. Les services de location placent g\u00e9n\u00e9ralement une retenue de quelques 100 dollars sur votre carte lorsque vous effectuez ces locations.<\/p>\n<p>Les cartes de cr\u00e9dit en Tanzanie sont \u00e9galement plus volontiers accept\u00e9es que les cartes de d\u00e9bit dans le monde entier. Si vous voyagez dans un pays \u00e9tranger, pr\u00e9voyez d&#039;utiliser les taux de change les plus bas sur votre carte de cr\u00e9dit au lieu de payer des taux de change \u00e9lev\u00e9s pour les esp\u00e8ces dans les a\u00e9roports.<\/p>\n<h3>Ils construisent des ant\u00e9c\u00e9dents de cr\u00e9dit<\/h3>\n<p>Les cotes de cr\u00e9dit, tir\u00e9es du dossier de votre activit\u00e9 mon\u00e9taire, sont essentielles si vous envisagez d&#039;emprunter de l&#039;argent. Ces sources proviennent notamment de l&#039;historique de vos cartes de cr\u00e9dit tanzaniennes \u00e0 l&#039;\u00e9tranger.<\/p>\n<p>Un historique de paiement d&#039;une carte de cr\u00e9dit dans le solde des banques tanzaniennes \u00e0 temps vous aide \u00e0 marquer \u00e9norm\u00e9ment. Et plus longtemps vous utiliserez les cartes de cr\u00e9dit, plus vous construirez votre historique de cr\u00e9dit, et am\u00e9liorerez encore plus votre score.<\/p>\n<h3>Ils offrent des programmes de r\u00e9compense<\/h3>\n<p>Il existe presque autant de programmes de r\u00e9compenses que de cartes. L&#039;id\u00e9e est de trouver un programme de r\u00e9compenses qui correspond aux habitudes de d\u00e9penses que vous avez d\u00e9j\u00e0, ou de vous associer \u00e0 un d\u00e9taillant que vous aimez d\u00e9j\u00e0.<\/p>\n<h4>Les programmes de r\u00e9compense peuvent contenir, mais ne sont pas limit\u00e9s \u00e0\u00a0:<\/h4>\n<p>Syst\u00e8mes de points. Vous obtenez des points en fonction de vos d\u00e9penses et vous les \u00e9changez contre des cartes-cadeaux ou d&#039;autres r\u00e9compenses.<\/p>\n<p>R\u00e9compense de cartes Flyer. Vous accumulez des miles a\u00e9riens \u00e0 chaque fois que vous voyagez, que vous pouvez utiliser pour des r\u00e9ductions sur de futurs <a href=\"https:\/\/tiketi.com\/fr-fr\/cheap-flights-to-tanzania\/\" target=\"_blank\" rel=\"noopener\">vols<\/a>. Ces cartes de cr\u00e9dit en Tanzanie peuvent offrir des bonus de miles d&#039;inscription lucratifs.<\/p>\n<p>R\u00e9compenses dans les cat\u00e9gories de d\u00e9penses courantes comme l&#039;\u00e9picerie, les repas au restaurant, les voyages ou l&#039;essence. Ce type de carte de cr\u00e9dit visa Tanzanie peut \u00eatre le meilleur pour les utilisateurs qui ne voyagent pas beaucoup mais qui veulent quand m\u00eame tirer le meilleur parti de leur carte.<\/p>\n<h2>Comment obtenir une carte de cr\u00e9dit en Tanzanie conseils en ligne<\/h2>\n<h3>Accumulation de cartes de cr\u00e9dit en Tanzanie<\/h3>\n<p>Si vous \u00eates un utilisateur responsable et payez vos factures \u00e0 temps, vous aurez tr\u00e8s probablement un meilleur historique de cr\u00e9dit. Cela vous aidera lors de votre demande de pr\u00eat. La banque donne la priorit\u00e9 aux personnes ayant les meilleurs ant\u00e9c\u00e9dents de cr\u00e9dit. Ils leur offrent \u00e9galement des taux d&#039;int\u00e9r\u00eat plus bas parce qu&#039;ils consid\u00e8rent ces personnes comme moins dangereuses pour la banque.<\/p>","protected":false},"excerpt":{"rendered":"<p>Ad:\u00a0 Best Tanzania Credit Cards &#8211;\u00a0Credit, Debit, and Prepaid Cards Enjoy the freedom to do what you want to do &#8211; get a virtual Tanzania credit card online now. Here is how to get a credit card in Tanzania online.\u00a0Tanzania credit cards permit users to shop now and pay later. For those who know how [&hellip;]<\/p>\n","protected":false},"author":1,"featured_media":19588,"parent":0,"menu_order":0,"comment_status":"open","ping_status":"closed","template":"template-home-modern.php","meta":{"footnotes":""},"class_list":["post-11226","page","type-page","status-publish","has-post-thumbnail","hentry"],"yoast_head":"<!-- This site is optimized with the Yoast SEO plugin v27.3 - https:\/\/yoast.com\/product\/yoast-seo-wordpress\/ -->\n<title>How to get a credit card in Tanzania online - Best credit cards<\/title>\n<meta name=\"description\" content=\"Are you looking for credit, debit, and prepaid credit cards in Tanzania? Here is how to get a credit card in Tanzania online\" \/>\n<meta name=\"robots\" content=\"index, follow, max-snippet:-1, max-image-preview:large, max-video-preview:-1\" \/>\n<link rel=\"canonical\" href=\"https:\/\/tiketi.com\/fr-fr\/jinsi-ya-kupata-kadi-ya-mkopo-tanzania-na-matumizi\/\" \/>\n<meta property=\"og:locale\" content=\"fr_FR\" \/>\n<meta property=\"og:type\" content=\"article\" \/>\n<meta property=\"og:title\" content=\"How to get a credit card in Tanzania online - Best credit cards\" \/>\n<meta property=\"og:description\" content=\"Are you looking for credit, debit, and prepaid credit cards in Tanzania? Here is how to get a credit card in Tanzania online\" \/>\n<meta property=\"og:url\" content=\"https:\/\/tiketi.com\/fr-fr\/jinsi-ya-kupata-kadi-ya-mkopo-tanzania-na-matumizi\/\" \/>\n<meta property=\"og:site_name\" content=\"Tiketi.com\" \/>\n<meta property=\"article:publisher\" content=\"https:\/\/www.facebook.com\/TiketiCom\/\" \/>\n<meta property=\"article:modified_time\" content=\"2022-09-23T10:17:15+00:00\" \/>\n<meta property=\"og:image\" content=\"https:\/\/tiketi.com\/wp-content\/uploads\/2019\/05\/credit-card-6406010_1280.jpg\" \/>\n\t<meta property=\"og:image:width\" content=\"1200\" \/>\n\t<meta property=\"og:image:height\" content=\"200\" \/>\n\t<meta property=\"og:image:type\" content=\"image\/jpeg\" \/>\n<meta name=\"twitter:card\" content=\"summary_large_image\" \/>\n<meta name=\"twitter:label1\" content=\"Dur\u00e9e de lecture estim\u00e9e\" \/>\n\t<meta name=\"twitter:data1\" content=\"4 minutes\" \/>\n<script type=\"application\/ld+json\" class=\"yoast-schema-graph\">{\"@context\":\"https:\\\/\\\/schema.org\",\"@graph\":[{\"@type\":\"WebPage\",\"@id\":\"https:\\\/\\\/tiketi.com\\\/sw\\\/jinsi-ya-kupata-kadi-ya-mkopo-tanzania-na-matumizi\\\/\",\"url\":\"https:\\\/\\\/tiketi.com\\\/sw\\\/jinsi-ya-kupata-kadi-ya-mkopo-tanzania-na-matumizi\\\/\",\"name\":\"How to get a credit card in Tanzania online - Best credit cards\",\"isPartOf\":{\"@id\":\"https:\\\/\\\/tiketi.com\\\/#website\"},\"primaryImageOfPage\":{\"@id\":\"https:\\\/\\\/tiketi.com\\\/sw\\\/jinsi-ya-kupata-kadi-ya-mkopo-tanzania-na-matumizi\\\/#primaryimage\"},\"image\":{\"@id\":\"https:\\\/\\\/tiketi.com\\\/sw\\\/jinsi-ya-kupata-kadi-ya-mkopo-tanzania-na-matumizi\\\/#primaryimage\"},\"thumbnailUrl\":\"https:\\\/\\\/tiketi.com\\\/wp-content\\\/uploads\\\/2019\\\/05\\\/credit-card-6406010_1280.jpg\",\"datePublished\":\"2022-01-19T11:54:22+00:00\",\"dateModified\":\"2022-09-23T10:17:15+00:00\",\"description\":\"Are you looking for credit, debit, and prepaid credit cards in Tanzania? Here is how to get a credit card in Tanzania online\",\"breadcrumb\":{\"@id\":\"https:\\\/\\\/tiketi.com\\\/sw\\\/jinsi-ya-kupata-kadi-ya-mkopo-tanzania-na-matumizi\\\/#breadcrumb\"},\"inLanguage\":\"fr-FR\",\"potentialAction\":[{\"@type\":\"ReadAction\",\"target\":[\"https:\\\/\\\/tiketi.com\\\/sw\\\/jinsi-ya-kupata-kadi-ya-mkopo-tanzania-na-matumizi\\\/\"]}]},{\"@type\":\"ImageObject\",\"inLanguage\":\"fr-FR\",\"@id\":\"https:\\\/\\\/tiketi.com\\\/sw\\\/jinsi-ya-kupata-kadi-ya-mkopo-tanzania-na-matumizi\\\/#primaryimage\",\"url\":\"https:\\\/\\\/tiketi.com\\\/wp-content\\\/uploads\\\/2019\\\/05\\\/credit-card-6406010_1280.jpg\",\"contentUrl\":\"https:\\\/\\\/tiketi.com\\\/wp-content\\\/uploads\\\/2019\\\/05\\\/credit-card-6406010_1280.jpg\",\"width\":1200,\"height\":200,\"caption\":\"How to get a credit card in\"},{\"@type\":\"BreadcrumbList\",\"@id\":\"https:\\\/\\\/tiketi.com\\\/sw\\\/jinsi-ya-kupata-kadi-ya-mkopo-tanzania-na-matumizi\\\/#breadcrumb\",\"itemListElement\":[{\"@type\":\"ListItem\",\"position\":1,\"name\":\"Home\",\"item\":\"https:\\\/\\\/tiketi.com\\\/\"},{\"@type\":\"ListItem\",\"position\":2,\"name\":\"How to get a credit card in Tanzania online &#8211; Best credit cards\"}]},{\"@type\":\"WebSite\",\"@id\":\"https:\\\/\\\/tiketi.com\\\/#website\",\"url\":\"https:\\\/\\\/tiketi.com\\\/\",\"name\":\"Flight & Bus Tickets, Tour Packages & Activitites - Tiketi.com\",\"description\":\"Flight &amp; Bus Tickets, Tours, Activitites\",\"publisher\":{\"@id\":\"https:\\\/\\\/tiketi.com\\\/#organization\"},\"potentialAction\":[{\"@type\":\"SearchAction\",\"target\":{\"@type\":\"EntryPoint\",\"urlTemplate\":\"https:\\\/\\\/tiketi.com\\\/?s={search_term_string}\"},\"query-input\":{\"@type\":\"PropertyValueSpecification\",\"valueRequired\":true,\"valueName\":\"search_term_string\"}}],\"inLanguage\":\"fr-FR\"},{\"@type\":\"Organization\",\"@id\":\"https:\\\/\\\/tiketi.com\\\/#organization\",\"name\":\"Tiketi.com\",\"alternateName\":\"Tiketi\",\"url\":\"https:\\\/\\\/tiketi.com\\\/\",\"logo\":{\"@type\":\"ImageObject\",\"inLanguage\":\"fr-FR\",\"@id\":\"https:\\\/\\\/tiketi.com\\\/#\\\/schema\\\/logo\\\/image\\\/\",\"url\":\"https:\\\/\\\/tiketi.com\\\/wp-content\\\/uploads\\\/2019\\\/05\\\/tiketi-logo-696.png\",\"contentUrl\":\"https:\\\/\\\/tiketi.com\\\/wp-content\\\/uploads\\\/2019\\\/05\\\/tiketi-logo-696.png\",\"width\":696,\"height\":696,\"caption\":\"Tiketi.com\"},\"image\":{\"@id\":\"https:\\\/\\\/tiketi.com\\\/#\\\/schema\\\/logo\\\/image\\\/\"},\"sameAs\":[\"https:\\\/\\\/www.facebook.com\\\/TiketiCom\\\/\"]}]}<\/script>\n<!-- \/ Yoast SEO plugin. -->","yoast_head_json":{"title":"Comment obtenir une carte de cr\u00e9dit en Tanzanie en ligne - Meilleures cartes de cr\u00e9dit","description":"\u00cates-vous \u00e0 la recherche de cartes de cr\u00e9dit, de d\u00e9bit et de cr\u00e9dit pr\u00e9pay\u00e9es en Tanzanie\u00a0? Voici comment obtenir une carte de cr\u00e9dit en Tanzanie en ligne","robots":{"index":"index","follow":"follow","max-snippet":"max-snippet:-1","max-image-preview":"max-image-preview:large","max-video-preview":"max-video-preview:-1"},"canonical":"https:\/\/tiketi.com\/fr-fr\/jinsi-ya-kupata-kadi-ya-mkopo-tanzania-na-matumizi\/","og_locale":"fr_FR","og_type":"article","og_title":"How to get a credit card in Tanzania online - Best credit cards","og_description":"Are you looking for credit, debit, and prepaid credit cards in Tanzania? Here is how to get a credit card in Tanzania online","og_url":"https:\/\/tiketi.com\/fr-fr\/jinsi-ya-kupata-kadi-ya-mkopo-tanzania-na-matumizi\/","og_site_name":"Tiketi.com","article_publisher":"https:\/\/www.facebook.com\/TiketiCom\/","article_modified_time":"2022-09-23T10:17:15+00:00","og_image":[{"width":1200,"height":200,"url":"https:\/\/tiketi.com\/wp-content\/uploads\/2019\/05\/credit-card-6406010_1280.jpg","type":"image\/jpeg"}],"twitter_card":"summary_large_image","twitter_misc":{"Dur\u00e9e de lecture estim\u00e9e":"4 minutes"},"schema":{"@context":"https:\/\/schema.org","@graph":[{"@type":"WebPage","@id":"https:\/\/tiketi.com\/sw\/jinsi-ya-kupata-kadi-ya-mkopo-tanzania-na-matumizi\/","url":"https:\/\/tiketi.com\/sw\/jinsi-ya-kupata-kadi-ya-mkopo-tanzania-na-matumizi\/","name":"Comment obtenir une carte de cr\u00e9dit en Tanzanie en ligne - Meilleures cartes de cr\u00e9dit","isPartOf":{"@id":"https:\/\/tiketi.com\/#website"},"primaryImageOfPage":{"@id":"https:\/\/tiketi.com\/sw\/jinsi-ya-kupata-kadi-ya-mkopo-tanzania-na-matumizi\/#primaryimage"},"image":{"@id":"https:\/\/tiketi.com\/sw\/jinsi-ya-kupata-kadi-ya-mkopo-tanzania-na-matumizi\/#primaryimage"},"thumbnailUrl":"https:\/\/tiketi.com\/wp-content\/uploads\/2019\/05\/credit-card-6406010_1280.jpg","datePublished":"2022-01-19T11:54:22+00:00","dateModified":"2022-09-23T10:17:15+00:00","description":"\u00cates-vous \u00e0 la recherche de cartes de cr\u00e9dit, de d\u00e9bit et de cr\u00e9dit pr\u00e9pay\u00e9es en Tanzanie\u00a0? Voici comment obtenir une carte de cr\u00e9dit en Tanzanie en ligne","breadcrumb":{"@id":"https:\/\/tiketi.com\/sw\/jinsi-ya-kupata-kadi-ya-mkopo-tanzania-na-matumizi\/#breadcrumb"},"inLanguage":"fr-FR","potentialAction":[{"@type":"ReadAction","target":["https:\/\/tiketi.com\/sw\/jinsi-ya-kupata-kadi-ya-mkopo-tanzania-na-matumizi\/"]}]},{"@type":"ImageObject","inLanguage":"fr-FR","@id":"https:\/\/tiketi.com\/sw\/jinsi-ya-kupata-kadi-ya-mkopo-tanzania-na-matumizi\/#primaryimage","url":"https:\/\/tiketi.com\/wp-content\/uploads\/2019\/05\/credit-card-6406010_1280.jpg","contentUrl":"https:\/\/tiketi.com\/wp-content\/uploads\/2019\/05\/credit-card-6406010_1280.jpg","width":1200,"height":200,"caption":"How to get a credit card in"},{"@type":"BreadcrumbList","@id":"https:\/\/tiketi.com\/sw\/jinsi-ya-kupata-kadi-ya-mkopo-tanzania-na-matumizi\/#breadcrumb","itemListElement":[{"@type":"ListItem","position":1,"name":"Home","item":"https:\/\/tiketi.com\/"},{"@type":"ListItem","position":2,"name":"How to get a credit card in Tanzania online &#8211; Best credit cards"}]},{"@type":"WebSite","@id":"https:\/\/tiketi.com\/#website","url":"https:\/\/tiketi.com\/","name":"Billets d&#039;avion et de bus, forfaits touristiques et activit\u00e9s - Tiketi.com","description":"Billets d&#039;avion et de bus, Tours, Activit\u00e9s","publisher":{"@id":"https:\/\/tiketi.com\/#organization"},"potentialAction":[{"@type":"SearchAction","target":{"@type":"EntryPoint","urlTemplate":"https:\/\/tiketi.com\/?s={search_term_string}"},"query-input":{"@type":"PropertyValueSpecification","valueRequired":true,"valueName":"search_term_string"}}],"inLanguage":"fr-FR"},{"@type":"Organization","@id":"https:\/\/tiketi.com\/#organization","name":"Tiketi.com","alternateName":"Tiketi","url":"https:\/\/tiketi.com\/","logo":{"@type":"ImageObject","inLanguage":"fr-FR","@id":"https:\/\/tiketi.com\/#\/schema\/logo\/image\/","url":"https:\/\/tiketi.com\/wp-content\/uploads\/2019\/05\/tiketi-logo-696.png","contentUrl":"https:\/\/tiketi.com\/wp-content\/uploads\/2019\/05\/tiketi-logo-696.png","width":696,"height":696,"caption":"Tiketi.com"},"image":{"@id":"https:\/\/tiketi.com\/#\/schema\/logo\/image\/"},"sameAs":["https:\/\/www.facebook.com\/TiketiCom\/"]}]}},"_links":{"self":[{"href":"https:\/\/tiketi.com\/fr-fr\/wp-json\/wp\/v2\/pages\/11226","targetHints":{"allow":["GET"]}}],"collection":[{"href":"https:\/\/tiketi.com\/fr-fr\/wp-json\/wp\/v2\/pages"}],"about":[{"href":"https:\/\/tiketi.com\/fr-fr\/wp-json\/wp\/v2\/types\/page"}],"author":[{"embeddable":true,"href":"https:\/\/tiketi.com\/fr-fr\/wp-json\/wp\/v2\/users\/1"}],"replies":[{"embeddable":true,"href":"https:\/\/tiketi.com\/fr-fr\/wp-json\/wp\/v2\/comments?post=11226"}],"version-history":[{"count":0,"href":"https:\/\/tiketi.com\/fr-fr\/wp-json\/wp\/v2\/pages\/11226\/revisions"}],"wp:featuredmedia":[{"embeddable":true,"href":"https:\/\/tiketi.com\/fr-fr\/wp-json\/wp\/v2\/media\/19588"}],"wp:attachment":[{"href":"https:\/\/tiketi.com\/fr-fr\/wp-json\/wp\/v2\/media?parent=11226"}],"curies":[{"name":"wp","href":"https:\/\/api.w.org\/{rel}","templated":true}]}}