{"id":11228,"date":"2022-01-19T12:54:22","date_gmt":"2022-01-19T11:54:22","guid":{"rendered":"https:\/\/new.tiketi.com\/travel-health-insurance-zambia\/"},"modified":"2022-02-22T17:48:36","modified_gmt":"2022-02-22T16:48:36","slug":"travel-health-insurance-zambia","status":"publish","type":"page","link":"https:\/\/tiketi.com\/fr-fr\/travel-health-insurance-zambia\/","title":{"rendered":"Assurance sant\u00e9 voyage en Zambie"},"content":{"rendered":"<h2>Assurance m\u00e9dicale de voyage bon march\u00e9 en Zambie<\/h2>\n<h3>Comparez les prix et r\u00e9servez en ligne une assurance voyage sant\u00e9 pas ch\u00e8re en Zambie. <a href=\"https:\/\/tiketi.com\/fr-fr\/contact-us\/\">\u00e0 pr\u00e9sent<\/a>.<\/h3>\n<p>L&#039;assurance maladie voyage en Zambie est simplifi\u00e9e. Le pays offre un acc\u00e8s complet aux ressortissants zambiens, mais la plupart des \u00e9tablissements m\u00e9dicaux sont assez rudimentaires pour un pays europ\u00e9en. La plupart des patients disposant de ressources financi\u00e8res se rendent en Afrique du Sud pour se faire soigner. On trouve d&#039;excellents \u00e9tablissements priv\u00e9s dans les grands centres d&#039;expatriation en Zambie, mais la plupart des expatri\u00e9s demandent des soins m\u00e9dicaux de qualit\u00e9 pour des maladies ou des blessures graves hors de Zambie. Une assurance maladie voyage pour la Zambie est donc indispensable si vous pr\u00e9voyez de r\u00e9sider ou de voyager en Zambie. Les frais m\u00e9dicaux pour les visiteurs en Zambie sont plus \u00e9lev\u00e9s que pour les citoyens zambiens. Souscrivez une assurance maladie voyage pour la Zambie en ligne et gagnez du temps et de l&#039;argent.<\/p>\n<h2>FAQ sur l&#039;assurance voyage en Zambie<\/h2>\n<h2>Vaccinations et sant\u00e9<\/h2>\n<p>Avant de voyager en Zambie, assurez-vous que vos vaccins et rappels sont \u00e0 jour. Pour obtenir des informations g\u00e9n\u00e9rales sur les probl\u00e8mes de sant\u00e9 actuels et les risques, consultez un expert en assurance voyage en Zambie au moins six semaines avant votre d\u00e9part.<\/p>\n<h2>PIB de la Zambie consacr\u00e9 aux soins de sant\u00e9<\/h2>\n<p>Bien que la Zambie dispose d&#039;un syst\u00e8me de sant\u00e9 public g\u00e9n\u00e9ral, la plupart des Zambiens ais\u00e9s et des nouveaux arrivants ont recours au syst\u00e8me priv\u00e9. Avec une grande partie de la communaut\u00e9 internationale et des entreprises bas\u00e9es autour de Lusaka, c&#039;est l\u00e0 que se trouvent les meilleurs h\u00f4pitaux priv\u00e9s. Ceux qui s&#039;installent dans les quartiers miniers peuvent trouver des installations m\u00e9dicales sur place, offertes par leur employeur. Le pays dans son ensemble consacre 5 % de son PIB aux soins de sant\u00e9.<\/p>\n<h2>Conseils de voyage et assurance m\u00e9dicale de voyage en Zambie<\/h2>\n<p>Si vous pr\u00e9voyez de visiter la Zambie, il est fortement recommand\u00e9 de souscrire une assurance maladie zambienne si vous ne disposez pas d\u00e9j\u00e0 d&#039;une assurance maladie internationale valide. Cela vous permettra d&#039;\u00eatre couvert en cas d&#039;urgence m\u00e9dicale dans le pays.<\/p>\n<p>Avant de partir en voyage, renseignez-vous aupr\u00e8s de votre assureur voyage sur le fonctionnement de sa proc\u00e9dure de remboursement. Il peut prendre en charge les frais de sant\u00e9 \u00e0 l&#039;avance ou vous demander de payer les frais principaux et de demander un remboursement ult\u00e9rieurement. Familiarisez-vous avec les documents n\u00e9cessaires aux services d&#039;urgence et hospitaliers et, si vous \u00eates cens\u00e9 payer les frais principaux, munissez-vous d&#039;une carte de cr\u00e9dit suffisamment approvisionn\u00e9e.<\/p>\n<h2>Points importants concernant l&#039;assurance m\u00e9dicale de voyage en Zambie<\/h2>\n<p>\u2022 Police d\u2019assurance voyage sant\u00e9 Zambie qui couvre les frais m\u00e9dicaux en cas de maladie ou d\u2019accident inattendu et soudain lors d\u2019un voyage en dehors de la Zambie.<br \/>\nL&#039;assurance m\u00e9dicale voyage en Zambie comporte des franchises et des plafonds. Le plafond correspond au montant maximal que les assureurs prendront en charge en cas de sinistre, et la franchise constitue le montant principal de chaque sinistre que l&#039;assur\u00e9 devra payer.<\/p>","protected":false},"excerpt":{"rendered":"<p>Cheap Travel Medical Insurance Zambia Compare prices and book cheap travel health insurance Zambia online now. Travel health insurance in Zambia made easy. The country has complete access for local nationals in Zambia, but the most of the medical facilities are pretty basic from a European perspective. Most patients who have financial resources will travel [&hellip;]<\/p>\n","protected":false},"author":1,"featured_media":21485,"parent":0,"menu_order":0,"comment_status":"open","ping_status":"closed","template":"template-home-modern.php","meta":{"footnotes":""},"class_list":["post-11228","page","type-page","status-publish","has-post-thumbnail","hentry"],"yoast_head":"<!-- This site is optimized with the Yoast SEO plugin v27.3 - https:\/\/yoast.com\/product\/yoast-seo-wordpress\/ -->\n<title>Travel Health Insurance in Zambia<\/title>\n<meta name=\"description\" content=\"Looking for travel health insurance in Zambia? Compare prices and book medical insurance for travel to Zambia online now\" \/>\n<meta name=\"robots\" content=\"index, follow, max-snippet:-1, max-image-preview:large, max-video-preview:-1\" \/>\n<link rel=\"canonical\" href=\"https:\/\/tiketi.com\/fr-fr\/travel-health-insurance-zambia\/\" \/>\n<meta property=\"og:locale\" content=\"fr_FR\" \/>\n<meta property=\"og:type\" content=\"article\" \/>\n<meta property=\"og:title\" content=\"Travel Health Insurance in Zambia\" \/>\n<meta property=\"og:description\" content=\"Looking for travel health insurance in Zambia? Compare prices and book medical insurance for travel to Zambia online now\" \/>\n<meta property=\"og:url\" content=\"https:\/\/tiketi.com\/fr-fr\/travel-health-insurance-zambia\/\" \/>\n<meta property=\"og:site_name\" content=\"Tiketi.com\" \/>\n<meta property=\"article:publisher\" content=\"https:\/\/www.facebook.com\/TiketiCom\/\" \/>\n<meta property=\"article:modified_time\" content=\"2022-02-22T16:48:36+00:00\" \/>\n<meta property=\"og:image\" content=\"https:\/\/tiketi.com\/wp-content\/uploads\/2019\/05\/health-insurance-protection-1.jpg\" \/>\n\t<meta property=\"og:image:width\" content=\"1200\" \/>\n\t<meta property=\"og:image:height\" content=\"200\" \/>\n\t<meta property=\"og:image:type\" content=\"image\/jpeg\" \/>\n<meta name=\"twitter:card\" content=\"summary_large_image\" \/>\n<meta name=\"twitter:label1\" content=\"Dur\u00e9e de lecture estim\u00e9e\" \/>\n\t<meta name=\"twitter:data1\" content=\"2 minutes\" \/>\n<script type=\"application\/ld+json\" class=\"yoast-schema-graph\">{\"@context\":\"https:\\\/\\\/schema.org\",\"@graph\":[{\"@type\":\"WebPage\",\"@id\":\"https:\\\/\\\/tiketi.com\\\/travel-health-insurance-zambia\\\/\",\"url\":\"https:\\\/\\\/tiketi.com\\\/travel-health-insurance-zambia\\\/\",\"name\":\"Travel Health Insurance in Zambia\",\"isPartOf\":{\"@id\":\"https:\\\/\\\/tiketi.com\\\/#website\"},\"primaryImageOfPage\":{\"@id\":\"https:\\\/\\\/tiketi.com\\\/travel-health-insurance-zambia\\\/#primaryimage\"},\"image\":{\"@id\":\"https:\\\/\\\/tiketi.com\\\/travel-health-insurance-zambia\\\/#primaryimage\"},\"thumbnailUrl\":\"https:\\\/\\\/tiketi.com\\\/wp-content\\\/uploads\\\/2019\\\/05\\\/health-insurance-protection-1.jpg\",\"datePublished\":\"2022-01-19T11:54:22+00:00\",\"dateModified\":\"2022-02-22T16:48:36+00:00\",\"description\":\"Looking for travel health insurance in Zambia? Compare prices and book medical insurance for travel to Zambia online now\",\"breadcrumb\":{\"@id\":\"https:\\\/\\\/tiketi.com\\\/travel-health-insurance-zambia\\\/#breadcrumb\"},\"inLanguage\":\"fr-FR\",\"potentialAction\":[{\"@type\":\"ReadAction\",\"target\":[\"https:\\\/\\\/tiketi.com\\\/travel-health-insurance-zambia\\\/\"]}]},{\"@type\":\"ImageObject\",\"inLanguage\":\"fr-FR\",\"@id\":\"https:\\\/\\\/tiketi.com\\\/travel-health-insurance-zambia\\\/#primaryimage\",\"url\":\"https:\\\/\\\/tiketi.com\\\/wp-content\\\/uploads\\\/2019\\\/05\\\/health-insurance-protection-1.jpg\",\"contentUrl\":\"https:\\\/\\\/tiketi.com\\\/wp-content\\\/uploads\\\/2019\\\/05\\\/health-insurance-protection-1.jpg\",\"width\":1200,\"height\":200,\"caption\":\"Health Insurance Protection\"},{\"@type\":\"BreadcrumbList\",\"@id\":\"https:\\\/\\\/tiketi.com\\\/travel-health-insurance-zambia\\\/#breadcrumb\",\"itemListElement\":[{\"@type\":\"ListItem\",\"position\":1,\"name\":\"Home\",\"item\":\"https:\\\/\\\/tiketi.com\\\/\"},{\"@type\":\"ListItem\",\"position\":2,\"name\":\"Travel Health Insurance in Zambia\"}]},{\"@type\":\"WebSite\",\"@id\":\"https:\\\/\\\/tiketi.com\\\/#website\",\"url\":\"https:\\\/\\\/tiketi.com\\\/\",\"name\":\"Flight & Bus Tickets, Tour Packages & Activitites - Tiketi.com\",\"description\":\"Flight &amp; Bus Tickets, Tours, Activitites\",\"publisher\":{\"@id\":\"https:\\\/\\\/tiketi.com\\\/#organization\"},\"potentialAction\":[{\"@type\":\"SearchAction\",\"target\":{\"@type\":\"EntryPoint\",\"urlTemplate\":\"https:\\\/\\\/tiketi.com\\\/?s={search_term_string}\"},\"query-input\":{\"@type\":\"PropertyValueSpecification\",\"valueRequired\":true,\"valueName\":\"search_term_string\"}}],\"inLanguage\":\"fr-FR\"},{\"@type\":\"Organization\",\"@id\":\"https:\\\/\\\/tiketi.com\\\/#organization\",\"name\":\"Tiketi.com\",\"alternateName\":\"Tiketi\",\"url\":\"https:\\\/\\\/tiketi.com\\\/\",\"logo\":{\"@type\":\"ImageObject\",\"inLanguage\":\"fr-FR\",\"@id\":\"https:\\\/\\\/tiketi.com\\\/#\\\/schema\\\/logo\\\/image\\\/\",\"url\":\"https:\\\/\\\/tiketi.com\\\/wp-content\\\/uploads\\\/2019\\\/05\\\/tiketi-logo-696.png\",\"contentUrl\":\"https:\\\/\\\/tiketi.com\\\/wp-content\\\/uploads\\\/2019\\\/05\\\/tiketi-logo-696.png\",\"width\":696,\"height\":696,\"caption\":\"Tiketi.com\"},\"image\":{\"@id\":\"https:\\\/\\\/tiketi.com\\\/#\\\/schema\\\/logo\\\/image\\\/\"},\"sameAs\":[\"https:\\\/\\\/www.facebook.com\\\/TiketiCom\\\/\"]}]}<\/script>\n<!-- \/ Yoast SEO plugin. -->","yoast_head_json":{"title":"Assurance sant\u00e9 voyage en Zambie","description":"Vous cherchez une assurance voyage sant\u00e9 en Zambie\u00a0? Comparez les prix et r\u00e9servez votre assurance voyage en Zambie en ligne d\u00e8s maintenant.","robots":{"index":"index","follow":"follow","max-snippet":"max-snippet:-1","max-image-preview":"max-image-preview:large","max-video-preview":"max-video-preview:-1"},"canonical":"https:\/\/tiketi.com\/fr-fr\/travel-health-insurance-zambia\/","og_locale":"fr_FR","og_type":"article","og_title":"Travel Health Insurance in Zambia","og_description":"Looking for travel health insurance in Zambia? Compare prices and book medical insurance for travel to Zambia online now","og_url":"https:\/\/tiketi.com\/fr-fr\/travel-health-insurance-zambia\/","og_site_name":"Tiketi.com","article_publisher":"https:\/\/www.facebook.com\/TiketiCom\/","article_modified_time":"2022-02-22T16:48:36+00:00","og_image":[{"width":1200,"height":200,"url":"https:\/\/tiketi.com\/wp-content\/uploads\/2019\/05\/health-insurance-protection-1.jpg","type":"image\/jpeg"}],"twitter_card":"summary_large_image","twitter_misc":{"Dur\u00e9e de lecture estim\u00e9e":"2 minutes"},"schema":{"@context":"https:\/\/schema.org","@graph":[{"@type":"WebPage","@id":"https:\/\/tiketi.com\/travel-health-insurance-zambia\/","url":"https:\/\/tiketi.com\/travel-health-insurance-zambia\/","name":"Assurance sant\u00e9 voyage en Zambie","isPartOf":{"@id":"https:\/\/tiketi.com\/#website"},"primaryImageOfPage":{"@id":"https:\/\/tiketi.com\/travel-health-insurance-zambia\/#primaryimage"},"image":{"@id":"https:\/\/tiketi.com\/travel-health-insurance-zambia\/#primaryimage"},"thumbnailUrl":"https:\/\/tiketi.com\/wp-content\/uploads\/2019\/05\/health-insurance-protection-1.jpg","datePublished":"2022-01-19T11:54:22+00:00","dateModified":"2022-02-22T16:48:36+00:00","description":"Vous cherchez une assurance voyage sant\u00e9 en Zambie\u00a0? Comparez les prix et r\u00e9servez votre assurance voyage en Zambie en ligne d\u00e8s maintenant.","breadcrumb":{"@id":"https:\/\/tiketi.com\/travel-health-insurance-zambia\/#breadcrumb"},"inLanguage":"fr-FR","potentialAction":[{"@type":"ReadAction","target":["https:\/\/tiketi.com\/travel-health-insurance-zambia\/"]}]},{"@type":"ImageObject","inLanguage":"fr-FR","@id":"https:\/\/tiketi.com\/travel-health-insurance-zambia\/#primaryimage","url":"https:\/\/tiketi.com\/wp-content\/uploads\/2019\/05\/health-insurance-protection-1.jpg","contentUrl":"https:\/\/tiketi.com\/wp-content\/uploads\/2019\/05\/health-insurance-protection-1.jpg","width":1200,"height":200,"caption":"Health Insurance Protection"},{"@type":"BreadcrumbList","@id":"https:\/\/tiketi.com\/travel-health-insurance-zambia\/#breadcrumb","itemListElement":[{"@type":"ListItem","position":1,"name":"Home","item":"https:\/\/tiketi.com\/"},{"@type":"ListItem","position":2,"name":"Travel Health Insurance in Zambia"}]},{"@type":"WebSite","@id":"https:\/\/tiketi.com\/#website","url":"https:\/\/tiketi.com\/","name":"Billets d&#039;avion et de bus, forfaits touristiques et activit\u00e9s - Tiketi.com","description":"Billets d&#039;avion et de bus, Tours, Activit\u00e9s","publisher":{"@id":"https:\/\/tiketi.com\/#organization"},"potentialAction":[{"@type":"SearchAction","target":{"@type":"EntryPoint","urlTemplate":"https:\/\/tiketi.com\/?s={search_term_string}"},"query-input":{"@type":"PropertyValueSpecification","valueRequired":true,"valueName":"search_term_string"}}],"inLanguage":"fr-FR"},{"@type":"Organization","@id":"https:\/\/tiketi.com\/#organization","name":"Tiketi.com","alternateName":"Tiketi","url":"https:\/\/tiketi.com\/","logo":{"@type":"ImageObject","inLanguage":"fr-FR","@id":"https:\/\/tiketi.com\/#\/schema\/logo\/image\/","url":"https:\/\/tiketi.com\/wp-content\/uploads\/2019\/05\/tiketi-logo-696.png","contentUrl":"https:\/\/tiketi.com\/wp-content\/uploads\/2019\/05\/tiketi-logo-696.png","width":696,"height":696,"caption":"Tiketi.com"},"image":{"@id":"https:\/\/tiketi.com\/#\/schema\/logo\/image\/"},"sameAs":["https:\/\/www.facebook.com\/TiketiCom\/"]}]}},"_links":{"self":[{"href":"https:\/\/tiketi.com\/fr-fr\/wp-json\/wp\/v2\/pages\/11228","targetHints":{"allow":["GET"]}}],"collection":[{"href":"https:\/\/tiketi.com\/fr-fr\/wp-json\/wp\/v2\/pages"}],"about":[{"href":"https:\/\/tiketi.com\/fr-fr\/wp-json\/wp\/v2\/types\/page"}],"author":[{"embeddable":true,"href":"https:\/\/tiketi.com\/fr-fr\/wp-json\/wp\/v2\/users\/1"}],"replies":[{"embeddable":true,"href":"https:\/\/tiketi.com\/fr-fr\/wp-json\/wp\/v2\/comments?post=11228"}],"version-history":[{"count":0,"href":"https:\/\/tiketi.com\/fr-fr\/wp-json\/wp\/v2\/pages\/11228\/revisions"}],"wp:featuredmedia":[{"embeddable":true,"href":"https:\/\/tiketi.com\/fr-fr\/wp-json\/wp\/v2\/media\/21485"}],"wp:attachment":[{"href":"https:\/\/tiketi.com\/fr-fr\/wp-json\/wp\/v2\/media?parent=11228"}],"curies":[{"name":"wp","href":"https:\/\/api.w.org\/{rel}","templated":true}]}}