{"id":11229,"date":"2022-01-19T12:54:24","date_gmt":"2022-01-19T11:54:24","guid":{"rendered":"https:\/\/new.tiketi.com\/travel-health-insurance-uganda\/"},"modified":"2022-02-22T17:44:40","modified_gmt":"2022-02-22T16:44:40","slug":"medical-travel-health-insurance-uganda","status":"publish","type":"page","link":"https:\/\/tiketi.com\/fr-fr\/medical-travel-health-insurance-uganda\/","title":{"rendered":"Assurance sant\u00e9 voyage en Ouganda"},"content":{"rendered":"<h2>Assurance m\u00e9dicale de voyage pas ch\u00e8re en Ouganda<\/h2>\n<h3>Comparez les tarifs et r\u00e9servez en ligne une assurance m\u00e9dicale voyage Ouganda pas ch\u00e8re <a href=\"https:\/\/tiketi.com\/fr-fr\/contact-us\/\">\u00e0 pr\u00e9sent<\/a>.<\/h3>\n<p>L&#039;assurance sant\u00e9 voyage en Ouganda en toute simplicit\u00e9. L&#039;Ouganda est un pays enclav\u00e9 d&#039;Afrique de l&#039;Est. Il est bord\u00e9 par le Soudan du Sud, le Kenya, la R\u00e9publique d\u00e9mocratique du Congo, la Tanzanie et le Rwanda. La capitale, Kampala, se trouve dans le sud du pays et est la plus grande ville d&#039;Ouganda. Lorsque vous voyagez en Ouganda, vous devez toujours avoir sur vous la page de d\u00e9tail de votre passeport personnel, car vous pourriez \u00eatre arr\u00eat\u00e9 et vous demander une pi\u00e8ce d&#039;identit\u00e9 par les autorit\u00e9s. R\u00e9servez en ligne une assurance m\u00e9dicale voyage Ouganda et gagnez du temps et de l&#039;argent.<\/p>\n<h2>Assurance sant\u00e9 voyage en Ouganda<\/h2>\n<p>Il est conseill\u00e9 de consulter votre m\u00e9decin g\u00e9n\u00e9raliste 4 \u00e0 6 mois avant votre voyage en Ouganda, afin de vous assurer que tous les vaccins conseill\u00e9s sont \u00e0 jour dans le cadre de l&#039;assurance maladie en Ouganda. Les installations m\u00e9dicales en Ouganda sont limit\u00e9es et une \u00e9vacuation par voie a\u00e9rienne peut \u00eatre n\u00e9cessaire en cas d&#039;accident ou de maladie grave.<\/p>\n<h2>Nouvelle r\u00e9glementation des assurances en Ouganda<\/h2>\n<p>Insurance Uganda Regulatory Authority \u00e9labore 10 nouvelles r\u00e9glementations conform\u00e9ment \u00e0 la loi sur les assurances de 2017. Cette technique a d\u00e9but\u00e9 en 2019 et se poursuit en 2020 avec des mesures strictes.<\/p>\n<p>Les lois r\u00e9centes visent essentiellement \u00e0 assurer une excellente protection des int\u00e9r\u00eats des assur\u00e9s et \u00e0 introduire de nouveaux besoins prudentiels. Ces derni\u00e8res concernent principalement l&#039;octroi de licences, la micro-assurance, le paiement des primes, l&#039;ad\u00e9quation du capital, la r\u00e9assurance et les applications d&#039;assurance mobile. Les nouvelles lois entreront en vigueur en 2020 pour l&#039;assurance automobile et m\u00e9dicale en Ouganda.<\/p>\n<h2>L&#039;Ouganda est un endroit s\u00fbr pour les ressortissants \u00e9trangers<\/h2>\n<p>Aujourd&#039;hui, une grande partie de l&#039;Ouganda est un endroit s\u00fbr pour les nations \u00e9trang\u00e8res, de toute fa\u00e7on, il a toujours ses dangers potentiels et dangereux, une assurance m\u00e9dicale de voyage sp\u00e9cialis\u00e9e en Ouganda peut \u00eatre n\u00e9cessaire.<\/p>\n<p>Comme dans la plupart des ressortissants africains, l&#039;assurance m\u00e9dicale de voyage en Ouganda est importante. Assurez-vous d&#039;avoir les vaccins n\u00e9cessaires avant votre arriv\u00e9e et prenez des pr\u00e9cautions strictes contre les maladies d&#039;origine hydrique et le paludisme. Une maladie ou une blessure grave n\u00e9cessitera une \u00e9vacuation par ambulance a\u00e9rienne vers un pays disposant des derni\u00e8res installations m\u00e9dicales, alors assurez-vous que votre assurance maladie voyage en Ouganda couvre cela.<\/p>\n<p>Les d\u00e9placements routiers sont fr\u00e9quents et dangereux en raison des installations routi\u00e8res moyennes. Donc, vous devez acheter une assurance maladie de voyage en Ouganda avant de vous rendre en Ouganda.<\/p>\n<h2>Profitez d&#039;un voyage sans souci en Ouganda<\/h2>\n<p>De l&#039;observation des oiseaux et du gibier, aux sports nautiques et \u00e0 la navigation de plaisance, en passant par la randonn\u00e9e \u00e0 travers les cha\u00eenes de montagnes, l&#039;Ouganda offre aux visiteurs des choix vari\u00e9s et aventureux. Quoi qu&#039;il en soit, les gorilles de montagne sont la principale attraction touristique. Avoir la chance de voir ces merveilleuses cr\u00e9atures de pr\u00e8s dans leur habitat naturel est quelque chose que vous ne pouvez pas laisser passer. Si vous avez de la chance, vous aurez peut-\u00eatre aussi la possibilit\u00e9 de voir d&#039;autres animaux sauvages, tels que des \u00e9l\u00e9phants, des lions et des girafes, dans les dix parcs nationaux du pays.<\/p>\n<p>Lorsque vous envisagez de visiter l&#039;Ouganda pour son tourisme d&#039;aventure, son \u00e9cotourisme ou que vous souhaitez d\u00e9couvrir la culture, vous devez vous \u00e9pargner avec une meilleure police d&#039;assurance voyage en Ouganda.<\/p>","protected":false},"excerpt":{"rendered":"<p>Cheap Travel Medical Insurance Uganda Compare prices and book cheap travel medical insurance Uganda online now. Travel health insurance in Uganda made easy. Uganda is a landlocked country in East Africa. It is bordered by South Sudan, Kenya, the Democratic Republic of Congo, Tanzania and Rwanda. The capital city, Kampala, is in the south of [&hellip;]<\/p>\n","protected":false},"author":1,"featured_media":21485,"parent":0,"menu_order":0,"comment_status":"open","ping_status":"closed","template":"template-home-modern.php","meta":{"footnotes":""},"class_list":["post-11229","page","type-page","status-publish","has-post-thumbnail","hentry"],"yoast_head":"<!-- This site is optimized with the Yoast SEO plugin v27.3 - https:\/\/yoast.com\/product\/yoast-seo-wordpress\/ -->\n<title>Travel Health Insurance in Uganda<\/title>\n<meta name=\"description\" content=\"Looking for travel health insurance in Uganda? Compare prices and book medical insurance for travel to Uganda online now\" \/>\n<meta name=\"robots\" content=\"index, follow, max-snippet:-1, max-image-preview:large, max-video-preview:-1\" \/>\n<link rel=\"canonical\" href=\"https:\/\/tiketi.com\/fr-fr\/medical-travel-health-insurance-uganda\/\" \/>\n<meta property=\"og:locale\" content=\"fr_FR\" \/>\n<meta property=\"og:type\" content=\"article\" \/>\n<meta property=\"og:title\" content=\"Travel Health Insurance in Uganda\" \/>\n<meta property=\"og:description\" content=\"Looking for travel health insurance in Uganda? Compare prices and book medical insurance for travel to Uganda online now\" \/>\n<meta property=\"og:url\" content=\"https:\/\/tiketi.com\/fr-fr\/medical-travel-health-insurance-uganda\/\" \/>\n<meta property=\"og:site_name\" content=\"Tiketi.com\" \/>\n<meta property=\"article:publisher\" content=\"https:\/\/www.facebook.com\/TiketiCom\/\" \/>\n<meta property=\"article:modified_time\" content=\"2022-02-22T16:44:40+00:00\" \/>\n<meta property=\"og:image\" content=\"https:\/\/tiketi.com\/wp-content\/uploads\/2019\/05\/health-insurance-protection-1.jpg\" \/>\n\t<meta property=\"og:image:width\" content=\"1200\" \/>\n\t<meta property=\"og:image:height\" content=\"200\" \/>\n\t<meta property=\"og:image:type\" content=\"image\/jpeg\" \/>\n<meta name=\"twitter:card\" content=\"summary_large_image\" \/>\n<meta name=\"twitter:label1\" content=\"Dur\u00e9e de lecture estim\u00e9e\" \/>\n\t<meta name=\"twitter:data1\" content=\"3 minutes\" \/>\n<script type=\"application\/ld+json\" class=\"yoast-schema-graph\">{\"@context\":\"https:\\\/\\\/schema.org\",\"@graph\":[{\"@type\":\"WebPage\",\"@id\":\"https:\\\/\\\/tiketi.com\\\/medical-travel-health-insurance-uganda\\\/\",\"url\":\"https:\\\/\\\/tiketi.com\\\/medical-travel-health-insurance-uganda\\\/\",\"name\":\"Travel Health Insurance in Uganda\",\"isPartOf\":{\"@id\":\"https:\\\/\\\/tiketi.com\\\/#website\"},\"primaryImageOfPage\":{\"@id\":\"https:\\\/\\\/tiketi.com\\\/medical-travel-health-insurance-uganda\\\/#primaryimage\"},\"image\":{\"@id\":\"https:\\\/\\\/tiketi.com\\\/medical-travel-health-insurance-uganda\\\/#primaryimage\"},\"thumbnailUrl\":\"https:\\\/\\\/tiketi.com\\\/wp-content\\\/uploads\\\/2019\\\/05\\\/health-insurance-protection-1.jpg\",\"datePublished\":\"2022-01-19T11:54:24+00:00\",\"dateModified\":\"2022-02-22T16:44:40+00:00\",\"description\":\"Looking for travel health insurance in Uganda? Compare prices and book medical insurance for travel to Uganda online now\",\"breadcrumb\":{\"@id\":\"https:\\\/\\\/tiketi.com\\\/medical-travel-health-insurance-uganda\\\/#breadcrumb\"},\"inLanguage\":\"fr-FR\",\"potentialAction\":[{\"@type\":\"ReadAction\",\"target\":[\"https:\\\/\\\/tiketi.com\\\/medical-travel-health-insurance-uganda\\\/\"]}]},{\"@type\":\"ImageObject\",\"inLanguage\":\"fr-FR\",\"@id\":\"https:\\\/\\\/tiketi.com\\\/medical-travel-health-insurance-uganda\\\/#primaryimage\",\"url\":\"https:\\\/\\\/tiketi.com\\\/wp-content\\\/uploads\\\/2019\\\/05\\\/health-insurance-protection-1.jpg\",\"contentUrl\":\"https:\\\/\\\/tiketi.com\\\/wp-content\\\/uploads\\\/2019\\\/05\\\/health-insurance-protection-1.jpg\",\"width\":1200,\"height\":200,\"caption\":\"Health Insurance Protection\"},{\"@type\":\"BreadcrumbList\",\"@id\":\"https:\\\/\\\/tiketi.com\\\/medical-travel-health-insurance-uganda\\\/#breadcrumb\",\"itemListElement\":[{\"@type\":\"ListItem\",\"position\":1,\"name\":\"Home\",\"item\":\"https:\\\/\\\/tiketi.com\\\/\"},{\"@type\":\"ListItem\",\"position\":2,\"name\":\"Travel Health Insurance in Uganda\"}]},{\"@type\":\"WebSite\",\"@id\":\"https:\\\/\\\/tiketi.com\\\/#website\",\"url\":\"https:\\\/\\\/tiketi.com\\\/\",\"name\":\"Flight & Bus Tickets, Tour Packages & Activitites - Tiketi.com\",\"description\":\"Flight &amp; Bus Tickets, Tours, Activitites\",\"publisher\":{\"@id\":\"https:\\\/\\\/tiketi.com\\\/#organization\"},\"potentialAction\":[{\"@type\":\"SearchAction\",\"target\":{\"@type\":\"EntryPoint\",\"urlTemplate\":\"https:\\\/\\\/tiketi.com\\\/?s={search_term_string}\"},\"query-input\":{\"@type\":\"PropertyValueSpecification\",\"valueRequired\":true,\"valueName\":\"search_term_string\"}}],\"inLanguage\":\"fr-FR\"},{\"@type\":\"Organization\",\"@id\":\"https:\\\/\\\/tiketi.com\\\/#organization\",\"name\":\"Tiketi.com\",\"alternateName\":\"Tiketi\",\"url\":\"https:\\\/\\\/tiketi.com\\\/\",\"logo\":{\"@type\":\"ImageObject\",\"inLanguage\":\"fr-FR\",\"@id\":\"https:\\\/\\\/tiketi.com\\\/#\\\/schema\\\/logo\\\/image\\\/\",\"url\":\"https:\\\/\\\/tiketi.com\\\/wp-content\\\/uploads\\\/2019\\\/05\\\/tiketi-logo-696.png\",\"contentUrl\":\"https:\\\/\\\/tiketi.com\\\/wp-content\\\/uploads\\\/2019\\\/05\\\/tiketi-logo-696.png\",\"width\":696,\"height\":696,\"caption\":\"Tiketi.com\"},\"image\":{\"@id\":\"https:\\\/\\\/tiketi.com\\\/#\\\/schema\\\/logo\\\/image\\\/\"},\"sameAs\":[\"https:\\\/\\\/www.facebook.com\\\/TiketiCom\\\/\"]}]}<\/script>\n<!-- \/ Yoast SEO plugin. -->","yoast_head_json":{"title":"Assurance sant\u00e9 voyage en Ouganda","description":"Vous recherchez une assurance sant\u00e9 voyage en Ouganda ? Comparez les tarifs et r\u00e9servez en ligne d\u00e8s maintenant une assurance m\u00e9dicale pour voyager en Ouganda","robots":{"index":"index","follow":"follow","max-snippet":"max-snippet:-1","max-image-preview":"max-image-preview:large","max-video-preview":"max-video-preview:-1"},"canonical":"https:\/\/tiketi.com\/fr-fr\/medical-travel-health-insurance-uganda\/","og_locale":"fr_FR","og_type":"article","og_title":"Travel Health Insurance in Uganda","og_description":"Looking for travel health insurance in Uganda? Compare prices and book medical insurance for travel to Uganda online now","og_url":"https:\/\/tiketi.com\/fr-fr\/medical-travel-health-insurance-uganda\/","og_site_name":"Tiketi.com","article_publisher":"https:\/\/www.facebook.com\/TiketiCom\/","article_modified_time":"2022-02-22T16:44:40+00:00","og_image":[{"width":1200,"height":200,"url":"https:\/\/tiketi.com\/wp-content\/uploads\/2019\/05\/health-insurance-protection-1.jpg","type":"image\/jpeg"}],"twitter_card":"summary_large_image","twitter_misc":{"Dur\u00e9e de lecture estim\u00e9e":"3 minutes"},"schema":{"@context":"https:\/\/schema.org","@graph":[{"@type":"WebPage","@id":"https:\/\/tiketi.com\/medical-travel-health-insurance-uganda\/","url":"https:\/\/tiketi.com\/medical-travel-health-insurance-uganda\/","name":"Assurance sant\u00e9 voyage en Ouganda","isPartOf":{"@id":"https:\/\/tiketi.com\/#website"},"primaryImageOfPage":{"@id":"https:\/\/tiketi.com\/medical-travel-health-insurance-uganda\/#primaryimage"},"image":{"@id":"https:\/\/tiketi.com\/medical-travel-health-insurance-uganda\/#primaryimage"},"thumbnailUrl":"https:\/\/tiketi.com\/wp-content\/uploads\/2019\/05\/health-insurance-protection-1.jpg","datePublished":"2022-01-19T11:54:24+00:00","dateModified":"2022-02-22T16:44:40+00:00","description":"Vous recherchez une assurance sant\u00e9 voyage en Ouganda ? Comparez les tarifs et r\u00e9servez en ligne d\u00e8s maintenant une assurance m\u00e9dicale pour voyager en Ouganda","breadcrumb":{"@id":"https:\/\/tiketi.com\/medical-travel-health-insurance-uganda\/#breadcrumb"},"inLanguage":"fr-FR","potentialAction":[{"@type":"ReadAction","target":["https:\/\/tiketi.com\/medical-travel-health-insurance-uganda\/"]}]},{"@type":"ImageObject","inLanguage":"fr-FR","@id":"https:\/\/tiketi.com\/medical-travel-health-insurance-uganda\/#primaryimage","url":"https:\/\/tiketi.com\/wp-content\/uploads\/2019\/05\/health-insurance-protection-1.jpg","contentUrl":"https:\/\/tiketi.com\/wp-content\/uploads\/2019\/05\/health-insurance-protection-1.jpg","width":1200,"height":200,"caption":"Health Insurance Protection"},{"@type":"BreadcrumbList","@id":"https:\/\/tiketi.com\/medical-travel-health-insurance-uganda\/#breadcrumb","itemListElement":[{"@type":"ListItem","position":1,"name":"Home","item":"https:\/\/tiketi.com\/"},{"@type":"ListItem","position":2,"name":"Travel Health Insurance in Uganda"}]},{"@type":"WebSite","@id":"https:\/\/tiketi.com\/#website","url":"https:\/\/tiketi.com\/","name":"Billets d&#039;avion et de bus, forfaits touristiques et activit\u00e9s - Tiketi.com","description":"Billets d&#039;avion et de bus, Tours, Activit\u00e9s","publisher":{"@id":"https:\/\/tiketi.com\/#organization"},"potentialAction":[{"@type":"SearchAction","target":{"@type":"EntryPoint","urlTemplate":"https:\/\/tiketi.com\/?s={search_term_string}"},"query-input":{"@type":"PropertyValueSpecification","valueRequired":true,"valueName":"search_term_string"}}],"inLanguage":"fr-FR"},{"@type":"Organization","@id":"https:\/\/tiketi.com\/#organization","name":"Tiketi.com","alternateName":"Tiketi","url":"https:\/\/tiketi.com\/","logo":{"@type":"ImageObject","inLanguage":"fr-FR","@id":"https:\/\/tiketi.com\/#\/schema\/logo\/image\/","url":"https:\/\/tiketi.com\/wp-content\/uploads\/2019\/05\/tiketi-logo-696.png","contentUrl":"https:\/\/tiketi.com\/wp-content\/uploads\/2019\/05\/tiketi-logo-696.png","width":696,"height":696,"caption":"Tiketi.com"},"image":{"@id":"https:\/\/tiketi.com\/#\/schema\/logo\/image\/"},"sameAs":["https:\/\/www.facebook.com\/TiketiCom\/"]}]}},"_links":{"self":[{"href":"https:\/\/tiketi.com\/fr-fr\/wp-json\/wp\/v2\/pages\/11229","targetHints":{"allow":["GET"]}}],"collection":[{"href":"https:\/\/tiketi.com\/fr-fr\/wp-json\/wp\/v2\/pages"}],"about":[{"href":"https:\/\/tiketi.com\/fr-fr\/wp-json\/wp\/v2\/types\/page"}],"author":[{"embeddable":true,"href":"https:\/\/tiketi.com\/fr-fr\/wp-json\/wp\/v2\/users\/1"}],"replies":[{"embeddable":true,"href":"https:\/\/tiketi.com\/fr-fr\/wp-json\/wp\/v2\/comments?post=11229"}],"version-history":[{"count":0,"href":"https:\/\/tiketi.com\/fr-fr\/wp-json\/wp\/v2\/pages\/11229\/revisions"}],"wp:featuredmedia":[{"embeddable":true,"href":"https:\/\/tiketi.com\/fr-fr\/wp-json\/wp\/v2\/media\/21485"}],"wp:attachment":[{"href":"https:\/\/tiketi.com\/fr-fr\/wp-json\/wp\/v2\/media?parent=11229"}],"curies":[{"name":"wp","href":"https:\/\/api.w.org\/{rel}","templated":true}]}}