{"id":11231,"date":"2022-01-19T12:54:24","date_gmt":"2022-01-19T11:54:24","guid":{"rendered":"https:\/\/new.tiketi.com\/travel-health-insurance-rwanda\/"},"modified":"2022-02-22T17:26:27","modified_gmt":"2022-02-22T16:26:27","slug":"medical-travel-health-insurance-rwanda","status":"publish","type":"page","link":"https:\/\/tiketi.com\/fr-fr\/medical-travel-health-insurance-rwanda\/","title":{"rendered":"Assurance sant\u00e9 voyage au Rwanda"},"content":{"rendered":"<h2>Assurance m\u00e9dicale voyage pas ch\u00e8re Rwanda<\/h2>\n<h3>Comparez les prix et r\u00e9servez une assurance m\u00e9dicale voyage pas ch\u00e8re Rwanda en ligne <a href=\"https:\/\/tiketi.com\/fr-fr\/contact-us\/\">\u00e0 pr\u00e9sent<\/a>.<\/h3>\n<p>L&#039;assurance sant\u00e9 voyage au Rwanda en toute simplicit\u00e9. Avec quatre-vingt-douze pour cent des citoyens rwandais couverts par le r\u00e9gime national d&#039;assurance maladie, le syst\u00e8me d&#039;assurance rwandais est c\u00e9l\u00e9br\u00e9 comme l&#039;un des plus performants de la plan\u00e8te. \u00c0 une prime de $8 USD par an, l&#039;assurance voyage Rwanda pour les r\u00e9sidents rwandais offre des services de sant\u00e9 de base tels que les soins de maternit\u00e9 et le traitement des causes les plus g\u00e9n\u00e9rales de d\u00e9c\u00e8s, telles que le paludisme, la diarrh\u00e9e, le paludisme, la pneumonie, les infections et la malnutrition. De plus, la plupart des centres de sant\u00e9 disposent de m\u00e9dicaments qui figurent sur la liste des m\u00e9dicaments essentiels de l&#039;OMS. R\u00e9servez en ligne une assurance m\u00e9dicale voyage Rwanda et gagnez du temps et de l&#039;argent.<\/p>\n<h2>Assurance sant\u00e9 voyage au Rwanda conseils aux visiteurs<\/h2>\n<p>Selon la loi rwandaise, toute personne voyageant dans le pays doit avoir une assurance maladie voyage Rwanda. Si vous arrivez dans le pays sans elle, vous avez trente jours pour r\u00e9gler le probl\u00e8me. Les installations et services m\u00e9dicaux rwandais sont g\u00e9n\u00e9raux, il est donc important que tout voyageur au Rwanda souscrive une police d&#039;assurance m\u00e9dicale rwandaise avec une couverture m\u00e9dicale suffisante et comprenant une \u00e9vacuation m\u00e9dicale a\u00e9rienne.<\/p>\n<h2>Assurance m\u00e9dicale voyage Rwanda suggestion<\/h2>\n<p>Les expatri\u00e9s et les voyageurs au Rwanda doivent souscrire une police d&#039;assurance maladie rwandaise avant d&#039;arriver au Rwanda. De plus, il est fortement conseill\u00e9 aux voyageurs de souscrire une police couvrant les frais de transport et d&#039;\u00e9vacuation d&#039;urgence. Dans le cas o\u00f9 vous seriez gravement bless\u00e9, les frais de transport vers le centre m\u00e9dical d&#039;excellence le plus proche en dehors du Rwanda peuvent co\u00fbter jusqu&#039;\u00e0 $100 000.<\/p>\n<p>Les visiteurs visitant le pays doivent se faire vacciner contre l&#039;h\u00e9patite, la fi\u00e8vre jaune, la rage, l&#039;h\u00e9patite, les oreillons, la rub\u00e9ole, le t\u00e9tanos-dipht\u00e9rie et le m\u00e9ningocoque. De plus, le paludisme est r\u00e9pandu dans tout le Rwanda, les visiteurs doivent donc emporter des m\u00e9dicaments antipaludiques et dormir dans des moustiquaires. Apportez toujours des quantit\u00e9s suffisantes de m\u00e9dicaments sur ordonnance personnels et des conseils m\u00e9dicaux pour ces prescriptions. Il est \u00e9galement pr\u00e9f\u00e9rable que les voyageurs apportent des m\u00e9dicaments contre la diarrh\u00e9e, car la diarrh\u00e9e est une affection g\u00e9n\u00e9rale des visiteurs dans cette partie de la plan\u00e8te.<\/p>\n<h2>Assurance automobile Rwanda<\/h2>\n<p>Comprendre la meilleure assurance automobile au Rwanda est vital pour chaque propri\u00e9taire de voiture et visiteur rwandais. En cas de blessure ou de perte, cette connaissance aide les clients assur\u00e9s \u00e0 rejeter tout d\u00e9saccord avec leur assureur.<\/p>\n<p>L&#039;assurance voyage Rwanda couvre les dommages au v\u00e9hicule assur\u00e9, le vol, l&#039;incendie et la responsabilit\u00e9 civile de l&#039;assur\u00e9 pour les dommages corporels et mat\u00e9riels dans les limites g\u00e9ographiques sp\u00e9cifiques aux pr\u00e9sentes et pour les montants offerts par la loi rwandaise sur la responsabilit\u00e9 civile automobile.<\/p>\n<p>Un autre avantage de la couverture compl\u00e8te de l&#039;assurance moto au Rwanda est le fait qu&#039;en cas de blessure ou de dommage accidentel, la compagnie d&#039;assurance fournit \u00e0 l&#039;assur\u00e9 un v\u00e9hicule de pr\u00eat. Temporairement, l&#039;assur\u00e9 peut se d\u00e9placer et poursuivre ses activit\u00e9s habituelles pendant la r\u00e9paration du v\u00e9hicule.<\/p>","protected":false},"excerpt":{"rendered":"<p>Cheap Travel Medical Insurance Rwanda Compare prices and book cheap travel medical insurance Rwanda online now. Travel health insurance in Rwanda made easy. With ninety-two percent of Rwanda citizens covered by the nation&#8217;s health insurance scheme, &nbsp;the insurance Rwanda system is celebrated as one of them most successful in the planet. At a premium of [&hellip;]<\/p>\n","protected":false},"author":1,"featured_media":21485,"parent":0,"menu_order":0,"comment_status":"open","ping_status":"closed","template":"template-home-modern.php","meta":{"footnotes":""},"class_list":["post-11231","page","type-page","status-publish","has-post-thumbnail","hentry"],"yoast_head":"<!-- This site is optimized with the Yoast SEO plugin v27.3 - https:\/\/yoast.com\/product\/yoast-seo-wordpress\/ -->\n<title>Travel Health Insurance in Rwanda<\/title>\n<meta name=\"description\" content=\"Looking for travel health insurance in Rwanda? Compare prices and book medical insurance for travel to Rwanda online now\" \/>\n<meta name=\"robots\" content=\"index, follow, max-snippet:-1, max-image-preview:large, max-video-preview:-1\" \/>\n<link rel=\"canonical\" href=\"https:\/\/tiketi.com\/fr-fr\/medical-travel-health-insurance-rwanda\/\" \/>\n<meta property=\"og:locale\" content=\"fr_FR\" \/>\n<meta property=\"og:type\" content=\"article\" \/>\n<meta property=\"og:title\" content=\"Travel Health Insurance in Rwanda\" \/>\n<meta property=\"og:description\" content=\"Looking for travel health insurance in Rwanda? Compare prices and book medical insurance for travel to Rwanda online now\" \/>\n<meta property=\"og:url\" content=\"https:\/\/tiketi.com\/fr-fr\/medical-travel-health-insurance-rwanda\/\" \/>\n<meta property=\"og:site_name\" content=\"Tiketi.com\" \/>\n<meta property=\"article:publisher\" content=\"https:\/\/www.facebook.com\/TiketiCom\/\" \/>\n<meta property=\"article:modified_time\" content=\"2022-02-22T16:26:27+00:00\" \/>\n<meta property=\"og:image\" content=\"https:\/\/tiketi.com\/wp-content\/uploads\/2019\/05\/health-insurance-protection-1.jpg\" \/>\n\t<meta property=\"og:image:width\" content=\"1200\" \/>\n\t<meta property=\"og:image:height\" content=\"200\" \/>\n\t<meta property=\"og:image:type\" content=\"image\/jpeg\" \/>\n<meta name=\"twitter:card\" content=\"summary_large_image\" \/>\n<meta name=\"twitter:label1\" content=\"Dur\u00e9e de lecture estim\u00e9e\" \/>\n\t<meta name=\"twitter:data1\" content=\"3 minutes\" \/>\n<script type=\"application\/ld+json\" class=\"yoast-schema-graph\">{\"@context\":\"https:\\\/\\\/schema.org\",\"@graph\":[{\"@type\":\"WebPage\",\"@id\":\"https:\\\/\\\/tiketi.com\\\/fr-fr\\\/medical-travel-health-insurance-rwanda\\\/\",\"url\":\"https:\\\/\\\/tiketi.com\\\/fr-fr\\\/medical-travel-health-insurance-rwanda\\\/\",\"name\":\"Travel Health Insurance in Rwanda\",\"isPartOf\":{\"@id\":\"https:\\\/\\\/tiketi.com\\\/#website\"},\"primaryImageOfPage\":{\"@id\":\"https:\\\/\\\/tiketi.com\\\/fr-fr\\\/medical-travel-health-insurance-rwanda\\\/#primaryimage\"},\"image\":{\"@id\":\"https:\\\/\\\/tiketi.com\\\/fr-fr\\\/medical-travel-health-insurance-rwanda\\\/#primaryimage\"},\"thumbnailUrl\":\"https:\\\/\\\/tiketi.com\\\/wp-content\\\/uploads\\\/2019\\\/05\\\/health-insurance-protection-1.jpg\",\"datePublished\":\"2022-01-19T11:54:24+00:00\",\"dateModified\":\"2022-02-22T16:26:27+00:00\",\"description\":\"Looking for travel health insurance in Rwanda? Compare prices and book medical insurance for travel to Rwanda online now\",\"breadcrumb\":{\"@id\":\"https:\\\/\\\/tiketi.com\\\/fr-fr\\\/medical-travel-health-insurance-rwanda\\\/#breadcrumb\"},\"inLanguage\":\"fr-FR\",\"potentialAction\":[{\"@type\":\"ReadAction\",\"target\":[\"https:\\\/\\\/tiketi.com\\\/fr-fr\\\/medical-travel-health-insurance-rwanda\\\/\"]}]},{\"@type\":\"ImageObject\",\"inLanguage\":\"fr-FR\",\"@id\":\"https:\\\/\\\/tiketi.com\\\/fr-fr\\\/medical-travel-health-insurance-rwanda\\\/#primaryimage\",\"url\":\"https:\\\/\\\/tiketi.com\\\/wp-content\\\/uploads\\\/2019\\\/05\\\/health-insurance-protection-1.jpg\",\"contentUrl\":\"https:\\\/\\\/tiketi.com\\\/wp-content\\\/uploads\\\/2019\\\/05\\\/health-insurance-protection-1.jpg\",\"width\":1200,\"height\":200,\"caption\":\"Health Insurance Protection\"},{\"@type\":\"BreadcrumbList\",\"@id\":\"https:\\\/\\\/tiketi.com\\\/fr-fr\\\/medical-travel-health-insurance-rwanda\\\/#breadcrumb\",\"itemListElement\":[{\"@type\":\"ListItem\",\"position\":1,\"name\":\"Home\",\"item\":\"https:\\\/\\\/tiketi.com\\\/\"},{\"@type\":\"ListItem\",\"position\":2,\"name\":\"Travel Health Insurance in Rwanda\"}]},{\"@type\":\"WebSite\",\"@id\":\"https:\\\/\\\/tiketi.com\\\/#website\",\"url\":\"https:\\\/\\\/tiketi.com\\\/\",\"name\":\"Flight & Bus Tickets, Tour Packages & Activitites - Tiketi.com\",\"description\":\"Flight &amp; Bus Tickets, Tours, Activitites\",\"publisher\":{\"@id\":\"https:\\\/\\\/tiketi.com\\\/#organization\"},\"potentialAction\":[{\"@type\":\"SearchAction\",\"target\":{\"@type\":\"EntryPoint\",\"urlTemplate\":\"https:\\\/\\\/tiketi.com\\\/?s={search_term_string}\"},\"query-input\":{\"@type\":\"PropertyValueSpecification\",\"valueRequired\":true,\"valueName\":\"search_term_string\"}}],\"inLanguage\":\"fr-FR\"},{\"@type\":\"Organization\",\"@id\":\"https:\\\/\\\/tiketi.com\\\/#organization\",\"name\":\"Tiketi.com\",\"alternateName\":\"Tiketi\",\"url\":\"https:\\\/\\\/tiketi.com\\\/\",\"logo\":{\"@type\":\"ImageObject\",\"inLanguage\":\"fr-FR\",\"@id\":\"https:\\\/\\\/tiketi.com\\\/#\\\/schema\\\/logo\\\/image\\\/\",\"url\":\"https:\\\/\\\/tiketi.com\\\/wp-content\\\/uploads\\\/2019\\\/05\\\/tiketi-logo-696.png\",\"contentUrl\":\"https:\\\/\\\/tiketi.com\\\/wp-content\\\/uploads\\\/2019\\\/05\\\/tiketi-logo-696.png\",\"width\":696,\"height\":696,\"caption\":\"Tiketi.com\"},\"image\":{\"@id\":\"https:\\\/\\\/tiketi.com\\\/#\\\/schema\\\/logo\\\/image\\\/\"},\"sameAs\":[\"https:\\\/\\\/www.facebook.com\\\/TiketiCom\\\/\"]}]}<\/script>\n<!-- \/ Yoast SEO plugin. -->","yoast_head_json":{"title":"Assurance sant\u00e9 voyage au Rwanda","description":"Vous recherchez une assurance sant\u00e9 voyage au Rwanda ? Comparez les tarifs et r\u00e9servez en ligne d\u00e8s maintenant une assurance m\u00e9dicale pour voyager au Rwanda","robots":{"index":"index","follow":"follow","max-snippet":"max-snippet:-1","max-image-preview":"max-image-preview:large","max-video-preview":"max-video-preview:-1"},"canonical":"https:\/\/tiketi.com\/fr-fr\/medical-travel-health-insurance-rwanda\/","og_locale":"fr_FR","og_type":"article","og_title":"Travel Health Insurance in Rwanda","og_description":"Looking for travel health insurance in Rwanda? Compare prices and book medical insurance for travel to Rwanda online now","og_url":"https:\/\/tiketi.com\/fr-fr\/medical-travel-health-insurance-rwanda\/","og_site_name":"Tiketi.com","article_publisher":"https:\/\/www.facebook.com\/TiketiCom\/","article_modified_time":"2022-02-22T16:26:27+00:00","og_image":[{"width":1200,"height":200,"url":"https:\/\/tiketi.com\/wp-content\/uploads\/2019\/05\/health-insurance-protection-1.jpg","type":"image\/jpeg"}],"twitter_card":"summary_large_image","twitter_misc":{"Dur\u00e9e de lecture estim\u00e9e":"3 minutes"},"schema":{"@context":"https:\/\/schema.org","@graph":[{"@type":"WebPage","@id":"https:\/\/tiketi.com\/fr-fr\/medical-travel-health-insurance-rwanda\/","url":"https:\/\/tiketi.com\/fr-fr\/medical-travel-health-insurance-rwanda\/","name":"Assurance sant\u00e9 voyage au Rwanda","isPartOf":{"@id":"https:\/\/tiketi.com\/#website"},"primaryImageOfPage":{"@id":"https:\/\/tiketi.com\/fr-fr\/medical-travel-health-insurance-rwanda\/#primaryimage"},"image":{"@id":"https:\/\/tiketi.com\/fr-fr\/medical-travel-health-insurance-rwanda\/#primaryimage"},"thumbnailUrl":"https:\/\/tiketi.com\/wp-content\/uploads\/2019\/05\/health-insurance-protection-1.jpg","datePublished":"2022-01-19T11:54:24+00:00","dateModified":"2022-02-22T16:26:27+00:00","description":"Vous recherchez une assurance sant\u00e9 voyage au Rwanda ? Comparez les tarifs et r\u00e9servez en ligne d\u00e8s maintenant une assurance m\u00e9dicale pour voyager au Rwanda","breadcrumb":{"@id":"https:\/\/tiketi.com\/fr-fr\/medical-travel-health-insurance-rwanda\/#breadcrumb"},"inLanguage":"fr-FR","potentialAction":[{"@type":"ReadAction","target":["https:\/\/tiketi.com\/fr-fr\/medical-travel-health-insurance-rwanda\/"]}]},{"@type":"ImageObject","inLanguage":"fr-FR","@id":"https:\/\/tiketi.com\/fr-fr\/medical-travel-health-insurance-rwanda\/#primaryimage","url":"https:\/\/tiketi.com\/wp-content\/uploads\/2019\/05\/health-insurance-protection-1.jpg","contentUrl":"https:\/\/tiketi.com\/wp-content\/uploads\/2019\/05\/health-insurance-protection-1.jpg","width":1200,"height":200,"caption":"Health Insurance Protection"},{"@type":"BreadcrumbList","@id":"https:\/\/tiketi.com\/fr-fr\/medical-travel-health-insurance-rwanda\/#breadcrumb","itemListElement":[{"@type":"ListItem","position":1,"name":"Home","item":"https:\/\/tiketi.com\/"},{"@type":"ListItem","position":2,"name":"Travel Health Insurance in Rwanda"}]},{"@type":"WebSite","@id":"https:\/\/tiketi.com\/#website","url":"https:\/\/tiketi.com\/","name":"Billets d&#039;avion et de bus, forfaits touristiques et activit\u00e9s - Tiketi.com","description":"Billets d&#039;avion et de bus, Tours, Activit\u00e9s","publisher":{"@id":"https:\/\/tiketi.com\/#organization"},"potentialAction":[{"@type":"SearchAction","target":{"@type":"EntryPoint","urlTemplate":"https:\/\/tiketi.com\/?s={search_term_string}"},"query-input":{"@type":"PropertyValueSpecification","valueRequired":true,"valueName":"search_term_string"}}],"inLanguage":"fr-FR"},{"@type":"Organization","@id":"https:\/\/tiketi.com\/#organization","name":"Tiketi.com","alternateName":"Tiketi","url":"https:\/\/tiketi.com\/","logo":{"@type":"ImageObject","inLanguage":"fr-FR","@id":"https:\/\/tiketi.com\/#\/schema\/logo\/image\/","url":"https:\/\/tiketi.com\/wp-content\/uploads\/2019\/05\/tiketi-logo-696.png","contentUrl":"https:\/\/tiketi.com\/wp-content\/uploads\/2019\/05\/tiketi-logo-696.png","width":696,"height":696,"caption":"Tiketi.com"},"image":{"@id":"https:\/\/tiketi.com\/#\/schema\/logo\/image\/"},"sameAs":["https:\/\/www.facebook.com\/TiketiCom\/"]}]}},"_links":{"self":[{"href":"https:\/\/tiketi.com\/fr-fr\/wp-json\/wp\/v2\/pages\/11231","targetHints":{"allow":["GET"]}}],"collection":[{"href":"https:\/\/tiketi.com\/fr-fr\/wp-json\/wp\/v2\/pages"}],"about":[{"href":"https:\/\/tiketi.com\/fr-fr\/wp-json\/wp\/v2\/types\/page"}],"author":[{"embeddable":true,"href":"https:\/\/tiketi.com\/fr-fr\/wp-json\/wp\/v2\/users\/1"}],"replies":[{"embeddable":true,"href":"https:\/\/tiketi.com\/fr-fr\/wp-json\/wp\/v2\/comments?post=11231"}],"version-history":[{"count":0,"href":"https:\/\/tiketi.com\/fr-fr\/wp-json\/wp\/v2\/pages\/11231\/revisions"}],"wp:featuredmedia":[{"embeddable":true,"href":"https:\/\/tiketi.com\/fr-fr\/wp-json\/wp\/v2\/media\/21485"}],"wp:attachment":[{"href":"https:\/\/tiketi.com\/fr-fr\/wp-json\/wp\/v2\/media?parent=11231"}],"curies":[{"name":"wp","href":"https:\/\/api.w.org\/{rel}","templated":true}]}}