{"id":11233,"date":"2022-01-19T12:54:24","date_gmt":"2022-01-19T11:54:24","guid":{"rendered":"https:\/\/new.tiketi.com\/travel-health-insurance-mauritius\/"},"modified":"2022-02-22T21:55:42","modified_gmt":"2022-02-22T20:55:42","slug":"medical-travel-health-insurance-mauritius","status":"publish","type":"page","link":"https:\/\/tiketi.com\/fr-fr\/medical-travel-health-insurance-mauritius\/","title":{"rendered":"Assurance Sant\u00e9 Voyage \u00e0 l&#039;Ile Maurice"},"content":{"rendered":"<h2>Assurance m\u00e9dicale pour voyager \u00e0 Maurice<\/h2>\n<h3>Comparez et r\u00e9servez votre assurance sant\u00e9 voyage Ile Maurice en ligne <a href=\"https:\/\/tiketi.com\/fr-fr\/contact-us\/\">\u00e0 pr\u00e9sent<\/a>.<\/h3>\n<p>L&#039;assurance sant\u00e9 voyage \u00e0 l&#039;\u00eele Maurice en toute simplicit\u00e9. Maurice est c\u00e9l\u00e8bre pour son \u00e9co-culture particuli\u00e8re et compte de nombreuses esp\u00e8ces end\u00e9miques. Le pays est \u00e9galement reconnu internationalement pour \u00eatre l&#039;un des meilleurs lieux de voyage insulaire de luxe. Il a re\u00e7u 3 fois le prix de la meilleure destination au monde et le prix de la meilleure plage. Lorsque vous souhaitez passer votre temps sur la plage ou explorer une faune particuli\u00e8re, l&#039;assurance maladie Maurice vous permet de vous d\u00e9tendre et de vous d\u00e9tendre pendant votre voyage. R\u00e9servez en ligne une assurance m\u00e9dicale pour voyager \u00e0 Maurice et gagnez du temps et de l&#039;argent.<\/p>\n<p>Pour que vos vacances soient d\u00e9tendues et s\u00fbres, optez pour une assurance sant\u00e9 voyage compl\u00e8te Ile Maurice.<\/p>\n<h2>Ai-je besoin d&#039;une assurance sant\u00e9 voyage \u00e0 l&#039;\u00eele Maurice ?<\/h2>\n<p>Parce qu&#039;une assurance m\u00e9dicale pour voyager \u00e0 Maurice est un document essentiel qui peut fonctionner comme une garantie financi\u00e8re contre des conditions impr\u00e9vues soudaines qui peuvent survenir au cours de votre voyage. Il peut y avoir des urgences sanitaires, vos bagages peuvent se perdre en transit, vous pouvez laisser tomber votre portefeuille \u00e0 c\u00f4t\u00e9 de documents vitaux comme votre passeport, etc.<\/p>\n<p>Ainsi, il est important pour vous d&#039;\u00e9viter une police d&#039;assurance m\u00e9dicale mauricienne avant le d\u00e9but de votre voyage.<\/p>\n<h2>L&#039;assurance m\u00e9dicale de voyage pour voyager \u00e0 Maurice est-elle obligatoire pour visiter l&#039;\u00eele ?<\/h2>\n<p>Quoi qu&#039;il en soit, il existe de nombreuses raisons pour lesquelles une assurance voyage \u00e0 Maurice est n\u00e9cessaire. Il est difficile de pr\u00e9dire ce qui se passera dans un avenir proche. De plus, vous n&#039;appr\u00e9cierez certainement pas les probl\u00e8mes suppl\u00e9mentaires ou les d\u00e9penses importantes caus\u00e9es par des malheurs ou des accidents.<\/p>\n<p>Ainsi, alors que les l\u00e9galit\u00e9s concernant l&#039;assurance voyage \u00e0 Maurice peuvent \u00eatre inexistantes, ne pas avoir de plan d&#039;assurance serait insens\u00e9.<\/p>\n<h2>Pourquoi souscrire une assurance voyage \u00e0 Maurice ?<\/h2>\n<p>Il y a plusieurs raisons. Premi\u00e8rement, cela fonctionne comme un filet de s\u00e9curit\u00e9 en cas d&#039;urgence mon\u00e9taire. Il existe de nombreux \u00e9v\u00e9nements impr\u00e9vus qui peuvent entra\u00eener de gros passifs financiers menant \u00e0 un dans votre poche. Deuxi\u00e8mement, cela vous procurera une relaxation essentielle de l&#039;esprit, ce qui est indispensable lors de votre voyage.<\/p>\n<p>Enfin, une assurance sant\u00e9 Maurice est g\u00e9n\u00e9ralement n\u00e9cessaire lorsque vous r\u00e9servez dans des h\u00f4tels, principalement de luxe.<\/p>\n<h2>Savoir comment obtenir des soins m\u00e9dicaux en voyage<\/h2>\n<p>Pr\u00e9voyez comment vous obtiendrez des soins de sant\u00e9 pendant votre visite, en cas de besoin\u00a0:<\/p>\n<p>\u2022 Ayez sur vous une liste des h\u00f4pitaux locaux et des m\u00e9decins.<br \/>\n\u2022 Passez en revue votre assurance m\u00e9dicale mauricienne pour d\u00e9terminer quels services m\u00e9dicaux elle couvrirait pendant votre voyage. Envisagez d&#039;acheter une assurance voyage et une assurance m\u00e9dicale d&#039;\u00e9vacuation.<br \/>\n\u2022 Certains m\u00e9dicaments sur ordonnance peuvent \u00eatre ill\u00e9gaux dans d&#039;autres pays. Appelez l&#039;ambassade pour confirmer que toutes vos ordonnances sont l\u00e9gales \u00e0 apporter avec vous.<br \/>\n\u2022 Ayez sur vous une carte qui identifie, dans la langue domestique, votre type de corps, les situations chroniques ou les allergies graves, ou les noms g\u00e9n\u00e9riques des m\u00e9dicaments que vous prenez.<\/p>","protected":false},"excerpt":{"rendered":"<p>Medical Insurance for Travel to Mauritius Compare and book travel health insurance Mauritius online now. Travel health insurance in Mauritius made easy. Mauritius is famous for its special eco-culture, and it has lots of endemic species. The country is also recognized internationally for being a best luxury island travel place. It has received the World&#8217;s [&hellip;]<\/p>\n","protected":false},"author":1,"featured_media":21485,"parent":0,"menu_order":0,"comment_status":"open","ping_status":"closed","template":"template-home-modern.php","meta":{"footnotes":""},"class_list":["post-11233","page","type-page","status-publish","has-post-thumbnail","hentry"],"yoast_head":"<!-- This site is optimized with the Yoast SEO plugin v27.3 - https:\/\/yoast.com\/product\/yoast-seo-wordpress\/ -->\n<title>Travel Health Insurance in Mauritius<\/title>\n<meta name=\"description\" content=\"Looking for travel health insurance in Mauritius? Compare and book medical insurance for travel to Mauritius online now\" \/>\n<meta name=\"robots\" content=\"index, follow, max-snippet:-1, max-image-preview:large, max-video-preview:-1\" \/>\n<link rel=\"canonical\" href=\"https:\/\/tiketi.com\/fr-fr\/medical-travel-health-insurance-mauritius\/\" \/>\n<meta property=\"og:locale\" content=\"fr_FR\" \/>\n<meta property=\"og:type\" content=\"article\" \/>\n<meta property=\"og:title\" content=\"Travel Health Insurance in Mauritius\" \/>\n<meta property=\"og:description\" content=\"Looking for travel health insurance in Mauritius? Compare and book medical insurance for travel to Mauritius online now\" \/>\n<meta property=\"og:url\" content=\"https:\/\/tiketi.com\/fr-fr\/medical-travel-health-insurance-mauritius\/\" \/>\n<meta property=\"og:site_name\" content=\"Tiketi.com\" \/>\n<meta property=\"article:publisher\" content=\"https:\/\/www.facebook.com\/TiketiCom\/\" \/>\n<meta property=\"article:modified_time\" content=\"2022-02-22T20:55:42+00:00\" \/>\n<meta property=\"og:image\" content=\"https:\/\/tiketi.com\/wp-content\/uploads\/2019\/05\/health-insurance-protection-1.jpg\" \/>\n\t<meta property=\"og:image:width\" content=\"1200\" \/>\n\t<meta property=\"og:image:height\" content=\"200\" \/>\n\t<meta property=\"og:image:type\" content=\"image\/jpeg\" \/>\n<meta name=\"twitter:card\" content=\"summary_large_image\" \/>\n<meta name=\"twitter:label1\" content=\"Dur\u00e9e de lecture estim\u00e9e\" \/>\n\t<meta name=\"twitter:data1\" content=\"3 minutes\" \/>\n<script type=\"application\/ld+json\" class=\"yoast-schema-graph\">{\"@context\":\"https:\\\/\\\/schema.org\",\"@graph\":[{\"@type\":\"WebPage\",\"@id\":\"https:\\\/\\\/tiketi.com\\\/medical-travel-health-insurance-mauritius\\\/\",\"url\":\"https:\\\/\\\/tiketi.com\\\/medical-travel-health-insurance-mauritius\\\/\",\"name\":\"Travel Health Insurance in Mauritius\",\"isPartOf\":{\"@id\":\"https:\\\/\\\/tiketi.com\\\/#website\"},\"primaryImageOfPage\":{\"@id\":\"https:\\\/\\\/tiketi.com\\\/medical-travel-health-insurance-mauritius\\\/#primaryimage\"},\"image\":{\"@id\":\"https:\\\/\\\/tiketi.com\\\/medical-travel-health-insurance-mauritius\\\/#primaryimage\"},\"thumbnailUrl\":\"https:\\\/\\\/tiketi.com\\\/wp-content\\\/uploads\\\/2019\\\/05\\\/health-insurance-protection-1.jpg\",\"datePublished\":\"2022-01-19T11:54:24+00:00\",\"dateModified\":\"2022-02-22T20:55:42+00:00\",\"description\":\"Looking for travel health insurance in Mauritius? Compare and book medical insurance for travel to Mauritius online now\",\"breadcrumb\":{\"@id\":\"https:\\\/\\\/tiketi.com\\\/medical-travel-health-insurance-mauritius\\\/#breadcrumb\"},\"inLanguage\":\"fr-FR\",\"potentialAction\":[{\"@type\":\"ReadAction\",\"target\":[\"https:\\\/\\\/tiketi.com\\\/medical-travel-health-insurance-mauritius\\\/\"]}]},{\"@type\":\"ImageObject\",\"inLanguage\":\"fr-FR\",\"@id\":\"https:\\\/\\\/tiketi.com\\\/medical-travel-health-insurance-mauritius\\\/#primaryimage\",\"url\":\"https:\\\/\\\/tiketi.com\\\/wp-content\\\/uploads\\\/2019\\\/05\\\/health-insurance-protection-1.jpg\",\"contentUrl\":\"https:\\\/\\\/tiketi.com\\\/wp-content\\\/uploads\\\/2019\\\/05\\\/health-insurance-protection-1.jpg\",\"width\":1200,\"height\":200,\"caption\":\"Health Insurance Protection\"},{\"@type\":\"BreadcrumbList\",\"@id\":\"https:\\\/\\\/tiketi.com\\\/medical-travel-health-insurance-mauritius\\\/#breadcrumb\",\"itemListElement\":[{\"@type\":\"ListItem\",\"position\":1,\"name\":\"Home\",\"item\":\"https:\\\/\\\/tiketi.com\\\/\"},{\"@type\":\"ListItem\",\"position\":2,\"name\":\"Travel Health Insurance in Mauritius\"}]},{\"@type\":\"WebSite\",\"@id\":\"https:\\\/\\\/tiketi.com\\\/#website\",\"url\":\"https:\\\/\\\/tiketi.com\\\/\",\"name\":\"Flight & Bus Tickets, Tour Packages & Activitites - Tiketi.com\",\"description\":\"Flight &amp; Bus Tickets, Tours, Activitites\",\"publisher\":{\"@id\":\"https:\\\/\\\/tiketi.com\\\/#organization\"},\"potentialAction\":[{\"@type\":\"SearchAction\",\"target\":{\"@type\":\"EntryPoint\",\"urlTemplate\":\"https:\\\/\\\/tiketi.com\\\/?s={search_term_string}\"},\"query-input\":{\"@type\":\"PropertyValueSpecification\",\"valueRequired\":true,\"valueName\":\"search_term_string\"}}],\"inLanguage\":\"fr-FR\"},{\"@type\":\"Organization\",\"@id\":\"https:\\\/\\\/tiketi.com\\\/#organization\",\"name\":\"Tiketi.com\",\"alternateName\":\"Tiketi\",\"url\":\"https:\\\/\\\/tiketi.com\\\/\",\"logo\":{\"@type\":\"ImageObject\",\"inLanguage\":\"fr-FR\",\"@id\":\"https:\\\/\\\/tiketi.com\\\/#\\\/schema\\\/logo\\\/image\\\/\",\"url\":\"https:\\\/\\\/tiketi.com\\\/wp-content\\\/uploads\\\/2019\\\/05\\\/tiketi-logo-696.png\",\"contentUrl\":\"https:\\\/\\\/tiketi.com\\\/wp-content\\\/uploads\\\/2019\\\/05\\\/tiketi-logo-696.png\",\"width\":696,\"height\":696,\"caption\":\"Tiketi.com\"},\"image\":{\"@id\":\"https:\\\/\\\/tiketi.com\\\/#\\\/schema\\\/logo\\\/image\\\/\"},\"sameAs\":[\"https:\\\/\\\/www.facebook.com\\\/TiketiCom\\\/\"]}]}<\/script>\n<!-- \/ Yoast SEO plugin. -->","yoast_head_json":{"title":"Assurance Sant\u00e9 Voyage \u00e0 l&#039;Ile Maurice","description":"Vous recherchez une assurance sant\u00e9 voyage \u00e0 l&#039;Ile Maurice ? Comparez et r\u00e9servez en ligne d\u00e8s maintenant votre assurance m\u00e9dicale pour voyager \u00e0 l&#039;\u00eele Maurice","robots":{"index":"index","follow":"follow","max-snippet":"max-snippet:-1","max-image-preview":"max-image-preview:large","max-video-preview":"max-video-preview:-1"},"canonical":"https:\/\/tiketi.com\/fr-fr\/medical-travel-health-insurance-mauritius\/","og_locale":"fr_FR","og_type":"article","og_title":"Travel Health Insurance in Mauritius","og_description":"Looking for travel health insurance in Mauritius? Compare and book medical insurance for travel to Mauritius online now","og_url":"https:\/\/tiketi.com\/fr-fr\/medical-travel-health-insurance-mauritius\/","og_site_name":"Tiketi.com","article_publisher":"https:\/\/www.facebook.com\/TiketiCom\/","article_modified_time":"2022-02-22T20:55:42+00:00","og_image":[{"width":1200,"height":200,"url":"https:\/\/tiketi.com\/wp-content\/uploads\/2019\/05\/health-insurance-protection-1.jpg","type":"image\/jpeg"}],"twitter_card":"summary_large_image","twitter_misc":{"Dur\u00e9e de lecture estim\u00e9e":"3 minutes"},"schema":{"@context":"https:\/\/schema.org","@graph":[{"@type":"WebPage","@id":"https:\/\/tiketi.com\/medical-travel-health-insurance-mauritius\/","url":"https:\/\/tiketi.com\/medical-travel-health-insurance-mauritius\/","name":"Assurance Sant\u00e9 Voyage \u00e0 l&#039;Ile Maurice","isPartOf":{"@id":"https:\/\/tiketi.com\/#website"},"primaryImageOfPage":{"@id":"https:\/\/tiketi.com\/medical-travel-health-insurance-mauritius\/#primaryimage"},"image":{"@id":"https:\/\/tiketi.com\/medical-travel-health-insurance-mauritius\/#primaryimage"},"thumbnailUrl":"https:\/\/tiketi.com\/wp-content\/uploads\/2019\/05\/health-insurance-protection-1.jpg","datePublished":"2022-01-19T11:54:24+00:00","dateModified":"2022-02-22T20:55:42+00:00","description":"Vous recherchez une assurance sant\u00e9 voyage \u00e0 l&#039;Ile Maurice ? Comparez et r\u00e9servez en ligne d\u00e8s maintenant votre assurance m\u00e9dicale pour voyager \u00e0 l&#039;\u00eele Maurice","breadcrumb":{"@id":"https:\/\/tiketi.com\/medical-travel-health-insurance-mauritius\/#breadcrumb"},"inLanguage":"fr-FR","potentialAction":[{"@type":"ReadAction","target":["https:\/\/tiketi.com\/medical-travel-health-insurance-mauritius\/"]}]},{"@type":"ImageObject","inLanguage":"fr-FR","@id":"https:\/\/tiketi.com\/medical-travel-health-insurance-mauritius\/#primaryimage","url":"https:\/\/tiketi.com\/wp-content\/uploads\/2019\/05\/health-insurance-protection-1.jpg","contentUrl":"https:\/\/tiketi.com\/wp-content\/uploads\/2019\/05\/health-insurance-protection-1.jpg","width":1200,"height":200,"caption":"Health Insurance Protection"},{"@type":"BreadcrumbList","@id":"https:\/\/tiketi.com\/medical-travel-health-insurance-mauritius\/#breadcrumb","itemListElement":[{"@type":"ListItem","position":1,"name":"Home","item":"https:\/\/tiketi.com\/"},{"@type":"ListItem","position":2,"name":"Travel Health Insurance in Mauritius"}]},{"@type":"WebSite","@id":"https:\/\/tiketi.com\/#website","url":"https:\/\/tiketi.com\/","name":"Billets d&#039;avion et de bus, forfaits touristiques et activit\u00e9s - Tiketi.com","description":"Billets d&#039;avion et de bus, Tours, Activit\u00e9s","publisher":{"@id":"https:\/\/tiketi.com\/#organization"},"potentialAction":[{"@type":"SearchAction","target":{"@type":"EntryPoint","urlTemplate":"https:\/\/tiketi.com\/?s={search_term_string}"},"query-input":{"@type":"PropertyValueSpecification","valueRequired":true,"valueName":"search_term_string"}}],"inLanguage":"fr-FR"},{"@type":"Organization","@id":"https:\/\/tiketi.com\/#organization","name":"Tiketi.com","alternateName":"Tiketi","url":"https:\/\/tiketi.com\/","logo":{"@type":"ImageObject","inLanguage":"fr-FR","@id":"https:\/\/tiketi.com\/#\/schema\/logo\/image\/","url":"https:\/\/tiketi.com\/wp-content\/uploads\/2019\/05\/tiketi-logo-696.png","contentUrl":"https:\/\/tiketi.com\/wp-content\/uploads\/2019\/05\/tiketi-logo-696.png","width":696,"height":696,"caption":"Tiketi.com"},"image":{"@id":"https:\/\/tiketi.com\/#\/schema\/logo\/image\/"},"sameAs":["https:\/\/www.facebook.com\/TiketiCom\/"]}]}},"_links":{"self":[{"href":"https:\/\/tiketi.com\/fr-fr\/wp-json\/wp\/v2\/pages\/11233","targetHints":{"allow":["GET"]}}],"collection":[{"href":"https:\/\/tiketi.com\/fr-fr\/wp-json\/wp\/v2\/pages"}],"about":[{"href":"https:\/\/tiketi.com\/fr-fr\/wp-json\/wp\/v2\/types\/page"}],"author":[{"embeddable":true,"href":"https:\/\/tiketi.com\/fr-fr\/wp-json\/wp\/v2\/users\/1"}],"replies":[{"embeddable":true,"href":"https:\/\/tiketi.com\/fr-fr\/wp-json\/wp\/v2\/comments?post=11233"}],"version-history":[{"count":0,"href":"https:\/\/tiketi.com\/fr-fr\/wp-json\/wp\/v2\/pages\/11233\/revisions"}],"wp:featuredmedia":[{"embeddable":true,"href":"https:\/\/tiketi.com\/fr-fr\/wp-json\/wp\/v2\/media\/21485"}],"wp:attachment":[{"href":"https:\/\/tiketi.com\/fr-fr\/wp-json\/wp\/v2\/media?parent=11233"}],"curies":[{"name":"wp","href":"https:\/\/api.w.org\/{rel}","templated":true}]}}