{"id":11234,"date":"2022-01-19T12:54:24","date_gmt":"2022-01-19T11:54:24","guid":{"rendered":"https:\/\/new.tiketi.com\/travel-medical-insurance-tanzania\/"},"modified":"2022-02-23T11:12:47","modified_gmt":"2022-02-23T10:12:47","slug":"health-travel-medical-insurance-tanzania","status":"publish","type":"page","link":"https:\/\/tiketi.com\/fr-fr\/health-travel-medical-insurance-tanzania\/","title":{"rendered":"Assurance sant\u00e9 voyage Tanzanie"},"content":{"rendered":"<h2>Assurance m\u00e9dicale voyage pas ch\u00e8re en Tanzanie<\/h2>\n<h3>Comparez et r\u00e9servez en ligne une assurance sant\u00e9 voyage en Tanzanie <a href=\"https:\/\/tiketi.com\/fr-fr\/contact-us\/\">\u00e0 pr\u00e9sent<\/a>.<\/h3>\n<p>Assurance sant\u00e9 voyage pas ch\u00e8re Tanzanie R\u00e9servation en ligne simplifi\u00e9e. Les installations m\u00e9dicales en Tanzanie peuvent \u00eatre assez limit\u00e9es, principalement lorsque vous quittez les grandes villes comme Dar es Salaam. Assurez-vous d&#039;avoir la meilleure assurance sant\u00e9 Tanzanie qui couvre les blessures, la maladie et, id\u00e9alement, le rapatriement, au cas o\u00f9 quelque chose se produirait \u00e0 l&#039;\u00e9tranger. R\u00e9servez en ligne une assurance m\u00e9dicale voyage Tanzanie et gagnez du temps et de l&#039;argent.<\/p>\n<p>Il est \u00e9galement essentiel de s&#039;assurer que vous parlez \u00e0 votre m\u00e9decin g\u00e9n\u00e9raliste au moins quatre \u00e0 six semaines avant le voyage pour v\u00e9rifier s&#039;il y a des vaccinations ou d&#039;autres mesures pr\u00e9ventives n\u00e9cessaires.<\/p>\n<h2>Assurance sant\u00e9 voyage voyages en Tanzanie<\/h2>\n<p>Vous devriez consid\u00e9rer les avantages de l&#039;assurance maladie en Tanzanie dans le cadre de la planification de votre voyage en Tanzanie. La plupart des visiteurs recherchent des conseils de voyage et discutent de l&#039;importance de l&#039;assurance m\u00e9dicale en Tanzanie et de l&#039;assurance automobile en Tanzanie qui peuvent offrir une couverture importante pour votre voyage.<\/p>\n<p>Que vous soyez en voyage d&#039;affaires ou en vacances en famille. Vous devez acheter une assurance m\u00e9dicale en Tanzanie pour votre voyage en Tanzanie. Ces plans peuvent contenir des frais m\u00e9dicaux pr\u00e9cieux, une assistance m\u00e9dicale d&#039;urgence et des services de traitement et plus encore.<\/p>\n<h2>Que couvre une assurance sant\u00e9 voyage en Tanzanie ?<\/h2>\n<p>L&#039;assurance maladie voyage en Tanzanie offre une gamme d&#039;avantages, dont certains contiennent :<\/p>\n<p>\u2022 Accident personnel et responsabilit\u00e9<br \/>\n\u2022 Frais m\u00e9dicaux et avantage hospitalier<br \/>\n\u2022 Annuler et \u00e9courter vos vacances<br \/>\n\u2022 D\u00e9part retard\u00e9<br \/>\n\u2022 Abandonner votre voyage<br \/>\n\u2022 Couverture d&#039;h\u00e9bergement<br \/>\n\u2022 Bagages et effets personnels<br \/>\n\u2022 Argent personnel, documents de voyage et passeport<br \/>\n\u2022   Frais juridiques<\/p>\n<h2>Voyagez sans souci avec l&#039;assurance voyage m\u00e9dicale en Tanzanie<\/h2>\n<p>Bien que la Tanzanie ait beaucoup \u00e0 offrir, il existe un certain nombre d&#039;endroits c\u00e9l\u00e8bres que vous devriez voir dans le pays. Les plages remarquables de la c\u00f4te de Zanzibar, la faune du parc national du Serengeti et le plus haut sommet d&#039;Afrique au mont Kilimandjaro sont tous des endroits qui devraient figurer sur votre programme de voyage, en plus d&#039;apprendre les incroyables traditions et culture locales de la r\u00e9gion.<\/p>\n<h2>Assurance compl\u00e8te Tanzanie couverture pour la Tanzanie<\/h2>\n<p>Que vous planifiez des vacances \u00e0 la plage discr\u00e8tes ou que vous vous immergiez dans la culture africaine pour tirer le meilleur parti de votre exp\u00e9rience en Tanzanie, vous devez vous assurer d&#039;\u00eatre couvert.<\/p>\n<p>Voyagez sans souci vers des destinations en Tanzanie avec une assurance m\u00e9dicale voyage en Tanzanie. Vous ne savez jamais ce qui pourrait arriver lors d&#039;un voyage dans un pays \u00e9tranger, mais avoir la meilleure assurance voyage et assurance automobile Tanzanie du nom le plus c\u00e9l\u00e8bre de l&#039;assurance dans le monde vous assure d&#039;obtenir l&#039;aide dont vous avez besoin, peu importe o\u00f9 vous \u00eates dans le plan\u00e8te.<\/p>","protected":false},"excerpt":{"rendered":"<p>Cheap Travel Medical Insurance Tanzania Compare and boook travel health insurance in Tanzania online now. Cheap travel health insurance Tanzania Online Booking made easy. Medical facilities in Tanzania can be pretty limited, mainly as you leave the bigger cities like Dar es Salaam. Ensure you have best health insurance Tanzania that covers injuries, illness, and [&hellip;]<\/p>\n","protected":false},"author":1,"featured_media":21485,"parent":0,"menu_order":0,"comment_status":"open","ping_status":"closed","template":"template-home-modern.php","meta":{"footnotes":""},"class_list":["post-11234","page","type-page","status-publish","has-post-thumbnail","hentry"],"yoast_head":"<!-- This site is optimized with the Yoast SEO plugin v27.3 - https:\/\/yoast.com\/product\/yoast-seo-wordpress\/ -->\n<title>Travel Medical Insurance Tanzania<\/title>\n<meta name=\"description\" content=\"Looking for travel health insurance Tanzania? Compare and book cheap travel medical insurance Tanzania online now\" \/>\n<meta name=\"robots\" content=\"index, follow, max-snippet:-1, max-image-preview:large, max-video-preview:-1\" \/>\n<link rel=\"canonical\" href=\"https:\/\/tiketi.com\/fr-fr\/health-travel-medical-insurance-tanzania\/\" \/>\n<meta property=\"og:locale\" content=\"fr_FR\" \/>\n<meta property=\"og:type\" content=\"article\" \/>\n<meta property=\"og:title\" content=\"Travel Medical Insurance Tanzania\" \/>\n<meta property=\"og:description\" content=\"Looking for travel health insurance Tanzania? Compare and book cheap travel medical insurance Tanzania online now\" \/>\n<meta property=\"og:url\" content=\"https:\/\/tiketi.com\/fr-fr\/health-travel-medical-insurance-tanzania\/\" \/>\n<meta property=\"og:site_name\" content=\"Tiketi.com\" \/>\n<meta property=\"article:publisher\" content=\"https:\/\/www.facebook.com\/TiketiCom\/\" \/>\n<meta property=\"article:modified_time\" content=\"2022-02-23T10:12:47+00:00\" \/>\n<meta property=\"og:image\" content=\"https:\/\/tiketi.com\/wp-content\/uploads\/2019\/05\/health-insurance-protection-1.jpg\" \/>\n\t<meta property=\"og:image:width\" content=\"1200\" \/>\n\t<meta property=\"og:image:height\" content=\"200\" \/>\n\t<meta property=\"og:image:type\" content=\"image\/jpeg\" \/>\n<meta name=\"twitter:card\" content=\"summary_large_image\" \/>\n<meta name=\"twitter:label1\" content=\"Dur\u00e9e de lecture estim\u00e9e\" \/>\n\t<meta name=\"twitter:data1\" content=\"2 minutes\" \/>\n<script type=\"application\/ld+json\" class=\"yoast-schema-graph\">{\"@context\":\"https:\\\/\\\/schema.org\",\"@graph\":[{\"@type\":\"WebPage\",\"@id\":\"https:\\\/\\\/tiketi.com\\\/health-travel-medical-insurance-tanzania\\\/\",\"url\":\"https:\\\/\\\/tiketi.com\\\/health-travel-medical-insurance-tanzania\\\/\",\"name\":\"Travel Medical Insurance Tanzania\",\"isPartOf\":{\"@id\":\"https:\\\/\\\/tiketi.com\\\/#website\"},\"primaryImageOfPage\":{\"@id\":\"https:\\\/\\\/tiketi.com\\\/health-travel-medical-insurance-tanzania\\\/#primaryimage\"},\"image\":{\"@id\":\"https:\\\/\\\/tiketi.com\\\/health-travel-medical-insurance-tanzania\\\/#primaryimage\"},\"thumbnailUrl\":\"https:\\\/\\\/tiketi.com\\\/wp-content\\\/uploads\\\/2019\\\/05\\\/health-insurance-protection-1.jpg\",\"datePublished\":\"2022-01-19T11:54:24+00:00\",\"dateModified\":\"2022-02-23T10:12:47+00:00\",\"description\":\"Looking for travel health insurance Tanzania? Compare and book cheap travel medical insurance Tanzania online now\",\"breadcrumb\":{\"@id\":\"https:\\\/\\\/tiketi.com\\\/health-travel-medical-insurance-tanzania\\\/#breadcrumb\"},\"inLanguage\":\"fr-FR\",\"potentialAction\":[{\"@type\":\"ReadAction\",\"target\":[\"https:\\\/\\\/tiketi.com\\\/health-travel-medical-insurance-tanzania\\\/\"]}]},{\"@type\":\"ImageObject\",\"inLanguage\":\"fr-FR\",\"@id\":\"https:\\\/\\\/tiketi.com\\\/health-travel-medical-insurance-tanzania\\\/#primaryimage\",\"url\":\"https:\\\/\\\/tiketi.com\\\/wp-content\\\/uploads\\\/2019\\\/05\\\/health-insurance-protection-1.jpg\",\"contentUrl\":\"https:\\\/\\\/tiketi.com\\\/wp-content\\\/uploads\\\/2019\\\/05\\\/health-insurance-protection-1.jpg\",\"width\":1200,\"height\":200,\"caption\":\"Health Insurance Protection\"},{\"@type\":\"BreadcrumbList\",\"@id\":\"https:\\\/\\\/tiketi.com\\\/health-travel-medical-insurance-tanzania\\\/#breadcrumb\",\"itemListElement\":[{\"@type\":\"ListItem\",\"position\":1,\"name\":\"Home\",\"item\":\"https:\\\/\\\/tiketi.com\\\/\"},{\"@type\":\"ListItem\",\"position\":2,\"name\":\"Travel Health Insurance Tanzania\"}]},{\"@type\":\"WebSite\",\"@id\":\"https:\\\/\\\/tiketi.com\\\/#website\",\"url\":\"https:\\\/\\\/tiketi.com\\\/\",\"name\":\"Flight & Bus Tickets, Tour Packages & Activitites - Tiketi.com\",\"description\":\"Flight &amp; Bus Tickets, Tours, Activitites\",\"publisher\":{\"@id\":\"https:\\\/\\\/tiketi.com\\\/#organization\"},\"potentialAction\":[{\"@type\":\"SearchAction\",\"target\":{\"@type\":\"EntryPoint\",\"urlTemplate\":\"https:\\\/\\\/tiketi.com\\\/?s={search_term_string}\"},\"query-input\":{\"@type\":\"PropertyValueSpecification\",\"valueRequired\":true,\"valueName\":\"search_term_string\"}}],\"inLanguage\":\"fr-FR\"},{\"@type\":\"Organization\",\"@id\":\"https:\\\/\\\/tiketi.com\\\/#organization\",\"name\":\"Tiketi.com\",\"alternateName\":\"Tiketi\",\"url\":\"https:\\\/\\\/tiketi.com\\\/\",\"logo\":{\"@type\":\"ImageObject\",\"inLanguage\":\"fr-FR\",\"@id\":\"https:\\\/\\\/tiketi.com\\\/#\\\/schema\\\/logo\\\/image\\\/\",\"url\":\"https:\\\/\\\/tiketi.com\\\/wp-content\\\/uploads\\\/2019\\\/05\\\/tiketi-logo-696.png\",\"contentUrl\":\"https:\\\/\\\/tiketi.com\\\/wp-content\\\/uploads\\\/2019\\\/05\\\/tiketi-logo-696.png\",\"width\":696,\"height\":696,\"caption\":\"Tiketi.com\"},\"image\":{\"@id\":\"https:\\\/\\\/tiketi.com\\\/#\\\/schema\\\/logo\\\/image\\\/\"},\"sameAs\":[\"https:\\\/\\\/www.facebook.com\\\/TiketiCom\\\/\"]}]}<\/script>\n<!-- \/ Yoast SEO plugin. -->","yoast_head_json":{"title":"Assurance m\u00e9dicale voyage Tanzanie","description":"Vous cherchez une assurance sant\u00e9 voyage Tanzanie ? Comparez et r\u00e9servez une assurance m\u00e9dicale voyage pas ch\u00e8re Tanzanie en ligne d\u00e8s maintenant","robots":{"index":"index","follow":"follow","max-snippet":"max-snippet:-1","max-image-preview":"max-image-preview:large","max-video-preview":"max-video-preview:-1"},"canonical":"https:\/\/tiketi.com\/fr-fr\/health-travel-medical-insurance-tanzania\/","og_locale":"fr_FR","og_type":"article","og_title":"Travel Medical Insurance Tanzania","og_description":"Looking for travel health insurance Tanzania? Compare and book cheap travel medical insurance Tanzania online now","og_url":"https:\/\/tiketi.com\/fr-fr\/health-travel-medical-insurance-tanzania\/","og_site_name":"Tiketi.com","article_publisher":"https:\/\/www.facebook.com\/TiketiCom\/","article_modified_time":"2022-02-23T10:12:47+00:00","og_image":[{"width":1200,"height":200,"url":"https:\/\/tiketi.com\/wp-content\/uploads\/2019\/05\/health-insurance-protection-1.jpg","type":"image\/jpeg"}],"twitter_card":"summary_large_image","twitter_misc":{"Dur\u00e9e de lecture estim\u00e9e":"2 minutes"},"schema":{"@context":"https:\/\/schema.org","@graph":[{"@type":"WebPage","@id":"https:\/\/tiketi.com\/health-travel-medical-insurance-tanzania\/","url":"https:\/\/tiketi.com\/health-travel-medical-insurance-tanzania\/","name":"Assurance m\u00e9dicale voyage Tanzanie","isPartOf":{"@id":"https:\/\/tiketi.com\/#website"},"primaryImageOfPage":{"@id":"https:\/\/tiketi.com\/health-travel-medical-insurance-tanzania\/#primaryimage"},"image":{"@id":"https:\/\/tiketi.com\/health-travel-medical-insurance-tanzania\/#primaryimage"},"thumbnailUrl":"https:\/\/tiketi.com\/wp-content\/uploads\/2019\/05\/health-insurance-protection-1.jpg","datePublished":"2022-01-19T11:54:24+00:00","dateModified":"2022-02-23T10:12:47+00:00","description":"Vous cherchez une assurance sant\u00e9 voyage Tanzanie ? Comparez et r\u00e9servez une assurance m\u00e9dicale voyage pas ch\u00e8re Tanzanie en ligne d\u00e8s maintenant","breadcrumb":{"@id":"https:\/\/tiketi.com\/health-travel-medical-insurance-tanzania\/#breadcrumb"},"inLanguage":"fr-FR","potentialAction":[{"@type":"ReadAction","target":["https:\/\/tiketi.com\/health-travel-medical-insurance-tanzania\/"]}]},{"@type":"ImageObject","inLanguage":"fr-FR","@id":"https:\/\/tiketi.com\/health-travel-medical-insurance-tanzania\/#primaryimage","url":"https:\/\/tiketi.com\/wp-content\/uploads\/2019\/05\/health-insurance-protection-1.jpg","contentUrl":"https:\/\/tiketi.com\/wp-content\/uploads\/2019\/05\/health-insurance-protection-1.jpg","width":1200,"height":200,"caption":"Health Insurance Protection"},{"@type":"BreadcrumbList","@id":"https:\/\/tiketi.com\/health-travel-medical-insurance-tanzania\/#breadcrumb","itemListElement":[{"@type":"ListItem","position":1,"name":"Home","item":"https:\/\/tiketi.com\/"},{"@type":"ListItem","position":2,"name":"Travel Health Insurance Tanzania"}]},{"@type":"WebSite","@id":"https:\/\/tiketi.com\/#website","url":"https:\/\/tiketi.com\/","name":"Billets d&#039;avion et de bus, forfaits touristiques et activit\u00e9s - Tiketi.com","description":"Billets d&#039;avion et de bus, Tours, Activit\u00e9s","publisher":{"@id":"https:\/\/tiketi.com\/#organization"},"potentialAction":[{"@type":"SearchAction","target":{"@type":"EntryPoint","urlTemplate":"https:\/\/tiketi.com\/?s={search_term_string}"},"query-input":{"@type":"PropertyValueSpecification","valueRequired":true,"valueName":"search_term_string"}}],"inLanguage":"fr-FR"},{"@type":"Organization","@id":"https:\/\/tiketi.com\/#organization","name":"Tiketi.com","alternateName":"Tiketi","url":"https:\/\/tiketi.com\/","logo":{"@type":"ImageObject","inLanguage":"fr-FR","@id":"https:\/\/tiketi.com\/#\/schema\/logo\/image\/","url":"https:\/\/tiketi.com\/wp-content\/uploads\/2019\/05\/tiketi-logo-696.png","contentUrl":"https:\/\/tiketi.com\/wp-content\/uploads\/2019\/05\/tiketi-logo-696.png","width":696,"height":696,"caption":"Tiketi.com"},"image":{"@id":"https:\/\/tiketi.com\/#\/schema\/logo\/image\/"},"sameAs":["https:\/\/www.facebook.com\/TiketiCom\/"]}]}},"_links":{"self":[{"href":"https:\/\/tiketi.com\/fr-fr\/wp-json\/wp\/v2\/pages\/11234","targetHints":{"allow":["GET"]}}],"collection":[{"href":"https:\/\/tiketi.com\/fr-fr\/wp-json\/wp\/v2\/pages"}],"about":[{"href":"https:\/\/tiketi.com\/fr-fr\/wp-json\/wp\/v2\/types\/page"}],"author":[{"embeddable":true,"href":"https:\/\/tiketi.com\/fr-fr\/wp-json\/wp\/v2\/users\/1"}],"replies":[{"embeddable":true,"href":"https:\/\/tiketi.com\/fr-fr\/wp-json\/wp\/v2\/comments?post=11234"}],"version-history":[{"count":0,"href":"https:\/\/tiketi.com\/fr-fr\/wp-json\/wp\/v2\/pages\/11234\/revisions"}],"wp:featuredmedia":[{"embeddable":true,"href":"https:\/\/tiketi.com\/fr-fr\/wp-json\/wp\/v2\/media\/21485"}],"wp:attachment":[{"href":"https:\/\/tiketi.com\/fr-fr\/wp-json\/wp\/v2\/media?parent=11234"}],"curies":[{"name":"wp","href":"https:\/\/api.w.org\/{rel}","templated":true}]}}