{"id":11236,"date":"2022-01-19T12:54:24","date_gmt":"2022-01-19T11:54:24","guid":{"rendered":"https:\/\/new.tiketi.com\/travel-health-insurance-kenya\/"},"modified":"2022-02-22T17:57:52","modified_gmt":"2022-02-22T16:57:52","slug":"medical-travel-health-insurance-kenya","status":"publish","type":"page","link":"https:\/\/tiketi.com\/fr-fr\/medical-travel-health-insurance-kenya\/","title":{"rendered":"Assurance maladie de voyage au Kenya"},"content":{"rendered":"<h2>Assurance m\u00e9dicale de voyage bon march\u00e9 au Kenya<\/h2>\n<h3>Comparez les prix et r\u00e9servez en ligne une assurance voyage sant\u00e9 pas ch\u00e8re au Kenya. <a href=\"https:\/\/tiketi.com\/fr-fr\/contact-us\/\">\u00e0 pr\u00e9sent<\/a>.<\/h3>\n<p>L&#039;assurance sant\u00e9 voyage au Kenya est simplifi\u00e9e. Les services de sant\u00e9 publics et priv\u00e9s sont accessibles au Kenya. Cependant, les \u00e9tablissements peuvent varier consid\u00e9rablement selon votre destination. Nous vous conseillons de souscrire une assurance sant\u00e9 suffisante avant votre d\u00e9part, couvrant les risques m\u00e9dicaux, afin d&#039;\u00e9viter des frais \u00e9lev\u00e9s en cas d&#039;impr\u00e9vu \u00e0 l&#039;\u00e9tranger. Souscrivez une assurance sant\u00e9 voyage au Kenya en ligne et gagnez du temps et de l&#039;argent.<\/p>\n<h2>Conseils g\u00e9n\u00e9raux de sant\u00e9 pour les voyageurs et les expatri\u00e9s au Kenya<\/h2>\n<p>Comme dans de nombreux autres pays africains, la g\u00e9ographie et le climat rendent la vie au Kenya assez risqu\u00e9e, car les voyageurs et les expatri\u00e9s sont expos\u00e9s \u00e0 de nombreux risques sanitaires. La pr\u00e9valence des maladies transmises par les moustiques est importante, comme le virus Zika, la fi\u00e8vre jaune et le paludisme. Il convient \u00e9galement de souligner que le risque de contracter le paludisme est plus \u00e9lev\u00e9 dans les zones rurales du Kenya, o\u00f9 se trouvent des piscines naturelles et des lacs stagnants. Si vous pr\u00e9voyez un voyage en pleine nature et que vous devez souscrire une assurance voyage au Kenya, il est essentiel de prendre des pr\u00e9cautions, comme du gel hydroalcoolique, de l&#039;eau en bouteille propre, des r\u00e9pulsifs et un traitement antipaludique.<\/p>\n<h2>Assurance m\u00e9dicale de voyage Plan d&#039;\u00e9vacuation au Kenya<\/h2>\n<p>Pour un voyageur ou un expatri\u00e9, il est essentiel d&#039;envisager une \u00e9vacuation vers le service d&#039;urgence le plus proche \u00e0 Nairobi ou dans les pays voisins, en cas d&#039;urgence ou pour des soins n\u00e9cessaires que les centres m\u00e9dicaux et les h\u00f4pitaux priv\u00e9s ne peuvent pas fournir. Cette solution peut \u00eatre id\u00e9ale si vous pr\u00e9voyez un voyage aventureux au Kenya et souhaitez vous d\u00e9tendre. Renseignez-vous aupr\u00e8s d&#039;un assureur m\u00e9dical voyage international au Kenya.<\/p>\n<h2>Pourquoi l&#039;assurance voyage sant\u00e9 au Kenya est importante<\/h2>\n<p>Une sant\u00e9 optimale est essentielle \u00e0 la vie, et sans elle, il devient difficile d&#039;atteindre les objectifs les plus importants. Alors, quelles sont les principales raisons pour lesquelles vous devriez envisager une assurance sant\u00e9 voyage au Kenya pour vous, votre famille et vos proches\u00a0?<\/p>\n<h3>Les accidents arrivent<\/h3>\n<p>Vous devez souscrire un voyage sant\u00e9 au Kenya \u00e0 un prix abordable, car les accidents peuvent survenir et avoir de graves cons\u00e9quences sur votre sant\u00e9. La g\u00e9n\u00e9tique et les germes ne sont pas les seuls risques pour notre sant\u00e9. Un accident grave peut entra\u00eener une perte de condition physique. Dans certains cas, la gestion des blessures apr\u00e8s un accident peut s&#039;av\u00e9rer extr\u00eamement co\u00fbteuse. Une assurance m\u00e9dicale voyage au Kenya vous aidera \u00e0 vous remettre sur pied et \u00e0 retrouver une sant\u00e9 optimale.<\/p>\n<h3>L&#039;assurance voyage sant\u00e9 au Kenya est abordable<\/h3>\n<p>Au Kenya, le nombre de personnes souscrivant \u00e0 une assurance maladie est en hausse. Deux tendances importantes expliquent cette tendance. Premi\u00e8rement, de plus en plus d&#039;entreprises proposent l&#039;assurance maladie \u00e0 leurs employ\u00e9s, ce qui a pour effet d&#039;accro\u00eetre le nombre de Kenyans b\u00e9n\u00e9ficiant d&#039;une couverture maladie. Deuxi\u00e8mement, l&#039;\u00e9mergence de polices d&#039;assurance maladie abordables offrant une couverture de base aux assur\u00e9s.<\/p>","protected":false},"excerpt":{"rendered":"<p>Cheap Travel Medical Insurance Kenya Compare prices and book cheap travel health insurance Kenya online now. Travel health insurance in Kenya made easy. Public and private healthcare services are both accessible in Kenya, anyway, the facilities can change quite significantly depending on where you travel in to Kenya. We suggest that you ensure you have [&hellip;]<\/p>\n","protected":false},"author":1,"featured_media":21485,"parent":0,"menu_order":0,"comment_status":"open","ping_status":"closed","template":"template-home-modern.php","meta":{"footnotes":""},"class_list":["post-11236","page","type-page","status-publish","has-post-thumbnail","hentry"],"yoast_head":"<!-- This site is optimized with the Yoast SEO plugin v27.3 - https:\/\/yoast.com\/product\/yoast-seo-wordpress\/ -->\n<title>Travel Health Insurance in Kenya<\/title>\n<meta name=\"description\" content=\"Looking for travel health insurance in Kenya? Compare prices and book medical insurance for travel to Kenya online now\" \/>\n<meta name=\"robots\" content=\"index, follow, max-snippet:-1, max-image-preview:large, max-video-preview:-1\" \/>\n<link rel=\"canonical\" href=\"https:\/\/tiketi.com\/fr-fr\/medical-travel-health-insurance-kenya\/\" \/>\n<meta property=\"og:locale\" content=\"fr_FR\" \/>\n<meta property=\"og:type\" content=\"article\" \/>\n<meta property=\"og:title\" content=\"Travel Health Insurance in Kenya\" \/>\n<meta property=\"og:description\" content=\"Looking for travel health insurance in Kenya? Compare prices and book medical insurance for travel to Kenya online now\" \/>\n<meta property=\"og:url\" content=\"https:\/\/tiketi.com\/fr-fr\/medical-travel-health-insurance-kenya\/\" \/>\n<meta property=\"og:site_name\" content=\"Tiketi.com\" \/>\n<meta property=\"article:publisher\" content=\"https:\/\/www.facebook.com\/TiketiCom\/\" \/>\n<meta property=\"article:modified_time\" content=\"2022-02-22T16:57:52+00:00\" \/>\n<meta property=\"og:image\" content=\"https:\/\/tiketi.com\/wp-content\/uploads\/2019\/05\/health-insurance-protection-1.jpg\" \/>\n\t<meta property=\"og:image:width\" content=\"1200\" \/>\n\t<meta property=\"og:image:height\" content=\"200\" \/>\n\t<meta property=\"og:image:type\" content=\"image\/jpeg\" \/>\n<meta name=\"twitter:card\" content=\"summary_large_image\" \/>\n<meta name=\"twitter:label1\" content=\"Dur\u00e9e de lecture estim\u00e9e\" \/>\n\t<meta name=\"twitter:data1\" content=\"3 minutes\" \/>\n<script type=\"application\/ld+json\" class=\"yoast-schema-graph\">{\"@context\":\"https:\\\/\\\/schema.org\",\"@graph\":[{\"@type\":\"WebPage\",\"@id\":\"https:\\\/\\\/tiketi.com\\\/medical-travel-health-insurance-kenya\\\/\",\"url\":\"https:\\\/\\\/tiketi.com\\\/medical-travel-health-insurance-kenya\\\/\",\"name\":\"Travel Health Insurance in Kenya\",\"isPartOf\":{\"@id\":\"https:\\\/\\\/tiketi.com\\\/#website\"},\"primaryImageOfPage\":{\"@id\":\"https:\\\/\\\/tiketi.com\\\/medical-travel-health-insurance-kenya\\\/#primaryimage\"},\"image\":{\"@id\":\"https:\\\/\\\/tiketi.com\\\/medical-travel-health-insurance-kenya\\\/#primaryimage\"},\"thumbnailUrl\":\"https:\\\/\\\/tiketi.com\\\/wp-content\\\/uploads\\\/2019\\\/05\\\/health-insurance-protection-1.jpg\",\"datePublished\":\"2022-01-19T11:54:24+00:00\",\"dateModified\":\"2022-02-22T16:57:52+00:00\",\"description\":\"Looking for travel health insurance in Kenya? Compare prices and book medical insurance for travel to Kenya online now\",\"breadcrumb\":{\"@id\":\"https:\\\/\\\/tiketi.com\\\/medical-travel-health-insurance-kenya\\\/#breadcrumb\"},\"inLanguage\":\"fr-FR\",\"potentialAction\":[{\"@type\":\"ReadAction\",\"target\":[\"https:\\\/\\\/tiketi.com\\\/medical-travel-health-insurance-kenya\\\/\"]}]},{\"@type\":\"ImageObject\",\"inLanguage\":\"fr-FR\",\"@id\":\"https:\\\/\\\/tiketi.com\\\/medical-travel-health-insurance-kenya\\\/#primaryimage\",\"url\":\"https:\\\/\\\/tiketi.com\\\/wp-content\\\/uploads\\\/2019\\\/05\\\/health-insurance-protection-1.jpg\",\"contentUrl\":\"https:\\\/\\\/tiketi.com\\\/wp-content\\\/uploads\\\/2019\\\/05\\\/health-insurance-protection-1.jpg\",\"width\":1200,\"height\":200,\"caption\":\"Health Insurance Protection\"},{\"@type\":\"BreadcrumbList\",\"@id\":\"https:\\\/\\\/tiketi.com\\\/medical-travel-health-insurance-kenya\\\/#breadcrumb\",\"itemListElement\":[{\"@type\":\"ListItem\",\"position\":1,\"name\":\"Home\",\"item\":\"https:\\\/\\\/tiketi.com\\\/\"},{\"@type\":\"ListItem\",\"position\":2,\"name\":\"Travel Health Insurance in Kenya\"}]},{\"@type\":\"WebSite\",\"@id\":\"https:\\\/\\\/tiketi.com\\\/#website\",\"url\":\"https:\\\/\\\/tiketi.com\\\/\",\"name\":\"Flight & Bus Tickets, Tour Packages & Activitites - Tiketi.com\",\"description\":\"Flight &amp; Bus Tickets, Tours, Activitites\",\"publisher\":{\"@id\":\"https:\\\/\\\/tiketi.com\\\/#organization\"},\"potentialAction\":[{\"@type\":\"SearchAction\",\"target\":{\"@type\":\"EntryPoint\",\"urlTemplate\":\"https:\\\/\\\/tiketi.com\\\/?s={search_term_string}\"},\"query-input\":{\"@type\":\"PropertyValueSpecification\",\"valueRequired\":true,\"valueName\":\"search_term_string\"}}],\"inLanguage\":\"fr-FR\"},{\"@type\":\"Organization\",\"@id\":\"https:\\\/\\\/tiketi.com\\\/#organization\",\"name\":\"Tiketi.com\",\"alternateName\":\"Tiketi\",\"url\":\"https:\\\/\\\/tiketi.com\\\/\",\"logo\":{\"@type\":\"ImageObject\",\"inLanguage\":\"fr-FR\",\"@id\":\"https:\\\/\\\/tiketi.com\\\/#\\\/schema\\\/logo\\\/image\\\/\",\"url\":\"https:\\\/\\\/tiketi.com\\\/wp-content\\\/uploads\\\/2019\\\/05\\\/tiketi-logo-696.png\",\"contentUrl\":\"https:\\\/\\\/tiketi.com\\\/wp-content\\\/uploads\\\/2019\\\/05\\\/tiketi-logo-696.png\",\"width\":696,\"height\":696,\"caption\":\"Tiketi.com\"},\"image\":{\"@id\":\"https:\\\/\\\/tiketi.com\\\/#\\\/schema\\\/logo\\\/image\\\/\"},\"sameAs\":[\"https:\\\/\\\/www.facebook.com\\\/TiketiCom\\\/\"]}]}<\/script>\n<!-- \/ Yoast SEO plugin. -->","yoast_head_json":{"title":"Assurance maladie de voyage au Kenya","description":"Vous recherchez une assurance sant\u00e9 voyage au Kenya ? Comparez les prix et r\u00e9servez d\u00e8s maintenant en ligne une assurance m\u00e9dicale pour votre voyage au Kenya","robots":{"index":"index","follow":"follow","max-snippet":"max-snippet:-1","max-image-preview":"max-image-preview:large","max-video-preview":"max-video-preview:-1"},"canonical":"https:\/\/tiketi.com\/fr-fr\/medical-travel-health-insurance-kenya\/","og_locale":"fr_FR","og_type":"article","og_title":"Travel Health Insurance in Kenya","og_description":"Looking for travel health insurance in Kenya? Compare prices and book medical insurance for travel to Kenya online now","og_url":"https:\/\/tiketi.com\/fr-fr\/medical-travel-health-insurance-kenya\/","og_site_name":"Tiketi.com","article_publisher":"https:\/\/www.facebook.com\/TiketiCom\/","article_modified_time":"2022-02-22T16:57:52+00:00","og_image":[{"width":1200,"height":200,"url":"https:\/\/tiketi.com\/wp-content\/uploads\/2019\/05\/health-insurance-protection-1.jpg","type":"image\/jpeg"}],"twitter_card":"summary_large_image","twitter_misc":{"Dur\u00e9e de lecture estim\u00e9e":"3 minutes"},"schema":{"@context":"https:\/\/schema.org","@graph":[{"@type":"WebPage","@id":"https:\/\/tiketi.com\/medical-travel-health-insurance-kenya\/","url":"https:\/\/tiketi.com\/medical-travel-health-insurance-kenya\/","name":"Assurance maladie de voyage au Kenya","isPartOf":{"@id":"https:\/\/tiketi.com\/#website"},"primaryImageOfPage":{"@id":"https:\/\/tiketi.com\/medical-travel-health-insurance-kenya\/#primaryimage"},"image":{"@id":"https:\/\/tiketi.com\/medical-travel-health-insurance-kenya\/#primaryimage"},"thumbnailUrl":"https:\/\/tiketi.com\/wp-content\/uploads\/2019\/05\/health-insurance-protection-1.jpg","datePublished":"2022-01-19T11:54:24+00:00","dateModified":"2022-02-22T16:57:52+00:00","description":"Vous recherchez une assurance sant\u00e9 voyage au Kenya ? Comparez les prix et r\u00e9servez d\u00e8s maintenant en ligne une assurance m\u00e9dicale pour votre voyage au Kenya","breadcrumb":{"@id":"https:\/\/tiketi.com\/medical-travel-health-insurance-kenya\/#breadcrumb"},"inLanguage":"fr-FR","potentialAction":[{"@type":"ReadAction","target":["https:\/\/tiketi.com\/medical-travel-health-insurance-kenya\/"]}]},{"@type":"ImageObject","inLanguage":"fr-FR","@id":"https:\/\/tiketi.com\/medical-travel-health-insurance-kenya\/#primaryimage","url":"https:\/\/tiketi.com\/wp-content\/uploads\/2019\/05\/health-insurance-protection-1.jpg","contentUrl":"https:\/\/tiketi.com\/wp-content\/uploads\/2019\/05\/health-insurance-protection-1.jpg","width":1200,"height":200,"caption":"Health Insurance Protection"},{"@type":"BreadcrumbList","@id":"https:\/\/tiketi.com\/medical-travel-health-insurance-kenya\/#breadcrumb","itemListElement":[{"@type":"ListItem","position":1,"name":"Home","item":"https:\/\/tiketi.com\/"},{"@type":"ListItem","position":2,"name":"Travel Health Insurance in Kenya"}]},{"@type":"WebSite","@id":"https:\/\/tiketi.com\/#website","url":"https:\/\/tiketi.com\/","name":"Billets d&#039;avion et de bus, forfaits touristiques et activit\u00e9s - Tiketi.com","description":"Billets d&#039;avion et de bus, Tours, Activit\u00e9s","publisher":{"@id":"https:\/\/tiketi.com\/#organization"},"potentialAction":[{"@type":"SearchAction","target":{"@type":"EntryPoint","urlTemplate":"https:\/\/tiketi.com\/?s={search_term_string}"},"query-input":{"@type":"PropertyValueSpecification","valueRequired":true,"valueName":"search_term_string"}}],"inLanguage":"fr-FR"},{"@type":"Organization","@id":"https:\/\/tiketi.com\/#organization","name":"Tiketi.com","alternateName":"Tiketi","url":"https:\/\/tiketi.com\/","logo":{"@type":"ImageObject","inLanguage":"fr-FR","@id":"https:\/\/tiketi.com\/#\/schema\/logo\/image\/","url":"https:\/\/tiketi.com\/wp-content\/uploads\/2019\/05\/tiketi-logo-696.png","contentUrl":"https:\/\/tiketi.com\/wp-content\/uploads\/2019\/05\/tiketi-logo-696.png","width":696,"height":696,"caption":"Tiketi.com"},"image":{"@id":"https:\/\/tiketi.com\/#\/schema\/logo\/image\/"},"sameAs":["https:\/\/www.facebook.com\/TiketiCom\/"]}]}},"_links":{"self":[{"href":"https:\/\/tiketi.com\/fr-fr\/wp-json\/wp\/v2\/pages\/11236","targetHints":{"allow":["GET"]}}],"collection":[{"href":"https:\/\/tiketi.com\/fr-fr\/wp-json\/wp\/v2\/pages"}],"about":[{"href":"https:\/\/tiketi.com\/fr-fr\/wp-json\/wp\/v2\/types\/page"}],"author":[{"embeddable":true,"href":"https:\/\/tiketi.com\/fr-fr\/wp-json\/wp\/v2\/users\/1"}],"replies":[{"embeddable":true,"href":"https:\/\/tiketi.com\/fr-fr\/wp-json\/wp\/v2\/comments?post=11236"}],"version-history":[{"count":0,"href":"https:\/\/tiketi.com\/fr-fr\/wp-json\/wp\/v2\/pages\/11236\/revisions"}],"wp:featuredmedia":[{"embeddable":true,"href":"https:\/\/tiketi.com\/fr-fr\/wp-json\/wp\/v2\/media\/21485"}],"wp:attachment":[{"href":"https:\/\/tiketi.com\/fr-fr\/wp-json\/wp\/v2\/media?parent=11236"}],"curies":[{"name":"wp","href":"https:\/\/api.w.org\/{rel}","templated":true}]}}