{"id":11237,"date":"2022-01-19T12:54:24","date_gmt":"2022-01-19T11:54:24","guid":{"rendered":"https:\/\/new.tiketi.com\/travel-health-insurance-ghana\/"},"modified":"2022-02-22T17:00:47","modified_gmt":"2022-02-22T16:00:47","slug":"medical-travel-health-insurance-ghana","status":"publish","type":"page","link":"https:\/\/tiketi.com\/fr-fr\/medical-travel-health-insurance-ghana\/","title":{"rendered":"Assurance maladie de voyage au Ghana"},"content":{"rendered":"<h2>Assurance m\u00e9dicale pour les voyages au Ghana<\/h2>\n<h3>Comparez les prix et r\u00e9servez en ligne une assurance sant\u00e9 voyage pas ch\u00e8re au Ghana <a href=\"https:\/\/tiketi.com\/fr-fr\/contact-us\/\">\u00e0 pr\u00e9sent<\/a>.<\/h3>\n<p>L&#039;assurance sant\u00e9 voyage au Ghana est facile \u00e0 souscrire. Il existe des centres de sant\u00e9 priv\u00e9s et publics au Ghana. Le niveau peut \u00eatre moyen et capable de faciliter toute blessure grave. Il est essentiel de vous assurer que vous disposez d&#039;une assurance sant\u00e9 voyage au Ghana suffisante, qui couvre les traitements m\u00e9dicaux et le rapatriement. R\u00e9servez en ligne une assurance m\u00e9dicale pour voyager en Tanzanie et \u00e9conomisez du temps et de l&#039;argent.<\/p>\n<h2>Conseils de sant\u00e9 pour les voyageurs au Ghana<\/h2>\n<p>Les h\u00f4pitaux d&#039;urgence et les services de sant\u00e9 se trouvent dans les villes. Les pharmacies sont accessibles dans toutes les grandes villes et villages, certaines \u00e9tant m\u00eame ouvertes 24 heures sur 24. Il est essentiel de noter que seules certaines pharmacies sont autoris\u00e9es \u00e0 vendre des m\u00e9dicaments sur ordonnance. De m\u00eame, vous devez vous assurer que le m\u00e9dicament que vous achetez a l&#039;approbation du Conseil ghan\u00e9en des pharmacies.<\/p>\n<p>Certaines pharmacies du pays vendent des m\u00e9dicaments contrefaits et de qualit\u00e9 inf\u00e9rieure. Le choix le plus s\u00fbr est donc d&#039;acheter des m\u00e9dicaments dans une pharmacie faisant partie d&#039;un \u00e9tablissement de sant\u00e9 de premier ordre. Si vous prenez des m\u00e9dicaments sur ordonnance, il est pr\u00e9f\u00e9rable de les emporter avec vous au Ghana. Vous devez \u00e9galement voyager avec des copies de vos ordonnances et les noms g\u00e9n\u00e9raux des m\u00e9dicaments, au cas o\u00f9.<\/p>\n<h2>Assurance m\u00e9dicale pour un voyage au Ghana<\/h2>\n<p>La couverture minimale devrait \u00eatre de 30 000,00 EUR. L&#039;assurance m\u00e9dicale pour un voyage au Ghana peut \u00eatre souscrite au Ghana ou \u00e0 l&#039;\u00e9tranger. La preuve d&#039;assurance doit \u00eatre soumise lors de la demande. Tous les candidats \u00e0 qui un visa \u00e0 entr\u00e9es multiples a \u00e9t\u00e9 propos\u00e9 doivent signer une d\u00e9claration indiquant qu&#039;ils seront en possession d&#039;une assurance m\u00e9dicale ghan\u00e9enne pour chaque visite ult\u00e9rieure sur le territoire Schengen pendant la dur\u00e9e du visa \u00e0 entr\u00e9es multiples.<\/p>\n<h2>Assurance m\u00e9dicale pour les voyages au Ghana<\/h2>\n<p>Les expatri\u00e9s qui s&#039;installent au Ghana doivent souscrire une assurance sant\u00e9 priv\u00e9e avant d&#039;arriver dans le pays, car elle couvre toute une gamme de probl\u00e8mes de sant\u00e9 et de traitements priv\u00e9s au Ghana. Les employeurs fournissent g\u00e9n\u00e9ralement une assurance sant\u00e9 dans le cadre d&#039;un contrat d&#039;emploi. Vous devez vous assurer que votre police couvre l&#039;\u00e9vacuation d&#039;urgence et le rapatriement au cas o\u00f9 vous auriez besoin de soins m\u00e9dicaux s\u00e9rieux et que vous deviez \u00eatre transparent chez vous ou dans un autre pays pour un traitement.<\/p>\n<h2>Ce que vous obtenez avec une assurance sant\u00e9 voyage au Ghana<\/h2>\n<p>\u2022 Elle prend en charge les frais r\u00e9sultant des soins dentaires d\u2019urgence, de l\u2019hospitalisation, de l\u2019\u00e9vacuation sanitaire et du rapatriement de la d\u00e9pouille mortelle si n\u00e9cessaire.<br \/>\n\u2022 Aide \u00e0 la d\u00e9fense juridique, paiement de la livraison des m\u00e9dicaments et avance de la caution si n\u00e9cessaire.<br \/>\n\u2022 Indemnisation en cas de retard de votre vol<br \/>\n\u2022 Couvrir la perte de documents d\u2019identit\u00e9 et de bagages, ainsi que les frais de localisation et de r\u00e9exp\u00e9dition de vos bagages et bagages personnels.<br \/>\n\u2022 Le co\u00fbt d\u00e9pend des pays que vous visitez et de la dur\u00e9e de votre circuit<\/p>","protected":false},"excerpt":{"rendered":"<p>Medical Insurance for Travel to Ghana Compare prices and book cheap travel health insurance Ghana online now. Travel health insurance in Ghana made easy. There are private and public healthcare centers in Ghana. The standard can be average and capable to facilitate any serious injuries. It is vital to ensure that you have sufficient Ghana [&hellip;]<\/p>\n","protected":false},"author":1,"featured_media":21485,"parent":0,"menu_order":0,"comment_status":"open","ping_status":"closed","template":"template-home-modern.php","meta":{"footnotes":""},"class_list":["post-11237","page","type-page","status-publish","has-post-thumbnail","hentry"],"yoast_head":"<!-- This site is optimized with the Yoast SEO plugin v27.2 - https:\/\/yoast.com\/product\/yoast-seo-wordpress\/ -->\n<title>Travel Health Insurance in Ghana<\/title>\n<meta name=\"description\" content=\"Looking for travel health insurance in Ghana? Compare prices and book medical insurance for travel to Ghana online now\" \/>\n<meta name=\"robots\" content=\"index, follow, max-snippet:-1, max-image-preview:large, max-video-preview:-1\" \/>\n<link rel=\"canonical\" href=\"https:\/\/tiketi.com\/fr-fr\/medical-travel-health-insurance-ghana\/\" \/>\n<meta property=\"og:locale\" content=\"fr_FR\" \/>\n<meta property=\"og:type\" content=\"article\" \/>\n<meta property=\"og:title\" content=\"Travel Health Insurance in Ghana\" \/>\n<meta property=\"og:description\" content=\"Looking for travel health insurance in Ghana? Compare prices and book medical insurance for travel to Ghana online now\" \/>\n<meta property=\"og:url\" content=\"https:\/\/tiketi.com\/fr-fr\/medical-travel-health-insurance-ghana\/\" \/>\n<meta property=\"og:site_name\" content=\"Tiketi.com\" \/>\n<meta property=\"article:publisher\" content=\"https:\/\/www.facebook.com\/TiketiCom\/\" \/>\n<meta property=\"article:modified_time\" content=\"2022-02-22T16:00:47+00:00\" \/>\n<meta property=\"og:image\" content=\"https:\/\/tiketi.com\/wp-content\/uploads\/2019\/05\/health-insurance-protection-1.jpg\" \/>\n\t<meta property=\"og:image:width\" content=\"1200\" \/>\n\t<meta property=\"og:image:height\" content=\"200\" \/>\n\t<meta property=\"og:image:type\" content=\"image\/jpeg\" \/>\n<meta name=\"twitter:card\" content=\"summary_large_image\" \/>\n<meta name=\"twitter:label1\" content=\"Dur\u00e9e de lecture estim\u00e9e\" \/>\n\t<meta name=\"twitter:data1\" content=\"2 minutes\" \/>\n<script type=\"application\/ld+json\" class=\"yoast-schema-graph\">{\"@context\":\"https:\/\/schema.org\",\"@graph\":[{\"@type\":\"WebPage\",\"@id\":\"https:\/\/tiketi.com\/fr-fr\/medical-travel-health-insurance-ghana\/\",\"url\":\"https:\/\/tiketi.com\/fr-fr\/medical-travel-health-insurance-ghana\/\",\"name\":\"Travel Health Insurance in Ghana\",\"isPartOf\":{\"@id\":\"https:\/\/tiketi.com\/#website\"},\"primaryImageOfPage\":{\"@id\":\"https:\/\/tiketi.com\/fr-fr\/medical-travel-health-insurance-ghana\/#primaryimage\"},\"image\":{\"@id\":\"https:\/\/tiketi.com\/fr-fr\/medical-travel-health-insurance-ghana\/#primaryimage\"},\"thumbnailUrl\":\"https:\/\/tiketi.com\/wp-content\/uploads\/2019\/05\/health-insurance-protection-1.jpg\",\"datePublished\":\"2022-01-19T11:54:24+00:00\",\"dateModified\":\"2022-02-22T16:00:47+00:00\",\"description\":\"Looking for travel health insurance in Ghana? Compare prices and book medical insurance for travel to Ghana online now\",\"breadcrumb\":{\"@id\":\"https:\/\/tiketi.com\/fr-fr\/medical-travel-health-insurance-ghana\/#breadcrumb\"},\"inLanguage\":\"fr-FR\",\"potentialAction\":[{\"@type\":\"ReadAction\",\"target\":[\"https:\/\/tiketi.com\/fr-fr\/medical-travel-health-insurance-ghana\/\"]}]},{\"@type\":\"ImageObject\",\"inLanguage\":\"fr-FR\",\"@id\":\"https:\/\/tiketi.com\/fr-fr\/medical-travel-health-insurance-ghana\/#primaryimage\",\"url\":\"https:\/\/tiketi.com\/wp-content\/uploads\/2019\/05\/health-insurance-protection-1.jpg\",\"contentUrl\":\"https:\/\/tiketi.com\/wp-content\/uploads\/2019\/05\/health-insurance-protection-1.jpg\",\"width\":1200,\"height\":200,\"caption\":\"Health Insurance Protection\"},{\"@type\":\"BreadcrumbList\",\"@id\":\"https:\/\/tiketi.com\/fr-fr\/medical-travel-health-insurance-ghana\/#breadcrumb\",\"itemListElement\":[{\"@type\":\"ListItem\",\"position\":1,\"name\":\"Home\",\"item\":\"https:\/\/tiketi.com\/\"},{\"@type\":\"ListItem\",\"position\":2,\"name\":\"Travel Health Insurance in Ghana\"}]},{\"@type\":\"WebSite\",\"@id\":\"https:\/\/tiketi.com\/#website\",\"url\":\"https:\/\/tiketi.com\/\",\"name\":\"Flight & Bus Tickets, Tour Packages & Activitites - Tiketi.com\",\"description\":\"Flight &amp; Bus Tickets, Tours, Activitites\",\"publisher\":{\"@id\":\"https:\/\/tiketi.com\/#organization\"},\"potentialAction\":[{\"@type\":\"SearchAction\",\"target\":{\"@type\":\"EntryPoint\",\"urlTemplate\":\"https:\/\/tiketi.com\/?s={search_term_string}\"},\"query-input\":{\"@type\":\"PropertyValueSpecification\",\"valueRequired\":true,\"valueName\":\"search_term_string\"}}],\"inLanguage\":\"fr-FR\"},{\"@type\":\"Organization\",\"@id\":\"https:\/\/tiketi.com\/#organization\",\"name\":\"Tiketi.com\",\"alternateName\":\"Tiketi\",\"url\":\"https:\/\/tiketi.com\/\",\"logo\":{\"@type\":\"ImageObject\",\"inLanguage\":\"fr-FR\",\"@id\":\"https:\/\/tiketi.com\/#\/schema\/logo\/image\/\",\"url\":\"https:\/\/tiketi.com\/wp-content\/uploads\/2019\/05\/tiketi-logo-696.png\",\"contentUrl\":\"https:\/\/tiketi.com\/wp-content\/uploads\/2019\/05\/tiketi-logo-696.png\",\"width\":696,\"height\":696,\"caption\":\"Tiketi.com\"},\"image\":{\"@id\":\"https:\/\/tiketi.com\/#\/schema\/logo\/image\/\"},\"sameAs\":[\"https:\/\/www.facebook.com\/TiketiCom\/\"]}]}<\/script>\n<!-- \/ Yoast SEO plugin. -->","yoast_head_json":{"title":"Assurance maladie de voyage au Ghana","description":"Vous recherchez une assurance sant\u00e9 voyage au Ghana ? Comparez les prix et r\u00e9servez en ligne d\u00e8s maintenant une assurance m\u00e9dicale pour voyager au Ghana","robots":{"index":"index","follow":"follow","max-snippet":"max-snippet:-1","max-image-preview":"max-image-preview:large","max-video-preview":"max-video-preview:-1"},"canonical":"https:\/\/tiketi.com\/fr-fr\/medical-travel-health-insurance-ghana\/","og_locale":"fr_FR","og_type":"article","og_title":"Travel Health Insurance in Ghana","og_description":"Looking for travel health insurance in Ghana? Compare prices and book medical insurance for travel to Ghana online now","og_url":"https:\/\/tiketi.com\/fr-fr\/medical-travel-health-insurance-ghana\/","og_site_name":"Tiketi.com","article_publisher":"https:\/\/www.facebook.com\/TiketiCom\/","article_modified_time":"2022-02-22T16:00:47+00:00","og_image":[{"width":1200,"height":200,"url":"https:\/\/tiketi.com\/wp-content\/uploads\/2019\/05\/health-insurance-protection-1.jpg","type":"image\/jpeg"}],"twitter_card":"summary_large_image","twitter_misc":{"Dur\u00e9e de lecture estim\u00e9e":"2 minutes"},"schema":{"@context":"https:\/\/schema.org","@graph":[{"@type":"WebPage","@id":"https:\/\/tiketi.com\/fr-fr\/medical-travel-health-insurance-ghana\/","url":"https:\/\/tiketi.com\/fr-fr\/medical-travel-health-insurance-ghana\/","name":"Assurance maladie de voyage au Ghana","isPartOf":{"@id":"https:\/\/tiketi.com\/#website"},"primaryImageOfPage":{"@id":"https:\/\/tiketi.com\/fr-fr\/medical-travel-health-insurance-ghana\/#primaryimage"},"image":{"@id":"https:\/\/tiketi.com\/fr-fr\/medical-travel-health-insurance-ghana\/#primaryimage"},"thumbnailUrl":"https:\/\/tiketi.com\/wp-content\/uploads\/2019\/05\/health-insurance-protection-1.jpg","datePublished":"2022-01-19T11:54:24+00:00","dateModified":"2022-02-22T16:00:47+00:00","description":"Vous recherchez une assurance sant\u00e9 voyage au Ghana ? Comparez les prix et r\u00e9servez en ligne d\u00e8s maintenant une assurance m\u00e9dicale pour voyager au Ghana","breadcrumb":{"@id":"https:\/\/tiketi.com\/fr-fr\/medical-travel-health-insurance-ghana\/#breadcrumb"},"inLanguage":"fr-FR","potentialAction":[{"@type":"ReadAction","target":["https:\/\/tiketi.com\/fr-fr\/medical-travel-health-insurance-ghana\/"]}]},{"@type":"ImageObject","inLanguage":"fr-FR","@id":"https:\/\/tiketi.com\/fr-fr\/medical-travel-health-insurance-ghana\/#primaryimage","url":"https:\/\/tiketi.com\/wp-content\/uploads\/2019\/05\/health-insurance-protection-1.jpg","contentUrl":"https:\/\/tiketi.com\/wp-content\/uploads\/2019\/05\/health-insurance-protection-1.jpg","width":1200,"height":200,"caption":"Health Insurance Protection"},{"@type":"BreadcrumbList","@id":"https:\/\/tiketi.com\/fr-fr\/medical-travel-health-insurance-ghana\/#breadcrumb","itemListElement":[{"@type":"ListItem","position":1,"name":"Home","item":"https:\/\/tiketi.com\/"},{"@type":"ListItem","position":2,"name":"Travel Health Insurance in Ghana"}]},{"@type":"WebSite","@id":"https:\/\/tiketi.com\/#website","url":"https:\/\/tiketi.com\/","name":"Billets d&#039;avion et de bus, forfaits touristiques et activit\u00e9s - Tiketi.com","description":"Billets d&#039;avion et de bus, Tours, Activit\u00e9s","publisher":{"@id":"https:\/\/tiketi.com\/#organization"},"potentialAction":[{"@type":"SearchAction","target":{"@type":"EntryPoint","urlTemplate":"https:\/\/tiketi.com\/?s={search_term_string}"},"query-input":{"@type":"PropertyValueSpecification","valueRequired":true,"valueName":"search_term_string"}}],"inLanguage":"fr-FR"},{"@type":"Organization","@id":"https:\/\/tiketi.com\/#organization","name":"Tiketi.com","alternateName":"Tiketi","url":"https:\/\/tiketi.com\/","logo":{"@type":"ImageObject","inLanguage":"fr-FR","@id":"https:\/\/tiketi.com\/#\/schema\/logo\/image\/","url":"https:\/\/tiketi.com\/wp-content\/uploads\/2019\/05\/tiketi-logo-696.png","contentUrl":"https:\/\/tiketi.com\/wp-content\/uploads\/2019\/05\/tiketi-logo-696.png","width":696,"height":696,"caption":"Tiketi.com"},"image":{"@id":"https:\/\/tiketi.com\/#\/schema\/logo\/image\/"},"sameAs":["https:\/\/www.facebook.com\/TiketiCom\/"]}]}},"_links":{"self":[{"href":"https:\/\/tiketi.com\/fr-fr\/wp-json\/wp\/v2\/pages\/11237","targetHints":{"allow":["GET"]}}],"collection":[{"href":"https:\/\/tiketi.com\/fr-fr\/wp-json\/wp\/v2\/pages"}],"about":[{"href":"https:\/\/tiketi.com\/fr-fr\/wp-json\/wp\/v2\/types\/page"}],"author":[{"embeddable":true,"href":"https:\/\/tiketi.com\/fr-fr\/wp-json\/wp\/v2\/users\/1"}],"replies":[{"embeddable":true,"href":"https:\/\/tiketi.com\/fr-fr\/wp-json\/wp\/v2\/comments?post=11237"}],"version-history":[{"count":0,"href":"https:\/\/tiketi.com\/fr-fr\/wp-json\/wp\/v2\/pages\/11237\/revisions"}],"wp:featuredmedia":[{"embeddable":true,"href":"https:\/\/tiketi.com\/fr-fr\/wp-json\/wp\/v2\/media\/21485"}],"wp:attachment":[{"href":"https:\/\/tiketi.com\/fr-fr\/wp-json\/wp\/v2\/media?parent=11237"}],"curies":[{"name":"wp","href":"https:\/\/api.w.org\/{rel}","templated":true}]}}