{"id":11238,"date":"2022-01-19T12:54:24","date_gmt":"2022-01-19T11:54:24","guid":{"rendered":"https:\/\/new.tiketi.com\/online-top-up-ghana-mobile-recharge\/"},"modified":"2022-02-18T17:23:51","modified_gmt":"2022-02-18T16:23:51","slug":"online-top-up-ghana-mobile","status":"publish","type":"page","link":"https:\/\/tiketi.com\/fr-fr\/online-top-up-ghana-mobile\/","title":{"rendered":"Recharge en ligne Ghana - Recharge mobile - Paiement de facture"},"content":{"rendered":"<h2>Recharge mobile bon march\u00e9 Ghana en ligne<\/h2>\n<h3>Rechargez votre t\u00e9l\u00e9phone portable au Ghana en ligne maintenant.<\/h3>\n<p>Recharger en ligne Ghana en toute simplicit\u00e9. Payez vos factures et rechargez votre mobile au Ghana en ligne et \u00e9conomisez du temps et de l&#039;argent.<\/p>\n<h2>Recharge en ligne Ghana FAQ<\/h2>\n<h3>Qu&#039;est-ce qu&#039;une recharge de temps d&#039;antenne au Ghana en ligne\u00a0?<\/h3>\n<p>Tous les t\u00e9l\u00e9phones mobiles pr\u00e9par\u00e9s ont besoin de temps d&#039;antenne pour que l&#039;utilisateur puisse envoyer des messages texte, passer des appels ou utiliser des donn\u00e9es. Ce temps d&#039;antenne, \u00e9galement appel\u00e9 temps de conversation ou cr\u00e9dit mobile, doit \u00eatre pay\u00e9 avant que le t\u00e9l\u00e9phone puisse \u00eatre utilis\u00e9. Si une personne manque de cr\u00e9dit ou de temps d&#039;antenne, elle pourra utiliser le t\u00e9l\u00e9phone jusqu&#039;\u00e0 ce qu&#039;elle renouvelle son t\u00e9l\u00e9phone jusqu&#039;\u00e0 ce que plus de recharge mobile Ghana ait \u00e9t\u00e9 achet\u00e9e.<\/p>\n<p>Le temps d&#039;antenne du Ghana est ajout\u00e9 au t\u00e9l\u00e9phone des destinataires presque rapidement, ce qui en fait un moyen simple, rapide et pratique de rester en contact. Une fois que la recharge en ligne du Ghana a \u00e9t\u00e9 effectu\u00e9e, elle peut \u00eatre utilis\u00e9e sous forme de SMS, d&#039;appels et de donn\u00e9es, de toute fa\u00e7on elle ne peut pas \u00eatre transform\u00e9e en esp\u00e8ces.<\/p>\n<h3>Comment envoyer du temps d&#039;antenne au Ghana<\/h3>\n<p>1. Entrez le num\u00e9ro de t\u00e9l\u00e9phone des destinataires<br \/>\n2. Choisissez le montant que vous souhaitez envoyer<br \/>\n3. Payez par Internet<br \/>\n4. Vous et le destinataire recevez une confirmation par SMS une fois que la recharge en ligne du Ghana a \u00e9t\u00e9 effectu\u00e9e<\/p>\n<h3>Recharger mobile Ghana en ligne C&#039;est s\u00fbr, simple et rapide<\/h3>\n<p>Si vous avez des amis ou de la famille qui vivent, voyagent ou travaillent au Ghana, l&#039;achat en ligne de temps d&#039;antenne au Ghana est un moyen simple et s\u00fbr de rester en contact. Il n&#039;est pas toujours parfait pour ceux au Ghana de recharger eux-m\u00eames leur temps d&#039;antenne, ils peuvent \u00eatre loin de la ville la plus proche, ne pas avoir l&#039;argent pour recharger leur t\u00e9l\u00e9phone au Ghana ou ne pas savoir comment le faire.<\/p>\n<p>Non seulement c&#039;est simple et rapide \u00e0 envoyer <strong>recharge t\u00e9l\u00e9phonique Ghana<\/strong>, mais il est tr\u00e8s s\u00fbr de n&#039;importe quel appareil. Avec des taux de change agressifs et aucun changement sur le temps d&#039;antenne des recharges, vous pouvez obtenir moins cher avec votre famille et vos amis.<\/p>\n<h2>Comment cr\u00e9er le paiement de factures Ghana avec un fournisseur de services mobiles<\/h2>\n<p>Pour \u00e9tablir le paiement de factures Internet Ghana avec un fournisseur de services mobiles, vous devrez g\u00e9n\u00e9ralement fournir un ch\u00e8que annul\u00e9 et une autorisation d&#039;accorder \u00e0 l&#039;entreprise en question l&#039;autorisation de retirer des fonds de votre compte bancaire. Il vous sera demand\u00e9 de fournir des informations de compte bancaire telles que votre num\u00e9ro de compte ou tout num\u00e9ro de routage li\u00e9 au compte courant, sous forme d&#039;autorisation ou s\u00e9par\u00e9ment.<\/p>\n<p>Dans certains cas, vous pouvez \u00eatre en mesure de fournir les informations de votre carte de d\u00e9bit au lieu d&#039;un compte courant. Vous pouvez \u00e9galement \u00eatre en mesure de fournir des informations de compte bancaire en ligne sans proposer de ch\u00e8que annul\u00e9, mais vous devrez peut-\u00eatre confirmer votre compte d&#039;une autre mani\u00e8re.<\/p>\n<p>Encore une fois, il vous sera demand\u00e9 d&#039;indiquer le montant et le calendrier de paiement avant de terminer le paiement de la facture mis en place par le Ghana. Une date de paiement typique est la date d&#039;\u00e9ch\u00e9ance de la facture pour l&#039;entreprise, mais vous devez v\u00e9rifier que votre paiement sera cr\u00e9dit\u00e9 \u00e0 temps. Une fois que les choses sont en cours d&#039;ex\u00e9cution et en place, directement de votre banque \u00e0 votre fournisseur de services mobiles.<\/p>\n<h3>Types de paiement de factures au Ghana<\/h3>\n<p>\u2022 Ghana apr\u00e8s le paiement des factures<br \/>\n\u2022 Paiement de la facture d&#039;eau au Ghana<br \/>\n\u2022 Paiement de facture Dstv Ghana<br \/>\n\u2022 Paiement des factures Internet Vodafone Ghana<br \/>\n\u2022 Paiement des factures d&#039;\u00e9lectricit\u00e9 au Ghana<\/p>\n<h2>Transferts d&#039;argent mobiles Ghana<\/h2>\n<p>Les transferts d&#039;argent mobiles au Ghana permettent \u00e0 un client de recevoir ou d&#039;envoyer de l&#039;argent sur son t\u00e9l\u00e9phone, d&#039;acheter en ligne du temps d&#039;antenne au Ghana alors qu&#039;il est au bureau, \u00e0 la maison ou au march\u00e9. On dit qu&#039;il fait gagner du temps moins risqu\u00e9 et qu&#039;il contr\u00f4le d&#039;autres ressources importantes, car il est pratique.<\/p>","protected":false},"excerpt":{"rendered":"<p>Cheap Mobile Top Up Ghana Online Top up mobile phone in Ghana online now. Online top up Ghana made easy.\u00a0Do bill payment and mobile top up Ghana online and save time and money. Online top up Ghana FAQs What is a top up Ghana airtime online? All prepared mobile phones need airtime so the user [&hellip;]<\/p>\n","protected":false},"author":1,"featured_media":19675,"parent":0,"menu_order":0,"comment_status":"open","ping_status":"closed","template":"template-home-modern.php","meta":{"footnotes":""},"class_list":["post-11238","page","type-page","status-publish","has-post-thumbnail","hentry"],"yoast_head":"<!-- This site is optimized with the Yoast SEO plugin v27.4 - https:\/\/yoast.com\/product\/yoast-seo-wordpress\/ -->\n<title>Online Top Up Ghana - Mobile Recharge<\/title>\n<meta name=\"description\" content=\"Looking for online top up Ghana, mobile recharge? Do internet bill payment and cheap mobile top up Ghana online now\" \/>\n<meta name=\"robots\" content=\"index, follow, max-snippet:-1, max-image-preview:large, max-video-preview:-1\" \/>\n<link rel=\"canonical\" href=\"https:\/\/tiketi.com\/fr-fr\/online-top-up-ghana-mobile\/\" \/>\n<meta property=\"og:locale\" content=\"fr_FR\" \/>\n<meta property=\"og:type\" content=\"article\" \/>\n<meta property=\"og:title\" content=\"Online Top Up Ghana - Mobile Recharge\" \/>\n<meta property=\"og:description\" content=\"Looking for online top up Ghana, mobile recharge? Do internet bill payment and cheap mobile top up Ghana online now\" \/>\n<meta property=\"og:url\" content=\"https:\/\/tiketi.com\/fr-fr\/online-top-up-ghana-mobile\/\" \/>\n<meta property=\"og:site_name\" content=\"Tiketi.com\" \/>\n<meta property=\"article:publisher\" content=\"https:\/\/www.facebook.com\/TiketiCom\/\" \/>\n<meta property=\"article:modified_time\" content=\"2022-02-18T16:23:51+00:00\" \/>\n<meta property=\"og:image\" content=\"https:\/\/tiketi.com\/wp-content\/uploads\/2019\/05\/data-packages-2029825_1280.jpg\" \/>\n\t<meta property=\"og:image:width\" content=\"1200\" \/>\n\t<meta property=\"og:image:height\" content=\"200\" \/>\n\t<meta property=\"og:image:type\" content=\"image\/jpeg\" \/>\n<meta name=\"twitter:card\" content=\"summary_large_image\" \/>\n<meta name=\"twitter:label1\" content=\"Dur\u00e9e de lecture estim\u00e9e\" \/>\n\t<meta name=\"twitter:data1\" content=\"3 minutes\" \/>\n<script type=\"application\/ld+json\" class=\"yoast-schema-graph\">{\"@context\":\"https:\\\/\\\/schema.org\",\"@graph\":[{\"@type\":\"WebPage\",\"@id\":\"https:\\\/\\\/tiketi.com\\\/online-top-up-ghana-mobile\\\/\",\"url\":\"https:\\\/\\\/tiketi.com\\\/online-top-up-ghana-mobile\\\/\",\"name\":\"Online Top Up Ghana - Mobile Recharge\",\"isPartOf\":{\"@id\":\"https:\\\/\\\/tiketi.com\\\/#website\"},\"primaryImageOfPage\":{\"@id\":\"https:\\\/\\\/tiketi.com\\\/online-top-up-ghana-mobile\\\/#primaryimage\"},\"image\":{\"@id\":\"https:\\\/\\\/tiketi.com\\\/online-top-up-ghana-mobile\\\/#primaryimage\"},\"thumbnailUrl\":\"https:\\\/\\\/tiketi.com\\\/wp-content\\\/uploads\\\/2019\\\/05\\\/data-packages-2029825_1280.jpg\",\"datePublished\":\"2022-01-19T11:54:24+00:00\",\"dateModified\":\"2022-02-18T16:23:51+00:00\",\"description\":\"Looking for online top up Ghana, mobile recharge? Do internet bill payment and cheap mobile top up Ghana online now\",\"breadcrumb\":{\"@id\":\"https:\\\/\\\/tiketi.com\\\/online-top-up-ghana-mobile\\\/#breadcrumb\"},\"inLanguage\":\"fr-FR\",\"potentialAction\":[{\"@type\":\"ReadAction\",\"target\":[\"https:\\\/\\\/tiketi.com\\\/online-top-up-ghana-mobile\\\/\"]}]},{\"@type\":\"ImageObject\",\"inLanguage\":\"fr-FR\",\"@id\":\"https:\\\/\\\/tiketi.com\\\/online-top-up-ghana-mobile\\\/#primaryimage\",\"url\":\"https:\\\/\\\/tiketi.com\\\/wp-content\\\/uploads\\\/2019\\\/05\\\/data-packages-2029825_1280.jpg\",\"contentUrl\":\"https:\\\/\\\/tiketi.com\\\/wp-content\\\/uploads\\\/2019\\\/05\\\/data-packages-2029825_1280.jpg\",\"width\":1200,\"height\":200,\"caption\":\"How to get Data Plan \\\/ Packages \\\/ Top Up\"},{\"@type\":\"BreadcrumbList\",\"@id\":\"https:\\\/\\\/tiketi.com\\\/online-top-up-ghana-mobile\\\/#breadcrumb\",\"itemListElement\":[{\"@type\":\"ListItem\",\"position\":1,\"name\":\"Home\",\"item\":\"https:\\\/\\\/tiketi.com\\\/\"},{\"@type\":\"ListItem\",\"position\":2,\"name\":\"Online Top Up Ghana &#8211; Mobile Recharge &#8211; Bill Payment\"}]},{\"@type\":\"WebSite\",\"@id\":\"https:\\\/\\\/tiketi.com\\\/#website\",\"url\":\"https:\\\/\\\/tiketi.com\\\/\",\"name\":\"Flight & Bus Tickets, Tour Packages & Activitites - Tiketi.com\",\"description\":\"Flight &amp; Bus Tickets, Tours, Activitites\",\"publisher\":{\"@id\":\"https:\\\/\\\/tiketi.com\\\/#organization\"},\"potentialAction\":[{\"@type\":\"SearchAction\",\"target\":{\"@type\":\"EntryPoint\",\"urlTemplate\":\"https:\\\/\\\/tiketi.com\\\/?s={search_term_string}\"},\"query-input\":{\"@type\":\"PropertyValueSpecification\",\"valueRequired\":true,\"valueName\":\"search_term_string\"}}],\"inLanguage\":\"fr-FR\"},{\"@type\":\"Organization\",\"@id\":\"https:\\\/\\\/tiketi.com\\\/#organization\",\"name\":\"Tiketi.com\",\"alternateName\":\"Tiketi\",\"url\":\"https:\\\/\\\/tiketi.com\\\/\",\"logo\":{\"@type\":\"ImageObject\",\"inLanguage\":\"fr-FR\",\"@id\":\"https:\\\/\\\/tiketi.com\\\/#\\\/schema\\\/logo\\\/image\\\/\",\"url\":\"https:\\\/\\\/tiketi.com\\\/wp-content\\\/uploads\\\/2019\\\/05\\\/tiketi-logo-696.png\",\"contentUrl\":\"https:\\\/\\\/tiketi.com\\\/wp-content\\\/uploads\\\/2019\\\/05\\\/tiketi-logo-696.png\",\"width\":696,\"height\":696,\"caption\":\"Tiketi.com\"},\"image\":{\"@id\":\"https:\\\/\\\/tiketi.com\\\/#\\\/schema\\\/logo\\\/image\\\/\"},\"sameAs\":[\"https:\\\/\\\/www.facebook.com\\\/TiketiCom\\\/\"]}]}<\/script>\n<!-- \/ Yoast SEO plugin. -->","yoast_head_json":{"title":"Recharge en ligne Ghana - Recharge mobile","description":"Vous recherchez une recharge en ligne Ghana, une recharge mobile? Payez vos factures sur Internet et rechargez votre mobile pas cher au Ghana en ligne maintenant","robots":{"index":"index","follow":"follow","max-snippet":"max-snippet:-1","max-image-preview":"max-image-preview:large","max-video-preview":"max-video-preview:-1"},"canonical":"https:\/\/tiketi.com\/fr-fr\/online-top-up-ghana-mobile\/","og_locale":"fr_FR","og_type":"article","og_title":"Online Top Up Ghana - Mobile Recharge","og_description":"Looking for online top up Ghana, mobile recharge? Do internet bill payment and cheap mobile top up Ghana online now","og_url":"https:\/\/tiketi.com\/fr-fr\/online-top-up-ghana-mobile\/","og_site_name":"Tiketi.com","article_publisher":"https:\/\/www.facebook.com\/TiketiCom\/","article_modified_time":"2022-02-18T16:23:51+00:00","og_image":[{"width":1200,"height":200,"url":"https:\/\/tiketi.com\/wp-content\/uploads\/2019\/05\/data-packages-2029825_1280.jpg","type":"image\/jpeg"}],"twitter_card":"summary_large_image","twitter_misc":{"Dur\u00e9e de lecture estim\u00e9e":"3 minutes"},"schema":{"@context":"https:\/\/schema.org","@graph":[{"@type":"WebPage","@id":"https:\/\/tiketi.com\/online-top-up-ghana-mobile\/","url":"https:\/\/tiketi.com\/online-top-up-ghana-mobile\/","name":"Recharge en ligne Ghana - Recharge mobile","isPartOf":{"@id":"https:\/\/tiketi.com\/#website"},"primaryImageOfPage":{"@id":"https:\/\/tiketi.com\/online-top-up-ghana-mobile\/#primaryimage"},"image":{"@id":"https:\/\/tiketi.com\/online-top-up-ghana-mobile\/#primaryimage"},"thumbnailUrl":"https:\/\/tiketi.com\/wp-content\/uploads\/2019\/05\/data-packages-2029825_1280.jpg","datePublished":"2022-01-19T11:54:24+00:00","dateModified":"2022-02-18T16:23:51+00:00","description":"Vous recherchez une recharge en ligne Ghana, une recharge mobile? Payez vos factures sur Internet et rechargez votre mobile pas cher au Ghana en ligne maintenant","breadcrumb":{"@id":"https:\/\/tiketi.com\/online-top-up-ghana-mobile\/#breadcrumb"},"inLanguage":"fr-FR","potentialAction":[{"@type":"ReadAction","target":["https:\/\/tiketi.com\/online-top-up-ghana-mobile\/"]}]},{"@type":"ImageObject","inLanguage":"fr-FR","@id":"https:\/\/tiketi.com\/online-top-up-ghana-mobile\/#primaryimage","url":"https:\/\/tiketi.com\/wp-content\/uploads\/2019\/05\/data-packages-2029825_1280.jpg","contentUrl":"https:\/\/tiketi.com\/wp-content\/uploads\/2019\/05\/data-packages-2029825_1280.jpg","width":1200,"height":200,"caption":"How to get Data Plan \/ Packages \/ Top Up"},{"@type":"BreadcrumbList","@id":"https:\/\/tiketi.com\/online-top-up-ghana-mobile\/#breadcrumb","itemListElement":[{"@type":"ListItem","position":1,"name":"Home","item":"https:\/\/tiketi.com\/"},{"@type":"ListItem","position":2,"name":"Online Top Up Ghana &#8211; Mobile Recharge &#8211; Bill Payment"}]},{"@type":"WebSite","@id":"https:\/\/tiketi.com\/#website","url":"https:\/\/tiketi.com\/","name":"Billets d&#039;avion et de bus, forfaits touristiques et activit\u00e9s - Tiketi.com","description":"Billets d&#039;avion et de bus, Tours, Activit\u00e9s","publisher":{"@id":"https:\/\/tiketi.com\/#organization"},"potentialAction":[{"@type":"SearchAction","target":{"@type":"EntryPoint","urlTemplate":"https:\/\/tiketi.com\/?s={search_term_string}"},"query-input":{"@type":"PropertyValueSpecification","valueRequired":true,"valueName":"search_term_string"}}],"inLanguage":"fr-FR"},{"@type":"Organization","@id":"https:\/\/tiketi.com\/#organization","name":"Tiketi.com","alternateName":"Tiketi","url":"https:\/\/tiketi.com\/","logo":{"@type":"ImageObject","inLanguage":"fr-FR","@id":"https:\/\/tiketi.com\/#\/schema\/logo\/image\/","url":"https:\/\/tiketi.com\/wp-content\/uploads\/2019\/05\/tiketi-logo-696.png","contentUrl":"https:\/\/tiketi.com\/wp-content\/uploads\/2019\/05\/tiketi-logo-696.png","width":696,"height":696,"caption":"Tiketi.com"},"image":{"@id":"https:\/\/tiketi.com\/#\/schema\/logo\/image\/"},"sameAs":["https:\/\/www.facebook.com\/TiketiCom\/"]}]}},"_links":{"self":[{"href":"https:\/\/tiketi.com\/fr-fr\/wp-json\/wp\/v2\/pages\/11238","targetHints":{"allow":["GET"]}}],"collection":[{"href":"https:\/\/tiketi.com\/fr-fr\/wp-json\/wp\/v2\/pages"}],"about":[{"href":"https:\/\/tiketi.com\/fr-fr\/wp-json\/wp\/v2\/types\/page"}],"author":[{"embeddable":true,"href":"https:\/\/tiketi.com\/fr-fr\/wp-json\/wp\/v2\/users\/1"}],"replies":[{"embeddable":true,"href":"https:\/\/tiketi.com\/fr-fr\/wp-json\/wp\/v2\/comments?post=11238"}],"version-history":[{"count":0,"href":"https:\/\/tiketi.com\/fr-fr\/wp-json\/wp\/v2\/pages\/11238\/revisions"}],"wp:featuredmedia":[{"embeddable":true,"href":"https:\/\/tiketi.com\/fr-fr\/wp-json\/wp\/v2\/media\/19675"}],"wp:attachment":[{"href":"https:\/\/tiketi.com\/fr-fr\/wp-json\/wp\/v2\/media?parent=11238"}],"curies":[{"name":"wp","href":"https:\/\/api.w.org\/{rel}","templated":true}]}}