{"id":11239,"date":"2022-01-19T12:54:24","date_gmt":"2022-01-19T11:54:24","guid":{"rendered":"https:\/\/new.tiketi.com\/online-top-up-kenya-mobile-phone-recharge\/"},"modified":"2022-02-18T17:50:50","modified_gmt":"2022-02-18T16:50:50","slug":"online-top-up-kenya-mobile","status":"publish","type":"page","link":"https:\/\/tiketi.com\/fr-fr\/online-top-up-kenya-mobile\/","title":{"rendered":"Recharge en ligne Kenya \u2013 Recharge t\u00e9l\u00e9phone portable"},"content":{"rendered":"<h2>Recharge mobile pas ch\u00e8re au Kenya en ligne<\/h2>\n<h3>Rechargez un t\u00e9l\u00e9phone mobile au Kenya en ligne d\u00e8s maintenant.<\/h3>\n<p>Recharger en ligne au Kenya en toute simplicit\u00e9. Effectuez des recharges mobiles Kenya en ligne et \u00e9conomisez du temps et de l&#039;argent.<\/p>\n<h2>FAQ sur les recharges en ligne au Kenya<\/h2>\n<h3>Qu&#039;est-ce qu&#039;une recharge de temps d&#039;antenne au Kenya\u00a0?<\/h3>\n<p>Tous les t\u00e9l\u00e9phones mobiles pr\u00e9pay\u00e9s ont besoin de \u00ab cr\u00e9dit \u00bb, de \u00ab temps de conversation \u00bb ou de temps d&#039;antenne pour que l&#039;utilisateur puisse passer des appels, utiliser des donn\u00e9es et envoyer des SMS. Ce temps d&#039;antenne doit \u00eatre achet\u00e9 avant que le t\u00e9l\u00e9phone portable soit utilis\u00e9. Bien que les t\u00e9l\u00e9phones pr\u00e9pay\u00e9s puissent aider \u00e0 rejeter une facture de t\u00e9l\u00e9phone co\u00fbteuse \u00e0 la fin du mois, cela signifie que si l&#039;utilisateur n&#039;a plus de temps d&#039;antenne, il ne peut pas utiliser le t\u00e9l\u00e9phone tant qu&#039;il n&#039;a pas re\u00e7u de recharge mobile au Kenya.<\/p>\n<p>Offrir du temps d&#039;antenne au Kenya permet aux habitants de nombreux pays du monde de recharger les t\u00e9l\u00e9phones de leur famille et de leurs amis, travaillant ou voyageant au Kenya. Le temps d&#039;antenne se recharge presque rapidement, ce qui rend remarquable le fait de rester en contact. Cela signifie \u00e9galement que les Kenyans n&#039;ont pas \u00e0 passer leur temps \u00e0 chercher un endroit o\u00f9 recharger leur t\u00e9l\u00e9phone portable au Kenya.<\/p>\n<h3>Comment fonctionne une recharge mobile Kenya ?<\/h3>\n<p>\u2022 Entrez le num\u00e9ro de t\u00e9l\u00e9phone du destinataire<br \/>\n\u2022 Choisissez la quantit\u00e9 de temps d&#039;antenne que vous souhaitez envoyer<br \/>\n\u2022 Payer le temps d&#039;antenne en ligne<br \/>\n\u2022 Vous et le destinataire recevrez une alerte SMS une fois la recharge termin\u00e9e<\/p>\n<p>Vous pouvez effectuer la transaction depuis n&#039;importe quel gadget, qu&#039;il s&#039;agisse d&#039;une tablette, d&#039;un smartphone ou d&#039;un PC, et vous b\u00e9n\u00e9ficierez de taux de change tr\u00e8s comp\u00e9titifs et de frais nuls.<\/p>\n<h3>Comment acheter du temps d&#039;antenne via M-Pesa<\/h3>\n<p>Il existe de nombreuses fa\u00e7ons de recharger votre ligne avec du temps d&#039;antenne, mais la plus connue consiste \u00e0 utiliser des cartes \u00e0 gratter. Quoi qu&#039;il en soit, aller dans les magasins et gratter les cartes est un travail pour certains, il est donc courant que les gens rechargent du temps d&#039;antenne au Kenya via des portefeuilles d&#039;argent mobile et y ach\u00e8tent du temps d&#039;antenne \u00e0 tout moment et rapidement.<\/p>\n<h3>Comment recharger du cr\u00e9dit au Kenya via M-Pesa<\/h3>\n<p>1. Acc\u00e9dez au menu M-Pesa<br \/>\n2. Choisissez la facture de paiement<br \/>\n3. Entrez le num\u00e9ro d&#039;entreprise<br \/>\n4. Compte\u00a0: votre num\u00e9ro de mobile Telksom<br \/>\n5. Composez le montant<br \/>\n6. Entrez votre code PIN M-Pesa, puis envoyez une recharge au Kenya<\/p>\n<h3>Utiliser le menu de recharge d&#039;Airtel Money<\/h3>\n<p>1. Choisissez effectuer le paiement<br \/>\n2. S\u00e9lectionnez payer la facture puis autre<br \/>\n3. Sous le nom de l&#039;entreprise, entrez PasaPal<br \/>\n4. Entrez le montant<br \/>\n5. Entrez votre code PIN Airtel Money pour la recharge de temps d&#039;antenne de Telkom Kenya<br \/>\n6. Sous r\u00e9f\u00e9rence, entrez votre num\u00e9ro de mobile Telkom<\/p>\n<h3>Comment utiliser la recharge de t\u00e9l\u00e9phone Kenya ?<\/h3>\n<p>Une fois que vous avez effectu\u00e9 la recharge de votre t\u00e9l\u00e9phone Kenya, elle sera presque rapidement transf\u00e9r\u00e9e vers le t\u00e9l\u00e9phone du destinataire. Ils pourront utiliser le cr\u00e9dit de temps d&#039;antenne pour passer des appels, utiliser des donn\u00e9es et envoyer des SMS, mais ils ne pourront pas retransf\u00e9rer le temps d&#039;antenne en esp\u00e8ces.<\/p>\n<h2>Avantages de la recharge t\u00e9l\u00e9phonique en ligne au Kenya<\/h2>\n<p><strong>Commodit\u00e9.<\/strong> Vous pouvez simplement acheter du temps d&#039;antenne pour recharger le Kenya pour les personnes de votre pays d&#039;origine.<\/p>\n<p><strong>La flexibilit\u00e9.<\/strong> Les forfaits pr\u00e9pay\u00e9s vous permettent de recharger des cartes SIM en ligne. Ils ne comportent pas d&#039;obligations telles que des frais de r\u00e9siliation anticip\u00e9e, le fait de devoir communiquer avec un seul fournisseur et des forfaits mensuels fixes.<\/p>\n<p><strong>Abordabilit\u00e9.<\/strong> Vous n&#039;avez pas \u00e0 payer de facture mensuelle. Les tarifs de recharge mobile pr\u00e9par\u00e9s par le Kenya pour les recharges en ligne sont adapt\u00e9s aux poches.<\/p>\n<p><strong>Disponibilit\u00e9. <\/strong>\u00a0Vous pouvez effectuer une transaction de recharge \u00e0 tout moment, vous adorerez la recharge instantan\u00e9e du temps d&#039;antenne au Kenya.<\/p>","protected":false},"excerpt":{"rendered":"<p>Cheap Mobile Top Up Kenya\u00a0Online Top up mobile phone in Kenya online now. Online top up Kenya made easy. Do\u00a0mobile top up Kenya online and save time and money. Online top up Kenya FAQs What is an airtime top up Kenya? All prepaid mobile phones need &#8220;credit&#8221;, &#8220;talktime&#8221; or airtime so the user can make [&hellip;]<\/p>\n","protected":false},"author":1,"featured_media":19675,"parent":0,"menu_order":0,"comment_status":"open","ping_status":"closed","template":"template-home-modern.php","meta":{"footnotes":""},"class_list":["post-11239","page","type-page","status-publish","has-post-thumbnail","hentry"],"yoast_head":"<!-- This site is optimized with the Yoast SEO plugin v27.3 - https:\/\/yoast.com\/product\/yoast-seo-wordpress\/ -->\n<title>Online Top Up Kenya - Mobile Phone Recharge<\/title>\n<meta name=\"description\" content=\"Looking for Kenya phone recharge - online top up Kenya? Do internet bill payment and cheap mobile top up Kenya online now\" \/>\n<meta name=\"robots\" content=\"index, follow, max-snippet:-1, max-image-preview:large, max-video-preview:-1\" \/>\n<link rel=\"canonical\" href=\"https:\/\/tiketi.com\/fr-fr\/online-top-up-kenya-mobile\/\" \/>\n<meta property=\"og:locale\" content=\"fr_FR\" \/>\n<meta property=\"og:type\" content=\"article\" \/>\n<meta property=\"og:title\" content=\"Online Top Up Kenya - Mobile Phone Recharge\" \/>\n<meta property=\"og:description\" content=\"Looking for Kenya phone recharge - online top up Kenya? Do internet bill payment and cheap mobile top up Kenya online now\" \/>\n<meta property=\"og:url\" content=\"https:\/\/tiketi.com\/fr-fr\/online-top-up-kenya-mobile\/\" \/>\n<meta property=\"og:site_name\" content=\"Tiketi.com\" \/>\n<meta property=\"article:publisher\" content=\"https:\/\/www.facebook.com\/TiketiCom\/\" \/>\n<meta property=\"article:modified_time\" content=\"2022-02-18T16:50:50+00:00\" \/>\n<meta property=\"og:image\" content=\"https:\/\/tiketi.com\/wp-content\/uploads\/2019\/05\/data-packages-2029825_1280.jpg\" \/>\n\t<meta property=\"og:image:width\" content=\"1200\" \/>\n\t<meta property=\"og:image:height\" content=\"200\" \/>\n\t<meta property=\"og:image:type\" content=\"image\/jpeg\" \/>\n<meta name=\"twitter:card\" content=\"summary_large_image\" \/>\n<meta name=\"twitter:label1\" content=\"Dur\u00e9e de lecture estim\u00e9e\" \/>\n\t<meta name=\"twitter:data1\" content=\"3 minutes\" \/>\n<script type=\"application\/ld+json\" class=\"yoast-schema-graph\">{\"@context\":\"https:\\\/\\\/schema.org\",\"@graph\":[{\"@type\":\"WebPage\",\"@id\":\"https:\\\/\\\/tiketi.com\\\/online-top-up-kenya-mobile\\\/\",\"url\":\"https:\\\/\\\/tiketi.com\\\/online-top-up-kenya-mobile\\\/\",\"name\":\"Online Top Up Kenya - Mobile Phone Recharge\",\"isPartOf\":{\"@id\":\"https:\\\/\\\/tiketi.com\\\/#website\"},\"primaryImageOfPage\":{\"@id\":\"https:\\\/\\\/tiketi.com\\\/online-top-up-kenya-mobile\\\/#primaryimage\"},\"image\":{\"@id\":\"https:\\\/\\\/tiketi.com\\\/online-top-up-kenya-mobile\\\/#primaryimage\"},\"thumbnailUrl\":\"https:\\\/\\\/tiketi.com\\\/wp-content\\\/uploads\\\/2019\\\/05\\\/data-packages-2029825_1280.jpg\",\"datePublished\":\"2022-01-19T11:54:24+00:00\",\"dateModified\":\"2022-02-18T16:50:50+00:00\",\"description\":\"Looking for Kenya phone recharge - online top up Kenya? Do internet bill payment and cheap mobile top up Kenya online now\",\"breadcrumb\":{\"@id\":\"https:\\\/\\\/tiketi.com\\\/online-top-up-kenya-mobile\\\/#breadcrumb\"},\"inLanguage\":\"fr-FR\",\"potentialAction\":[{\"@type\":\"ReadAction\",\"target\":[\"https:\\\/\\\/tiketi.com\\\/online-top-up-kenya-mobile\\\/\"]}]},{\"@type\":\"ImageObject\",\"inLanguage\":\"fr-FR\",\"@id\":\"https:\\\/\\\/tiketi.com\\\/online-top-up-kenya-mobile\\\/#primaryimage\",\"url\":\"https:\\\/\\\/tiketi.com\\\/wp-content\\\/uploads\\\/2019\\\/05\\\/data-packages-2029825_1280.jpg\",\"contentUrl\":\"https:\\\/\\\/tiketi.com\\\/wp-content\\\/uploads\\\/2019\\\/05\\\/data-packages-2029825_1280.jpg\",\"width\":1200,\"height\":200,\"caption\":\"How to get Data Plan \\\/ Packages \\\/ Top Up\"},{\"@type\":\"BreadcrumbList\",\"@id\":\"https:\\\/\\\/tiketi.com\\\/online-top-up-kenya-mobile\\\/#breadcrumb\",\"itemListElement\":[{\"@type\":\"ListItem\",\"position\":1,\"name\":\"Home\",\"item\":\"https:\\\/\\\/tiketi.com\\\/\"},{\"@type\":\"ListItem\",\"position\":2,\"name\":\"Online Top Up Kenya &#8211; Mobile Phone Recharge\"}]},{\"@type\":\"WebSite\",\"@id\":\"https:\\\/\\\/tiketi.com\\\/#website\",\"url\":\"https:\\\/\\\/tiketi.com\\\/\",\"name\":\"Flight & Bus Tickets, Tour Packages & Activitites - Tiketi.com\",\"description\":\"Flight &amp; Bus Tickets, Tours, Activitites\",\"publisher\":{\"@id\":\"https:\\\/\\\/tiketi.com\\\/#organization\"},\"potentialAction\":[{\"@type\":\"SearchAction\",\"target\":{\"@type\":\"EntryPoint\",\"urlTemplate\":\"https:\\\/\\\/tiketi.com\\\/?s={search_term_string}\"},\"query-input\":{\"@type\":\"PropertyValueSpecification\",\"valueRequired\":true,\"valueName\":\"search_term_string\"}}],\"inLanguage\":\"fr-FR\"},{\"@type\":\"Organization\",\"@id\":\"https:\\\/\\\/tiketi.com\\\/#organization\",\"name\":\"Tiketi.com\",\"alternateName\":\"Tiketi\",\"url\":\"https:\\\/\\\/tiketi.com\\\/\",\"logo\":{\"@type\":\"ImageObject\",\"inLanguage\":\"fr-FR\",\"@id\":\"https:\\\/\\\/tiketi.com\\\/#\\\/schema\\\/logo\\\/image\\\/\",\"url\":\"https:\\\/\\\/tiketi.com\\\/wp-content\\\/uploads\\\/2019\\\/05\\\/tiketi-logo-696.png\",\"contentUrl\":\"https:\\\/\\\/tiketi.com\\\/wp-content\\\/uploads\\\/2019\\\/05\\\/tiketi-logo-696.png\",\"width\":696,\"height\":696,\"caption\":\"Tiketi.com\"},\"image\":{\"@id\":\"https:\\\/\\\/tiketi.com\\\/#\\\/schema\\\/logo\\\/image\\\/\"},\"sameAs\":[\"https:\\\/\\\/www.facebook.com\\\/TiketiCom\\\/\"]}]}<\/script>\n<!-- \/ Yoast SEO plugin. -->","yoast_head_json":{"title":"Recharge en ligne Kenya - Recharge t\u00e9l\u00e9phone portable","description":"Vous recherchez une recharge de t\u00e9l\u00e9phone Kenya - recharge en ligne Kenya ? Paiement de factures Internet et recharge mobile bon march\u00e9 au Kenya en ligne maintenant","robots":{"index":"index","follow":"follow","max-snippet":"max-snippet:-1","max-image-preview":"max-image-preview:large","max-video-preview":"max-video-preview:-1"},"canonical":"https:\/\/tiketi.com\/fr-fr\/online-top-up-kenya-mobile\/","og_locale":"fr_FR","og_type":"article","og_title":"Online Top Up Kenya - Mobile Phone Recharge","og_description":"Looking for Kenya phone recharge - online top up Kenya? Do internet bill payment and cheap mobile top up Kenya online now","og_url":"https:\/\/tiketi.com\/fr-fr\/online-top-up-kenya-mobile\/","og_site_name":"Tiketi.com","article_publisher":"https:\/\/www.facebook.com\/TiketiCom\/","article_modified_time":"2022-02-18T16:50:50+00:00","og_image":[{"width":1200,"height":200,"url":"https:\/\/tiketi.com\/wp-content\/uploads\/2019\/05\/data-packages-2029825_1280.jpg","type":"image\/jpeg"}],"twitter_card":"summary_large_image","twitter_misc":{"Dur\u00e9e de lecture estim\u00e9e":"3 minutes"},"schema":{"@context":"https:\/\/schema.org","@graph":[{"@type":"WebPage","@id":"https:\/\/tiketi.com\/online-top-up-kenya-mobile\/","url":"https:\/\/tiketi.com\/online-top-up-kenya-mobile\/","name":"Recharge en ligne Kenya - Recharge t\u00e9l\u00e9phone portable","isPartOf":{"@id":"https:\/\/tiketi.com\/#website"},"primaryImageOfPage":{"@id":"https:\/\/tiketi.com\/online-top-up-kenya-mobile\/#primaryimage"},"image":{"@id":"https:\/\/tiketi.com\/online-top-up-kenya-mobile\/#primaryimage"},"thumbnailUrl":"https:\/\/tiketi.com\/wp-content\/uploads\/2019\/05\/data-packages-2029825_1280.jpg","datePublished":"2022-01-19T11:54:24+00:00","dateModified":"2022-02-18T16:50:50+00:00","description":"Vous recherchez une recharge de t\u00e9l\u00e9phone Kenya - recharge en ligne Kenya ? Paiement de factures Internet et recharge mobile bon march\u00e9 au Kenya en ligne maintenant","breadcrumb":{"@id":"https:\/\/tiketi.com\/online-top-up-kenya-mobile\/#breadcrumb"},"inLanguage":"fr-FR","potentialAction":[{"@type":"ReadAction","target":["https:\/\/tiketi.com\/online-top-up-kenya-mobile\/"]}]},{"@type":"ImageObject","inLanguage":"fr-FR","@id":"https:\/\/tiketi.com\/online-top-up-kenya-mobile\/#primaryimage","url":"https:\/\/tiketi.com\/wp-content\/uploads\/2019\/05\/data-packages-2029825_1280.jpg","contentUrl":"https:\/\/tiketi.com\/wp-content\/uploads\/2019\/05\/data-packages-2029825_1280.jpg","width":1200,"height":200,"caption":"How to get Data Plan \/ Packages \/ Top Up"},{"@type":"BreadcrumbList","@id":"https:\/\/tiketi.com\/online-top-up-kenya-mobile\/#breadcrumb","itemListElement":[{"@type":"ListItem","position":1,"name":"Home","item":"https:\/\/tiketi.com\/"},{"@type":"ListItem","position":2,"name":"Online Top Up Kenya &#8211; Mobile Phone Recharge"}]},{"@type":"WebSite","@id":"https:\/\/tiketi.com\/#website","url":"https:\/\/tiketi.com\/","name":"Billets d&#039;avion et de bus, forfaits touristiques et activit\u00e9s - Tiketi.com","description":"Billets d&#039;avion et de bus, Tours, Activit\u00e9s","publisher":{"@id":"https:\/\/tiketi.com\/#organization"},"potentialAction":[{"@type":"SearchAction","target":{"@type":"EntryPoint","urlTemplate":"https:\/\/tiketi.com\/?s={search_term_string}"},"query-input":{"@type":"PropertyValueSpecification","valueRequired":true,"valueName":"search_term_string"}}],"inLanguage":"fr-FR"},{"@type":"Organization","@id":"https:\/\/tiketi.com\/#organization","name":"Tiketi.com","alternateName":"Tiketi","url":"https:\/\/tiketi.com\/","logo":{"@type":"ImageObject","inLanguage":"fr-FR","@id":"https:\/\/tiketi.com\/#\/schema\/logo\/image\/","url":"https:\/\/tiketi.com\/wp-content\/uploads\/2019\/05\/tiketi-logo-696.png","contentUrl":"https:\/\/tiketi.com\/wp-content\/uploads\/2019\/05\/tiketi-logo-696.png","width":696,"height":696,"caption":"Tiketi.com"},"image":{"@id":"https:\/\/tiketi.com\/#\/schema\/logo\/image\/"},"sameAs":["https:\/\/www.facebook.com\/TiketiCom\/"]}]}},"_links":{"self":[{"href":"https:\/\/tiketi.com\/fr-fr\/wp-json\/wp\/v2\/pages\/11239","targetHints":{"allow":["GET"]}}],"collection":[{"href":"https:\/\/tiketi.com\/fr-fr\/wp-json\/wp\/v2\/pages"}],"about":[{"href":"https:\/\/tiketi.com\/fr-fr\/wp-json\/wp\/v2\/types\/page"}],"author":[{"embeddable":true,"href":"https:\/\/tiketi.com\/fr-fr\/wp-json\/wp\/v2\/users\/1"}],"replies":[{"embeddable":true,"href":"https:\/\/tiketi.com\/fr-fr\/wp-json\/wp\/v2\/comments?post=11239"}],"version-history":[{"count":0,"href":"https:\/\/tiketi.com\/fr-fr\/wp-json\/wp\/v2\/pages\/11239\/revisions"}],"wp:featuredmedia":[{"embeddable":true,"href":"https:\/\/tiketi.com\/fr-fr\/wp-json\/wp\/v2\/media\/19675"}],"wp:attachment":[{"href":"https:\/\/tiketi.com\/fr-fr\/wp-json\/wp\/v2\/media?parent=11239"}],"curies":[{"name":"wp","href":"https:\/\/api.w.org\/{rel}","templated":true}]}}