{"id":11240,"date":"2022-01-19T12:54:24","date_gmt":"2022-01-19T11:54:24","guid":{"rendered":"https:\/\/new.tiketi.com\/bus-hire-kenya-cheap-coach-minibus-rentals\/"},"modified":"2022-01-31T17:35:41","modified_gmt":"2022-01-31T16:35:41","slug":"coach-mini-bus-hire-kenya","status":"publish","type":"page","link":"https:\/\/tiketi.com\/fr-fr\/coach-mini-bus-hire-kenya\/","title":{"rendered":"Location de bus au Kenya - Location d&#039;autocars et de minibus \u00e0 bas prix"},"content":{"rendered":"<h2>Location d&#039;autobus pas cher au Kenya<\/h2>\n<h3>Comparez les prix et louez un minibus, un autocar ou un bus au Kenya en ligne <a href=\"https:\/\/tiketi.com\/fr-fr\/contact-us\/\">\u00e0 pr\u00e9sent<\/a>.<\/h3>\n<p>La location de minibus, d&#039;autocars et d&#039;autobus bon march\u00e9 au Kenya en toute simplicit\u00e9. Les routes au Kenya, principalement les routes de safari dans les parcs nationaux et les r\u00e9serves, ont g\u00e9n\u00e9ralement tendance \u00e0 \u00eatre en mauvais \u00e9tat et sont difficiles \u00e0 conduire, c&#039;est pourquoi la location de voiture sans chauffeur au Kenya n&#039;est pas conseill\u00e9e par nous. Bien que toutes les routes n&#039;en aient pas besoin, il est pr\u00e9f\u00e9rable de louer un autocar au Kenya pour des saafaris plus longs. Louez des minibus, des autocars et des autobus \u00e0 bas prix en ligne d\u00e8s maintenant et \u00e9conomisez du temps et de l&#039;argent.<\/p>\n<h2>FAQ sur la location de minibus, d&#039;autocars et d&#039;autobus au Kenya<\/h2>\n<h4>Comment louer un mini bus au Kenya :<\/h4>\n<h3>Louez un minibus safari 7 places<\/h3>\n<p>La location d&#039;autocars de luxe Safari Tour Kenya est le choix le plus c\u00e9l\u00e8bre pour les safaris au Kenya, pr\u00e9f\u00e9r\u00e9 pour sa capacit\u00e9 de transport jusqu&#039;\u00e0 sept passagers et ses co\u00fbts inf\u00e9rieurs par rapport aux autres v\u00e9hicules. La location de minibus safari au Kenya est un v\u00e9hicule Toyota ou Nissan et est \u00e9quip\u00e9e d&#039;un grand toit de visualisation de jeu escamotable, d&#039;une suspension robuste, d&#039;un appel radio UHF et de grandes fen\u00eatres lat\u00e9rales pour une meilleure visibilit\u00e9 panoramique. Ce v\u00e9hicule est juste accessible avec un Chauffeur-guide.<\/p>\n<h3>Louez un Toyota Land Cruiser 4\u00d74 7 places<\/h3>\n<p>Le landcruiser safari 4 \u00d7 4 est l&#039;un des meilleurs v\u00e9hicules pour les safaris au Kenya, offrant un meilleur confort et une excellente polyvalence, permettant aux visiteurs d&#039;acc\u00e9der aux lodges et camps de safari qui peuvent avoir des situations routi\u00e8res difficiles ou, comme c&#039;est le cas de nos jours, ne peuvent autoriser que des v\u00e9hicules 4 x 4. dans leurs espaces fauniques. Ce v\u00e9hicule est \u00e9quip\u00e9 de trappes d&#039;observation du jeu, d&#039;un appel radio UHF et d&#039;une personnalisation safari suppl\u00e9mentaire, comme des glaci\u00e8res pour transporter des boissons. Le v\u00e9hicule 4x4 n&#039;est pas accessible \u00e0 la location en self drive et le tarif comprend la mise \u00e0 disposition d&#039;un chauffeur-guide expert et qualifi\u00e9.<\/p>\n<h3>Location de bus caboteur de 25 \u00e0 34 places \u00e0 louer au Kenya<\/h3>\n<p>Les bus de taille Mitsubishi Rosa et Toyota Coaster peuvent accueillir de 22 \u00e0 34 passagers et sont parfaits pour le transport ou les transferts de groupes de passagers. Ces bus touristiques de location au Kenya disposent de la climatisation et de si\u00e8ges relaxants ainsi que de grandes fen\u00eatres pour une meilleure visibilit\u00e9. Ce bus n&#039;est pas accessible en voiture et le tarif comprend la mise \u00e0 disposition d&#039;un chauffeur-guide professionnel et qualifi\u00e9.<\/p>\n<h3>Location de bus transfrontalier Kenya<\/h3>\n<p>La location de minibus \u00e0 volet priv\u00e9 au Kenya de Nairobi \u00e0 Aruha Moshi est le moyen le plus relaxant de voyager entre le Kenya et la Tanzanie en traversant la fronti\u00e8re \u00e0 Loitokitok ou Namanga jusqu&#039;au Kilimandjaro. Les services de location de Bu offrent la meilleure exp\u00e9rience de voyage qu&#039;un client ait jamais voulue.<\/p>\n<p>Voyagez \u00e0 bord d&#039;une navette priv\u00e9e de luxe relaxante, desservie par la meilleure \u00e9quipe d&#039;experts qui ne cesse de faire ce qu&#039;il y a de mieux au Kenya, en Tanzanie, au Rwanda et en Ouganda.<\/p>\n<h2>Conseils pour louer un mini bus au Kenya<\/h2>\n<p>Voici quelques-uns des meilleurs conseils pour la location de bus au Kenya :<\/p>\n<h3>Trouver une compagnie de location de bus r\u00e9put\u00e9e au Kenya<\/h3>\n<p>C&#039;est sans doute l&#039;une des \u00e9tapes les plus importantes pour trouver le meilleur v\u00e9hicule pour votre groupe. Il serait utile que vous validiez la cr\u00e9dibilit\u00e9 de l&#039;entreprise choisie en vous assurant qu&#039;elle dispose de l&#039;assurance, du permis et de la licence actuels. L&#039;un des grands d\u00e9fis auxquels sont confront\u00e9s les geeks de la f\u00eate sont les op\u00e9rateurs malhonn\u00eates. Vous avez besoin d&#039;une meilleure soci\u00e9t\u00e9 de location de bus de f\u00eate au Kenya qui propose une collection exclusive de man\u00e8ges pour vous aider \u00e0 choisir ce qui correspond le mieux \u00e0 votre groupe.<\/p>\n<h3>Planifier \u00e0 l&#039;avance<\/h3>\n<p>Les bus de f\u00eate ont de plus en plus gagn\u00e9 en statut ces derni\u00e8res ann\u00e9es. Quoi qu&#039;il en soit, il serait pr\u00e9f\u00e9rable de penser que vous \u00eates le seul \u00e0 vous pr\u00e9parer \u00e0 la location de minibus au Kenya pour son groupe. De nombreuses personnes partagent la m\u00eame id\u00e9e et plus vous commencez t\u00f4t, plus les chances d&#039;obtenir le meilleur v\u00e9hicule avec toutes les commodit\u00e9s souhait\u00e9es sont \u00e9lev\u00e9es.<\/p>\n<h3>Choisissez le bon v\u00e9hicule<\/h3>\n<p>Conna\u00eetre le bon nombre de voyageurs est un aspect important de vos besoins de location. Il serait inutile de louer un bus de 40 passagers alors que vous n&#039;avez besoin que d&#039;un bus de f\u00eate de 20 passagers. Envisagez de faire un d\u00e9compte s&#039;il est facile de rejeter toute confusion en cours de route.<\/p>","protected":false},"excerpt":{"rendered":"<p>Cheap Bus Rental Kenya Compare prices and rent a minibus, coach or bus in Kenya online now. Cheap minibus, coach\u00a0and bus\u00a0hire Kenya made easy.\u00a0Roads in Kenya, mainly safari roads in National Parks and Reserves generally tend to be in generally bad situation and are a challenging drive, which is why self drive car hire in [&hellip;]<\/p>\n","protected":false},"author":1,"featured_media":13999,"parent":0,"menu_order":0,"comment_status":"open","ping_status":"closed","template":"template-home-modern.php","meta":{"footnotes":""},"class_list":["post-11240","page","type-page","status-publish","has-post-thumbnail","hentry"],"yoast_head":"<!-- This site is optimized with the Yoast SEO plugin v27.2 - https:\/\/yoast.com\/product\/yoast-seo-wordpress\/ -->\n<title>Bus Hire Kenya - Cheap Coach &amp; Minibus Rentals<\/title>\n<meta name=\"description\" content=\"Looking for online minibus, coach\u00a0and bus hire Kenya? Compare prices and do cheap minibus, coach\u00a0and bus rental Kenya online now\" \/>\n<meta name=\"robots\" content=\"index, follow, max-snippet:-1, max-image-preview:large, max-video-preview:-1\" \/>\n<link rel=\"canonical\" href=\"https:\/\/tiketi.com\/fr-fr\/coach-mini-bus-hire-kenya\/\" \/>\n<meta property=\"og:locale\" content=\"fr_FR\" \/>\n<meta property=\"og:type\" content=\"article\" \/>\n<meta property=\"og:title\" content=\"Bus Hire Kenya - Cheap Coach &amp; Minibus Rentals\" \/>\n<meta property=\"og:description\" content=\"Looking for online minibus, coach\u00a0and bus hire Kenya? Compare prices and do cheap minibus, coach\u00a0and bus rental Kenya online now\" \/>\n<meta property=\"og:url\" content=\"https:\/\/tiketi.com\/fr-fr\/coach-mini-bus-hire-kenya\/\" \/>\n<meta property=\"og:site_name\" content=\"Tiketi.com\" \/>\n<meta property=\"article:publisher\" content=\"https:\/\/www.facebook.com\/TiketiCom\/\" \/>\n<meta property=\"article:modified_time\" content=\"2022-01-31T16:35:41+00:00\" \/>\n<meta property=\"og:image\" content=\"https:\/\/tiketi.com\/wp-content\/uploads\/2022\/01\/bus-ticket-online-booking.jpg\" \/>\n\t<meta property=\"og:image:width\" content=\"1200\" \/>\n\t<meta property=\"og:image:height\" content=\"206\" \/>\n\t<meta property=\"og:image:type\" content=\"image\/jpeg\" \/>\n<meta name=\"twitter:card\" content=\"summary_large_image\" \/>\n<meta name=\"twitter:label1\" content=\"Dur\u00e9e de lecture estim\u00e9e\" \/>\n\t<meta name=\"twitter:data1\" content=\"3 minutes\" \/>\n<script type=\"application\/ld+json\" class=\"yoast-schema-graph\">{\"@context\":\"https:\/\/schema.org\",\"@graph\":[{\"@type\":\"WebPage\",\"@id\":\"https:\/\/tiketi.com\/coach-mini-bus-hire-kenya\/\",\"url\":\"https:\/\/tiketi.com\/coach-mini-bus-hire-kenya\/\",\"name\":\"Bus Hire Kenya - Cheap Coach & Minibus Rentals\",\"isPartOf\":{\"@id\":\"https:\/\/tiketi.com\/#website\"},\"primaryImageOfPage\":{\"@id\":\"https:\/\/tiketi.com\/coach-mini-bus-hire-kenya\/#primaryimage\"},\"image\":{\"@id\":\"https:\/\/tiketi.com\/coach-mini-bus-hire-kenya\/#primaryimage\"},\"thumbnailUrl\":\"https:\/\/tiketi.com\/wp-content\/uploads\/2022\/01\/bus-ticket-online-booking.jpg\",\"datePublished\":\"2022-01-19T11:54:24+00:00\",\"dateModified\":\"2022-01-31T16:35:41+00:00\",\"description\":\"Looking for online minibus, coach\u00a0and bus hire Kenya? Compare prices and do cheap minibus, coach\u00a0and bus rental Kenya online now\",\"breadcrumb\":{\"@id\":\"https:\/\/tiketi.com\/coach-mini-bus-hire-kenya\/#breadcrumb\"},\"inLanguage\":\"fr-FR\",\"potentialAction\":[{\"@type\":\"ReadAction\",\"target\":[\"https:\/\/tiketi.com\/coach-mini-bus-hire-kenya\/\"]}]},{\"@type\":\"ImageObject\",\"inLanguage\":\"fr-FR\",\"@id\":\"https:\/\/tiketi.com\/coach-mini-bus-hire-kenya\/#primaryimage\",\"url\":\"https:\/\/tiketi.com\/wp-content\/uploads\/2022\/01\/bus-ticket-online-booking.jpg\",\"contentUrl\":\"https:\/\/tiketi.com\/wp-content\/uploads\/2022\/01\/bus-ticket-online-booking.jpg\",\"width\":1200,\"height\":206,\"caption\":\"Online Bus Ticket Booking\"},{\"@type\":\"BreadcrumbList\",\"@id\":\"https:\/\/tiketi.com\/coach-mini-bus-hire-kenya\/#breadcrumb\",\"itemListElement\":[{\"@type\":\"ListItem\",\"position\":1,\"name\":\"Home\",\"item\":\"https:\/\/tiketi.com\/\"},{\"@type\":\"ListItem\",\"position\":2,\"name\":\"Bus Hire Kenya &#8211; Cheap Coach &#038; Minibus Rentals\"}]},{\"@type\":\"WebSite\",\"@id\":\"https:\/\/tiketi.com\/#website\",\"url\":\"https:\/\/tiketi.com\/\",\"name\":\"Flight & Bus Tickets, Tour Packages & Activitites - Tiketi.com\",\"description\":\"Flight &amp; Bus Tickets, Tours, Activitites\",\"publisher\":{\"@id\":\"https:\/\/tiketi.com\/#organization\"},\"potentialAction\":[{\"@type\":\"SearchAction\",\"target\":{\"@type\":\"EntryPoint\",\"urlTemplate\":\"https:\/\/tiketi.com\/?s={search_term_string}\"},\"query-input\":{\"@type\":\"PropertyValueSpecification\",\"valueRequired\":true,\"valueName\":\"search_term_string\"}}],\"inLanguage\":\"fr-FR\"},{\"@type\":\"Organization\",\"@id\":\"https:\/\/tiketi.com\/#organization\",\"name\":\"Tiketi.com\",\"alternateName\":\"Tiketi\",\"url\":\"https:\/\/tiketi.com\/\",\"logo\":{\"@type\":\"ImageObject\",\"inLanguage\":\"fr-FR\",\"@id\":\"https:\/\/tiketi.com\/#\/schema\/logo\/image\/\",\"url\":\"https:\/\/tiketi.com\/wp-content\/uploads\/2019\/05\/tiketi-logo-696.png\",\"contentUrl\":\"https:\/\/tiketi.com\/wp-content\/uploads\/2019\/05\/tiketi-logo-696.png\",\"width\":696,\"height\":696,\"caption\":\"Tiketi.com\"},\"image\":{\"@id\":\"https:\/\/tiketi.com\/#\/schema\/logo\/image\/\"},\"sameAs\":[\"https:\/\/www.facebook.com\/TiketiCom\/\"]}]}<\/script>\n<!-- \/ Yoast SEO plugin. -->","yoast_head_json":{"title":"Location d&#039;autobus au Kenya - Location d&#039;autocars et de minibus \u00e0 bas prix","description":"Vous recherchez une location de minibus, d&#039;autocar et d&#039;autobus en ligne au Kenya ? Comparez les prix et faites une location de minibus, d&#039;autocar et d&#039;autobus pas cher au Kenya en ligne maintenant","robots":{"index":"index","follow":"follow","max-snippet":"max-snippet:-1","max-image-preview":"max-image-preview:large","max-video-preview":"max-video-preview:-1"},"canonical":"https:\/\/tiketi.com\/fr-fr\/coach-mini-bus-hire-kenya\/","og_locale":"fr_FR","og_type":"article","og_title":"Bus Hire Kenya - Cheap Coach & Minibus Rentals","og_description":"Looking for online minibus, coach\u00a0and bus hire Kenya? Compare prices and do cheap minibus, coach\u00a0and bus rental Kenya online now","og_url":"https:\/\/tiketi.com\/fr-fr\/coach-mini-bus-hire-kenya\/","og_site_name":"Tiketi.com","article_publisher":"https:\/\/www.facebook.com\/TiketiCom\/","article_modified_time":"2022-01-31T16:35:41+00:00","og_image":[{"width":1200,"height":206,"url":"https:\/\/tiketi.com\/wp-content\/uploads\/2022\/01\/bus-ticket-online-booking.jpg","type":"image\/jpeg"}],"twitter_card":"summary_large_image","twitter_misc":{"Dur\u00e9e de lecture estim\u00e9e":"3 minutes"},"schema":{"@context":"https:\/\/schema.org","@graph":[{"@type":"WebPage","@id":"https:\/\/tiketi.com\/coach-mini-bus-hire-kenya\/","url":"https:\/\/tiketi.com\/coach-mini-bus-hire-kenya\/","name":"Location d&#039;autobus au Kenya - Location d&#039;autocars et de minibus \u00e0 bas prix","isPartOf":{"@id":"https:\/\/tiketi.com\/#website"},"primaryImageOfPage":{"@id":"https:\/\/tiketi.com\/coach-mini-bus-hire-kenya\/#primaryimage"},"image":{"@id":"https:\/\/tiketi.com\/coach-mini-bus-hire-kenya\/#primaryimage"},"thumbnailUrl":"https:\/\/tiketi.com\/wp-content\/uploads\/2022\/01\/bus-ticket-online-booking.jpg","datePublished":"2022-01-19T11:54:24+00:00","dateModified":"2022-01-31T16:35:41+00:00","description":"Vous recherchez une location de minibus, d&#039;autocar et d&#039;autobus en ligne au Kenya ? Comparez les prix et faites une location de minibus, d&#039;autocar et d&#039;autobus pas cher au Kenya en ligne maintenant","breadcrumb":{"@id":"https:\/\/tiketi.com\/coach-mini-bus-hire-kenya\/#breadcrumb"},"inLanguage":"fr-FR","potentialAction":[{"@type":"ReadAction","target":["https:\/\/tiketi.com\/coach-mini-bus-hire-kenya\/"]}]},{"@type":"ImageObject","inLanguage":"fr-FR","@id":"https:\/\/tiketi.com\/coach-mini-bus-hire-kenya\/#primaryimage","url":"https:\/\/tiketi.com\/wp-content\/uploads\/2022\/01\/bus-ticket-online-booking.jpg","contentUrl":"https:\/\/tiketi.com\/wp-content\/uploads\/2022\/01\/bus-ticket-online-booking.jpg","width":1200,"height":206,"caption":"Online Bus Ticket Booking"},{"@type":"BreadcrumbList","@id":"https:\/\/tiketi.com\/coach-mini-bus-hire-kenya\/#breadcrumb","itemListElement":[{"@type":"ListItem","position":1,"name":"Home","item":"https:\/\/tiketi.com\/"},{"@type":"ListItem","position":2,"name":"Bus Hire Kenya &#8211; Cheap Coach &#038; Minibus Rentals"}]},{"@type":"WebSite","@id":"https:\/\/tiketi.com\/#website","url":"https:\/\/tiketi.com\/","name":"Billets d&#039;avion et de bus, forfaits touristiques et activit\u00e9s - Tiketi.com","description":"Billets d&#039;avion et de bus, Tours, Activit\u00e9s","publisher":{"@id":"https:\/\/tiketi.com\/#organization"},"potentialAction":[{"@type":"SearchAction","target":{"@type":"EntryPoint","urlTemplate":"https:\/\/tiketi.com\/?s={search_term_string}"},"query-input":{"@type":"PropertyValueSpecification","valueRequired":true,"valueName":"search_term_string"}}],"inLanguage":"fr-FR"},{"@type":"Organization","@id":"https:\/\/tiketi.com\/#organization","name":"Tiketi.com","alternateName":"Tiketi","url":"https:\/\/tiketi.com\/","logo":{"@type":"ImageObject","inLanguage":"fr-FR","@id":"https:\/\/tiketi.com\/#\/schema\/logo\/image\/","url":"https:\/\/tiketi.com\/wp-content\/uploads\/2019\/05\/tiketi-logo-696.png","contentUrl":"https:\/\/tiketi.com\/wp-content\/uploads\/2019\/05\/tiketi-logo-696.png","width":696,"height":696,"caption":"Tiketi.com"},"image":{"@id":"https:\/\/tiketi.com\/#\/schema\/logo\/image\/"},"sameAs":["https:\/\/www.facebook.com\/TiketiCom\/"]}]}},"_links":{"self":[{"href":"https:\/\/tiketi.com\/fr-fr\/wp-json\/wp\/v2\/pages\/11240","targetHints":{"allow":["GET"]}}],"collection":[{"href":"https:\/\/tiketi.com\/fr-fr\/wp-json\/wp\/v2\/pages"}],"about":[{"href":"https:\/\/tiketi.com\/fr-fr\/wp-json\/wp\/v2\/types\/page"}],"author":[{"embeddable":true,"href":"https:\/\/tiketi.com\/fr-fr\/wp-json\/wp\/v2\/users\/1"}],"replies":[{"embeddable":true,"href":"https:\/\/tiketi.com\/fr-fr\/wp-json\/wp\/v2\/comments?post=11240"}],"version-history":[{"count":0,"href":"https:\/\/tiketi.com\/fr-fr\/wp-json\/wp\/v2\/pages\/11240\/revisions"}],"wp:featuredmedia":[{"embeddable":true,"href":"https:\/\/tiketi.com\/fr-fr\/wp-json\/wp\/v2\/media\/13999"}],"wp:attachment":[{"href":"https:\/\/tiketi.com\/fr-fr\/wp-json\/wp\/v2\/media?parent=11240"}],"curies":[{"name":"wp","href":"https:\/\/api.w.org\/{rel}","templated":true}]}}