{"id":11241,"date":"2022-01-19T12:54:24","date_gmt":"2022-01-19T11:54:24","guid":{"rendered":"https:\/\/new.tiketi.com\/bus-hire-pretoria-cheap-coach-minibus-rentals\/"},"modified":"2022-01-31T17:38:43","modified_gmt":"2022-01-31T16:38:43","slug":"coach-mini-bus-hire-pretoria","status":"publish","type":"page","link":"https:\/\/tiketi.com\/fr-fr\/coach-mini-bus-hire-pretoria\/","title":{"rendered":"Location de bus \u00e0 Pretoria \u2013 Location d&#039;autocars et de minibus pas chers"},"content":{"rendered":"<h2>Location de bus pas cher Pretoria<\/h2>\n<h3><strong>&gt;&gt;<\/strong>\u00a0Louez un minibus, un autocar ou un bus \u00e0 Pretoria en ligne <a href=\"https:\/\/tiketi.com\/fr-fr\/contact-us\/\">\u00e0 pr\u00e9sent<\/a>.<\/h3>\n<p>La location de minibus, d&#039;autocars et d&#039;autobus pas chers \u00e0 Pretoria est facilit\u00e9e. Des millions de Sud-Africains utilisent chaque ann\u00e9e la location de bus bon march\u00e9 \u00e0 Pretoria pour voyager en toute s\u00e9curit\u00e9 vers et depuis les \u00e9v\u00e9nements. Pretoria, la capitale \u00e9conomique et politique de l&#039;Afrique du Sud, accueille chaque ann\u00e9e des millions de visiteurs et de visiteurs d&#039;affaires. Cette grande ville sud-africaine joue un r\u00f4le politique et \u00e9conomique vital dans le pays, mais b\u00e9n\u00e9ficie \u00e9galement de son juste prix dans le secteur touristique. C&#039;est pourquoi la location de bus \u00e0 Pretoria est si demand\u00e9e. Louez d\u00e8s maintenant des minibus, autocars et bus Pretoria en ligne pas cher et \u00e9conomisez du temps et de l&#039;argent.<\/p>\n<h2>FAQ sur la location de minibus, d&#039;autocars et de bus \u00e0 Pretoria<\/h2>\n<h3>Comment louer un bus \u00e0 Pretoria<\/h3>\n<p>Une dizaine d&#039;entreprises de location d&#039;autocars diff\u00e9rentes travaillent \u00e0 Pretoria et ciblent principalement le march\u00e9 des affaires. En tant que capitale des r\u00e9unions et des affaires du pays, ces entreprises ont suffisamment de travail pour survivre. Ils sont \u00e9galement habitu\u00e9s \u00e0 fournir des services aux visiteurs. Ces entreprises disposent d&#039;une meilleure flotte de v\u00e9hicules. Certains pensent que les entra\u00eeneurs africains sont us\u00e9s et d\u00e9labr\u00e9s, confondant peut-\u00eatre Pretoria avec quelque chose qu&#039;ils ont vu \u00e0 la t\u00e9l\u00e9vision sur le Congo. Les installations sont incroyables et une gamme de 22 \u00e0 80 locations d&#039;autocars de luxe \u00e0 Pretoria sont accessibles.<\/p>\n<h3>Location de minibus Pretoria<\/h3>\n<p>Les minbus de seize places sont le v\u00e9hicule le plus r\u00e9pandu sur les routes de Pretoria. Il s&#039;agit des taxis africains locaux, il existe \u00e9galement des minibus les plus r\u00e9cents et une gamme compl\u00e8te de particuliers et d&#039;entreprises proposent 16 locations de bus de luxe \u00e0 Pretoria. Nous vous conseillons de faire appel \u00e0 une compagnie d&#039;autocars d\u00e9di\u00e9e car vous \u00eates assur\u00e9 du standing, et en secours un minibus \u00e9tant accessible en cas de panne.<\/p>\n<h3>Transfert entre OR Tambo et Pretoria<\/h3>\n<p>OR Tambo est le plus grand a\u00e9roport d&#039;Afrique et le point d&#039;entr\u00e9e cl\u00e9 pour les visiteurs \u00e9trangers en Afrique du Sud. D\u00e9couvrez le stand de nourriture pour d\u00e9couvrir \u00e0 quel point l&#039;Afrique du Sud peut \u00eatre diversifi\u00e9e. Vous pouvez passer du Bunny Chow au pass and mass, au steak saignant et aux repas quotidiens de facto, au poulet frit.<\/p>\n<p>Depuis cet a\u00e9roport, une location de bus de luxe priv\u00e9 \u00e0 Pretoria co\u00fbtera jusqu&#039;\u00e0 1 000 R et prendra 1 \u00e0 2 heures en fonction du trafic.<\/p>\n<h2>Conseils pour la location de bus pas cher \u00e0 Pretoria<\/h2>\n<p>De nombreuses entreprises font appel \u00e0 la location d&#039;autocars \u00e0 Pretoria pour transporter leurs travailleurs vers et depuis des \u00e9v\u00e9nements de team building, des conf\u00e9rences, des r\u00e9ceptions d&#039;entreprise et d&#039;autres \u00e9v\u00e9nements commerciaux et marketing. De grands groupes d&#039;amis font des visites panoramiques \u00e0 travers les nombreuses zones touristiques et attractions de la ville et d&#039;autres profitent des soir\u00e9es en ville et d\u00e9couvrent la vie nocturne de Pretoria sans avoir \u00e0 h\u00e9siter \u00e0 essayer de rentrer chez eux ou de conduire dans une ville inconnue. .<\/p>","protected":false},"excerpt":{"rendered":"<p>Cheap Bus Rental\u00a0Pretoria &gt;&gt;\u00a0Rent a minibus, coach\u00a0or bus in Pretoria online now. Cheap minibus, coach and bus hire in Pretoria made easy. Millions of South Africans make use of cheap bus hire Pretoria to travel safely to and from events each year. Pretoria, South Africa hot economic and political capital plays host to both millions [&hellip;]<\/p>\n","protected":false},"author":1,"featured_media":13999,"parent":0,"menu_order":0,"comment_status":"open","ping_status":"closed","template":"template-home-modern.php","meta":{"footnotes":""},"class_list":["post-11241","page","type-page","status-publish","has-post-thumbnail","hentry"],"yoast_head":"<!-- This site is optimized with the Yoast SEO plugin v27.4 - https:\/\/yoast.com\/product\/yoast-seo-wordpress\/ -->\n<title>Bus Hire in Pretoria - Cheap Coach &amp; Minibus Rentals<\/title>\n<meta name=\"description\" content=\"Looking for online minibus, coach\u00a0and bus hire in Pretoria? Compare prices and do cheap minibus, coach\u00a0and bus rental Pretoria online now\" \/>\n<meta name=\"robots\" content=\"index, follow, max-snippet:-1, max-image-preview:large, max-video-preview:-1\" \/>\n<link rel=\"canonical\" href=\"https:\/\/tiketi.com\/fr-fr\/coach-mini-bus-hire-pretoria\/\" \/>\n<meta property=\"og:locale\" content=\"fr_FR\" \/>\n<meta property=\"og:type\" content=\"article\" \/>\n<meta property=\"og:title\" content=\"Bus Hire in Pretoria - Cheap Coach &amp; Minibus Rentals\" \/>\n<meta property=\"og:description\" content=\"Looking for online minibus, coach\u00a0and bus hire in Pretoria? Compare prices and do cheap minibus, coach\u00a0and bus rental Pretoria online now\" \/>\n<meta property=\"og:url\" content=\"https:\/\/tiketi.com\/fr-fr\/coach-mini-bus-hire-pretoria\/\" \/>\n<meta property=\"og:site_name\" content=\"Tiketi.com\" \/>\n<meta property=\"article:publisher\" content=\"https:\/\/www.facebook.com\/TiketiCom\/\" \/>\n<meta property=\"article:modified_time\" content=\"2022-01-31T16:38:43+00:00\" \/>\n<meta property=\"og:image\" content=\"https:\/\/tiketi.com\/wp-content\/uploads\/2022\/01\/bus-ticket-online-booking.jpg\" \/>\n\t<meta property=\"og:image:width\" content=\"1200\" \/>\n\t<meta property=\"og:image:height\" content=\"206\" \/>\n\t<meta property=\"og:image:type\" content=\"image\/jpeg\" \/>\n<meta name=\"twitter:card\" content=\"summary_large_image\" \/>\n<meta name=\"twitter:label1\" content=\"Dur\u00e9e de lecture estim\u00e9e\" \/>\n\t<meta name=\"twitter:data1\" content=\"2 minutes\" \/>\n<script type=\"application\/ld+json\" class=\"yoast-schema-graph\">{\"@context\":\"https:\\\/\\\/schema.org\",\"@graph\":[{\"@type\":\"WebPage\",\"@id\":\"https:\\\/\\\/tiketi.com\\\/coach-mini-bus-hire-pretoria\\\/\",\"url\":\"https:\\\/\\\/tiketi.com\\\/coach-mini-bus-hire-pretoria\\\/\",\"name\":\"Bus Hire in Pretoria - Cheap Coach & Minibus Rentals\",\"isPartOf\":{\"@id\":\"https:\\\/\\\/tiketi.com\\\/#website\"},\"primaryImageOfPage\":{\"@id\":\"https:\\\/\\\/tiketi.com\\\/coach-mini-bus-hire-pretoria\\\/#primaryimage\"},\"image\":{\"@id\":\"https:\\\/\\\/tiketi.com\\\/coach-mini-bus-hire-pretoria\\\/#primaryimage\"},\"thumbnailUrl\":\"https:\\\/\\\/tiketi.com\\\/wp-content\\\/uploads\\\/2022\\\/01\\\/bus-ticket-online-booking.jpg\",\"datePublished\":\"2022-01-19T11:54:24+00:00\",\"dateModified\":\"2022-01-31T16:38:43+00:00\",\"description\":\"Looking for online minibus, coach\u00a0and bus hire in Pretoria? Compare prices and do cheap minibus, coach\u00a0and bus rental Pretoria online now\",\"breadcrumb\":{\"@id\":\"https:\\\/\\\/tiketi.com\\\/coach-mini-bus-hire-pretoria\\\/#breadcrumb\"},\"inLanguage\":\"fr-FR\",\"potentialAction\":[{\"@type\":\"ReadAction\",\"target\":[\"https:\\\/\\\/tiketi.com\\\/coach-mini-bus-hire-pretoria\\\/\"]}]},{\"@type\":\"ImageObject\",\"inLanguage\":\"fr-FR\",\"@id\":\"https:\\\/\\\/tiketi.com\\\/coach-mini-bus-hire-pretoria\\\/#primaryimage\",\"url\":\"https:\\\/\\\/tiketi.com\\\/wp-content\\\/uploads\\\/2022\\\/01\\\/bus-ticket-online-booking.jpg\",\"contentUrl\":\"https:\\\/\\\/tiketi.com\\\/wp-content\\\/uploads\\\/2022\\\/01\\\/bus-ticket-online-booking.jpg\",\"width\":1200,\"height\":206,\"caption\":\"Online Bus Ticket Booking\"},{\"@type\":\"BreadcrumbList\",\"@id\":\"https:\\\/\\\/tiketi.com\\\/coach-mini-bus-hire-pretoria\\\/#breadcrumb\",\"itemListElement\":[{\"@type\":\"ListItem\",\"position\":1,\"name\":\"Home\",\"item\":\"https:\\\/\\\/tiketi.com\\\/\"},{\"@type\":\"ListItem\",\"position\":2,\"name\":\"Bus Hire in Pretoria &#8211; Cheap Coach &#038; Minibus Rentals\"}]},{\"@type\":\"WebSite\",\"@id\":\"https:\\\/\\\/tiketi.com\\\/#website\",\"url\":\"https:\\\/\\\/tiketi.com\\\/\",\"name\":\"Flight & Bus Tickets, Tour Packages & Activitites - Tiketi.com\",\"description\":\"Flight &amp; Bus Tickets, Tours, Activitites\",\"publisher\":{\"@id\":\"https:\\\/\\\/tiketi.com\\\/#organization\"},\"potentialAction\":[{\"@type\":\"SearchAction\",\"target\":{\"@type\":\"EntryPoint\",\"urlTemplate\":\"https:\\\/\\\/tiketi.com\\\/?s={search_term_string}\"},\"query-input\":{\"@type\":\"PropertyValueSpecification\",\"valueRequired\":true,\"valueName\":\"search_term_string\"}}],\"inLanguage\":\"fr-FR\"},{\"@type\":\"Organization\",\"@id\":\"https:\\\/\\\/tiketi.com\\\/#organization\",\"name\":\"Tiketi.com\",\"alternateName\":\"Tiketi\",\"url\":\"https:\\\/\\\/tiketi.com\\\/\",\"logo\":{\"@type\":\"ImageObject\",\"inLanguage\":\"fr-FR\",\"@id\":\"https:\\\/\\\/tiketi.com\\\/#\\\/schema\\\/logo\\\/image\\\/\",\"url\":\"https:\\\/\\\/tiketi.com\\\/wp-content\\\/uploads\\\/2019\\\/05\\\/tiketi-logo-696.png\",\"contentUrl\":\"https:\\\/\\\/tiketi.com\\\/wp-content\\\/uploads\\\/2019\\\/05\\\/tiketi-logo-696.png\",\"width\":696,\"height\":696,\"caption\":\"Tiketi.com\"},\"image\":{\"@id\":\"https:\\\/\\\/tiketi.com\\\/#\\\/schema\\\/logo\\\/image\\\/\"},\"sameAs\":[\"https:\\\/\\\/www.facebook.com\\\/TiketiCom\\\/\"]}]}<\/script>\n<!-- \/ Yoast SEO plugin. -->","yoast_head_json":{"title":"Location de bus \u00e0 Pretoria - Location d&#039;autocars et de minibus pas chers","description":"Vous recherchez une location de minibus, d&#039;autocars et d&#039;autocars en ligne \u00e0 Pretoria ? Comparez les prix et louez des minibus, autocars et bus Pretoria pas chers en ligne maintenant","robots":{"index":"index","follow":"follow","max-snippet":"max-snippet:-1","max-image-preview":"max-image-preview:large","max-video-preview":"max-video-preview:-1"},"canonical":"https:\/\/tiketi.com\/fr-fr\/coach-mini-bus-hire-pretoria\/","og_locale":"fr_FR","og_type":"article","og_title":"Bus Hire in Pretoria - Cheap Coach & Minibus Rentals","og_description":"Looking for online minibus, coach\u00a0and bus hire in Pretoria? Compare prices and do cheap minibus, coach\u00a0and bus rental Pretoria online now","og_url":"https:\/\/tiketi.com\/fr-fr\/coach-mini-bus-hire-pretoria\/","og_site_name":"Tiketi.com","article_publisher":"https:\/\/www.facebook.com\/TiketiCom\/","article_modified_time":"2022-01-31T16:38:43+00:00","og_image":[{"width":1200,"height":206,"url":"https:\/\/tiketi.com\/wp-content\/uploads\/2022\/01\/bus-ticket-online-booking.jpg","type":"image\/jpeg"}],"twitter_card":"summary_large_image","twitter_misc":{"Dur\u00e9e de lecture estim\u00e9e":"2 minutes"},"schema":{"@context":"https:\/\/schema.org","@graph":[{"@type":"WebPage","@id":"https:\/\/tiketi.com\/coach-mini-bus-hire-pretoria\/","url":"https:\/\/tiketi.com\/coach-mini-bus-hire-pretoria\/","name":"Location de bus \u00e0 Pretoria - Location d&#039;autocars et de minibus pas chers","isPartOf":{"@id":"https:\/\/tiketi.com\/#website"},"primaryImageOfPage":{"@id":"https:\/\/tiketi.com\/coach-mini-bus-hire-pretoria\/#primaryimage"},"image":{"@id":"https:\/\/tiketi.com\/coach-mini-bus-hire-pretoria\/#primaryimage"},"thumbnailUrl":"https:\/\/tiketi.com\/wp-content\/uploads\/2022\/01\/bus-ticket-online-booking.jpg","datePublished":"2022-01-19T11:54:24+00:00","dateModified":"2022-01-31T16:38:43+00:00","description":"Vous recherchez une location de minibus, d&#039;autocars et d&#039;autocars en ligne \u00e0 Pretoria ? Comparez les prix et louez des minibus, autocars et bus Pretoria pas chers en ligne maintenant","breadcrumb":{"@id":"https:\/\/tiketi.com\/coach-mini-bus-hire-pretoria\/#breadcrumb"},"inLanguage":"fr-FR","potentialAction":[{"@type":"ReadAction","target":["https:\/\/tiketi.com\/coach-mini-bus-hire-pretoria\/"]}]},{"@type":"ImageObject","inLanguage":"fr-FR","@id":"https:\/\/tiketi.com\/coach-mini-bus-hire-pretoria\/#primaryimage","url":"https:\/\/tiketi.com\/wp-content\/uploads\/2022\/01\/bus-ticket-online-booking.jpg","contentUrl":"https:\/\/tiketi.com\/wp-content\/uploads\/2022\/01\/bus-ticket-online-booking.jpg","width":1200,"height":206,"caption":"Online Bus Ticket Booking"},{"@type":"BreadcrumbList","@id":"https:\/\/tiketi.com\/coach-mini-bus-hire-pretoria\/#breadcrumb","itemListElement":[{"@type":"ListItem","position":1,"name":"Home","item":"https:\/\/tiketi.com\/"},{"@type":"ListItem","position":2,"name":"Bus Hire in Pretoria &#8211; Cheap Coach &#038; Minibus Rentals"}]},{"@type":"WebSite","@id":"https:\/\/tiketi.com\/#website","url":"https:\/\/tiketi.com\/","name":"Billets d&#039;avion et de bus, forfaits touristiques et activit\u00e9s - Tiketi.com","description":"Billets d&#039;avion et de bus, Tours, Activit\u00e9s","publisher":{"@id":"https:\/\/tiketi.com\/#organization"},"potentialAction":[{"@type":"SearchAction","target":{"@type":"EntryPoint","urlTemplate":"https:\/\/tiketi.com\/?s={search_term_string}"},"query-input":{"@type":"PropertyValueSpecification","valueRequired":true,"valueName":"search_term_string"}}],"inLanguage":"fr-FR"},{"@type":"Organization","@id":"https:\/\/tiketi.com\/#organization","name":"Tiketi.com","alternateName":"Tiketi","url":"https:\/\/tiketi.com\/","logo":{"@type":"ImageObject","inLanguage":"fr-FR","@id":"https:\/\/tiketi.com\/#\/schema\/logo\/image\/","url":"https:\/\/tiketi.com\/wp-content\/uploads\/2019\/05\/tiketi-logo-696.png","contentUrl":"https:\/\/tiketi.com\/wp-content\/uploads\/2019\/05\/tiketi-logo-696.png","width":696,"height":696,"caption":"Tiketi.com"},"image":{"@id":"https:\/\/tiketi.com\/#\/schema\/logo\/image\/"},"sameAs":["https:\/\/www.facebook.com\/TiketiCom\/"]}]}},"_links":{"self":[{"href":"https:\/\/tiketi.com\/fr-fr\/wp-json\/wp\/v2\/pages\/11241","targetHints":{"allow":["GET"]}}],"collection":[{"href":"https:\/\/tiketi.com\/fr-fr\/wp-json\/wp\/v2\/pages"}],"about":[{"href":"https:\/\/tiketi.com\/fr-fr\/wp-json\/wp\/v2\/types\/page"}],"author":[{"embeddable":true,"href":"https:\/\/tiketi.com\/fr-fr\/wp-json\/wp\/v2\/users\/1"}],"replies":[{"embeddable":true,"href":"https:\/\/tiketi.com\/fr-fr\/wp-json\/wp\/v2\/comments?post=11241"}],"version-history":[{"count":0,"href":"https:\/\/tiketi.com\/fr-fr\/wp-json\/wp\/v2\/pages\/11241\/revisions"}],"wp:featuredmedia":[{"embeddable":true,"href":"https:\/\/tiketi.com\/fr-fr\/wp-json\/wp\/v2\/media\/13999"}],"wp:attachment":[{"href":"https:\/\/tiketi.com\/fr-fr\/wp-json\/wp\/v2\/media?parent=11241"}],"curies":[{"name":"wp","href":"https:\/\/api.w.org\/{rel}","templated":true}]}}