{"id":11242,"date":"2022-01-19T12:54:24","date_gmt":"2022-01-19T11:54:24","guid":{"rendered":"https:\/\/new.tiketi.com\/bus-rental-nairobi-cheap-tour-minibus-hire\/"},"modified":"2023-06-29T12:10:49","modified_gmt":"2023-06-29T11:10:49","slug":"coach-mini-bus-hire-nairobi","status":"publish","type":"page","link":"https:\/\/tiketi.com\/fr-fr\/coach-mini-bus-hire-nairobi\/","title":{"rendered":"Location de bus Nairobi - Location de minibus pas cher"},"content":{"rendered":"<h2>Tour Bus \u00e0 louer \u00e0 Nairobi, Kenya<\/h2>\n<h3>Comparez les prix et r\u00e9servez en ligne les bus de location \u00e0 Nairobi <u><a href=\"https:\/\/tiketi.com\/fr-fr\/contact-us\/\">&gt;&gt;<\/a><\/u><\/h3>\n<p>La location de minibus, autocars et bus bon march\u00e9 \u00e0 Nairobi est simplifi\u00e9e. La location de bus pas cher \u00e0 Nairobi est le meilleur moyen de voyager au Kenya pour les voyageurs en groupe. Pouvant accueillir jusqu&#039;\u00e0 30 passagers et suffisamment d&#039;espace pour les bagages, le bus coaster offre une balade relaxante dans la ville de Nairobi. R\u00e9servez d\u00e8s maintenant en ligne la location de minibus, autocars et bus touristiques bon march\u00e9 \u00e0 Nairobi.<\/p>\n<p>M\u00eame si vous voyagez en groupe dans un parc animalier, les bus touristiques \u00e0 louer \u00e0 Nairobi sont capables de vous emmener dans un voyage magique. Les bus sont enti\u00e8rement assur\u00e9s, bien entretenus et enti\u00e8rement entretenus pour une visite en toute s\u00e9curit\u00e9 au Kenya.<\/p>\n<h2>FAQ sur la location de minibus, d&#039;autocars et de bus \u00e0 Nairobi<\/h2>\n<p>Comment louer un bus \u00e0 Nairobi, Kenya :<\/p>\n<h3>Minibus 8 places \u00e0 louer \u00e0 Nairobi<\/h3>\n<p>Si vous partez pour une visite en petit groupe, cette location d&#039;autocar \u00e0 Nairobi est bien \u00e9quip\u00e9e avec la climatisation, un syst\u00e8me audio et un GPS pour vous assurer d&#039;arriver l\u00e0 o\u00f9 vous devez aller confortablement et en toute s\u00e9curit\u00e9.<\/p>\n<h3>Location minibus 14 places Nairobi<\/h3>\n<p>Besoin de r\u00e9cup\u00e9rer une d\u00e9l\u00e9gation d&#039;entreprise vitale \u00e0 l&#039;a\u00e9roport ? Ce v\u00e9hicule offre suffisamment d&#039;espace pour les bagages et beaucoup d&#039;espace pour les coudes afin que vos clients d&#039;affaires profitent d&#039;un trajet relaxant vers leur r\u00e9union d&#039;affaires ou leur h\u00f4tel.<\/p>\n<h3>Bus touristique de 24 places \u00e0 louer \u00e0 Nairobi<\/h3>\n<p>Ce v\u00e9hicule est juste la meilleure taille pour accueillir de petits groupes d&#039;\u00e9glises ou d&#039;\u00e9coles lors d&#039;excursions d&#039;une journ\u00e9e dans diff\u00e9rentes parties du pays. Complet avec climatisation et si\u00e8ges ergonomiques, vous n&#039;auriez aucun probl\u00e8me \u00e0 vous d\u00e9tendre dans ce v\u00e9hicule pendant une p\u00e9riode prolong\u00e9e.<\/p>\n<h3>Rosa bus 25 places \u00e0 louer Nairobi, Kenya<\/h3>\n<p>Lorsqu&#039;un groupe de personnes veut voyager d&#039;un point \u00e0 un autre, il devient simple d&#039;utiliser le bus Rosa 25 places pour Hire Kenya. Par exemple, lorsqu&#039;une entreprise souhaite emmener ses employ\u00e9s \u00e0 une exp\u00e9rience de team building \u00e0 Naivasha depuis Nairobi, elle utilisera probablement un bus Rosa de 25 places. Il y a quelques sp\u00e9cifications qui font du bus Rosa un mode de transport c\u00e9l\u00e8bre parmi le personnel des entreprises kenyanes.<\/p>\n<p>\u2022 Ils viennent avec AC<br \/>\n\u2022 Ils sont luxueux<br \/>\n\u2022 Ils peuvent naviguer facilement sur la plupart des routes kenyanes<br \/>\n\u2022 Ils sont \u00e9conomiques<\/p>\n<h3>Location de bus 33 places \u00e0 Nairobi<\/h3>\n<p>Vous cherchez une location de bus de f\u00eate bon march\u00e9 \u00e0 Nairobi avec votre pub local ou votre groupe religieux\u00a0? C&#039;est l&#039;entra\u00eeneur parfait pour vous. Des chauffeurs hautement professionnels sont exp\u00e9riment\u00e9s dans le transport de groupes sur des trajets de moyenne \u00e0 longue distance en toute s\u00e9curit\u00e9 et efficacement.<\/p>\n<h3>Location de bus 49-72 places Nairobi<\/h3>\n<p>Pour les groupes de taille moyenne, autocar de 49 places avec si\u00e8ges relaxants, climatisation et divertissement \u00e0 bord pour que les groupes se d\u00e9tendent et s&#039;amusent lors de ces visites plus longues.<\/p>","protected":false},"excerpt":{"rendered":"<p>Tour Bus for Hire in Nairobi, Kenya Compare prices and do book online buses for hire in Nairobi &gt;&gt; Cheap minibus, coach\u00a0and bus\u00a0rental Nairobi made easy. Cheap bus hire Nairobi is the top way to travel in Kenya for group travellers. Taking up to 30 passengers and sufficient space for luggage, the coaster bus provide [&hellip;]<\/p>\n","protected":false},"author":1,"featured_media":13999,"parent":0,"menu_order":0,"comment_status":"open","ping_status":"closed","template":"template-home-modern.php","meta":{"footnotes":""},"class_list":["post-11242","page","type-page","status-publish","has-post-thumbnail","hentry"],"yoast_head":"<!-- This site is optimized with the Yoast SEO plugin v27.2 - https:\/\/yoast.com\/product\/yoast-seo-wordpress\/ -->\n<title>Bus Rental Nairobi - Cheap Tour Minibus Hire<\/title>\n<meta name=\"description\" content=\"Looking for online coach, minibus &amp; bus rental Nairobi, Kenya? Compare prices and book cheap mini bus and tour bus for hire in Nairobi online\" \/>\n<meta name=\"robots\" content=\"index, follow, max-snippet:-1, max-image-preview:large, max-video-preview:-1\" \/>\n<link rel=\"canonical\" href=\"https:\/\/tiketi.com\/fr-fr\/coach-mini-bus-hire-nairobi\/\" \/>\n<meta property=\"og:locale\" content=\"fr_FR\" \/>\n<meta property=\"og:type\" content=\"article\" \/>\n<meta property=\"og:title\" content=\"Bus Rental Nairobi - Cheap Tour Minibus Hire\" \/>\n<meta property=\"og:description\" content=\"Looking for online coach, minibus &amp; bus rental Nairobi, Kenya? Compare prices and book cheap mini bus and tour bus for hire in Nairobi online\" \/>\n<meta property=\"og:url\" content=\"https:\/\/tiketi.com\/fr-fr\/coach-mini-bus-hire-nairobi\/\" \/>\n<meta property=\"og:site_name\" content=\"Tiketi.com\" \/>\n<meta property=\"article:publisher\" content=\"https:\/\/www.facebook.com\/TiketiCom\/\" \/>\n<meta property=\"article:modified_time\" content=\"2023-06-29T11:10:49+00:00\" \/>\n<meta property=\"og:image\" content=\"https:\/\/tiketi.com\/wp-content\/uploads\/2022\/01\/bus-ticket-online-booking.jpg\" \/>\n\t<meta property=\"og:image:width\" content=\"1200\" \/>\n\t<meta property=\"og:image:height\" content=\"206\" \/>\n\t<meta property=\"og:image:type\" content=\"image\/jpeg\" \/>\n<meta name=\"twitter:card\" content=\"summary_large_image\" \/>\n<meta name=\"twitter:label1\" content=\"Dur\u00e9e de lecture estim\u00e9e\" \/>\n\t<meta name=\"twitter:data1\" content=\"3 minutes\" \/>\n<script type=\"application\/ld+json\" class=\"yoast-schema-graph\">{\"@context\":\"https:\/\/schema.org\",\"@graph\":[{\"@type\":\"WebPage\",\"@id\":\"https:\/\/tiketi.com\/coach-mini-bus-hire-nairobi\/\",\"url\":\"https:\/\/tiketi.com\/coach-mini-bus-hire-nairobi\/\",\"name\":\"Bus Rental Nairobi - Cheap Tour Minibus Hire\",\"isPartOf\":{\"@id\":\"https:\/\/tiketi.com\/#website\"},\"primaryImageOfPage\":{\"@id\":\"https:\/\/tiketi.com\/coach-mini-bus-hire-nairobi\/#primaryimage\"},\"image\":{\"@id\":\"https:\/\/tiketi.com\/coach-mini-bus-hire-nairobi\/#primaryimage\"},\"thumbnailUrl\":\"https:\/\/tiketi.com\/wp-content\/uploads\/2022\/01\/bus-ticket-online-booking.jpg\",\"datePublished\":\"2022-01-19T11:54:24+00:00\",\"dateModified\":\"2023-06-29T11:10:49+00:00\",\"description\":\"Looking for online coach, minibus & bus rental Nairobi, Kenya? Compare prices and book cheap mini bus and tour bus for hire in Nairobi online\",\"breadcrumb\":{\"@id\":\"https:\/\/tiketi.com\/coach-mini-bus-hire-nairobi\/#breadcrumb\"},\"inLanguage\":\"fr-FR\",\"potentialAction\":[{\"@type\":\"ReadAction\",\"target\":[\"https:\/\/tiketi.com\/coach-mini-bus-hire-nairobi\/\"]}]},{\"@type\":\"ImageObject\",\"inLanguage\":\"fr-FR\",\"@id\":\"https:\/\/tiketi.com\/coach-mini-bus-hire-nairobi\/#primaryimage\",\"url\":\"https:\/\/tiketi.com\/wp-content\/uploads\/2022\/01\/bus-ticket-online-booking.jpg\",\"contentUrl\":\"https:\/\/tiketi.com\/wp-content\/uploads\/2022\/01\/bus-ticket-online-booking.jpg\",\"width\":1200,\"height\":206,\"caption\":\"Online Bus Ticket Booking\"},{\"@type\":\"BreadcrumbList\",\"@id\":\"https:\/\/tiketi.com\/coach-mini-bus-hire-nairobi\/#breadcrumb\",\"itemListElement\":[{\"@type\":\"ListItem\",\"position\":1,\"name\":\"Home\",\"item\":\"https:\/\/tiketi.com\/\"},{\"@type\":\"ListItem\",\"position\":2,\"name\":\"Bus Rental Nairobi &#8211; Cheap Tour Minibus Hire\"}]},{\"@type\":\"WebSite\",\"@id\":\"https:\/\/tiketi.com\/#website\",\"url\":\"https:\/\/tiketi.com\/\",\"name\":\"Flight & Bus Tickets, Tour Packages & Activitites - Tiketi.com\",\"description\":\"Flight &amp; Bus Tickets, Tours, Activitites\",\"publisher\":{\"@id\":\"https:\/\/tiketi.com\/#organization\"},\"potentialAction\":[{\"@type\":\"SearchAction\",\"target\":{\"@type\":\"EntryPoint\",\"urlTemplate\":\"https:\/\/tiketi.com\/?s={search_term_string}\"},\"query-input\":{\"@type\":\"PropertyValueSpecification\",\"valueRequired\":true,\"valueName\":\"search_term_string\"}}],\"inLanguage\":\"fr-FR\"},{\"@type\":\"Organization\",\"@id\":\"https:\/\/tiketi.com\/#organization\",\"name\":\"Tiketi.com\",\"alternateName\":\"Tiketi\",\"url\":\"https:\/\/tiketi.com\/\",\"logo\":{\"@type\":\"ImageObject\",\"inLanguage\":\"fr-FR\",\"@id\":\"https:\/\/tiketi.com\/#\/schema\/logo\/image\/\",\"url\":\"https:\/\/tiketi.com\/wp-content\/uploads\/2019\/05\/tiketi-logo-696.png\",\"contentUrl\":\"https:\/\/tiketi.com\/wp-content\/uploads\/2019\/05\/tiketi-logo-696.png\",\"width\":696,\"height\":696,\"caption\":\"Tiketi.com\"},\"image\":{\"@id\":\"https:\/\/tiketi.com\/#\/schema\/logo\/image\/\"},\"sameAs\":[\"https:\/\/www.facebook.com\/TiketiCom\/\"]}]}<\/script>\n<!-- \/ Yoast SEO plugin. -->","yoast_head_json":{"title":"Location de bus Nairobi - Location de minibus pas cher","description":"Vous recherchez une location d&#039;autocars, de minibus et d&#039;autobus en ligne Nairobi, Kenya\u00a0? Comparez les prix et r\u00e9servez en ligne des minibus et bus touristiques \u00e0 louer \u00e0 Nairobi","robots":{"index":"index","follow":"follow","max-snippet":"max-snippet:-1","max-image-preview":"max-image-preview:large","max-video-preview":"max-video-preview:-1"},"canonical":"https:\/\/tiketi.com\/fr-fr\/coach-mini-bus-hire-nairobi\/","og_locale":"fr_FR","og_type":"article","og_title":"Bus Rental Nairobi - Cheap Tour Minibus Hire","og_description":"Looking for online coach, minibus & bus rental Nairobi, Kenya? Compare prices and book cheap mini bus and tour bus for hire in Nairobi online","og_url":"https:\/\/tiketi.com\/fr-fr\/coach-mini-bus-hire-nairobi\/","og_site_name":"Tiketi.com","article_publisher":"https:\/\/www.facebook.com\/TiketiCom\/","article_modified_time":"2023-06-29T11:10:49+00:00","og_image":[{"width":1200,"height":206,"url":"https:\/\/tiketi.com\/wp-content\/uploads\/2022\/01\/bus-ticket-online-booking.jpg","type":"image\/jpeg"}],"twitter_card":"summary_large_image","twitter_misc":{"Dur\u00e9e de lecture estim\u00e9e":"3 minutes"},"schema":{"@context":"https:\/\/schema.org","@graph":[{"@type":"WebPage","@id":"https:\/\/tiketi.com\/coach-mini-bus-hire-nairobi\/","url":"https:\/\/tiketi.com\/coach-mini-bus-hire-nairobi\/","name":"Location de bus Nairobi - Location de minibus pas cher","isPartOf":{"@id":"https:\/\/tiketi.com\/#website"},"primaryImageOfPage":{"@id":"https:\/\/tiketi.com\/coach-mini-bus-hire-nairobi\/#primaryimage"},"image":{"@id":"https:\/\/tiketi.com\/coach-mini-bus-hire-nairobi\/#primaryimage"},"thumbnailUrl":"https:\/\/tiketi.com\/wp-content\/uploads\/2022\/01\/bus-ticket-online-booking.jpg","datePublished":"2022-01-19T11:54:24+00:00","dateModified":"2023-06-29T11:10:49+00:00","description":"Vous recherchez une location d&#039;autocars, de minibus et d&#039;autobus en ligne Nairobi, Kenya\u00a0? Comparez les prix et r\u00e9servez en ligne des minibus et bus touristiques \u00e0 louer \u00e0 Nairobi","breadcrumb":{"@id":"https:\/\/tiketi.com\/coach-mini-bus-hire-nairobi\/#breadcrumb"},"inLanguage":"fr-FR","potentialAction":[{"@type":"ReadAction","target":["https:\/\/tiketi.com\/coach-mini-bus-hire-nairobi\/"]}]},{"@type":"ImageObject","inLanguage":"fr-FR","@id":"https:\/\/tiketi.com\/coach-mini-bus-hire-nairobi\/#primaryimage","url":"https:\/\/tiketi.com\/wp-content\/uploads\/2022\/01\/bus-ticket-online-booking.jpg","contentUrl":"https:\/\/tiketi.com\/wp-content\/uploads\/2022\/01\/bus-ticket-online-booking.jpg","width":1200,"height":206,"caption":"Online Bus Ticket Booking"},{"@type":"BreadcrumbList","@id":"https:\/\/tiketi.com\/coach-mini-bus-hire-nairobi\/#breadcrumb","itemListElement":[{"@type":"ListItem","position":1,"name":"Home","item":"https:\/\/tiketi.com\/"},{"@type":"ListItem","position":2,"name":"Bus Rental Nairobi &#8211; Cheap Tour Minibus Hire"}]},{"@type":"WebSite","@id":"https:\/\/tiketi.com\/#website","url":"https:\/\/tiketi.com\/","name":"Billets d&#039;avion et de bus, forfaits touristiques et activit\u00e9s - Tiketi.com","description":"Billets d&#039;avion et de bus, Tours, Activit\u00e9s","publisher":{"@id":"https:\/\/tiketi.com\/#organization"},"potentialAction":[{"@type":"SearchAction","target":{"@type":"EntryPoint","urlTemplate":"https:\/\/tiketi.com\/?s={search_term_string}"},"query-input":{"@type":"PropertyValueSpecification","valueRequired":true,"valueName":"search_term_string"}}],"inLanguage":"fr-FR"},{"@type":"Organization","@id":"https:\/\/tiketi.com\/#organization","name":"Tiketi.com","alternateName":"Tiketi","url":"https:\/\/tiketi.com\/","logo":{"@type":"ImageObject","inLanguage":"fr-FR","@id":"https:\/\/tiketi.com\/#\/schema\/logo\/image\/","url":"https:\/\/tiketi.com\/wp-content\/uploads\/2019\/05\/tiketi-logo-696.png","contentUrl":"https:\/\/tiketi.com\/wp-content\/uploads\/2019\/05\/tiketi-logo-696.png","width":696,"height":696,"caption":"Tiketi.com"},"image":{"@id":"https:\/\/tiketi.com\/#\/schema\/logo\/image\/"},"sameAs":["https:\/\/www.facebook.com\/TiketiCom\/"]}]}},"_links":{"self":[{"href":"https:\/\/tiketi.com\/fr-fr\/wp-json\/wp\/v2\/pages\/11242","targetHints":{"allow":["GET"]}}],"collection":[{"href":"https:\/\/tiketi.com\/fr-fr\/wp-json\/wp\/v2\/pages"}],"about":[{"href":"https:\/\/tiketi.com\/fr-fr\/wp-json\/wp\/v2\/types\/page"}],"author":[{"embeddable":true,"href":"https:\/\/tiketi.com\/fr-fr\/wp-json\/wp\/v2\/users\/1"}],"replies":[{"embeddable":true,"href":"https:\/\/tiketi.com\/fr-fr\/wp-json\/wp\/v2\/comments?post=11242"}],"version-history":[{"count":0,"href":"https:\/\/tiketi.com\/fr-fr\/wp-json\/wp\/v2\/pages\/11242\/revisions"}],"wp:featuredmedia":[{"embeddable":true,"href":"https:\/\/tiketi.com\/fr-fr\/wp-json\/wp\/v2\/media\/13999"}],"wp:attachment":[{"href":"https:\/\/tiketi.com\/fr-fr\/wp-json\/wp\/v2\/media?parent=11242"}],"curies":[{"name":"wp","href":"https:\/\/api.w.org\/{rel}","templated":true}]}}