{"id":11243,"date":"2022-01-19T12:54:24","date_gmt":"2022-01-19T11:54:24","guid":{"rendered":"https:\/\/new.tiketi.com\/bus-hire-in-lagos-nigeria-cheap-coach-minibus-rentals\/"},"modified":"2022-01-31T17:18:04","modified_gmt":"2022-01-31T16:18:04","slug":"coach-mini-bus-hire-lagos-nigeria","status":"publish","type":"page","link":"https:\/\/tiketi.com\/fr-fr\/coach-mini-bus-hire-lagos-nigeria\/","title":{"rendered":"Location de bus \u00e0 Lagos au Nigeria - Location d&#039;autocars et de minibus \u00e0 bas prix"},"content":{"rendered":"<h2>Location de bus pas cher \u00e0 Lagos, Nigeria<\/h2>\n<h3>Comparez les prix et louez un minibus, un autocar ou un bus \u00e0 Lagos, Nig\u00e9ria en ligne <a href=\"https:\/\/tiketi.com\/fr-fr\/contact-us\/\">maintenant &gt;&gt;<\/a><\/h3>\n<p>La location de minibus, d&#039;autocar et d&#039;autobus \u00e0 bas prix \u00e0 Lagos au Nigeria devient facile. Faites de la location en ligne de minibus, d&#039;autocars et d&#039;autobus \u00e0 Lagos, au Nigeria et gagnez du temps et de l&#039;argent.<\/p>\n<h2>FAQ sur la location de minibus, d&#039;autocars et d&#039;autobus \u00e0 Lagos au Nigeria<\/h2>\n<h3>Avez-vous besoin d&#039;une location d&#039;autobus pas cher Lagos Nigeria pour votre organisation ?<\/h3>\n<h3>Vos travailleurs s&#039;\u00e9puisent-ils tous les matins en raison de soucis li\u00e9s au trajet\u00a0?<\/h3>\n<h3>Vous h\u00e9sitez sur la s\u00e9curit\u00e9 de vos travailleurs ?<\/h3>\n<h3>Votre personnel arrive-t-il en retard \u00e0 cause du trafic intense de Lagos\u00a0?<\/h3>\n<p>Il existe de nombreuses soci\u00e9t\u00e9s de location d&#039;autobus de luxe \u00e0 Lagos, au Nigeria, qui r\u00e9pondront \u00e0 votre budget et \u00e0 vos besoins.<\/p>\n<h3>Location de bus Hiace \u00e0 Lagos, Nig\u00e9ria<\/h3>\n<p>Si vous envisagez de transf\u00e9rer entre dix et quatorze personnes dans un bus relaxant et climatis\u00e9 avec toutes les sp\u00e9cifications d&#039;usine, louez un autocar de luxe \u00e0 Lagos, au Nigeria, pour les ramassages et les d\u00e9barquements quotidiens du personnel dans la m\u00e9tropole de Lagos.<\/p>\n<p>La prise en charge des invit\u00e9s arrivant de l&#039;a\u00e9roport et le voyage relaxant pour vos visiteurs font \u00e9galement partie de leurs services. Selon votre choix de budget et de bus, vous pouvez louer un autocar \u00e0 Lagos, au Nigeria ou un bus d&#039;occasion \u00e0 diff\u00e9rents prix.<\/p>\n<h3>Location de bus Coaster \u00e0 Lagos, Nigeria<\/h3>\n<p>Louez une location d&#039;autocar \u00e0 Lagos, Nigeria Afrique du Sud plus de quatorze voyageurs et quelques bagages \u00e0 transporter. Les bus Coaster sont pratiquement devenus une partie ins\u00e9parable du patrimoine commercial de Lagos et ravissent les navetteurs.<\/p>\n<p>La plupart des entreprises fournissent des services touristiques, des services de navette a\u00e9roport et d&#039;autres utilisations uniques avec des bus de montagnes russes. En fonction de votre choix de bus et de votre budget, vous pouvez louer un sous-verre neuf ou d&#039;occasion de marque \u00e0 diff\u00e9rents prix.<\/p>\n<h2>Location d&#039;autocar ou de minibus Lagos, Nigeria<\/h2>\n<h4>Comment r\u00e9server un bus \u00e0 Lagos, Nigeria :<\/h4>\n<p>De toute fa\u00e7on, le processus de location d&#039;un bus \u00e0 Lagos, au Nigeria, n&#039;a pas besoin d&#039;\u00eatre une exp\u00e9rience stressante. En fait, cela peut \u00eatre agr\u00e9able.<\/p>\n<h3>Combien co\u00fbte la location d&#039;un bus de luxe \u00e0 Lagos, Nigeria ?<\/h3>\n<p>Incroyable question\u00a0! La r\u00e9ponse va \u00eatre un peu diff\u00e9rente avec chaque ensemble de circonstances. Les choses influenceront le prix seront:<\/p>\n<p>\u2022 Le niveau de d\u00e9tente de votre bus<br \/>\n\u2022 Le nombre de personnes voyageant<br \/>\n\u2022 Autres commodit\u00e9s<br \/>\n\u2022 La distance parcourue<\/p>\n<h3>De quels d\u00e9tails ai-je besoin pour r\u00e9server une location de bus Lagos, Nigeria ?<\/h3>\n<p>\u2022 Pour commencer, vous n&#039;avez besoin que de quelques d\u00e9tails simples\u00a0:<br \/>\n\u2022   Lieu de d\u00e9part<br \/>\n\u2022 Combien de passagers voyagent<br \/>\n\u2022   Votre destination<br \/>\n\u2022 Si vous avez besoin ou non d&#039;un aller-retour<\/p>\n<h3>Comment r\u00e9server ma location d&#039;autobus charter Lagos, Nigeria ?<\/h3>\n<p>Vous n&#039;aurez pas \u00e0 effectuer de paiement jusqu&#039;\u00e0 vingt et un jours avant votre voyage, et vous serez en mesure d&#039;\u00e9laborer plus de d\u00e9tails.<\/p>","protected":false},"excerpt":{"rendered":"<p>Cheap Bus Rental in Lagos, Nigeria Compare prices and rent a minibus, coach or bus in Lagos, Nigeria online now &gt;&gt; Cheap minibus, coach\u00a0and bus\u00a0hire in Lagos\u00a0Nigeria made easy.\u00a0Do online minibus, coach\u00a0and bus rental in Lagos, Nigeria and save time and money. Minibus,\u00a0Coach &amp; Bus Hire in Lagos\u00a0Nigeria FAQs Do you need a cheap bus [&hellip;]<\/p>\n","protected":false},"author":1,"featured_media":13999,"parent":0,"menu_order":0,"comment_status":"open","ping_status":"closed","template":"template-home-modern.php","meta":{"footnotes":""},"class_list":["post-11243","page","type-page","status-publish","has-post-thumbnail","hentry"],"yoast_head":"<!-- This site is optimized with the Yoast SEO plugin v27.2 - https:\/\/yoast.com\/product\/yoast-seo-wordpress\/ -->\n<title>Bus Hire in Lagos Nigeria - Cheap Coach &amp; Minibus Rentals<\/title>\n<meta name=\"description\" content=\"Looking for online minibus, coach\u00a0and bus hire in Lagos Nigeria? Compare prices and do cheap minibus, coach\u00a0and bus rental Lagos, Nigeria online\" \/>\n<meta name=\"robots\" content=\"index, follow, max-snippet:-1, max-image-preview:large, max-video-preview:-1\" \/>\n<link rel=\"canonical\" href=\"https:\/\/tiketi.com\/fr-fr\/coach-mini-bus-hire-lagos-nigeria\/\" \/>\n<meta property=\"og:locale\" content=\"fr_FR\" \/>\n<meta property=\"og:type\" content=\"article\" \/>\n<meta property=\"og:title\" content=\"Bus Hire in Lagos Nigeria - Cheap Coach &amp; Minibus Rentals\" \/>\n<meta property=\"og:description\" content=\"Looking for online minibus, coach\u00a0and bus hire in Lagos Nigeria? Compare prices and do cheap minibus, coach\u00a0and bus rental Lagos, Nigeria online\" \/>\n<meta property=\"og:url\" content=\"https:\/\/tiketi.com\/fr-fr\/coach-mini-bus-hire-lagos-nigeria\/\" \/>\n<meta property=\"og:site_name\" content=\"Tiketi.com\" \/>\n<meta property=\"article:publisher\" content=\"https:\/\/www.facebook.com\/TiketiCom\/\" \/>\n<meta property=\"article:modified_time\" content=\"2022-01-31T16:18:04+00:00\" \/>\n<meta property=\"og:image\" content=\"https:\/\/tiketi.com\/wp-content\/uploads\/2022\/01\/bus-ticket-online-booking.jpg\" \/>\n\t<meta property=\"og:image:width\" content=\"1200\" \/>\n\t<meta property=\"og:image:height\" content=\"206\" \/>\n\t<meta property=\"og:image:type\" content=\"image\/jpeg\" \/>\n<meta name=\"twitter:card\" content=\"summary_large_image\" \/>\n<meta name=\"twitter:label1\" content=\"Dur\u00e9e de lecture estim\u00e9e\" \/>\n\t<meta name=\"twitter:data1\" content=\"2 minutes\" \/>\n<script type=\"application\/ld+json\" class=\"yoast-schema-graph\">{\"@context\":\"https:\/\/schema.org\",\"@graph\":[{\"@type\":\"WebPage\",\"@id\":\"https:\/\/tiketi.com\/coach-mini-bus-hire-lagos-nigeria\/\",\"url\":\"https:\/\/tiketi.com\/coach-mini-bus-hire-lagos-nigeria\/\",\"name\":\"Bus Hire in Lagos Nigeria - Cheap Coach & Minibus Rentals\",\"isPartOf\":{\"@id\":\"https:\/\/tiketi.com\/#website\"},\"primaryImageOfPage\":{\"@id\":\"https:\/\/tiketi.com\/coach-mini-bus-hire-lagos-nigeria\/#primaryimage\"},\"image\":{\"@id\":\"https:\/\/tiketi.com\/coach-mini-bus-hire-lagos-nigeria\/#primaryimage\"},\"thumbnailUrl\":\"https:\/\/tiketi.com\/wp-content\/uploads\/2022\/01\/bus-ticket-online-booking.jpg\",\"datePublished\":\"2022-01-19T11:54:24+00:00\",\"dateModified\":\"2022-01-31T16:18:04+00:00\",\"description\":\"Looking for online minibus, coach\u00a0and bus hire in Lagos Nigeria? Compare prices and do cheap minibus, coach\u00a0and bus rental Lagos, Nigeria online\",\"breadcrumb\":{\"@id\":\"https:\/\/tiketi.com\/coach-mini-bus-hire-lagos-nigeria\/#breadcrumb\"},\"inLanguage\":\"fr-FR\",\"potentialAction\":[{\"@type\":\"ReadAction\",\"target\":[\"https:\/\/tiketi.com\/coach-mini-bus-hire-lagos-nigeria\/\"]}]},{\"@type\":\"ImageObject\",\"inLanguage\":\"fr-FR\",\"@id\":\"https:\/\/tiketi.com\/coach-mini-bus-hire-lagos-nigeria\/#primaryimage\",\"url\":\"https:\/\/tiketi.com\/wp-content\/uploads\/2022\/01\/bus-ticket-online-booking.jpg\",\"contentUrl\":\"https:\/\/tiketi.com\/wp-content\/uploads\/2022\/01\/bus-ticket-online-booking.jpg\",\"width\":1200,\"height\":206,\"caption\":\"Online Bus Ticket Booking\"},{\"@type\":\"BreadcrumbList\",\"@id\":\"https:\/\/tiketi.com\/coach-mini-bus-hire-lagos-nigeria\/#breadcrumb\",\"itemListElement\":[{\"@type\":\"ListItem\",\"position\":1,\"name\":\"Home\",\"item\":\"https:\/\/tiketi.com\/\"},{\"@type\":\"ListItem\",\"position\":2,\"name\":\"Bus Hire in Lagos Nigeria &#8211; Cheap Coach &#038; Minibus Rentals\"}]},{\"@type\":\"WebSite\",\"@id\":\"https:\/\/tiketi.com\/#website\",\"url\":\"https:\/\/tiketi.com\/\",\"name\":\"Flight & Bus Tickets, Tour Packages & Activitites - Tiketi.com\",\"description\":\"Flight &amp; Bus Tickets, Tours, Activitites\",\"publisher\":{\"@id\":\"https:\/\/tiketi.com\/#organization\"},\"potentialAction\":[{\"@type\":\"SearchAction\",\"target\":{\"@type\":\"EntryPoint\",\"urlTemplate\":\"https:\/\/tiketi.com\/?s={search_term_string}\"},\"query-input\":{\"@type\":\"PropertyValueSpecification\",\"valueRequired\":true,\"valueName\":\"search_term_string\"}}],\"inLanguage\":\"fr-FR\"},{\"@type\":\"Organization\",\"@id\":\"https:\/\/tiketi.com\/#organization\",\"name\":\"Tiketi.com\",\"alternateName\":\"Tiketi\",\"url\":\"https:\/\/tiketi.com\/\",\"logo\":{\"@type\":\"ImageObject\",\"inLanguage\":\"fr-FR\",\"@id\":\"https:\/\/tiketi.com\/#\/schema\/logo\/image\/\",\"url\":\"https:\/\/tiketi.com\/wp-content\/uploads\/2019\/05\/tiketi-logo-696.png\",\"contentUrl\":\"https:\/\/tiketi.com\/wp-content\/uploads\/2019\/05\/tiketi-logo-696.png\",\"width\":696,\"height\":696,\"caption\":\"Tiketi.com\"},\"image\":{\"@id\":\"https:\/\/tiketi.com\/#\/schema\/logo\/image\/\"},\"sameAs\":[\"https:\/\/www.facebook.com\/TiketiCom\/\"]}]}<\/script>\n<!-- \/ Yoast SEO plugin. -->","yoast_head_json":{"title":"Location d&#039;autobus \u00e0 Lagos au Nigeria - Location d&#039;autocars et de minibus \u00e0 bas prix","description":"Vous recherchez une location de minibus, d&#039;autocar et d&#039;autobus en ligne \u00e0 Lagos Nigeria ? Comparez les prix et faites une location de minibus, d&#039;autocar et d&#039;autobus pas cher \u00e0 Lagos, Nig\u00e9ria en ligne","robots":{"index":"index","follow":"follow","max-snippet":"max-snippet:-1","max-image-preview":"max-image-preview:large","max-video-preview":"max-video-preview:-1"},"canonical":"https:\/\/tiketi.com\/fr-fr\/coach-mini-bus-hire-lagos-nigeria\/","og_locale":"fr_FR","og_type":"article","og_title":"Bus Hire in Lagos Nigeria - Cheap Coach & Minibus Rentals","og_description":"Looking for online minibus, coach\u00a0and bus hire in Lagos Nigeria? Compare prices and do cheap minibus, coach\u00a0and bus rental Lagos, Nigeria online","og_url":"https:\/\/tiketi.com\/fr-fr\/coach-mini-bus-hire-lagos-nigeria\/","og_site_name":"Tiketi.com","article_publisher":"https:\/\/www.facebook.com\/TiketiCom\/","article_modified_time":"2022-01-31T16:18:04+00:00","og_image":[{"width":1200,"height":206,"url":"https:\/\/tiketi.com\/wp-content\/uploads\/2022\/01\/bus-ticket-online-booking.jpg","type":"image\/jpeg"}],"twitter_card":"summary_large_image","twitter_misc":{"Dur\u00e9e de lecture estim\u00e9e":"2 minutes"},"schema":{"@context":"https:\/\/schema.org","@graph":[{"@type":"WebPage","@id":"https:\/\/tiketi.com\/coach-mini-bus-hire-lagos-nigeria\/","url":"https:\/\/tiketi.com\/coach-mini-bus-hire-lagos-nigeria\/","name":"Location d&#039;autobus \u00e0 Lagos au Nigeria - Location d&#039;autocars et de minibus \u00e0 bas prix","isPartOf":{"@id":"https:\/\/tiketi.com\/#website"},"primaryImageOfPage":{"@id":"https:\/\/tiketi.com\/coach-mini-bus-hire-lagos-nigeria\/#primaryimage"},"image":{"@id":"https:\/\/tiketi.com\/coach-mini-bus-hire-lagos-nigeria\/#primaryimage"},"thumbnailUrl":"https:\/\/tiketi.com\/wp-content\/uploads\/2022\/01\/bus-ticket-online-booking.jpg","datePublished":"2022-01-19T11:54:24+00:00","dateModified":"2022-01-31T16:18:04+00:00","description":"Vous recherchez une location de minibus, d&#039;autocar et d&#039;autobus en ligne \u00e0 Lagos Nigeria ? Comparez les prix et faites une location de minibus, d&#039;autocar et d&#039;autobus pas cher \u00e0 Lagos, Nig\u00e9ria en ligne","breadcrumb":{"@id":"https:\/\/tiketi.com\/coach-mini-bus-hire-lagos-nigeria\/#breadcrumb"},"inLanguage":"fr-FR","potentialAction":[{"@type":"ReadAction","target":["https:\/\/tiketi.com\/coach-mini-bus-hire-lagos-nigeria\/"]}]},{"@type":"ImageObject","inLanguage":"fr-FR","@id":"https:\/\/tiketi.com\/coach-mini-bus-hire-lagos-nigeria\/#primaryimage","url":"https:\/\/tiketi.com\/wp-content\/uploads\/2022\/01\/bus-ticket-online-booking.jpg","contentUrl":"https:\/\/tiketi.com\/wp-content\/uploads\/2022\/01\/bus-ticket-online-booking.jpg","width":1200,"height":206,"caption":"Online Bus Ticket Booking"},{"@type":"BreadcrumbList","@id":"https:\/\/tiketi.com\/coach-mini-bus-hire-lagos-nigeria\/#breadcrumb","itemListElement":[{"@type":"ListItem","position":1,"name":"Home","item":"https:\/\/tiketi.com\/"},{"@type":"ListItem","position":2,"name":"Bus Hire in Lagos Nigeria &#8211; Cheap Coach &#038; Minibus Rentals"}]},{"@type":"WebSite","@id":"https:\/\/tiketi.com\/#website","url":"https:\/\/tiketi.com\/","name":"Billets d&#039;avion et de bus, forfaits touristiques et activit\u00e9s - Tiketi.com","description":"Billets d&#039;avion et de bus, Tours, Activit\u00e9s","publisher":{"@id":"https:\/\/tiketi.com\/#organization"},"potentialAction":[{"@type":"SearchAction","target":{"@type":"EntryPoint","urlTemplate":"https:\/\/tiketi.com\/?s={search_term_string}"},"query-input":{"@type":"PropertyValueSpecification","valueRequired":true,"valueName":"search_term_string"}}],"inLanguage":"fr-FR"},{"@type":"Organization","@id":"https:\/\/tiketi.com\/#organization","name":"Tiketi.com","alternateName":"Tiketi","url":"https:\/\/tiketi.com\/","logo":{"@type":"ImageObject","inLanguage":"fr-FR","@id":"https:\/\/tiketi.com\/#\/schema\/logo\/image\/","url":"https:\/\/tiketi.com\/wp-content\/uploads\/2019\/05\/tiketi-logo-696.png","contentUrl":"https:\/\/tiketi.com\/wp-content\/uploads\/2019\/05\/tiketi-logo-696.png","width":696,"height":696,"caption":"Tiketi.com"},"image":{"@id":"https:\/\/tiketi.com\/#\/schema\/logo\/image\/"},"sameAs":["https:\/\/www.facebook.com\/TiketiCom\/"]}]}},"_links":{"self":[{"href":"https:\/\/tiketi.com\/fr-fr\/wp-json\/wp\/v2\/pages\/11243","targetHints":{"allow":["GET"]}}],"collection":[{"href":"https:\/\/tiketi.com\/fr-fr\/wp-json\/wp\/v2\/pages"}],"about":[{"href":"https:\/\/tiketi.com\/fr-fr\/wp-json\/wp\/v2\/types\/page"}],"author":[{"embeddable":true,"href":"https:\/\/tiketi.com\/fr-fr\/wp-json\/wp\/v2\/users\/1"}],"replies":[{"embeddable":true,"href":"https:\/\/tiketi.com\/fr-fr\/wp-json\/wp\/v2\/comments?post=11243"}],"version-history":[{"count":0,"href":"https:\/\/tiketi.com\/fr-fr\/wp-json\/wp\/v2\/pages\/11243\/revisions"}],"wp:featuredmedia":[{"embeddable":true,"href":"https:\/\/tiketi.com\/fr-fr\/wp-json\/wp\/v2\/media\/13999"}],"wp:attachment":[{"href":"https:\/\/tiketi.com\/fr-fr\/wp-json\/wp\/v2\/media?parent=11243"}],"curies":[{"name":"wp","href":"https:\/\/api.w.org\/{rel}","templated":true}]}}