{"id":11246,"date":"2022-01-19T12:54:24","date_gmt":"2022-01-19T11:54:24","guid":{"rendered":"https:\/\/new.tiketi.com\/bus-hire-gauteng-cheap-coach-minibus-rentals\/"},"modified":"2022-01-31T17:14:46","modified_gmt":"2022-01-31T16:14:46","slug":"coach-mini-bus-hire-gauteng","status":"publish","type":"page","link":"https:\/\/tiketi.com\/fr-fr\/coach-mini-bus-hire-gauteng\/","title":{"rendered":"Location de bus dans le Gauteng - Location d&#039;autocars et de minibus \u00e0 bas prix"},"content":{"rendered":"<h2>Location de bus pas cher Gauteng<\/h2>\n<h3>Comparez les prix et louez un minibus, autocar ou autobus \u00e0 Gauteng en ligne <a href=\"https:\/\/tiketi.com\/fr-fr\/contact-us\/\">\u00e0 pr\u00e9sent<\/a>.<\/h3>\n<p>La location de minibus, d&#039;autocar et d&#039;autobus \u00e0 bas prix dans le Gauteng devient facile. Le Gauteng est la petite province sud-africaine, situ\u00e9e sur un plateau au nord-est du pays. C&#039;est sans doute la plus vitale du pays car elle abrite les deux grandes villes d&#039;affaires de Pretoria et Johannesburg, ainsi que le plus grand canton, Soweto. Il y a un peu plus de cent ans, il n&#039;y avait rien dans le Gauteng. Puis quelqu&#039;un a d\u00e9couvert de l&#039;or et la moiti\u00e9 du continent s&#039;est pr\u00e9cipit\u00e9 dans la r\u00e9gion pour faire fortune. Certains habitants fouillent encore dans les tas de scories en esp\u00e9rant une p\u00e9pite d&#039;or. Faites une location de minibus, d&#039;autocar ou d&#039;autobus pas cher Gauteng en ligne maintenant.<\/p>\n<h2>FAQ sur la location de minibus, d&#039;autocars et d&#039;autobus dans le Gauteng<\/h2>\n<h3>Comment louer un bus dans le Gauteng<\/h3>\n<p>La location d&#039;autocars \u00e0 Gauteng devient rapidement un choix de transport r\u00e9put\u00e9 pour les personnes voyageant en groupe. La location d&#039;autocars de luxe Gauteng est un choix parfait pour les longues distances telles que les transferts a\u00e9roport, les \u00e9v\u00e9nements sportifs, les voyages scolaires, les visites de la ville et autres. Bien que l&#039;on puisse penser que la location d&#039;autocars \u00e0 Gauteng est une option co\u00fbteuse, la r\u00e9alit\u00e9 est qu&#039;elle est g\u00e9n\u00e9ralement beaucoup plus abordable car le co\u00fbt peut \u00eatre r\u00e9parti entre un groupe et est g\u00e9n\u00e9ralement beaucoup plus abordable que la location d&#039;un v\u00e9hicule plus petit.<\/p>\n<h3>Location d&#039;autobus longue distance<\/h3>\n<p>Avant de r\u00e9server un voyage longue distance avec une compagnie d&#039;autocars, il convient de v\u00e9rifier la client\u00e8le et la r\u00e9putation de la compagnie. Une entreprise bien \u00e9tablie promet pour toujours que votre v\u00e9hicule sera l\u00e0 \u00e0 temps. Contrairement aux voyages en transports en commun qui doivent s&#039;arr\u00eater \u00e0 certains points, les soci\u00e9t\u00e9s de location d&#039;autocars dans le Gauteng en Afrique du Sud conduisent les groupes \u00e0 leur destination sans avoir \u00e0 faire d&#039;arr\u00eat.<\/p>\n<h3>Location de bus pas cher Gauteng<\/h3>\n<p>Si vous organisez un \u00e9v\u00e9nement sp\u00e9cial ou une conf\u00e9rence, une \u00e9quipe hautement professionnelle vous aidera \u00e0 planifier et planifier un entra\u00eeneur pour votre \u00e9v\u00e9nement, et promettra que les participants seront transport\u00e9s dans le confort et le style. De plus, vous pouvez organiser des boissons et de la nourriture telles que des collations et un brunch sont servis \u00e0 bord pendant le transport, une soci\u00e9t\u00e9 de location de bus bon march\u00e9 tr\u00e8s appr\u00e9ci\u00e9e du Gauteng vous offrira la meilleure solution de transport.<\/p>\n<p>En plus de ces services, il existe \u00e9galement un service de location de bus de f\u00eate pas cher \u00e0 Gauteng, des visites guid\u00e9es d&#039;une journ\u00e9e, des offres longue distance qui contiennent des safaris dans la r\u00e9serve de chasse Big 5. Il existe des excursions d&#039;une journ\u00e9e telles que la visite de Soweto accessible o\u00f9 vous aurez la chance de d\u00e9couvrir l&#039;histoire particuli\u00e8re et de visiter la maison de Nelson Mandela et le m\u00e9morial Hector Peterson. Faites un voyage autour du r\u00e9cif aurif\u00e8re le plus riche du monde \u00e0 Johannesburg, qui est le centre anim\u00e9 de Gauteng.<\/p>","protected":false},"excerpt":{"rendered":"<p>Cheap Bus Rental\u00a0Gauteng Compare prices and rent a minibus, coach or bus in Gauteng online now. Cheap minibus, coach and bus hire in Gauteng made easy. Gauteng is the little South African province, placed on plateau in the North East of the country. It is arguably the country&#8217;s most vital as it is home to [&hellip;]<\/p>\n","protected":false},"author":1,"featured_media":13999,"parent":0,"menu_order":0,"comment_status":"open","ping_status":"closed","template":"template-home-modern.php","meta":{"footnotes":""},"class_list":["post-11246","page","type-page","status-publish","has-post-thumbnail","hentry"],"yoast_head":"<!-- This site is optimized with the Yoast SEO plugin v27.2 - https:\/\/yoast.com\/product\/yoast-seo-wordpress\/ -->\n<title>Bus Hire in Gauteng - Cheap Coach &amp; Minibus Rentals<\/title>\n<meta name=\"description\" content=\"Looking for online coach, minibus &amp; bus hire in Gauteng? Compare prices and do cheap coach, minibus &amp; bus rental Gauteng online now\" \/>\n<meta name=\"robots\" content=\"index, follow, max-snippet:-1, max-image-preview:large, max-video-preview:-1\" \/>\n<link rel=\"canonical\" href=\"https:\/\/tiketi.com\/fr-fr\/coach-mini-bus-hire-gauteng\/\" \/>\n<meta property=\"og:locale\" content=\"fr_FR\" \/>\n<meta property=\"og:type\" content=\"article\" \/>\n<meta property=\"og:title\" content=\"Bus Hire in Gauteng - Cheap Coach &amp; Minibus Rentals\" \/>\n<meta property=\"og:description\" content=\"Looking for online coach, minibus &amp; bus hire in Gauteng? Compare prices and do cheap coach, minibus &amp; bus rental Gauteng online now\" \/>\n<meta property=\"og:url\" content=\"https:\/\/tiketi.com\/fr-fr\/coach-mini-bus-hire-gauteng\/\" \/>\n<meta property=\"og:site_name\" content=\"Tiketi.com\" \/>\n<meta property=\"article:publisher\" content=\"https:\/\/www.facebook.com\/TiketiCom\/\" \/>\n<meta property=\"article:modified_time\" content=\"2022-01-31T16:14:46+00:00\" \/>\n<meta property=\"og:image\" content=\"https:\/\/tiketi.com\/wp-content\/uploads\/2022\/01\/bus-ticket-online-booking.jpg\" \/>\n\t<meta property=\"og:image:width\" content=\"1200\" \/>\n\t<meta property=\"og:image:height\" content=\"206\" \/>\n\t<meta property=\"og:image:type\" content=\"image\/jpeg\" \/>\n<meta name=\"twitter:card\" content=\"summary_large_image\" \/>\n<meta name=\"twitter:label1\" content=\"Dur\u00e9e de lecture estim\u00e9e\" \/>\n\t<meta name=\"twitter:data1\" content=\"2 minutes\" \/>\n<script type=\"application\/ld+json\" class=\"yoast-schema-graph\">{\"@context\":\"https:\/\/schema.org\",\"@graph\":[{\"@type\":\"WebPage\",\"@id\":\"https:\/\/tiketi.com\/sw\/coach-mini-bus-hire-gauteng\/\",\"url\":\"https:\/\/tiketi.com\/sw\/coach-mini-bus-hire-gauteng\/\",\"name\":\"Bus Hire in Gauteng - Cheap Coach & Minibus Rentals\",\"isPartOf\":{\"@id\":\"https:\/\/tiketi.com\/#website\"},\"primaryImageOfPage\":{\"@id\":\"https:\/\/tiketi.com\/sw\/coach-mini-bus-hire-gauteng\/#primaryimage\"},\"image\":{\"@id\":\"https:\/\/tiketi.com\/sw\/coach-mini-bus-hire-gauteng\/#primaryimage\"},\"thumbnailUrl\":\"https:\/\/tiketi.com\/wp-content\/uploads\/2022\/01\/bus-ticket-online-booking.jpg\",\"datePublished\":\"2022-01-19T11:54:24+00:00\",\"dateModified\":\"2022-01-31T16:14:46+00:00\",\"description\":\"Looking for online coach, minibus & bus hire in Gauteng? Compare prices and do cheap coach, minibus & bus rental Gauteng online now\",\"breadcrumb\":{\"@id\":\"https:\/\/tiketi.com\/sw\/coach-mini-bus-hire-gauteng\/#breadcrumb\"},\"inLanguage\":\"fr-FR\",\"potentialAction\":[{\"@type\":\"ReadAction\",\"target\":[\"https:\/\/tiketi.com\/sw\/coach-mini-bus-hire-gauteng\/\"]}]},{\"@type\":\"ImageObject\",\"inLanguage\":\"fr-FR\",\"@id\":\"https:\/\/tiketi.com\/sw\/coach-mini-bus-hire-gauteng\/#primaryimage\",\"url\":\"https:\/\/tiketi.com\/wp-content\/uploads\/2022\/01\/bus-ticket-online-booking.jpg\",\"contentUrl\":\"https:\/\/tiketi.com\/wp-content\/uploads\/2022\/01\/bus-ticket-online-booking.jpg\",\"width\":1200,\"height\":206,\"caption\":\"Online Bus Ticket Booking\"},{\"@type\":\"BreadcrumbList\",\"@id\":\"https:\/\/tiketi.com\/sw\/coach-mini-bus-hire-gauteng\/#breadcrumb\",\"itemListElement\":[{\"@type\":\"ListItem\",\"position\":1,\"name\":\"Home\",\"item\":\"https:\/\/tiketi.com\/\"},{\"@type\":\"ListItem\",\"position\":2,\"name\":\"Bus Hire in Gauteng &#8211; Cheap Coach &#038; Minibus Rentals\"}]},{\"@type\":\"WebSite\",\"@id\":\"https:\/\/tiketi.com\/#website\",\"url\":\"https:\/\/tiketi.com\/\",\"name\":\"Flight & Bus Tickets, Tour Packages & Activitites - Tiketi.com\",\"description\":\"Flight &amp; Bus Tickets, Tours, Activitites\",\"publisher\":{\"@id\":\"https:\/\/tiketi.com\/#organization\"},\"potentialAction\":[{\"@type\":\"SearchAction\",\"target\":{\"@type\":\"EntryPoint\",\"urlTemplate\":\"https:\/\/tiketi.com\/?s={search_term_string}\"},\"query-input\":{\"@type\":\"PropertyValueSpecification\",\"valueRequired\":true,\"valueName\":\"search_term_string\"}}],\"inLanguage\":\"fr-FR\"},{\"@type\":\"Organization\",\"@id\":\"https:\/\/tiketi.com\/#organization\",\"name\":\"Tiketi.com\",\"alternateName\":\"Tiketi\",\"url\":\"https:\/\/tiketi.com\/\",\"logo\":{\"@type\":\"ImageObject\",\"inLanguage\":\"fr-FR\",\"@id\":\"https:\/\/tiketi.com\/#\/schema\/logo\/image\/\",\"url\":\"https:\/\/tiketi.com\/wp-content\/uploads\/2019\/05\/tiketi-logo-696.png\",\"contentUrl\":\"https:\/\/tiketi.com\/wp-content\/uploads\/2019\/05\/tiketi-logo-696.png\",\"width\":696,\"height\":696,\"caption\":\"Tiketi.com\"},\"image\":{\"@id\":\"https:\/\/tiketi.com\/#\/schema\/logo\/image\/\"},\"sameAs\":[\"https:\/\/www.facebook.com\/TiketiCom\/\"]}]}<\/script>\n<!-- \/ Yoast SEO plugin. -->","yoast_head_json":{"title":"Location d&#039;autobus \u00e0 Gauteng - Location d&#039;autocars et de minibus \u00e0 bas prix","description":"Vous recherchez une location d&#039;autocar, de minibus et d&#039;autobus en ligne \u00e0 Gauteng ? Comparez les prix et faites des locations d&#039;autocars, minibus et autobus \u00e0 bas prix Gauteng en ligne maintenant","robots":{"index":"index","follow":"follow","max-snippet":"max-snippet:-1","max-image-preview":"max-image-preview:large","max-video-preview":"max-video-preview:-1"},"canonical":"https:\/\/tiketi.com\/fr-fr\/coach-mini-bus-hire-gauteng\/","og_locale":"fr_FR","og_type":"article","og_title":"Bus Hire in Gauteng - Cheap Coach & Minibus Rentals","og_description":"Looking for online coach, minibus & bus hire in Gauteng? Compare prices and do cheap coach, minibus & bus rental Gauteng online now","og_url":"https:\/\/tiketi.com\/fr-fr\/coach-mini-bus-hire-gauteng\/","og_site_name":"Tiketi.com","article_publisher":"https:\/\/www.facebook.com\/TiketiCom\/","article_modified_time":"2022-01-31T16:14:46+00:00","og_image":[{"width":1200,"height":206,"url":"https:\/\/tiketi.com\/wp-content\/uploads\/2022\/01\/bus-ticket-online-booking.jpg","type":"image\/jpeg"}],"twitter_card":"summary_large_image","twitter_misc":{"Dur\u00e9e de lecture estim\u00e9e":"2 minutes"},"schema":{"@context":"https:\/\/schema.org","@graph":[{"@type":"WebPage","@id":"https:\/\/tiketi.com\/sw\/coach-mini-bus-hire-gauteng\/","url":"https:\/\/tiketi.com\/sw\/coach-mini-bus-hire-gauteng\/","name":"Location d&#039;autobus \u00e0 Gauteng - Location d&#039;autocars et de minibus \u00e0 bas prix","isPartOf":{"@id":"https:\/\/tiketi.com\/#website"},"primaryImageOfPage":{"@id":"https:\/\/tiketi.com\/sw\/coach-mini-bus-hire-gauteng\/#primaryimage"},"image":{"@id":"https:\/\/tiketi.com\/sw\/coach-mini-bus-hire-gauteng\/#primaryimage"},"thumbnailUrl":"https:\/\/tiketi.com\/wp-content\/uploads\/2022\/01\/bus-ticket-online-booking.jpg","datePublished":"2022-01-19T11:54:24+00:00","dateModified":"2022-01-31T16:14:46+00:00","description":"Vous recherchez une location d&#039;autocar, de minibus et d&#039;autobus en ligne \u00e0 Gauteng ? Comparez les prix et faites des locations d&#039;autocars, minibus et autobus \u00e0 bas prix Gauteng en ligne maintenant","breadcrumb":{"@id":"https:\/\/tiketi.com\/sw\/coach-mini-bus-hire-gauteng\/#breadcrumb"},"inLanguage":"fr-FR","potentialAction":[{"@type":"ReadAction","target":["https:\/\/tiketi.com\/sw\/coach-mini-bus-hire-gauteng\/"]}]},{"@type":"ImageObject","inLanguage":"fr-FR","@id":"https:\/\/tiketi.com\/sw\/coach-mini-bus-hire-gauteng\/#primaryimage","url":"https:\/\/tiketi.com\/wp-content\/uploads\/2022\/01\/bus-ticket-online-booking.jpg","contentUrl":"https:\/\/tiketi.com\/wp-content\/uploads\/2022\/01\/bus-ticket-online-booking.jpg","width":1200,"height":206,"caption":"Online Bus Ticket Booking"},{"@type":"BreadcrumbList","@id":"https:\/\/tiketi.com\/sw\/coach-mini-bus-hire-gauteng\/#breadcrumb","itemListElement":[{"@type":"ListItem","position":1,"name":"Home","item":"https:\/\/tiketi.com\/"},{"@type":"ListItem","position":2,"name":"Bus Hire in Gauteng &#8211; Cheap Coach &#038; Minibus Rentals"}]},{"@type":"WebSite","@id":"https:\/\/tiketi.com\/#website","url":"https:\/\/tiketi.com\/","name":"Billets d&#039;avion et de bus, forfaits touristiques et activit\u00e9s - Tiketi.com","description":"Billets d&#039;avion et de bus, Tours, Activit\u00e9s","publisher":{"@id":"https:\/\/tiketi.com\/#organization"},"potentialAction":[{"@type":"SearchAction","target":{"@type":"EntryPoint","urlTemplate":"https:\/\/tiketi.com\/?s={search_term_string}"},"query-input":{"@type":"PropertyValueSpecification","valueRequired":true,"valueName":"search_term_string"}}],"inLanguage":"fr-FR"},{"@type":"Organization","@id":"https:\/\/tiketi.com\/#organization","name":"Tiketi.com","alternateName":"Tiketi","url":"https:\/\/tiketi.com\/","logo":{"@type":"ImageObject","inLanguage":"fr-FR","@id":"https:\/\/tiketi.com\/#\/schema\/logo\/image\/","url":"https:\/\/tiketi.com\/wp-content\/uploads\/2019\/05\/tiketi-logo-696.png","contentUrl":"https:\/\/tiketi.com\/wp-content\/uploads\/2019\/05\/tiketi-logo-696.png","width":696,"height":696,"caption":"Tiketi.com"},"image":{"@id":"https:\/\/tiketi.com\/#\/schema\/logo\/image\/"},"sameAs":["https:\/\/www.facebook.com\/TiketiCom\/"]}]}},"_links":{"self":[{"href":"https:\/\/tiketi.com\/fr-fr\/wp-json\/wp\/v2\/pages\/11246","targetHints":{"allow":["GET"]}}],"collection":[{"href":"https:\/\/tiketi.com\/fr-fr\/wp-json\/wp\/v2\/pages"}],"about":[{"href":"https:\/\/tiketi.com\/fr-fr\/wp-json\/wp\/v2\/types\/page"}],"author":[{"embeddable":true,"href":"https:\/\/tiketi.com\/fr-fr\/wp-json\/wp\/v2\/users\/1"}],"replies":[{"embeddable":true,"href":"https:\/\/tiketi.com\/fr-fr\/wp-json\/wp\/v2\/comments?post=11246"}],"version-history":[{"count":0,"href":"https:\/\/tiketi.com\/fr-fr\/wp-json\/wp\/v2\/pages\/11246\/revisions"}],"wp:featuredmedia":[{"embeddable":true,"href":"https:\/\/tiketi.com\/fr-fr\/wp-json\/wp\/v2\/media\/13999"}],"wp:attachment":[{"href":"https:\/\/tiketi.com\/fr-fr\/wp-json\/wp\/v2\/media?parent=11246"}],"curies":[{"name":"wp","href":"https:\/\/api.w.org\/{rel}","templated":true}]}}